{"id":10732,"date":"2021-10-28T17:46:35","date_gmt":"2021-10-28T17:46:35","guid":{"rendered":"https:\/\/techmastermx.ddns.net\/producto\/sv-c4500cnc-hybrid-type1a-mm-x200mm-z2500mm-cps2525-y-axis\/"},"modified":"2022-05-12T04:23:02","modified_gmt":"2022-05-12T04:23:02","slug":"sv-c4500cnc-hybrid-type1a-mm-x200mm-z2500mm-cps2525-y-axis","status":"publish","type":"product","link":"https:\/\/techmasterdemexico.com\/en\/producto\/sv-c4500cnc-hybrid-type1a-mm-x200mm-z2500mm-cps2525-y-axis\/","title":{"rendered":"SV-C4500CNC Hybrid Type1A [mm], X=200mm; Z2=500mm; CPS2525, Y-axis"},"content":{"rendered":"<p>SV-C4500CNC Hybrid Type1A [mm]<br \/>\nX=200mm; Z2=500mm; CPS2525, Y-axis<br \/>\nN\u00famero de art\u00edculo: 525-676-12<\/p>\n<p>&nbsp;<\/p>\n<p>Este sistema de medici\u00f3n est\u00e1 equipado con un detector de rugosidad, un detector de perfil y un sensor de punto crom\u00e1tico confocal (CPS) que emplea aberraci\u00f3n crom\u00e1tica axial. Realiza mediciones de perfil y rugosidad sin contacto en piezas con superficies muy inclinadas y materiales blandos.<\/p>\n<p>&nbsp;<\/p>\n<p>El Formtracer Extreme SV-C4500CNC Hybrid Tipo 1 le ofrece los siguientes beneficios:<\/p>\n<ul>\n<li>Potente como tres instrumentos CNC totalmente independientes.<\/li>\n<li>Instrumento de medici\u00f3n de superficies y perfiles totalmente CNC de alta exactitud.<\/li>\n<li>Medici\u00f3n sin contacto y con contacto combinada en un solo instrumento.<\/li>\n<li>Dos tipos de m\u00e1quina con diferentes sensores CPS disponibles, seg\u00fan el rango de medici\u00f3n y la resoluci\u00f3n.<\/li>\n<li>Velocidad de desplazamiento de hasta 200 mm \/ s en todos los ejes.<\/li>\n<li>Aislador de vibraciones como est\u00e1ndar<\/li>\n<\/ul>\n","protected":false},"excerpt":{"rendered":"<ul>\n<li>Modelo:<br \/>\nType 1A<\/li>\n<li>Rugosidad:<br \/>\n0,75 mN<\/li>\n<li>Contour:<br \/>\nDual contour stylus<\/li>\n<li>Non-contact:<br \/>\nCPS2525<\/li>\n<\/ul>\n","protected":false},"featured_media":11313,"template":"","meta":{"_acf_changed":false},"pwb-brand":[39],"product_brand":[],"product_cat":[366,328,38,326],"product_tag":[],"class_list":{"0":"post-10732","1":"product","2":"type-product","3":"status-publish","4":"has-post-thumbnail","6":"pwb-brand-mitutoyo","7":"product_cat-todos-los-productos","8":"product_cat-formtracer-instrumentos-para-medicion-de-perfil-y-rugosidad","9":"product_cat-mitutoyo","10":"product_cat-sistemas-de-medicion-de-forma","12":"first","13":"instock","14":"taxable","15":"shipping-taxable","16":"product-type-simple"},"acf":[],"yoast_head":"<!-- This site is optimized with the Yoast SEO plugin v27.4 - https:\/\/yoast.com\/product\/yoast-seo-wordpress\/ -->\n<title>SV-C4500CNC Hybrid Type1A [mm], X=200mm; Z2=500mm; CPS2525, Y-axis - Techmaster de Mexico<\/title>\n<meta name=\"robots\" content=\"index, follow, max-snippet:-1, max-image-preview:large, max-video-preview:-1\" \/>\n<link rel=\"canonical\" href=\"https:\/\/techmasterdemexico.com\/en\/producto\/sv-c4500cnc-hybrid-type1a-mm-x200mm-z2500mm-cps2525-y-axis\/\" \/>\n<meta property=\"og:locale\" content=\"en_US\" \/>\n<meta property=\"og:type\" content=\"article\" \/>\n<meta property=\"og:title\" content=\"SV-C4500CNC Hybrid Type1A [mm], X=200mm; Z2=500mm; CPS2525, Y-axis - Techmaster de Mexico\" \/>\n<meta property=\"og:description\" content=\"Modelo: Type 1A  Rugosidad: 0,75 mN  Contour: Dual contour stylus  Non-contact: CPS2525\" \/>\n<meta property=\"og:url\" content=\"https:\/\/techmasterdemexico.com\/en\/producto\/sv-c4500cnc-hybrid-type1a-mm-x200mm-z2500mm-cps2525-y-axis\/\" \/>\n<meta property=\"og:site_name\" content=\"Techmaster de Mexico\" \/>\n<meta property=\"article:modified_time\" content=\"2022-05-12T04:23:02+00:00\" \/>\n<meta property=\"og:image\" content=\"https:\/\/techmasterdemexico.com\/wp-content\/uploads\/2021\/10\/525-686-1d_z1_eps.jpg\" \/>\n\t<meta property=\"og:image:width\" content=\"800\" \/>\n\t<meta property=\"og:image:height\" content=\"800\" \/>\n\t<meta property=\"og:image:type\" content=\"image\/jpeg\" \/>\n<meta name=\"twitter:card\" content=\"summary_large_image\" \/>\n<meta name=\"twitter:label1\" content=\"Est. reading time\" \/>\n\t<meta name=\"twitter:data1\" content=\"1 minute\" \/>\n<script type=\"application\/ld+json\" class=\"yoast-schema-graph\">{\"@context\":\"https:\\\/\\\/schema.org\",\"@graph\":[{\"@type\":\"WebPage\",\"@id\":\"https:\\\/\\\/techmasterdemexico.com\\\/en\\\/producto\\\/sv-c4500cnc-hybrid-type1a-mm-x200mm-z2500mm-cps2525-y-axis\\\/\",\"url\":\"https:\\\/\\\/techmasterdemexico.com\\\/en\\\/producto\\\/sv-c4500cnc-hybrid-type1a-mm-x200mm-z2500mm-cps2525-y-axis\\\/\",\"name\":\"SV-C4500CNC Hybrid Type1A [mm], X=200mm; Z2=500mm; CPS2525, Y-axis - Techmaster de Mexico\",\"isPartOf\":{\"@id\":\"https:\\\/\\\/techmasterdemexico.com\\\/#website\"},\"primaryImageOfPage\":{\"@id\":\"https:\\\/\\\/techmasterdemexico.com\\\/en\\\/producto\\\/sv-c4500cnc-hybrid-type1a-mm-x200mm-z2500mm-cps2525-y-axis\\\/#primaryimage\"},\"image\":{\"@id\":\"https:\\\/\\\/techmasterdemexico.com\\\/en\\\/producto\\\/sv-c4500cnc-hybrid-type1a-mm-x200mm-z2500mm-cps2525-y-axis\\\/#primaryimage\"},\"thumbnailUrl\":\"https:\\\/\\\/techmasterdemexico.com\\\/wp-content\\\/uploads\\\/2021\\\/10\\\/525-686-1d_z1_eps.jpg\",\"datePublished\":\"2021-10-28T17:46:35+00:00\",\"dateModified\":\"2022-05-12T04:23:02+00:00\",\"breadcrumb\":{\"@id\":\"https:\\\/\\\/techmasterdemexico.com\\\/en\\\/producto\\\/sv-c4500cnc-hybrid-type1a-mm-x200mm-z2500mm-cps2525-y-axis\\\/#breadcrumb\"},\"inLanguage\":\"en-US\",\"potentialAction\":[{\"@type\":\"ReadAction\",\"target\":[\"https:\\\/\\\/techmasterdemexico.com\\\/en\\\/producto\\\/sv-c4500cnc-hybrid-type1a-mm-x200mm-z2500mm-cps2525-y-axis\\\/\"]}]},{\"@type\":\"ImageObject\",\"inLanguage\":\"en-US\",\"@id\":\"https:\\\/\\\/techmasterdemexico.com\\\/en\\\/producto\\\/sv-c4500cnc-hybrid-type1a-mm-x200mm-z2500mm-cps2525-y-axis\\\/#primaryimage\",\"url\":\"https:\\\/\\\/techmasterdemexico.com\\\/wp-content\\\/uploads\\\/2021\\\/10\\\/525-686-1d_z1_eps.jpg\",\"contentUrl\":\"https:\\\/\\\/techmasterdemexico.com\\\/wp-content\\\/uploads\\\/2021\\\/10\\\/525-686-1d_z1_eps.jpg\",\"width\":800,\"height\":800},{\"@type\":\"BreadcrumbList\",\"@id\":\"https:\\\/\\\/techmasterdemexico.com\\\/en\\\/producto\\\/sv-c4500cnc-hybrid-type1a-mm-x200mm-z2500mm-cps2525-y-axis\\\/#breadcrumb\",\"itemListElement\":[{\"@type\":\"ListItem\",\"position\":1,\"name\":\"Portada\",\"item\":\"https:\\\/\\\/techmasterdemexico.com\\\/\"},{\"@type\":\"ListItem\",\"position\":2,\"name\":\"SV-C4500CNC Hybrid Type1A [mm], X=200mm; Z2=500mm; CPS2525, Y-axis\"}]},{\"@type\":\"WebSite\",\"@id\":\"https:\\\/\\\/techmasterdemexico.com\\\/#website\",\"url\":\"https:\\\/\\\/techmasterdemexico.com\\\/\",\"name\":\"Techmaster de Mexico\",\"description\":\"\",\"potentialAction\":[{\"@type\":\"SearchAction\",\"target\":{\"@type\":\"EntryPoint\",\"urlTemplate\":\"https:\\\/\\\/techmasterdemexico.com\\\/?s={search_term_string}\"},\"query-input\":{\"@type\":\"PropertyValueSpecification\",\"valueRequired\":true,\"valueName\":\"search_term_string\"}}],\"inLanguage\":\"en-US\"}]}<\/script>\n<!-- \/ Yoast SEO plugin. -->","yoast_head_json":{"title":"SV-C4500CNC Hybrid Type1A [mm], X=200mm; Z2=500mm; CPS2525, Y-axis - Techmaster de Mexico","robots":{"index":"index","follow":"follow","max-snippet":"max-snippet:-1","max-image-preview":"max-image-preview:large","max-video-preview":"max-video-preview:-1"},"canonical":"https:\/\/techmasterdemexico.com\/en\/producto\/sv-c4500cnc-hybrid-type1a-mm-x200mm-z2500mm-cps2525-y-axis\/","og_locale":"en_US","og_type":"article","og_title":"SV-C4500CNC Hybrid Type1A [mm], X=200mm; Z2=500mm; CPS2525, Y-axis - Techmaster de Mexico","og_description":"Modelo: Type 1A  Rugosidad: 0,75 mN  Contour: Dual contour stylus  Non-contact: CPS2525","og_url":"https:\/\/techmasterdemexico.com\/en\/producto\/sv-c4500cnc-hybrid-type1a-mm-x200mm-z2500mm-cps2525-y-axis\/","og_site_name":"Techmaster de Mexico","article_modified_time":"2022-05-12T04:23:02+00:00","og_image":[{"width":800,"height":800,"url":"https:\/\/techmasterdemexico.com\/wp-content\/uploads\/2021\/10\/525-686-1d_z1_eps.jpg","type":"image\/jpeg"}],"twitter_card":"summary_large_image","twitter_misc":{"Est. reading time":"1 minute"},"schema":{"@context":"https:\/\/schema.org","@graph":[{"@type":"WebPage","@id":"https:\/\/techmasterdemexico.com\/en\/producto\/sv-c4500cnc-hybrid-type1a-mm-x200mm-z2500mm-cps2525-y-axis\/","url":"https:\/\/techmasterdemexico.com\/en\/producto\/sv-c4500cnc-hybrid-type1a-mm-x200mm-z2500mm-cps2525-y-axis\/","name":"SV-C4500CNC Hybrid Type1A [mm], X=200mm; Z2=500mm; CPS2525, Y-axis - Techmaster de Mexico","isPartOf":{"@id":"https:\/\/techmasterdemexico.com\/#website"},"primaryImageOfPage":{"@id":"https:\/\/techmasterdemexico.com\/en\/producto\/sv-c4500cnc-hybrid-type1a-mm-x200mm-z2500mm-cps2525-y-axis\/#primaryimage"},"image":{"@id":"https:\/\/techmasterdemexico.com\/en\/producto\/sv-c4500cnc-hybrid-type1a-mm-x200mm-z2500mm-cps2525-y-axis\/#primaryimage"},"thumbnailUrl":"https:\/\/techmasterdemexico.com\/wp-content\/uploads\/2021\/10\/525-686-1d_z1_eps.jpg","datePublished":"2021-10-28T17:46:35+00:00","dateModified":"2022-05-12T04:23:02+00:00","breadcrumb":{"@id":"https:\/\/techmasterdemexico.com\/en\/producto\/sv-c4500cnc-hybrid-type1a-mm-x200mm-z2500mm-cps2525-y-axis\/#breadcrumb"},"inLanguage":"en-US","potentialAction":[{"@type":"ReadAction","target":["https:\/\/techmasterdemexico.com\/en\/producto\/sv-c4500cnc-hybrid-type1a-mm-x200mm-z2500mm-cps2525-y-axis\/"]}]},{"@type":"ImageObject","inLanguage":"en-US","@id":"https:\/\/techmasterdemexico.com\/en\/producto\/sv-c4500cnc-hybrid-type1a-mm-x200mm-z2500mm-cps2525-y-axis\/#primaryimage","url":"https:\/\/techmasterdemexico.com\/wp-content\/uploads\/2021\/10\/525-686-1d_z1_eps.jpg","contentUrl":"https:\/\/techmasterdemexico.com\/wp-content\/uploads\/2021\/10\/525-686-1d_z1_eps.jpg","width":800,"height":800},{"@type":"BreadcrumbList","@id":"https:\/\/techmasterdemexico.com\/en\/producto\/sv-c4500cnc-hybrid-type1a-mm-x200mm-z2500mm-cps2525-y-axis\/#breadcrumb","itemListElement":[{"@type":"ListItem","position":1,"name":"Portada","item":"https:\/\/techmasterdemexico.com\/"},{"@type":"ListItem","position":2,"name":"SV-C4500CNC Hybrid Type1A [mm], X=200mm; Z2=500mm; CPS2525, Y-axis"}]},{"@type":"WebSite","@id":"https:\/\/techmasterdemexico.com\/#website","url":"https:\/\/techmasterdemexico.com\/","name":"Techmaster de Mexico","description":"","potentialAction":[{"@type":"SearchAction","target":{"@type":"EntryPoint","urlTemplate":"https:\/\/techmasterdemexico.com\/?s={search_term_string}"},"query-input":{"@type":"PropertyValueSpecification","valueRequired":true,"valueName":"search_term_string"}}],"inLanguage":"en-US"}]}},"brands":[{"id":39,"name":"Mitutoyo","slug":"mitutoyo"}],"_links":{"self":[{"href":"https:\/\/techmasterdemexico.com\/en\/wp-json\/wp\/v2\/product\/10732","targetHints":{"allow":["GET"]}}],"collection":[{"href":"https:\/\/techmasterdemexico.com\/en\/wp-json\/wp\/v2\/product"}],"about":[{"href":"https:\/\/techmasterdemexico.com\/en\/wp-json\/wp\/v2\/types\/product"}],"wp:featuredmedia":[{"embeddable":true,"href":"https:\/\/techmasterdemexico.com\/en\/wp-json\/wp\/v2\/media\/11313"}],"wp:attachment":[{"href":"https:\/\/techmasterdemexico.com\/en\/wp-json\/wp\/v2\/media?parent=10732"}],"wp:term":[{"taxonomy":"pwb-brand","embeddable":true,"href":"https:\/\/techmasterdemexico.com\/en\/wp-json\/wp\/v2\/pwb-brand?post=10732"},{"taxonomy":"product_brand","embeddable":true,"href":"https:\/\/techmasterdemexico.com\/en\/wp-json\/wp\/v2\/product_brand?post=10732"},{"taxonomy":"product_cat","embeddable":true,"href":"https:\/\/techmasterdemexico.com\/en\/wp-json\/wp\/v2\/product_cat?post=10732"},{"taxonomy":"product_tag","embeddable":true,"href":"https:\/\/techmasterdemexico.com\/en\/wp-json\/wp\/v2\/product_tag?post=10732"}],"curies":[{"name":"wp","href":"https:\/\/api.w.org\/{rel}","templated":true}]}}