{"id":10730,"date":"2021-10-28T17:46:33","date_gmt":"2021-10-28T17:46:33","guid":{"rendered":"https:\/\/techmastermx.ddns.net\/producto\/formtracer-extreme-sv-c4500cnc-h-mm-x200mm-z2500mm-y-axis-%ce%b1\/"},"modified":"2022-05-12T04:23:05","modified_gmt":"2022-05-12T04:23:05","slug":"formtracer-extreme-sv-c4500cnc-h-mm-x200mm-z2500mm-y-axis-%ce%b1","status":"publish","type":"product","link":"https:\/\/techmasterdemexico.com\/en\/producto\/formtracer-extreme-sv-c4500cnc-h-mm-x200mm-z2500mm-y-axis-%ce%b1\/","title":{"rendered":"Formtracer Extreme SV-C4500CNC H [mm], X=200mm; Z2=500mm; Y-axis &#038; \u03b1"},"content":{"rendered":"<p>Formtracer Extreme SV-C4500CNC H [mm]<br \/>\nX=200mm; Z2=500mm; Y-axis &amp; \u03b1<br \/>\nN\u00famero de art\u00edculo: 525-704-12<\/p>\n<p>&nbsp;<\/p>\n<p>Medidor CNC de rugosidad y perfil.<\/p>\n<p>&nbsp;<\/p>\n<p>El Formtracer Extreme SV-C4500CNC le ofrece las siguientes ventajas:<\/p>\n<ul>\n<li>Tan potente como dos equipos CNC independientes.<\/li>\n<li>Medici\u00f3n de largas distancias en eje Z2 para modelos sin eje \u03b1<\/li>\n<li>Velocidad m\u00e1x. de desplazamiento por eje de 200mm\/s.<\/li>\n<li>Sistema dual de palpado para mediciones de perfil<\/li>\n<li>Su fuerza de medici\u00f3n variable, es controlada por el software FORMTRACEPAK.<\/li>\n<li>La unidad detectora de perfil est\u00e1 equipada con un detector de encoder de arco proporcionando gran exactitud y resoluci\u00f3n en el eje Z1.<\/li>\n<li>M\u00e1ximo rendimiento en la medici\u00f3n perfiles m\u00faltiples y tareas de medici\u00f3n de piezas.<\/li>\n<li>La unidad de detecci\u00f3n incorpora un dispositivo de seguridad anti-colisi\u00f3n que provoca paro autom\u00e1tico cuando colisione con la pieza o sistema de sujeci\u00f3n.<\/li>\n<\/ul>\n","protected":false},"excerpt":{"rendered":"<ul>\n<li>Desplazamiento vertical eje Z2<br \/>\n[mm]:<br \/>\n500<\/li>\n<li>Y-axis table unit:<br \/>\nInstalled<\/li>\n<li>Unidad eje \u03b1:<br \/>\nInstalled<\/li>\n<li>Intervalo de Medici\u00f3n:<br \/>\nZ2= [S] 300 mm \/ [H] 500 mm<\/li>\n<li>Velocidad de medici\u00f3n:<br \/>\n0.02 &#8211; 2 mm\/s<\/li>\n<li>Velocidad de movimiento:<br \/>\nModo CNC: m\u00e1x. 200 mm\/s<br \/>\nJoystick: 0-50 mm\/s<\/li>\n<li>Exactitud:\n<ul>\n<li>X= (0,8 +4L\/200) \u00b5m<br \/>\n[ L: Longitud (mm)]<\/li>\n<li>Z1= (0,8 + I2HI\/100) \u00b5m<br \/>\n[ H: Altura de medici\u00f3n desde la posici\u00f3n horizontal (mm)]<\/li>\n<li>Modelo sin eje \u03b1:<br \/>\nZ2= (1,5 + 10HI1000) \u00b5m<\/li>\n<\/ul>\n<\/li>\n<li>Rango de inclinaci\u00f3n:<br \/>\n-45\u00b0 (CCW) to +10\u00b0 (CW)<\/li>\n<li>Software:<br \/>\nFORMTRACEPAK<\/p>\n<ul>\n<li>Permite el control de las condiciones de medici\u00f3n para realizar una medici\u00f3n automatizada eficiente.<\/li>\n<li>Puede realizar la evaluaci\u00f3n del contorno utilizando an\u00e1lisis de diferencias de nivel, \u00e1ngulo, inclinaci\u00f3n, \u00e1rea y tolerancia de contorno como est\u00e1ndar.<\/li>\n<li>Crea un certificado de inspecci\u00f3n configurando el formato de impresi\u00f3n seg\u00fan sea necesario.<\/li>\n<\/ul>\n<\/li>\n<li>Fuerza de medici\u00f3n:<br \/>\n0,75 mN<\/li>\n<\/ul>\n","protected":false},"featured_media":11319,"template":"","meta":{"_acf_changed":false},"pwb-brand":[39],"product_brand":[],"product_cat":[366,328,38,326],"product_tag":[],"class_list":{"0":"post-10730","1":"product","2":"type-product","3":"status-publish","4":"has-post-thumbnail","6":"pwb-brand-mitutoyo","7":"product_cat-todos-los-productos","8":"product_cat-formtracer-instrumentos-para-medicion-de-perfil-y-rugosidad","9":"product_cat-mitutoyo","10":"product_cat-sistemas-de-medicion-de-forma","12":"first","13":"instock","14":"taxable","15":"shipping-taxable","16":"product-type-simple"},"acf":[],"yoast_head":"<!-- This site is optimized with the Yoast SEO plugin v27.4 - https:\/\/yoast.com\/product\/yoast-seo-wordpress\/ -->\n<title>Formtracer Extreme SV-C4500CNC H [mm], X=200mm; Z2=500mm; Y-axis &amp; \u03b1 - Techmaster de Mexico<\/title>\n<meta name=\"robots\" content=\"index, follow, max-snippet:-1, max-image-preview:large, max-video-preview:-1\" \/>\n<link rel=\"canonical\" href=\"https:\/\/techmasterdemexico.com\/producto\/formtracer-extreme-sv-c4500cnc-h-mm-x200mm-z2500mm-y-axis-\u03b1\/\" \/>\n<meta property=\"og:locale\" content=\"en_US\" \/>\n<meta property=\"og:type\" content=\"article\" \/>\n<meta property=\"og:title\" content=\"Formtracer Extreme SV-C4500CNC H [mm], X=200mm; Z2=500mm; Y-axis &amp; \u03b1 - Techmaster de Mexico\" \/>\n<meta property=\"og:description\" content=\"Desplazamiento vertical eje Z2 [mm]: 500  Y-axis table unit: Installed  Unidad eje \u03b1: Installed  Intervalo de Medici\u00f3n: Z2= [S] 300 mm \/ [H] 500 mm  Velocidad de medici\u00f3n: 0.02 - 2 mm\/s  Velocidad de movimiento: Modo CNC: m\u00e1x. 200 mm\/s Joystick: 0-50 mm\/s  Exactitud:   X= (0,8 +4L\/200) \u00b5m [ L: Longitud (mm)]  Z1= (0,8 + I2HI\/100) \u00b5m [ H: Altura de medici\u00f3n desde la posici\u00f3n horizontal (mm)]  Modelo sin eje \u03b1: Z2= (1,5 + 10HI1000) \u00b5m    Rango de inclinaci\u00f3n: -45\u00b0 (CCW) to +10\u00b0 (CW)  Software: FORMTRACEPAK   Permite el control de las condiciones de medici\u00f3n para realizar una medici\u00f3n automatizada eficiente.  Puede realizar la evaluaci\u00f3n del contorno utilizando an\u00e1lisis de diferencias de nivel, \u00e1ngulo, inclinaci\u00f3n, \u00e1rea y tolerancia de contorno como est\u00e1ndar.  Crea un certificado de inspecci\u00f3n configurando el formato de impresi\u00f3n seg\u00fan sea necesario.    Fuerza de medici\u00f3n: 0,75 mN\" \/>\n<meta property=\"og:url\" content=\"https:\/\/techmasterdemexico.com\/producto\/formtracer-extreme-sv-c4500cnc-h-mm-x200mm-z2500mm-y-axis-\u03b1\/\" \/>\n<meta property=\"og:site_name\" content=\"Techmaster de Mexico\" \/>\n<meta property=\"article:modified_time\" content=\"2022-05-12T04:23:05+00:00\" \/>\n<meta property=\"og:image\" content=\"https:\/\/techmasterdemexico.com\/wp-content\/uploads\/2021\/10\/sv-c4500cnc_surface_eps.jpg\" \/>\n\t<meta property=\"og:image:width\" content=\"800\" \/>\n\t<meta property=\"og:image:height\" content=\"800\" \/>\n\t<meta property=\"og:image:type\" content=\"image\/jpeg\" \/>\n<meta name=\"twitter:card\" content=\"summary_large_image\" \/>\n<meta name=\"twitter:label1\" content=\"Est. reading time\" \/>\n\t<meta name=\"twitter:data1\" content=\"1 minute\" \/>\n<script type=\"application\/ld+json\" class=\"yoast-schema-graph\">{\"@context\":\"https:\\\/\\\/schema.org\",\"@graph\":[{\"@type\":\"WebPage\",\"@id\":\"https:\\\/\\\/techmasterdemexico.com\\\/producto\\\/formtracer-extreme-sv-c4500cnc-h-mm-x200mm-z2500mm-y-axis-%ce%b1\\\/\",\"url\":\"https:\\\/\\\/techmasterdemexico.com\\\/producto\\\/formtracer-extreme-sv-c4500cnc-h-mm-x200mm-z2500mm-y-axis-%ce%b1\\\/\",\"name\":\"Formtracer Extreme SV-C4500CNC H [mm], X=200mm; Z2=500mm; Y-axis & \u03b1 - Techmaster de Mexico\",\"isPartOf\":{\"@id\":\"https:\\\/\\\/techmasterdemexico.com\\\/#website\"},\"primaryImageOfPage\":{\"@id\":\"https:\\\/\\\/techmasterdemexico.com\\\/producto\\\/formtracer-extreme-sv-c4500cnc-h-mm-x200mm-z2500mm-y-axis-%ce%b1\\\/#primaryimage\"},\"image\":{\"@id\":\"https:\\\/\\\/techmasterdemexico.com\\\/producto\\\/formtracer-extreme-sv-c4500cnc-h-mm-x200mm-z2500mm-y-axis-%ce%b1\\\/#primaryimage\"},\"thumbnailUrl\":\"https:\\\/\\\/techmasterdemexico.com\\\/wp-content\\\/uploads\\\/2021\\\/10\\\/sv-c4500cnc_surface_eps.jpg\",\"datePublished\":\"2021-10-28T17:46:33+00:00\",\"dateModified\":\"2022-05-12T04:23:05+00:00\",\"breadcrumb\":{\"@id\":\"https:\\\/\\\/techmasterdemexico.com\\\/producto\\\/formtracer-extreme-sv-c4500cnc-h-mm-x200mm-z2500mm-y-axis-%ce%b1\\\/#breadcrumb\"},\"inLanguage\":\"en-US\",\"potentialAction\":[{\"@type\":\"ReadAction\",\"target\":[\"https:\\\/\\\/techmasterdemexico.com\\\/producto\\\/formtracer-extreme-sv-c4500cnc-h-mm-x200mm-z2500mm-y-axis-%ce%b1\\\/\"]}]},{\"@type\":\"ImageObject\",\"inLanguage\":\"en-US\",\"@id\":\"https:\\\/\\\/techmasterdemexico.com\\\/producto\\\/formtracer-extreme-sv-c4500cnc-h-mm-x200mm-z2500mm-y-axis-%ce%b1\\\/#primaryimage\",\"url\":\"https:\\\/\\\/techmasterdemexico.com\\\/wp-content\\\/uploads\\\/2021\\\/10\\\/sv-c4500cnc_surface_eps.jpg\",\"contentUrl\":\"https:\\\/\\\/techmasterdemexico.com\\\/wp-content\\\/uploads\\\/2021\\\/10\\\/sv-c4500cnc_surface_eps.jpg\",\"width\":800,\"height\":800},{\"@type\":\"BreadcrumbList\",\"@id\":\"https:\\\/\\\/techmasterdemexico.com\\\/producto\\\/formtracer-extreme-sv-c4500cnc-h-mm-x200mm-z2500mm-y-axis-%ce%b1\\\/#breadcrumb\",\"itemListElement\":[{\"@type\":\"ListItem\",\"position\":1,\"name\":\"Portada\",\"item\":\"https:\\\/\\\/techmasterdemexico.com\\\/\"},{\"@type\":\"ListItem\",\"position\":2,\"name\":\"Formtracer Extreme SV-C4500CNC H [mm], X=200mm; Z2=500mm; Y-axis &#038; \u03b1\"}]},{\"@type\":\"WebSite\",\"@id\":\"https:\\\/\\\/techmasterdemexico.com\\\/#website\",\"url\":\"https:\\\/\\\/techmasterdemexico.com\\\/\",\"name\":\"Techmaster de Mexico\",\"description\":\"\",\"potentialAction\":[{\"@type\":\"SearchAction\",\"target\":{\"@type\":\"EntryPoint\",\"urlTemplate\":\"https:\\\/\\\/techmasterdemexico.com\\\/?s={search_term_string}\"},\"query-input\":{\"@type\":\"PropertyValueSpecification\",\"valueRequired\":true,\"valueName\":\"search_term_string\"}}],\"inLanguage\":\"en-US\"}]}<\/script>\n<!-- \/ Yoast SEO plugin. -->","yoast_head_json":{"title":"Formtracer Extreme SV-C4500CNC H [mm], X=200mm; Z2=500mm; Y-axis & \u03b1 - Techmaster de Mexico","robots":{"index":"index","follow":"follow","max-snippet":"max-snippet:-1","max-image-preview":"max-image-preview:large","max-video-preview":"max-video-preview:-1"},"canonical":"https:\/\/techmasterdemexico.com\/producto\/formtracer-extreme-sv-c4500cnc-h-mm-x200mm-z2500mm-y-axis-\u03b1\/","og_locale":"en_US","og_type":"article","og_title":"Formtracer Extreme SV-C4500CNC H [mm], X=200mm; Z2=500mm; Y-axis & \u03b1 - Techmaster de Mexico","og_description":"Desplazamiento vertical eje Z2 [mm]: 500  Y-axis table unit: Installed  Unidad eje \u03b1: Installed  Intervalo de Medici\u00f3n: Z2= [S] 300 mm \/ [H] 500 mm  Velocidad de medici\u00f3n: 0.02 - 2 mm\/s  Velocidad de movimiento: Modo CNC: m\u00e1x. 200 mm\/s Joystick: 0-50 mm\/s  Exactitud:   X= (0,8 +4L\/200) \u00b5m [ L: Longitud (mm)]  Z1= (0,8 + I2HI\/100) \u00b5m [ H: Altura de medici\u00f3n desde la posici\u00f3n horizontal (mm)]  Modelo sin eje \u03b1: Z2= (1,5 + 10HI1000) \u00b5m    Rango de inclinaci\u00f3n: -45\u00b0 (CCW) to +10\u00b0 (CW)  Software: FORMTRACEPAK   Permite el control de las condiciones de medici\u00f3n para realizar una medici\u00f3n automatizada eficiente.  Puede realizar la evaluaci\u00f3n del contorno utilizando an\u00e1lisis de diferencias de nivel, \u00e1ngulo, inclinaci\u00f3n, \u00e1rea y tolerancia de contorno como est\u00e1ndar.  Crea un certificado de inspecci\u00f3n configurando el formato de impresi\u00f3n seg\u00fan sea necesario.    Fuerza de medici\u00f3n: 0,75 mN","og_url":"https:\/\/techmasterdemexico.com\/producto\/formtracer-extreme-sv-c4500cnc-h-mm-x200mm-z2500mm-y-axis-\u03b1\/","og_site_name":"Techmaster de Mexico","article_modified_time":"2022-05-12T04:23:05+00:00","og_image":[{"width":800,"height":800,"url":"https:\/\/techmasterdemexico.com\/wp-content\/uploads\/2021\/10\/sv-c4500cnc_surface_eps.jpg","type":"image\/jpeg"}],"twitter_card":"summary_large_image","twitter_misc":{"Est. reading time":"1 minute"},"schema":{"@context":"https:\/\/schema.org","@graph":[{"@type":"WebPage","@id":"https:\/\/techmasterdemexico.com\/producto\/formtracer-extreme-sv-c4500cnc-h-mm-x200mm-z2500mm-y-axis-%ce%b1\/","url":"https:\/\/techmasterdemexico.com\/producto\/formtracer-extreme-sv-c4500cnc-h-mm-x200mm-z2500mm-y-axis-%ce%b1\/","name":"Formtracer Extreme SV-C4500CNC H [mm], X=200mm; Z2=500mm; Y-axis & \u03b1 - Techmaster de Mexico","isPartOf":{"@id":"https:\/\/techmasterdemexico.com\/#website"},"primaryImageOfPage":{"@id":"https:\/\/techmasterdemexico.com\/producto\/formtracer-extreme-sv-c4500cnc-h-mm-x200mm-z2500mm-y-axis-%ce%b1\/#primaryimage"},"image":{"@id":"https:\/\/techmasterdemexico.com\/producto\/formtracer-extreme-sv-c4500cnc-h-mm-x200mm-z2500mm-y-axis-%ce%b1\/#primaryimage"},"thumbnailUrl":"https:\/\/techmasterdemexico.com\/wp-content\/uploads\/2021\/10\/sv-c4500cnc_surface_eps.jpg","datePublished":"2021-10-28T17:46:33+00:00","dateModified":"2022-05-12T04:23:05+00:00","breadcrumb":{"@id":"https:\/\/techmasterdemexico.com\/producto\/formtracer-extreme-sv-c4500cnc-h-mm-x200mm-z2500mm-y-axis-%ce%b1\/#breadcrumb"},"inLanguage":"en-US","potentialAction":[{"@type":"ReadAction","target":["https:\/\/techmasterdemexico.com\/producto\/formtracer-extreme-sv-c4500cnc-h-mm-x200mm-z2500mm-y-axis-%ce%b1\/"]}]},{"@type":"ImageObject","inLanguage":"en-US","@id":"https:\/\/techmasterdemexico.com\/producto\/formtracer-extreme-sv-c4500cnc-h-mm-x200mm-z2500mm-y-axis-%ce%b1\/#primaryimage","url":"https:\/\/techmasterdemexico.com\/wp-content\/uploads\/2021\/10\/sv-c4500cnc_surface_eps.jpg","contentUrl":"https:\/\/techmasterdemexico.com\/wp-content\/uploads\/2021\/10\/sv-c4500cnc_surface_eps.jpg","width":800,"height":800},{"@type":"BreadcrumbList","@id":"https:\/\/techmasterdemexico.com\/producto\/formtracer-extreme-sv-c4500cnc-h-mm-x200mm-z2500mm-y-axis-%ce%b1\/#breadcrumb","itemListElement":[{"@type":"ListItem","position":1,"name":"Portada","item":"https:\/\/techmasterdemexico.com\/"},{"@type":"ListItem","position":2,"name":"Formtracer Extreme SV-C4500CNC H [mm], X=200mm; Z2=500mm; Y-axis &#038; \u03b1"}]},{"@type":"WebSite","@id":"https:\/\/techmasterdemexico.com\/#website","url":"https:\/\/techmasterdemexico.com\/","name":"Techmaster de Mexico","description":"","potentialAction":[{"@type":"SearchAction","target":{"@type":"EntryPoint","urlTemplate":"https:\/\/techmasterdemexico.com\/?s={search_term_string}"},"query-input":{"@type":"PropertyValueSpecification","valueRequired":true,"valueName":"search_term_string"}}],"inLanguage":"en-US"}]}},"brands":[{"id":39,"name":"Mitutoyo","slug":"mitutoyo"}],"_links":{"self":[{"href":"https:\/\/techmasterdemexico.com\/en\/wp-json\/wp\/v2\/product\/10730","targetHints":{"allow":["GET"]}}],"collection":[{"href":"https:\/\/techmasterdemexico.com\/en\/wp-json\/wp\/v2\/product"}],"about":[{"href":"https:\/\/techmasterdemexico.com\/en\/wp-json\/wp\/v2\/types\/product"}],"wp:featuredmedia":[{"embeddable":true,"href":"https:\/\/techmasterdemexico.com\/en\/wp-json\/wp\/v2\/media\/11319"}],"wp:attachment":[{"href":"https:\/\/techmasterdemexico.com\/en\/wp-json\/wp\/v2\/media?parent=10730"}],"wp:term":[{"taxonomy":"pwb-brand","embeddable":true,"href":"https:\/\/techmasterdemexico.com\/en\/wp-json\/wp\/v2\/pwb-brand?post=10730"},{"taxonomy":"product_brand","embeddable":true,"href":"https:\/\/techmasterdemexico.com\/en\/wp-json\/wp\/v2\/product_brand?post=10730"},{"taxonomy":"product_cat","embeddable":true,"href":"https:\/\/techmasterdemexico.com\/en\/wp-json\/wp\/v2\/product_cat?post=10730"},{"taxonomy":"product_tag","embeddable":true,"href":"https:\/\/techmasterdemexico.com\/en\/wp-json\/wp\/v2\/product_tag?post=10730"}],"curies":[{"name":"wp","href":"https:\/\/api.w.org\/{rel}","templated":true}]}}