{"id":10691,"date":"2021-10-28T17:46:07","date_gmt":"2021-10-28T17:46:07","guid":{"rendered":"https:\/\/techmastermx.ddns.net\/producto\/sensorpak-e-v3-0\/"},"modified":"2022-05-12T04:24:19","modified_gmt":"2022-05-12T04:24:19","slug":"sensorpak-e-v3-0","status":"publish","type":"product","link":"https:\/\/techmasterdemexico.com\/en\/producto\/sensorpak-e-v3-0\/","title":{"rendered":"SENSORPAK\/E V3.0"},"content":{"rendered":"<p>SENSORPAK\/E V3.0<br \/>\nN\u00famero de art\u00edculo: 02NGB072<\/p>\n<p>El SENSORPAK apoya el desarrollo de instalaciones y estaciones de medici\u00f3n.<\/p>\n<p>&nbsp;<\/p>\n<p>Le ofrece los siguientes beneficios:<\/p>\n<p>&nbsp;<\/p>\n<ul>\n<li>Puede mostrar simult\u00e1neamente valores de medici\u00f3n de hasta 60 sensores en tiempo real.<\/li>\n<li>Puede realizar c\u00e1lculos utilizando valores de medici\u00f3n de hasta 30 sensores en tiempo real.<\/li>\n<li>Permite una amplia gama de diferentes presentaciones gr\u00e1ficas de la medici\u00f3n, como representaci\u00f3n num\u00e9rica, representaci\u00f3n de puntero, representaci\u00f3n de escala.<\/li>\n<li>El registro de datos se puede realizar en tarjetas de control o tablas de datos.<\/li>\n<li>Tambi\u00e9n puede realizar m\u00e1s procesamiento de datos con software externo, como Microsoft\u00ae Excel\u00ae o MeasurLink.<\/li>\n<\/ul>\n","protected":false},"excerpt":{"rendered":"<p>Funciones de salida:<\/p>\n<ul>\n<li>Salida directa a hoja de c\u00e1lculo de Microsoft\u00ae Excel\u00ae, salida de archivo CSV (compatible con MeasurLink)<\/li>\n<\/ul>\n<p>&nbsp;<\/p>\n<p>Total tolerancia valoraci\u00f3n:<\/p>\n<ul>\n<li>Juicio GO \/ NG (especificando los valores que se utilizar\u00e1n para el juicio de tolerancia total)<\/li>\n<li>Salida de se\u00f1al GO \/ NG con cable de E \/ S opcional<\/li>\n<\/ul>\n<p>&nbsp;<\/p>\n<p>Funci\u00f3n entrada:<\/p>\n<ul>\n<li>Funci\u00f3n de disparo: por medio de teclas temporizador o TRG externo (con cable de E \/ S opcional)<br \/>\nFrecuencia de entrada de datos: m\u00e1x. 9999 veces (con 60 instrumentos conectados) a 60000 veces (con 6 instrumentos conectados)<\/li>\n<\/ul>\n<p>&nbsp;<\/p>\n<p>Contador aplicable tipos:<\/p>\n<ul>\n<li>Contadores con interface RS232C (EH, y EV), con interface USB (EH)<\/li>\n<\/ul>\n<p>&nbsp;<\/p>\n<p>Visualizador:<\/p>\n<ul>\n<li>Tipo de pantalla: contador, gr\u00e1fico de barras, medidor, gr\u00e1fico (con capacidad de visualizaci\u00f3n simult\u00e1nea)<\/li>\n<li>Resultado del juicio de tolerancia: pantalla a color (verde \/ rojo)<\/li>\n<li>Instrumentos conectados: Max. 60 instrumentos<\/li>\n<\/ul>\n<p>&nbsp;<\/p>\n<p>Compatibilidad OS:<\/p>\n<ul>\n<li>Windows\u00ae 7 (32\/64 bit)<\/li>\n<li>Windows\u00ae 8. 1 (32\/64 bit)<\/li>\n<li>Excel\u00ae 2007, 2010, 2013<\/li>\n<\/ul>\n<p>&nbsp;<\/p>\n<p>Modelo:<\/p>\n<ul>\n<li>SENSORPAK<\/li>\n<\/ul>\n<p>&nbsp;<\/p>\n<p>Entregado:<\/p>\n<ul>\n<li>Clave de licencia, CD de software<\/li>\n<\/ul>\n","protected":false},"featured_media":11050,"template":"","meta":{"_acf_changed":false},"pwb-brand":[39],"product_brand":[],"product_cat":[366,38,320,325],"product_tag":[],"class_list":{"0":"post-10691","1":"product","2":"type-product","3":"status-publish","4":"has-post-thumbnail","6":"pwb-brand-mitutoyo","7":"product_cat-todos-los-productos","8":"product_cat-mitutoyo","9":"product_cat-sensores","10":"product_cat-sensorpak","12":"first","13":"instock","14":"taxable","15":"shipping-taxable","16":"product-type-simple"},"acf":[],"yoast_head":"<!-- This site is optimized with the Yoast SEO plugin v27.4 - https:\/\/yoast.com\/product\/yoast-seo-wordpress\/ -->\n<title>SENSORPAK\/E V3.0 - Techmaster de Mexico<\/title>\n<meta name=\"robots\" content=\"index, follow, max-snippet:-1, max-image-preview:large, max-video-preview:-1\" \/>\n<link rel=\"canonical\" href=\"https:\/\/techmasterdemexico.com\/producto\/sensorpak-e-v3-0\/\" \/>\n<meta property=\"og:locale\" content=\"en_US\" \/>\n<meta property=\"og:type\" content=\"article\" \/>\n<meta property=\"og:title\" content=\"SENSORPAK\/E V3.0 - Techmaster de Mexico\" \/>\n<meta property=\"og:description\" content=\"Funciones de salida:   Salida directa a hoja de c\u00e1lculo de Microsoft\u00ae Excel\u00ae, salida de archivo CSV (compatible con MeasurLink)  &nbsp;  Total tolerancia valoraci\u00f3n:   Juicio GO \/ NG (especificando los valores que se utilizar\u00e1n para el juicio de tolerancia total)  Salida de se\u00f1al GO \/ NG con cable de E \/ S opcional  &nbsp;  Funci\u00f3n entrada:   Funci\u00f3n de disparo: por medio de teclas temporizador o TRG externo (con cable de E \/ S opcional) Frecuencia de entrada de datos: m\u00e1x. 9999 veces (con 60 instrumentos conectados) a 60000 veces (con 6 instrumentos conectados)  &nbsp;  Contador aplicable tipos:   Contadores con interface RS232C (EH, y EV), con interface USB (EH)  &nbsp;  Visualizador:   Tipo de pantalla: contador, gr\u00e1fico de barras, medidor, gr\u00e1fico (con capacidad de visualizaci\u00f3n simult\u00e1nea)  Resultado del juicio de tolerancia: pantalla a color (verde \/ rojo)  Instrumentos conectados: Max. 60 instrumentos  &nbsp;  Compatibilidad OS:   Windows\u00ae 7 (32\/64 bit)  Windows\u00ae 8. 1 (32\/64 bit)  Excel\u00ae 2007, 2010, 2013  &nbsp;  Modelo:   SENSORPAK  &nbsp;  Entregado:   Clave de licencia, CD de software\" \/>\n<meta property=\"og:url\" content=\"https:\/\/techmasterdemexico.com\/producto\/sensorpak-e-v3-0\/\" \/>\n<meta property=\"og:site_name\" content=\"Techmaster de Mexico\" \/>\n<meta property=\"article:modified_time\" content=\"2022-05-12T04:24:19+00:00\" \/>\n<meta property=\"og:image\" content=\"https:\/\/techmasterdemexico.com\/wp-content\/uploads\/2021\/10\/02NGB072.jpg\" \/>\n\t<meta property=\"og:image:width\" content=\"800\" \/>\n\t<meta property=\"og:image:height\" content=\"800\" \/>\n\t<meta property=\"og:image:type\" content=\"image\/jpeg\" \/>\n<meta name=\"twitter:card\" content=\"summary_large_image\" \/>\n<meta name=\"twitter:label1\" content=\"Est. reading time\" \/>\n\t<meta name=\"twitter:data1\" content=\"1 minute\" \/>\n<script type=\"application\/ld+json\" class=\"yoast-schema-graph\">{\"@context\":\"https:\\\/\\\/schema.org\",\"@graph\":[{\"@type\":\"WebPage\",\"@id\":\"https:\\\/\\\/techmasterdemexico.com\\\/producto\\\/sensorpak-e-v3-0\\\/\",\"url\":\"https:\\\/\\\/techmasterdemexico.com\\\/producto\\\/sensorpak-e-v3-0\\\/\",\"name\":\"SENSORPAK\\\/E V3.0 - Techmaster de Mexico\",\"isPartOf\":{\"@id\":\"https:\\\/\\\/techmasterdemexico.com\\\/#website\"},\"primaryImageOfPage\":{\"@id\":\"https:\\\/\\\/techmasterdemexico.com\\\/producto\\\/sensorpak-e-v3-0\\\/#primaryimage\"},\"image\":{\"@id\":\"https:\\\/\\\/techmasterdemexico.com\\\/producto\\\/sensorpak-e-v3-0\\\/#primaryimage\"},\"thumbnailUrl\":\"https:\\\/\\\/techmasterdemexico.com\\\/wp-content\\\/uploads\\\/2021\\\/10\\\/02NGB072.jpg\",\"datePublished\":\"2021-10-28T17:46:07+00:00\",\"dateModified\":\"2022-05-12T04:24:19+00:00\",\"breadcrumb\":{\"@id\":\"https:\\\/\\\/techmasterdemexico.com\\\/producto\\\/sensorpak-e-v3-0\\\/#breadcrumb\"},\"inLanguage\":\"en-US\",\"potentialAction\":[{\"@type\":\"ReadAction\",\"target\":[\"https:\\\/\\\/techmasterdemexico.com\\\/producto\\\/sensorpak-e-v3-0\\\/\"]}]},{\"@type\":\"ImageObject\",\"inLanguage\":\"en-US\",\"@id\":\"https:\\\/\\\/techmasterdemexico.com\\\/producto\\\/sensorpak-e-v3-0\\\/#primaryimage\",\"url\":\"https:\\\/\\\/techmasterdemexico.com\\\/wp-content\\\/uploads\\\/2021\\\/10\\\/02NGB072.jpg\",\"contentUrl\":\"https:\\\/\\\/techmasterdemexico.com\\\/wp-content\\\/uploads\\\/2021\\\/10\\\/02NGB072.jpg\",\"width\":800,\"height\":800},{\"@type\":\"BreadcrumbList\",\"@id\":\"https:\\\/\\\/techmasterdemexico.com\\\/producto\\\/sensorpak-e-v3-0\\\/#breadcrumb\",\"itemListElement\":[{\"@type\":\"ListItem\",\"position\":1,\"name\":\"Portada\",\"item\":\"https:\\\/\\\/techmasterdemexico.com\\\/\"},{\"@type\":\"ListItem\",\"position\":2,\"name\":\"SENSORPAK\\\/E V3.0\"}]},{\"@type\":\"WebSite\",\"@id\":\"https:\\\/\\\/techmasterdemexico.com\\\/#website\",\"url\":\"https:\\\/\\\/techmasterdemexico.com\\\/\",\"name\":\"Techmaster de Mexico\",\"description\":\"\",\"potentialAction\":[{\"@type\":\"SearchAction\",\"target\":{\"@type\":\"EntryPoint\",\"urlTemplate\":\"https:\\\/\\\/techmasterdemexico.com\\\/?s={search_term_string}\"},\"query-input\":{\"@type\":\"PropertyValueSpecification\",\"valueRequired\":true,\"valueName\":\"search_term_string\"}}],\"inLanguage\":\"en-US\"}]}<\/script>\n<!-- \/ Yoast SEO plugin. -->","yoast_head_json":{"title":"SENSORPAK\/E V3.0 - Techmaster de Mexico","robots":{"index":"index","follow":"follow","max-snippet":"max-snippet:-1","max-image-preview":"max-image-preview:large","max-video-preview":"max-video-preview:-1"},"canonical":"https:\/\/techmasterdemexico.com\/producto\/sensorpak-e-v3-0\/","og_locale":"en_US","og_type":"article","og_title":"SENSORPAK\/E V3.0 - Techmaster de Mexico","og_description":"Funciones de salida:   Salida directa a hoja de c\u00e1lculo de Microsoft\u00ae Excel\u00ae, salida de archivo CSV (compatible con MeasurLink)  &nbsp;  Total tolerancia valoraci\u00f3n:   Juicio GO \/ NG (especificando los valores que se utilizar\u00e1n para el juicio de tolerancia total)  Salida de se\u00f1al GO \/ NG con cable de E \/ S opcional  &nbsp;  Funci\u00f3n entrada:   Funci\u00f3n de disparo: por medio de teclas temporizador o TRG externo (con cable de E \/ S opcional) Frecuencia de entrada de datos: m\u00e1x. 9999 veces (con 60 instrumentos conectados) a 60000 veces (con 6 instrumentos conectados)  &nbsp;  Contador aplicable tipos:   Contadores con interface RS232C (EH, y EV), con interface USB (EH)  &nbsp;  Visualizador:   Tipo de pantalla: contador, gr\u00e1fico de barras, medidor, gr\u00e1fico (con capacidad de visualizaci\u00f3n simult\u00e1nea)  Resultado del juicio de tolerancia: pantalla a color (verde \/ rojo)  Instrumentos conectados: Max. 60 instrumentos  &nbsp;  Compatibilidad OS:   Windows\u00ae 7 (32\/64 bit)  Windows\u00ae 8. 1 (32\/64 bit)  Excel\u00ae 2007, 2010, 2013  &nbsp;  Modelo:   SENSORPAK  &nbsp;  Entregado:   Clave de licencia, CD de software","og_url":"https:\/\/techmasterdemexico.com\/producto\/sensorpak-e-v3-0\/","og_site_name":"Techmaster de Mexico","article_modified_time":"2022-05-12T04:24:19+00:00","og_image":[{"width":800,"height":800,"url":"https:\/\/techmasterdemexico.com\/wp-content\/uploads\/2021\/10\/02NGB072.jpg","type":"image\/jpeg"}],"twitter_card":"summary_large_image","twitter_misc":{"Est. reading time":"1 minute"},"schema":{"@context":"https:\/\/schema.org","@graph":[{"@type":"WebPage","@id":"https:\/\/techmasterdemexico.com\/producto\/sensorpak-e-v3-0\/","url":"https:\/\/techmasterdemexico.com\/producto\/sensorpak-e-v3-0\/","name":"SENSORPAK\/E V3.0 - Techmaster de Mexico","isPartOf":{"@id":"https:\/\/techmasterdemexico.com\/#website"},"primaryImageOfPage":{"@id":"https:\/\/techmasterdemexico.com\/producto\/sensorpak-e-v3-0\/#primaryimage"},"image":{"@id":"https:\/\/techmasterdemexico.com\/producto\/sensorpak-e-v3-0\/#primaryimage"},"thumbnailUrl":"https:\/\/techmasterdemexico.com\/wp-content\/uploads\/2021\/10\/02NGB072.jpg","datePublished":"2021-10-28T17:46:07+00:00","dateModified":"2022-05-12T04:24:19+00:00","breadcrumb":{"@id":"https:\/\/techmasterdemexico.com\/producto\/sensorpak-e-v3-0\/#breadcrumb"},"inLanguage":"en-US","potentialAction":[{"@type":"ReadAction","target":["https:\/\/techmasterdemexico.com\/producto\/sensorpak-e-v3-0\/"]}]},{"@type":"ImageObject","inLanguage":"en-US","@id":"https:\/\/techmasterdemexico.com\/producto\/sensorpak-e-v3-0\/#primaryimage","url":"https:\/\/techmasterdemexico.com\/wp-content\/uploads\/2021\/10\/02NGB072.jpg","contentUrl":"https:\/\/techmasterdemexico.com\/wp-content\/uploads\/2021\/10\/02NGB072.jpg","width":800,"height":800},{"@type":"BreadcrumbList","@id":"https:\/\/techmasterdemexico.com\/producto\/sensorpak-e-v3-0\/#breadcrumb","itemListElement":[{"@type":"ListItem","position":1,"name":"Portada","item":"https:\/\/techmasterdemexico.com\/"},{"@type":"ListItem","position":2,"name":"SENSORPAK\/E V3.0"}]},{"@type":"WebSite","@id":"https:\/\/techmasterdemexico.com\/#website","url":"https:\/\/techmasterdemexico.com\/","name":"Techmaster de Mexico","description":"","potentialAction":[{"@type":"SearchAction","target":{"@type":"EntryPoint","urlTemplate":"https:\/\/techmasterdemexico.com\/?s={search_term_string}"},"query-input":{"@type":"PropertyValueSpecification","valueRequired":true,"valueName":"search_term_string"}}],"inLanguage":"en-US"}]}},"brands":[{"id":39,"name":"Mitutoyo","slug":"mitutoyo"}],"_links":{"self":[{"href":"https:\/\/techmasterdemexico.com\/en\/wp-json\/wp\/v2\/product\/10691","targetHints":{"allow":["GET"]}}],"collection":[{"href":"https:\/\/techmasterdemexico.com\/en\/wp-json\/wp\/v2\/product"}],"about":[{"href":"https:\/\/techmasterdemexico.com\/en\/wp-json\/wp\/v2\/types\/product"}],"wp:featuredmedia":[{"embeddable":true,"href":"https:\/\/techmasterdemexico.com\/en\/wp-json\/wp\/v2\/media\/11050"}],"wp:attachment":[{"href":"https:\/\/techmasterdemexico.com\/en\/wp-json\/wp\/v2\/media?parent=10691"}],"wp:term":[{"taxonomy":"pwb-brand","embeddable":true,"href":"https:\/\/techmasterdemexico.com\/en\/wp-json\/wp\/v2\/pwb-brand?post=10691"},{"taxonomy":"product_brand","embeddable":true,"href":"https:\/\/techmasterdemexico.com\/en\/wp-json\/wp\/v2\/product_brand?post=10691"},{"taxonomy":"product_cat","embeddable":true,"href":"https:\/\/techmasterdemexico.com\/en\/wp-json\/wp\/v2\/product_cat?post=10691"},{"taxonomy":"product_tag","embeddable":true,"href":"https:\/\/techmasterdemexico.com\/en\/wp-json\/wp\/v2\/product_tag?post=10691"}],"curies":[{"name":"wp","href":"https:\/\/api.w.org\/{rel}","templated":true}]}}