{"id":10687,"date":"2021-10-28T17:46:05","date_gmt":"2021-10-28T17:46:05","guid":{"rendered":"https:\/\/techmastermx.ddns.net\/producto\/cartridge-head\/"},"modified":"2022-05-12T04:24:21","modified_gmt":"2022-05-12T04:24:21","slug":"cartridge-head","status":"publish","type":"product","link":"https:\/\/techmasterdemexico.com\/en\/producto\/cartridge-head\/","title":{"rendered":"Cartridge Head"},"content":{"rendered":"<p>Cartridge Head<br \/>\nGauge Head for Mu-Check<br \/>\nN\u00famero de art\u00edculo: 519-331<\/p>\n<p>&nbsp;<\/p>\n<ul>\n<li>Una conexi\u00f3n de circuito de medio puente.<\/li>\n<li>El cabezal de palanca 519-321 est\u00e1 provisto de un interruptor de direcci\u00f3n.<\/li>\n<li>El punto de contacto del cabezal de palanca 519-326 se puede orientar en cualquier direcci\u00f3n.<\/li>\n<\/ul>\n","protected":false},"excerpt":{"rendered":"<ul>\n<li>Rango de medida: \u00b1 0,5<\/li>\n<li>Carrera: \u00b1 0,65 mm<\/li>\n<li>Observaciones: De baja fuerza<\/li>\n<li>Linealidad: \u00b1 0,5 %<\/li>\n<li>Medida de fuerza: 0,25 N<\/li>\n<li>Escala : Diferencial de tensi\u00f3n lineal transformador (medio puente)<\/li>\n<li>Calibration frequency: 5 kHz<\/li>\n<li>Calibration voltage: 3 V rms (sine wave)<\/li>\n<li>Connector: DIN 5pin<\/li>\n<li>Funciones: Tipo recto<\/li>\n<li>Entregado:\n<ul>\n<li>Con cable de 2 m, con punta de carburo<\/li>\n<li>punta \u00d8 1 mm (520940),<\/li>\n<li>punta \u00d8 2 mm (520939),<\/li>\n<li>punta \u00d8 3 mm (520938)<\/li>\n<\/ul>\n<\/li>\n<\/ul>\n","protected":false},"featured_media":11055,"template":"","meta":{"_acf_changed":false},"pwb-brand":[39],"product_brand":[],"product_cat":[366,38,324,320],"product_tag":[],"class_list":{"0":"post-10687","1":"product","2":"type-product","3":"status-publish","4":"has-post-thumbnail","6":"pwb-brand-mitutoyo","7":"product_cat-todos-los-productos","8":"product_cat-mitutoyo","9":"product_cat-mu-checker","10":"product_cat-sensores","12":"first","13":"instock","14":"taxable","15":"shipping-taxable","16":"product-type-simple"},"acf":[],"yoast_head":"<!-- This site is optimized with the Yoast SEO plugin v27.2 - https:\/\/yoast.com\/product\/yoast-seo-wordpress\/ -->\n<title>Cartridge Head - Techmaster de Mexico<\/title>\n<meta name=\"robots\" content=\"index, follow, max-snippet:-1, max-image-preview:large, max-video-preview:-1\" \/>\n<link rel=\"canonical\" href=\"https:\/\/techmasterdemexico.com\/en\/producto\/cartridge-head\/\" \/>\n<meta property=\"og:locale\" content=\"en_US\" \/>\n<meta property=\"og:type\" content=\"article\" \/>\n<meta property=\"og:title\" content=\"Cartridge Head - Techmaster de Mexico\" \/>\n<meta property=\"og:description\" content=\"Rango de medida: \u00b1 0,5  Carrera: \u00b1 0,65 mm  Observaciones: De baja fuerza  Linealidad: \u00b1 0,5 %  Medida de fuerza: 0,25 N  Escala : Diferencial de tensi\u00f3n lineal transformador (medio puente)  Calibration frequency: 5 kHz  Calibration voltage: 3 V rms (sine wave)  Connector: DIN 5pin  Funciones: Tipo recto  Entregado:   Con cable de 2 m, con punta de carburo  punta \u00d8 1 mm (520940),  punta \u00d8 2 mm (520939),  punta \u00d8 3 mm (520938)\" \/>\n<meta property=\"og:url\" content=\"https:\/\/techmasterdemexico.com\/en\/producto\/cartridge-head\/\" \/>\n<meta property=\"og:site_name\" content=\"Techmaster de Mexico\" \/>\n<meta property=\"article:modified_time\" content=\"2022-05-12T04:24:21+00:00\" \/>\n<meta property=\"og:image\" content=\"https:\/\/techmasterdemexico.com\/wp-content\/uploads\/2021\/10\/519-331.jpg\" \/>\n\t<meta property=\"og:image:width\" content=\"800\" \/>\n\t<meta property=\"og:image:height\" content=\"800\" \/>\n\t<meta property=\"og:image:type\" content=\"image\/jpeg\" \/>\n<meta name=\"twitter:card\" content=\"summary_large_image\" \/>\n<script type=\"application\/ld+json\" class=\"yoast-schema-graph\">{\"@context\":\"https:\/\/schema.org\",\"@graph\":[{\"@type\":\"WebPage\",\"@id\":\"https:\/\/techmasterdemexico.com\/en\/producto\/cartridge-head\/\",\"url\":\"https:\/\/techmasterdemexico.com\/en\/producto\/cartridge-head\/\",\"name\":\"Cartridge Head - Techmaster de Mexico\",\"isPartOf\":{\"@id\":\"https:\/\/techmasterdemexico.com\/#website\"},\"primaryImageOfPage\":{\"@id\":\"https:\/\/techmasterdemexico.com\/en\/producto\/cartridge-head\/#primaryimage\"},\"image\":{\"@id\":\"https:\/\/techmasterdemexico.com\/en\/producto\/cartridge-head\/#primaryimage\"},\"thumbnailUrl\":\"https:\/\/techmasterdemexico.com\/wp-content\/uploads\/2021\/10\/519-331.jpg\",\"datePublished\":\"2021-10-28T17:46:05+00:00\",\"dateModified\":\"2022-05-12T04:24:21+00:00\",\"breadcrumb\":{\"@id\":\"https:\/\/techmasterdemexico.com\/en\/producto\/cartridge-head\/#breadcrumb\"},\"inLanguage\":\"en-US\",\"potentialAction\":[{\"@type\":\"ReadAction\",\"target\":[\"https:\/\/techmasterdemexico.com\/en\/producto\/cartridge-head\/\"]}]},{\"@type\":\"ImageObject\",\"inLanguage\":\"en-US\",\"@id\":\"https:\/\/techmasterdemexico.com\/en\/producto\/cartridge-head\/#primaryimage\",\"url\":\"https:\/\/techmasterdemexico.com\/wp-content\/uploads\/2021\/10\/519-331.jpg\",\"contentUrl\":\"https:\/\/techmasterdemexico.com\/wp-content\/uploads\/2021\/10\/519-331.jpg\",\"width\":800,\"height\":800},{\"@type\":\"BreadcrumbList\",\"@id\":\"https:\/\/techmasterdemexico.com\/en\/producto\/cartridge-head\/#breadcrumb\",\"itemListElement\":[{\"@type\":\"ListItem\",\"position\":1,\"name\":\"Portada\",\"item\":\"https:\/\/techmasterdemexico.com\/\"},{\"@type\":\"ListItem\",\"position\":2,\"name\":\"Cartridge Head\"}]},{\"@type\":\"WebSite\",\"@id\":\"https:\/\/techmasterdemexico.com\/#website\",\"url\":\"https:\/\/techmasterdemexico.com\/\",\"name\":\"Techmaster de Mexico\",\"description\":\"\",\"potentialAction\":[{\"@type\":\"SearchAction\",\"target\":{\"@type\":\"EntryPoint\",\"urlTemplate\":\"https:\/\/techmasterdemexico.com\/?s={search_term_string}\"},\"query-input\":{\"@type\":\"PropertyValueSpecification\",\"valueRequired\":true,\"valueName\":\"search_term_string\"}}],\"inLanguage\":\"en-US\"}]}<\/script>\n<!-- \/ Yoast SEO plugin. -->","yoast_head_json":{"title":"Cartridge Head - Techmaster de Mexico","robots":{"index":"index","follow":"follow","max-snippet":"max-snippet:-1","max-image-preview":"max-image-preview:large","max-video-preview":"max-video-preview:-1"},"canonical":"https:\/\/techmasterdemexico.com\/en\/producto\/cartridge-head\/","og_locale":"en_US","og_type":"article","og_title":"Cartridge Head - Techmaster de Mexico","og_description":"Rango de medida: \u00b1 0,5  Carrera: \u00b1 0,65 mm  Observaciones: De baja fuerza  Linealidad: \u00b1 0,5 %  Medida de fuerza: 0,25 N  Escala : Diferencial de tensi\u00f3n lineal transformador (medio puente)  Calibration frequency: 5 kHz  Calibration voltage: 3 V rms (sine wave)  Connector: DIN 5pin  Funciones: Tipo recto  Entregado:   Con cable de 2 m, con punta de carburo  punta \u00d8 1 mm (520940),  punta \u00d8 2 mm (520939),  punta \u00d8 3 mm (520938)","og_url":"https:\/\/techmasterdemexico.com\/en\/producto\/cartridge-head\/","og_site_name":"Techmaster de Mexico","article_modified_time":"2022-05-12T04:24:21+00:00","og_image":[{"width":800,"height":800,"url":"https:\/\/techmasterdemexico.com\/wp-content\/uploads\/2021\/10\/519-331.jpg","type":"image\/jpeg"}],"twitter_card":"summary_large_image","schema":{"@context":"https:\/\/schema.org","@graph":[{"@type":"WebPage","@id":"https:\/\/techmasterdemexico.com\/en\/producto\/cartridge-head\/","url":"https:\/\/techmasterdemexico.com\/en\/producto\/cartridge-head\/","name":"Cartridge Head - Techmaster de Mexico","isPartOf":{"@id":"https:\/\/techmasterdemexico.com\/#website"},"primaryImageOfPage":{"@id":"https:\/\/techmasterdemexico.com\/en\/producto\/cartridge-head\/#primaryimage"},"image":{"@id":"https:\/\/techmasterdemexico.com\/en\/producto\/cartridge-head\/#primaryimage"},"thumbnailUrl":"https:\/\/techmasterdemexico.com\/wp-content\/uploads\/2021\/10\/519-331.jpg","datePublished":"2021-10-28T17:46:05+00:00","dateModified":"2022-05-12T04:24:21+00:00","breadcrumb":{"@id":"https:\/\/techmasterdemexico.com\/en\/producto\/cartridge-head\/#breadcrumb"},"inLanguage":"en-US","potentialAction":[{"@type":"ReadAction","target":["https:\/\/techmasterdemexico.com\/en\/producto\/cartridge-head\/"]}]},{"@type":"ImageObject","inLanguage":"en-US","@id":"https:\/\/techmasterdemexico.com\/en\/producto\/cartridge-head\/#primaryimage","url":"https:\/\/techmasterdemexico.com\/wp-content\/uploads\/2021\/10\/519-331.jpg","contentUrl":"https:\/\/techmasterdemexico.com\/wp-content\/uploads\/2021\/10\/519-331.jpg","width":800,"height":800},{"@type":"BreadcrumbList","@id":"https:\/\/techmasterdemexico.com\/en\/producto\/cartridge-head\/#breadcrumb","itemListElement":[{"@type":"ListItem","position":1,"name":"Portada","item":"https:\/\/techmasterdemexico.com\/"},{"@type":"ListItem","position":2,"name":"Cartridge Head"}]},{"@type":"WebSite","@id":"https:\/\/techmasterdemexico.com\/#website","url":"https:\/\/techmasterdemexico.com\/","name":"Techmaster de Mexico","description":"","potentialAction":[{"@type":"SearchAction","target":{"@type":"EntryPoint","urlTemplate":"https:\/\/techmasterdemexico.com\/?s={search_term_string}"},"query-input":{"@type":"PropertyValueSpecification","valueRequired":true,"valueName":"search_term_string"}}],"inLanguage":"en-US"}]}},"brands":[{"id":39,"name":"Mitutoyo","slug":"mitutoyo"}],"_links":{"self":[{"href":"https:\/\/techmasterdemexico.com\/en\/wp-json\/wp\/v2\/product\/10687","targetHints":{"allow":["GET"]}}],"collection":[{"href":"https:\/\/techmasterdemexico.com\/en\/wp-json\/wp\/v2\/product"}],"about":[{"href":"https:\/\/techmasterdemexico.com\/en\/wp-json\/wp\/v2\/types\/product"}],"wp:featuredmedia":[{"embeddable":true,"href":"https:\/\/techmasterdemexico.com\/en\/wp-json\/wp\/v2\/media\/11055"}],"wp:attachment":[{"href":"https:\/\/techmasterdemexico.com\/en\/wp-json\/wp\/v2\/media?parent=10687"}],"wp:term":[{"taxonomy":"pwb-brand","embeddable":true,"href":"https:\/\/techmasterdemexico.com\/en\/wp-json\/wp\/v2\/pwb-brand?post=10687"},{"taxonomy":"product_brand","embeddable":true,"href":"https:\/\/techmasterdemexico.com\/en\/wp-json\/wp\/v2\/product_brand?post=10687"},{"taxonomy":"product_cat","embeddable":true,"href":"https:\/\/techmasterdemexico.com\/en\/wp-json\/wp\/v2\/product_cat?post=10687"},{"taxonomy":"product_tag","embeddable":true,"href":"https:\/\/techmasterdemexico.com\/en\/wp-json\/wp\/v2\/product_tag?post=10687"}],"curies":[{"name":"wp","href":"https:\/\/api.w.org\/{rel}","templated":true}]}}