{"id":10685,"date":"2021-10-28T17:46:04","date_gmt":"2021-10-28T17:46:04","guid":{"rendered":"https:\/\/techmastermx.ddns.net\/producto\/banco-electronico-de-medicion-de-alta-precision-litematic-vl-50s-100-b\/"},"modified":"2022-05-12T04:24:22","modified_gmt":"2022-05-12T04:24:22","slug":"banco-electronico-de-medicion-de-alta-precision-litematic-vl-50s-100-b","status":"publish","type":"product","link":"https:\/\/techmasterdemexico.com\/en\/producto\/banco-electronico-de-medicion-de-alta-precision-litematic-vl-50s-100-b\/","title":{"rendered":"Banco electr\u00f3nico de medici\u00f3n de alta precisi\u00f3n &#8220;LITEMATIC&#8221; VL-50S-100-B"},"content":{"rendered":"<p>Banco electr\u00f3nico de medici\u00f3n de alta precisi\u00f3n &#8220;LITEMATIC&#8221; VL-50S-100-B<br \/>\nN\u00famero de art\u00edculo: 318-228D<\/p>\n<p>Este es un cabezal medidor de alta exactitud con un controlador separado.<\/p>\n<p>&nbsp;<\/p>\n<p>El LITEMATIC VL-50 le ofrece los siguientes beneficios:<\/p>\n<p>&nbsp;<\/p>\n<ul>\n<li>Tiene una fuerza de medici\u00f3n de 0.01 N (1 gf) y una resoluci\u00f3n de 0.01 \u03bcm.<\/li>\n<li>Su fuerza de medici\u00f3n constante y baja lo hace especialmente adecuado para medir materiales blandos como caucho, pl\u00e1stico, espesores de pel\u00edcula o piezas f\u00e1cilmente deformables.<\/li>\n<li>Su accionamiento por motor le ofrece una gama de velocidades de aproximaci\u00f3n y retracci\u00f3n para una operaci\u00f3n segura y f\u00e1cil.<\/li>\n<li>El cabezal se suministra con un controlador separado para que pueda montarlo en un dispositivo de medici\u00f3n o en el soporte del comparador opcional.<\/li>\n<\/ul>\n","protected":false},"excerpt":{"rendered":"<ul>\n<li>Exactitud:<br \/>\n(0,5 + L\/100) \u00b5m<br \/>\nL = Altura de la medida<\/li>\n<li>Medida de fuerza:<br \/>\n1 N (102 gf)<\/li>\n<li>Tipo:<br \/>\nVL-50S-100-B<\/li>\n<li>Rango de medida (interior):<br \/>\n0-50 mm<\/li>\n<li>Salida de datos:<br \/>\nDIGIMATIC, RS-232C,<br \/>\nI\/O interface<\/li>\n<li>Selector ZERO\/ABS:<br \/>\nSi<\/li>\n<li>Salida de datos:<br \/>\nSi<\/li>\n<li>PRESET:<br \/>\nSi<\/li>\n<li>Bloqueo de teclado:<br \/>\nSi<\/li>\n<li>Conmutador mm\/inch:<br \/>\nSi<\/li>\n<li>Entrada de tolerancia ( 3 o 5 niveles):<br \/>\nSi<\/li>\n<li>Movimiento de \u00e9mbolo motorizado:<br \/>\nSi<\/li>\n<li>Modo: lectura m\u00e1x-m\u00edn (TIR):<br \/>\nSi<\/li>\n<li>Cambio del sentido de contaje:<br \/>\nSi<\/li>\n<li>ORIGIN (puesta a cero ABS):<br \/>\nSi<\/li>\n<li>Direcci\u00f3n del contador reversible:<br \/>\nSi<\/li>\n<\/ul>\n","protected":false},"featured_media":11063,"template":"","meta":{"_acf_changed":false},"pwb-brand":[39],"product_brand":[],"product_cat":[366,323,38,320],"product_tag":[],"class_list":{"0":"post-10685","1":"product","2":"type-product","3":"status-publish","4":"has-post-thumbnail","6":"pwb-brand-mitutoyo","7":"product_cat-todos-los-productos","8":"product_cat-medidores-motorizados","9":"product_cat-mitutoyo","10":"product_cat-sensores","12":"first","13":"instock","14":"taxable","15":"shipping-taxable","16":"product-type-simple"},"acf":[],"yoast_head":"<!-- This site is optimized with the Yoast SEO plugin v27.2 - https:\/\/yoast.com\/product\/yoast-seo-wordpress\/ -->\n<title>Banco electr\u00f3nico de medici\u00f3n de alta precisi\u00f3n &quot;LITEMATIC&quot; VL-50S-100-B - Techmaster de Mexico<\/title>\n<meta name=\"robots\" content=\"index, follow, max-snippet:-1, max-image-preview:large, max-video-preview:-1\" \/>\n<link rel=\"canonical\" href=\"https:\/\/techmasterdemexico.com\/producto\/banco-electronico-de-medicion-de-alta-precision-litematic-vl-50s-100-b\/\" \/>\n<meta property=\"og:locale\" content=\"en_US\" \/>\n<meta property=\"og:type\" content=\"article\" \/>\n<meta property=\"og:title\" content=\"Banco electr\u00f3nico de medici\u00f3n de alta precisi\u00f3n &quot;LITEMATIC&quot; VL-50S-100-B - Techmaster de Mexico\" \/>\n<meta property=\"og:description\" content=\"Exactitud: (0,5 + L\/100) \u00b5m L = Altura de la medida  Medida de fuerza: 1 N (102 gf)  Tipo: VL-50S-100-B  Rango de medida (interior): 0-50 mm  Salida de datos: DIGIMATIC, RS-232C, I\/O interface  Selector ZERO\/ABS: Si  Salida de datos: Si  PRESET: Si  Bloqueo de teclado: Si  Conmutador mm\/inch: Si  Entrada de tolerancia ( 3 o 5 niveles): Si  Movimiento de \u00e9mbolo motorizado: Si  Modo: lectura m\u00e1x-m\u00edn (TIR): Si  Cambio del sentido de contaje: Si  ORIGIN (puesta a cero ABS): Si  Direcci\u00f3n del contador reversible: Si\" \/>\n<meta property=\"og:url\" content=\"https:\/\/techmasterdemexico.com\/producto\/banco-electronico-de-medicion-de-alta-precision-litematic-vl-50s-100-b\/\" \/>\n<meta property=\"og:site_name\" content=\"Techmaster de Mexico\" \/>\n<meta property=\"article:modified_time\" content=\"2022-05-12T04:24:22+00:00\" \/>\n<meta property=\"og:image\" content=\"https:\/\/techmasterdemexico.com\/wp-content\/uploads\/2021\/10\/318-228D.jpg\" \/>\n\t<meta property=\"og:image:width\" content=\"800\" \/>\n\t<meta property=\"og:image:height\" content=\"800\" \/>\n\t<meta property=\"og:image:type\" content=\"image\/jpeg\" \/>\n<meta name=\"twitter:card\" content=\"summary_large_image\" \/>\n<meta name=\"twitter:label1\" content=\"Est. reading time\" \/>\n\t<meta name=\"twitter:data1\" content=\"1 minute\" \/>\n<script type=\"application\/ld+json\" class=\"yoast-schema-graph\">{\"@context\":\"https:\/\/schema.org\",\"@graph\":[{\"@type\":\"WebPage\",\"@id\":\"https:\/\/techmasterdemexico.com\/producto\/banco-electronico-de-medicion-de-alta-precision-litematic-vl-50s-100-b\/\",\"url\":\"https:\/\/techmasterdemexico.com\/producto\/banco-electronico-de-medicion-de-alta-precision-litematic-vl-50s-100-b\/\",\"name\":\"Banco electr\u00f3nico de medici\u00f3n de alta precisi\u00f3n \\\"LITEMATIC\\\" VL-50S-100-B - Techmaster de Mexico\",\"isPartOf\":{\"@id\":\"https:\/\/techmasterdemexico.com\/#website\"},\"primaryImageOfPage\":{\"@id\":\"https:\/\/techmasterdemexico.com\/producto\/banco-electronico-de-medicion-de-alta-precision-litematic-vl-50s-100-b\/#primaryimage\"},\"image\":{\"@id\":\"https:\/\/techmasterdemexico.com\/producto\/banco-electronico-de-medicion-de-alta-precision-litematic-vl-50s-100-b\/#primaryimage\"},\"thumbnailUrl\":\"https:\/\/techmasterdemexico.com\/wp-content\/uploads\/2021\/10\/318-228D.jpg\",\"datePublished\":\"2021-10-28T17:46:04+00:00\",\"dateModified\":\"2022-05-12T04:24:22+00:00\",\"breadcrumb\":{\"@id\":\"https:\/\/techmasterdemexico.com\/producto\/banco-electronico-de-medicion-de-alta-precision-litematic-vl-50s-100-b\/#breadcrumb\"},\"inLanguage\":\"en-US\",\"potentialAction\":[{\"@type\":\"ReadAction\",\"target\":[\"https:\/\/techmasterdemexico.com\/producto\/banco-electronico-de-medicion-de-alta-precision-litematic-vl-50s-100-b\/\"]}]},{\"@type\":\"ImageObject\",\"inLanguage\":\"en-US\",\"@id\":\"https:\/\/techmasterdemexico.com\/producto\/banco-electronico-de-medicion-de-alta-precision-litematic-vl-50s-100-b\/#primaryimage\",\"url\":\"https:\/\/techmasterdemexico.com\/wp-content\/uploads\/2021\/10\/318-228D.jpg\",\"contentUrl\":\"https:\/\/techmasterdemexico.com\/wp-content\/uploads\/2021\/10\/318-228D.jpg\",\"width\":800,\"height\":800},{\"@type\":\"BreadcrumbList\",\"@id\":\"https:\/\/techmasterdemexico.com\/producto\/banco-electronico-de-medicion-de-alta-precision-litematic-vl-50s-100-b\/#breadcrumb\",\"itemListElement\":[{\"@type\":\"ListItem\",\"position\":1,\"name\":\"Portada\",\"item\":\"https:\/\/techmasterdemexico.com\/\"},{\"@type\":\"ListItem\",\"position\":2,\"name\":\"Banco electr\u00f3nico de medici\u00f3n de alta precisi\u00f3n \u00abLITEMATIC\u00bb VL-50S-100-B\"}]},{\"@type\":\"WebSite\",\"@id\":\"https:\/\/techmasterdemexico.com\/#website\",\"url\":\"https:\/\/techmasterdemexico.com\/\",\"name\":\"Techmaster de Mexico\",\"description\":\"\",\"potentialAction\":[{\"@type\":\"SearchAction\",\"target\":{\"@type\":\"EntryPoint\",\"urlTemplate\":\"https:\/\/techmasterdemexico.com\/?s={search_term_string}\"},\"query-input\":{\"@type\":\"PropertyValueSpecification\",\"valueRequired\":true,\"valueName\":\"search_term_string\"}}],\"inLanguage\":\"en-US\"}]}<\/script>\n<!-- \/ Yoast SEO plugin. -->","yoast_head_json":{"title":"Banco electr\u00f3nico de medici\u00f3n de alta precisi\u00f3n \"LITEMATIC\" VL-50S-100-B - Techmaster de Mexico","robots":{"index":"index","follow":"follow","max-snippet":"max-snippet:-1","max-image-preview":"max-image-preview:large","max-video-preview":"max-video-preview:-1"},"canonical":"https:\/\/techmasterdemexico.com\/producto\/banco-electronico-de-medicion-de-alta-precision-litematic-vl-50s-100-b\/","og_locale":"en_US","og_type":"article","og_title":"Banco electr\u00f3nico de medici\u00f3n de alta precisi\u00f3n \"LITEMATIC\" VL-50S-100-B - Techmaster de Mexico","og_description":"Exactitud: (0,5 + L\/100) \u00b5m L = Altura de la medida  Medida de fuerza: 1 N (102 gf)  Tipo: VL-50S-100-B  Rango de medida (interior): 0-50 mm  Salida de datos: DIGIMATIC, RS-232C, I\/O interface  Selector ZERO\/ABS: Si  Salida de datos: Si  PRESET: Si  Bloqueo de teclado: Si  Conmutador mm\/inch: Si  Entrada de tolerancia ( 3 o 5 niveles): Si  Movimiento de \u00e9mbolo motorizado: Si  Modo: lectura m\u00e1x-m\u00edn (TIR): Si  Cambio del sentido de contaje: Si  ORIGIN (puesta a cero ABS): Si  Direcci\u00f3n del contador reversible: Si","og_url":"https:\/\/techmasterdemexico.com\/producto\/banco-electronico-de-medicion-de-alta-precision-litematic-vl-50s-100-b\/","og_site_name":"Techmaster de Mexico","article_modified_time":"2022-05-12T04:24:22+00:00","og_image":[{"width":800,"height":800,"url":"https:\/\/techmasterdemexico.com\/wp-content\/uploads\/2021\/10\/318-228D.jpg","type":"image\/jpeg"}],"twitter_card":"summary_large_image","twitter_misc":{"Est. reading time":"1 minute"},"schema":{"@context":"https:\/\/schema.org","@graph":[{"@type":"WebPage","@id":"https:\/\/techmasterdemexico.com\/producto\/banco-electronico-de-medicion-de-alta-precision-litematic-vl-50s-100-b\/","url":"https:\/\/techmasterdemexico.com\/producto\/banco-electronico-de-medicion-de-alta-precision-litematic-vl-50s-100-b\/","name":"Banco electr\u00f3nico de medici\u00f3n de alta precisi\u00f3n \"LITEMATIC\" VL-50S-100-B - Techmaster de Mexico","isPartOf":{"@id":"https:\/\/techmasterdemexico.com\/#website"},"primaryImageOfPage":{"@id":"https:\/\/techmasterdemexico.com\/producto\/banco-electronico-de-medicion-de-alta-precision-litematic-vl-50s-100-b\/#primaryimage"},"image":{"@id":"https:\/\/techmasterdemexico.com\/producto\/banco-electronico-de-medicion-de-alta-precision-litematic-vl-50s-100-b\/#primaryimage"},"thumbnailUrl":"https:\/\/techmasterdemexico.com\/wp-content\/uploads\/2021\/10\/318-228D.jpg","datePublished":"2021-10-28T17:46:04+00:00","dateModified":"2022-05-12T04:24:22+00:00","breadcrumb":{"@id":"https:\/\/techmasterdemexico.com\/producto\/banco-electronico-de-medicion-de-alta-precision-litematic-vl-50s-100-b\/#breadcrumb"},"inLanguage":"en-US","potentialAction":[{"@type":"ReadAction","target":["https:\/\/techmasterdemexico.com\/producto\/banco-electronico-de-medicion-de-alta-precision-litematic-vl-50s-100-b\/"]}]},{"@type":"ImageObject","inLanguage":"en-US","@id":"https:\/\/techmasterdemexico.com\/producto\/banco-electronico-de-medicion-de-alta-precision-litematic-vl-50s-100-b\/#primaryimage","url":"https:\/\/techmasterdemexico.com\/wp-content\/uploads\/2021\/10\/318-228D.jpg","contentUrl":"https:\/\/techmasterdemexico.com\/wp-content\/uploads\/2021\/10\/318-228D.jpg","width":800,"height":800},{"@type":"BreadcrumbList","@id":"https:\/\/techmasterdemexico.com\/producto\/banco-electronico-de-medicion-de-alta-precision-litematic-vl-50s-100-b\/#breadcrumb","itemListElement":[{"@type":"ListItem","position":1,"name":"Portada","item":"https:\/\/techmasterdemexico.com\/"},{"@type":"ListItem","position":2,"name":"Banco electr\u00f3nico de medici\u00f3n de alta precisi\u00f3n \u00abLITEMATIC\u00bb VL-50S-100-B"}]},{"@type":"WebSite","@id":"https:\/\/techmasterdemexico.com\/#website","url":"https:\/\/techmasterdemexico.com\/","name":"Techmaster de Mexico","description":"","potentialAction":[{"@type":"SearchAction","target":{"@type":"EntryPoint","urlTemplate":"https:\/\/techmasterdemexico.com\/?s={search_term_string}"},"query-input":{"@type":"PropertyValueSpecification","valueRequired":true,"valueName":"search_term_string"}}],"inLanguage":"en-US"}]}},"brands":[{"id":39,"name":"Mitutoyo","slug":"mitutoyo"}],"_links":{"self":[{"href":"https:\/\/techmasterdemexico.com\/en\/wp-json\/wp\/v2\/product\/10685","targetHints":{"allow":["GET"]}}],"collection":[{"href":"https:\/\/techmasterdemexico.com\/en\/wp-json\/wp\/v2\/product"}],"about":[{"href":"https:\/\/techmasterdemexico.com\/en\/wp-json\/wp\/v2\/types\/product"}],"wp:featuredmedia":[{"embeddable":true,"href":"https:\/\/techmasterdemexico.com\/en\/wp-json\/wp\/v2\/media\/11063"}],"wp:attachment":[{"href":"https:\/\/techmasterdemexico.com\/en\/wp-json\/wp\/v2\/media?parent=10685"}],"wp:term":[{"taxonomy":"pwb-brand","embeddable":true,"href":"https:\/\/techmasterdemexico.com\/en\/wp-json\/wp\/v2\/pwb-brand?post=10685"},{"taxonomy":"product_brand","embeddable":true,"href":"https:\/\/techmasterdemexico.com\/en\/wp-json\/wp\/v2\/product_brand?post=10685"},{"taxonomy":"product_cat","embeddable":true,"href":"https:\/\/techmasterdemexico.com\/en\/wp-json\/wp\/v2\/product_cat?post=10685"},{"taxonomy":"product_tag","embeddable":true,"href":"https:\/\/techmasterdemexico.com\/en\/wp-json\/wp\/v2\/product_tag?post=10685"}],"curies":[{"name":"wp","href":"https:\/\/api.w.org\/{rel}","templated":true}]}}