{"id":10677,"date":"2021-10-28T17:45:55","date_gmt":"2021-10-28T17:45:55","guid":{"rendered":"https:\/\/techmastermx.ddns.net\/producto\/slim-head-linear-gauge-lgb-10-mm-0001-mm-1-%c2%b5m\/"},"modified":"2022-05-12T04:24:27","modified_gmt":"2022-05-12T04:24:27","slug":"slim-head-linear-gauge-lgb-10-mm-0001-mm-1-%c2%b5m","status":"publish","type":"product","link":"https:\/\/techmasterdemexico.com\/en\/producto\/slim-head-linear-gauge-lgb-10-mm-0001-mm-1-%c2%b5m\/","title":{"rendered":"Slim Head Linear Gauge LGB 10 mm, 0,001 mm, 1 \u00b5m"},"content":{"rendered":"<p>Slim Head Linear Gauge LGB<br \/>\n10 mm, 0,001 mm, 1 \u00b5m<br \/>\nN\u00famero de art\u00edculo: 542-262H<\/p>\n<p>Linear Gage LGB extra delgado que le ofrece los siguientes beneficios:<\/p>\n<p>&nbsp;<\/p>\n<ul>\n<li>Su salida de se\u00f1al de onda cuadrada diferencial le permite utilizarlo para una amplia gama de aplicaciones.<\/li>\n<li>Es muy duradero debido a los rodamientos lineales de bolas en la unidad del husillo.<\/li>\n<\/ul>\n","protected":false},"excerpt":{"rendered":"<ul>\n<li>Rango: 0 &#8211; 10 mm<\/li>\n<li>Exactitud: 1 \u00b5m<\/li>\n<li>Fuerza de medici\u00f3n *1: 0.8 N\/0.75 N\/0.7 N<\/li>\n<li>Diametro del vastago \u00d8: 9,5 mm<\/li>\n<li>Peso: 170 g<\/li>\n<li>Resoluci\u00f3n: 0,001 mm<\/li>\n<li>Escala: Codificador lineal fotoel\u00e9ctrico<\/li>\n<li>Velocidad m\u00e1x. de respuesta: 900 mm\/s<\/li>\n<li>Punta de contacto:\n<ul>\n<li>Bola de carburo de \u00d83 mm,<\/li>\n<li>rosca: M 2,5 x 0,45<\/li>\n<\/ul>\n<\/li>\n<li>Resoluci\u00f3n: 0,001 mm<\/li>\n<li>Intervalo de se\u00f1al: 4 \u00b5m<\/li>\n<li>Longitud del cable: 2 m<\/li>\n<li>Fuente de alimentaci\u00f3n: 5 V (4.5 V to 5.2 V)<\/li>\n<li>Se\u00f1al de salida: Diferencia de fase de 90 \u00b0, onda cuadrada diferencial (equivalente a RS-422A)<\/li>\n<li>Condiciones ambientales: 0\u00b0 C a 40\u00b0 C (humedad relativa 20% a 80% , sin condensaci\u00f3n)<\/li>\n<li>Ejecuci\u00f3n con rodamientos: Cojinete de bolas lineal<\/li>\n<\/ul>\n","protected":false},"featured_media":11091,"template":"","meta":{"_acf_changed":false},"pwb-brand":[39],"product_brand":[],"product_cat":[366,339,322,38,320],"product_tag":[],"class_list":{"0":"post-10677","1":"product","2":"type-product","3":"status-publish","4":"has-post-thumbnail","6":"pwb-brand-mitutoyo","7":"product_cat-todos-los-productos","8":"product_cat-linear-gauge-slim-head-serie-lgb","9":"product_cat-linear-gauges-digimatic-e-incrementales","10":"product_cat-mitutoyo","11":"product_cat-sensores","13":"first","14":"instock","15":"taxable","16":"shipping-taxable","17":"product-type-simple"},"acf":[],"yoast_head":"<!-- This site is optimized with the Yoast SEO plugin v27.2 - https:\/\/yoast.com\/product\/yoast-seo-wordpress\/ -->\n<title>Slim Head Linear Gauge LGB 10 mm, 0,001 mm, 1 \u00b5m - Techmaster de Mexico<\/title>\n<meta name=\"robots\" content=\"index, follow, max-snippet:-1, max-image-preview:large, max-video-preview:-1\" \/>\n<link rel=\"canonical\" href=\"https:\/\/techmasterdemexico.com\/producto\/slim-head-linear-gauge-lgb-10-mm-0001-mm-1-\u00b5m\/\" \/>\n<meta property=\"og:locale\" content=\"en_US\" \/>\n<meta property=\"og:type\" content=\"article\" \/>\n<meta property=\"og:title\" content=\"Slim Head Linear Gauge LGB 10 mm, 0,001 mm, 1 \u00b5m - Techmaster de Mexico\" \/>\n<meta property=\"og:description\" content=\"Rango: 0 - 10 mm  Exactitud: 1 \u00b5m  Fuerza de medici\u00f3n *1: 0.8 N\/0.75 N\/0.7 N  Diametro del vastago \u00d8: 9,5 mm  Peso: 170 g  Resoluci\u00f3n: 0,001 mm  Escala: Codificador lineal fotoel\u00e9ctrico  Velocidad m\u00e1x. de respuesta: 900 mm\/s  Punta de contacto:   Bola de carburo de \u00d83 mm,  rosca: M 2,5 x 0,45    Resoluci\u00f3n: 0,001 mm  Intervalo de se\u00f1al: 4 \u00b5m  Longitud del cable: 2 m  Fuente de alimentaci\u00f3n: 5 V (4.5 V to 5.2 V)  Se\u00f1al de salida: Diferencia de fase de 90 \u00b0, onda cuadrada diferencial (equivalente a RS-422A)  Condiciones ambientales: 0\u00b0 C a 40\u00b0 C (humedad relativa 20% a 80% , sin condensaci\u00f3n)  Ejecuci\u00f3n con rodamientos: Cojinete de bolas lineal\" \/>\n<meta property=\"og:url\" content=\"https:\/\/techmasterdemexico.com\/producto\/slim-head-linear-gauge-lgb-10-mm-0001-mm-1-\u00b5m\/\" \/>\n<meta property=\"og:site_name\" content=\"Techmaster de Mexico\" \/>\n<meta property=\"article:modified_time\" content=\"2022-05-12T04:24:27+00:00\" \/>\n<meta property=\"og:image\" content=\"https:\/\/techmasterdemexico.com\/wp-content\/uploads\/2021\/10\/542-262H.jpg\" \/>\n\t<meta property=\"og:image:width\" content=\"800\" \/>\n\t<meta property=\"og:image:height\" content=\"800\" \/>\n\t<meta property=\"og:image:type\" content=\"image\/jpeg\" \/>\n<meta name=\"twitter:card\" content=\"summary_large_image\" \/>\n<script type=\"application\/ld+json\" class=\"yoast-schema-graph\">{\"@context\":\"https:\/\/schema.org\",\"@graph\":[{\"@type\":\"WebPage\",\"@id\":\"https:\/\/techmasterdemexico.com\/producto\/slim-head-linear-gauge-lgb-10-mm-0001-mm-1-%c2%b5m\/\",\"url\":\"https:\/\/techmasterdemexico.com\/producto\/slim-head-linear-gauge-lgb-10-mm-0001-mm-1-%c2%b5m\/\",\"name\":\"Slim Head Linear Gauge LGB 10 mm, 0,001 mm, 1 \u00b5m - Techmaster de Mexico\",\"isPartOf\":{\"@id\":\"https:\/\/techmasterdemexico.com\/#website\"},\"primaryImageOfPage\":{\"@id\":\"https:\/\/techmasterdemexico.com\/producto\/slim-head-linear-gauge-lgb-10-mm-0001-mm-1-%c2%b5m\/#primaryimage\"},\"image\":{\"@id\":\"https:\/\/techmasterdemexico.com\/producto\/slim-head-linear-gauge-lgb-10-mm-0001-mm-1-%c2%b5m\/#primaryimage\"},\"thumbnailUrl\":\"https:\/\/techmasterdemexico.com\/wp-content\/uploads\/2021\/10\/542-262H.jpg\",\"datePublished\":\"2021-10-28T17:45:55+00:00\",\"dateModified\":\"2022-05-12T04:24:27+00:00\",\"breadcrumb\":{\"@id\":\"https:\/\/techmasterdemexico.com\/producto\/slim-head-linear-gauge-lgb-10-mm-0001-mm-1-%c2%b5m\/#breadcrumb\"},\"inLanguage\":\"en-US\",\"potentialAction\":[{\"@type\":\"ReadAction\",\"target\":[\"https:\/\/techmasterdemexico.com\/producto\/slim-head-linear-gauge-lgb-10-mm-0001-mm-1-%c2%b5m\/\"]}]},{\"@type\":\"ImageObject\",\"inLanguage\":\"en-US\",\"@id\":\"https:\/\/techmasterdemexico.com\/producto\/slim-head-linear-gauge-lgb-10-mm-0001-mm-1-%c2%b5m\/#primaryimage\",\"url\":\"https:\/\/techmasterdemexico.com\/wp-content\/uploads\/2021\/10\/542-262H.jpg\",\"contentUrl\":\"https:\/\/techmasterdemexico.com\/wp-content\/uploads\/2021\/10\/542-262H.jpg\",\"width\":800,\"height\":800},{\"@type\":\"BreadcrumbList\",\"@id\":\"https:\/\/techmasterdemexico.com\/producto\/slim-head-linear-gauge-lgb-10-mm-0001-mm-1-%c2%b5m\/#breadcrumb\",\"itemListElement\":[{\"@type\":\"ListItem\",\"position\":1,\"name\":\"Portada\",\"item\":\"https:\/\/techmasterdemexico.com\/\"},{\"@type\":\"ListItem\",\"position\":2,\"name\":\"Slim Head Linear Gauge LGB 10 mm, 0,001 mm, 1 \u00b5m\"}]},{\"@type\":\"WebSite\",\"@id\":\"https:\/\/techmasterdemexico.com\/#website\",\"url\":\"https:\/\/techmasterdemexico.com\/\",\"name\":\"Techmaster de Mexico\",\"description\":\"\",\"potentialAction\":[{\"@type\":\"SearchAction\",\"target\":{\"@type\":\"EntryPoint\",\"urlTemplate\":\"https:\/\/techmasterdemexico.com\/?s={search_term_string}\"},\"query-input\":{\"@type\":\"PropertyValueSpecification\",\"valueRequired\":true,\"valueName\":\"search_term_string\"}}],\"inLanguage\":\"en-US\"}]}<\/script>\n<!-- \/ Yoast SEO plugin. -->","yoast_head_json":{"title":"Slim Head Linear Gauge LGB 10 mm, 0,001 mm, 1 \u00b5m - Techmaster de Mexico","robots":{"index":"index","follow":"follow","max-snippet":"max-snippet:-1","max-image-preview":"max-image-preview:large","max-video-preview":"max-video-preview:-1"},"canonical":"https:\/\/techmasterdemexico.com\/producto\/slim-head-linear-gauge-lgb-10-mm-0001-mm-1-\u00b5m\/","og_locale":"en_US","og_type":"article","og_title":"Slim Head Linear Gauge LGB 10 mm, 0,001 mm, 1 \u00b5m - Techmaster de Mexico","og_description":"Rango: 0 - 10 mm  Exactitud: 1 \u00b5m  Fuerza de medici\u00f3n *1: 0.8 N\/0.75 N\/0.7 N  Diametro del vastago \u00d8: 9,5 mm  Peso: 170 g  Resoluci\u00f3n: 0,001 mm  Escala: Codificador lineal fotoel\u00e9ctrico  Velocidad m\u00e1x. de respuesta: 900 mm\/s  Punta de contacto:   Bola de carburo de \u00d83 mm,  rosca: M 2,5 x 0,45    Resoluci\u00f3n: 0,001 mm  Intervalo de se\u00f1al: 4 \u00b5m  Longitud del cable: 2 m  Fuente de alimentaci\u00f3n: 5 V (4.5 V to 5.2 V)  Se\u00f1al de salida: Diferencia de fase de 90 \u00b0, onda cuadrada diferencial (equivalente a RS-422A)  Condiciones ambientales: 0\u00b0 C a 40\u00b0 C (humedad relativa 20% a 80% , sin condensaci\u00f3n)  Ejecuci\u00f3n con rodamientos: Cojinete de bolas lineal","og_url":"https:\/\/techmasterdemexico.com\/producto\/slim-head-linear-gauge-lgb-10-mm-0001-mm-1-\u00b5m\/","og_site_name":"Techmaster de Mexico","article_modified_time":"2022-05-12T04:24:27+00:00","og_image":[{"width":800,"height":800,"url":"https:\/\/techmasterdemexico.com\/wp-content\/uploads\/2021\/10\/542-262H.jpg","type":"image\/jpeg"}],"twitter_card":"summary_large_image","schema":{"@context":"https:\/\/schema.org","@graph":[{"@type":"WebPage","@id":"https:\/\/techmasterdemexico.com\/producto\/slim-head-linear-gauge-lgb-10-mm-0001-mm-1-%c2%b5m\/","url":"https:\/\/techmasterdemexico.com\/producto\/slim-head-linear-gauge-lgb-10-mm-0001-mm-1-%c2%b5m\/","name":"Slim Head Linear Gauge LGB 10 mm, 0,001 mm, 1 \u00b5m - Techmaster de Mexico","isPartOf":{"@id":"https:\/\/techmasterdemexico.com\/#website"},"primaryImageOfPage":{"@id":"https:\/\/techmasterdemexico.com\/producto\/slim-head-linear-gauge-lgb-10-mm-0001-mm-1-%c2%b5m\/#primaryimage"},"image":{"@id":"https:\/\/techmasterdemexico.com\/producto\/slim-head-linear-gauge-lgb-10-mm-0001-mm-1-%c2%b5m\/#primaryimage"},"thumbnailUrl":"https:\/\/techmasterdemexico.com\/wp-content\/uploads\/2021\/10\/542-262H.jpg","datePublished":"2021-10-28T17:45:55+00:00","dateModified":"2022-05-12T04:24:27+00:00","breadcrumb":{"@id":"https:\/\/techmasterdemexico.com\/producto\/slim-head-linear-gauge-lgb-10-mm-0001-mm-1-%c2%b5m\/#breadcrumb"},"inLanguage":"en-US","potentialAction":[{"@type":"ReadAction","target":["https:\/\/techmasterdemexico.com\/producto\/slim-head-linear-gauge-lgb-10-mm-0001-mm-1-%c2%b5m\/"]}]},{"@type":"ImageObject","inLanguage":"en-US","@id":"https:\/\/techmasterdemexico.com\/producto\/slim-head-linear-gauge-lgb-10-mm-0001-mm-1-%c2%b5m\/#primaryimage","url":"https:\/\/techmasterdemexico.com\/wp-content\/uploads\/2021\/10\/542-262H.jpg","contentUrl":"https:\/\/techmasterdemexico.com\/wp-content\/uploads\/2021\/10\/542-262H.jpg","width":800,"height":800},{"@type":"BreadcrumbList","@id":"https:\/\/techmasterdemexico.com\/producto\/slim-head-linear-gauge-lgb-10-mm-0001-mm-1-%c2%b5m\/#breadcrumb","itemListElement":[{"@type":"ListItem","position":1,"name":"Portada","item":"https:\/\/techmasterdemexico.com\/"},{"@type":"ListItem","position":2,"name":"Slim Head Linear Gauge LGB 10 mm, 0,001 mm, 1 \u00b5m"}]},{"@type":"WebSite","@id":"https:\/\/techmasterdemexico.com\/#website","url":"https:\/\/techmasterdemexico.com\/","name":"Techmaster de Mexico","description":"","potentialAction":[{"@type":"SearchAction","target":{"@type":"EntryPoint","urlTemplate":"https:\/\/techmasterdemexico.com\/?s={search_term_string}"},"query-input":{"@type":"PropertyValueSpecification","valueRequired":true,"valueName":"search_term_string"}}],"inLanguage":"en-US"}]}},"brands":[{"id":39,"name":"Mitutoyo","slug":"mitutoyo"}],"_links":{"self":[{"href":"https:\/\/techmasterdemexico.com\/en\/wp-json\/wp\/v2\/product\/10677","targetHints":{"allow":["GET"]}}],"collection":[{"href":"https:\/\/techmasterdemexico.com\/en\/wp-json\/wp\/v2\/product"}],"about":[{"href":"https:\/\/techmasterdemexico.com\/en\/wp-json\/wp\/v2\/types\/product"}],"wp:featuredmedia":[{"embeddable":true,"href":"https:\/\/techmasterdemexico.com\/en\/wp-json\/wp\/v2\/media\/11091"}],"wp:attachment":[{"href":"https:\/\/techmasterdemexico.com\/en\/wp-json\/wp\/v2\/media?parent=10677"}],"wp:term":[{"taxonomy":"pwb-brand","embeddable":true,"href":"https:\/\/techmasterdemexico.com\/en\/wp-json\/wp\/v2\/pwb-brand?post=10677"},{"taxonomy":"product_brand","embeddable":true,"href":"https:\/\/techmasterdemexico.com\/en\/wp-json\/wp\/v2\/product_brand?post=10677"},{"taxonomy":"product_cat","embeddable":true,"href":"https:\/\/techmasterdemexico.com\/en\/wp-json\/wp\/v2\/product_cat?post=10677"},{"taxonomy":"product_tag","embeddable":true,"href":"https:\/\/techmasterdemexico.com\/en\/wp-json\/wp\/v2\/product_tag?post=10677"}],"curies":[{"name":"wp","href":"https:\/\/api.w.org\/{rel}","templated":true}]}}