{"id":10665,"date":"2021-10-28T17:45:49","date_gmt":"2021-10-28T17:45:49","guid":{"rendered":"https:\/\/techmastermx.ddns.net\/producto\/standard-linear-gauge-lgf-25-mm-00005-mm\/"},"modified":"2022-05-12T04:25:04","modified_gmt":"2022-05-12T04:25:04","slug":"standard-linear-gauge-lgf-25-mm-00005-mm","status":"publish","type":"product","link":"https:\/\/techmasterdemexico.com\/en\/producto\/standard-linear-gauge-lgf-25-mm-00005-mm\/","title":{"rendered":"Standard Linear Gauge LGF 25 mm, 0,0005 mm"},"content":{"rendered":"<p>Standard Linear Gauge LGF<br \/>\n25 mm, 0,0005 mm<br \/>\nN\u00famero de art\u00edculo: 542-172<\/p>\n<p>Este es un linear gage muy robusto y econ\u00f3mico que le ofrece lo siguiente<br \/>\nbeneficios:<\/p>\n<p>&nbsp;<\/p>\n<ul>\n<li>Resistencia a golpes externos y vibraciones.<\/li>\n<li>Resoluci\u00f3n de 0.1\u03bcm<\/li>\n<li>Es muy duradero debido a los rodamientos lineales de bolas en la unidad del husillo.<\/li>\n<li>Excelente protecci\u00f3n contra el polvo y salpicaduras de agua (IP66) en el \u00e1rea de trabajo.<\/li>\n<\/ul>\n","protected":false},"excerpt":{"rendered":"<ul>\n<li>Rango: 0 &#8211; 25 mm<\/li>\n<li>Exactitud: (1,5 + L\/50) \u00b5m\/s<\/li>\n<li>Fuerza de medici\u00f3n *1: 4.6\/4.3\/4 N<\/li>\n<li>Velocidad m\u00e1x. de respuesta: 1500 mm\/s<\/li>\n<li>Diametro del vastago \u00d8: 15 mm<\/li>\n<li>Intervalo de se\u00f1al: 2 \u00b5m<\/li>\n<li>Peso: 300 g<\/li>\n<li>tipo de escala: Encoder lineal fotoel\u00e9ctrico<\/li>\n<li>Punta de contacto: \u00d83 mm metal duro (rosca de adaptaci\u00f3n M 2,5 x 0,45)<\/li>\n<li>Longitud del cable: 2 m<\/li>\n<li>Consumo de energia: Max. 120 mA<\/li>\n<li>Fuente de alimentaci\u00f3n: + 5 V (4.8 V a 5.2 V), voltaje 200 mV p-p max.<\/li>\n<li>Se\u00f1al de salida: Diferencia de fase 90\u00b0, onda cuadrada diferencial<br \/>\n(equivalente a RS-422A), distancia de bordes 200 ns para modelo 1 \u00b5m, 250 ns para modelo 0,5 \u00b5m<\/li>\n<li>Condiciones ambientales: 0 \u00b0C a 40 \u00b0C (20 % to 80 % humedad rel, sin condensaci\u00f3n)<\/li>\n<li>Ejecuci\u00f3n con rodamientos: Rodamiento lineal a bolas<\/li>\n<li>Resolution: 0.0005<\/li>\n<\/ul>\n","protected":false},"featured_media":11095,"template":"","meta":{"_acf_changed":false},"pwb-brand":[39],"product_brand":[],"product_cat":[366,338,322,38,320],"product_tag":[],"class_list":{"0":"post-10665","1":"product","2":"type-product","3":"status-publish","4":"has-post-thumbnail","6":"pwb-brand-mitutoyo","7":"product_cat-todos-los-productos","8":"product_cat-linear-gauge-serie-lgf","9":"product_cat-linear-gauges-digimatic-e-incrementales","10":"product_cat-mitutoyo","11":"product_cat-sensores","13":"first","14":"instock","15":"taxable","16":"shipping-taxable","17":"product-type-simple"},"acf":[],"yoast_head":"<!-- This site is optimized with the Yoast SEO plugin v27.2 - https:\/\/yoast.com\/product\/yoast-seo-wordpress\/ -->\n<title>Standard Linear Gauge LGF 25 mm, 0,0005 mm - Techmaster de Mexico<\/title>\n<meta name=\"robots\" content=\"index, follow, max-snippet:-1, max-image-preview:large, max-video-preview:-1\" \/>\n<link rel=\"canonical\" href=\"https:\/\/techmasterdemexico.com\/producto\/standard-linear-gauge-lgf-25-mm-00005-mm\/\" \/>\n<meta property=\"og:locale\" content=\"en_US\" \/>\n<meta property=\"og:type\" content=\"article\" \/>\n<meta property=\"og:title\" content=\"Standard Linear Gauge LGF 25 mm, 0,0005 mm - Techmaster de Mexico\" \/>\n<meta property=\"og:description\" content=\"[:en]  Rango: 0 - 25 mm  Exactitud: (1,5 + L\/50) \u00b5m\/s  Fuerza de medici\u00f3n *1: 4.6\/4.3\/4 N  Velocidad m\u00e1x. de respuesta: 1500 mm\/s  Diametro del vastago \u00d8: 15 mm  Intervalo de se\u00f1al: 2 \u00b5m  Peso: 300 g  tipo de escala: Encoder lineal fotoel\u00e9ctrico  Punta de contacto: \u00d83 mm metal duro (rosca de adaptaci\u00f3n M 2,5 x 0,45)  Longitud del cable: 2 m  Consumo de energia: Max. 120 mA  Fuente de alimentaci\u00f3n: + 5 V (4.8 V a 5.2 V), voltaje 200 mV p-p max.  Se\u00f1al de salida: Diferencia de fase 90\u00b0, onda cuadrada diferencial (equivalente a RS-422A), distancia de bordes 200 ns para modelo 1 \u00b5m, 250 ns para modelo 0,5 \u00b5m  Condiciones ambientales: 0 \u00b0C a 40 \u00b0C (20 % to 80 % humedad rel, sin condensaci\u00f3n)  Ejecuci\u00f3n con rodamientos: Rodamiento lineal a bolas  Resolution: 0.0005 [:]\" \/>\n<meta property=\"og:url\" content=\"https:\/\/techmasterdemexico.com\/producto\/standard-linear-gauge-lgf-25-mm-00005-mm\/\" \/>\n<meta property=\"og:site_name\" content=\"Techmaster de Mexico\" \/>\n<meta property=\"article:modified_time\" content=\"2022-05-12T04:25:04+00:00\" \/>\n<meta property=\"og:image\" content=\"https:\/\/techmasterdemexico.com\/wp-content\/uploads\/2021\/10\/542-162.jpg\" \/>\n\t<meta property=\"og:image:width\" content=\"500\" \/>\n\t<meta property=\"og:image:height\" content=\"500\" \/>\n\t<meta property=\"og:image:type\" content=\"image\/jpeg\" \/>\n<meta name=\"twitter:card\" content=\"summary_large_image\" \/>\n<script type=\"application\/ld+json\" class=\"yoast-schema-graph\">{\"@context\":\"https:\/\/schema.org\",\"@graph\":[{\"@type\":\"WebPage\",\"@id\":\"https:\/\/techmasterdemexico.com\/producto\/standard-linear-gauge-lgf-25-mm-00005-mm\/\",\"url\":\"https:\/\/techmasterdemexico.com\/producto\/standard-linear-gauge-lgf-25-mm-00005-mm\/\",\"name\":\"Standard Linear Gauge LGF 25 mm, 0,0005 mm - Techmaster de Mexico\",\"isPartOf\":{\"@id\":\"https:\/\/techmasterdemexico.com\/#website\"},\"primaryImageOfPage\":{\"@id\":\"https:\/\/techmasterdemexico.com\/producto\/standard-linear-gauge-lgf-25-mm-00005-mm\/#primaryimage\"},\"image\":{\"@id\":\"https:\/\/techmasterdemexico.com\/producto\/standard-linear-gauge-lgf-25-mm-00005-mm\/#primaryimage\"},\"thumbnailUrl\":\"https:\/\/techmasterdemexico.com\/wp-content\/uploads\/2021\/10\/542-162.jpg\",\"datePublished\":\"2021-10-28T17:45:49+00:00\",\"dateModified\":\"2022-05-12T04:25:04+00:00\",\"breadcrumb\":{\"@id\":\"https:\/\/techmasterdemexico.com\/producto\/standard-linear-gauge-lgf-25-mm-00005-mm\/#breadcrumb\"},\"inLanguage\":\"en-US\",\"potentialAction\":[{\"@type\":\"ReadAction\",\"target\":[\"https:\/\/techmasterdemexico.com\/producto\/standard-linear-gauge-lgf-25-mm-00005-mm\/\"]}]},{\"@type\":\"ImageObject\",\"inLanguage\":\"en-US\",\"@id\":\"https:\/\/techmasterdemexico.com\/producto\/standard-linear-gauge-lgf-25-mm-00005-mm\/#primaryimage\",\"url\":\"https:\/\/techmasterdemexico.com\/wp-content\/uploads\/2021\/10\/542-162.jpg\",\"contentUrl\":\"https:\/\/techmasterdemexico.com\/wp-content\/uploads\/2021\/10\/542-162.jpg\",\"width\":500,\"height\":500},{\"@type\":\"BreadcrumbList\",\"@id\":\"https:\/\/techmasterdemexico.com\/producto\/standard-linear-gauge-lgf-25-mm-00005-mm\/#breadcrumb\",\"itemListElement\":[{\"@type\":\"ListItem\",\"position\":1,\"name\":\"Portada\",\"item\":\"https:\/\/techmasterdemexico.com\/\"},{\"@type\":\"ListItem\",\"position\":2,\"name\":\"Standard Linear Gauge LGF 25 mm, 0,0005 mm\"}]},{\"@type\":\"WebSite\",\"@id\":\"https:\/\/techmasterdemexico.com\/#website\",\"url\":\"https:\/\/techmasterdemexico.com\/\",\"name\":\"Techmaster de Mexico\",\"description\":\"\",\"potentialAction\":[{\"@type\":\"SearchAction\",\"target\":{\"@type\":\"EntryPoint\",\"urlTemplate\":\"https:\/\/techmasterdemexico.com\/?s={search_term_string}\"},\"query-input\":{\"@type\":\"PropertyValueSpecification\",\"valueRequired\":true,\"valueName\":\"search_term_string\"}}],\"inLanguage\":\"en-US\"}]}<\/script>\n<!-- \/ Yoast SEO plugin. -->","yoast_head_json":{"title":"Standard Linear Gauge LGF 25 mm, 0,0005 mm - Techmaster de Mexico","robots":{"index":"index","follow":"follow","max-snippet":"max-snippet:-1","max-image-preview":"max-image-preview:large","max-video-preview":"max-video-preview:-1"},"canonical":"https:\/\/techmasterdemexico.com\/producto\/standard-linear-gauge-lgf-25-mm-00005-mm\/","og_locale":"en_US","og_type":"article","og_title":"Standard Linear Gauge LGF 25 mm, 0,0005 mm - Techmaster de Mexico","og_description":"[:en]  Rango: 0 - 25 mm  Exactitud: (1,5 + L\/50) \u00b5m\/s  Fuerza de medici\u00f3n *1: 4.6\/4.3\/4 N  Velocidad m\u00e1x. de respuesta: 1500 mm\/s  Diametro del vastago \u00d8: 15 mm  Intervalo de se\u00f1al: 2 \u00b5m  Peso: 300 g  tipo de escala: Encoder lineal fotoel\u00e9ctrico  Punta de contacto: \u00d83 mm metal duro (rosca de adaptaci\u00f3n M 2,5 x 0,45)  Longitud del cable: 2 m  Consumo de energia: Max. 120 mA  Fuente de alimentaci\u00f3n: + 5 V (4.8 V a 5.2 V), voltaje 200 mV p-p max.  Se\u00f1al de salida: Diferencia de fase 90\u00b0, onda cuadrada diferencial (equivalente a RS-422A), distancia de bordes 200 ns para modelo 1 \u00b5m, 250 ns para modelo 0,5 \u00b5m  Condiciones ambientales: 0 \u00b0C a 40 \u00b0C (20 % to 80 % humedad rel, sin condensaci\u00f3n)  Ejecuci\u00f3n con rodamientos: Rodamiento lineal a bolas  Resolution: 0.0005 [:]","og_url":"https:\/\/techmasterdemexico.com\/producto\/standard-linear-gauge-lgf-25-mm-00005-mm\/","og_site_name":"Techmaster de Mexico","article_modified_time":"2022-05-12T04:25:04+00:00","og_image":[{"width":500,"height":500,"url":"https:\/\/techmasterdemexico.com\/wp-content\/uploads\/2021\/10\/542-162.jpg","type":"image\/jpeg"}],"twitter_card":"summary_large_image","schema":{"@context":"https:\/\/schema.org","@graph":[{"@type":"WebPage","@id":"https:\/\/techmasterdemexico.com\/producto\/standard-linear-gauge-lgf-25-mm-00005-mm\/","url":"https:\/\/techmasterdemexico.com\/producto\/standard-linear-gauge-lgf-25-mm-00005-mm\/","name":"Standard Linear Gauge LGF 25 mm, 0,0005 mm - Techmaster de Mexico","isPartOf":{"@id":"https:\/\/techmasterdemexico.com\/#website"},"primaryImageOfPage":{"@id":"https:\/\/techmasterdemexico.com\/producto\/standard-linear-gauge-lgf-25-mm-00005-mm\/#primaryimage"},"image":{"@id":"https:\/\/techmasterdemexico.com\/producto\/standard-linear-gauge-lgf-25-mm-00005-mm\/#primaryimage"},"thumbnailUrl":"https:\/\/techmasterdemexico.com\/wp-content\/uploads\/2021\/10\/542-162.jpg","datePublished":"2021-10-28T17:45:49+00:00","dateModified":"2022-05-12T04:25:04+00:00","breadcrumb":{"@id":"https:\/\/techmasterdemexico.com\/producto\/standard-linear-gauge-lgf-25-mm-00005-mm\/#breadcrumb"},"inLanguage":"en-US","potentialAction":[{"@type":"ReadAction","target":["https:\/\/techmasterdemexico.com\/producto\/standard-linear-gauge-lgf-25-mm-00005-mm\/"]}]},{"@type":"ImageObject","inLanguage":"en-US","@id":"https:\/\/techmasterdemexico.com\/producto\/standard-linear-gauge-lgf-25-mm-00005-mm\/#primaryimage","url":"https:\/\/techmasterdemexico.com\/wp-content\/uploads\/2021\/10\/542-162.jpg","contentUrl":"https:\/\/techmasterdemexico.com\/wp-content\/uploads\/2021\/10\/542-162.jpg","width":500,"height":500},{"@type":"BreadcrumbList","@id":"https:\/\/techmasterdemexico.com\/producto\/standard-linear-gauge-lgf-25-mm-00005-mm\/#breadcrumb","itemListElement":[{"@type":"ListItem","position":1,"name":"Portada","item":"https:\/\/techmasterdemexico.com\/"},{"@type":"ListItem","position":2,"name":"Standard Linear Gauge LGF 25 mm, 0,0005 mm"}]},{"@type":"WebSite","@id":"https:\/\/techmasterdemexico.com\/#website","url":"https:\/\/techmasterdemexico.com\/","name":"Techmaster de Mexico","description":"","potentialAction":[{"@type":"SearchAction","target":{"@type":"EntryPoint","urlTemplate":"https:\/\/techmasterdemexico.com\/?s={search_term_string}"},"query-input":{"@type":"PropertyValueSpecification","valueRequired":true,"valueName":"search_term_string"}}],"inLanguage":"en-US"}]}},"brands":[{"id":39,"name":"Mitutoyo","slug":"mitutoyo"}],"_links":{"self":[{"href":"https:\/\/techmasterdemexico.com\/en\/wp-json\/wp\/v2\/product\/10665","targetHints":{"allow":["GET"]}}],"collection":[{"href":"https:\/\/techmasterdemexico.com\/en\/wp-json\/wp\/v2\/product"}],"about":[{"href":"https:\/\/techmasterdemexico.com\/en\/wp-json\/wp\/v2\/types\/product"}],"wp:featuredmedia":[{"embeddable":true,"href":"https:\/\/techmasterdemexico.com\/en\/wp-json\/wp\/v2\/media\/11095"}],"wp:attachment":[{"href":"https:\/\/techmasterdemexico.com\/en\/wp-json\/wp\/v2\/media?parent=10665"}],"wp:term":[{"taxonomy":"pwb-brand","embeddable":true,"href":"https:\/\/techmasterdemexico.com\/en\/wp-json\/wp\/v2\/pwb-brand?post=10665"},{"taxonomy":"product_brand","embeddable":true,"href":"https:\/\/techmasterdemexico.com\/en\/wp-json\/wp\/v2\/product_brand?post=10665"},{"taxonomy":"product_cat","embeddable":true,"href":"https:\/\/techmasterdemexico.com\/en\/wp-json\/wp\/v2\/product_cat?post=10665"},{"taxonomy":"product_tag","embeddable":true,"href":"https:\/\/techmasterdemexico.com\/en\/wp-json\/wp\/v2\/product_tag?post=10665"}],"curies":[{"name":"wp","href":"https:\/\/api.w.org\/{rel}","templated":true}]}}