{"id":10662,"date":"2021-10-28T17:45:48","date_gmt":"2021-10-28T17:45:48","guid":{"rendered":"https:\/\/techmastermx.ddns.net\/producto\/large-measuring-range-linear-gauge-lg-100-mm-0001-mm-rubber-boot\/"},"modified":"2022-05-12T04:25:05","modified_gmt":"2022-05-12T04:25:05","slug":"large-measuring-range-linear-gauge-lg-100-mm-0001-mm-rubber-boot","status":"publish","type":"product","link":"https:\/\/techmasterdemexico.com\/en\/producto\/large-measuring-range-linear-gauge-lg-100-mm-0001-mm-rubber-boot\/","title":{"rendered":"Large Measuring Range Linear Gauge LG 100 mm, 0,001 mm, rubber boot"},"content":{"rendered":"<p>Large Measuring Range Linear Gauge LG<br \/>\n100 mm, 0,001 mm, rubber boot<br \/>\nN\u00famero de art\u00edculo: 542-334<\/p>\n<p>Este Linear Gage tiene un amplio intervalo de medici\u00f3n de 100 mm<\/p>\n","protected":false},"excerpt":{"rendered":"<ul>\n<li>Rango: 0 &#8211; 100 mm<\/li>\n<li>Exactitud: (2,5 + L\/100) \u00b5m \u2264 3 \u00b5m<\/li>\n<li>Fuerza de medici\u00f3n *1: 8 N\/ 6.5 N\/5 N<\/li>\n<li>Resoluci\u00f3n \u00b5m: 1 \u00b5m<\/li>\n<li>M\u00e1x. velocidad respuesta: 800 mm\/s<\/li>\n<li>Observaciones: con protector de goma<\/li>\n<li>Peso: 750 g<\/li>\n<li>Tipo de escala: Encoder lineal fotoel\u00e9ctrico<\/li>\n<li>Punta de contacto: \u00d8 3 mm metal duro (rosca de adaptaci\u00f3n M 2,5 x 0,45)<\/li>\n<li>Dimensiones (AnchoxAltoxLargo): 90 x 175 x 74 mm (unidad de control)<\/li>\n<li>Longitud del cable: 2 m<\/li>\n<li>Fuente de alimentaci\u00f3n: 5 V (4.8 V to 5.2 V)<\/li>\n<li>Se\u00f1al de salida: Diferencia de fase 90\u00b0, onda cuadrada diferencial (equivalente a RS-422A)<\/li>\n<li>Condiciones ambientales: 0\u00b0 C a 40\u00b0 C (humedad relativa 20% a 80% , sin condensaci\u00f3n)<\/li>\n<li>Ejecuci\u00f3n con rodamientos: Tipo de rodamiento<\/li>\n<\/ul>\n","protected":false},"featured_media":11103,"template":"","meta":{"_acf_changed":false},"pwb-brand":[39],"product_brand":[],"product_cat":[366,337,322,38,320],"product_tag":[],"class_list":{"0":"post-10662","1":"product","2":"type-product","3":"status-publish","4":"has-post-thumbnail","6":"pwb-brand-mitutoyo","7":"product_cat-todos-los-productos","8":"product_cat-linear-gauge-gran-capacidad-de-medida-series-lg-lgm","9":"product_cat-linear-gauges-digimatic-e-incrementales","10":"product_cat-mitutoyo","11":"product_cat-sensores","13":"first","14":"instock","15":"taxable","16":"shipping-taxable","17":"product-type-simple"},"acf":[],"yoast_head":"<!-- This site is optimized with the Yoast SEO plugin v27.3 - https:\/\/yoast.com\/product\/yoast-seo-wordpress\/ -->\n<title>Large Measuring Range Linear Gauge LG 100 mm, 0,001 mm, rubber boot - Techmaster de Mexico<\/title>\n<meta name=\"robots\" content=\"index, follow, max-snippet:-1, max-image-preview:large, max-video-preview:-1\" \/>\n<link rel=\"canonical\" href=\"https:\/\/techmasterdemexico.com\/producto\/large-measuring-range-linear-gauge-lg-100-mm-0001-mm-rubber-boot\/\" \/>\n<meta property=\"og:locale\" content=\"en_US\" \/>\n<meta property=\"og:type\" content=\"article\" \/>\n<meta property=\"og:title\" content=\"Large Measuring Range Linear Gauge LG 100 mm, 0,001 mm, rubber boot - Techmaster de Mexico\" \/>\n<meta property=\"og:description\" content=\"Rango: 0 - 100 mm  Exactitud: (2,5 + L\/100) \u00b5m \u2264 3 \u00b5m  Fuerza de medici\u00f3n *1: 8 N\/ 6.5 N\/5 N  Resoluci\u00f3n \u00b5m: 1 \u00b5m  M\u00e1x. velocidad respuesta: 800 mm\/s  Observaciones: con protector de goma  Peso: 750 g  Tipo de escala: Encoder lineal fotoel\u00e9ctrico  Punta de contacto: \u00d8 3 mm metal duro (rosca de adaptaci\u00f3n M 2,5 x 0,45)  Dimensiones (AnchoxAltoxLargo): 90 x 175 x 74 mm (unidad de control)  Longitud del cable: 2 m  Fuente de alimentaci\u00f3n: 5 V (4.8 V to 5.2 V)  Se\u00f1al de salida: Diferencia de fase 90\u00b0, onda cuadrada diferencial (equivalente a RS-422A)  Condiciones ambientales: 0\u00b0 C a 40\u00b0 C (humedad relativa 20% a 80% , sin condensaci\u00f3n)  Ejecuci\u00f3n con rodamientos: Tipo de rodamiento\" \/>\n<meta property=\"og:url\" content=\"https:\/\/techmasterdemexico.com\/producto\/large-measuring-range-linear-gauge-lg-100-mm-0001-mm-rubber-boot\/\" \/>\n<meta property=\"og:site_name\" content=\"Techmaster de Mexico\" \/>\n<meta property=\"article:modified_time\" content=\"2022-05-12T04:25:05+00:00\" \/>\n<meta property=\"og:image\" content=\"https:\/\/techmasterdemexico.com\/wp-content\/uploads\/2021\/10\/542-316.jpg\" \/>\n\t<meta property=\"og:image:width\" content=\"800\" \/>\n\t<meta property=\"og:image:height\" content=\"800\" \/>\n\t<meta property=\"og:image:type\" content=\"image\/jpeg\" \/>\n<meta name=\"twitter:card\" content=\"summary_large_image\" \/>\n<script type=\"application\/ld+json\" class=\"yoast-schema-graph\">{\"@context\":\"https:\\\/\\\/schema.org\",\"@graph\":[{\"@type\":\"WebPage\",\"@id\":\"https:\\\/\\\/techmasterdemexico.com\\\/producto\\\/large-measuring-range-linear-gauge-lg-100-mm-0001-mm-rubber-boot\\\/\",\"url\":\"https:\\\/\\\/techmasterdemexico.com\\\/producto\\\/large-measuring-range-linear-gauge-lg-100-mm-0001-mm-rubber-boot\\\/\",\"name\":\"Large Measuring Range Linear Gauge LG 100 mm, 0,001 mm, rubber boot - Techmaster de Mexico\",\"isPartOf\":{\"@id\":\"https:\\\/\\\/techmasterdemexico.com\\\/#website\"},\"primaryImageOfPage\":{\"@id\":\"https:\\\/\\\/techmasterdemexico.com\\\/producto\\\/large-measuring-range-linear-gauge-lg-100-mm-0001-mm-rubber-boot\\\/#primaryimage\"},\"image\":{\"@id\":\"https:\\\/\\\/techmasterdemexico.com\\\/producto\\\/large-measuring-range-linear-gauge-lg-100-mm-0001-mm-rubber-boot\\\/#primaryimage\"},\"thumbnailUrl\":\"https:\\\/\\\/techmasterdemexico.com\\\/wp-content\\\/uploads\\\/2021\\\/10\\\/542-316.jpg\",\"datePublished\":\"2021-10-28T17:45:48+00:00\",\"dateModified\":\"2022-05-12T04:25:05+00:00\",\"breadcrumb\":{\"@id\":\"https:\\\/\\\/techmasterdemexico.com\\\/producto\\\/large-measuring-range-linear-gauge-lg-100-mm-0001-mm-rubber-boot\\\/#breadcrumb\"},\"inLanguage\":\"en-US\",\"potentialAction\":[{\"@type\":\"ReadAction\",\"target\":[\"https:\\\/\\\/techmasterdemexico.com\\\/producto\\\/large-measuring-range-linear-gauge-lg-100-mm-0001-mm-rubber-boot\\\/\"]}]},{\"@type\":\"ImageObject\",\"inLanguage\":\"en-US\",\"@id\":\"https:\\\/\\\/techmasterdemexico.com\\\/producto\\\/large-measuring-range-linear-gauge-lg-100-mm-0001-mm-rubber-boot\\\/#primaryimage\",\"url\":\"https:\\\/\\\/techmasterdemexico.com\\\/wp-content\\\/uploads\\\/2021\\\/10\\\/542-316.jpg\",\"contentUrl\":\"https:\\\/\\\/techmasterdemexico.com\\\/wp-content\\\/uploads\\\/2021\\\/10\\\/542-316.jpg\",\"width\":800,\"height\":800},{\"@type\":\"BreadcrumbList\",\"@id\":\"https:\\\/\\\/techmasterdemexico.com\\\/producto\\\/large-measuring-range-linear-gauge-lg-100-mm-0001-mm-rubber-boot\\\/#breadcrumb\",\"itemListElement\":[{\"@type\":\"ListItem\",\"position\":1,\"name\":\"Portada\",\"item\":\"https:\\\/\\\/techmasterdemexico.com\\\/\"},{\"@type\":\"ListItem\",\"position\":2,\"name\":\"Large Measuring Range Linear Gauge LG 100 mm, 0,001 mm, rubber boot\"}]},{\"@type\":\"WebSite\",\"@id\":\"https:\\\/\\\/techmasterdemexico.com\\\/#website\",\"url\":\"https:\\\/\\\/techmasterdemexico.com\\\/\",\"name\":\"Techmaster de Mexico\",\"description\":\"\",\"potentialAction\":[{\"@type\":\"SearchAction\",\"target\":{\"@type\":\"EntryPoint\",\"urlTemplate\":\"https:\\\/\\\/techmasterdemexico.com\\\/?s={search_term_string}\"},\"query-input\":{\"@type\":\"PropertyValueSpecification\",\"valueRequired\":true,\"valueName\":\"search_term_string\"}}],\"inLanguage\":\"en-US\"}]}<\/script>\n<!-- \/ Yoast SEO plugin. -->","yoast_head_json":{"title":"Large Measuring Range Linear Gauge LG 100 mm, 0,001 mm, rubber boot - Techmaster de Mexico","robots":{"index":"index","follow":"follow","max-snippet":"max-snippet:-1","max-image-preview":"max-image-preview:large","max-video-preview":"max-video-preview:-1"},"canonical":"https:\/\/techmasterdemexico.com\/producto\/large-measuring-range-linear-gauge-lg-100-mm-0001-mm-rubber-boot\/","og_locale":"en_US","og_type":"article","og_title":"Large Measuring Range Linear Gauge LG 100 mm, 0,001 mm, rubber boot - Techmaster de Mexico","og_description":"Rango: 0 - 100 mm  Exactitud: (2,5 + L\/100) \u00b5m \u2264 3 \u00b5m  Fuerza de medici\u00f3n *1: 8 N\/ 6.5 N\/5 N  Resoluci\u00f3n \u00b5m: 1 \u00b5m  M\u00e1x. velocidad respuesta: 800 mm\/s  Observaciones: con protector de goma  Peso: 750 g  Tipo de escala: Encoder lineal fotoel\u00e9ctrico  Punta de contacto: \u00d8 3 mm metal duro (rosca de adaptaci\u00f3n M 2,5 x 0,45)  Dimensiones (AnchoxAltoxLargo): 90 x 175 x 74 mm (unidad de control)  Longitud del cable: 2 m  Fuente de alimentaci\u00f3n: 5 V (4.8 V to 5.2 V)  Se\u00f1al de salida: Diferencia de fase 90\u00b0, onda cuadrada diferencial (equivalente a RS-422A)  Condiciones ambientales: 0\u00b0 C a 40\u00b0 C (humedad relativa 20% a 80% , sin condensaci\u00f3n)  Ejecuci\u00f3n con rodamientos: Tipo de rodamiento","og_url":"https:\/\/techmasterdemexico.com\/producto\/large-measuring-range-linear-gauge-lg-100-mm-0001-mm-rubber-boot\/","og_site_name":"Techmaster de Mexico","article_modified_time":"2022-05-12T04:25:05+00:00","og_image":[{"width":800,"height":800,"url":"https:\/\/techmasterdemexico.com\/wp-content\/uploads\/2021\/10\/542-316.jpg","type":"image\/jpeg"}],"twitter_card":"summary_large_image","schema":{"@context":"https:\/\/schema.org","@graph":[{"@type":"WebPage","@id":"https:\/\/techmasterdemexico.com\/producto\/large-measuring-range-linear-gauge-lg-100-mm-0001-mm-rubber-boot\/","url":"https:\/\/techmasterdemexico.com\/producto\/large-measuring-range-linear-gauge-lg-100-mm-0001-mm-rubber-boot\/","name":"Large Measuring Range Linear Gauge LG 100 mm, 0,001 mm, rubber boot - Techmaster de Mexico","isPartOf":{"@id":"https:\/\/techmasterdemexico.com\/#website"},"primaryImageOfPage":{"@id":"https:\/\/techmasterdemexico.com\/producto\/large-measuring-range-linear-gauge-lg-100-mm-0001-mm-rubber-boot\/#primaryimage"},"image":{"@id":"https:\/\/techmasterdemexico.com\/producto\/large-measuring-range-linear-gauge-lg-100-mm-0001-mm-rubber-boot\/#primaryimage"},"thumbnailUrl":"https:\/\/techmasterdemexico.com\/wp-content\/uploads\/2021\/10\/542-316.jpg","datePublished":"2021-10-28T17:45:48+00:00","dateModified":"2022-05-12T04:25:05+00:00","breadcrumb":{"@id":"https:\/\/techmasterdemexico.com\/producto\/large-measuring-range-linear-gauge-lg-100-mm-0001-mm-rubber-boot\/#breadcrumb"},"inLanguage":"en-US","potentialAction":[{"@type":"ReadAction","target":["https:\/\/techmasterdemexico.com\/producto\/large-measuring-range-linear-gauge-lg-100-mm-0001-mm-rubber-boot\/"]}]},{"@type":"ImageObject","inLanguage":"en-US","@id":"https:\/\/techmasterdemexico.com\/producto\/large-measuring-range-linear-gauge-lg-100-mm-0001-mm-rubber-boot\/#primaryimage","url":"https:\/\/techmasterdemexico.com\/wp-content\/uploads\/2021\/10\/542-316.jpg","contentUrl":"https:\/\/techmasterdemexico.com\/wp-content\/uploads\/2021\/10\/542-316.jpg","width":800,"height":800},{"@type":"BreadcrumbList","@id":"https:\/\/techmasterdemexico.com\/producto\/large-measuring-range-linear-gauge-lg-100-mm-0001-mm-rubber-boot\/#breadcrumb","itemListElement":[{"@type":"ListItem","position":1,"name":"Portada","item":"https:\/\/techmasterdemexico.com\/"},{"@type":"ListItem","position":2,"name":"Large Measuring Range Linear Gauge LG 100 mm, 0,001 mm, rubber boot"}]},{"@type":"WebSite","@id":"https:\/\/techmasterdemexico.com\/#website","url":"https:\/\/techmasterdemexico.com\/","name":"Techmaster de Mexico","description":"","potentialAction":[{"@type":"SearchAction","target":{"@type":"EntryPoint","urlTemplate":"https:\/\/techmasterdemexico.com\/?s={search_term_string}"},"query-input":{"@type":"PropertyValueSpecification","valueRequired":true,"valueName":"search_term_string"}}],"inLanguage":"en-US"}]}},"brands":[{"id":39,"name":"Mitutoyo","slug":"mitutoyo"}],"_links":{"self":[{"href":"https:\/\/techmasterdemexico.com\/en\/wp-json\/wp\/v2\/product\/10662","targetHints":{"allow":["GET"]}}],"collection":[{"href":"https:\/\/techmasterdemexico.com\/en\/wp-json\/wp\/v2\/product"}],"about":[{"href":"https:\/\/techmasterdemexico.com\/en\/wp-json\/wp\/v2\/types\/product"}],"wp:featuredmedia":[{"embeddable":true,"href":"https:\/\/techmasterdemexico.com\/en\/wp-json\/wp\/v2\/media\/11103"}],"wp:attachment":[{"href":"https:\/\/techmasterdemexico.com\/en\/wp-json\/wp\/v2\/media?parent=10662"}],"wp:term":[{"taxonomy":"pwb-brand","embeddable":true,"href":"https:\/\/techmasterdemexico.com\/en\/wp-json\/wp\/v2\/pwb-brand?post=10662"},{"taxonomy":"product_brand","embeddable":true,"href":"https:\/\/techmasterdemexico.com\/en\/wp-json\/wp\/v2\/product_brand?post=10662"},{"taxonomy":"product_cat","embeddable":true,"href":"https:\/\/techmasterdemexico.com\/en\/wp-json\/wp\/v2\/product_cat?post=10662"},{"taxonomy":"product_tag","embeddable":true,"href":"https:\/\/techmasterdemexico.com\/en\/wp-json\/wp\/v2\/product_tag?post=10662"}],"curies":[{"name":"wp","href":"https:\/\/api.w.org\/{rel}","templated":true}]}}