{"id":10654,"date":"2021-10-28T17:45:44","date_gmt":"2021-10-28T17:45:44","guid":{"rendered":"https:\/\/techmastermx.ddns.net\/producto\/linear-gauge-lgf-z-con-punto-de-referencia-0-10-mm\/"},"modified":"2022-05-12T04:25:10","modified_gmt":"2022-05-12T04:25:10","slug":"linear-gauge-lgf-z-con-punto-de-referencia-0-10-mm","status":"publish","type":"product","link":"https:\/\/techmasterdemexico.com\/en\/producto\/linear-gauge-lgf-z-con-punto-de-referencia-0-10-mm\/","title":{"rendered":"Linear Gauge LGF-Z con punto de referencia 0-10 mm"},"content":{"rendered":"<p>Linear Gauge LGF-Z con punto de referencia 0-10 mm<br \/>\n10 mm, 0,001 mm<br \/>\nN\u00famero de art\u00edculo: 542-164<\/p>\n<p>Es un Linear Gage muy robusto y econ\u00f3mico con un punto de referencia que le ofrece los siguientes beneficios:<\/p>\n<p>&nbsp;<\/p>\n<ul>\n<li>La construcci\u00f3n avanzada del \u00e9mbolo lo hace muy resistente a golpes externos y vibraciones.<\/li>\n<li>Su salida de se\u00f1al de onda cuadrada diferencial le permite utilizarlo para una amplia gama de aplicaciones.<\/li>\n<li>Es muy duradero debido a los cojinetes lineales de bolas en la unidad del husillo.<\/li>\n<li>La marca del punto de origen en su escala le da un punto de referencia.<\/li>\n<\/ul>\n","protected":false},"excerpt":{"rendered":"<ul>\n<li>Rango: 0 &#8211; 10 mm<\/li>\n<li>Exactitud: (1,5 + L\/50) \u00b5m<\/li>\n<li>Fuerza de medici\u00f3n *1: 1.2 N with spindle down, 1.1 N spindle horizontal, 1 N spindle upwards<\/li>\n<li>Diametro del vastago \u00d8: 8 mm<\/li>\n<li>Intervalo de se\u00f1al: 4 \u00b5m<\/li>\n<li>Peso: 260 g<\/li>\n<li>Tipo de escala: Codificador lineal fotoel\u00e9ctrico<\/li>\n<li>Velocidad m\u00e1x. de respuesta: 1500<\/li>\n<li>Punta de contacto:\n<ul>\n<li>Bola de carburo de \u00d83 mm,<\/li>\n<li>Rosca: M 2,5 x 0,45<\/li>\n<\/ul>\n<\/li>\n<li>Longitud del cable: 2 m<\/li>\n<li>Fuente de alimentaci\u00f3n: + 5 V (4.8 V a 5.2 V), 120 mA max.<\/li>\n<li>Se\u00f1al de salida:\n<ul>\n<li>Diferencia de fase de 90 \u00b0, onda cuadrada diferencial (Equivalente a RS-422A), distancia m\u00ednima al borde<\/li>\n<li>200 ns (tipo 1 \u00b5m),<\/li>\n<li>250 ns (tipo de 0,5 \u00b5m)<\/li>\n<\/ul>\n<\/li>\n<li>Condiciones ambientales: 0 \u00b0C a 40 \u00b0C (20 % to 80 % humedad relativa, sin condensaci\u00f3n)<\/li>\n<li>Ejecuci\u00f3n con rodamientos: Cojinete de bolas lineal<\/li>\n<li>Puntos de referencia de la escala:\n<ul>\n<li>3 mm desde el punto de apoyo m\u00e1s bajo (Tipo de 10 mm)<\/li>\n<li>5 mm desde el punto de apoyo m\u00e1s bajo (tipo 25,50 mm)<\/li>\n<\/ul>\n<\/li>\n<\/ul>\n","protected":false},"featured_media":11106,"template":"","meta":{"_acf_changed":false},"pwb-brand":[39],"product_brand":[],"product_cat":[366,336,322,38,320],"product_tag":[],"class_list":{"0":"post-10654","1":"product","2":"type-product","3":"status-publish","4":"has-post-thumbnail","6":"pwb-brand-mitutoyo","7":"product_cat-todos-los-productos","8":"product_cat-linear-gauge-con-punto-de-referencia","9":"product_cat-linear-gauges-digimatic-e-incrementales","10":"product_cat-mitutoyo","11":"product_cat-sensores","13":"first","14":"instock","15":"taxable","16":"shipping-taxable","17":"product-type-simple"},"acf":[],"yoast_head":"<!-- This site is optimized with the Yoast SEO plugin v27.3 - https:\/\/yoast.com\/product\/yoast-seo-wordpress\/ -->\n<title>Linear Gauge LGF-Z con punto de referencia 0-10 mm - Techmaster de Mexico<\/title>\n<meta name=\"robots\" content=\"index, follow, max-snippet:-1, max-image-preview:large, max-video-preview:-1\" \/>\n<link rel=\"canonical\" href=\"https:\/\/techmasterdemexico.com\/producto\/linear-gauge-lgf-z-con-punto-de-referencia-0-10-mm\/\" \/>\n<meta property=\"og:locale\" content=\"en_US\" \/>\n<meta property=\"og:type\" content=\"article\" \/>\n<meta property=\"og:title\" content=\"Linear Gauge LGF-Z con punto de referencia 0-10 mm - Techmaster de Mexico\" \/>\n<meta property=\"og:description\" content=\"Rango: 0 - 10 mm  Exactitud: (1,5 + L\/50) \u00b5m  Fuerza de medici\u00f3n *1: 1.2 N with spindle down, 1.1 N spindle horizontal, 1 N spindle upwards  Diametro del vastago \u00d8: 8 mm  Intervalo de se\u00f1al: 4 \u00b5m  Peso: 260 g  Tipo de escala: Codificador lineal fotoel\u00e9ctrico  Velocidad m\u00e1x. de respuesta: 1500  Punta de contacto:   Bola de carburo de \u00d83 mm,  Rosca: M 2,5 x 0,45    Longitud del cable: 2 m  Fuente de alimentaci\u00f3n: + 5 V (4.8 V a 5.2 V), 120 mA max.  Se\u00f1al de salida:   Diferencia de fase de 90 \u00b0, onda cuadrada diferencial (Equivalente a RS-422A), distancia m\u00ednima al borde  200 ns (tipo 1 \u00b5m),  250 ns (tipo de 0,5 \u00b5m)    Condiciones ambientales: 0 \u00b0C a 40 \u00b0C (20 % to 80 % humedad relativa, sin condensaci\u00f3n)  Ejecuci\u00f3n con rodamientos: Cojinete de bolas lineal  Puntos de referencia de la escala:   3 mm desde el punto de apoyo m\u00e1s bajo (Tipo de 10 mm)  5 mm desde el punto de apoyo m\u00e1s bajo (tipo 25,50 mm)\" \/>\n<meta property=\"og:url\" content=\"https:\/\/techmasterdemexico.com\/producto\/linear-gauge-lgf-z-con-punto-de-referencia-0-10-mm\/\" \/>\n<meta property=\"og:site_name\" content=\"Techmaster de Mexico\" \/>\n<meta property=\"article:modified_time\" content=\"2022-05-12T04:25:10+00:00\" \/>\n<meta property=\"og:image\" content=\"https:\/\/techmasterdemexico.com\/wp-content\/uploads\/2021\/10\/542-164.jpg\" \/>\n\t<meta property=\"og:image:width\" content=\"700\" \/>\n\t<meta property=\"og:image:height\" content=\"700\" \/>\n\t<meta property=\"og:image:type\" content=\"image\/jpeg\" \/>\n<meta name=\"twitter:card\" content=\"summary_large_image\" \/>\n<meta name=\"twitter:label1\" content=\"Est. reading time\" \/>\n\t<meta name=\"twitter:data1\" content=\"1 minute\" \/>\n<script type=\"application\/ld+json\" class=\"yoast-schema-graph\">{\"@context\":\"https:\\\/\\\/schema.org\",\"@graph\":[{\"@type\":\"WebPage\",\"@id\":\"https:\\\/\\\/techmasterdemexico.com\\\/producto\\\/linear-gauge-lgf-z-con-punto-de-referencia-0-10-mm\\\/\",\"url\":\"https:\\\/\\\/techmasterdemexico.com\\\/producto\\\/linear-gauge-lgf-z-con-punto-de-referencia-0-10-mm\\\/\",\"name\":\"Linear Gauge LGF-Z con punto de referencia 0-10 mm - Techmaster de Mexico\",\"isPartOf\":{\"@id\":\"https:\\\/\\\/techmasterdemexico.com\\\/#website\"},\"primaryImageOfPage\":{\"@id\":\"https:\\\/\\\/techmasterdemexico.com\\\/producto\\\/linear-gauge-lgf-z-con-punto-de-referencia-0-10-mm\\\/#primaryimage\"},\"image\":{\"@id\":\"https:\\\/\\\/techmasterdemexico.com\\\/producto\\\/linear-gauge-lgf-z-con-punto-de-referencia-0-10-mm\\\/#primaryimage\"},\"thumbnailUrl\":\"https:\\\/\\\/techmasterdemexico.com\\\/wp-content\\\/uploads\\\/2021\\\/10\\\/542-164.jpg\",\"datePublished\":\"2021-10-28T17:45:44+00:00\",\"dateModified\":\"2022-05-12T04:25:10+00:00\",\"breadcrumb\":{\"@id\":\"https:\\\/\\\/techmasterdemexico.com\\\/producto\\\/linear-gauge-lgf-z-con-punto-de-referencia-0-10-mm\\\/#breadcrumb\"},\"inLanguage\":\"en-US\",\"potentialAction\":[{\"@type\":\"ReadAction\",\"target\":[\"https:\\\/\\\/techmasterdemexico.com\\\/producto\\\/linear-gauge-lgf-z-con-punto-de-referencia-0-10-mm\\\/\"]}]},{\"@type\":\"ImageObject\",\"inLanguage\":\"en-US\",\"@id\":\"https:\\\/\\\/techmasterdemexico.com\\\/producto\\\/linear-gauge-lgf-z-con-punto-de-referencia-0-10-mm\\\/#primaryimage\",\"url\":\"https:\\\/\\\/techmasterdemexico.com\\\/wp-content\\\/uploads\\\/2021\\\/10\\\/542-164.jpg\",\"contentUrl\":\"https:\\\/\\\/techmasterdemexico.com\\\/wp-content\\\/uploads\\\/2021\\\/10\\\/542-164.jpg\",\"width\":700,\"height\":700},{\"@type\":\"BreadcrumbList\",\"@id\":\"https:\\\/\\\/techmasterdemexico.com\\\/producto\\\/linear-gauge-lgf-z-con-punto-de-referencia-0-10-mm\\\/#breadcrumb\",\"itemListElement\":[{\"@type\":\"ListItem\",\"position\":1,\"name\":\"Portada\",\"item\":\"https:\\\/\\\/techmasterdemexico.com\\\/\"},{\"@type\":\"ListItem\",\"position\":2,\"name\":\"Linear Gauge LGF-Z con punto de referencia 0-10 mm\"}]},{\"@type\":\"WebSite\",\"@id\":\"https:\\\/\\\/techmasterdemexico.com\\\/#website\",\"url\":\"https:\\\/\\\/techmasterdemexico.com\\\/\",\"name\":\"Techmaster de Mexico\",\"description\":\"\",\"potentialAction\":[{\"@type\":\"SearchAction\",\"target\":{\"@type\":\"EntryPoint\",\"urlTemplate\":\"https:\\\/\\\/techmasterdemexico.com\\\/?s={search_term_string}\"},\"query-input\":{\"@type\":\"PropertyValueSpecification\",\"valueRequired\":true,\"valueName\":\"search_term_string\"}}],\"inLanguage\":\"en-US\"}]}<\/script>\n<!-- \/ Yoast SEO plugin. -->","yoast_head_json":{"title":"Linear Gauge LGF-Z con punto de referencia 0-10 mm - Techmaster de Mexico","robots":{"index":"index","follow":"follow","max-snippet":"max-snippet:-1","max-image-preview":"max-image-preview:large","max-video-preview":"max-video-preview:-1"},"canonical":"https:\/\/techmasterdemexico.com\/producto\/linear-gauge-lgf-z-con-punto-de-referencia-0-10-mm\/","og_locale":"en_US","og_type":"article","og_title":"Linear Gauge LGF-Z con punto de referencia 0-10 mm - Techmaster de Mexico","og_description":"Rango: 0 - 10 mm  Exactitud: (1,5 + L\/50) \u00b5m  Fuerza de medici\u00f3n *1: 1.2 N with spindle down, 1.1 N spindle horizontal, 1 N spindle upwards  Diametro del vastago \u00d8: 8 mm  Intervalo de se\u00f1al: 4 \u00b5m  Peso: 260 g  Tipo de escala: Codificador lineal fotoel\u00e9ctrico  Velocidad m\u00e1x. de respuesta: 1500  Punta de contacto:   Bola de carburo de \u00d83 mm,  Rosca: M 2,5 x 0,45    Longitud del cable: 2 m  Fuente de alimentaci\u00f3n: + 5 V (4.8 V a 5.2 V), 120 mA max.  Se\u00f1al de salida:   Diferencia de fase de 90 \u00b0, onda cuadrada diferencial (Equivalente a RS-422A), distancia m\u00ednima al borde  200 ns (tipo 1 \u00b5m),  250 ns (tipo de 0,5 \u00b5m)    Condiciones ambientales: 0 \u00b0C a 40 \u00b0C (20 % to 80 % humedad relativa, sin condensaci\u00f3n)  Ejecuci\u00f3n con rodamientos: Cojinete de bolas lineal  Puntos de referencia de la escala:   3 mm desde el punto de apoyo m\u00e1s bajo (Tipo de 10 mm)  5 mm desde el punto de apoyo m\u00e1s bajo (tipo 25,50 mm)","og_url":"https:\/\/techmasterdemexico.com\/producto\/linear-gauge-lgf-z-con-punto-de-referencia-0-10-mm\/","og_site_name":"Techmaster de Mexico","article_modified_time":"2022-05-12T04:25:10+00:00","og_image":[{"width":700,"height":700,"url":"https:\/\/techmasterdemexico.com\/wp-content\/uploads\/2021\/10\/542-164.jpg","type":"image\/jpeg"}],"twitter_card":"summary_large_image","twitter_misc":{"Est. reading time":"1 minute"},"schema":{"@context":"https:\/\/schema.org","@graph":[{"@type":"WebPage","@id":"https:\/\/techmasterdemexico.com\/producto\/linear-gauge-lgf-z-con-punto-de-referencia-0-10-mm\/","url":"https:\/\/techmasterdemexico.com\/producto\/linear-gauge-lgf-z-con-punto-de-referencia-0-10-mm\/","name":"Linear Gauge LGF-Z con punto de referencia 0-10 mm - Techmaster de Mexico","isPartOf":{"@id":"https:\/\/techmasterdemexico.com\/#website"},"primaryImageOfPage":{"@id":"https:\/\/techmasterdemexico.com\/producto\/linear-gauge-lgf-z-con-punto-de-referencia-0-10-mm\/#primaryimage"},"image":{"@id":"https:\/\/techmasterdemexico.com\/producto\/linear-gauge-lgf-z-con-punto-de-referencia-0-10-mm\/#primaryimage"},"thumbnailUrl":"https:\/\/techmasterdemexico.com\/wp-content\/uploads\/2021\/10\/542-164.jpg","datePublished":"2021-10-28T17:45:44+00:00","dateModified":"2022-05-12T04:25:10+00:00","breadcrumb":{"@id":"https:\/\/techmasterdemexico.com\/producto\/linear-gauge-lgf-z-con-punto-de-referencia-0-10-mm\/#breadcrumb"},"inLanguage":"en-US","potentialAction":[{"@type":"ReadAction","target":["https:\/\/techmasterdemexico.com\/producto\/linear-gauge-lgf-z-con-punto-de-referencia-0-10-mm\/"]}]},{"@type":"ImageObject","inLanguage":"en-US","@id":"https:\/\/techmasterdemexico.com\/producto\/linear-gauge-lgf-z-con-punto-de-referencia-0-10-mm\/#primaryimage","url":"https:\/\/techmasterdemexico.com\/wp-content\/uploads\/2021\/10\/542-164.jpg","contentUrl":"https:\/\/techmasterdemexico.com\/wp-content\/uploads\/2021\/10\/542-164.jpg","width":700,"height":700},{"@type":"BreadcrumbList","@id":"https:\/\/techmasterdemexico.com\/producto\/linear-gauge-lgf-z-con-punto-de-referencia-0-10-mm\/#breadcrumb","itemListElement":[{"@type":"ListItem","position":1,"name":"Portada","item":"https:\/\/techmasterdemexico.com\/"},{"@type":"ListItem","position":2,"name":"Linear Gauge LGF-Z con punto de referencia 0-10 mm"}]},{"@type":"WebSite","@id":"https:\/\/techmasterdemexico.com\/#website","url":"https:\/\/techmasterdemexico.com\/","name":"Techmaster de Mexico","description":"","potentialAction":[{"@type":"SearchAction","target":{"@type":"EntryPoint","urlTemplate":"https:\/\/techmasterdemexico.com\/?s={search_term_string}"},"query-input":{"@type":"PropertyValueSpecification","valueRequired":true,"valueName":"search_term_string"}}],"inLanguage":"en-US"}]}},"brands":[{"id":39,"name":"Mitutoyo","slug":"mitutoyo"}],"_links":{"self":[{"href":"https:\/\/techmasterdemexico.com\/en\/wp-json\/wp\/v2\/product\/10654","targetHints":{"allow":["GET"]}}],"collection":[{"href":"https:\/\/techmasterdemexico.com\/en\/wp-json\/wp\/v2\/product"}],"about":[{"href":"https:\/\/techmasterdemexico.com\/en\/wp-json\/wp\/v2\/types\/product"}],"wp:featuredmedia":[{"embeddable":true,"href":"https:\/\/techmasterdemexico.com\/en\/wp-json\/wp\/v2\/media\/11106"}],"wp:attachment":[{"href":"https:\/\/techmasterdemexico.com\/en\/wp-json\/wp\/v2\/media?parent=10654"}],"wp:term":[{"taxonomy":"pwb-brand","embeddable":true,"href":"https:\/\/techmasterdemexico.com\/en\/wp-json\/wp\/v2\/pwb-brand?post=10654"},{"taxonomy":"product_brand","embeddable":true,"href":"https:\/\/techmasterdemexico.com\/en\/wp-json\/wp\/v2\/product_brand?post=10654"},{"taxonomy":"product_cat","embeddable":true,"href":"https:\/\/techmasterdemexico.com\/en\/wp-json\/wp\/v2\/product_cat?post=10654"},{"taxonomy":"product_tag","embeddable":true,"href":"https:\/\/techmasterdemexico.com\/en\/wp-json\/wp\/v2\/product_tag?post=10654"}],"curies":[{"name":"wp","href":"https:\/\/api.w.org\/{rel}","templated":true}]}}