{"id":10650,"date":"2021-10-28T17:45:42","date_gmt":"2021-10-28T17:45:42","guid":{"rendered":"https:\/\/techmastermx.ddns.net\/producto\/absolute-digimatic-linear-gauge-lgd-25-mm-001-mm-cale-length-2-m\/"},"modified":"2022-05-12T04:25:41","modified_gmt":"2022-05-12T04:25:41","slug":"absolute-digimatic-linear-gauge-lgd-25-mm-001-mm-cale-length-2-m","status":"publish","type":"product","link":"https:\/\/techmasterdemexico.com\/en\/producto\/absolute-digimatic-linear-gauge-lgd-25-mm-001-mm-cale-length-2-m\/","title":{"rendered":"ABSOLUTE Digimatic Linear Gauge LGD 25 mm, 0,01 mm, Cale length 2 m"},"content":{"rendered":"<p>ABSOLUTE Digimatic Linear Gauge LGD<br \/>\n25 mm, 0,01 mm, Cale length 2 m<br \/>\nN\u00famero de art\u00edculo: 575-327<\/p>\n<p>&nbsp;<\/p>\n<ul>\n<li>Ideal para instalaci\u00f3n en m\u00e1quinas y dispositivos de medici\u00f3n<\/li>\n<li>Puede generar datos en formato Digimatic, por lo que puede documentar y determinar los valores de medici\u00f3n a trav\u00e9s de la interfaz y las unidades de procesamiento de datos Digimatic conectadas.<\/li>\n<li>Excelente protecci\u00f3n contra el polvo y salpicaduras de agua (IP66) en el \u00e1rea de trabajo.<\/li>\n<\/ul>\n","protected":false},"excerpt":{"rendered":"<ul>\n<li>Rango: 0 &#8211; 25 mm<\/li>\n<li>Exactitud: 20 \u00b5m<\/li>\n<li>Fuerza de medici\u00f3n *1: 4.6 N\/4.3 N\/4 N<\/li>\n<li>Diametro del vastago \u00d8: 15 mm<\/li>\n<li>Longitud del cable: 2 m<\/li>\n<li>Peso: 300 g<\/li>\n<li>Tipo de escala: Captador lineal tipo capacitivo ABSOLUTE<\/li>\n<li>Velocidad m\u00e1x. de respuesta: Ilimitado. No se puede realizar medicion por scanning<\/li>\n<li>Punta de contacto: \u00d83 mm metal duro<\/li>\n<li>Se\u00f1al de salida: Salida Digimatic<\/li>\n<li>Condiciones ambientales: 0 \u00b0C a 40 \u00b0C (humedad relativa 20 % a 80 % ,sin condensaci\u00f3n)<\/li>\n<li>Entrada externa: Se\u00f1al de marcaci\u00f3n de origen<\/li>\n<li>Ejecuci\u00f3n con rodamientos: Rodamiento lineal a bolas<\/li>\n<li>Resoluci\u00f3n: 0,01 mm<\/li>\n<li>Fuente de alimentaci\u00f3n: 5 V (4,8 V to 5,2 V)<\/li>\n<li>pulgadas-m\u00e9trico: M\u00e9trico<\/li>\n<\/ul>\n","protected":false},"featured_media":11120,"template":"","meta":{"_acf_changed":false},"pwb-brand":[39],"product_brand":[],"product_cat":[366,335,322,38,320],"product_tag":[],"class_list":{"0":"post-10650","1":"product","2":"type-product","3":"status-publish","4":"has-post-thumbnail","6":"pwb-brand-mitutoyo","7":"product_cat-todos-los-productos","8":"product_cat-linear-gauge-absolute-digimatic-serie-lgd","9":"product_cat-linear-gauges-digimatic-e-incrementales","10":"product_cat-mitutoyo","11":"product_cat-sensores","13":"first","14":"instock","15":"taxable","16":"shipping-taxable","17":"product-type-simple"},"acf":[],"yoast_head":"<!-- This site is optimized with the Yoast SEO plugin v27.3 - https:\/\/yoast.com\/product\/yoast-seo-wordpress\/ -->\n<title>ABSOLUTE Digimatic Linear Gauge LGD 25 mm, 0,01 mm, Cale length 2 m - Techmaster de Mexico<\/title>\n<meta name=\"robots\" content=\"index, follow, max-snippet:-1, max-image-preview:large, max-video-preview:-1\" \/>\n<link rel=\"canonical\" href=\"https:\/\/techmasterdemexico.com\/producto\/absolute-digimatic-linear-gauge-lgd-25-mm-001-mm-cale-length-2-m\/\" \/>\n<meta property=\"og:locale\" content=\"en_US\" \/>\n<meta property=\"og:type\" content=\"article\" \/>\n<meta property=\"og:title\" content=\"ABSOLUTE Digimatic Linear Gauge LGD 25 mm, 0,01 mm, Cale length 2 m - Techmaster de Mexico\" \/>\n<meta property=\"og:description\" content=\"Rango: 0 - 25 mm  Exactitud: 20 \u00b5m  Fuerza de medici\u00f3n *1: 4.6 N\/4.3 N\/4 N  Diametro del vastago \u00d8: 15 mm  Longitud del cable: 2 m  Peso: 300 g  Tipo de escala: Captador lineal tipo capacitivo ABSOLUTE  Velocidad m\u00e1x. de respuesta: Ilimitado. No se puede realizar medicion por scanning  Punta de contacto: \u00d83 mm metal duro  Se\u00f1al de salida: Salida Digimatic  Condiciones ambientales: 0 \u00b0C a 40 \u00b0C (humedad relativa 20 % a 80 % ,sin condensaci\u00f3n)  Entrada externa: Se\u00f1al de marcaci\u00f3n de origen  Ejecuci\u00f3n con rodamientos: Rodamiento lineal a bolas  Resoluci\u00f3n: 0,01 mm  Fuente de alimentaci\u00f3n: 5 V (4,8 V to 5,2 V)  pulgadas-m\u00e9trico: M\u00e9trico\" \/>\n<meta property=\"og:url\" content=\"https:\/\/techmasterdemexico.com\/producto\/absolute-digimatic-linear-gauge-lgd-25-mm-001-mm-cale-length-2-m\/\" \/>\n<meta property=\"og:site_name\" content=\"Techmaster de Mexico\" \/>\n<meta property=\"article:modified_time\" content=\"2022-05-12T04:25:41+00:00\" \/>\n<meta property=\"og:image\" content=\"https:\/\/techmasterdemexico.com\/wp-content\/uploads\/2021\/10\/575-326.jpg\" \/>\n\t<meta property=\"og:image:width\" content=\"700\" \/>\n\t<meta property=\"og:image:height\" content=\"700\" \/>\n\t<meta property=\"og:image:type\" content=\"image\/jpeg\" \/>\n<meta name=\"twitter:card\" content=\"summary_large_image\" \/>\n<script type=\"application\/ld+json\" class=\"yoast-schema-graph\">{\"@context\":\"https:\\\/\\\/schema.org\",\"@graph\":[{\"@type\":\"WebPage\",\"@id\":\"https:\\\/\\\/techmasterdemexico.com\\\/producto\\\/absolute-digimatic-linear-gauge-lgd-25-mm-001-mm-cale-length-2-m\\\/\",\"url\":\"https:\\\/\\\/techmasterdemexico.com\\\/producto\\\/absolute-digimatic-linear-gauge-lgd-25-mm-001-mm-cale-length-2-m\\\/\",\"name\":\"ABSOLUTE Digimatic Linear Gauge LGD 25 mm, 0,01 mm, Cale length 2 m - Techmaster de Mexico\",\"isPartOf\":{\"@id\":\"https:\\\/\\\/techmasterdemexico.com\\\/#website\"},\"primaryImageOfPage\":{\"@id\":\"https:\\\/\\\/techmasterdemexico.com\\\/producto\\\/absolute-digimatic-linear-gauge-lgd-25-mm-001-mm-cale-length-2-m\\\/#primaryimage\"},\"image\":{\"@id\":\"https:\\\/\\\/techmasterdemexico.com\\\/producto\\\/absolute-digimatic-linear-gauge-lgd-25-mm-001-mm-cale-length-2-m\\\/#primaryimage\"},\"thumbnailUrl\":\"https:\\\/\\\/techmasterdemexico.com\\\/wp-content\\\/uploads\\\/2021\\\/10\\\/575-326.jpg\",\"datePublished\":\"2021-10-28T17:45:42+00:00\",\"dateModified\":\"2022-05-12T04:25:41+00:00\",\"breadcrumb\":{\"@id\":\"https:\\\/\\\/techmasterdemexico.com\\\/producto\\\/absolute-digimatic-linear-gauge-lgd-25-mm-001-mm-cale-length-2-m\\\/#breadcrumb\"},\"inLanguage\":\"en-US\",\"potentialAction\":[{\"@type\":\"ReadAction\",\"target\":[\"https:\\\/\\\/techmasterdemexico.com\\\/producto\\\/absolute-digimatic-linear-gauge-lgd-25-mm-001-mm-cale-length-2-m\\\/\"]}]},{\"@type\":\"ImageObject\",\"inLanguage\":\"en-US\",\"@id\":\"https:\\\/\\\/techmasterdemexico.com\\\/producto\\\/absolute-digimatic-linear-gauge-lgd-25-mm-001-mm-cale-length-2-m\\\/#primaryimage\",\"url\":\"https:\\\/\\\/techmasterdemexico.com\\\/wp-content\\\/uploads\\\/2021\\\/10\\\/575-326.jpg\",\"contentUrl\":\"https:\\\/\\\/techmasterdemexico.com\\\/wp-content\\\/uploads\\\/2021\\\/10\\\/575-326.jpg\",\"width\":700,\"height\":700},{\"@type\":\"BreadcrumbList\",\"@id\":\"https:\\\/\\\/techmasterdemexico.com\\\/producto\\\/absolute-digimatic-linear-gauge-lgd-25-mm-001-mm-cale-length-2-m\\\/#breadcrumb\",\"itemListElement\":[{\"@type\":\"ListItem\",\"position\":1,\"name\":\"Portada\",\"item\":\"https:\\\/\\\/techmasterdemexico.com\\\/\"},{\"@type\":\"ListItem\",\"position\":2,\"name\":\"ABSOLUTE Digimatic Linear Gauge LGD 25 mm, 0,01 mm, Cale length 2 m\"}]},{\"@type\":\"WebSite\",\"@id\":\"https:\\\/\\\/techmasterdemexico.com\\\/#website\",\"url\":\"https:\\\/\\\/techmasterdemexico.com\\\/\",\"name\":\"Techmaster de Mexico\",\"description\":\"\",\"potentialAction\":[{\"@type\":\"SearchAction\",\"target\":{\"@type\":\"EntryPoint\",\"urlTemplate\":\"https:\\\/\\\/techmasterdemexico.com\\\/?s={search_term_string}\"},\"query-input\":{\"@type\":\"PropertyValueSpecification\",\"valueRequired\":true,\"valueName\":\"search_term_string\"}}],\"inLanguage\":\"en-US\"}]}<\/script>\n<!-- \/ Yoast SEO plugin. -->","yoast_head_json":{"title":"ABSOLUTE Digimatic Linear Gauge LGD 25 mm, 0,01 mm, Cale length 2 m - Techmaster de Mexico","robots":{"index":"index","follow":"follow","max-snippet":"max-snippet:-1","max-image-preview":"max-image-preview:large","max-video-preview":"max-video-preview:-1"},"canonical":"https:\/\/techmasterdemexico.com\/producto\/absolute-digimatic-linear-gauge-lgd-25-mm-001-mm-cale-length-2-m\/","og_locale":"en_US","og_type":"article","og_title":"ABSOLUTE Digimatic Linear Gauge LGD 25 mm, 0,01 mm, Cale length 2 m - Techmaster de Mexico","og_description":"Rango: 0 - 25 mm  Exactitud: 20 \u00b5m  Fuerza de medici\u00f3n *1: 4.6 N\/4.3 N\/4 N  Diametro del vastago \u00d8: 15 mm  Longitud del cable: 2 m  Peso: 300 g  Tipo de escala: Captador lineal tipo capacitivo ABSOLUTE  Velocidad m\u00e1x. de respuesta: Ilimitado. No se puede realizar medicion por scanning  Punta de contacto: \u00d83 mm metal duro  Se\u00f1al de salida: Salida Digimatic  Condiciones ambientales: 0 \u00b0C a 40 \u00b0C (humedad relativa 20 % a 80 % ,sin condensaci\u00f3n)  Entrada externa: Se\u00f1al de marcaci\u00f3n de origen  Ejecuci\u00f3n con rodamientos: Rodamiento lineal a bolas  Resoluci\u00f3n: 0,01 mm  Fuente de alimentaci\u00f3n: 5 V (4,8 V to 5,2 V)  pulgadas-m\u00e9trico: M\u00e9trico","og_url":"https:\/\/techmasterdemexico.com\/producto\/absolute-digimatic-linear-gauge-lgd-25-mm-001-mm-cale-length-2-m\/","og_site_name":"Techmaster de Mexico","article_modified_time":"2022-05-12T04:25:41+00:00","og_image":[{"width":700,"height":700,"url":"https:\/\/techmasterdemexico.com\/wp-content\/uploads\/2021\/10\/575-326.jpg","type":"image\/jpeg"}],"twitter_card":"summary_large_image","schema":{"@context":"https:\/\/schema.org","@graph":[{"@type":"WebPage","@id":"https:\/\/techmasterdemexico.com\/producto\/absolute-digimatic-linear-gauge-lgd-25-mm-001-mm-cale-length-2-m\/","url":"https:\/\/techmasterdemexico.com\/producto\/absolute-digimatic-linear-gauge-lgd-25-mm-001-mm-cale-length-2-m\/","name":"ABSOLUTE Digimatic Linear Gauge LGD 25 mm, 0,01 mm, Cale length 2 m - Techmaster de Mexico","isPartOf":{"@id":"https:\/\/techmasterdemexico.com\/#website"},"primaryImageOfPage":{"@id":"https:\/\/techmasterdemexico.com\/producto\/absolute-digimatic-linear-gauge-lgd-25-mm-001-mm-cale-length-2-m\/#primaryimage"},"image":{"@id":"https:\/\/techmasterdemexico.com\/producto\/absolute-digimatic-linear-gauge-lgd-25-mm-001-mm-cale-length-2-m\/#primaryimage"},"thumbnailUrl":"https:\/\/techmasterdemexico.com\/wp-content\/uploads\/2021\/10\/575-326.jpg","datePublished":"2021-10-28T17:45:42+00:00","dateModified":"2022-05-12T04:25:41+00:00","breadcrumb":{"@id":"https:\/\/techmasterdemexico.com\/producto\/absolute-digimatic-linear-gauge-lgd-25-mm-001-mm-cale-length-2-m\/#breadcrumb"},"inLanguage":"en-US","potentialAction":[{"@type":"ReadAction","target":["https:\/\/techmasterdemexico.com\/producto\/absolute-digimatic-linear-gauge-lgd-25-mm-001-mm-cale-length-2-m\/"]}]},{"@type":"ImageObject","inLanguage":"en-US","@id":"https:\/\/techmasterdemexico.com\/producto\/absolute-digimatic-linear-gauge-lgd-25-mm-001-mm-cale-length-2-m\/#primaryimage","url":"https:\/\/techmasterdemexico.com\/wp-content\/uploads\/2021\/10\/575-326.jpg","contentUrl":"https:\/\/techmasterdemexico.com\/wp-content\/uploads\/2021\/10\/575-326.jpg","width":700,"height":700},{"@type":"BreadcrumbList","@id":"https:\/\/techmasterdemexico.com\/producto\/absolute-digimatic-linear-gauge-lgd-25-mm-001-mm-cale-length-2-m\/#breadcrumb","itemListElement":[{"@type":"ListItem","position":1,"name":"Portada","item":"https:\/\/techmasterdemexico.com\/"},{"@type":"ListItem","position":2,"name":"ABSOLUTE Digimatic Linear Gauge LGD 25 mm, 0,01 mm, Cale length 2 m"}]},{"@type":"WebSite","@id":"https:\/\/techmasterdemexico.com\/#website","url":"https:\/\/techmasterdemexico.com\/","name":"Techmaster de Mexico","description":"","potentialAction":[{"@type":"SearchAction","target":{"@type":"EntryPoint","urlTemplate":"https:\/\/techmasterdemexico.com\/?s={search_term_string}"},"query-input":{"@type":"PropertyValueSpecification","valueRequired":true,"valueName":"search_term_string"}}],"inLanguage":"en-US"}]}},"brands":[{"id":39,"name":"Mitutoyo","slug":"mitutoyo"}],"_links":{"self":[{"href":"https:\/\/techmasterdemexico.com\/en\/wp-json\/wp\/v2\/product\/10650","targetHints":{"allow":["GET"]}}],"collection":[{"href":"https:\/\/techmasterdemexico.com\/en\/wp-json\/wp\/v2\/product"}],"about":[{"href":"https:\/\/techmasterdemexico.com\/en\/wp-json\/wp\/v2\/types\/product"}],"wp:featuredmedia":[{"embeddable":true,"href":"https:\/\/techmasterdemexico.com\/en\/wp-json\/wp\/v2\/media\/11120"}],"wp:attachment":[{"href":"https:\/\/techmasterdemexico.com\/en\/wp-json\/wp\/v2\/media?parent=10650"}],"wp:term":[{"taxonomy":"pwb-brand","embeddable":true,"href":"https:\/\/techmasterdemexico.com\/en\/wp-json\/wp\/v2\/pwb-brand?post=10650"},{"taxonomy":"product_brand","embeddable":true,"href":"https:\/\/techmasterdemexico.com\/en\/wp-json\/wp\/v2\/product_brand?post=10650"},{"taxonomy":"product_cat","embeddable":true,"href":"https:\/\/techmasterdemexico.com\/en\/wp-json\/wp\/v2\/product_cat?post=10650"},{"taxonomy":"product_tag","embeddable":true,"href":"https:\/\/techmasterdemexico.com\/en\/wp-json\/wp\/v2\/product_tag?post=10650"}],"curies":[{"name":"wp","href":"https:\/\/api.w.org\/{rel}","templated":true}]}}