{"id":10648,"date":"2021-10-28T17:45:35","date_gmt":"2021-10-28T17:45:35","guid":{"rendered":"https:\/\/techmastermx.ddns.net\/producto\/laser-hologag-542-721e\/"},"modified":"2022-05-12T04:25:44","modified_gmt":"2022-05-12T04:25:44","slug":"laser-hologag-542-721e","status":"publish","type":"product","link":"https:\/\/techmasterdemexico.com\/en\/producto\/laser-hologag-542-721e\/","title":{"rendered":"Laser-Hologag 542-721E"},"content":{"rendered":"<p>542-721E<br \/>\nN\u00famero de art\u00edculo: 542-721E<\/p>\n<p>Resoluci\u00f3n: 0,00001 mm<\/p>\n<ul>\n<li>El Mitutoyo &#8220;Laser-Hologage&#8221; es un medidor lineal de alta precisi\u00f3n que mediante un sistema de medici\u00f3n hologr\u00e1fico opera sobre el principio de la formaci\u00f3n de interferencia de la luz l\u00e1ser sobre una rejilla.<\/li>\n<li>El cabezal de medici\u00f3n es muy compacto lo que significa que se puede construir en diversos sistemas mucho menos costoso que la tecnolog\u00eda l\u00e1ser convencional.<\/li>\n<li>The &#8220;Laser-Hologage\u201c se puede emplear tanto como un instrumento de medida para medir piezas extremadamente precisas y como un transductor en el posicionamiento ultra precisa y sistemas de control.<\/li>\n<\/ul>\n","protected":false},"excerpt":{"rendered":"<ul>\n<li>Resoluci\u00f3n \u00b5m: 0.01 \u00b5m<\/li>\n<li>Peso: 900 g<\/li>\n<li>Repetibilidad: 0,02 \u00b5m<\/li>\n<li>Tipo de escala: Sensor de medici\u00f3n de Holograma L\u00e1ser<\/li>\n<li>Velocidad m\u00e1x. de respuesta: 250 mm\/s<\/li>\n<li>Punta de contacto: R 5 mm metal duro<\/li>\n<li>Contact point radius: R=5 mm carbide<\/li>\n<li>Se\u00f1al de salida: Diferencia de fase 90\u00b0, onda sinoidal 2 fases<\/li>\n<li>Ejecuci\u00f3n con rodamientos: Rodamientos lineales a bolas de alta precisi\u00f3n<\/li>\n<li>Condiciones ambientales: 10-30\u00b0<\/li>\n<li>Entregado: With Display Unit<\/li>\n<li>Salida de datos DIGIMATIC: Si<\/li>\n<li>ON\/OFF: Si<\/li>\n<li>Puesta a cero: Si<\/li>\n<li>PRESET: Si<\/li>\n<li>Conmutador mm\/inch: Si<\/li>\n<li>Entrada de limites de tolerancia: Si<\/li>\n<li>Cambio del sentido de contaje: Si<\/li>\n<\/ul>\n","protected":false},"featured_media":11124,"template":"","meta":{"_acf_changed":false},"pwb-brand":[39],"product_brand":[],"product_cat":[366,334,322,38,320],"product_tag":[],"class_list":{"0":"post-10648","1":"product","2":"type-product","3":"status-publish","4":"has-post-thumbnail","6":"pwb-brand-mitutoyo","7":"product_cat-todos-los-productos","8":"product_cat-laser-hologage","9":"product_cat-linear-gauges-digimatic-e-incrementales","10":"product_cat-mitutoyo","11":"product_cat-sensores","13":"first","14":"instock","15":"taxable","16":"shipping-taxable","17":"product-type-simple"},"acf":[],"yoast_head":"<!-- This site is optimized with the Yoast SEO plugin v27.3 - https:\/\/yoast.com\/product\/yoast-seo-wordpress\/ -->\n<title>Laser-Hologag 542-721E - Techmaster de Mexico<\/title>\n<meta name=\"robots\" content=\"index, follow, max-snippet:-1, max-image-preview:large, max-video-preview:-1\" \/>\n<link rel=\"canonical\" href=\"https:\/\/techmasterdemexico.com\/producto\/laser-hologag-542-721e\/\" \/>\n<meta property=\"og:locale\" content=\"en_US\" \/>\n<meta property=\"og:type\" content=\"article\" \/>\n<meta property=\"og:title\" content=\"Laser-Hologag 542-721E - Techmaster de Mexico\" \/>\n<meta property=\"og:description\" content=\"Resoluci\u00f3n \u00b5m: 0.01 \u00b5m  Peso: 900 g  Repetibilidad: 0,02 \u00b5m  Tipo de escala: Sensor de medici\u00f3n de Holograma L\u00e1ser  Velocidad m\u00e1x. de respuesta: 250 mm\/s  Punta de contacto: R 5 mm metal duro  Contact point radius: R=5 mm carbide  Se\u00f1al de salida: Diferencia de fase 90\u00b0, onda sinoidal 2 fases  Ejecuci\u00f3n con rodamientos: Rodamientos lineales a bolas de alta precisi\u00f3n  Condiciones ambientales: 10-30\u00b0  Entregado: With Display Unit  Salida de datos DIGIMATIC: Si  ON\/OFF: Si  Puesta a cero: Si  PRESET: Si  Conmutador mm\/inch: Si  Entrada de limites de tolerancia: Si  Cambio del sentido de contaje: Si\" \/>\n<meta property=\"og:url\" content=\"https:\/\/techmasterdemexico.com\/producto\/laser-hologag-542-721e\/\" \/>\n<meta property=\"og:site_name\" content=\"Techmaster de Mexico\" \/>\n<meta property=\"article:modified_time\" content=\"2022-05-12T04:25:44+00:00\" \/>\n<meta property=\"og:image\" content=\"https:\/\/techmasterdemexico.com\/wp-content\/uploads\/2021\/10\/542-720D.jpg\" \/>\n\t<meta property=\"og:image:width\" content=\"600\" \/>\n\t<meta property=\"og:image:height\" content=\"600\" \/>\n\t<meta property=\"og:image:type\" content=\"image\/jpeg\" \/>\n<meta name=\"twitter:card\" content=\"summary_large_image\" \/>\n<meta name=\"twitter:label1\" content=\"Est. reading time\" \/>\n\t<meta name=\"twitter:data1\" content=\"1 minute\" \/>\n<script type=\"application\/ld+json\" class=\"yoast-schema-graph\">{\"@context\":\"https:\\\/\\\/schema.org\",\"@graph\":[{\"@type\":\"WebPage\",\"@id\":\"https:\\\/\\\/techmasterdemexico.com\\\/producto\\\/laser-hologag-542-721e\\\/\",\"url\":\"https:\\\/\\\/techmasterdemexico.com\\\/producto\\\/laser-hologag-542-721e\\\/\",\"name\":\"Laser-Hologag 542-721E - Techmaster de Mexico\",\"isPartOf\":{\"@id\":\"https:\\\/\\\/techmasterdemexico.com\\\/#website\"},\"primaryImageOfPage\":{\"@id\":\"https:\\\/\\\/techmasterdemexico.com\\\/producto\\\/laser-hologag-542-721e\\\/#primaryimage\"},\"image\":{\"@id\":\"https:\\\/\\\/techmasterdemexico.com\\\/producto\\\/laser-hologag-542-721e\\\/#primaryimage\"},\"thumbnailUrl\":\"https:\\\/\\\/techmasterdemexico.com\\\/wp-content\\\/uploads\\\/2021\\\/10\\\/542-720D.jpg\",\"datePublished\":\"2021-10-28T17:45:35+00:00\",\"dateModified\":\"2022-05-12T04:25:44+00:00\",\"breadcrumb\":{\"@id\":\"https:\\\/\\\/techmasterdemexico.com\\\/producto\\\/laser-hologag-542-721e\\\/#breadcrumb\"},\"inLanguage\":\"en-US\",\"potentialAction\":[{\"@type\":\"ReadAction\",\"target\":[\"https:\\\/\\\/techmasterdemexico.com\\\/producto\\\/laser-hologag-542-721e\\\/\"]}]},{\"@type\":\"ImageObject\",\"inLanguage\":\"en-US\",\"@id\":\"https:\\\/\\\/techmasterdemexico.com\\\/producto\\\/laser-hologag-542-721e\\\/#primaryimage\",\"url\":\"https:\\\/\\\/techmasterdemexico.com\\\/wp-content\\\/uploads\\\/2021\\\/10\\\/542-720D.jpg\",\"contentUrl\":\"https:\\\/\\\/techmasterdemexico.com\\\/wp-content\\\/uploads\\\/2021\\\/10\\\/542-720D.jpg\",\"width\":600,\"height\":600},{\"@type\":\"BreadcrumbList\",\"@id\":\"https:\\\/\\\/techmasterdemexico.com\\\/producto\\\/laser-hologag-542-721e\\\/#breadcrumb\",\"itemListElement\":[{\"@type\":\"ListItem\",\"position\":1,\"name\":\"Portada\",\"item\":\"https:\\\/\\\/techmasterdemexico.com\\\/\"},{\"@type\":\"ListItem\",\"position\":2,\"name\":\"Laser-Hologag 542-721E\"}]},{\"@type\":\"WebSite\",\"@id\":\"https:\\\/\\\/techmasterdemexico.com\\\/#website\",\"url\":\"https:\\\/\\\/techmasterdemexico.com\\\/\",\"name\":\"Techmaster de Mexico\",\"description\":\"\",\"potentialAction\":[{\"@type\":\"SearchAction\",\"target\":{\"@type\":\"EntryPoint\",\"urlTemplate\":\"https:\\\/\\\/techmasterdemexico.com\\\/?s={search_term_string}\"},\"query-input\":{\"@type\":\"PropertyValueSpecification\",\"valueRequired\":true,\"valueName\":\"search_term_string\"}}],\"inLanguage\":\"en-US\"}]}<\/script>\n<!-- \/ Yoast SEO plugin. -->","yoast_head_json":{"title":"Laser-Hologag 542-721E - Techmaster de Mexico","robots":{"index":"index","follow":"follow","max-snippet":"max-snippet:-1","max-image-preview":"max-image-preview:large","max-video-preview":"max-video-preview:-1"},"canonical":"https:\/\/techmasterdemexico.com\/producto\/laser-hologag-542-721e\/","og_locale":"en_US","og_type":"article","og_title":"Laser-Hologag 542-721E - Techmaster de Mexico","og_description":"Resoluci\u00f3n \u00b5m: 0.01 \u00b5m  Peso: 900 g  Repetibilidad: 0,02 \u00b5m  Tipo de escala: Sensor de medici\u00f3n de Holograma L\u00e1ser  Velocidad m\u00e1x. de respuesta: 250 mm\/s  Punta de contacto: R 5 mm metal duro  Contact point radius: R=5 mm carbide  Se\u00f1al de salida: Diferencia de fase 90\u00b0, onda sinoidal 2 fases  Ejecuci\u00f3n con rodamientos: Rodamientos lineales a bolas de alta precisi\u00f3n  Condiciones ambientales: 10-30\u00b0  Entregado: With Display Unit  Salida de datos DIGIMATIC: Si  ON\/OFF: Si  Puesta a cero: Si  PRESET: Si  Conmutador mm\/inch: Si  Entrada de limites de tolerancia: Si  Cambio del sentido de contaje: Si","og_url":"https:\/\/techmasterdemexico.com\/producto\/laser-hologag-542-721e\/","og_site_name":"Techmaster de Mexico","article_modified_time":"2022-05-12T04:25:44+00:00","og_image":[{"width":600,"height":600,"url":"https:\/\/techmasterdemexico.com\/wp-content\/uploads\/2021\/10\/542-720D.jpg","type":"image\/jpeg"}],"twitter_card":"summary_large_image","twitter_misc":{"Est. reading time":"1 minute"},"schema":{"@context":"https:\/\/schema.org","@graph":[{"@type":"WebPage","@id":"https:\/\/techmasterdemexico.com\/producto\/laser-hologag-542-721e\/","url":"https:\/\/techmasterdemexico.com\/producto\/laser-hologag-542-721e\/","name":"Laser-Hologag 542-721E - Techmaster de Mexico","isPartOf":{"@id":"https:\/\/techmasterdemexico.com\/#website"},"primaryImageOfPage":{"@id":"https:\/\/techmasterdemexico.com\/producto\/laser-hologag-542-721e\/#primaryimage"},"image":{"@id":"https:\/\/techmasterdemexico.com\/producto\/laser-hologag-542-721e\/#primaryimage"},"thumbnailUrl":"https:\/\/techmasterdemexico.com\/wp-content\/uploads\/2021\/10\/542-720D.jpg","datePublished":"2021-10-28T17:45:35+00:00","dateModified":"2022-05-12T04:25:44+00:00","breadcrumb":{"@id":"https:\/\/techmasterdemexico.com\/producto\/laser-hologag-542-721e\/#breadcrumb"},"inLanguage":"en-US","potentialAction":[{"@type":"ReadAction","target":["https:\/\/techmasterdemexico.com\/producto\/laser-hologag-542-721e\/"]}]},{"@type":"ImageObject","inLanguage":"en-US","@id":"https:\/\/techmasterdemexico.com\/producto\/laser-hologag-542-721e\/#primaryimage","url":"https:\/\/techmasterdemexico.com\/wp-content\/uploads\/2021\/10\/542-720D.jpg","contentUrl":"https:\/\/techmasterdemexico.com\/wp-content\/uploads\/2021\/10\/542-720D.jpg","width":600,"height":600},{"@type":"BreadcrumbList","@id":"https:\/\/techmasterdemexico.com\/producto\/laser-hologag-542-721e\/#breadcrumb","itemListElement":[{"@type":"ListItem","position":1,"name":"Portada","item":"https:\/\/techmasterdemexico.com\/"},{"@type":"ListItem","position":2,"name":"Laser-Hologag 542-721E"}]},{"@type":"WebSite","@id":"https:\/\/techmasterdemexico.com\/#website","url":"https:\/\/techmasterdemexico.com\/","name":"Techmaster de Mexico","description":"","potentialAction":[{"@type":"SearchAction","target":{"@type":"EntryPoint","urlTemplate":"https:\/\/techmasterdemexico.com\/?s={search_term_string}"},"query-input":{"@type":"PropertyValueSpecification","valueRequired":true,"valueName":"search_term_string"}}],"inLanguage":"en-US"}]}},"brands":[{"id":39,"name":"Mitutoyo","slug":"mitutoyo"}],"_links":{"self":[{"href":"https:\/\/techmasterdemexico.com\/en\/wp-json\/wp\/v2\/product\/10648","targetHints":{"allow":["GET"]}}],"collection":[{"href":"https:\/\/techmasterdemexico.com\/en\/wp-json\/wp\/v2\/product"}],"about":[{"href":"https:\/\/techmasterdemexico.com\/en\/wp-json\/wp\/v2\/types\/product"}],"wp:featuredmedia":[{"embeddable":true,"href":"https:\/\/techmasterdemexico.com\/en\/wp-json\/wp\/v2\/media\/11124"}],"wp:attachment":[{"href":"https:\/\/techmasterdemexico.com\/en\/wp-json\/wp\/v2\/media?parent=10648"}],"wp:term":[{"taxonomy":"pwb-brand","embeddable":true,"href":"https:\/\/techmasterdemexico.com\/en\/wp-json\/wp\/v2\/pwb-brand?post=10648"},{"taxonomy":"product_brand","embeddable":true,"href":"https:\/\/techmasterdemexico.com\/en\/wp-json\/wp\/v2\/product_brand?post=10648"},{"taxonomy":"product_cat","embeddable":true,"href":"https:\/\/techmasterdemexico.com\/en\/wp-json\/wp\/v2\/product_cat?post=10648"},{"taxonomy":"product_tag","embeddable":true,"href":"https:\/\/techmasterdemexico.com\/en\/wp-json\/wp\/v2\/product_tag?post=10648"}],"curies":[{"name":"wp","href":"https:\/\/api.w.org\/{rel}","templated":true}]}}