{"id":10643,"date":"2021-10-28T17:45:33","date_gmt":"2021-10-28T17:45:33","guid":{"rendered":"https:\/\/techmastermx.ddns.net\/producto\/visualizador-ev-for-lgf-lgk-lgb-lg-lgm-lgh\/"},"modified":"2022-05-12T04:25:45","modified_gmt":"2022-05-12T04:25:45","slug":"visualizador-ev-for-lgf-lgk-lgb-lg-lgm-lgh","status":"publish","type":"product","link":"https:\/\/techmasterdemexico.com\/en\/producto\/visualizador-ev-for-lgf-lgk-lgb-lg-lgm-lgh\/","title":{"rendered":"Visualizador EV for LGF, LGK, LGB, LG, LGM, LGH"},"content":{"rendered":"<p>Visualizador EV<br \/>\nfor LGF, LGK, LGB, LG, LGM, LGH<br \/>\nN\u00famero de art\u00edculo: 542-063<\/p>\n<p>&nbsp;<\/p>\n<ul>\n<li>Se puede conectar hasta seis sondas y usando la funci\u00f3n RS-Link, se pueden conectar hasta 10 contadores EV.<\/li>\n<li>Se puede configurar un sistema de medici\u00f3n de puntos m\u00faltiples con hasta un m\u00e1ximo de 60 sondas.<\/li>\n<li>Se pueden seleccionar los siguientes modos de salida: Salida I\/O para juicio de tolerancia y salida de segmento, salida de datos BCD y salida RS-232 C.<\/li>\n<li>Conector del terminal (tornillos M3), DC+12 hasta ++24V,700 mA (max.)<\/li>\n<li>Hasta 10 contadores EV pueden ser conectador v\u00eda puerto simple RS-232C. (cadena). Se pueden mezclar contadores EV y EF (en cuyo caso se podr\u00edan conectar un total de 6 contadores)<\/li>\n<\/ul>\n","protected":false},"excerpt":{"rendered":"<ul>\n<li>Resoluci\u00f3n: 5,0E-4\/0,001\/0,005\/0,01 (sin pantalla) mm<\/li>\n<li>M\u00e1x. frecuencia de entrada: 1,25 MHz (cuadrado de 2 fases ola), respuesta la velocidad depende del calibre especificaci\u00f3n. Velocidad m\u00e1xima de conteo: 5MHz<\/li>\n<li>Tipo se\u00f1al de entrada: Onda cuadrada diferencial<\/li>\n<li>Instrumento aplicable: LGF, LGK, LGB, LG, LGM, LGH (excluding LGF-Z with reference point, LGH with 0.01 \u00b5m resolution), LG100 with connector adapter plug 21HZA195<\/li>\n<li>Entradas para aparatos: 6<\/li>\n<li>Peso: 910 g<\/li>\n<li>Modelo: Para 542-063<\/li>\n<li>Fuente de alimentaci\u00f3n: Conector terminal (tornillos M3), DC+12 to +24V,700 mA (max)<\/li>\n<li>Visualizador:\n<ul>\n<li>D EV Unit: red LED display, 6 digit plus sign<\/li>\n<li>8 digit internal to EV-Counter<\/li>\n<\/ul>\n<\/li>\n<li>Entregado: AC adapter, AC cable and terminal connecting cables are not included. Please see accessories below.<\/li>\n<li>Valoraci\u00f3n de tolerancias en display: LED display (3 steps: Amber, Green, Red)<\/li>\n<li>Puesta a cero: Si<\/li>\n<li>PRESET: Si<\/li>\n<li>External HOLD: Si<\/li>\n<li>MAX\u2009\/\u2009MIN\u2009\/\u2009Diferencia de medici\u00f3n: Si<\/li>\n<li>Conmutador mm\/inch: Si<\/li>\n<li>Conector RS: Si<\/li>\n<li>Cambio del sentido de contaje: Si<\/li>\n<li>Salida de se\u00f1al<\/li>\n<li>PRESET o CERO externo: Si<\/li>\n<li>C\u00e1lculo (f\u00f3rmula): Si<\/li>\n<li>M\u00e1x. frecuencia de entrada: 1.25 MHz (diferencial de onda cuadrada) : Max velocidad de contado : 5MHz<\/li>\n<li>Condiciones ambientales: 0\u00b0 C a 40\u00b0 C (humedad relativa 20% a 80% , sin condensaci\u00f3n)<\/li>\n<\/ul>\n","protected":false},"featured_media":11127,"template":"","meta":{"_acf_changed":false},"pwb-brand":[39],"product_brand":[],"product_cat":[366,321,38,320],"product_tag":[],"class_list":{"0":"post-10643","1":"product","2":"type-product","3":"status-publish","4":"has-post-thumbnail","6":"pwb-brand-mitutoyo","7":"product_cat-todos-los-productos","8":"product_cat-contadores-y-unidades-de-lectura","9":"product_cat-mitutoyo","10":"product_cat-sensores","12":"first","13":"instock","14":"taxable","15":"shipping-taxable","16":"product-type-simple"},"acf":[],"yoast_head":"<!-- This site is optimized with the Yoast SEO plugin v27.4 - https:\/\/yoast.com\/product\/yoast-seo-wordpress\/ -->\n<title>Visualizador EV for LGF, LGK, LGB, LG, LGM, LGH - Techmaster de Mexico<\/title>\n<meta name=\"robots\" content=\"index, follow, max-snippet:-1, max-image-preview:large, max-video-preview:-1\" \/>\n<link rel=\"canonical\" href=\"https:\/\/techmasterdemexico.com\/producto\/visualizador-ev-for-lgf-lgk-lgb-lg-lgm-lgh\/\" \/>\n<meta property=\"og:locale\" content=\"en_US\" \/>\n<meta property=\"og:type\" content=\"article\" \/>\n<meta property=\"og:title\" content=\"Visualizador EV for LGF, LGK, LGB, LG, LGM, LGH - Techmaster de Mexico\" \/>\n<meta property=\"og:description\" content=\"Resoluci\u00f3n: 5,0E-4\/0,001\/0,005\/0,01 (sin pantalla) mm  M\u00e1x. frecuencia de entrada: 1,25 MHz (cuadrado de 2 fases ola), respuesta la velocidad depende del calibre especificaci\u00f3n. Velocidad m\u00e1xima de conteo: 5MHz  Tipo se\u00f1al de entrada: Onda cuadrada diferencial  Instrumento aplicable: LGF, LGK, LGB, LG, LGM, LGH (excluding LGF-Z with reference point, LGH with 0.01 \u00b5m resolution), LG100 with connector adapter plug 21HZA195  Entradas para aparatos: 6  Peso: 910 g  Modelo: Para 542-063  Fuente de alimentaci\u00f3n: Conector terminal (tornillos M3), DC+12 to +24V,700 mA (max)  Visualizador:   D EV Unit: red LED display, 6 digit plus sign  8 digit internal to EV-Counter    Entregado: AC adapter, AC cable and terminal connecting cables are not included. Please see accessories below.  Valoraci\u00f3n de tolerancias en display: LED display (3 steps: Amber, Green, Red)  Puesta a cero: Si  PRESET: Si  External HOLD: Si  MAX\u2009\/\u2009MIN\u2009\/\u2009Diferencia de medici\u00f3n: Si  Conmutador mm\/inch: Si  Conector RS: Si  Cambio del sentido de contaje: Si  Salida de se\u00f1al  PRESET o CERO externo: Si  C\u00e1lculo (f\u00f3rmula): Si  M\u00e1x. frecuencia de entrada: 1.25 MHz (diferencial de onda cuadrada) : Max velocidad de contado : 5MHz  Condiciones ambientales: 0\u00b0 C a 40\u00b0 C (humedad relativa 20% a 80% , sin condensaci\u00f3n)\" \/>\n<meta property=\"og:url\" content=\"https:\/\/techmasterdemexico.com\/producto\/visualizador-ev-for-lgf-lgk-lgb-lg-lgm-lgh\/\" \/>\n<meta property=\"og:site_name\" content=\"Techmaster de Mexico\" \/>\n<meta property=\"article:modified_time\" content=\"2022-05-12T04:25:45+00:00\" \/>\n<meta property=\"og:image\" content=\"https:\/\/techmasterdemexico.com\/wp-content\/uploads\/2021\/10\/542-063.jpg\" \/>\n\t<meta property=\"og:image:width\" content=\"600\" \/>\n\t<meta property=\"og:image:height\" content=\"600\" \/>\n\t<meta property=\"og:image:type\" content=\"image\/jpeg\" \/>\n<meta name=\"twitter:card\" content=\"summary_large_image\" \/>\n<meta name=\"twitter:label1\" content=\"Est. reading time\" \/>\n\t<meta name=\"twitter:data1\" content=\"1 minute\" \/>\n<script type=\"application\/ld+json\" class=\"yoast-schema-graph\">{\"@context\":\"https:\\\/\\\/schema.org\",\"@graph\":[{\"@type\":\"WebPage\",\"@id\":\"https:\\\/\\\/techmasterdemexico.com\\\/producto\\\/visualizador-ev-for-lgf-lgk-lgb-lg-lgm-lgh\\\/\",\"url\":\"https:\\\/\\\/techmasterdemexico.com\\\/producto\\\/visualizador-ev-for-lgf-lgk-lgb-lg-lgm-lgh\\\/\",\"name\":\"Visualizador EV for LGF, LGK, LGB, LG, LGM, LGH - Techmaster de Mexico\",\"isPartOf\":{\"@id\":\"https:\\\/\\\/techmasterdemexico.com\\\/#website\"},\"primaryImageOfPage\":{\"@id\":\"https:\\\/\\\/techmasterdemexico.com\\\/producto\\\/visualizador-ev-for-lgf-lgk-lgb-lg-lgm-lgh\\\/#primaryimage\"},\"image\":{\"@id\":\"https:\\\/\\\/techmasterdemexico.com\\\/producto\\\/visualizador-ev-for-lgf-lgk-lgb-lg-lgm-lgh\\\/#primaryimage\"},\"thumbnailUrl\":\"https:\\\/\\\/techmasterdemexico.com\\\/wp-content\\\/uploads\\\/2021\\\/10\\\/542-063.jpg\",\"datePublished\":\"2021-10-28T17:45:33+00:00\",\"dateModified\":\"2022-05-12T04:25:45+00:00\",\"breadcrumb\":{\"@id\":\"https:\\\/\\\/techmasterdemexico.com\\\/producto\\\/visualizador-ev-for-lgf-lgk-lgb-lg-lgm-lgh\\\/#breadcrumb\"},\"inLanguage\":\"en-US\",\"potentialAction\":[{\"@type\":\"ReadAction\",\"target\":[\"https:\\\/\\\/techmasterdemexico.com\\\/producto\\\/visualizador-ev-for-lgf-lgk-lgb-lg-lgm-lgh\\\/\"]}]},{\"@type\":\"ImageObject\",\"inLanguage\":\"en-US\",\"@id\":\"https:\\\/\\\/techmasterdemexico.com\\\/producto\\\/visualizador-ev-for-lgf-lgk-lgb-lg-lgm-lgh\\\/#primaryimage\",\"url\":\"https:\\\/\\\/techmasterdemexico.com\\\/wp-content\\\/uploads\\\/2021\\\/10\\\/542-063.jpg\",\"contentUrl\":\"https:\\\/\\\/techmasterdemexico.com\\\/wp-content\\\/uploads\\\/2021\\\/10\\\/542-063.jpg\",\"width\":600,\"height\":600},{\"@type\":\"BreadcrumbList\",\"@id\":\"https:\\\/\\\/techmasterdemexico.com\\\/producto\\\/visualizador-ev-for-lgf-lgk-lgb-lg-lgm-lgh\\\/#breadcrumb\",\"itemListElement\":[{\"@type\":\"ListItem\",\"position\":1,\"name\":\"Portada\",\"item\":\"https:\\\/\\\/techmasterdemexico.com\\\/\"},{\"@type\":\"ListItem\",\"position\":2,\"name\":\"Visualizador EV for LGF, LGK, LGB, LG, LGM, LGH\"}]},{\"@type\":\"WebSite\",\"@id\":\"https:\\\/\\\/techmasterdemexico.com\\\/#website\",\"url\":\"https:\\\/\\\/techmasterdemexico.com\\\/\",\"name\":\"Techmaster de Mexico\",\"description\":\"\",\"potentialAction\":[{\"@type\":\"SearchAction\",\"target\":{\"@type\":\"EntryPoint\",\"urlTemplate\":\"https:\\\/\\\/techmasterdemexico.com\\\/?s={search_term_string}\"},\"query-input\":{\"@type\":\"PropertyValueSpecification\",\"valueRequired\":true,\"valueName\":\"search_term_string\"}}],\"inLanguage\":\"en-US\"}]}<\/script>\n<!-- \/ Yoast SEO plugin. -->","yoast_head_json":{"title":"Visualizador EV for LGF, LGK, LGB, LG, LGM, LGH - Techmaster de Mexico","robots":{"index":"index","follow":"follow","max-snippet":"max-snippet:-1","max-image-preview":"max-image-preview:large","max-video-preview":"max-video-preview:-1"},"canonical":"https:\/\/techmasterdemexico.com\/producto\/visualizador-ev-for-lgf-lgk-lgb-lg-lgm-lgh\/","og_locale":"en_US","og_type":"article","og_title":"Visualizador EV for LGF, LGK, LGB, LG, LGM, LGH - Techmaster de Mexico","og_description":"Resoluci\u00f3n: 5,0E-4\/0,001\/0,005\/0,01 (sin pantalla) mm  M\u00e1x. frecuencia de entrada: 1,25 MHz (cuadrado de 2 fases ola), respuesta la velocidad depende del calibre especificaci\u00f3n. Velocidad m\u00e1xima de conteo: 5MHz  Tipo se\u00f1al de entrada: Onda cuadrada diferencial  Instrumento aplicable: LGF, LGK, LGB, LG, LGM, LGH (excluding LGF-Z with reference point, LGH with 0.01 \u00b5m resolution), LG100 with connector adapter plug 21HZA195  Entradas para aparatos: 6  Peso: 910 g  Modelo: Para 542-063  Fuente de alimentaci\u00f3n: Conector terminal (tornillos M3), DC+12 to +24V,700 mA (max)  Visualizador:   D EV Unit: red LED display, 6 digit plus sign  8 digit internal to EV-Counter    Entregado: AC adapter, AC cable and terminal connecting cables are not included. Please see accessories below.  Valoraci\u00f3n de tolerancias en display: LED display (3 steps: Amber, Green, Red)  Puesta a cero: Si  PRESET: Si  External HOLD: Si  MAX\u2009\/\u2009MIN\u2009\/\u2009Diferencia de medici\u00f3n: Si  Conmutador mm\/inch: Si  Conector RS: Si  Cambio del sentido de contaje: Si  Salida de se\u00f1al  PRESET o CERO externo: Si  C\u00e1lculo (f\u00f3rmula): Si  M\u00e1x. frecuencia de entrada: 1.25 MHz (diferencial de onda cuadrada) : Max velocidad de contado : 5MHz  Condiciones ambientales: 0\u00b0 C a 40\u00b0 C (humedad relativa 20% a 80% , sin condensaci\u00f3n)","og_url":"https:\/\/techmasterdemexico.com\/producto\/visualizador-ev-for-lgf-lgk-lgb-lg-lgm-lgh\/","og_site_name":"Techmaster de Mexico","article_modified_time":"2022-05-12T04:25:45+00:00","og_image":[{"width":600,"height":600,"url":"https:\/\/techmasterdemexico.com\/wp-content\/uploads\/2021\/10\/542-063.jpg","type":"image\/jpeg"}],"twitter_card":"summary_large_image","twitter_misc":{"Est. reading time":"1 minute"},"schema":{"@context":"https:\/\/schema.org","@graph":[{"@type":"WebPage","@id":"https:\/\/techmasterdemexico.com\/producto\/visualizador-ev-for-lgf-lgk-lgb-lg-lgm-lgh\/","url":"https:\/\/techmasterdemexico.com\/producto\/visualizador-ev-for-lgf-lgk-lgb-lg-lgm-lgh\/","name":"Visualizador EV for LGF, LGK, LGB, LG, LGM, LGH - Techmaster de Mexico","isPartOf":{"@id":"https:\/\/techmasterdemexico.com\/#website"},"primaryImageOfPage":{"@id":"https:\/\/techmasterdemexico.com\/producto\/visualizador-ev-for-lgf-lgk-lgb-lg-lgm-lgh\/#primaryimage"},"image":{"@id":"https:\/\/techmasterdemexico.com\/producto\/visualizador-ev-for-lgf-lgk-lgb-lg-lgm-lgh\/#primaryimage"},"thumbnailUrl":"https:\/\/techmasterdemexico.com\/wp-content\/uploads\/2021\/10\/542-063.jpg","datePublished":"2021-10-28T17:45:33+00:00","dateModified":"2022-05-12T04:25:45+00:00","breadcrumb":{"@id":"https:\/\/techmasterdemexico.com\/producto\/visualizador-ev-for-lgf-lgk-lgb-lg-lgm-lgh\/#breadcrumb"},"inLanguage":"en-US","potentialAction":[{"@type":"ReadAction","target":["https:\/\/techmasterdemexico.com\/producto\/visualizador-ev-for-lgf-lgk-lgb-lg-lgm-lgh\/"]}]},{"@type":"ImageObject","inLanguage":"en-US","@id":"https:\/\/techmasterdemexico.com\/producto\/visualizador-ev-for-lgf-lgk-lgb-lg-lgm-lgh\/#primaryimage","url":"https:\/\/techmasterdemexico.com\/wp-content\/uploads\/2021\/10\/542-063.jpg","contentUrl":"https:\/\/techmasterdemexico.com\/wp-content\/uploads\/2021\/10\/542-063.jpg","width":600,"height":600},{"@type":"BreadcrumbList","@id":"https:\/\/techmasterdemexico.com\/producto\/visualizador-ev-for-lgf-lgk-lgb-lg-lgm-lgh\/#breadcrumb","itemListElement":[{"@type":"ListItem","position":1,"name":"Portada","item":"https:\/\/techmasterdemexico.com\/"},{"@type":"ListItem","position":2,"name":"Visualizador EV for LGF, LGK, LGB, LG, LGM, LGH"}]},{"@type":"WebSite","@id":"https:\/\/techmasterdemexico.com\/#website","url":"https:\/\/techmasterdemexico.com\/","name":"Techmaster de Mexico","description":"","potentialAction":[{"@type":"SearchAction","target":{"@type":"EntryPoint","urlTemplate":"https:\/\/techmasterdemexico.com\/?s={search_term_string}"},"query-input":{"@type":"PropertyValueSpecification","valueRequired":true,"valueName":"search_term_string"}}],"inLanguage":"en-US"}]}},"brands":[{"id":39,"name":"Mitutoyo","slug":"mitutoyo"}],"_links":{"self":[{"href":"https:\/\/techmasterdemexico.com\/en\/wp-json\/wp\/v2\/product\/10643","targetHints":{"allow":["GET"]}}],"collection":[{"href":"https:\/\/techmasterdemexico.com\/en\/wp-json\/wp\/v2\/product"}],"about":[{"href":"https:\/\/techmasterdemexico.com\/en\/wp-json\/wp\/v2\/types\/product"}],"wp:featuredmedia":[{"embeddable":true,"href":"https:\/\/techmasterdemexico.com\/en\/wp-json\/wp\/v2\/media\/11127"}],"wp:attachment":[{"href":"https:\/\/techmasterdemexico.com\/en\/wp-json\/wp\/v2\/media?parent=10643"}],"wp:term":[{"taxonomy":"pwb-brand","embeddable":true,"href":"https:\/\/techmasterdemexico.com\/en\/wp-json\/wp\/v2\/pwb-brand?post=10643"},{"taxonomy":"product_brand","embeddable":true,"href":"https:\/\/techmasterdemexico.com\/en\/wp-json\/wp\/v2\/product_brand?post=10643"},{"taxonomy":"product_cat","embeddable":true,"href":"https:\/\/techmasterdemexico.com\/en\/wp-json\/wp\/v2\/product_cat?post=10643"},{"taxonomy":"product_tag","embeddable":true,"href":"https:\/\/techmasterdemexico.com\/en\/wp-json\/wp\/v2\/product_tag?post=10643"}],"curies":[{"name":"wp","href":"https:\/\/api.w.org\/{rel}","templated":true}]}}