{"id":10640,"date":"2021-10-28T17:45:31","date_gmt":"2021-10-28T17:45:31","guid":{"rendered":"https:\/\/techmastermx.ddns.net\/producto\/visualizador-eg-for-linear-gauge-lgf-lgk-lgblgm-lgh\/"},"modified":"2022-05-12T04:25:48","modified_gmt":"2022-05-12T04:25:48","slug":"visualizador-eg-for-linear-gauge-lgf-lgk-lgblgm-lgh","status":"publish","type":"product","link":"https:\/\/techmasterdemexico.com\/en\/producto\/visualizador-eg-for-linear-gauge-lgf-lgk-lgblgm-lgh\/","title":{"rendered":"Visualizador-EG for Linear Gauge LGF, LGK, LGB,LGM, LGH"},"content":{"rendered":"<p>Visualizador-EG<br \/>\nfor Linear Gauge LGF, LGK, LGB,LGM, LGH<br \/>\nN\u00famero de art\u00edculo: 542-015<\/p>\n<p>Se trata de un contador compacto con un panel de control que le ofrece las siguientes ventajas:<\/p>\n<ul>\n<li>Modelo compacto con panel de control seg\u00fan la norma DIN (96 x 48 mm).<\/li>\n<li>Con funci\u00f3n I \/ O , para la evaluaci\u00f3n de la tolerancia (3 \/ 5 pasos) o la funci\u00f3n de salida paralela BCD.<\/li>\n<\/ul>\n","protected":false},"excerpt":{"rendered":"<ul>\n<li>Resoluci\u00f3n:\n<ul>\n<li>0,0001\/0,0005\/<\/li>\n<li>0,001\/0,005\/0,01 mm<\/li>\n<\/ul>\n<\/li>\n<li>Visualizador: LED (verde) 6 d\u00edgitos y signo (-)<\/li>\n<li>M\u00e1x. frecuencia de entrada: 750 KHz (Onda cuadrada 2-fases)<\/li>\n<li>M\u00e1x. frecuencia de entrada: 1,25 MHz (2-phase square wave), response speed depends on gauge specification<\/li>\n<li>Tipo se\u00f1al de entrada: Onda cuadrada diferencial<\/li>\n<li>Instrumento aplicable: LGF, LGK, LGB, LGB, LGM, LGH (excluyendo LGF-Z con punto de referencia, LGH con una resoluci\u00f3n de 0,01 \u03bcm)<\/li>\n<li>Entradas para aparatos: 1<\/li>\n<li>Peso: 400 g<\/li>\n<li>Especificaciones: Para 542-092-2<\/li>\n<li>Visualizador: Pantalla LED verde 6 d\u00edgitos m\u00e1s signo<\/li>\n<li>Fuente alimentaci\u00f3n: Bloque de terminales (tornillos M3) 12 a 24 V CC, 6 W o menos (500 mA) max.) suministro externo, El adaptador de CA no es est\u00e1ndar accesorio<\/li>\n<li>Voltage de salida: + 2,5 V [valor de contaje x valor de tensi\u00f3n (25 mV 2.5 o mV)]<\/li>\n<li>Fondo de escala (1): 0 V a 5 V<\/li>\n<li>Entregado: AC adapter, AC cable and terminal connecting cables are not included. Please see accessories below.<\/li>\n<li>Valoraci\u00f3n de tolerancias en display: Display LED (3 niveles : Ambar, Verde, Rojo\/5 niveles : Ambar, Ambar intermitente, Verde, Rojo intermitente, Rojo)<\/li>\n<li>Puesta a cero: Si<\/li>\n<li>PRESET: Si<\/li>\n<li>Salida BCD: Si<\/li>\n<li>MAX\u2009\/\u2009MIN\u2009\/\u2009Diferencia de medici\u00f3n: Si<\/li>\n<li>Conmutador mm\/inch: Si<\/li>\n<li>Cancelar pico externo: s\u00ed<\/li>\n<li>Cambio del sentido de contaje: Si<\/li>\n<li>Salida de se\u00f1al PRESET o CERO externo: Si<\/li>\n<li>Modelo: EG<\/li>\n<li>Exactitud: \u00b1 5 % (0 V to 5 V) y \u00b1 0.5 % (2.5 V \u00b1 200 mV antes de reglaje)<\/li>\n<\/ul>\n","protected":false},"featured_media":11133,"template":"","meta":{"_acf_changed":false},"pwb-brand":[39],"product_brand":[],"product_cat":[366,321,38,320],"product_tag":[],"class_list":{"0":"post-10640","1":"product","2":"type-product","3":"status-publish","4":"has-post-thumbnail","6":"pwb-brand-mitutoyo","7":"product_cat-todos-los-productos","8":"product_cat-contadores-y-unidades-de-lectura","9":"product_cat-mitutoyo","10":"product_cat-sensores","12":"first","13":"instock","14":"taxable","15":"shipping-taxable","16":"product-type-simple"},"acf":[],"yoast_head":"<!-- This site is optimized with the Yoast SEO plugin v27.4 - https:\/\/yoast.com\/product\/yoast-seo-wordpress\/ -->\n<title>Visualizador-EG for Linear Gauge LGF, LGK, LGB,LGM, LGH - Techmaster de Mexico<\/title>\n<meta name=\"robots\" content=\"index, follow, max-snippet:-1, max-image-preview:large, max-video-preview:-1\" \/>\n<link rel=\"canonical\" href=\"https:\/\/techmasterdemexico.com\/producto\/visualizador-eg-for-linear-gauge-lgf-lgk-lgblgm-lgh\/\" \/>\n<meta property=\"og:locale\" content=\"en_US\" \/>\n<meta property=\"og:type\" content=\"article\" \/>\n<meta property=\"og:title\" content=\"Visualizador-EG for Linear Gauge LGF, LGK, LGB,LGM, LGH - Techmaster de Mexico\" \/>\n<meta property=\"og:description\" content=\"Resoluci\u00f3n:   0,0001\/0,0005\/  0,001\/0,005\/0,01 mm    Visualizador: LED (verde) 6 d\u00edgitos y signo (-)  M\u00e1x. frecuencia de entrada: 750 KHz (Onda cuadrada 2-fases)  M\u00e1x. frecuencia de entrada: 1,25 MHz (2-phase square wave), response speed depends on gauge specification  Tipo se\u00f1al de entrada: Onda cuadrada diferencial  Instrumento aplicable: LGF, LGK, LGB, LGB, LGM, LGH (excluyendo LGF-Z con punto de referencia, LGH con una resoluci\u00f3n de 0,01 \u03bcm)  Entradas para aparatos: 1  Peso: 400 g  Especificaciones: Para 542-092-2  Visualizador: Pantalla LED verde 6 d\u00edgitos m\u00e1s signo  Fuente alimentaci\u00f3n: Bloque de terminales (tornillos M3) 12 a 24 V CC, 6 W o menos (500 mA) max.) suministro externo, El adaptador de CA no es est\u00e1ndar accesorio  Voltage de salida: + 2,5 V [valor de contaje x valor de tensi\u00f3n (25 mV 2.5 o mV)]  Fondo de escala (1): 0 V a 5 V  Entregado: AC adapter, AC cable and terminal connecting cables are not included. Please see accessories below.  Valoraci\u00f3n de tolerancias en display: Display LED (3 niveles : Ambar, Verde, Rojo\/5 niveles : Ambar, Ambar intermitente, Verde, Rojo intermitente, Rojo)  Puesta a cero: Si  PRESET: Si  Salida BCD: Si  MAX\u2009\/\u2009MIN\u2009\/\u2009Diferencia de medici\u00f3n: Si  Conmutador mm\/inch: Si  Cancelar pico externo: s\u00ed  Cambio del sentido de contaje: Si  Salida de se\u00f1al PRESET o CERO externo: Si  Modelo: EG  Exactitud: \u00b1 5 % (0 V to 5 V) y \u00b1 0.5 % (2.5 V \u00b1 200 mV antes de reglaje)\" \/>\n<meta property=\"og:url\" content=\"https:\/\/techmasterdemexico.com\/producto\/visualizador-eg-for-linear-gauge-lgf-lgk-lgblgm-lgh\/\" \/>\n<meta property=\"og:site_name\" content=\"Techmaster de Mexico\" \/>\n<meta property=\"article:modified_time\" content=\"2022-05-12T04:25:48+00:00\" \/>\n<meta property=\"og:image\" content=\"https:\/\/techmasterdemexico.com\/wp-content\/uploads\/2021\/10\/542-015.jpg\" \/>\n\t<meta property=\"og:image:width\" content=\"500\" \/>\n\t<meta property=\"og:image:height\" content=\"500\" \/>\n\t<meta property=\"og:image:type\" content=\"image\/jpeg\" \/>\n<meta name=\"twitter:card\" content=\"summary_large_image\" \/>\n<script type=\"application\/ld+json\" class=\"yoast-schema-graph\">{\"@context\":\"https:\\\/\\\/schema.org\",\"@graph\":[{\"@type\":\"WebPage\",\"@id\":\"https:\\\/\\\/techmasterdemexico.com\\\/producto\\\/visualizador-eg-for-linear-gauge-lgf-lgk-lgblgm-lgh\\\/\",\"url\":\"https:\\\/\\\/techmasterdemexico.com\\\/producto\\\/visualizador-eg-for-linear-gauge-lgf-lgk-lgblgm-lgh\\\/\",\"name\":\"Visualizador-EG for Linear Gauge LGF, LGK, LGB,LGM, LGH - Techmaster de Mexico\",\"isPartOf\":{\"@id\":\"https:\\\/\\\/techmasterdemexico.com\\\/#website\"},\"primaryImageOfPage\":{\"@id\":\"https:\\\/\\\/techmasterdemexico.com\\\/producto\\\/visualizador-eg-for-linear-gauge-lgf-lgk-lgblgm-lgh\\\/#primaryimage\"},\"image\":{\"@id\":\"https:\\\/\\\/techmasterdemexico.com\\\/producto\\\/visualizador-eg-for-linear-gauge-lgf-lgk-lgblgm-lgh\\\/#primaryimage\"},\"thumbnailUrl\":\"https:\\\/\\\/techmasterdemexico.com\\\/wp-content\\\/uploads\\\/2021\\\/10\\\/542-015.jpg\",\"datePublished\":\"2021-10-28T17:45:31+00:00\",\"dateModified\":\"2022-05-12T04:25:48+00:00\",\"breadcrumb\":{\"@id\":\"https:\\\/\\\/techmasterdemexico.com\\\/producto\\\/visualizador-eg-for-linear-gauge-lgf-lgk-lgblgm-lgh\\\/#breadcrumb\"},\"inLanguage\":\"en-US\",\"potentialAction\":[{\"@type\":\"ReadAction\",\"target\":[\"https:\\\/\\\/techmasterdemexico.com\\\/producto\\\/visualizador-eg-for-linear-gauge-lgf-lgk-lgblgm-lgh\\\/\"]}]},{\"@type\":\"ImageObject\",\"inLanguage\":\"en-US\",\"@id\":\"https:\\\/\\\/techmasterdemexico.com\\\/producto\\\/visualizador-eg-for-linear-gauge-lgf-lgk-lgblgm-lgh\\\/#primaryimage\",\"url\":\"https:\\\/\\\/techmasterdemexico.com\\\/wp-content\\\/uploads\\\/2021\\\/10\\\/542-015.jpg\",\"contentUrl\":\"https:\\\/\\\/techmasterdemexico.com\\\/wp-content\\\/uploads\\\/2021\\\/10\\\/542-015.jpg\",\"width\":500,\"height\":500},{\"@type\":\"BreadcrumbList\",\"@id\":\"https:\\\/\\\/techmasterdemexico.com\\\/producto\\\/visualizador-eg-for-linear-gauge-lgf-lgk-lgblgm-lgh\\\/#breadcrumb\",\"itemListElement\":[{\"@type\":\"ListItem\",\"position\":1,\"name\":\"Portada\",\"item\":\"https:\\\/\\\/techmasterdemexico.com\\\/\"},{\"@type\":\"ListItem\",\"position\":2,\"name\":\"Visualizador-EG for Linear Gauge LGF, LGK, LGB,LGM, LGH\"}]},{\"@type\":\"WebSite\",\"@id\":\"https:\\\/\\\/techmasterdemexico.com\\\/#website\",\"url\":\"https:\\\/\\\/techmasterdemexico.com\\\/\",\"name\":\"Techmaster de Mexico\",\"description\":\"\",\"potentialAction\":[{\"@type\":\"SearchAction\",\"target\":{\"@type\":\"EntryPoint\",\"urlTemplate\":\"https:\\\/\\\/techmasterdemexico.com\\\/?s={search_term_string}\"},\"query-input\":{\"@type\":\"PropertyValueSpecification\",\"valueRequired\":true,\"valueName\":\"search_term_string\"}}],\"inLanguage\":\"en-US\"}]}<\/script>\n<!-- \/ Yoast SEO plugin. -->","yoast_head_json":{"title":"Visualizador-EG for Linear Gauge LGF, LGK, LGB,LGM, LGH - Techmaster de Mexico","robots":{"index":"index","follow":"follow","max-snippet":"max-snippet:-1","max-image-preview":"max-image-preview:large","max-video-preview":"max-video-preview:-1"},"canonical":"https:\/\/techmasterdemexico.com\/producto\/visualizador-eg-for-linear-gauge-lgf-lgk-lgblgm-lgh\/","og_locale":"en_US","og_type":"article","og_title":"Visualizador-EG for Linear Gauge LGF, LGK, LGB,LGM, LGH - Techmaster de Mexico","og_description":"Resoluci\u00f3n:   0,0001\/0,0005\/  0,001\/0,005\/0,01 mm    Visualizador: LED (verde) 6 d\u00edgitos y signo (-)  M\u00e1x. frecuencia de entrada: 750 KHz (Onda cuadrada 2-fases)  M\u00e1x. frecuencia de entrada: 1,25 MHz (2-phase square wave), response speed depends on gauge specification  Tipo se\u00f1al de entrada: Onda cuadrada diferencial  Instrumento aplicable: LGF, LGK, LGB, LGB, LGM, LGH (excluyendo LGF-Z con punto de referencia, LGH con una resoluci\u00f3n de 0,01 \u03bcm)  Entradas para aparatos: 1  Peso: 400 g  Especificaciones: Para 542-092-2  Visualizador: Pantalla LED verde 6 d\u00edgitos m\u00e1s signo  Fuente alimentaci\u00f3n: Bloque de terminales (tornillos M3) 12 a 24 V CC, 6 W o menos (500 mA) max.) suministro externo, El adaptador de CA no es est\u00e1ndar accesorio  Voltage de salida: + 2,5 V [valor de contaje x valor de tensi\u00f3n (25 mV 2.5 o mV)]  Fondo de escala (1): 0 V a 5 V  Entregado: AC adapter, AC cable and terminal connecting cables are not included. Please see accessories below.  Valoraci\u00f3n de tolerancias en display: Display LED (3 niveles : Ambar, Verde, Rojo\/5 niveles : Ambar, Ambar intermitente, Verde, Rojo intermitente, Rojo)  Puesta a cero: Si  PRESET: Si  Salida BCD: Si  MAX\u2009\/\u2009MIN\u2009\/\u2009Diferencia de medici\u00f3n: Si  Conmutador mm\/inch: Si  Cancelar pico externo: s\u00ed  Cambio del sentido de contaje: Si  Salida de se\u00f1al PRESET o CERO externo: Si  Modelo: EG  Exactitud: \u00b1 5 % (0 V to 5 V) y \u00b1 0.5 % (2.5 V \u00b1 200 mV antes de reglaje)","og_url":"https:\/\/techmasterdemexico.com\/producto\/visualizador-eg-for-linear-gauge-lgf-lgk-lgblgm-lgh\/","og_site_name":"Techmaster de Mexico","article_modified_time":"2022-05-12T04:25:48+00:00","og_image":[{"width":500,"height":500,"url":"https:\/\/techmasterdemexico.com\/wp-content\/uploads\/2021\/10\/542-015.jpg","type":"image\/jpeg"}],"twitter_card":"summary_large_image","schema":{"@context":"https:\/\/schema.org","@graph":[{"@type":"WebPage","@id":"https:\/\/techmasterdemexico.com\/producto\/visualizador-eg-for-linear-gauge-lgf-lgk-lgblgm-lgh\/","url":"https:\/\/techmasterdemexico.com\/producto\/visualizador-eg-for-linear-gauge-lgf-lgk-lgblgm-lgh\/","name":"Visualizador-EG for Linear Gauge LGF, LGK, LGB,LGM, LGH - Techmaster de Mexico","isPartOf":{"@id":"https:\/\/techmasterdemexico.com\/#website"},"primaryImageOfPage":{"@id":"https:\/\/techmasterdemexico.com\/producto\/visualizador-eg-for-linear-gauge-lgf-lgk-lgblgm-lgh\/#primaryimage"},"image":{"@id":"https:\/\/techmasterdemexico.com\/producto\/visualizador-eg-for-linear-gauge-lgf-lgk-lgblgm-lgh\/#primaryimage"},"thumbnailUrl":"https:\/\/techmasterdemexico.com\/wp-content\/uploads\/2021\/10\/542-015.jpg","datePublished":"2021-10-28T17:45:31+00:00","dateModified":"2022-05-12T04:25:48+00:00","breadcrumb":{"@id":"https:\/\/techmasterdemexico.com\/producto\/visualizador-eg-for-linear-gauge-lgf-lgk-lgblgm-lgh\/#breadcrumb"},"inLanguage":"en-US","potentialAction":[{"@type":"ReadAction","target":["https:\/\/techmasterdemexico.com\/producto\/visualizador-eg-for-linear-gauge-lgf-lgk-lgblgm-lgh\/"]}]},{"@type":"ImageObject","inLanguage":"en-US","@id":"https:\/\/techmasterdemexico.com\/producto\/visualizador-eg-for-linear-gauge-lgf-lgk-lgblgm-lgh\/#primaryimage","url":"https:\/\/techmasterdemexico.com\/wp-content\/uploads\/2021\/10\/542-015.jpg","contentUrl":"https:\/\/techmasterdemexico.com\/wp-content\/uploads\/2021\/10\/542-015.jpg","width":500,"height":500},{"@type":"BreadcrumbList","@id":"https:\/\/techmasterdemexico.com\/producto\/visualizador-eg-for-linear-gauge-lgf-lgk-lgblgm-lgh\/#breadcrumb","itemListElement":[{"@type":"ListItem","position":1,"name":"Portada","item":"https:\/\/techmasterdemexico.com\/"},{"@type":"ListItem","position":2,"name":"Visualizador-EG for Linear Gauge LGF, LGK, LGB,LGM, LGH"}]},{"@type":"WebSite","@id":"https:\/\/techmasterdemexico.com\/#website","url":"https:\/\/techmasterdemexico.com\/","name":"Techmaster de Mexico","description":"","potentialAction":[{"@type":"SearchAction","target":{"@type":"EntryPoint","urlTemplate":"https:\/\/techmasterdemexico.com\/?s={search_term_string}"},"query-input":{"@type":"PropertyValueSpecification","valueRequired":true,"valueName":"search_term_string"}}],"inLanguage":"en-US"}]}},"brands":[{"id":39,"name":"Mitutoyo","slug":"mitutoyo"}],"_links":{"self":[{"href":"https:\/\/techmasterdemexico.com\/en\/wp-json\/wp\/v2\/product\/10640","targetHints":{"allow":["GET"]}}],"collection":[{"href":"https:\/\/techmasterdemexico.com\/en\/wp-json\/wp\/v2\/product"}],"about":[{"href":"https:\/\/techmasterdemexico.com\/en\/wp-json\/wp\/v2\/types\/product"}],"wp:featuredmedia":[{"embeddable":true,"href":"https:\/\/techmasterdemexico.com\/en\/wp-json\/wp\/v2\/media\/11133"}],"wp:attachment":[{"href":"https:\/\/techmasterdemexico.com\/en\/wp-json\/wp\/v2\/media?parent=10640"}],"wp:term":[{"taxonomy":"pwb-brand","embeddable":true,"href":"https:\/\/techmasterdemexico.com\/en\/wp-json\/wp\/v2\/pwb-brand?post=10640"},{"taxonomy":"product_brand","embeddable":true,"href":"https:\/\/techmasterdemexico.com\/en\/wp-json\/wp\/v2\/product_brand?post=10640"},{"taxonomy":"product_cat","embeddable":true,"href":"https:\/\/techmasterdemexico.com\/en\/wp-json\/wp\/v2\/product_cat?post=10640"},{"taxonomy":"product_tag","embeddable":true,"href":"https:\/\/techmasterdemexico.com\/en\/wp-json\/wp\/v2\/product_tag?post=10640"}],"curies":[{"name":"wp","href":"https:\/\/api.w.org\/{rel}","templated":true}]}}