{"id":10639,"date":"2021-10-28T17:45:31","date_gmt":"2021-10-28T17:45:31","guid":{"rendered":"https:\/\/techmastermx.ddns.net\/producto\/visualizador-eb-para-palpador-lgf-z-for-lgf-z\/"},"modified":"2022-05-12T04:25:48","modified_gmt":"2022-05-12T04:25:48","slug":"visualizador-eb-para-palpador-lgf-z-for-lgf-z","status":"publish","type":"product","link":"https:\/\/techmasterdemexico.com\/en\/producto\/visualizador-eb-para-palpador-lgf-z-for-lgf-z\/","title":{"rendered":"Visualizador-EB para palpador LGF-Z for LGF-Z"},"content":{"rendered":"<p>Visualizador-EB para palpador LGF-Z<br \/>\nfor LGF-Z<br \/>\nN\u00famero de art\u00edculo: 542-094-2<\/p>\n<ul>\n<li>Modelo compacto con panel de control seg\u00fan la norma DIN (96 x 48 mm).<\/li>\n<li>Con funci\u00f3n I \/ O , para la evaluaci\u00f3n de la tolerancia (3 \/ 5 pasos) o la funci\u00f3n de salida paralela BCD.<\/li>\n<\/ul>\n","protected":false},"excerpt":{"rendered":"<ul>\n<li>Resoluci\u00f3n:\n<ul>\n<li>0,0001 \/ 0,0005 \/<\/li>\n<li>0,001 \/ 0,005 \/ 0,01 mm<\/li>\n<\/ul>\n<\/li>\n<li>M\u00e1x. frecuencia de entrada: 1,25 MHz (onda cuadrada de 2 fases), la velocidad de respuesta depende seg\u00fan la especificaci\u00f3n del calibre<\/li>\n<li>Tipo de se\u00f1al de entrada: Onda cuadrada diferencial con marca de punto de origen<\/li>\n<li>Instrumento aplicable: LGF con marca de origen<\/li>\n<li>Entradas para aparatos: 1<\/li>\n<li>Peso: 400 g<\/li>\n<li>Visualizador: Pantalla LED verda, 6 d\u00edgitos, con signo (-), altura de caracteres 15 mm<\/li>\n<li>Fuente alimentaci\u00f3n: Bloque de terminales (tornillos M3) 12 a 24 V CC, 6 W o menos<br \/>\n(500 mA m\u00e1x.) Suministro externo, El adaptador de CA no est\u00e1 incluido<\/li>\n<li>Entregado: El adaptador de CA, el cable de CA y los cables de conexi\u00f3n de terminales no est\u00e1n incluidos. Consulte los accesorios a continuaci\u00f3n.<\/li>\n<li>Valoraci\u00f3n de tolerancias en display: Display LED (3 niveles: Ambar, Verde, Rojo \/ 5 niveles: Ambar, Ambar intermitente, Verde, Rojo intermitente, Rojo)<\/li>\n<li>Puesta a cero: Si<\/li>\n<li>PREESTABLECIDO: Si<\/li>\n<li>Salida BCD: Si<\/li>\n<li>Salida de datos DIGIMATIC: Si<\/li>\n<li>MANTENIMIENTO externo: Si<\/li>\n<li>MAX \/ MIN \/ Diferencia de medici\u00f3n: Si<\/li>\n<li>Conmutador mm \/ pulgada: Si<\/li>\n<li>E \/ S de salida: Si<\/li>\n<li>Cambio del sentido de contaje: Si<\/li>\n<li>Salida de se\u00f1al PRESET o CERO externo: Si<\/li>\n<li>N\u00famero de entradas: 1<\/li>\n<\/ul>\n","protected":false},"featured_media":11146,"template":"","meta":{"_acf_changed":false},"pwb-brand":[39],"product_brand":[],"product_cat":[366,321,38,320],"product_tag":[],"class_list":{"0":"post-10639","1":"product","2":"type-product","3":"status-publish","4":"has-post-thumbnail","6":"pwb-brand-mitutoyo","7":"product_cat-todos-los-productos","8":"product_cat-contadores-y-unidades-de-lectura","9":"product_cat-mitutoyo","10":"product_cat-sensores","12":"first","13":"instock","14":"taxable","15":"shipping-taxable","16":"product-type-simple"},"acf":[],"yoast_head":"<!-- This site is optimized with the Yoast SEO plugin v27.4 - https:\/\/yoast.com\/product\/yoast-seo-wordpress\/ -->\n<title>Visualizador-EB para palpador LGF-Z for LGF-Z - Techmaster de Mexico<\/title>\n<meta name=\"robots\" content=\"index, follow, max-snippet:-1, max-image-preview:large, max-video-preview:-1\" \/>\n<link rel=\"canonical\" href=\"https:\/\/techmasterdemexico.com\/producto\/visualizador-eb-para-palpador-lgf-z-for-lgf-z\/\" \/>\n<meta property=\"og:locale\" content=\"en_US\" \/>\n<meta property=\"og:type\" content=\"article\" \/>\n<meta property=\"og:title\" content=\"Visualizador-EB para palpador LGF-Z for LGF-Z - Techmaster de Mexico\" \/>\n<meta property=\"og:description\" content=\"Resoluci\u00f3n:   0,0001 \/ 0,0005 \/  0,001 \/ 0,005 \/ 0,01 mm    M\u00e1x. frecuencia de entrada: 1,25 MHz (onda cuadrada de 2 fases), la velocidad de respuesta depende seg\u00fan la especificaci\u00f3n del calibre  Tipo de se\u00f1al de entrada: Onda cuadrada diferencial con marca de punto de origen  Instrumento aplicable: LGF con marca de origen  Entradas para aparatos: 1  Peso: 400 g  Visualizador: Pantalla LED verda, 6 d\u00edgitos, con signo (-), altura de caracteres 15 mm  Fuente alimentaci\u00f3n: Bloque de terminales (tornillos M3) 12 a 24 V CC, 6 W o menos (500 mA m\u00e1x.) Suministro externo, El adaptador de CA no est\u00e1 incluido  Entregado: El adaptador de CA, el cable de CA y los cables de conexi\u00f3n de terminales no est\u00e1n incluidos. Consulte los accesorios a continuaci\u00f3n.  Valoraci\u00f3n de tolerancias en display: Display LED (3 niveles: Ambar, Verde, Rojo \/ 5 niveles: Ambar, Ambar intermitente, Verde, Rojo intermitente, Rojo)  Puesta a cero: Si  PREESTABLECIDO: Si  Salida BCD: Si  Salida de datos DIGIMATIC: Si  MANTENIMIENTO externo: Si  MAX \/ MIN \/ Diferencia de medici\u00f3n: Si  Conmutador mm \/ pulgada: Si  E \/ S de salida: Si  Cambio del sentido de contaje: Si  Salida de se\u00f1al PRESET o CERO externo: Si  N\u00famero de entradas: 1\" \/>\n<meta property=\"og:url\" content=\"https:\/\/techmasterdemexico.com\/producto\/visualizador-eb-para-palpador-lgf-z-for-lgf-z\/\" \/>\n<meta property=\"og:site_name\" content=\"Techmaster de Mexico\" \/>\n<meta property=\"article:modified_time\" content=\"2022-05-12T04:25:48+00:00\" \/>\n<meta property=\"og:image\" content=\"https:\/\/techmasterdemexico.com\/wp-content\/uploads\/2021\/10\/542-094-2.jpg\" \/>\n\t<meta property=\"og:image:width\" content=\"800\" \/>\n\t<meta property=\"og:image:height\" content=\"800\" \/>\n\t<meta property=\"og:image:type\" content=\"image\/jpeg\" \/>\n<meta name=\"twitter:card\" content=\"summary_large_image\" \/>\n<script type=\"application\/ld+json\" class=\"yoast-schema-graph\">{\"@context\":\"https:\\\/\\\/schema.org\",\"@graph\":[{\"@type\":\"WebPage\",\"@id\":\"https:\\\/\\\/techmasterdemexico.com\\\/producto\\\/visualizador-eb-para-palpador-lgf-z-for-lgf-z\\\/\",\"url\":\"https:\\\/\\\/techmasterdemexico.com\\\/producto\\\/visualizador-eb-para-palpador-lgf-z-for-lgf-z\\\/\",\"name\":\"Visualizador-EB para palpador LGF-Z for LGF-Z - Techmaster de Mexico\",\"isPartOf\":{\"@id\":\"https:\\\/\\\/techmasterdemexico.com\\\/#website\"},\"primaryImageOfPage\":{\"@id\":\"https:\\\/\\\/techmasterdemexico.com\\\/producto\\\/visualizador-eb-para-palpador-lgf-z-for-lgf-z\\\/#primaryimage\"},\"image\":{\"@id\":\"https:\\\/\\\/techmasterdemexico.com\\\/producto\\\/visualizador-eb-para-palpador-lgf-z-for-lgf-z\\\/#primaryimage\"},\"thumbnailUrl\":\"https:\\\/\\\/techmasterdemexico.com\\\/wp-content\\\/uploads\\\/2021\\\/10\\\/542-094-2.jpg\",\"datePublished\":\"2021-10-28T17:45:31+00:00\",\"dateModified\":\"2022-05-12T04:25:48+00:00\",\"breadcrumb\":{\"@id\":\"https:\\\/\\\/techmasterdemexico.com\\\/producto\\\/visualizador-eb-para-palpador-lgf-z-for-lgf-z\\\/#breadcrumb\"},\"inLanguage\":\"en-US\",\"potentialAction\":[{\"@type\":\"ReadAction\",\"target\":[\"https:\\\/\\\/techmasterdemexico.com\\\/producto\\\/visualizador-eb-para-palpador-lgf-z-for-lgf-z\\\/\"]}]},{\"@type\":\"ImageObject\",\"inLanguage\":\"en-US\",\"@id\":\"https:\\\/\\\/techmasterdemexico.com\\\/producto\\\/visualizador-eb-para-palpador-lgf-z-for-lgf-z\\\/#primaryimage\",\"url\":\"https:\\\/\\\/techmasterdemexico.com\\\/wp-content\\\/uploads\\\/2021\\\/10\\\/542-094-2.jpg\",\"contentUrl\":\"https:\\\/\\\/techmasterdemexico.com\\\/wp-content\\\/uploads\\\/2021\\\/10\\\/542-094-2.jpg\",\"width\":800,\"height\":800},{\"@type\":\"BreadcrumbList\",\"@id\":\"https:\\\/\\\/techmasterdemexico.com\\\/producto\\\/visualizador-eb-para-palpador-lgf-z-for-lgf-z\\\/#breadcrumb\",\"itemListElement\":[{\"@type\":\"ListItem\",\"position\":1,\"name\":\"Portada\",\"item\":\"https:\\\/\\\/techmasterdemexico.com\\\/\"},{\"@type\":\"ListItem\",\"position\":2,\"name\":\"Visualizador-EB para palpador LGF-Z for LGF-Z\"}]},{\"@type\":\"WebSite\",\"@id\":\"https:\\\/\\\/techmasterdemexico.com\\\/#website\",\"url\":\"https:\\\/\\\/techmasterdemexico.com\\\/\",\"name\":\"Techmaster de Mexico\",\"description\":\"\",\"potentialAction\":[{\"@type\":\"SearchAction\",\"target\":{\"@type\":\"EntryPoint\",\"urlTemplate\":\"https:\\\/\\\/techmasterdemexico.com\\\/?s={search_term_string}\"},\"query-input\":{\"@type\":\"PropertyValueSpecification\",\"valueRequired\":true,\"valueName\":\"search_term_string\"}}],\"inLanguage\":\"en-US\"}]}<\/script>\n<!-- \/ Yoast SEO plugin. -->","yoast_head_json":{"title":"Visualizador-EB para palpador LGF-Z for LGF-Z - Techmaster de Mexico","robots":{"index":"index","follow":"follow","max-snippet":"max-snippet:-1","max-image-preview":"max-image-preview:large","max-video-preview":"max-video-preview:-1"},"canonical":"https:\/\/techmasterdemexico.com\/producto\/visualizador-eb-para-palpador-lgf-z-for-lgf-z\/","og_locale":"en_US","og_type":"article","og_title":"Visualizador-EB para palpador LGF-Z for LGF-Z - Techmaster de Mexico","og_description":"Resoluci\u00f3n:   0,0001 \/ 0,0005 \/  0,001 \/ 0,005 \/ 0,01 mm    M\u00e1x. frecuencia de entrada: 1,25 MHz (onda cuadrada de 2 fases), la velocidad de respuesta depende seg\u00fan la especificaci\u00f3n del calibre  Tipo de se\u00f1al de entrada: Onda cuadrada diferencial con marca de punto de origen  Instrumento aplicable: LGF con marca de origen  Entradas para aparatos: 1  Peso: 400 g  Visualizador: Pantalla LED verda, 6 d\u00edgitos, con signo (-), altura de caracteres 15 mm  Fuente alimentaci\u00f3n: Bloque de terminales (tornillos M3) 12 a 24 V CC, 6 W o menos (500 mA m\u00e1x.) Suministro externo, El adaptador de CA no est\u00e1 incluido  Entregado: El adaptador de CA, el cable de CA y los cables de conexi\u00f3n de terminales no est\u00e1n incluidos. Consulte los accesorios a continuaci\u00f3n.  Valoraci\u00f3n de tolerancias en display: Display LED (3 niveles: Ambar, Verde, Rojo \/ 5 niveles: Ambar, Ambar intermitente, Verde, Rojo intermitente, Rojo)  Puesta a cero: Si  PREESTABLECIDO: Si  Salida BCD: Si  Salida de datos DIGIMATIC: Si  MANTENIMIENTO externo: Si  MAX \/ MIN \/ Diferencia de medici\u00f3n: Si  Conmutador mm \/ pulgada: Si  E \/ S de salida: Si  Cambio del sentido de contaje: Si  Salida de se\u00f1al PRESET o CERO externo: Si  N\u00famero de entradas: 1","og_url":"https:\/\/techmasterdemexico.com\/producto\/visualizador-eb-para-palpador-lgf-z-for-lgf-z\/","og_site_name":"Techmaster de Mexico","article_modified_time":"2022-05-12T04:25:48+00:00","og_image":[{"width":800,"height":800,"url":"https:\/\/techmasterdemexico.com\/wp-content\/uploads\/2021\/10\/542-094-2.jpg","type":"image\/jpeg"}],"twitter_card":"summary_large_image","schema":{"@context":"https:\/\/schema.org","@graph":[{"@type":"WebPage","@id":"https:\/\/techmasterdemexico.com\/producto\/visualizador-eb-para-palpador-lgf-z-for-lgf-z\/","url":"https:\/\/techmasterdemexico.com\/producto\/visualizador-eb-para-palpador-lgf-z-for-lgf-z\/","name":"Visualizador-EB para palpador LGF-Z for LGF-Z - Techmaster de Mexico","isPartOf":{"@id":"https:\/\/techmasterdemexico.com\/#website"},"primaryImageOfPage":{"@id":"https:\/\/techmasterdemexico.com\/producto\/visualizador-eb-para-palpador-lgf-z-for-lgf-z\/#primaryimage"},"image":{"@id":"https:\/\/techmasterdemexico.com\/producto\/visualizador-eb-para-palpador-lgf-z-for-lgf-z\/#primaryimage"},"thumbnailUrl":"https:\/\/techmasterdemexico.com\/wp-content\/uploads\/2021\/10\/542-094-2.jpg","datePublished":"2021-10-28T17:45:31+00:00","dateModified":"2022-05-12T04:25:48+00:00","breadcrumb":{"@id":"https:\/\/techmasterdemexico.com\/producto\/visualizador-eb-para-palpador-lgf-z-for-lgf-z\/#breadcrumb"},"inLanguage":"en-US","potentialAction":[{"@type":"ReadAction","target":["https:\/\/techmasterdemexico.com\/producto\/visualizador-eb-para-palpador-lgf-z-for-lgf-z\/"]}]},{"@type":"ImageObject","inLanguage":"en-US","@id":"https:\/\/techmasterdemexico.com\/producto\/visualizador-eb-para-palpador-lgf-z-for-lgf-z\/#primaryimage","url":"https:\/\/techmasterdemexico.com\/wp-content\/uploads\/2021\/10\/542-094-2.jpg","contentUrl":"https:\/\/techmasterdemexico.com\/wp-content\/uploads\/2021\/10\/542-094-2.jpg","width":800,"height":800},{"@type":"BreadcrumbList","@id":"https:\/\/techmasterdemexico.com\/producto\/visualizador-eb-para-palpador-lgf-z-for-lgf-z\/#breadcrumb","itemListElement":[{"@type":"ListItem","position":1,"name":"Portada","item":"https:\/\/techmasterdemexico.com\/"},{"@type":"ListItem","position":2,"name":"Visualizador-EB para palpador LGF-Z for LGF-Z"}]},{"@type":"WebSite","@id":"https:\/\/techmasterdemexico.com\/#website","url":"https:\/\/techmasterdemexico.com\/","name":"Techmaster de Mexico","description":"","potentialAction":[{"@type":"SearchAction","target":{"@type":"EntryPoint","urlTemplate":"https:\/\/techmasterdemexico.com\/?s={search_term_string}"},"query-input":{"@type":"PropertyValueSpecification","valueRequired":true,"valueName":"search_term_string"}}],"inLanguage":"en-US"}]}},"brands":[{"id":39,"name":"Mitutoyo","slug":"mitutoyo"}],"_links":{"self":[{"href":"https:\/\/techmasterdemexico.com\/en\/wp-json\/wp\/v2\/product\/10639","targetHints":{"allow":["GET"]}}],"collection":[{"href":"https:\/\/techmasterdemexico.com\/en\/wp-json\/wp\/v2\/product"}],"about":[{"href":"https:\/\/techmasterdemexico.com\/en\/wp-json\/wp\/v2\/types\/product"}],"wp:featuredmedia":[{"embeddable":true,"href":"https:\/\/techmasterdemexico.com\/en\/wp-json\/wp\/v2\/media\/11146"}],"wp:attachment":[{"href":"https:\/\/techmasterdemexico.com\/en\/wp-json\/wp\/v2\/media?parent=10639"}],"wp:term":[{"taxonomy":"pwb-brand","embeddable":true,"href":"https:\/\/techmasterdemexico.com\/en\/wp-json\/wp\/v2\/pwb-brand?post=10639"},{"taxonomy":"product_brand","embeddable":true,"href":"https:\/\/techmasterdemexico.com\/en\/wp-json\/wp\/v2\/product_brand?post=10639"},{"taxonomy":"product_cat","embeddable":true,"href":"https:\/\/techmasterdemexico.com\/en\/wp-json\/wp\/v2\/product_cat?post=10639"},{"taxonomy":"product_tag","embeddable":true,"href":"https:\/\/techmasterdemexico.com\/en\/wp-json\/wp\/v2\/product_tag?post=10639"}],"curies":[{"name":"wp","href":"https:\/\/api.w.org\/{rel}","templated":true}]}}