{"id":10633,"date":"2021-10-28T17:45:28","date_gmt":"2021-10-28T17:45:28","guid":{"rendered":"https:\/\/techmastermx.ddns.net\/producto\/micrometro-laser-lsm-503s-visible-03-30-mm\/"},"modified":"2022-05-12T04:25:51","modified_gmt":"2022-05-12T04:25:51","slug":"micrometro-laser-lsm-503s-visible-03-30-mm","status":"publish","type":"product","link":"https:\/\/techmasterdemexico.com\/en\/producto\/micrometro-laser-lsm-503s-visible-03-30-mm\/","title":{"rendered":"Micr\u00f3metro L\u00e1ser LSM-503S, Visible, 0,3 &#8211; 30 mm"},"content":{"rendered":"<p>Micr\u00f3metro L\u00e1ser<br \/>\nLSM-503S, Visible, 0,3 &#8211; 30 mm<br \/>\nN\u00famero de art\u00edculo: 544-536<\/p>\n<p>&nbsp;<\/p>\n<p>Sistema de Medici\u00f3n sin Contacto de Alta Exactitud<\/p>\n<ul>\n<li>Tipo de aplicaci\u00f3n general con un rango de medici\u00f3n de 0,3 mm a 30 mm.<\/li>\n<li>Proporciona una exactitud ultra-alta con una linealidad de \u00b11,0 \u03bcm en todo el rango de medici\u00f3n y \u00b1(0,6+0,1\u0394D) \u03bcm en el rango m\u00e1s estrecho.<\/li>\n<li>Excelente repetibilidad de \u00b10,1 \u03bcm.<\/li>\n<li>Gran velocidad de escaneo de 3200 escaneos\/s.<\/li>\n<\/ul>\n","protected":false},"excerpt":{"rendered":"<ul>\n<li>Rango: 0.3 &#8211; 30 mm<\/li>\n<li>Linealidad a 20\u00baC*1:\n<ul>\n<li>Todo el intervalo : \u00b11,0 \u03bcm<\/li>\n<li>Intervalo estrecho : \u00b1(0,6+0,1\u0394D) \u03bcm<\/li>\n<\/ul>\n<\/li>\n<li>Error de posicionamiento *\u00b2: \u00b11,5 \u03bcm<\/li>\n<li>Regi\u00f3n de medida: 10 x 30 mm<\/li>\n<li>Longitud de onda l\u00e1ser: 650 nm, Visible<\/li>\n<li>Tasa de escaneo: 3200 escaneos\/s<\/li>\n<li>Velocidad de scaneo: 226 m\/s<\/li>\n<li>Normas l\u00e1ser aplicables: IEC, FDA<\/li>\n<li>Repetitibilidad (\u00b12\u01a1): \u00b10,11 \u03bcm<\/li>\n<li>pulgadas-m\u00e9trico: M\u00e9trico<\/li>\n<\/ul>\n","protected":false},"featured_media":10978,"template":"","meta":{"_acf_changed":false},"pwb-brand":[39],"product_brand":[],"product_cat":[366,316,38,319],"product_tag":[],"class_list":{"0":"post-10633","1":"product","2":"type-product","3":"status-publish","4":"has-post-thumbnail","6":"pwb-brand-mitutoyo","7":"product_cat-todos-los-productos","8":"product_cat-micrometros-laser","9":"product_cat-mitutoyo","10":"product_cat-unidad-principal-micrometro-laser","12":"first","13":"instock","14":"taxable","15":"shipping-taxable","16":"product-type-simple"},"acf":[],"yoast_head":"<!-- This site is optimized with the Yoast SEO plugin v27.4 - https:\/\/yoast.com\/product\/yoast-seo-wordpress\/ -->\n<title>Micr\u00f3metro L\u00e1ser LSM-503S, Visible, 0,3 - 30 mm - Techmaster de Mexico<\/title>\n<meta name=\"robots\" content=\"index, follow, max-snippet:-1, max-image-preview:large, max-video-preview:-1\" \/>\n<link rel=\"canonical\" href=\"https:\/\/techmasterdemexico.com\/producto\/micrometro-laser-lsm-503s-visible-03-30-mm\/\" \/>\n<meta property=\"og:locale\" content=\"en_US\" \/>\n<meta property=\"og:type\" content=\"article\" \/>\n<meta property=\"og:title\" content=\"Micr\u00f3metro L\u00e1ser LSM-503S, Visible, 0,3 - 30 mm - Techmaster de Mexico\" \/>\n<meta property=\"og:description\" content=\"Rango: 0.3 - 30 mm  Linealidad a 20\u00baC*1:   Todo el intervalo : \u00b11,0 \u03bcm  Intervalo estrecho : \u00b1(0,6+0,1\u0394D) \u03bcm    Error de posicionamiento *\u00b2: \u00b11,5 \u03bcm  Regi\u00f3n de medida: 10 x 30 mm  Longitud de onda l\u00e1ser: 650 nm, Visible  Tasa de escaneo: 3200 escaneos\/s  Velocidad de scaneo: 226 m\/s  Normas l\u00e1ser aplicables: IEC, FDA  Repetitibilidad (\u00b12\u01a1): \u00b10,11 \u03bcm  pulgadas-m\u00e9trico: M\u00e9trico\" \/>\n<meta property=\"og:url\" content=\"https:\/\/techmasterdemexico.com\/producto\/micrometro-laser-lsm-503s-visible-03-30-mm\/\" \/>\n<meta property=\"og:site_name\" content=\"Techmaster de Mexico\" \/>\n<meta property=\"article:modified_time\" content=\"2022-05-12T04:25:51+00:00\" \/>\n<meta property=\"og:image\" content=\"https:\/\/techmasterdemexico.com\/wp-content\/uploads\/2021\/10\/544-536.jpg\" \/>\n\t<meta property=\"og:image:width\" content=\"800\" \/>\n\t<meta property=\"og:image:height\" content=\"800\" \/>\n\t<meta property=\"og:image:type\" content=\"image\/jpeg\" \/>\n<meta name=\"twitter:card\" content=\"summary_large_image\" \/>\n<script type=\"application\/ld+json\" class=\"yoast-schema-graph\">{\"@context\":\"https:\\\/\\\/schema.org\",\"@graph\":[{\"@type\":\"WebPage\",\"@id\":\"https:\\\/\\\/techmasterdemexico.com\\\/producto\\\/micrometro-laser-lsm-503s-visible-03-30-mm\\\/\",\"url\":\"https:\\\/\\\/techmasterdemexico.com\\\/producto\\\/micrometro-laser-lsm-503s-visible-03-30-mm\\\/\",\"name\":\"Micr\u00f3metro L\u00e1ser LSM-503S, Visible, 0,3 - 30 mm - Techmaster de Mexico\",\"isPartOf\":{\"@id\":\"https:\\\/\\\/techmasterdemexico.com\\\/#website\"},\"primaryImageOfPage\":{\"@id\":\"https:\\\/\\\/techmasterdemexico.com\\\/producto\\\/micrometro-laser-lsm-503s-visible-03-30-mm\\\/#primaryimage\"},\"image\":{\"@id\":\"https:\\\/\\\/techmasterdemexico.com\\\/producto\\\/micrometro-laser-lsm-503s-visible-03-30-mm\\\/#primaryimage\"},\"thumbnailUrl\":\"https:\\\/\\\/techmasterdemexico.com\\\/wp-content\\\/uploads\\\/2021\\\/10\\\/544-536.jpg\",\"datePublished\":\"2021-10-28T17:45:28+00:00\",\"dateModified\":\"2022-05-12T04:25:51+00:00\",\"breadcrumb\":{\"@id\":\"https:\\\/\\\/techmasterdemexico.com\\\/producto\\\/micrometro-laser-lsm-503s-visible-03-30-mm\\\/#breadcrumb\"},\"inLanguage\":\"en-US\",\"potentialAction\":[{\"@type\":\"ReadAction\",\"target\":[\"https:\\\/\\\/techmasterdemexico.com\\\/producto\\\/micrometro-laser-lsm-503s-visible-03-30-mm\\\/\"]}]},{\"@type\":\"ImageObject\",\"inLanguage\":\"en-US\",\"@id\":\"https:\\\/\\\/techmasterdemexico.com\\\/producto\\\/micrometro-laser-lsm-503s-visible-03-30-mm\\\/#primaryimage\",\"url\":\"https:\\\/\\\/techmasterdemexico.com\\\/wp-content\\\/uploads\\\/2021\\\/10\\\/544-536.jpg\",\"contentUrl\":\"https:\\\/\\\/techmasterdemexico.com\\\/wp-content\\\/uploads\\\/2021\\\/10\\\/544-536.jpg\",\"width\":800,\"height\":800},{\"@type\":\"BreadcrumbList\",\"@id\":\"https:\\\/\\\/techmasterdemexico.com\\\/producto\\\/micrometro-laser-lsm-503s-visible-03-30-mm\\\/#breadcrumb\",\"itemListElement\":[{\"@type\":\"ListItem\",\"position\":1,\"name\":\"Portada\",\"item\":\"https:\\\/\\\/techmasterdemexico.com\\\/\"},{\"@type\":\"ListItem\",\"position\":2,\"name\":\"Micr\u00f3metro L\u00e1ser LSM-503S, Visible, 0,3 &#8211; 30 mm\"}]},{\"@type\":\"WebSite\",\"@id\":\"https:\\\/\\\/techmasterdemexico.com\\\/#website\",\"url\":\"https:\\\/\\\/techmasterdemexico.com\\\/\",\"name\":\"Techmaster de Mexico\",\"description\":\"\",\"potentialAction\":[{\"@type\":\"SearchAction\",\"target\":{\"@type\":\"EntryPoint\",\"urlTemplate\":\"https:\\\/\\\/techmasterdemexico.com\\\/?s={search_term_string}\"},\"query-input\":{\"@type\":\"PropertyValueSpecification\",\"valueRequired\":true,\"valueName\":\"search_term_string\"}}],\"inLanguage\":\"en-US\"}]}<\/script>\n<!-- \/ Yoast SEO plugin. -->","yoast_head_json":{"title":"Micr\u00f3metro L\u00e1ser LSM-503S, Visible, 0,3 - 30 mm - Techmaster de Mexico","robots":{"index":"index","follow":"follow","max-snippet":"max-snippet:-1","max-image-preview":"max-image-preview:large","max-video-preview":"max-video-preview:-1"},"canonical":"https:\/\/techmasterdemexico.com\/producto\/micrometro-laser-lsm-503s-visible-03-30-mm\/","og_locale":"en_US","og_type":"article","og_title":"Micr\u00f3metro L\u00e1ser LSM-503S, Visible, 0,3 - 30 mm - Techmaster de Mexico","og_description":"Rango: 0.3 - 30 mm  Linealidad a 20\u00baC*1:   Todo el intervalo : \u00b11,0 \u03bcm  Intervalo estrecho : \u00b1(0,6+0,1\u0394D) \u03bcm    Error de posicionamiento *\u00b2: \u00b11,5 \u03bcm  Regi\u00f3n de medida: 10 x 30 mm  Longitud de onda l\u00e1ser: 650 nm, Visible  Tasa de escaneo: 3200 escaneos\/s  Velocidad de scaneo: 226 m\/s  Normas l\u00e1ser aplicables: IEC, FDA  Repetitibilidad (\u00b12\u01a1): \u00b10,11 \u03bcm  pulgadas-m\u00e9trico: M\u00e9trico","og_url":"https:\/\/techmasterdemexico.com\/producto\/micrometro-laser-lsm-503s-visible-03-30-mm\/","og_site_name":"Techmaster de Mexico","article_modified_time":"2022-05-12T04:25:51+00:00","og_image":[{"width":800,"height":800,"url":"https:\/\/techmasterdemexico.com\/wp-content\/uploads\/2021\/10\/544-536.jpg","type":"image\/jpeg"}],"twitter_card":"summary_large_image","schema":{"@context":"https:\/\/schema.org","@graph":[{"@type":"WebPage","@id":"https:\/\/techmasterdemexico.com\/producto\/micrometro-laser-lsm-503s-visible-03-30-mm\/","url":"https:\/\/techmasterdemexico.com\/producto\/micrometro-laser-lsm-503s-visible-03-30-mm\/","name":"Micr\u00f3metro L\u00e1ser LSM-503S, Visible, 0,3 - 30 mm - Techmaster de Mexico","isPartOf":{"@id":"https:\/\/techmasterdemexico.com\/#website"},"primaryImageOfPage":{"@id":"https:\/\/techmasterdemexico.com\/producto\/micrometro-laser-lsm-503s-visible-03-30-mm\/#primaryimage"},"image":{"@id":"https:\/\/techmasterdemexico.com\/producto\/micrometro-laser-lsm-503s-visible-03-30-mm\/#primaryimage"},"thumbnailUrl":"https:\/\/techmasterdemexico.com\/wp-content\/uploads\/2021\/10\/544-536.jpg","datePublished":"2021-10-28T17:45:28+00:00","dateModified":"2022-05-12T04:25:51+00:00","breadcrumb":{"@id":"https:\/\/techmasterdemexico.com\/producto\/micrometro-laser-lsm-503s-visible-03-30-mm\/#breadcrumb"},"inLanguage":"en-US","potentialAction":[{"@type":"ReadAction","target":["https:\/\/techmasterdemexico.com\/producto\/micrometro-laser-lsm-503s-visible-03-30-mm\/"]}]},{"@type":"ImageObject","inLanguage":"en-US","@id":"https:\/\/techmasterdemexico.com\/producto\/micrometro-laser-lsm-503s-visible-03-30-mm\/#primaryimage","url":"https:\/\/techmasterdemexico.com\/wp-content\/uploads\/2021\/10\/544-536.jpg","contentUrl":"https:\/\/techmasterdemexico.com\/wp-content\/uploads\/2021\/10\/544-536.jpg","width":800,"height":800},{"@type":"BreadcrumbList","@id":"https:\/\/techmasterdemexico.com\/producto\/micrometro-laser-lsm-503s-visible-03-30-mm\/#breadcrumb","itemListElement":[{"@type":"ListItem","position":1,"name":"Portada","item":"https:\/\/techmasterdemexico.com\/"},{"@type":"ListItem","position":2,"name":"Micr\u00f3metro L\u00e1ser LSM-503S, Visible, 0,3 &#8211; 30 mm"}]},{"@type":"WebSite","@id":"https:\/\/techmasterdemexico.com\/#website","url":"https:\/\/techmasterdemexico.com\/","name":"Techmaster de Mexico","description":"","potentialAction":[{"@type":"SearchAction","target":{"@type":"EntryPoint","urlTemplate":"https:\/\/techmasterdemexico.com\/?s={search_term_string}"},"query-input":{"@type":"PropertyValueSpecification","valueRequired":true,"valueName":"search_term_string"}}],"inLanguage":"en-US"}]}},"brands":[{"id":39,"name":"Mitutoyo","slug":"mitutoyo"}],"_links":{"self":[{"href":"https:\/\/techmasterdemexico.com\/en\/wp-json\/wp\/v2\/product\/10633","targetHints":{"allow":["GET"]}}],"collection":[{"href":"https:\/\/techmasterdemexico.com\/en\/wp-json\/wp\/v2\/product"}],"about":[{"href":"https:\/\/techmasterdemexico.com\/en\/wp-json\/wp\/v2\/types\/product"}],"wp:featuredmedia":[{"embeddable":true,"href":"https:\/\/techmasterdemexico.com\/en\/wp-json\/wp\/v2\/media\/10978"}],"wp:attachment":[{"href":"https:\/\/techmasterdemexico.com\/en\/wp-json\/wp\/v2\/media?parent=10633"}],"wp:term":[{"taxonomy":"pwb-brand","embeddable":true,"href":"https:\/\/techmasterdemexico.com\/en\/wp-json\/wp\/v2\/pwb-brand?post=10633"},{"taxonomy":"product_brand","embeddable":true,"href":"https:\/\/techmasterdemexico.com\/en\/wp-json\/wp\/v2\/product_brand?post=10633"},{"taxonomy":"product_cat","embeddable":true,"href":"https:\/\/techmasterdemexico.com\/en\/wp-json\/wp\/v2\/product_cat?post=10633"},{"taxonomy":"product_tag","embeddable":true,"href":"https:\/\/techmasterdemexico.com\/en\/wp-json\/wp\/v2\/product_tag?post=10633"}],"curies":[{"name":"wp","href":"https:\/\/api.w.org\/{rel}","templated":true}]}}