{"id":10631,"date":"2021-10-28T17:45:27","date_gmt":"2021-10-28T17:45:27","guid":{"rendered":"https:\/\/techmastermx.ddns.net\/producto\/micrometro-laser-lsm-500s-visible-0005-2-mm\/"},"modified":"2022-05-12T04:26:22","modified_gmt":"2022-05-12T04:26:22","slug":"micrometro-laser-lsm-500s-visible-0005-2-mm","status":"publish","type":"product","link":"https:\/\/techmasterdemexico.com\/en\/producto\/micrometro-laser-lsm-500s-visible-0005-2-mm\/","title":{"rendered":"Micr\u00f3metro L\u00e1ser LSM-500S, Visible, 0,005 &#8211; 2 mm"},"content":{"rendered":"<p>Micr\u00f3metro L\u00e1ser<br \/>\nLSM-500S, Visible, 0,005 &#8211; 2 mm<br \/>\nN\u00famero de art\u00edculo: 544-532<\/p>\n<p>&nbsp;<\/p>\n<p>Sistema de Medici\u00f3n sin Contacto de Alta Exactitud<\/p>\n<ul>\n<li>Rango de medici\u00f3n a partir de \u00f85 \u03bcm.<\/li>\n<li>Proporciona una exactitud ultra-alta con una linealidad de \u00b10,3 \u03bcm en todo el rango de medici\u00f3n (5 \u03bcm hasta 2 mm).<\/li>\n<li>Repetibilidad ultra-alta de \u00b10,03 \u03bcm.<\/li>\n<li>Gran velocidad de escaneo de 3200 escaneos\/s<\/li>\n<\/ul>\n","protected":false},"excerpt":{"rendered":"<ul>\n<li>Rango: 0.005 &#8211; 2 mm<\/li>\n<li>Resoluci\u00f3n (seleccionable): 0,00001-0,01 mm<\/li>\n<li>Linealidad a 20\u00baC*1: \u00b10.3 \u03bcm<\/li>\n<li>Error de posicionamiento *\u00b2: \u00b10.4 \u03bcm<\/li>\n<li>Regi\u00f3n de medida: 1 x 2 mm<\/li>\n<li>Longitud de onda l\u00e1ser: 650 nm, Visible<\/li>\n<li>Tasa de escaneo: 3200 escaneos\/s<\/li>\n<li>Velocidad de scaneo: 76m\/s<\/li>\n<li>Normas l\u00e1ser aplicables: IEC, FDA<\/li>\n<li>Repetitibilidad (\u00b12\u01a1): \u00b10.03 \u03bcm<\/li>\n<li>pulgadas-m\u00e9trico: M\u00e9trico<\/li>\n<\/ul>\n","protected":false},"featured_media":10973,"template":"","meta":{"_acf_changed":false},"pwb-brand":[39],"product_brand":[],"product_cat":[366,316,38,319],"product_tag":[],"class_list":{"0":"post-10631","1":"product","2":"type-product","3":"status-publish","4":"has-post-thumbnail","6":"pwb-brand-mitutoyo","7":"product_cat-todos-los-productos","8":"product_cat-micrometros-laser","9":"product_cat-mitutoyo","10":"product_cat-unidad-principal-micrometro-laser","12":"first","13":"instock","14":"taxable","15":"shipping-taxable","16":"product-type-simple"},"acf":[],"yoast_head":"<!-- This site is optimized with the Yoast SEO plugin v27.4 - https:\/\/yoast.com\/product\/yoast-seo-wordpress\/ -->\n<title>Micr\u00f3metro L\u00e1ser LSM-500S, Visible, 0,005 - 2 mm - Techmaster de Mexico<\/title>\n<meta name=\"robots\" content=\"index, follow, max-snippet:-1, max-image-preview:large, max-video-preview:-1\" \/>\n<link rel=\"canonical\" href=\"https:\/\/techmasterdemexico.com\/producto\/micrometro-laser-lsm-500s-visible-0005-2-mm\/\" \/>\n<meta property=\"og:locale\" content=\"en_US\" \/>\n<meta property=\"og:type\" content=\"article\" \/>\n<meta property=\"og:title\" content=\"Micr\u00f3metro L\u00e1ser LSM-500S, Visible, 0,005 - 2 mm - Techmaster de Mexico\" \/>\n<meta property=\"og:description\" content=\"Rango: 0.005 - 2 mm  Resoluci\u00f3n (seleccionable): 0,00001-0,01 mm  Linealidad a 20\u00baC*1: \u00b10.3 \u03bcm  Error de posicionamiento *\u00b2: \u00b10.4 \u03bcm  Regi\u00f3n de medida: 1 x 2 mm  Longitud de onda l\u00e1ser: 650 nm, Visible  Tasa de escaneo: 3200 escaneos\/s  Velocidad de scaneo: 76m\/s  Normas l\u00e1ser aplicables: IEC, FDA  Repetitibilidad (\u00b12\u01a1): \u00b10.03 \u03bcm  pulgadas-m\u00e9trico: M\u00e9trico\" \/>\n<meta property=\"og:url\" content=\"https:\/\/techmasterdemexico.com\/producto\/micrometro-laser-lsm-500s-visible-0005-2-mm\/\" \/>\n<meta property=\"og:site_name\" content=\"Techmaster de Mexico\" \/>\n<meta property=\"article:modified_time\" content=\"2022-05-12T04:26:22+00:00\" \/>\n<meta property=\"og:image\" content=\"https:\/\/techmasterdemexico.com\/wp-content\/uploads\/2021\/10\/u.jpg\" \/>\n\t<meta property=\"og:image:width\" content=\"900\" \/>\n\t<meta property=\"og:image:height\" content=\"900\" \/>\n\t<meta property=\"og:image:type\" content=\"image\/jpeg\" \/>\n<meta name=\"twitter:card\" content=\"summary_large_image\" \/>\n<script type=\"application\/ld+json\" class=\"yoast-schema-graph\">{\"@context\":\"https:\\\/\\\/schema.org\",\"@graph\":[{\"@type\":\"WebPage\",\"@id\":\"https:\\\/\\\/techmasterdemexico.com\\\/producto\\\/micrometro-laser-lsm-500s-visible-0005-2-mm\\\/\",\"url\":\"https:\\\/\\\/techmasterdemexico.com\\\/producto\\\/micrometro-laser-lsm-500s-visible-0005-2-mm\\\/\",\"name\":\"Micr\u00f3metro L\u00e1ser LSM-500S, Visible, 0,005 - 2 mm - Techmaster de Mexico\",\"isPartOf\":{\"@id\":\"https:\\\/\\\/techmasterdemexico.com\\\/#website\"},\"primaryImageOfPage\":{\"@id\":\"https:\\\/\\\/techmasterdemexico.com\\\/producto\\\/micrometro-laser-lsm-500s-visible-0005-2-mm\\\/#primaryimage\"},\"image\":{\"@id\":\"https:\\\/\\\/techmasterdemexico.com\\\/producto\\\/micrometro-laser-lsm-500s-visible-0005-2-mm\\\/#primaryimage\"},\"thumbnailUrl\":\"https:\\\/\\\/techmasterdemexico.com\\\/wp-content\\\/uploads\\\/2021\\\/10\\\/u.jpg\",\"datePublished\":\"2021-10-28T17:45:27+00:00\",\"dateModified\":\"2022-05-12T04:26:22+00:00\",\"breadcrumb\":{\"@id\":\"https:\\\/\\\/techmasterdemexico.com\\\/producto\\\/micrometro-laser-lsm-500s-visible-0005-2-mm\\\/#breadcrumb\"},\"inLanguage\":\"en-US\",\"potentialAction\":[{\"@type\":\"ReadAction\",\"target\":[\"https:\\\/\\\/techmasterdemexico.com\\\/producto\\\/micrometro-laser-lsm-500s-visible-0005-2-mm\\\/\"]}]},{\"@type\":\"ImageObject\",\"inLanguage\":\"en-US\",\"@id\":\"https:\\\/\\\/techmasterdemexico.com\\\/producto\\\/micrometro-laser-lsm-500s-visible-0005-2-mm\\\/#primaryimage\",\"url\":\"https:\\\/\\\/techmasterdemexico.com\\\/wp-content\\\/uploads\\\/2021\\\/10\\\/u.jpg\",\"contentUrl\":\"https:\\\/\\\/techmasterdemexico.com\\\/wp-content\\\/uploads\\\/2021\\\/10\\\/u.jpg\",\"width\":900,\"height\":900},{\"@type\":\"BreadcrumbList\",\"@id\":\"https:\\\/\\\/techmasterdemexico.com\\\/producto\\\/micrometro-laser-lsm-500s-visible-0005-2-mm\\\/#breadcrumb\",\"itemListElement\":[{\"@type\":\"ListItem\",\"position\":1,\"name\":\"Portada\",\"item\":\"https:\\\/\\\/techmasterdemexico.com\\\/\"},{\"@type\":\"ListItem\",\"position\":2,\"name\":\"Micr\u00f3metro L\u00e1ser LSM-500S, Visible, 0,005 &#8211; 2 mm\"}]},{\"@type\":\"WebSite\",\"@id\":\"https:\\\/\\\/techmasterdemexico.com\\\/#website\",\"url\":\"https:\\\/\\\/techmasterdemexico.com\\\/\",\"name\":\"Techmaster de Mexico\",\"description\":\"\",\"potentialAction\":[{\"@type\":\"SearchAction\",\"target\":{\"@type\":\"EntryPoint\",\"urlTemplate\":\"https:\\\/\\\/techmasterdemexico.com\\\/?s={search_term_string}\"},\"query-input\":{\"@type\":\"PropertyValueSpecification\",\"valueRequired\":true,\"valueName\":\"search_term_string\"}}],\"inLanguage\":\"en-US\"}]}<\/script>\n<!-- \/ Yoast SEO plugin. -->","yoast_head_json":{"title":"Micr\u00f3metro L\u00e1ser LSM-500S, Visible, 0,005 - 2 mm - Techmaster de Mexico","robots":{"index":"index","follow":"follow","max-snippet":"max-snippet:-1","max-image-preview":"max-image-preview:large","max-video-preview":"max-video-preview:-1"},"canonical":"https:\/\/techmasterdemexico.com\/producto\/micrometro-laser-lsm-500s-visible-0005-2-mm\/","og_locale":"en_US","og_type":"article","og_title":"Micr\u00f3metro L\u00e1ser LSM-500S, Visible, 0,005 - 2 mm - Techmaster de Mexico","og_description":"Rango: 0.005 - 2 mm  Resoluci\u00f3n (seleccionable): 0,00001-0,01 mm  Linealidad a 20\u00baC*1: \u00b10.3 \u03bcm  Error de posicionamiento *\u00b2: \u00b10.4 \u03bcm  Regi\u00f3n de medida: 1 x 2 mm  Longitud de onda l\u00e1ser: 650 nm, Visible  Tasa de escaneo: 3200 escaneos\/s  Velocidad de scaneo: 76m\/s  Normas l\u00e1ser aplicables: IEC, FDA  Repetitibilidad (\u00b12\u01a1): \u00b10.03 \u03bcm  pulgadas-m\u00e9trico: M\u00e9trico","og_url":"https:\/\/techmasterdemexico.com\/producto\/micrometro-laser-lsm-500s-visible-0005-2-mm\/","og_site_name":"Techmaster de Mexico","article_modified_time":"2022-05-12T04:26:22+00:00","og_image":[{"width":900,"height":900,"url":"https:\/\/techmasterdemexico.com\/wp-content\/uploads\/2021\/10\/u.jpg","type":"image\/jpeg"}],"twitter_card":"summary_large_image","schema":{"@context":"https:\/\/schema.org","@graph":[{"@type":"WebPage","@id":"https:\/\/techmasterdemexico.com\/producto\/micrometro-laser-lsm-500s-visible-0005-2-mm\/","url":"https:\/\/techmasterdemexico.com\/producto\/micrometro-laser-lsm-500s-visible-0005-2-mm\/","name":"Micr\u00f3metro L\u00e1ser LSM-500S, Visible, 0,005 - 2 mm - Techmaster de Mexico","isPartOf":{"@id":"https:\/\/techmasterdemexico.com\/#website"},"primaryImageOfPage":{"@id":"https:\/\/techmasterdemexico.com\/producto\/micrometro-laser-lsm-500s-visible-0005-2-mm\/#primaryimage"},"image":{"@id":"https:\/\/techmasterdemexico.com\/producto\/micrometro-laser-lsm-500s-visible-0005-2-mm\/#primaryimage"},"thumbnailUrl":"https:\/\/techmasterdemexico.com\/wp-content\/uploads\/2021\/10\/u.jpg","datePublished":"2021-10-28T17:45:27+00:00","dateModified":"2022-05-12T04:26:22+00:00","breadcrumb":{"@id":"https:\/\/techmasterdemexico.com\/producto\/micrometro-laser-lsm-500s-visible-0005-2-mm\/#breadcrumb"},"inLanguage":"en-US","potentialAction":[{"@type":"ReadAction","target":["https:\/\/techmasterdemexico.com\/producto\/micrometro-laser-lsm-500s-visible-0005-2-mm\/"]}]},{"@type":"ImageObject","inLanguage":"en-US","@id":"https:\/\/techmasterdemexico.com\/producto\/micrometro-laser-lsm-500s-visible-0005-2-mm\/#primaryimage","url":"https:\/\/techmasterdemexico.com\/wp-content\/uploads\/2021\/10\/u.jpg","contentUrl":"https:\/\/techmasterdemexico.com\/wp-content\/uploads\/2021\/10\/u.jpg","width":900,"height":900},{"@type":"BreadcrumbList","@id":"https:\/\/techmasterdemexico.com\/producto\/micrometro-laser-lsm-500s-visible-0005-2-mm\/#breadcrumb","itemListElement":[{"@type":"ListItem","position":1,"name":"Portada","item":"https:\/\/techmasterdemexico.com\/"},{"@type":"ListItem","position":2,"name":"Micr\u00f3metro L\u00e1ser LSM-500S, Visible, 0,005 &#8211; 2 mm"}]},{"@type":"WebSite","@id":"https:\/\/techmasterdemexico.com\/#website","url":"https:\/\/techmasterdemexico.com\/","name":"Techmaster de Mexico","description":"","potentialAction":[{"@type":"SearchAction","target":{"@type":"EntryPoint","urlTemplate":"https:\/\/techmasterdemexico.com\/?s={search_term_string}"},"query-input":{"@type":"PropertyValueSpecification","valueRequired":true,"valueName":"search_term_string"}}],"inLanguage":"en-US"}]}},"brands":[{"id":39,"name":"Mitutoyo","slug":"mitutoyo"}],"_links":{"self":[{"href":"https:\/\/techmasterdemexico.com\/en\/wp-json\/wp\/v2\/product\/10631","targetHints":{"allow":["GET"]}}],"collection":[{"href":"https:\/\/techmasterdemexico.com\/en\/wp-json\/wp\/v2\/product"}],"about":[{"href":"https:\/\/techmasterdemexico.com\/en\/wp-json\/wp\/v2\/types\/product"}],"wp:featuredmedia":[{"embeddable":true,"href":"https:\/\/techmasterdemexico.com\/en\/wp-json\/wp\/v2\/media\/10973"}],"wp:attachment":[{"href":"https:\/\/techmasterdemexico.com\/en\/wp-json\/wp\/v2\/media?parent=10631"}],"wp:term":[{"taxonomy":"pwb-brand","embeddable":true,"href":"https:\/\/techmasterdemexico.com\/en\/wp-json\/wp\/v2\/pwb-brand?post=10631"},{"taxonomy":"product_brand","embeddable":true,"href":"https:\/\/techmasterdemexico.com\/en\/wp-json\/wp\/v2\/product_brand?post=10631"},{"taxonomy":"product_cat","embeddable":true,"href":"https:\/\/techmasterdemexico.com\/en\/wp-json\/wp\/v2\/product_cat?post=10631"},{"taxonomy":"product_tag","embeddable":true,"href":"https:\/\/techmasterdemexico.com\/en\/wp-json\/wp\/v2\/product_tag?post=10631"}],"curies":[{"name":"wp","href":"https:\/\/api.w.org\/{rel}","templated":true}]}}