{"id":10630,"date":"2021-10-28T17:45:26","date_gmt":"2021-10-28T17:45:26","guid":{"rendered":"https:\/\/techmastermx.ddns.net\/producto\/micrometro-laser-display-unit\/"},"modified":"2022-05-12T04:26:24","modified_gmt":"2022-05-12T04:26:24","slug":"micrometro-laser-display-unit","status":"publish","type":"product","link":"https:\/\/techmasterdemexico.com\/en\/producto\/micrometro-laser-display-unit\/","title":{"rendered":"Micr\u00f3metro L\u00e1ser Display Unit"},"content":{"rendered":"<p>Micr\u00f3metro L\u00e1ser<br \/>\nDisplay Unit<br \/>\nN\u00famero de art\u00edculo: 544-047<\/p>\n<p>La unidad LSM-5200 es una pantalla vers\u00e1til dedicada a micr\u00f3metros de escaneo l\u00e1ser.<br \/>\nEste dise\u00f1o de doble pantalla permite monitorear continuamente los valores de configuraci\u00f3n.<br \/>\nTambi\u00e9n puede obtener una lectura simult\u00e1nea de dos valores de medici\u00f3n, una medici\u00f3n de segmento y la medici\u00f3n de bordes. Proporciona funciones de c\u00e1lculo estad\u00edstico y de eliminaci\u00f3n de datos anormales.<\/p>\n<p>&nbsp;<\/p>\n<p>La unidad de lectura LSM-5200 le ofrece los siguientes beneficios:<\/p>\n<p>&nbsp;<\/p>\n<ul>\n<li>Montaje en panel (con dimensiones seg\u00fan DIN 43700) para facilitar la integraci\u00f3n con otros dispositivos.<\/li>\n<li>Capaz de calcular la media, el m\u00e1ximo y el rango (m\u00e1ximo a m\u00ednimo).<\/li>\n<li>Puede seleccionar la medici\u00f3n de segmento (m\u00e1ximo de 7 segmentos) o la medici\u00f3n de borde (1 a 255 bordes).<\/li>\n<li>Las interfaces USB, RS-232C, E \/ S se proporcionan como est\u00e1ndar.<\/li>\n<li>Tambi\u00e9n se puede seleccionar el promedio aritm\u00e9tico.<\/li>\n<li>Funci\u00f3n de juicio GO \/ \u00b1 NG.<\/li>\n<\/ul>\n","protected":false},"excerpt":{"rendered":"<ul>\n<li>Display principal: 9-d\u00edgitos LED<\/li>\n<li>Unidades de interfaz equipadas: Pedal USB2.0, RS-232C, Analog I\/O<\/li>\n<li>Fuente de alimentaci\u00f3n: +24VDC \u00b110%, 1A<\/li>\n<li>Selector ZERO\/ABS: Si<\/li>\n<li>Valoraci\u00f3n GO\/+-NG: Si<\/li>\n<li>OFFSET: Si<\/li>\n<li>Medida de muestra: Si<\/li>\n<li>C\u00e1lculo estad\u00edstico para DP-1 VA: Si<\/li>\n<li>Salida de datos: Si<\/li>\n<li>PRESET: Si<\/li>\n<li>Visualizaci\u00f3n de posici\u00f3n de pieza: Si<\/li>\n<li>Medici\u00f3n de objeto transparente: Si<\/li>\n<li>Medici\u00f3n autom\u00e1tica: Si<\/li>\n<li>Eliminaci\u00f3n de datos at\u00edpicos: Si<\/li>\n<\/ul>\n","protected":false},"featured_media":10986,"template":"","meta":{"_acf_changed":false},"pwb-brand":[39],"product_brand":[],"product_cat":[366,316,38,318],"product_tag":[],"class_list":{"0":"post-10630","1":"product","2":"type-product","3":"status-publish","4":"has-post-thumbnail","6":"pwb-brand-mitutoyo","7":"product_cat-todos-los-productos","8":"product_cat-micrometros-laser","9":"product_cat-mitutoyo","10":"product_cat-unidad-de-visualizacion-de-datos","12":"first","13":"instock","14":"taxable","15":"shipping-taxable","16":"product-type-simple"},"acf":[],"yoast_head":"<!-- This site is optimized with the Yoast SEO plugin v27.4 - https:\/\/yoast.com\/product\/yoast-seo-wordpress\/ -->\n<title>Micr\u00f3metro L\u00e1ser Display Unit - Techmaster de Mexico<\/title>\n<meta name=\"robots\" content=\"index, follow, max-snippet:-1, max-image-preview:large, max-video-preview:-1\" \/>\n<link rel=\"canonical\" href=\"https:\/\/techmasterdemexico.com\/producto\/micrometro-laser-display-unit\/\" \/>\n<meta property=\"og:locale\" content=\"en_US\" \/>\n<meta property=\"og:type\" content=\"article\" \/>\n<meta property=\"og:title\" content=\"Micr\u00f3metro L\u00e1ser Display Unit - Techmaster de Mexico\" \/>\n<meta property=\"og:description\" content=\"Display principal: 9-d\u00edgitos LED  Unidades de interfaz equipadas: Pedal USB2.0, RS-232C, Analog I\/O  Fuente de alimentaci\u00f3n: +24VDC \u00b110%, 1A  Selector ZERO\/ABS: Si  Valoraci\u00f3n GO\/+-NG: Si  OFFSET: Si  Medida de muestra: Si  C\u00e1lculo estad\u00edstico para DP-1 VA: Si  Salida de datos: Si  PRESET: Si  Visualizaci\u00f3n de posici\u00f3n de pieza: Si  Medici\u00f3n de objeto transparente: Si  Medici\u00f3n autom\u00e1tica: Si  Eliminaci\u00f3n de datos at\u00edpicos: Si\" \/>\n<meta property=\"og:url\" content=\"https:\/\/techmasterdemexico.com\/producto\/micrometro-laser-display-unit\/\" \/>\n<meta property=\"og:site_name\" content=\"Techmaster de Mexico\" \/>\n<meta property=\"article:modified_time\" content=\"2022-05-12T04:26:24+00:00\" \/>\n<meta property=\"og:image\" content=\"https:\/\/techmasterdemexico.com\/wp-content\/uploads\/2021\/10\/544-047.jpg\" \/>\n\t<meta property=\"og:image:width\" content=\"600\" \/>\n\t<meta property=\"og:image:height\" content=\"600\" \/>\n\t<meta property=\"og:image:type\" content=\"image\/jpeg\" \/>\n<meta name=\"twitter:card\" content=\"summary_large_image\" \/>\n<meta name=\"twitter:label1\" content=\"Est. reading time\" \/>\n\t<meta name=\"twitter:data1\" content=\"1 minute\" \/>\n<script type=\"application\/ld+json\" class=\"yoast-schema-graph\">{\"@context\":\"https:\\\/\\\/schema.org\",\"@graph\":[{\"@type\":\"WebPage\",\"@id\":\"https:\\\/\\\/techmasterdemexico.com\\\/producto\\\/micrometro-laser-display-unit\\\/\",\"url\":\"https:\\\/\\\/techmasterdemexico.com\\\/producto\\\/micrometro-laser-display-unit\\\/\",\"name\":\"Micr\u00f3metro L\u00e1ser Display Unit - Techmaster de Mexico\",\"isPartOf\":{\"@id\":\"https:\\\/\\\/techmasterdemexico.com\\\/#website\"},\"primaryImageOfPage\":{\"@id\":\"https:\\\/\\\/techmasterdemexico.com\\\/producto\\\/micrometro-laser-display-unit\\\/#primaryimage\"},\"image\":{\"@id\":\"https:\\\/\\\/techmasterdemexico.com\\\/producto\\\/micrometro-laser-display-unit\\\/#primaryimage\"},\"thumbnailUrl\":\"https:\\\/\\\/techmasterdemexico.com\\\/wp-content\\\/uploads\\\/2021\\\/10\\\/544-047.jpg\",\"datePublished\":\"2021-10-28T17:45:26+00:00\",\"dateModified\":\"2022-05-12T04:26:24+00:00\",\"breadcrumb\":{\"@id\":\"https:\\\/\\\/techmasterdemexico.com\\\/producto\\\/micrometro-laser-display-unit\\\/#breadcrumb\"},\"inLanguage\":\"en-US\",\"potentialAction\":[{\"@type\":\"ReadAction\",\"target\":[\"https:\\\/\\\/techmasterdemexico.com\\\/producto\\\/micrometro-laser-display-unit\\\/\"]}]},{\"@type\":\"ImageObject\",\"inLanguage\":\"en-US\",\"@id\":\"https:\\\/\\\/techmasterdemexico.com\\\/producto\\\/micrometro-laser-display-unit\\\/#primaryimage\",\"url\":\"https:\\\/\\\/techmasterdemexico.com\\\/wp-content\\\/uploads\\\/2021\\\/10\\\/544-047.jpg\",\"contentUrl\":\"https:\\\/\\\/techmasterdemexico.com\\\/wp-content\\\/uploads\\\/2021\\\/10\\\/544-047.jpg\",\"width\":600,\"height\":600},{\"@type\":\"BreadcrumbList\",\"@id\":\"https:\\\/\\\/techmasterdemexico.com\\\/producto\\\/micrometro-laser-display-unit\\\/#breadcrumb\",\"itemListElement\":[{\"@type\":\"ListItem\",\"position\":1,\"name\":\"Portada\",\"item\":\"https:\\\/\\\/techmasterdemexico.com\\\/\"},{\"@type\":\"ListItem\",\"position\":2,\"name\":\"Micr\u00f3metro L\u00e1ser Display Unit\"}]},{\"@type\":\"WebSite\",\"@id\":\"https:\\\/\\\/techmasterdemexico.com\\\/#website\",\"url\":\"https:\\\/\\\/techmasterdemexico.com\\\/\",\"name\":\"Techmaster de Mexico\",\"description\":\"\",\"potentialAction\":[{\"@type\":\"SearchAction\",\"target\":{\"@type\":\"EntryPoint\",\"urlTemplate\":\"https:\\\/\\\/techmasterdemexico.com\\\/?s={search_term_string}\"},\"query-input\":{\"@type\":\"PropertyValueSpecification\",\"valueRequired\":true,\"valueName\":\"search_term_string\"}}],\"inLanguage\":\"en-US\"}]}<\/script>\n<!-- \/ Yoast SEO plugin. -->","yoast_head_json":{"title":"Micr\u00f3metro L\u00e1ser Display Unit - Techmaster de Mexico","robots":{"index":"index","follow":"follow","max-snippet":"max-snippet:-1","max-image-preview":"max-image-preview:large","max-video-preview":"max-video-preview:-1"},"canonical":"https:\/\/techmasterdemexico.com\/producto\/micrometro-laser-display-unit\/","og_locale":"en_US","og_type":"article","og_title":"Micr\u00f3metro L\u00e1ser Display Unit - Techmaster de Mexico","og_description":"Display principal: 9-d\u00edgitos LED  Unidades de interfaz equipadas: Pedal USB2.0, RS-232C, Analog I\/O  Fuente de alimentaci\u00f3n: +24VDC \u00b110%, 1A  Selector ZERO\/ABS: Si  Valoraci\u00f3n GO\/+-NG: Si  OFFSET: Si  Medida de muestra: Si  C\u00e1lculo estad\u00edstico para DP-1 VA: Si  Salida de datos: Si  PRESET: Si  Visualizaci\u00f3n de posici\u00f3n de pieza: Si  Medici\u00f3n de objeto transparente: Si  Medici\u00f3n autom\u00e1tica: Si  Eliminaci\u00f3n de datos at\u00edpicos: Si","og_url":"https:\/\/techmasterdemexico.com\/producto\/micrometro-laser-display-unit\/","og_site_name":"Techmaster de Mexico","article_modified_time":"2022-05-12T04:26:24+00:00","og_image":[{"width":600,"height":600,"url":"https:\/\/techmasterdemexico.com\/wp-content\/uploads\/2021\/10\/544-047.jpg","type":"image\/jpeg"}],"twitter_card":"summary_large_image","twitter_misc":{"Est. reading time":"1 minute"},"schema":{"@context":"https:\/\/schema.org","@graph":[{"@type":"WebPage","@id":"https:\/\/techmasterdemexico.com\/producto\/micrometro-laser-display-unit\/","url":"https:\/\/techmasterdemexico.com\/producto\/micrometro-laser-display-unit\/","name":"Micr\u00f3metro L\u00e1ser Display Unit - Techmaster de Mexico","isPartOf":{"@id":"https:\/\/techmasterdemexico.com\/#website"},"primaryImageOfPage":{"@id":"https:\/\/techmasterdemexico.com\/producto\/micrometro-laser-display-unit\/#primaryimage"},"image":{"@id":"https:\/\/techmasterdemexico.com\/producto\/micrometro-laser-display-unit\/#primaryimage"},"thumbnailUrl":"https:\/\/techmasterdemexico.com\/wp-content\/uploads\/2021\/10\/544-047.jpg","datePublished":"2021-10-28T17:45:26+00:00","dateModified":"2022-05-12T04:26:24+00:00","breadcrumb":{"@id":"https:\/\/techmasterdemexico.com\/producto\/micrometro-laser-display-unit\/#breadcrumb"},"inLanguage":"en-US","potentialAction":[{"@type":"ReadAction","target":["https:\/\/techmasterdemexico.com\/producto\/micrometro-laser-display-unit\/"]}]},{"@type":"ImageObject","inLanguage":"en-US","@id":"https:\/\/techmasterdemexico.com\/producto\/micrometro-laser-display-unit\/#primaryimage","url":"https:\/\/techmasterdemexico.com\/wp-content\/uploads\/2021\/10\/544-047.jpg","contentUrl":"https:\/\/techmasterdemexico.com\/wp-content\/uploads\/2021\/10\/544-047.jpg","width":600,"height":600},{"@type":"BreadcrumbList","@id":"https:\/\/techmasterdemexico.com\/producto\/micrometro-laser-display-unit\/#breadcrumb","itemListElement":[{"@type":"ListItem","position":1,"name":"Portada","item":"https:\/\/techmasterdemexico.com\/"},{"@type":"ListItem","position":2,"name":"Micr\u00f3metro L\u00e1ser Display Unit"}]},{"@type":"WebSite","@id":"https:\/\/techmasterdemexico.com\/#website","url":"https:\/\/techmasterdemexico.com\/","name":"Techmaster de Mexico","description":"","potentialAction":[{"@type":"SearchAction","target":{"@type":"EntryPoint","urlTemplate":"https:\/\/techmasterdemexico.com\/?s={search_term_string}"},"query-input":{"@type":"PropertyValueSpecification","valueRequired":true,"valueName":"search_term_string"}}],"inLanguage":"en-US"}]}},"brands":[{"id":39,"name":"Mitutoyo","slug":"mitutoyo"}],"_links":{"self":[{"href":"https:\/\/techmasterdemexico.com\/en\/wp-json\/wp\/v2\/product\/10630","targetHints":{"allow":["GET"]}}],"collection":[{"href":"https:\/\/techmasterdemexico.com\/en\/wp-json\/wp\/v2\/product"}],"about":[{"href":"https:\/\/techmasterdemexico.com\/en\/wp-json\/wp\/v2\/types\/product"}],"wp:featuredmedia":[{"embeddable":true,"href":"https:\/\/techmasterdemexico.com\/en\/wp-json\/wp\/v2\/media\/10986"}],"wp:attachment":[{"href":"https:\/\/techmasterdemexico.com\/en\/wp-json\/wp\/v2\/media?parent=10630"}],"wp:term":[{"taxonomy":"pwb-brand","embeddable":true,"href":"https:\/\/techmasterdemexico.com\/en\/wp-json\/wp\/v2\/pwb-brand?post=10630"},{"taxonomy":"product_brand","embeddable":true,"href":"https:\/\/techmasterdemexico.com\/en\/wp-json\/wp\/v2\/product_brand?post=10630"},{"taxonomy":"product_cat","embeddable":true,"href":"https:\/\/techmasterdemexico.com\/en\/wp-json\/wp\/v2\/product_cat?post=10630"},{"taxonomy":"product_tag","embeddable":true,"href":"https:\/\/techmasterdemexico.com\/en\/wp-json\/wp\/v2\/product_tag?post=10630"}],"curies":[{"name":"wp","href":"https:\/\/api.w.org\/{rel}","templated":true}]}}