{"id":10577,"date":"2021-10-28T17:44:50","date_gmt":"2021-10-28T17:44:50","guid":{"rendered":"https:\/\/techmastermx.ddns.net\/producto\/strato-apex-9106-cnc-cmm-range-900x1000x600-mm-with-anti-vibration-stand\/"},"modified":"2022-05-12T04:27:48","modified_gmt":"2022-05-12T04:27:48","slug":"strato-apex-9106-cnc-cmm-range-900x1000x600-mm-with-anti-vibration-stand","status":"publish","type":"product","link":"https:\/\/techmasterdemexico.com\/en\/producto\/strato-apex-9106-cnc-cmm-range-900x1000x600-mm-with-anti-vibration-stand\/","title":{"rendered":"STRATO-Apex 9106 CNC CMM Range 900x1000x600 mm, with anti-vibration stand"},"content":{"rendered":"<p>STRATO-Apex 9106 CNC CMM<br \/>\nRange 900x1000x600 mm, with anti-vibration stand<br \/>\nN\u00famero de art\u00edculo: 355-709<\/p>\n<p>&nbsp;<\/p>\n<p>Los desaf\u00edos para los equipos de medici\u00f3n est\u00e1n en aumento. Los productos est\u00e1n mejorando continuamente, como resultado, la vida \u00fatil de los productos aumenta mientras se reduce su consumo de energ\u00eda. Adem\u00e1s, su rendimiento aumenta. Todos estos puntos deben tenerse en cuenta al elegir su equipo de medici\u00f3n. Con STRATO-Apex CMM, Mitutoyo le ofrece la oportunidad de combinar ambos: exactitud y velocidad.<\/p>\n<p>&nbsp;<\/p>\n<p>Esta m\u00e1quina de medici\u00f3n por coordenadas CNC de alta exactitud le permite obtener resultados confiables a una incre\u00edble velocidad.<\/p>\n<p>&nbsp;<\/p>\n<p>La serie STRATO-APEX le ofrece los siguientes beneficios:<\/p>\n<p>&nbsp;<\/p>\n<ul>\n<li>Alta exactitud de medici\u00f3n y movimiento de alta velocidad.<\/li>\n<li>Escaneo de alto rendimiento<\/li>\n<li>Escalas de ultra alta exactitud en cada eje.<\/li>\n<li>El sistema antivibraci\u00f3n reduce el impacto de las fuentes de vibraci\u00f3n cercanas (opcional para 574)<\/li>\n<li>Capacidad de multisensores<\/li>\n<\/ul>\n","protected":false},"excerpt":{"rendered":"<ul>\n<li>Modelo:<br \/>\nSTRATO-Apex 9106<\/li>\n<li>Range:<br \/>\n900 x 1000 x 600 mm<\/li>\n<li>Comments:<br \/>\nAnti vibration stand<\/li>\n<li>Power supply report:<br \/>\nUN 38.3 Test Summary Report<\/li>\n<li>Peso:<br \/>\n2410 [kg]<\/li>\n<\/ul>\n","protected":false},"featured_media":11225,"template":"","meta":{"_acf_changed":false},"pwb-brand":[39],"product_brand":[],"product_cat":[366,313,310,38],"product_tag":[],"class_list":{"0":"post-10577","1":"product","2":"type-product","3":"status-publish","4":"has-post-thumbnail","6":"pwb-brand-mitutoyo","7":"product_cat-todos-los-productos","8":"product_cat-cmms-tamano-pequeno-y-mediano","9":"product_cat-maquinas-de-medicion-por-coordenadas","10":"product_cat-mitutoyo","12":"first","13":"instock","14":"taxable","15":"shipping-taxable","16":"product-type-simple"},"acf":[],"yoast_head":"<!-- This site is optimized with the Yoast SEO plugin v27.4 - https:\/\/yoast.com\/product\/yoast-seo-wordpress\/ -->\n<title>STRATO-Apex 9106 CNC CMM Range 900x1000x600 mm, with anti-vibration stand - Techmaster de Mexico<\/title>\n<meta name=\"robots\" content=\"index, follow, max-snippet:-1, max-image-preview:large, max-video-preview:-1\" \/>\n<link rel=\"canonical\" href=\"https:\/\/techmasterdemexico.com\/producto\/strato-apex-9106-cnc-cmm-range-900x1000x600-mm-with-anti-vibration-stand\/\" \/>\n<meta property=\"og:locale\" content=\"en_US\" \/>\n<meta property=\"og:type\" content=\"article\" \/>\n<meta property=\"og:title\" content=\"STRATO-Apex 9106 CNC CMM Range 900x1000x600 mm, with anti-vibration stand - Techmaster de Mexico\" \/>\n<meta property=\"og:description\" content=\"Modelo: STRATO-Apex 9106  Range: 900 x 1000 x 600 mm  Comments: Anti vibration stand  Power supply report: UN 38.3 Test Summary Report  Peso: 2410 [kg]\" \/>\n<meta property=\"og:url\" content=\"https:\/\/techmasterdemexico.com\/producto\/strato-apex-9106-cnc-cmm-range-900x1000x600-mm-with-anti-vibration-stand\/\" \/>\n<meta property=\"og:site_name\" content=\"Techmaster de Mexico\" \/>\n<meta property=\"article:modified_time\" content=\"2022-05-12T04:27:48+00:00\" \/>\n<meta property=\"og:image\" content=\"https:\/\/techmasterdemexico.com\/wp-content\/uploads\/2021\/10\/strato-apex_9166_logo_eps.jpg\" \/>\n\t<meta property=\"og:image:width\" content=\"800\" \/>\n\t<meta property=\"og:image:height\" content=\"800\" \/>\n\t<meta property=\"og:image:type\" content=\"image\/jpeg\" \/>\n<meta name=\"twitter:card\" content=\"summary_large_image\" \/>\n<meta name=\"twitter:label1\" content=\"Est. reading time\" \/>\n\t<meta name=\"twitter:data1\" content=\"1 minute\" \/>\n<script type=\"application\/ld+json\" class=\"yoast-schema-graph\">{\"@context\":\"https:\\\/\\\/schema.org\",\"@graph\":[{\"@type\":\"WebPage\",\"@id\":\"https:\\\/\\\/techmasterdemexico.com\\\/producto\\\/strato-apex-9106-cnc-cmm-range-900x1000x600-mm-with-anti-vibration-stand\\\/\",\"url\":\"https:\\\/\\\/techmasterdemexico.com\\\/producto\\\/strato-apex-9106-cnc-cmm-range-900x1000x600-mm-with-anti-vibration-stand\\\/\",\"name\":\"STRATO-Apex 9106 CNC CMM Range 900x1000x600 mm, with anti-vibration stand - Techmaster de Mexico\",\"isPartOf\":{\"@id\":\"https:\\\/\\\/techmasterdemexico.com\\\/#website\"},\"primaryImageOfPage\":{\"@id\":\"https:\\\/\\\/techmasterdemexico.com\\\/producto\\\/strato-apex-9106-cnc-cmm-range-900x1000x600-mm-with-anti-vibration-stand\\\/#primaryimage\"},\"image\":{\"@id\":\"https:\\\/\\\/techmasterdemexico.com\\\/producto\\\/strato-apex-9106-cnc-cmm-range-900x1000x600-mm-with-anti-vibration-stand\\\/#primaryimage\"},\"thumbnailUrl\":\"https:\\\/\\\/techmasterdemexico.com\\\/wp-content\\\/uploads\\\/2021\\\/10\\\/strato-apex_9166_logo_eps.jpg\",\"datePublished\":\"2021-10-28T17:44:50+00:00\",\"dateModified\":\"2022-05-12T04:27:48+00:00\",\"breadcrumb\":{\"@id\":\"https:\\\/\\\/techmasterdemexico.com\\\/producto\\\/strato-apex-9106-cnc-cmm-range-900x1000x600-mm-with-anti-vibration-stand\\\/#breadcrumb\"},\"inLanguage\":\"en-US\",\"potentialAction\":[{\"@type\":\"ReadAction\",\"target\":[\"https:\\\/\\\/techmasterdemexico.com\\\/producto\\\/strato-apex-9106-cnc-cmm-range-900x1000x600-mm-with-anti-vibration-stand\\\/\"]}]},{\"@type\":\"ImageObject\",\"inLanguage\":\"en-US\",\"@id\":\"https:\\\/\\\/techmasterdemexico.com\\\/producto\\\/strato-apex-9106-cnc-cmm-range-900x1000x600-mm-with-anti-vibration-stand\\\/#primaryimage\",\"url\":\"https:\\\/\\\/techmasterdemexico.com\\\/wp-content\\\/uploads\\\/2021\\\/10\\\/strato-apex_9166_logo_eps.jpg\",\"contentUrl\":\"https:\\\/\\\/techmasterdemexico.com\\\/wp-content\\\/uploads\\\/2021\\\/10\\\/strato-apex_9166_logo_eps.jpg\",\"width\":800,\"height\":800},{\"@type\":\"BreadcrumbList\",\"@id\":\"https:\\\/\\\/techmasterdemexico.com\\\/producto\\\/strato-apex-9106-cnc-cmm-range-900x1000x600-mm-with-anti-vibration-stand\\\/#breadcrumb\",\"itemListElement\":[{\"@type\":\"ListItem\",\"position\":1,\"name\":\"Portada\",\"item\":\"https:\\\/\\\/techmasterdemexico.com\\\/\"},{\"@type\":\"ListItem\",\"position\":2,\"name\":\"STRATO-Apex 9106 CNC CMM Range 900x1000x600 mm, with anti-vibration stand\"}]},{\"@type\":\"WebSite\",\"@id\":\"https:\\\/\\\/techmasterdemexico.com\\\/#website\",\"url\":\"https:\\\/\\\/techmasterdemexico.com\\\/\",\"name\":\"Techmaster de Mexico\",\"description\":\"\",\"potentialAction\":[{\"@type\":\"SearchAction\",\"target\":{\"@type\":\"EntryPoint\",\"urlTemplate\":\"https:\\\/\\\/techmasterdemexico.com\\\/?s={search_term_string}\"},\"query-input\":{\"@type\":\"PropertyValueSpecification\",\"valueRequired\":true,\"valueName\":\"search_term_string\"}}],\"inLanguage\":\"en-US\"}]}<\/script>\n<!-- \/ Yoast SEO plugin. -->","yoast_head_json":{"title":"STRATO-Apex 9106 CNC CMM Range 900x1000x600 mm, with anti-vibration stand - Techmaster de Mexico","robots":{"index":"index","follow":"follow","max-snippet":"max-snippet:-1","max-image-preview":"max-image-preview:large","max-video-preview":"max-video-preview:-1"},"canonical":"https:\/\/techmasterdemexico.com\/producto\/strato-apex-9106-cnc-cmm-range-900x1000x600-mm-with-anti-vibration-stand\/","og_locale":"en_US","og_type":"article","og_title":"STRATO-Apex 9106 CNC CMM Range 900x1000x600 mm, with anti-vibration stand - Techmaster de Mexico","og_description":"Modelo: STRATO-Apex 9106  Range: 900 x 1000 x 600 mm  Comments: Anti vibration stand  Power supply report: UN 38.3 Test Summary Report  Peso: 2410 [kg]","og_url":"https:\/\/techmasterdemexico.com\/producto\/strato-apex-9106-cnc-cmm-range-900x1000x600-mm-with-anti-vibration-stand\/","og_site_name":"Techmaster de Mexico","article_modified_time":"2022-05-12T04:27:48+00:00","og_image":[{"width":800,"height":800,"url":"https:\/\/techmasterdemexico.com\/wp-content\/uploads\/2021\/10\/strato-apex_9166_logo_eps.jpg","type":"image\/jpeg"}],"twitter_card":"summary_large_image","twitter_misc":{"Est. reading time":"1 minute"},"schema":{"@context":"https:\/\/schema.org","@graph":[{"@type":"WebPage","@id":"https:\/\/techmasterdemexico.com\/producto\/strato-apex-9106-cnc-cmm-range-900x1000x600-mm-with-anti-vibration-stand\/","url":"https:\/\/techmasterdemexico.com\/producto\/strato-apex-9106-cnc-cmm-range-900x1000x600-mm-with-anti-vibration-stand\/","name":"STRATO-Apex 9106 CNC CMM Range 900x1000x600 mm, with anti-vibration stand - Techmaster de Mexico","isPartOf":{"@id":"https:\/\/techmasterdemexico.com\/#website"},"primaryImageOfPage":{"@id":"https:\/\/techmasterdemexico.com\/producto\/strato-apex-9106-cnc-cmm-range-900x1000x600-mm-with-anti-vibration-stand\/#primaryimage"},"image":{"@id":"https:\/\/techmasterdemexico.com\/producto\/strato-apex-9106-cnc-cmm-range-900x1000x600-mm-with-anti-vibration-stand\/#primaryimage"},"thumbnailUrl":"https:\/\/techmasterdemexico.com\/wp-content\/uploads\/2021\/10\/strato-apex_9166_logo_eps.jpg","datePublished":"2021-10-28T17:44:50+00:00","dateModified":"2022-05-12T04:27:48+00:00","breadcrumb":{"@id":"https:\/\/techmasterdemexico.com\/producto\/strato-apex-9106-cnc-cmm-range-900x1000x600-mm-with-anti-vibration-stand\/#breadcrumb"},"inLanguage":"en-US","potentialAction":[{"@type":"ReadAction","target":["https:\/\/techmasterdemexico.com\/producto\/strato-apex-9106-cnc-cmm-range-900x1000x600-mm-with-anti-vibration-stand\/"]}]},{"@type":"ImageObject","inLanguage":"en-US","@id":"https:\/\/techmasterdemexico.com\/producto\/strato-apex-9106-cnc-cmm-range-900x1000x600-mm-with-anti-vibration-stand\/#primaryimage","url":"https:\/\/techmasterdemexico.com\/wp-content\/uploads\/2021\/10\/strato-apex_9166_logo_eps.jpg","contentUrl":"https:\/\/techmasterdemexico.com\/wp-content\/uploads\/2021\/10\/strato-apex_9166_logo_eps.jpg","width":800,"height":800},{"@type":"BreadcrumbList","@id":"https:\/\/techmasterdemexico.com\/producto\/strato-apex-9106-cnc-cmm-range-900x1000x600-mm-with-anti-vibration-stand\/#breadcrumb","itemListElement":[{"@type":"ListItem","position":1,"name":"Portada","item":"https:\/\/techmasterdemexico.com\/"},{"@type":"ListItem","position":2,"name":"STRATO-Apex 9106 CNC CMM Range 900x1000x600 mm, with anti-vibration stand"}]},{"@type":"WebSite","@id":"https:\/\/techmasterdemexico.com\/#website","url":"https:\/\/techmasterdemexico.com\/","name":"Techmaster de Mexico","description":"","potentialAction":[{"@type":"SearchAction","target":{"@type":"EntryPoint","urlTemplate":"https:\/\/techmasterdemexico.com\/?s={search_term_string}"},"query-input":{"@type":"PropertyValueSpecification","valueRequired":true,"valueName":"search_term_string"}}],"inLanguage":"en-US"}]}},"brands":[{"id":39,"name":"Mitutoyo","slug":"mitutoyo"}],"_links":{"self":[{"href":"https:\/\/techmasterdemexico.com\/en\/wp-json\/wp\/v2\/product\/10577","targetHints":{"allow":["GET"]}}],"collection":[{"href":"https:\/\/techmasterdemexico.com\/en\/wp-json\/wp\/v2\/product"}],"about":[{"href":"https:\/\/techmasterdemexico.com\/en\/wp-json\/wp\/v2\/types\/product"}],"wp:featuredmedia":[{"embeddable":true,"href":"https:\/\/techmasterdemexico.com\/en\/wp-json\/wp\/v2\/media\/11225"}],"wp:attachment":[{"href":"https:\/\/techmasterdemexico.com\/en\/wp-json\/wp\/v2\/media?parent=10577"}],"wp:term":[{"taxonomy":"pwb-brand","embeddable":true,"href":"https:\/\/techmasterdemexico.com\/en\/wp-json\/wp\/v2\/pwb-brand?post=10577"},{"taxonomy":"product_brand","embeddable":true,"href":"https:\/\/techmasterdemexico.com\/en\/wp-json\/wp\/v2\/product_brand?post=10577"},{"taxonomy":"product_cat","embeddable":true,"href":"https:\/\/techmasterdemexico.com\/en\/wp-json\/wp\/v2\/product_cat?post=10577"},{"taxonomy":"product_tag","embeddable":true,"href":"https:\/\/techmasterdemexico.com\/en\/wp-json\/wp\/v2\/product_tag?post=10577"}],"curies":[{"name":"wp","href":"https:\/\/api.w.org\/{rel}","templated":true}]}}