{"id":10571,"date":"2021-10-28T17:44:47","date_gmt":"2021-10-28T17:44:47","guid":{"rendered":"https:\/\/techmastermx.ddns.net\/producto\/legex776-cnc-cmm-range-700x700x600-mm-with-anti-vibration-stand-and-ceramic-coated-table\/"},"modified":"2022-05-12T04:28:20","modified_gmt":"2022-05-12T04:28:20","slug":"legex776-cnc-cmm-range-700x700x600-mm-with-anti-vibration-stand-and-ceramic-coated-table","status":"publish","type":"product","link":"https:\/\/techmasterdemexico.com\/en\/producto\/legex776-cnc-cmm-range-700x700x600-mm-with-anti-vibration-stand-and-ceramic-coated-table\/","title":{"rendered":"LEGEX776 CNC CMM Range 700x700x600 mm, with anti-vibration stand and ceramic coated table"},"content":{"rendered":"<p>LEGEX776 CNC CMM<br \/>\nRange 700x700x600 mm, with anti-vibration stand and ceramic coated table<br \/>\nN\u00famero de art\u00edculo: 356-427<\/p>\n<p>&nbsp;<\/p>\n<p>La serie LEGEX posee m\u00e1quinas de medici\u00f3n por coordenadas CNC de ultra alta exactitud con el nivel de exactitud m\u00e1s alto del mundo. Esto es posible gracias al an\u00e1lisis riguroso de todos los posibles factores que producen errores, y la eliminaci\u00f3n o minimizaci\u00f3n de sus efectos. La estructura del puente fijo y sus cojinetes de aire de alta exactitud aseguran una estabilidad de movimiento superior y una exactitud geom\u00e9trica ultra-alta. Debido al sistema de accionamiento de los controles deslizantes \u201cCentro de gravedad\u201d, alcanzamos el mejor rendimiento din\u00e1mico posible. Adem\u00e1s, se han utilizado otras tecnolog\u00edas en la estructura de la unidad de accionamiento, midiendo contra vibraciones, etc. para garantizar la exactitud. A trav\u00e9s de simulaciones de an\u00e1lisis de estructura FEM, se garantiza la exactitud del movimiento geom\u00e9trico que tiene errores m\u00ednimos de fluctuaciones en la carga y otras variables. La construcci\u00f3n est\u00e1 dise\u00f1ada para la estabilidad t\u00e9rmica, posee escalas de vidrio de baja expansi\u00f3n y compensaci\u00f3n de temperatura, lo que da como resultado un rango de temperatura para garantizar la exactitud de 18 \u00baC a 22\u00baC. Esto le ayudar\u00e1 a reducir los costos de mantenimiento del entorno de medici\u00f3n.<\/p>\n<p>&nbsp;<\/p>\n<p>La serie LEGEX le ofrece los siguientes beneficios:<\/p>\n<p>&nbsp;<\/p>\n<ul>\n<li>El an\u00e1lisis riguroso de todos los posibles factores que producen errores, y la eliminaci\u00f3n o minimizaci\u00f3n de sus efectos, ofrece una exactitud sin igual de 0.28 \u03bcm<\/li>\n<li>Se utiliza una escala de vidrio de ultra alta exactitud con un coeficiente de expansi\u00f3n extremadamente bajo de 0.01&#215;10-6 \/ K en cada eje<\/li>\n<li>La estructura del puente fijo y los cojinetes neum\u00e1ticos de exactitud le brindan una estabilidad de movimiento superior y una exactitud geom\u00e9trica ultra-alta.<\/li>\n<li>Puede utilizar una gran variedad de palpadores opcionales, incluidos sensores de toque, las escaneo l\u00e1ser y sensor de visi\u00f3n.<\/li>\n<\/ul>\n","protected":false},"excerpt":{"rendered":"<ul>\n<li>Modelo:<br \/>\nLEGEX776<\/li>\n<li>Range:<br \/>\n700 x 700 x 600 mm<\/li>\n<li>Comments:<br \/>\nAnti vibration stand<\/li>\n<li>Power supply report:<br \/>\nUN 38.3 Test Summary Report<\/li>\n<\/ul>\n","protected":false},"featured_media":11230,"template":"","meta":{"_acf_changed":false},"pwb-brand":[39],"product_brand":[],"product_cat":[366,313,310,38],"product_tag":[],"class_list":{"0":"post-10571","1":"product","2":"type-product","3":"status-publish","4":"has-post-thumbnail","6":"pwb-brand-mitutoyo","7":"product_cat-todos-los-productos","8":"product_cat-cmms-tamano-pequeno-y-mediano","9":"product_cat-maquinas-de-medicion-por-coordenadas","10":"product_cat-mitutoyo","12":"first","13":"instock","14":"taxable","15":"shipping-taxable","16":"product-type-simple"},"acf":[],"yoast_head":"<!-- This site is optimized with the Yoast SEO plugin v27.4 - https:\/\/yoast.com\/product\/yoast-seo-wordpress\/ -->\n<title>LEGEX776 CNC CMM Range 700x700x600 mm, with anti-vibration stand and ceramic coated table - Techmaster de Mexico<\/title>\n<meta name=\"robots\" content=\"index, follow, max-snippet:-1, max-image-preview:large, max-video-preview:-1\" \/>\n<link rel=\"canonical\" href=\"https:\/\/techmasterdemexico.com\/producto\/legex776-cnc-cmm-range-700x700x600-mm-with-anti-vibration-stand-and-ceramic-coated-table\/\" \/>\n<meta property=\"og:locale\" content=\"en_US\" \/>\n<meta property=\"og:type\" content=\"article\" \/>\n<meta property=\"og:title\" content=\"LEGEX776 CNC CMM Range 700x700x600 mm, with anti-vibration stand and ceramic coated table - Techmaster de Mexico\" \/>\n<meta property=\"og:description\" content=\"Modelo: LEGEX776  Range: 700 x 700 x 600 mm  Comments: Anti vibration stand  Power supply report: UN 38.3 Test Summary Report\" \/>\n<meta property=\"og:url\" content=\"https:\/\/techmasterdemexico.com\/producto\/legex776-cnc-cmm-range-700x700x600-mm-with-anti-vibration-stand-and-ceramic-coated-table\/\" \/>\n<meta property=\"og:site_name\" content=\"Techmaster de Mexico\" \/>\n<meta property=\"article:modified_time\" content=\"2022-05-12T04:28:20+00:00\" \/>\n<meta property=\"og:image\" content=\"https:\/\/techmasterdemexico.com\/wp-content\/uploads\/2021\/10\/356-423_z_jpg.jpg\" \/>\n\t<meta property=\"og:image:width\" content=\"800\" \/>\n\t<meta property=\"og:image:height\" content=\"800\" \/>\n\t<meta property=\"og:image:type\" content=\"image\/jpeg\" \/>\n<meta name=\"twitter:card\" content=\"summary_large_image\" \/>\n<meta name=\"twitter:label1\" content=\"Est. reading time\" \/>\n\t<meta name=\"twitter:data1\" content=\"2 minutes\" \/>\n<script type=\"application\/ld+json\" class=\"yoast-schema-graph\">{\"@context\":\"https:\\\/\\\/schema.org\",\"@graph\":[{\"@type\":\"WebPage\",\"@id\":\"https:\\\/\\\/techmasterdemexico.com\\\/producto\\\/legex776-cnc-cmm-range-700x700x600-mm-with-anti-vibration-stand-and-ceramic-coated-table\\\/\",\"url\":\"https:\\\/\\\/techmasterdemexico.com\\\/producto\\\/legex776-cnc-cmm-range-700x700x600-mm-with-anti-vibration-stand-and-ceramic-coated-table\\\/\",\"name\":\"LEGEX776 CNC CMM Range 700x700x600 mm, with anti-vibration stand and ceramic coated table - Techmaster de Mexico\",\"isPartOf\":{\"@id\":\"https:\\\/\\\/techmasterdemexico.com\\\/#website\"},\"primaryImageOfPage\":{\"@id\":\"https:\\\/\\\/techmasterdemexico.com\\\/producto\\\/legex776-cnc-cmm-range-700x700x600-mm-with-anti-vibration-stand-and-ceramic-coated-table\\\/#primaryimage\"},\"image\":{\"@id\":\"https:\\\/\\\/techmasterdemexico.com\\\/producto\\\/legex776-cnc-cmm-range-700x700x600-mm-with-anti-vibration-stand-and-ceramic-coated-table\\\/#primaryimage\"},\"thumbnailUrl\":\"https:\\\/\\\/techmasterdemexico.com\\\/wp-content\\\/uploads\\\/2021\\\/10\\\/356-423_z_jpg.jpg\",\"datePublished\":\"2021-10-28T17:44:47+00:00\",\"dateModified\":\"2022-05-12T04:28:20+00:00\",\"breadcrumb\":{\"@id\":\"https:\\\/\\\/techmasterdemexico.com\\\/producto\\\/legex776-cnc-cmm-range-700x700x600-mm-with-anti-vibration-stand-and-ceramic-coated-table\\\/#breadcrumb\"},\"inLanguage\":\"en-US\",\"potentialAction\":[{\"@type\":\"ReadAction\",\"target\":[\"https:\\\/\\\/techmasterdemexico.com\\\/producto\\\/legex776-cnc-cmm-range-700x700x600-mm-with-anti-vibration-stand-and-ceramic-coated-table\\\/\"]}]},{\"@type\":\"ImageObject\",\"inLanguage\":\"en-US\",\"@id\":\"https:\\\/\\\/techmasterdemexico.com\\\/producto\\\/legex776-cnc-cmm-range-700x700x600-mm-with-anti-vibration-stand-and-ceramic-coated-table\\\/#primaryimage\",\"url\":\"https:\\\/\\\/techmasterdemexico.com\\\/wp-content\\\/uploads\\\/2021\\\/10\\\/356-423_z_jpg.jpg\",\"contentUrl\":\"https:\\\/\\\/techmasterdemexico.com\\\/wp-content\\\/uploads\\\/2021\\\/10\\\/356-423_z_jpg.jpg\",\"width\":800,\"height\":800},{\"@type\":\"BreadcrumbList\",\"@id\":\"https:\\\/\\\/techmasterdemexico.com\\\/producto\\\/legex776-cnc-cmm-range-700x700x600-mm-with-anti-vibration-stand-and-ceramic-coated-table\\\/#breadcrumb\",\"itemListElement\":[{\"@type\":\"ListItem\",\"position\":1,\"name\":\"Portada\",\"item\":\"https:\\\/\\\/techmasterdemexico.com\\\/\"},{\"@type\":\"ListItem\",\"position\":2,\"name\":\"LEGEX776 CNC CMM Range 700x700x600 mm, with anti-vibration stand and ceramic coated table\"}]},{\"@type\":\"WebSite\",\"@id\":\"https:\\\/\\\/techmasterdemexico.com\\\/#website\",\"url\":\"https:\\\/\\\/techmasterdemexico.com\\\/\",\"name\":\"Techmaster de Mexico\",\"description\":\"\",\"potentialAction\":[{\"@type\":\"SearchAction\",\"target\":{\"@type\":\"EntryPoint\",\"urlTemplate\":\"https:\\\/\\\/techmasterdemexico.com\\\/?s={search_term_string}\"},\"query-input\":{\"@type\":\"PropertyValueSpecification\",\"valueRequired\":true,\"valueName\":\"search_term_string\"}}],\"inLanguage\":\"en-US\"}]}<\/script>\n<!-- \/ Yoast SEO plugin. -->","yoast_head_json":{"title":"LEGEX776 CNC CMM Range 700x700x600 mm, with anti-vibration stand and ceramic coated table - Techmaster de Mexico","robots":{"index":"index","follow":"follow","max-snippet":"max-snippet:-1","max-image-preview":"max-image-preview:large","max-video-preview":"max-video-preview:-1"},"canonical":"https:\/\/techmasterdemexico.com\/producto\/legex776-cnc-cmm-range-700x700x600-mm-with-anti-vibration-stand-and-ceramic-coated-table\/","og_locale":"en_US","og_type":"article","og_title":"LEGEX776 CNC CMM Range 700x700x600 mm, with anti-vibration stand and ceramic coated table - Techmaster de Mexico","og_description":"Modelo: LEGEX776  Range: 700 x 700 x 600 mm  Comments: Anti vibration stand  Power supply report: UN 38.3 Test Summary Report","og_url":"https:\/\/techmasterdemexico.com\/producto\/legex776-cnc-cmm-range-700x700x600-mm-with-anti-vibration-stand-and-ceramic-coated-table\/","og_site_name":"Techmaster de Mexico","article_modified_time":"2022-05-12T04:28:20+00:00","og_image":[{"width":800,"height":800,"url":"https:\/\/techmasterdemexico.com\/wp-content\/uploads\/2021\/10\/356-423_z_jpg.jpg","type":"image\/jpeg"}],"twitter_card":"summary_large_image","twitter_misc":{"Est. reading time":"2 minutes"},"schema":{"@context":"https:\/\/schema.org","@graph":[{"@type":"WebPage","@id":"https:\/\/techmasterdemexico.com\/producto\/legex776-cnc-cmm-range-700x700x600-mm-with-anti-vibration-stand-and-ceramic-coated-table\/","url":"https:\/\/techmasterdemexico.com\/producto\/legex776-cnc-cmm-range-700x700x600-mm-with-anti-vibration-stand-and-ceramic-coated-table\/","name":"LEGEX776 CNC CMM Range 700x700x600 mm, with anti-vibration stand and ceramic coated table - Techmaster de Mexico","isPartOf":{"@id":"https:\/\/techmasterdemexico.com\/#website"},"primaryImageOfPage":{"@id":"https:\/\/techmasterdemexico.com\/producto\/legex776-cnc-cmm-range-700x700x600-mm-with-anti-vibration-stand-and-ceramic-coated-table\/#primaryimage"},"image":{"@id":"https:\/\/techmasterdemexico.com\/producto\/legex776-cnc-cmm-range-700x700x600-mm-with-anti-vibration-stand-and-ceramic-coated-table\/#primaryimage"},"thumbnailUrl":"https:\/\/techmasterdemexico.com\/wp-content\/uploads\/2021\/10\/356-423_z_jpg.jpg","datePublished":"2021-10-28T17:44:47+00:00","dateModified":"2022-05-12T04:28:20+00:00","breadcrumb":{"@id":"https:\/\/techmasterdemexico.com\/producto\/legex776-cnc-cmm-range-700x700x600-mm-with-anti-vibration-stand-and-ceramic-coated-table\/#breadcrumb"},"inLanguage":"en-US","potentialAction":[{"@type":"ReadAction","target":["https:\/\/techmasterdemexico.com\/producto\/legex776-cnc-cmm-range-700x700x600-mm-with-anti-vibration-stand-and-ceramic-coated-table\/"]}]},{"@type":"ImageObject","inLanguage":"en-US","@id":"https:\/\/techmasterdemexico.com\/producto\/legex776-cnc-cmm-range-700x700x600-mm-with-anti-vibration-stand-and-ceramic-coated-table\/#primaryimage","url":"https:\/\/techmasterdemexico.com\/wp-content\/uploads\/2021\/10\/356-423_z_jpg.jpg","contentUrl":"https:\/\/techmasterdemexico.com\/wp-content\/uploads\/2021\/10\/356-423_z_jpg.jpg","width":800,"height":800},{"@type":"BreadcrumbList","@id":"https:\/\/techmasterdemexico.com\/producto\/legex776-cnc-cmm-range-700x700x600-mm-with-anti-vibration-stand-and-ceramic-coated-table\/#breadcrumb","itemListElement":[{"@type":"ListItem","position":1,"name":"Portada","item":"https:\/\/techmasterdemexico.com\/"},{"@type":"ListItem","position":2,"name":"LEGEX776 CNC CMM Range 700x700x600 mm, with anti-vibration stand and ceramic coated table"}]},{"@type":"WebSite","@id":"https:\/\/techmasterdemexico.com\/#website","url":"https:\/\/techmasterdemexico.com\/","name":"Techmaster de Mexico","description":"","potentialAction":[{"@type":"SearchAction","target":{"@type":"EntryPoint","urlTemplate":"https:\/\/techmasterdemexico.com\/?s={search_term_string}"},"query-input":{"@type":"PropertyValueSpecification","valueRequired":true,"valueName":"search_term_string"}}],"inLanguage":"en-US"}]}},"brands":[{"id":39,"name":"Mitutoyo","slug":"mitutoyo"}],"_links":{"self":[{"href":"https:\/\/techmasterdemexico.com\/en\/wp-json\/wp\/v2\/product\/10571","targetHints":{"allow":["GET"]}}],"collection":[{"href":"https:\/\/techmasterdemexico.com\/en\/wp-json\/wp\/v2\/product"}],"about":[{"href":"https:\/\/techmasterdemexico.com\/en\/wp-json\/wp\/v2\/types\/product"}],"wp:featuredmedia":[{"embeddable":true,"href":"https:\/\/techmasterdemexico.com\/en\/wp-json\/wp\/v2\/media\/11230"}],"wp:attachment":[{"href":"https:\/\/techmasterdemexico.com\/en\/wp-json\/wp\/v2\/media?parent=10571"}],"wp:term":[{"taxonomy":"pwb-brand","embeddable":true,"href":"https:\/\/techmasterdemexico.com\/en\/wp-json\/wp\/v2\/pwb-brand?post=10571"},{"taxonomy":"product_brand","embeddable":true,"href":"https:\/\/techmasterdemexico.com\/en\/wp-json\/wp\/v2\/product_brand?post=10571"},{"taxonomy":"product_cat","embeddable":true,"href":"https:\/\/techmasterdemexico.com\/en\/wp-json\/wp\/v2\/product_cat?post=10571"},{"taxonomy":"product_tag","embeddable":true,"href":"https:\/\/techmasterdemexico.com\/en\/wp-json\/wp\/v2\/product_tag?post=10571"}],"curies":[{"name":"wp","href":"https:\/\/api.w.org\/{rel}","templated":true}]}}