{"id":10528,"date":"2021-10-28T17:44:14","date_gmt":"2021-10-28T17:44:14","guid":{"rendered":"https:\/\/techmastermx.ddns.net\/producto\/mistar-555-xyz-range-570-x-500-x-500mm\/"},"modified":"2022-05-12T04:29:41","modified_gmt":"2022-05-12T04:29:41","slug":"mistar-555-xyz-range-570-x-500-x-500mm","status":"publish","type":"product","link":"https:\/\/techmasterdemexico.com\/en\/producto\/mistar-555-xyz-range-570-x-500-x-500mm\/","title":{"rendered":"MiSTAR 555 XYZ Range 570 x 500 x 500mm"},"content":{"rendered":"<p>MiSTAR 555<br \/>\nXYZ Range 570 x 500 x 500mm<br \/>\nN\u00famero de art\u00edculo: 357-305<\/p>\n<p>&nbsp;<\/p>\n<p>La nueva MiSTAR 555 es una CMM compacta ideal para inspecci\u00f3n en l\u00ednea de producci\u00f3n. Su gran resistencia para ambientes hostiles y el peque\u00f1o espacio que ocupa para su instalaci\u00f3n, hacen de \u00e9sta una soluci\u00f3n excelente para incrementar su productividad y exactitud de medici\u00f3n.<\/p>\n<ul>\n<li>El operador s\u00f3lo debe ejecutar el programa de parte previamente cargado en la CMM una vez que la pieza est\u00e9 colocada y sujeta en el punto de inicio sobre la CMM.<\/li>\n<li>Posee una gran resistencia a variaciones de temperatura dentro de las cuales se garantiza su exactitud desde los 5\u00b0C a los 40\u00b0C<\/li>\n<li>No necesita aire comprimido para su funcionamiento y \u00fanicamente requiere una toma de corriente a 120V para conectarse.<\/li>\n<\/ul>\n","protected":false},"excerpt":{"rendered":"<ul>\n<li>Modelo:<br \/>\nMiSTAR 555<\/li>\n<li>Range:<br \/>\n570 x 500 x 500 mm<\/li>\n<li>Max. Velocidad de desplazamiento(mm\/s):<br \/>\n520 mm\/s<\/li>\n<li>Temperatura de trabajo:<br \/>\n10\u2103\uff5e40\u2103<\/li>\n<li>Power supply report:<br \/>\nUN 38.3 Test Summary Report<\/li>\n<\/ul>\n","protected":false},"featured_media":11253,"template":"","meta":{"_acf_changed":false},"pwb-brand":[39],"product_brand":[],"product_cat":[366,312,310,38],"product_tag":[],"class_list":{"0":"post-10528","1":"product","2":"type-product","3":"status-publish","4":"has-post-thumbnail","6":"pwb-brand-mitutoyo","7":"product_cat-todos-los-productos","8":"product_cat-cmms-para-linea-de-produccion","9":"product_cat-maquinas-de-medicion-por-coordenadas","10":"product_cat-mitutoyo","12":"first","13":"instock","14":"taxable","15":"shipping-taxable","16":"product-type-simple"},"acf":[],"yoast_head":"<!-- This site is optimized with the Yoast SEO plugin v27.4 - https:\/\/yoast.com\/product\/yoast-seo-wordpress\/ -->\n<title>MiSTAR 555 XYZ Range 570 x 500 x 500mm - Techmaster de Mexico<\/title>\n<meta name=\"robots\" content=\"index, follow, max-snippet:-1, max-image-preview:large, max-video-preview:-1\" \/>\n<link rel=\"canonical\" href=\"https:\/\/techmasterdemexico.com\/en\/producto\/mistar-555-xyz-range-570-x-500-x-500mm\/\" \/>\n<meta property=\"og:locale\" content=\"en_US\" \/>\n<meta property=\"og:type\" content=\"article\" \/>\n<meta property=\"og:title\" content=\"MiSTAR 555 XYZ Range 570 x 500 x 500mm - Techmaster de Mexico\" \/>\n<meta property=\"og:description\" content=\"Modelo: MiSTAR 555  Range: 570 x 500 x 500 mm  Max. Velocidad de desplazamiento(mm\/s): 520 mm\/s  Temperatura de trabajo: 10\u2103\uff5e40\u2103  Power supply report: UN 38.3 Test Summary Report\" \/>\n<meta property=\"og:url\" content=\"https:\/\/techmasterdemexico.com\/en\/producto\/mistar-555-xyz-range-570-x-500-x-500mm\/\" \/>\n<meta property=\"og:site_name\" content=\"Techmaster de Mexico\" \/>\n<meta property=\"article:modified_time\" content=\"2022-05-12T04:29:41+00:00\" \/>\n<meta property=\"og:image\" content=\"https:\/\/techmasterdemexico.com\/wp-content\/uploads\/2021\/10\/mistar_cut_jpg.jpg\" \/>\n\t<meta property=\"og:image:width\" content=\"800\" \/>\n\t<meta property=\"og:image:height\" content=\"800\" \/>\n\t<meta property=\"og:image:type\" content=\"image\/jpeg\" \/>\n<meta name=\"twitter:card\" content=\"summary_large_image\" \/>\n<meta name=\"twitter:label1\" content=\"Est. reading time\" \/>\n\t<meta name=\"twitter:data1\" content=\"1 minute\" \/>\n<script type=\"application\/ld+json\" class=\"yoast-schema-graph\">{\"@context\":\"https:\\\/\\\/schema.org\",\"@graph\":[{\"@type\":\"WebPage\",\"@id\":\"https:\\\/\\\/techmasterdemexico.com\\\/en\\\/producto\\\/mistar-555-xyz-range-570-x-500-x-500mm\\\/\",\"url\":\"https:\\\/\\\/techmasterdemexico.com\\\/en\\\/producto\\\/mistar-555-xyz-range-570-x-500-x-500mm\\\/\",\"name\":\"MiSTAR 555 XYZ Range 570 x 500 x 500mm - Techmaster de Mexico\",\"isPartOf\":{\"@id\":\"https:\\\/\\\/techmasterdemexico.com\\\/#website\"},\"primaryImageOfPage\":{\"@id\":\"https:\\\/\\\/techmasterdemexico.com\\\/en\\\/producto\\\/mistar-555-xyz-range-570-x-500-x-500mm\\\/#primaryimage\"},\"image\":{\"@id\":\"https:\\\/\\\/techmasterdemexico.com\\\/en\\\/producto\\\/mistar-555-xyz-range-570-x-500-x-500mm\\\/#primaryimage\"},\"thumbnailUrl\":\"https:\\\/\\\/techmasterdemexico.com\\\/wp-content\\\/uploads\\\/2021\\\/10\\\/mistar_cut_jpg.jpg\",\"datePublished\":\"2021-10-28T17:44:14+00:00\",\"dateModified\":\"2022-05-12T04:29:41+00:00\",\"breadcrumb\":{\"@id\":\"https:\\\/\\\/techmasterdemexico.com\\\/en\\\/producto\\\/mistar-555-xyz-range-570-x-500-x-500mm\\\/#breadcrumb\"},\"inLanguage\":\"en-US\",\"potentialAction\":[{\"@type\":\"ReadAction\",\"target\":[\"https:\\\/\\\/techmasterdemexico.com\\\/en\\\/producto\\\/mistar-555-xyz-range-570-x-500-x-500mm\\\/\"]}]},{\"@type\":\"ImageObject\",\"inLanguage\":\"en-US\",\"@id\":\"https:\\\/\\\/techmasterdemexico.com\\\/en\\\/producto\\\/mistar-555-xyz-range-570-x-500-x-500mm\\\/#primaryimage\",\"url\":\"https:\\\/\\\/techmasterdemexico.com\\\/wp-content\\\/uploads\\\/2021\\\/10\\\/mistar_cut_jpg.jpg\",\"contentUrl\":\"https:\\\/\\\/techmasterdemexico.com\\\/wp-content\\\/uploads\\\/2021\\\/10\\\/mistar_cut_jpg.jpg\",\"width\":800,\"height\":800},{\"@type\":\"BreadcrumbList\",\"@id\":\"https:\\\/\\\/techmasterdemexico.com\\\/en\\\/producto\\\/mistar-555-xyz-range-570-x-500-x-500mm\\\/#breadcrumb\",\"itemListElement\":[{\"@type\":\"ListItem\",\"position\":1,\"name\":\"Portada\",\"item\":\"https:\\\/\\\/techmasterdemexico.com\\\/\"},{\"@type\":\"ListItem\",\"position\":2,\"name\":\"MiSTAR 555 XYZ Range 570 x 500 x 500mm\"}]},{\"@type\":\"WebSite\",\"@id\":\"https:\\\/\\\/techmasterdemexico.com\\\/#website\",\"url\":\"https:\\\/\\\/techmasterdemexico.com\\\/\",\"name\":\"Techmaster de Mexico\",\"description\":\"\",\"potentialAction\":[{\"@type\":\"SearchAction\",\"target\":{\"@type\":\"EntryPoint\",\"urlTemplate\":\"https:\\\/\\\/techmasterdemexico.com\\\/?s={search_term_string}\"},\"query-input\":{\"@type\":\"PropertyValueSpecification\",\"valueRequired\":true,\"valueName\":\"search_term_string\"}}],\"inLanguage\":\"en-US\"}]}<\/script>\n<!-- \/ Yoast SEO plugin. -->","yoast_head_json":{"title":"MiSTAR 555 XYZ Range 570 x 500 x 500mm - Techmaster de Mexico","robots":{"index":"index","follow":"follow","max-snippet":"max-snippet:-1","max-image-preview":"max-image-preview:large","max-video-preview":"max-video-preview:-1"},"canonical":"https:\/\/techmasterdemexico.com\/en\/producto\/mistar-555-xyz-range-570-x-500-x-500mm\/","og_locale":"en_US","og_type":"article","og_title":"MiSTAR 555 XYZ Range 570 x 500 x 500mm - Techmaster de Mexico","og_description":"Modelo: MiSTAR 555  Range: 570 x 500 x 500 mm  Max. Velocidad de desplazamiento(mm\/s): 520 mm\/s  Temperatura de trabajo: 10\u2103\uff5e40\u2103  Power supply report: UN 38.3 Test Summary Report","og_url":"https:\/\/techmasterdemexico.com\/en\/producto\/mistar-555-xyz-range-570-x-500-x-500mm\/","og_site_name":"Techmaster de Mexico","article_modified_time":"2022-05-12T04:29:41+00:00","og_image":[{"width":800,"height":800,"url":"https:\/\/techmasterdemexico.com\/wp-content\/uploads\/2021\/10\/mistar_cut_jpg.jpg","type":"image\/jpeg"}],"twitter_card":"summary_large_image","twitter_misc":{"Est. reading time":"1 minute"},"schema":{"@context":"https:\/\/schema.org","@graph":[{"@type":"WebPage","@id":"https:\/\/techmasterdemexico.com\/en\/producto\/mistar-555-xyz-range-570-x-500-x-500mm\/","url":"https:\/\/techmasterdemexico.com\/en\/producto\/mistar-555-xyz-range-570-x-500-x-500mm\/","name":"MiSTAR 555 XYZ Range 570 x 500 x 500mm - Techmaster de Mexico","isPartOf":{"@id":"https:\/\/techmasterdemexico.com\/#website"},"primaryImageOfPage":{"@id":"https:\/\/techmasterdemexico.com\/en\/producto\/mistar-555-xyz-range-570-x-500-x-500mm\/#primaryimage"},"image":{"@id":"https:\/\/techmasterdemexico.com\/en\/producto\/mistar-555-xyz-range-570-x-500-x-500mm\/#primaryimage"},"thumbnailUrl":"https:\/\/techmasterdemexico.com\/wp-content\/uploads\/2021\/10\/mistar_cut_jpg.jpg","datePublished":"2021-10-28T17:44:14+00:00","dateModified":"2022-05-12T04:29:41+00:00","breadcrumb":{"@id":"https:\/\/techmasterdemexico.com\/en\/producto\/mistar-555-xyz-range-570-x-500-x-500mm\/#breadcrumb"},"inLanguage":"en-US","potentialAction":[{"@type":"ReadAction","target":["https:\/\/techmasterdemexico.com\/en\/producto\/mistar-555-xyz-range-570-x-500-x-500mm\/"]}]},{"@type":"ImageObject","inLanguage":"en-US","@id":"https:\/\/techmasterdemexico.com\/en\/producto\/mistar-555-xyz-range-570-x-500-x-500mm\/#primaryimage","url":"https:\/\/techmasterdemexico.com\/wp-content\/uploads\/2021\/10\/mistar_cut_jpg.jpg","contentUrl":"https:\/\/techmasterdemexico.com\/wp-content\/uploads\/2021\/10\/mistar_cut_jpg.jpg","width":800,"height":800},{"@type":"BreadcrumbList","@id":"https:\/\/techmasterdemexico.com\/en\/producto\/mistar-555-xyz-range-570-x-500-x-500mm\/#breadcrumb","itemListElement":[{"@type":"ListItem","position":1,"name":"Portada","item":"https:\/\/techmasterdemexico.com\/"},{"@type":"ListItem","position":2,"name":"MiSTAR 555 XYZ Range 570 x 500 x 500mm"}]},{"@type":"WebSite","@id":"https:\/\/techmasterdemexico.com\/#website","url":"https:\/\/techmasterdemexico.com\/","name":"Techmaster de Mexico","description":"","potentialAction":[{"@type":"SearchAction","target":{"@type":"EntryPoint","urlTemplate":"https:\/\/techmasterdemexico.com\/?s={search_term_string}"},"query-input":{"@type":"PropertyValueSpecification","valueRequired":true,"valueName":"search_term_string"}}],"inLanguage":"en-US"}]}},"brands":[{"id":39,"name":"Mitutoyo","slug":"mitutoyo"}],"_links":{"self":[{"href":"https:\/\/techmasterdemexico.com\/en\/wp-json\/wp\/v2\/product\/10528","targetHints":{"allow":["GET"]}}],"collection":[{"href":"https:\/\/techmasterdemexico.com\/en\/wp-json\/wp\/v2\/product"}],"about":[{"href":"https:\/\/techmasterdemexico.com\/en\/wp-json\/wp\/v2\/types\/product"}],"wp:featuredmedia":[{"embeddable":true,"href":"https:\/\/techmasterdemexico.com\/en\/wp-json\/wp\/v2\/media\/11253"}],"wp:attachment":[{"href":"https:\/\/techmasterdemexico.com\/en\/wp-json\/wp\/v2\/media?parent=10528"}],"wp:term":[{"taxonomy":"pwb-brand","embeddable":true,"href":"https:\/\/techmasterdemexico.com\/en\/wp-json\/wp\/v2\/pwb-brand?post=10528"},{"taxonomy":"product_brand","embeddable":true,"href":"https:\/\/techmasterdemexico.com\/en\/wp-json\/wp\/v2\/product_brand?post=10528"},{"taxonomy":"product_cat","embeddable":true,"href":"https:\/\/techmasterdemexico.com\/en\/wp-json\/wp\/v2\/product_cat?post=10528"},{"taxonomy":"product_tag","embeddable":true,"href":"https:\/\/techmasterdemexico.com\/en\/wp-json\/wp\/v2\/product_tag?post=10528"}],"curies":[{"name":"wp","href":"https:\/\/api.w.org\/{rel}","templated":true}]}}