{"id":10527,"date":"2021-10-28T17:44:14","date_gmt":"2021-10-28T17:44:14","guid":{"rendered":"https:\/\/techmastermx.ddns.net\/producto\/mach-kogame-m12128-c-range-120x120x80-mm\/"},"modified":"2022-05-12T04:29:41","modified_gmt":"2022-05-12T04:29:41","slug":"mach-kogame-m12128-c-range-120x120x80-mm","status":"publish","type":"product","link":"https:\/\/techmasterdemexico.com\/en\/producto\/mach-kogame-m12128-c-range-120x120x80-mm\/","title":{"rendered":"MACH-KoGaMe M12128-C Range 120x120x80 mm"},"content":{"rendered":"<p>MACH-KoGaMe KGM12128-C<br \/>\nRange 120x120x80 mm<br \/>\nN\u00famero de art\u00edculo: 357-172-10<\/p>\n<p>&nbsp;<\/p>\n<p>La MACH Ko-Ga-Me es una CMM \u00fanica y compacta ideal para la integraci\u00f3n en sistemas de l\u00ednea para mediciones automatizadas. Perfecta para celdas automatizadas y soluciones independientes, esta soluci\u00f3n de metrolog\u00eda compacta ofrece confiabilidad de forma liviana y f\u00e1cil de montar. La CMM tambi\u00e9n proporciona un rendimiento en l\u00ednea de producci\u00f3n y para cualquier entorno de fabricaci\u00f3n gracias a su temperatura de exactitud garantizada de 10 \u00baC a 35 \u00baC.<\/p>\n<p>La MACH Ko-Ga-Me le ofrece los siguientes beneficios:<\/p>\n<ul>\n<li>Alta velocidad de medici\u00f3n y aceleraci\u00f3n<\/li>\n<li>Uso vertical<\/li>\n<li>El tama\u00f1o extremadamente peque\u00f1o ahorra un valioso espacio para la producci\u00f3n<\/li>\n<li>Ideal para la inspecci\u00f3n de una sola funci\u00f3n y se puede utilizar con palpadores de contacto y de escaneo por contacto continuo<\/li>\n<li>Medidas absolutas<\/li>\n<li>Gu\u00edas lineales sin mantenimiento (sin cojinetes de aire)<\/li>\n<li>Joystick multifunci\u00f3n que incluye dos palancas y una perilla de ajuste de velocidad<\/li>\n<li>Rango de medici\u00f3n de hasta 120 mm<\/li>\n<li>Escalas de alta exactitud con una resoluci\u00f3n de 0,02 \u00b5m<\/li>\n<li>Software MeasurLink SPC (opcional)<\/li>\n<\/ul>\n","protected":false},"excerpt":{"rendered":"<ul>\n<li>Modelo:<br \/>\nMACH-Ko-ga-me 12128-C<\/li>\n<li>Max. Velocidad de desplazamiento(mm\/s):<br \/>\n340 mm\/s (3-axis)<\/li>\n<li>Resoluci\u00f3n:<br \/>\n0,02 \u00b5m<\/li>\n<li>Guia m\u00e9todo:<br \/>\nStraight-motion hard bearing<\/li>\n<li>E0,MPE(1):\n<ul>\n<li>(2,4+5,7L\/1000) \u00b5m (19~21\u00b0C);<\/li>\n<li>(2,7+6,4L\/1000) \u00b5m (15~25\u00b0C);<\/li>\n<li>(3,1+7,2L\/1000) \u00b5m (10~30\u00b0C);<\/li>\n<li>(3,4+7,9L\/1000) \u00b5m (10-35\u00b0C);<\/li>\n<li>L = measured length [mm]<\/li>\n<\/ul>\n<\/li>\n<li>Power supply report:<br \/>\nUN 38.3 Test Summary Report<\/li>\n<\/ul>\n","protected":false},"featured_media":11251,"template":"","meta":{"_acf_changed":false},"pwb-brand":[39],"product_brand":[],"product_cat":[366,312,310,38],"product_tag":[],"class_list":{"0":"post-10527","1":"product","2":"type-product","3":"status-publish","4":"has-post-thumbnail","6":"pwb-brand-mitutoyo","7":"product_cat-todos-los-productos","8":"product_cat-cmms-para-linea-de-produccion","9":"product_cat-maquinas-de-medicion-por-coordenadas","10":"product_cat-mitutoyo","12":"first","13":"instock","14":"taxable","15":"shipping-taxable","16":"product-type-simple"},"acf":[],"yoast_head":"<!-- This site is optimized with the Yoast SEO plugin v27.4 - https:\/\/yoast.com\/product\/yoast-seo-wordpress\/ -->\n<title>MACH-KoGaMe M12128-C Range 120x120x80 mm - Techmaster de Mexico<\/title>\n<meta name=\"robots\" content=\"index, follow, max-snippet:-1, max-image-preview:large, max-video-preview:-1\" \/>\n<link rel=\"canonical\" href=\"https:\/\/techmasterdemexico.com\/producto\/mach-kogame-m12128-c-range-120x120x80-mm\/\" \/>\n<meta property=\"og:locale\" content=\"en_US\" \/>\n<meta property=\"og:type\" content=\"article\" \/>\n<meta property=\"og:title\" content=\"MACH-KoGaMe M12128-C Range 120x120x80 mm - Techmaster de Mexico\" \/>\n<meta property=\"og:description\" content=\"Modelo: MACH-Ko-ga-me 12128-C  Max. Velocidad de desplazamiento(mm\/s): 340 mm\/s (3-axis)  Resoluci\u00f3n: 0,02 \u00b5m  Guia m\u00e9todo: Straight-motion hard bearing  E0,MPE(1):   (2,4+5,7L\/1000) \u00b5m (19~21\u00b0C);  (2,7+6,4L\/1000) \u00b5m (15~25\u00b0C);  (3,1+7,2L\/1000) \u00b5m (10~30\u00b0C);  (3,4+7,9L\/1000) \u00b5m (10-35\u00b0C);  L = measured length [mm]    Power supply report: UN 38.3 Test Summary Report\" \/>\n<meta property=\"og:url\" content=\"https:\/\/techmasterdemexico.com\/producto\/mach-kogame-m12128-c-range-120x120x80-mm\/\" \/>\n<meta property=\"og:site_name\" content=\"Techmaster de Mexico\" \/>\n<meta property=\"article:modified_time\" content=\"2022-05-12T04:29:41+00:00\" \/>\n<meta property=\"og:image\" content=\"https:\/\/techmasterdemexico.com\/wp-content\/uploads\/2021\/10\/ko-ga-me-stand-02_eps.jpg\" \/>\n\t<meta property=\"og:image:width\" content=\"800\" \/>\n\t<meta property=\"og:image:height\" content=\"800\" \/>\n\t<meta property=\"og:image:type\" content=\"image\/jpeg\" \/>\n<meta name=\"twitter:card\" content=\"summary_large_image\" \/>\n<meta name=\"twitter:label1\" content=\"Est. reading time\" \/>\n\t<meta name=\"twitter:data1\" content=\"1 minute\" \/>\n<script type=\"application\/ld+json\" class=\"yoast-schema-graph\">{\"@context\":\"https:\\\/\\\/schema.org\",\"@graph\":[{\"@type\":\"WebPage\",\"@id\":\"https:\\\/\\\/techmasterdemexico.com\\\/producto\\\/mach-kogame-m12128-c-range-120x120x80-mm\\\/\",\"url\":\"https:\\\/\\\/techmasterdemexico.com\\\/producto\\\/mach-kogame-m12128-c-range-120x120x80-mm\\\/\",\"name\":\"MACH-KoGaMe M12128-C Range 120x120x80 mm - Techmaster de Mexico\",\"isPartOf\":{\"@id\":\"https:\\\/\\\/techmasterdemexico.com\\\/#website\"},\"primaryImageOfPage\":{\"@id\":\"https:\\\/\\\/techmasterdemexico.com\\\/producto\\\/mach-kogame-m12128-c-range-120x120x80-mm\\\/#primaryimage\"},\"image\":{\"@id\":\"https:\\\/\\\/techmasterdemexico.com\\\/producto\\\/mach-kogame-m12128-c-range-120x120x80-mm\\\/#primaryimage\"},\"thumbnailUrl\":\"https:\\\/\\\/techmasterdemexico.com\\\/wp-content\\\/uploads\\\/2021\\\/10\\\/ko-ga-me-stand-02_eps.jpg\",\"datePublished\":\"2021-10-28T17:44:14+00:00\",\"dateModified\":\"2022-05-12T04:29:41+00:00\",\"breadcrumb\":{\"@id\":\"https:\\\/\\\/techmasterdemexico.com\\\/producto\\\/mach-kogame-m12128-c-range-120x120x80-mm\\\/#breadcrumb\"},\"inLanguage\":\"en-US\",\"potentialAction\":[{\"@type\":\"ReadAction\",\"target\":[\"https:\\\/\\\/techmasterdemexico.com\\\/producto\\\/mach-kogame-m12128-c-range-120x120x80-mm\\\/\"]}]},{\"@type\":\"ImageObject\",\"inLanguage\":\"en-US\",\"@id\":\"https:\\\/\\\/techmasterdemexico.com\\\/producto\\\/mach-kogame-m12128-c-range-120x120x80-mm\\\/#primaryimage\",\"url\":\"https:\\\/\\\/techmasterdemexico.com\\\/wp-content\\\/uploads\\\/2021\\\/10\\\/ko-ga-me-stand-02_eps.jpg\",\"contentUrl\":\"https:\\\/\\\/techmasterdemexico.com\\\/wp-content\\\/uploads\\\/2021\\\/10\\\/ko-ga-me-stand-02_eps.jpg\",\"width\":800,\"height\":800},{\"@type\":\"BreadcrumbList\",\"@id\":\"https:\\\/\\\/techmasterdemexico.com\\\/producto\\\/mach-kogame-m12128-c-range-120x120x80-mm\\\/#breadcrumb\",\"itemListElement\":[{\"@type\":\"ListItem\",\"position\":1,\"name\":\"Portada\",\"item\":\"https:\\\/\\\/techmasterdemexico.com\\\/\"},{\"@type\":\"ListItem\",\"position\":2,\"name\":\"MACH-KoGaMe M12128-C Range 120x120x80 mm\"}]},{\"@type\":\"WebSite\",\"@id\":\"https:\\\/\\\/techmasterdemexico.com\\\/#website\",\"url\":\"https:\\\/\\\/techmasterdemexico.com\\\/\",\"name\":\"Techmaster de Mexico\",\"description\":\"\",\"potentialAction\":[{\"@type\":\"SearchAction\",\"target\":{\"@type\":\"EntryPoint\",\"urlTemplate\":\"https:\\\/\\\/techmasterdemexico.com\\\/?s={search_term_string}\"},\"query-input\":{\"@type\":\"PropertyValueSpecification\",\"valueRequired\":true,\"valueName\":\"search_term_string\"}}],\"inLanguage\":\"en-US\"}]}<\/script>\n<!-- \/ Yoast SEO plugin. -->","yoast_head_json":{"title":"MACH-KoGaMe M12128-C Range 120x120x80 mm - Techmaster de Mexico","robots":{"index":"index","follow":"follow","max-snippet":"max-snippet:-1","max-image-preview":"max-image-preview:large","max-video-preview":"max-video-preview:-1"},"canonical":"https:\/\/techmasterdemexico.com\/producto\/mach-kogame-m12128-c-range-120x120x80-mm\/","og_locale":"en_US","og_type":"article","og_title":"MACH-KoGaMe M12128-C Range 120x120x80 mm - Techmaster de Mexico","og_description":"Modelo: MACH-Ko-ga-me 12128-C  Max. Velocidad de desplazamiento(mm\/s): 340 mm\/s (3-axis)  Resoluci\u00f3n: 0,02 \u00b5m  Guia m\u00e9todo: Straight-motion hard bearing  E0,MPE(1):   (2,4+5,7L\/1000) \u00b5m (19~21\u00b0C);  (2,7+6,4L\/1000) \u00b5m (15~25\u00b0C);  (3,1+7,2L\/1000) \u00b5m (10~30\u00b0C);  (3,4+7,9L\/1000) \u00b5m (10-35\u00b0C);  L = measured length [mm]    Power supply report: UN 38.3 Test Summary Report","og_url":"https:\/\/techmasterdemexico.com\/producto\/mach-kogame-m12128-c-range-120x120x80-mm\/","og_site_name":"Techmaster de Mexico","article_modified_time":"2022-05-12T04:29:41+00:00","og_image":[{"width":800,"height":800,"url":"https:\/\/techmasterdemexico.com\/wp-content\/uploads\/2021\/10\/ko-ga-me-stand-02_eps.jpg","type":"image\/jpeg"}],"twitter_card":"summary_large_image","twitter_misc":{"Est. reading time":"1 minute"},"schema":{"@context":"https:\/\/schema.org","@graph":[{"@type":"WebPage","@id":"https:\/\/techmasterdemexico.com\/producto\/mach-kogame-m12128-c-range-120x120x80-mm\/","url":"https:\/\/techmasterdemexico.com\/producto\/mach-kogame-m12128-c-range-120x120x80-mm\/","name":"MACH-KoGaMe M12128-C Range 120x120x80 mm - Techmaster de Mexico","isPartOf":{"@id":"https:\/\/techmasterdemexico.com\/#website"},"primaryImageOfPage":{"@id":"https:\/\/techmasterdemexico.com\/producto\/mach-kogame-m12128-c-range-120x120x80-mm\/#primaryimage"},"image":{"@id":"https:\/\/techmasterdemexico.com\/producto\/mach-kogame-m12128-c-range-120x120x80-mm\/#primaryimage"},"thumbnailUrl":"https:\/\/techmasterdemexico.com\/wp-content\/uploads\/2021\/10\/ko-ga-me-stand-02_eps.jpg","datePublished":"2021-10-28T17:44:14+00:00","dateModified":"2022-05-12T04:29:41+00:00","breadcrumb":{"@id":"https:\/\/techmasterdemexico.com\/producto\/mach-kogame-m12128-c-range-120x120x80-mm\/#breadcrumb"},"inLanguage":"en-US","potentialAction":[{"@type":"ReadAction","target":["https:\/\/techmasterdemexico.com\/producto\/mach-kogame-m12128-c-range-120x120x80-mm\/"]}]},{"@type":"ImageObject","inLanguage":"en-US","@id":"https:\/\/techmasterdemexico.com\/producto\/mach-kogame-m12128-c-range-120x120x80-mm\/#primaryimage","url":"https:\/\/techmasterdemexico.com\/wp-content\/uploads\/2021\/10\/ko-ga-me-stand-02_eps.jpg","contentUrl":"https:\/\/techmasterdemexico.com\/wp-content\/uploads\/2021\/10\/ko-ga-me-stand-02_eps.jpg","width":800,"height":800},{"@type":"BreadcrumbList","@id":"https:\/\/techmasterdemexico.com\/producto\/mach-kogame-m12128-c-range-120x120x80-mm\/#breadcrumb","itemListElement":[{"@type":"ListItem","position":1,"name":"Portada","item":"https:\/\/techmasterdemexico.com\/"},{"@type":"ListItem","position":2,"name":"MACH-KoGaMe M12128-C Range 120x120x80 mm"}]},{"@type":"WebSite","@id":"https:\/\/techmasterdemexico.com\/#website","url":"https:\/\/techmasterdemexico.com\/","name":"Techmaster de Mexico","description":"","potentialAction":[{"@type":"SearchAction","target":{"@type":"EntryPoint","urlTemplate":"https:\/\/techmasterdemexico.com\/?s={search_term_string}"},"query-input":{"@type":"PropertyValueSpecification","valueRequired":true,"valueName":"search_term_string"}}],"inLanguage":"en-US"}]}},"brands":[{"id":39,"name":"Mitutoyo","slug":"mitutoyo"}],"_links":{"self":[{"href":"https:\/\/techmasterdemexico.com\/en\/wp-json\/wp\/v2\/product\/10527","targetHints":{"allow":["GET"]}}],"collection":[{"href":"https:\/\/techmasterdemexico.com\/en\/wp-json\/wp\/v2\/product"}],"about":[{"href":"https:\/\/techmasterdemexico.com\/en\/wp-json\/wp\/v2\/types\/product"}],"wp:featuredmedia":[{"embeddable":true,"href":"https:\/\/techmasterdemexico.com\/en\/wp-json\/wp\/v2\/media\/11251"}],"wp:attachment":[{"href":"https:\/\/techmasterdemexico.com\/en\/wp-json\/wp\/v2\/media?parent=10527"}],"wp:term":[{"taxonomy":"pwb-brand","embeddable":true,"href":"https:\/\/techmasterdemexico.com\/en\/wp-json\/wp\/v2\/pwb-brand?post=10527"},{"taxonomy":"product_brand","embeddable":true,"href":"https:\/\/techmasterdemexico.com\/en\/wp-json\/wp\/v2\/product_brand?post=10527"},{"taxonomy":"product_cat","embeddable":true,"href":"https:\/\/techmasterdemexico.com\/en\/wp-json\/wp\/v2\/product_cat?post=10527"},{"taxonomy":"product_tag","embeddable":true,"href":"https:\/\/techmasterdemexico.com\/en\/wp-json\/wp\/v2\/product_tag?post=10527"}],"curies":[{"name":"wp","href":"https:\/\/api.w.org\/{rel}","templated":true}]}}