{"id":10524,"date":"2021-10-28T17:44:12","date_gmt":"2021-10-28T17:44:12","guid":{"rendered":"https:\/\/techmastermx.ddns.net\/producto\/manual-cmm-crysta-plus-m-574-500-x-700-x-400-mm\/"},"modified":"2022-05-12T04:29:43","modified_gmt":"2022-05-12T04:29:43","slug":"manual-cmm-crysta-plus-m-574-500-x-700-x-400-mm","status":"publish","type":"product","link":"https:\/\/techmasterdemexico.com\/en\/producto\/manual-cmm-crysta-plus-m-574-500-x-700-x-400-mm\/","title":{"rendered":"Manual CMM, Crysta-Plus M 574, 500 x 700 x 400 mm"},"content":{"rendered":"<p>Manual CMM, Crysta-Plus M 574<br \/>\n500 x 700 x 400 mm<br \/>\nN\u00famero de art\u00edculo: 196-517<\/p>\n<p>&nbsp;<\/p>\n<p>\u00a1Bienvenido al mundo de la tecnolog\u00eda de medici\u00f3n por coordenadas 3D!<\/p>\n<p>Estas son las m\u00e1quinas manuales de medici\u00f3n por coordenadas tipo puente flotante de Mitutoyo dise\u00f1adas para brindarle una exactitud muy alta en una amplia gama de aplicaciones. CRYSTA-PLUS M es una alternativa inteligente al complejo y costoso equipo de medici\u00f3n con dispositivos de medici\u00f3n convencionales.<\/p>\n<p>&nbsp;<\/p>\n<p>La Crysta-Plus M le ofrece los siguientes beneficios:<\/p>\n<ul>\n<li>Cojinetes neum\u00e1ticos de alta exactitud y auto-ajustables en todos los ejes.<\/li>\n<li>Sus componentes m\u00f3viles livianos le brindan un funcionamiento muy suave<\/li>\n<li>Alimentaci\u00f3n fina continua en todo el rango de medici\u00f3n.<\/li>\n<li>Escalas de vidrio con protecci\u00f3n contra el polvo<\/li>\n<li>Incluye el potente software MCOSMOS de Mitutoyo.<\/li>\n<li>Sistema de compensaci\u00f3n de temperatura (opcional)<\/li>\n<li>Temperatura ambiente permitida de 15 \u00b0 C a 30 \u00b0 C.<\/li>\n<li>Iluminaci\u00f3n LED opcional para una mejor vista de la pieza de trabajo<\/li>\n<\/ul>\n","protected":false},"excerpt":{"rendered":"<ul>\n<li>Modelo:<br \/>\nCRYSTA-PLUS M574<\/li>\n<li>Range:<br \/>\n500 x 700 x 400 mm<\/li>\n<li>Observaciones:<br \/>\nWithout temperature compensation<\/li>\n<li>Peso:<br \/>\n646 [kg]<\/li>\n<\/ul>\n","protected":false},"featured_media":11258,"template":"","meta":{"_acf_changed":false},"pwb-brand":[39],"product_brand":[],"product_cat":[366,311,310,38],"product_tag":[],"class_list":{"0":"post-10524","1":"product","2":"type-product","3":"status-publish","4":"has-post-thumbnail","6":"pwb-brand-mitutoyo","7":"product_cat-todos-los-productos","8":"product_cat-cmms-manuales","9":"product_cat-maquinas-de-medicion-por-coordenadas","10":"product_cat-mitutoyo","12":"first","13":"instock","14":"taxable","15":"shipping-taxable","16":"product-type-simple"},"acf":[],"yoast_head":"<!-- This site is optimized with the Yoast SEO plugin v27.2 - https:\/\/yoast.com\/product\/yoast-seo-wordpress\/ -->\n<title>Manual CMM, Crysta-Plus M 574, 500 x 700 x 400 mm - Techmaster de Mexico<\/title>\n<meta name=\"robots\" content=\"index, follow, max-snippet:-1, max-image-preview:large, max-video-preview:-1\" \/>\n<link rel=\"canonical\" href=\"https:\/\/techmasterdemexico.com\/producto\/manual-cmm-crysta-plus-m-574-500-x-700-x-400-mm\/\" \/>\n<meta property=\"og:locale\" content=\"en_US\" \/>\n<meta property=\"og:type\" content=\"article\" \/>\n<meta property=\"og:title\" content=\"Manual CMM, Crysta-Plus M 574, 500 x 700 x 400 mm - Techmaster de Mexico\" \/>\n<meta property=\"og:description\" content=\"Modelo: CRYSTA-PLUS M574  Range: 500 x 700 x 400 mm  Observaciones: Without temperature compensation  Peso: 646 [kg]\" \/>\n<meta property=\"og:url\" content=\"https:\/\/techmasterdemexico.com\/producto\/manual-cmm-crysta-plus-m-574-500-x-700-x-400-mm\/\" \/>\n<meta property=\"og:site_name\" content=\"Techmaster de Mexico\" \/>\n<meta property=\"article:modified_time\" content=\"2022-05-12T04:29:43+00:00\" \/>\n<meta property=\"og:image\" content=\"https:\/\/techmasterdemexico.com\/wp-content\/uploads\/2021\/10\/crysta_plus_m574_m_rechner_jpg.jpg\" \/>\n\t<meta property=\"og:image:width\" content=\"800\" \/>\n\t<meta property=\"og:image:height\" content=\"800\" \/>\n\t<meta property=\"og:image:type\" content=\"image\/jpeg\" \/>\n<meta name=\"twitter:card\" content=\"summary_large_image\" \/>\n<meta name=\"twitter:label1\" content=\"Est. reading time\" \/>\n\t<meta name=\"twitter:data1\" content=\"1 minute\" \/>\n<script type=\"application\/ld+json\" class=\"yoast-schema-graph\">{\"@context\":\"https:\/\/schema.org\",\"@graph\":[{\"@type\":\"WebPage\",\"@id\":\"https:\/\/techmasterdemexico.com\/producto\/manual-cmm-crysta-plus-m-574-500-x-700-x-400-mm\/\",\"url\":\"https:\/\/techmasterdemexico.com\/producto\/manual-cmm-crysta-plus-m-574-500-x-700-x-400-mm\/\",\"name\":\"Manual CMM, Crysta-Plus M 574, 500 x 700 x 400 mm - Techmaster de Mexico\",\"isPartOf\":{\"@id\":\"https:\/\/techmasterdemexico.com\/#website\"},\"primaryImageOfPage\":{\"@id\":\"https:\/\/techmasterdemexico.com\/producto\/manual-cmm-crysta-plus-m-574-500-x-700-x-400-mm\/#primaryimage\"},\"image\":{\"@id\":\"https:\/\/techmasterdemexico.com\/producto\/manual-cmm-crysta-plus-m-574-500-x-700-x-400-mm\/#primaryimage\"},\"thumbnailUrl\":\"https:\/\/techmasterdemexico.com\/wp-content\/uploads\/2021\/10\/crysta_plus_m574_m_rechner_jpg.jpg\",\"datePublished\":\"2021-10-28T17:44:12+00:00\",\"dateModified\":\"2022-05-12T04:29:43+00:00\",\"breadcrumb\":{\"@id\":\"https:\/\/techmasterdemexico.com\/producto\/manual-cmm-crysta-plus-m-574-500-x-700-x-400-mm\/#breadcrumb\"},\"inLanguage\":\"en-US\",\"potentialAction\":[{\"@type\":\"ReadAction\",\"target\":[\"https:\/\/techmasterdemexico.com\/producto\/manual-cmm-crysta-plus-m-574-500-x-700-x-400-mm\/\"]}]},{\"@type\":\"ImageObject\",\"inLanguage\":\"en-US\",\"@id\":\"https:\/\/techmasterdemexico.com\/producto\/manual-cmm-crysta-plus-m-574-500-x-700-x-400-mm\/#primaryimage\",\"url\":\"https:\/\/techmasterdemexico.com\/wp-content\/uploads\/2021\/10\/crysta_plus_m574_m_rechner_jpg.jpg\",\"contentUrl\":\"https:\/\/techmasterdemexico.com\/wp-content\/uploads\/2021\/10\/crysta_plus_m574_m_rechner_jpg.jpg\",\"width\":800,\"height\":800},{\"@type\":\"BreadcrumbList\",\"@id\":\"https:\/\/techmasterdemexico.com\/producto\/manual-cmm-crysta-plus-m-574-500-x-700-x-400-mm\/#breadcrumb\",\"itemListElement\":[{\"@type\":\"ListItem\",\"position\":1,\"name\":\"Portada\",\"item\":\"https:\/\/techmasterdemexico.com\/\"},{\"@type\":\"ListItem\",\"position\":2,\"name\":\"Manual CMM, Crysta-Plus M 574, 500 x 700 x 400 mm\"}]},{\"@type\":\"WebSite\",\"@id\":\"https:\/\/techmasterdemexico.com\/#website\",\"url\":\"https:\/\/techmasterdemexico.com\/\",\"name\":\"Techmaster de Mexico\",\"description\":\"\",\"potentialAction\":[{\"@type\":\"SearchAction\",\"target\":{\"@type\":\"EntryPoint\",\"urlTemplate\":\"https:\/\/techmasterdemexico.com\/?s={search_term_string}\"},\"query-input\":{\"@type\":\"PropertyValueSpecification\",\"valueRequired\":true,\"valueName\":\"search_term_string\"}}],\"inLanguage\":\"en-US\"}]}<\/script>\n<!-- \/ Yoast SEO plugin. -->","yoast_head_json":{"title":"Manual CMM, Crysta-Plus M 574, 500 x 700 x 400 mm - Techmaster de Mexico","robots":{"index":"index","follow":"follow","max-snippet":"max-snippet:-1","max-image-preview":"max-image-preview:large","max-video-preview":"max-video-preview:-1"},"canonical":"https:\/\/techmasterdemexico.com\/producto\/manual-cmm-crysta-plus-m-574-500-x-700-x-400-mm\/","og_locale":"en_US","og_type":"article","og_title":"Manual CMM, Crysta-Plus M 574, 500 x 700 x 400 mm - Techmaster de Mexico","og_description":"Modelo: CRYSTA-PLUS M574  Range: 500 x 700 x 400 mm  Observaciones: Without temperature compensation  Peso: 646 [kg]","og_url":"https:\/\/techmasterdemexico.com\/producto\/manual-cmm-crysta-plus-m-574-500-x-700-x-400-mm\/","og_site_name":"Techmaster de Mexico","article_modified_time":"2022-05-12T04:29:43+00:00","og_image":[{"width":800,"height":800,"url":"https:\/\/techmasterdemexico.com\/wp-content\/uploads\/2021\/10\/crysta_plus_m574_m_rechner_jpg.jpg","type":"image\/jpeg"}],"twitter_card":"summary_large_image","twitter_misc":{"Est. reading time":"1 minute"},"schema":{"@context":"https:\/\/schema.org","@graph":[{"@type":"WebPage","@id":"https:\/\/techmasterdemexico.com\/producto\/manual-cmm-crysta-plus-m-574-500-x-700-x-400-mm\/","url":"https:\/\/techmasterdemexico.com\/producto\/manual-cmm-crysta-plus-m-574-500-x-700-x-400-mm\/","name":"Manual CMM, Crysta-Plus M 574, 500 x 700 x 400 mm - Techmaster de Mexico","isPartOf":{"@id":"https:\/\/techmasterdemexico.com\/#website"},"primaryImageOfPage":{"@id":"https:\/\/techmasterdemexico.com\/producto\/manual-cmm-crysta-plus-m-574-500-x-700-x-400-mm\/#primaryimage"},"image":{"@id":"https:\/\/techmasterdemexico.com\/producto\/manual-cmm-crysta-plus-m-574-500-x-700-x-400-mm\/#primaryimage"},"thumbnailUrl":"https:\/\/techmasterdemexico.com\/wp-content\/uploads\/2021\/10\/crysta_plus_m574_m_rechner_jpg.jpg","datePublished":"2021-10-28T17:44:12+00:00","dateModified":"2022-05-12T04:29:43+00:00","breadcrumb":{"@id":"https:\/\/techmasterdemexico.com\/producto\/manual-cmm-crysta-plus-m-574-500-x-700-x-400-mm\/#breadcrumb"},"inLanguage":"en-US","potentialAction":[{"@type":"ReadAction","target":["https:\/\/techmasterdemexico.com\/producto\/manual-cmm-crysta-plus-m-574-500-x-700-x-400-mm\/"]}]},{"@type":"ImageObject","inLanguage":"en-US","@id":"https:\/\/techmasterdemexico.com\/producto\/manual-cmm-crysta-plus-m-574-500-x-700-x-400-mm\/#primaryimage","url":"https:\/\/techmasterdemexico.com\/wp-content\/uploads\/2021\/10\/crysta_plus_m574_m_rechner_jpg.jpg","contentUrl":"https:\/\/techmasterdemexico.com\/wp-content\/uploads\/2021\/10\/crysta_plus_m574_m_rechner_jpg.jpg","width":800,"height":800},{"@type":"BreadcrumbList","@id":"https:\/\/techmasterdemexico.com\/producto\/manual-cmm-crysta-plus-m-574-500-x-700-x-400-mm\/#breadcrumb","itemListElement":[{"@type":"ListItem","position":1,"name":"Portada","item":"https:\/\/techmasterdemexico.com\/"},{"@type":"ListItem","position":2,"name":"Manual CMM, Crysta-Plus M 574, 500 x 700 x 400 mm"}]},{"@type":"WebSite","@id":"https:\/\/techmasterdemexico.com\/#website","url":"https:\/\/techmasterdemexico.com\/","name":"Techmaster de Mexico","description":"","potentialAction":[{"@type":"SearchAction","target":{"@type":"EntryPoint","urlTemplate":"https:\/\/techmasterdemexico.com\/?s={search_term_string}"},"query-input":{"@type":"PropertyValueSpecification","valueRequired":true,"valueName":"search_term_string"}}],"inLanguage":"en-US"}]}},"brands":[{"id":39,"name":"Mitutoyo","slug":"mitutoyo"}],"_links":{"self":[{"href":"https:\/\/techmasterdemexico.com\/en\/wp-json\/wp\/v2\/product\/10524","targetHints":{"allow":["GET"]}}],"collection":[{"href":"https:\/\/techmasterdemexico.com\/en\/wp-json\/wp\/v2\/product"}],"about":[{"href":"https:\/\/techmasterdemexico.com\/en\/wp-json\/wp\/v2\/types\/product"}],"wp:featuredmedia":[{"embeddable":true,"href":"https:\/\/techmasterdemexico.com\/en\/wp-json\/wp\/v2\/media\/11258"}],"wp:attachment":[{"href":"https:\/\/techmasterdemexico.com\/en\/wp-json\/wp\/v2\/media?parent=10524"}],"wp:term":[{"taxonomy":"pwb-brand","embeddable":true,"href":"https:\/\/techmasterdemexico.com\/en\/wp-json\/wp\/v2\/pwb-brand?post=10524"},{"taxonomy":"product_brand","embeddable":true,"href":"https:\/\/techmasterdemexico.com\/en\/wp-json\/wp\/v2\/product_brand?post=10524"},{"taxonomy":"product_cat","embeddable":true,"href":"https:\/\/techmasterdemexico.com\/en\/wp-json\/wp\/v2\/product_cat?post=10524"},{"taxonomy":"product_tag","embeddable":true,"href":"https:\/\/techmasterdemexico.com\/en\/wp-json\/wp\/v2\/product_tag?post=10524"}],"curies":[{"name":"wp","href":"https:\/\/api.w.org\/{rel}","templated":true}]}}