{"id":10477,"date":"2021-10-28T17:43:45","date_gmt":"2021-10-28T17:43:45","guid":{"rendered":"https:\/\/techmastermx.ddns.net\/producto\/unidad-de-regla-digimatic-horizontal-300-mm\/"},"modified":"2022-05-12T04:31:07","modified_gmt":"2022-05-12T04:31:07","slug":"unidad-de-regla-digimatic-horizontal-300-mm","status":"publish","type":"product","link":"https:\/\/techmasterdemexico.com\/en\/producto\/unidad-de-regla-digimatic-horizontal-300-mm\/","title":{"rendered":"Unidad de regla DIGIMATIC &#8211; Horizontal 300 mm"},"content":{"rendered":"<ul>\n<li>Escala de tipo capacitiva ABSOLUTE .<\/li>\n<li>El punto ZERO se ajusta una sola vez y se almacena como punto ZERO absoluto hasta el siguiente cambio de bater\u00eda<\/li>\n<li>La m\u00e1s alta precisi\u00f3n de medici\u00f3n, incluso a la mayor velocidad de la unidad.<\/li>\n<li>Gran visualizaci\u00f3n de caracteres para facil lectura.<\/li>\n<\/ul>\n","protected":false},"excerpt":{"rendered":"<ul>\n<li class=\"p1\">Rango: 0 &#8211; 300\u00a0mm<\/li>\n<li class=\"p1\">Precisi\u00f3n: 0,04 mm<\/li>\n<li class=\"p1\">Peso: 370\u00a0g<\/li>\n<li class=\"p1\">Velocidad m\u00e1x. de respuesta: Ilimitado<\/li>\n<li class=\"p1\">Entregado: Una bater\u00eda<\/li>\n<li class=\"p1\">ON\/OFF: Si<\/li>\n<li class=\"p1\">Aviso bater\u00eda baja: Si<\/li>\n<li class=\"p1\">Salida de datos: Si<\/li>\n<li class=\"p1\">Puesta a cero: Si<\/li>\n<li class=\"p1\">ORIGEN: Si<\/li>\n<li class=\"p1\">Metrica-pulgadas: M\u00e9trica<\/li>\n<\/ul>\n","protected":false},"featured_media":11204,"template":"","meta":{"_acf_changed":false},"pwb-brand":[39],"product_brand":[],"product_cat":[366,306,38,309],"product_tag":[],"class_list":{"0":"post-10477","1":"product","2":"type-product","3":"status-publish","4":"has-post-thumbnail","6":"pwb-brand-mitutoyo","7":"product_cat-todos-los-productos","8":"product_cat-escalas","9":"product_cat-mitutoyo","10":"product_cat-regletas-de-montaje","12":"first","13":"instock","14":"taxable","15":"shipping-taxable","16":"product-type-simple"},"acf":[],"yoast_head":"<!-- This site is optimized with the Yoast SEO plugin v27.3 - https:\/\/yoast.com\/product\/yoast-seo-wordpress\/ -->\n<title>Unidad de regla DIGIMATIC - Horizontal 300 mm - Techmaster de Mexico<\/title>\n<meta name=\"robots\" content=\"index, follow, max-snippet:-1, max-image-preview:large, max-video-preview:-1\" \/>\n<link rel=\"canonical\" href=\"https:\/\/techmasterdemexico.com\/producto\/unidad-de-regla-digimatic-horizontal-300-mm\/\" \/>\n<meta property=\"og:locale\" content=\"en_US\" \/>\n<meta property=\"og:type\" content=\"article\" \/>\n<meta property=\"og:title\" content=\"Unidad de regla DIGIMATIC - Horizontal 300 mm - Techmaster de Mexico\" \/>\n<meta property=\"og:description\" content=\"Rango: 0 - 300\u00a0mm  Precisi\u00f3n: 0,04 mm  Peso: 370\u00a0g  Velocidad m\u00e1x. de respuesta: Ilimitado  Entregado: Una bater\u00eda  ON\/OFF: Si  Aviso bater\u00eda baja: Si  Salida de datos: Si  Puesta a cero: Si  ORIGEN: Si  Metrica-pulgadas: M\u00e9trica\" \/>\n<meta property=\"og:url\" content=\"https:\/\/techmasterdemexico.com\/producto\/unidad-de-regla-digimatic-horizontal-300-mm\/\" \/>\n<meta property=\"og:site_name\" content=\"Techmaster de Mexico\" \/>\n<meta property=\"article:modified_time\" content=\"2022-05-12T04:31:07+00:00\" \/>\n<meta property=\"og:image\" content=\"https:\/\/techmasterdemexico.com\/wp-content\/uploads\/2021\/10\/sd-ax_572-202-30_s_psd.jpg\" \/>\n\t<meta property=\"og:image:width\" content=\"800\" \/>\n\t<meta property=\"og:image:height\" content=\"800\" \/>\n\t<meta property=\"og:image:type\" content=\"image\/jpeg\" \/>\n<meta name=\"twitter:card\" content=\"summary_large_image\" \/>\n<script type=\"application\/ld+json\" class=\"yoast-schema-graph\">{\"@context\":\"https:\\\/\\\/schema.org\",\"@graph\":[{\"@type\":\"WebPage\",\"@id\":\"https:\\\/\\\/techmasterdemexico.com\\\/producto\\\/unidad-de-regla-digimatic-horizontal-300-mm\\\/\",\"url\":\"https:\\\/\\\/techmasterdemexico.com\\\/producto\\\/unidad-de-regla-digimatic-horizontal-300-mm\\\/\",\"name\":\"Unidad de regla DIGIMATIC - Horizontal 300 mm - Techmaster de Mexico\",\"isPartOf\":{\"@id\":\"https:\\\/\\\/techmasterdemexico.com\\\/#website\"},\"primaryImageOfPage\":{\"@id\":\"https:\\\/\\\/techmasterdemexico.com\\\/producto\\\/unidad-de-regla-digimatic-horizontal-300-mm\\\/#primaryimage\"},\"image\":{\"@id\":\"https:\\\/\\\/techmasterdemexico.com\\\/producto\\\/unidad-de-regla-digimatic-horizontal-300-mm\\\/#primaryimage\"},\"thumbnailUrl\":\"https:\\\/\\\/techmasterdemexico.com\\\/wp-content\\\/uploads\\\/2021\\\/10\\\/sd-ax_572-202-30_s_psd.jpg\",\"datePublished\":\"2021-10-28T17:43:45+00:00\",\"dateModified\":\"2022-05-12T04:31:07+00:00\",\"breadcrumb\":{\"@id\":\"https:\\\/\\\/techmasterdemexico.com\\\/producto\\\/unidad-de-regla-digimatic-horizontal-300-mm\\\/#breadcrumb\"},\"inLanguage\":\"en-US\",\"potentialAction\":[{\"@type\":\"ReadAction\",\"target\":[\"https:\\\/\\\/techmasterdemexico.com\\\/producto\\\/unidad-de-regla-digimatic-horizontal-300-mm\\\/\"]}]},{\"@type\":\"ImageObject\",\"inLanguage\":\"en-US\",\"@id\":\"https:\\\/\\\/techmasterdemexico.com\\\/producto\\\/unidad-de-regla-digimatic-horizontal-300-mm\\\/#primaryimage\",\"url\":\"https:\\\/\\\/techmasterdemexico.com\\\/wp-content\\\/uploads\\\/2021\\\/10\\\/sd-ax_572-202-30_s_psd.jpg\",\"contentUrl\":\"https:\\\/\\\/techmasterdemexico.com\\\/wp-content\\\/uploads\\\/2021\\\/10\\\/sd-ax_572-202-30_s_psd.jpg\",\"width\":800,\"height\":800},{\"@type\":\"BreadcrumbList\",\"@id\":\"https:\\\/\\\/techmasterdemexico.com\\\/producto\\\/unidad-de-regla-digimatic-horizontal-300-mm\\\/#breadcrumb\",\"itemListElement\":[{\"@type\":\"ListItem\",\"position\":1,\"name\":\"Portada\",\"item\":\"https:\\\/\\\/techmasterdemexico.com\\\/\"},{\"@type\":\"ListItem\",\"position\":2,\"name\":\"Unidad de regla DIGIMATIC &#8211; Horizontal 300 mm\"}]},{\"@type\":\"WebSite\",\"@id\":\"https:\\\/\\\/techmasterdemexico.com\\\/#website\",\"url\":\"https:\\\/\\\/techmasterdemexico.com\\\/\",\"name\":\"Techmaster de Mexico\",\"description\":\"\",\"potentialAction\":[{\"@type\":\"SearchAction\",\"target\":{\"@type\":\"EntryPoint\",\"urlTemplate\":\"https:\\\/\\\/techmasterdemexico.com\\\/?s={search_term_string}\"},\"query-input\":{\"@type\":\"PropertyValueSpecification\",\"valueRequired\":true,\"valueName\":\"search_term_string\"}}],\"inLanguage\":\"en-US\"}]}<\/script>\n<!-- \/ Yoast SEO plugin. -->","yoast_head_json":{"title":"Unidad de regla DIGIMATIC - Horizontal 300 mm - Techmaster de Mexico","robots":{"index":"index","follow":"follow","max-snippet":"max-snippet:-1","max-image-preview":"max-image-preview:large","max-video-preview":"max-video-preview:-1"},"canonical":"https:\/\/techmasterdemexico.com\/producto\/unidad-de-regla-digimatic-horizontal-300-mm\/","og_locale":"en_US","og_type":"article","og_title":"Unidad de regla DIGIMATIC - Horizontal 300 mm - Techmaster de Mexico","og_description":"Rango: 0 - 300\u00a0mm  Precisi\u00f3n: 0,04 mm  Peso: 370\u00a0g  Velocidad m\u00e1x. de respuesta: Ilimitado  Entregado: Una bater\u00eda  ON\/OFF: Si  Aviso bater\u00eda baja: Si  Salida de datos: Si  Puesta a cero: Si  ORIGEN: Si  Metrica-pulgadas: M\u00e9trica","og_url":"https:\/\/techmasterdemexico.com\/producto\/unidad-de-regla-digimatic-horizontal-300-mm\/","og_site_name":"Techmaster de Mexico","article_modified_time":"2022-05-12T04:31:07+00:00","og_image":[{"width":800,"height":800,"url":"https:\/\/techmasterdemexico.com\/wp-content\/uploads\/2021\/10\/sd-ax_572-202-30_s_psd.jpg","type":"image\/jpeg"}],"twitter_card":"summary_large_image","schema":{"@context":"https:\/\/schema.org","@graph":[{"@type":"WebPage","@id":"https:\/\/techmasterdemexico.com\/producto\/unidad-de-regla-digimatic-horizontal-300-mm\/","url":"https:\/\/techmasterdemexico.com\/producto\/unidad-de-regla-digimatic-horizontal-300-mm\/","name":"Unidad de regla DIGIMATIC - Horizontal 300 mm - Techmaster de Mexico","isPartOf":{"@id":"https:\/\/techmasterdemexico.com\/#website"},"primaryImageOfPage":{"@id":"https:\/\/techmasterdemexico.com\/producto\/unidad-de-regla-digimatic-horizontal-300-mm\/#primaryimage"},"image":{"@id":"https:\/\/techmasterdemexico.com\/producto\/unidad-de-regla-digimatic-horizontal-300-mm\/#primaryimage"},"thumbnailUrl":"https:\/\/techmasterdemexico.com\/wp-content\/uploads\/2021\/10\/sd-ax_572-202-30_s_psd.jpg","datePublished":"2021-10-28T17:43:45+00:00","dateModified":"2022-05-12T04:31:07+00:00","breadcrumb":{"@id":"https:\/\/techmasterdemexico.com\/producto\/unidad-de-regla-digimatic-horizontal-300-mm\/#breadcrumb"},"inLanguage":"en-US","potentialAction":[{"@type":"ReadAction","target":["https:\/\/techmasterdemexico.com\/producto\/unidad-de-regla-digimatic-horizontal-300-mm\/"]}]},{"@type":"ImageObject","inLanguage":"en-US","@id":"https:\/\/techmasterdemexico.com\/producto\/unidad-de-regla-digimatic-horizontal-300-mm\/#primaryimage","url":"https:\/\/techmasterdemexico.com\/wp-content\/uploads\/2021\/10\/sd-ax_572-202-30_s_psd.jpg","contentUrl":"https:\/\/techmasterdemexico.com\/wp-content\/uploads\/2021\/10\/sd-ax_572-202-30_s_psd.jpg","width":800,"height":800},{"@type":"BreadcrumbList","@id":"https:\/\/techmasterdemexico.com\/producto\/unidad-de-regla-digimatic-horizontal-300-mm\/#breadcrumb","itemListElement":[{"@type":"ListItem","position":1,"name":"Portada","item":"https:\/\/techmasterdemexico.com\/"},{"@type":"ListItem","position":2,"name":"Unidad de regla DIGIMATIC &#8211; Horizontal 300 mm"}]},{"@type":"WebSite","@id":"https:\/\/techmasterdemexico.com\/#website","url":"https:\/\/techmasterdemexico.com\/","name":"Techmaster de Mexico","description":"","potentialAction":[{"@type":"SearchAction","target":{"@type":"EntryPoint","urlTemplate":"https:\/\/techmasterdemexico.com\/?s={search_term_string}"},"query-input":{"@type":"PropertyValueSpecification","valueRequired":true,"valueName":"search_term_string"}}],"inLanguage":"en-US"}]}},"brands":[{"id":39,"name":"Mitutoyo","slug":"mitutoyo"}],"_links":{"self":[{"href":"https:\/\/techmasterdemexico.com\/en\/wp-json\/wp\/v2\/product\/10477","targetHints":{"allow":["GET"]}}],"collection":[{"href":"https:\/\/techmasterdemexico.com\/en\/wp-json\/wp\/v2\/product"}],"about":[{"href":"https:\/\/techmasterdemexico.com\/en\/wp-json\/wp\/v2\/types\/product"}],"wp:featuredmedia":[{"embeddable":true,"href":"https:\/\/techmasterdemexico.com\/en\/wp-json\/wp\/v2\/media\/11204"}],"wp:attachment":[{"href":"https:\/\/techmasterdemexico.com\/en\/wp-json\/wp\/v2\/media?parent=10477"}],"wp:term":[{"taxonomy":"pwb-brand","embeddable":true,"href":"https:\/\/techmasterdemexico.com\/en\/wp-json\/wp\/v2\/pwb-brand?post=10477"},{"taxonomy":"product_brand","embeddable":true,"href":"https:\/\/techmasterdemexico.com\/en\/wp-json\/wp\/v2\/product_brand?post=10477"},{"taxonomy":"product_cat","embeddable":true,"href":"https:\/\/techmasterdemexico.com\/en\/wp-json\/wp\/v2\/product_cat?post=10477"},{"taxonomy":"product_tag","embeddable":true,"href":"https:\/\/techmasterdemexico.com\/en\/wp-json\/wp\/v2\/product_tag?post=10477"}],"curies":[{"name":"wp","href":"https:\/\/api.w.org\/{rel}","templated":true}]}}