{"id":10470,"date":"2021-10-28T17:43:41","date_gmt":"2021-10-28T17:43:41","guid":{"rendered":"https:\/\/techmastermx.ddns.net\/producto\/regla-lineal-horizontal-absolute-digimatic-0-200mm-a-prueba-de-refrigerante\/"},"modified":"2022-05-12T04:31:39","modified_gmt":"2022-05-12T04:31:39","slug":"regla-lineal-horizontal-absolute-digimatic-0-200mm-a-prueba-de-refrigerante","status":"publish","type":"product","link":"https:\/\/techmasterdemexico.com\/en\/producto\/regla-lineal-horizontal-absolute-digimatic-0-200mm-a-prueba-de-refrigerante\/","title":{"rendered":"Regla lineal horizontal Absolute Digimatic 0-200mm a prueba de refrigerante"},"content":{"rendered":"<p>Regla lineal horizontal Absolute Digimatic 0-200mm a prueba de refrigerante<br \/>\n200 mm, Horizonatl, IP66<br \/>\nN\u00famero de art\u00edculo: 572-602<\/p>\n<p>&nbsp;<\/p>\n<ul>\n<li>El nuevo m\u00e9todo de detecci\u00f3n empleado (inducci\u00f3n electromagn\u00e9tica) permite su uso en entornos adversos con agua y aceite de corte.<\/li>\n<li>Los cables de salida de datos con conexi\u00f3n estanca, est\u00e1n desarrollados para mantener la estructura resistente al agua. No hay error por exceso de velocidad, ya que utiliza una escala ABSOLUTE.<\/li>\n<li>Una vez que el punto cero absoluto (origen) est\u00e1 establecido, la\u00a0regla Digimatic muestra la distancia absoluta a partir de este punto cuando se enciende, en lugar de &#8220;0.00&#8221;.<\/li>\n<li>Protecci\u00f3n IP66.<\/li>\n<\/ul>\n","protected":false},"excerpt":{"rendered":"<ul>\n<li class=\"p1\">Rango: 0 &#8211; 200\u00a0mm<\/li>\n<li class=\"p1\">Precisi\u00f3n: 0,03 mm<\/li>\n<li class=\"p1\">Peso: 430\u00a0g<\/li>\n<li class=\"p1\">Velocidad m\u00e1x. de respuesta: Ilimitado<\/li>\n<li class=\"p1\">Repetibilidad mm: 0,01\u00a0mm<\/li>\n<li class=\"p1\">ORIGIN (puesta a cero ABS): Si<\/li>\n<li class=\"p1\">Aviso bater\u00eda baja: Si<\/li>\n<li class=\"p1\">Salida de datos: Si<\/li>\n<li class=\"p1\">Metrica-pulgadas: M\u00e9trica<\/li>\n<\/ul>\n","protected":false},"featured_media":11207,"template":"","meta":{"_acf_changed":false},"pwb-brand":[39],"product_brand":[],"product_cat":[366,306,38,309],"product_tag":[],"class_list":{"0":"post-10470","1":"product","2":"type-product","3":"status-publish","4":"has-post-thumbnail","6":"pwb-brand-mitutoyo","7":"product_cat-todos-los-productos","8":"product_cat-escalas","9":"product_cat-mitutoyo","10":"product_cat-regletas-de-montaje","12":"first","13":"instock","14":"taxable","15":"shipping-taxable","16":"product-type-simple"},"acf":[],"yoast_head":"<!-- This site is optimized with the Yoast SEO plugin v27.3 - https:\/\/yoast.com\/product\/yoast-seo-wordpress\/ -->\n<title>Regla lineal horizontal Absolute Digimatic 0-200mm a prueba de refrigerante - Techmaster de Mexico<\/title>\n<meta name=\"robots\" content=\"index, follow, max-snippet:-1, max-image-preview:large, max-video-preview:-1\" \/>\n<link rel=\"canonical\" href=\"https:\/\/techmasterdemexico.com\/producto\/regla-lineal-horizontal-absolute-digimatic-0-200mm-a-prueba-de-refrigerante\/\" \/>\n<meta property=\"og:locale\" content=\"en_US\" \/>\n<meta property=\"og:type\" content=\"article\" \/>\n<meta property=\"og:title\" content=\"Regla lineal horizontal Absolute Digimatic 0-200mm a prueba de refrigerante - Techmaster de Mexico\" \/>\n<meta property=\"og:description\" content=\"Rango: 0 - 200\u00a0mm  Precisi\u00f3n: 0,03 mm  Peso: 430\u00a0g  Velocidad m\u00e1x. de respuesta: Ilimitado  Repetibilidad mm: 0,01\u00a0mm  ORIGIN (puesta a cero ABS): Si  Aviso bater\u00eda baja: Si  Salida de datos: Si  Metrica-pulgadas: M\u00e9trica\" \/>\n<meta property=\"og:url\" content=\"https:\/\/techmasterdemexico.com\/producto\/regla-lineal-horizontal-absolute-digimatic-0-200mm-a-prueba-de-refrigerante\/\" \/>\n<meta property=\"og:site_name\" content=\"Techmaster de Mexico\" \/>\n<meta property=\"article:modified_time\" content=\"2022-05-12T04:31:39+00:00\" \/>\n<meta property=\"og:image\" content=\"https:\/\/techmasterdemexico.com\/wp-content\/uploads\/2021\/10\/572-601_z_eps.jpg\" \/>\n\t<meta property=\"og:image:width\" content=\"800\" \/>\n\t<meta property=\"og:image:height\" content=\"800\" \/>\n\t<meta property=\"og:image:type\" content=\"image\/jpeg\" \/>\n<meta name=\"twitter:card\" content=\"summary_large_image\" \/>\n<meta name=\"twitter:label1\" content=\"Est. reading time\" \/>\n\t<meta name=\"twitter:data1\" content=\"1 minute\" \/>\n<script type=\"application\/ld+json\" class=\"yoast-schema-graph\">{\"@context\":\"https:\\\/\\\/schema.org\",\"@graph\":[{\"@type\":\"WebPage\",\"@id\":\"https:\\\/\\\/techmasterdemexico.com\\\/producto\\\/regla-lineal-horizontal-absolute-digimatic-0-200mm-a-prueba-de-refrigerante\\\/\",\"url\":\"https:\\\/\\\/techmasterdemexico.com\\\/producto\\\/regla-lineal-horizontal-absolute-digimatic-0-200mm-a-prueba-de-refrigerante\\\/\",\"name\":\"Regla lineal horizontal Absolute Digimatic 0-200mm a prueba de refrigerante - Techmaster de Mexico\",\"isPartOf\":{\"@id\":\"https:\\\/\\\/techmasterdemexico.com\\\/#website\"},\"primaryImageOfPage\":{\"@id\":\"https:\\\/\\\/techmasterdemexico.com\\\/producto\\\/regla-lineal-horizontal-absolute-digimatic-0-200mm-a-prueba-de-refrigerante\\\/#primaryimage\"},\"image\":{\"@id\":\"https:\\\/\\\/techmasterdemexico.com\\\/producto\\\/regla-lineal-horizontal-absolute-digimatic-0-200mm-a-prueba-de-refrigerante\\\/#primaryimage\"},\"thumbnailUrl\":\"https:\\\/\\\/techmasterdemexico.com\\\/wp-content\\\/uploads\\\/2021\\\/10\\\/572-601_z_eps.jpg\",\"datePublished\":\"2021-10-28T17:43:41+00:00\",\"dateModified\":\"2022-05-12T04:31:39+00:00\",\"breadcrumb\":{\"@id\":\"https:\\\/\\\/techmasterdemexico.com\\\/producto\\\/regla-lineal-horizontal-absolute-digimatic-0-200mm-a-prueba-de-refrigerante\\\/#breadcrumb\"},\"inLanguage\":\"en-US\",\"potentialAction\":[{\"@type\":\"ReadAction\",\"target\":[\"https:\\\/\\\/techmasterdemexico.com\\\/producto\\\/regla-lineal-horizontal-absolute-digimatic-0-200mm-a-prueba-de-refrigerante\\\/\"]}]},{\"@type\":\"ImageObject\",\"inLanguage\":\"en-US\",\"@id\":\"https:\\\/\\\/techmasterdemexico.com\\\/producto\\\/regla-lineal-horizontal-absolute-digimatic-0-200mm-a-prueba-de-refrigerante\\\/#primaryimage\",\"url\":\"https:\\\/\\\/techmasterdemexico.com\\\/wp-content\\\/uploads\\\/2021\\\/10\\\/572-601_z_eps.jpg\",\"contentUrl\":\"https:\\\/\\\/techmasterdemexico.com\\\/wp-content\\\/uploads\\\/2021\\\/10\\\/572-601_z_eps.jpg\",\"width\":800,\"height\":800},{\"@type\":\"BreadcrumbList\",\"@id\":\"https:\\\/\\\/techmasterdemexico.com\\\/producto\\\/regla-lineal-horizontal-absolute-digimatic-0-200mm-a-prueba-de-refrigerante\\\/#breadcrumb\",\"itemListElement\":[{\"@type\":\"ListItem\",\"position\":1,\"name\":\"Portada\",\"item\":\"https:\\\/\\\/techmasterdemexico.com\\\/\"},{\"@type\":\"ListItem\",\"position\":2,\"name\":\"Regla lineal horizontal Absolute Digimatic 0-200mm a prueba de refrigerante\"}]},{\"@type\":\"WebSite\",\"@id\":\"https:\\\/\\\/techmasterdemexico.com\\\/#website\",\"url\":\"https:\\\/\\\/techmasterdemexico.com\\\/\",\"name\":\"Techmaster de Mexico\",\"description\":\"\",\"potentialAction\":[{\"@type\":\"SearchAction\",\"target\":{\"@type\":\"EntryPoint\",\"urlTemplate\":\"https:\\\/\\\/techmasterdemexico.com\\\/?s={search_term_string}\"},\"query-input\":{\"@type\":\"PropertyValueSpecification\",\"valueRequired\":true,\"valueName\":\"search_term_string\"}}],\"inLanguage\":\"en-US\"}]}<\/script>\n<!-- \/ Yoast SEO plugin. -->","yoast_head_json":{"title":"Regla lineal horizontal Absolute Digimatic 0-200mm a prueba de refrigerante - Techmaster de Mexico","robots":{"index":"index","follow":"follow","max-snippet":"max-snippet:-1","max-image-preview":"max-image-preview:large","max-video-preview":"max-video-preview:-1"},"canonical":"https:\/\/techmasterdemexico.com\/producto\/regla-lineal-horizontal-absolute-digimatic-0-200mm-a-prueba-de-refrigerante\/","og_locale":"en_US","og_type":"article","og_title":"Regla lineal horizontal Absolute Digimatic 0-200mm a prueba de refrigerante - Techmaster de Mexico","og_description":"Rango: 0 - 200\u00a0mm  Precisi\u00f3n: 0,03 mm  Peso: 430\u00a0g  Velocidad m\u00e1x. de respuesta: Ilimitado  Repetibilidad mm: 0,01\u00a0mm  ORIGIN (puesta a cero ABS): Si  Aviso bater\u00eda baja: Si  Salida de datos: Si  Metrica-pulgadas: M\u00e9trica","og_url":"https:\/\/techmasterdemexico.com\/producto\/regla-lineal-horizontal-absolute-digimatic-0-200mm-a-prueba-de-refrigerante\/","og_site_name":"Techmaster de Mexico","article_modified_time":"2022-05-12T04:31:39+00:00","og_image":[{"width":800,"height":800,"url":"https:\/\/techmasterdemexico.com\/wp-content\/uploads\/2021\/10\/572-601_z_eps.jpg","type":"image\/jpeg"}],"twitter_card":"summary_large_image","twitter_misc":{"Est. reading time":"1 minute"},"schema":{"@context":"https:\/\/schema.org","@graph":[{"@type":"WebPage","@id":"https:\/\/techmasterdemexico.com\/producto\/regla-lineal-horizontal-absolute-digimatic-0-200mm-a-prueba-de-refrigerante\/","url":"https:\/\/techmasterdemexico.com\/producto\/regla-lineal-horizontal-absolute-digimatic-0-200mm-a-prueba-de-refrigerante\/","name":"Regla lineal horizontal Absolute Digimatic 0-200mm a prueba de refrigerante - Techmaster de Mexico","isPartOf":{"@id":"https:\/\/techmasterdemexico.com\/#website"},"primaryImageOfPage":{"@id":"https:\/\/techmasterdemexico.com\/producto\/regla-lineal-horizontal-absolute-digimatic-0-200mm-a-prueba-de-refrigerante\/#primaryimage"},"image":{"@id":"https:\/\/techmasterdemexico.com\/producto\/regla-lineal-horizontal-absolute-digimatic-0-200mm-a-prueba-de-refrigerante\/#primaryimage"},"thumbnailUrl":"https:\/\/techmasterdemexico.com\/wp-content\/uploads\/2021\/10\/572-601_z_eps.jpg","datePublished":"2021-10-28T17:43:41+00:00","dateModified":"2022-05-12T04:31:39+00:00","breadcrumb":{"@id":"https:\/\/techmasterdemexico.com\/producto\/regla-lineal-horizontal-absolute-digimatic-0-200mm-a-prueba-de-refrigerante\/#breadcrumb"},"inLanguage":"en-US","potentialAction":[{"@type":"ReadAction","target":["https:\/\/techmasterdemexico.com\/producto\/regla-lineal-horizontal-absolute-digimatic-0-200mm-a-prueba-de-refrigerante\/"]}]},{"@type":"ImageObject","inLanguage":"en-US","@id":"https:\/\/techmasterdemexico.com\/producto\/regla-lineal-horizontal-absolute-digimatic-0-200mm-a-prueba-de-refrigerante\/#primaryimage","url":"https:\/\/techmasterdemexico.com\/wp-content\/uploads\/2021\/10\/572-601_z_eps.jpg","contentUrl":"https:\/\/techmasterdemexico.com\/wp-content\/uploads\/2021\/10\/572-601_z_eps.jpg","width":800,"height":800},{"@type":"BreadcrumbList","@id":"https:\/\/techmasterdemexico.com\/producto\/regla-lineal-horizontal-absolute-digimatic-0-200mm-a-prueba-de-refrigerante\/#breadcrumb","itemListElement":[{"@type":"ListItem","position":1,"name":"Portada","item":"https:\/\/techmasterdemexico.com\/"},{"@type":"ListItem","position":2,"name":"Regla lineal horizontal Absolute Digimatic 0-200mm a prueba de refrigerante"}]},{"@type":"WebSite","@id":"https:\/\/techmasterdemexico.com\/#website","url":"https:\/\/techmasterdemexico.com\/","name":"Techmaster de Mexico","description":"","potentialAction":[{"@type":"SearchAction","target":{"@type":"EntryPoint","urlTemplate":"https:\/\/techmasterdemexico.com\/?s={search_term_string}"},"query-input":{"@type":"PropertyValueSpecification","valueRequired":true,"valueName":"search_term_string"}}],"inLanguage":"en-US"}]}},"brands":[{"id":39,"name":"Mitutoyo","slug":"mitutoyo"}],"_links":{"self":[{"href":"https:\/\/techmasterdemexico.com\/en\/wp-json\/wp\/v2\/product\/10470","targetHints":{"allow":["GET"]}}],"collection":[{"href":"https:\/\/techmasterdemexico.com\/en\/wp-json\/wp\/v2\/product"}],"about":[{"href":"https:\/\/techmasterdemexico.com\/en\/wp-json\/wp\/v2\/types\/product"}],"wp:featuredmedia":[{"embeddable":true,"href":"https:\/\/techmasterdemexico.com\/en\/wp-json\/wp\/v2\/media\/11207"}],"wp:attachment":[{"href":"https:\/\/techmasterdemexico.com\/en\/wp-json\/wp\/v2\/media?parent=10470"}],"wp:term":[{"taxonomy":"pwb-brand","embeddable":true,"href":"https:\/\/techmasterdemexico.com\/en\/wp-json\/wp\/v2\/pwb-brand?post=10470"},{"taxonomy":"product_brand","embeddable":true,"href":"https:\/\/techmasterdemexico.com\/en\/wp-json\/wp\/v2\/product_brand?post=10470"},{"taxonomy":"product_cat","embeddable":true,"href":"https:\/\/techmasterdemexico.com\/en\/wp-json\/wp\/v2\/product_cat?post=10470"},{"taxonomy":"product_tag","embeddable":true,"href":"https:\/\/techmasterdemexico.com\/en\/wp-json\/wp\/v2\/product_tag?post=10470"}],"curies":[{"name":"wp","href":"https:\/\/api.w.org\/{rel}","templated":true}]}}