{"id":10451,"date":"2021-10-28T17:43:30","date_gmt":"2021-10-28T17:43:30","guid":{"rendered":"https:\/\/techmastermx.ddns.net\/producto\/unidad-de-regla-digimatic-1000-mm-40-con-funcion-diametro\/"},"modified":"2022-05-12T04:32:20","modified_gmt":"2022-05-12T04:32:20","slug":"unidad-de-regla-digimatic-1000-mm-40-con-funcion-diametro","status":"publish","type":"product","link":"https:\/\/techmasterdemexico.com\/en\/producto\/unidad-de-regla-digimatic-1000-mm-40-con-funcion-diametro\/","title":{"rendered":"Unidad de regla DIGIMATIC 1000 mm\/40&#8243; con funci\u00f3n di\u00e1metro"},"content":{"rendered":"<p>Unidad de regla DIGIMATIC &#8211; Horizontal con funci\u00f3n de di\u00e1metro<br \/>\n1000mm\/40&#8243;, Horizontal<br \/>\nN\u00famero de art\u00edculo: 572-497-10<\/p>\n<p>&nbsp;<\/p>\n<ul>\n<li>El punto ZERO s\u00f3lo se establece una vez y se almacena como punto ABSOLUTE ZERO hasta el siguiente cambio de bater\u00eda.<\/li>\n<li>La m\u00e1s alta precisi\u00f3n de medici\u00f3n por, incluso a m\u00e1xima velocidad.<\/li>\n<\/ul>\n","protected":false},"excerpt":{"rendered":"<ul>\n<li class=\"p1\">Precisi\u00f3n: 0,07 mm\/0.0025&#8243;<\/li>\n<li class=\"p1\">Peso: 2040\u00a0g<\/li>\n<li class=\"p1\">Max. Velocidad de respuesta: Ilimitado<\/li>\n<li class=\"p1\">Entregado: Una bater\u00eda<\/li>\n<li class=\"p1\">ON\/OFF: Si<\/li>\n<li class=\"p1\">DATA (output with cable) \/ HOLD (display value): Si<\/li>\n<li class=\"p1\">Aviso bater\u00eda baja: Si<\/li>\n<li class=\"p1\">Salida de datos: Si<\/li>\n<li class=\"p1\">Puesta a cero: Si<\/li>\n<li class=\"p1\">PRESET: Si<\/li>\n<li class=\"p1\">Funci\u00f3n de diametro: Si<\/li>\n<li class=\"p1\">ORIGEN: Si<\/li>\n<li class=\"p1\">Funciones: Horizontal y multi-funcional con funci\u00f3n de visualizaci\u00f3n de di\u00e1metros<\/li>\n<li class=\"p1\">Metrica-pulgadas: Inch\/m\u00e9trica<\/li>\n<\/ul>\n","protected":false},"featured_media":11213,"template":"","meta":{"_acf_changed":false},"pwb-brand":[39],"product_brand":[],"product_cat":[366,306,38,309],"product_tag":[],"class_list":{"0":"post-10451","1":"product","2":"type-product","3":"status-publish","4":"has-post-thumbnail","6":"pwb-brand-mitutoyo","7":"product_cat-todos-los-productos","8":"product_cat-escalas","9":"product_cat-mitutoyo","10":"product_cat-regletas-de-montaje","12":"first","13":"instock","14":"taxable","15":"shipping-taxable","16":"product-type-simple"},"acf":[],"yoast_head":"<!-- This site is optimized with the Yoast SEO plugin v27.3 - https:\/\/yoast.com\/product\/yoast-seo-wordpress\/ -->\n<title>Unidad de regla DIGIMATIC 1000 mm\/40&quot; con funci\u00f3n di\u00e1metro - Techmaster de Mexico<\/title>\n<meta name=\"robots\" content=\"index, follow, max-snippet:-1, max-image-preview:large, max-video-preview:-1\" \/>\n<link rel=\"canonical\" href=\"https:\/\/techmasterdemexico.com\/producto\/unidad-de-regla-digimatic-1000-mm-40-con-funcion-diametro\/\" \/>\n<meta property=\"og:locale\" content=\"en_US\" \/>\n<meta property=\"og:type\" content=\"article\" \/>\n<meta property=\"og:title\" content=\"Unidad de regla DIGIMATIC 1000 mm\/40&quot; con funci\u00f3n di\u00e1metro - Techmaster de Mexico\" \/>\n<meta property=\"og:description\" content=\"Precisi\u00f3n: 0,07 mm\/0.0025&quot;  Peso: 2040\u00a0g  Max. Velocidad de respuesta: Ilimitado  Entregado: Una bater\u00eda  ON\/OFF: Si  DATA (output with cable) \/ HOLD (display value): Si  Aviso bater\u00eda baja: Si  Salida de datos: Si  Puesta a cero: Si  PRESET: Si  Funci\u00f3n de diametro: Si  ORIGEN: Si  Funciones: Horizontal y multi-funcional con funci\u00f3n de visualizaci\u00f3n de di\u00e1metros  Metrica-pulgadas: Inch\/m\u00e9trica\" \/>\n<meta property=\"og:url\" content=\"https:\/\/techmasterdemexico.com\/producto\/unidad-de-regla-digimatic-1000-mm-40-con-funcion-diametro\/\" \/>\n<meta property=\"og:site_name\" content=\"Techmaster de Mexico\" \/>\n<meta property=\"article:modified_time\" content=\"2022-05-12T04:32:20+00:00\" \/>\n<meta property=\"og:image\" content=\"https:\/\/techmasterdemexico.com\/wp-content\/uploads\/2021\/10\/sd-f_horizontal_jpg.jpg\" \/>\n\t<meta property=\"og:image:width\" content=\"800\" \/>\n\t<meta property=\"og:image:height\" content=\"800\" \/>\n\t<meta property=\"og:image:type\" content=\"image\/jpeg\" \/>\n<meta name=\"twitter:card\" content=\"summary_large_image\" \/>\n<script type=\"application\/ld+json\" class=\"yoast-schema-graph\">{\"@context\":\"https:\\\/\\\/schema.org\",\"@graph\":[{\"@type\":\"WebPage\",\"@id\":\"https:\\\/\\\/techmasterdemexico.com\\\/producto\\\/unidad-de-regla-digimatic-1000-mm-40-con-funcion-diametro\\\/\",\"url\":\"https:\\\/\\\/techmasterdemexico.com\\\/producto\\\/unidad-de-regla-digimatic-1000-mm-40-con-funcion-diametro\\\/\",\"name\":\"Unidad de regla DIGIMATIC 1000 mm\\\/40\\\" con funci\u00f3n di\u00e1metro - Techmaster de Mexico\",\"isPartOf\":{\"@id\":\"https:\\\/\\\/techmasterdemexico.com\\\/#website\"},\"primaryImageOfPage\":{\"@id\":\"https:\\\/\\\/techmasterdemexico.com\\\/producto\\\/unidad-de-regla-digimatic-1000-mm-40-con-funcion-diametro\\\/#primaryimage\"},\"image\":{\"@id\":\"https:\\\/\\\/techmasterdemexico.com\\\/producto\\\/unidad-de-regla-digimatic-1000-mm-40-con-funcion-diametro\\\/#primaryimage\"},\"thumbnailUrl\":\"https:\\\/\\\/techmasterdemexico.com\\\/wp-content\\\/uploads\\\/2021\\\/10\\\/sd-f_horizontal_jpg.jpg\",\"datePublished\":\"2021-10-28T17:43:30+00:00\",\"dateModified\":\"2022-05-12T04:32:20+00:00\",\"breadcrumb\":{\"@id\":\"https:\\\/\\\/techmasterdemexico.com\\\/producto\\\/unidad-de-regla-digimatic-1000-mm-40-con-funcion-diametro\\\/#breadcrumb\"},\"inLanguage\":\"en-US\",\"potentialAction\":[{\"@type\":\"ReadAction\",\"target\":[\"https:\\\/\\\/techmasterdemexico.com\\\/producto\\\/unidad-de-regla-digimatic-1000-mm-40-con-funcion-diametro\\\/\"]}]},{\"@type\":\"ImageObject\",\"inLanguage\":\"en-US\",\"@id\":\"https:\\\/\\\/techmasterdemexico.com\\\/producto\\\/unidad-de-regla-digimatic-1000-mm-40-con-funcion-diametro\\\/#primaryimage\",\"url\":\"https:\\\/\\\/techmasterdemexico.com\\\/wp-content\\\/uploads\\\/2021\\\/10\\\/sd-f_horizontal_jpg.jpg\",\"contentUrl\":\"https:\\\/\\\/techmasterdemexico.com\\\/wp-content\\\/uploads\\\/2021\\\/10\\\/sd-f_horizontal_jpg.jpg\",\"width\":800,\"height\":800},{\"@type\":\"BreadcrumbList\",\"@id\":\"https:\\\/\\\/techmasterdemexico.com\\\/producto\\\/unidad-de-regla-digimatic-1000-mm-40-con-funcion-diametro\\\/#breadcrumb\",\"itemListElement\":[{\"@type\":\"ListItem\",\"position\":1,\"name\":\"Portada\",\"item\":\"https:\\\/\\\/techmasterdemexico.com\\\/\"},{\"@type\":\"ListItem\",\"position\":2,\"name\":\"Unidad de regla DIGIMATIC 1000 mm\\\/40&#8243; con funci\u00f3n di\u00e1metro\"}]},{\"@type\":\"WebSite\",\"@id\":\"https:\\\/\\\/techmasterdemexico.com\\\/#website\",\"url\":\"https:\\\/\\\/techmasterdemexico.com\\\/\",\"name\":\"Techmaster de Mexico\",\"description\":\"\",\"potentialAction\":[{\"@type\":\"SearchAction\",\"target\":{\"@type\":\"EntryPoint\",\"urlTemplate\":\"https:\\\/\\\/techmasterdemexico.com\\\/?s={search_term_string}\"},\"query-input\":{\"@type\":\"PropertyValueSpecification\",\"valueRequired\":true,\"valueName\":\"search_term_string\"}}],\"inLanguage\":\"en-US\"}]}<\/script>\n<!-- \/ Yoast SEO plugin. -->","yoast_head_json":{"title":"Unidad de regla DIGIMATIC 1000 mm\/40\" con funci\u00f3n di\u00e1metro - Techmaster de Mexico","robots":{"index":"index","follow":"follow","max-snippet":"max-snippet:-1","max-image-preview":"max-image-preview:large","max-video-preview":"max-video-preview:-1"},"canonical":"https:\/\/techmasterdemexico.com\/producto\/unidad-de-regla-digimatic-1000-mm-40-con-funcion-diametro\/","og_locale":"en_US","og_type":"article","og_title":"Unidad de regla DIGIMATIC 1000 mm\/40\" con funci\u00f3n di\u00e1metro - Techmaster de Mexico","og_description":"Precisi\u00f3n: 0,07 mm\/0.0025\"  Peso: 2040\u00a0g  Max. Velocidad de respuesta: Ilimitado  Entregado: Una bater\u00eda  ON\/OFF: Si  DATA (output with cable) \/ HOLD (display value): Si  Aviso bater\u00eda baja: Si  Salida de datos: Si  Puesta a cero: Si  PRESET: Si  Funci\u00f3n de diametro: Si  ORIGEN: Si  Funciones: Horizontal y multi-funcional con funci\u00f3n de visualizaci\u00f3n de di\u00e1metros  Metrica-pulgadas: Inch\/m\u00e9trica","og_url":"https:\/\/techmasterdemexico.com\/producto\/unidad-de-regla-digimatic-1000-mm-40-con-funcion-diametro\/","og_site_name":"Techmaster de Mexico","article_modified_time":"2022-05-12T04:32:20+00:00","og_image":[{"width":800,"height":800,"url":"https:\/\/techmasterdemexico.com\/wp-content\/uploads\/2021\/10\/sd-f_horizontal_jpg.jpg","type":"image\/jpeg"}],"twitter_card":"summary_large_image","schema":{"@context":"https:\/\/schema.org","@graph":[{"@type":"WebPage","@id":"https:\/\/techmasterdemexico.com\/producto\/unidad-de-regla-digimatic-1000-mm-40-con-funcion-diametro\/","url":"https:\/\/techmasterdemexico.com\/producto\/unidad-de-regla-digimatic-1000-mm-40-con-funcion-diametro\/","name":"Unidad de regla DIGIMATIC 1000 mm\/40\" con funci\u00f3n di\u00e1metro - Techmaster de Mexico","isPartOf":{"@id":"https:\/\/techmasterdemexico.com\/#website"},"primaryImageOfPage":{"@id":"https:\/\/techmasterdemexico.com\/producto\/unidad-de-regla-digimatic-1000-mm-40-con-funcion-diametro\/#primaryimage"},"image":{"@id":"https:\/\/techmasterdemexico.com\/producto\/unidad-de-regla-digimatic-1000-mm-40-con-funcion-diametro\/#primaryimage"},"thumbnailUrl":"https:\/\/techmasterdemexico.com\/wp-content\/uploads\/2021\/10\/sd-f_horizontal_jpg.jpg","datePublished":"2021-10-28T17:43:30+00:00","dateModified":"2022-05-12T04:32:20+00:00","breadcrumb":{"@id":"https:\/\/techmasterdemexico.com\/producto\/unidad-de-regla-digimatic-1000-mm-40-con-funcion-diametro\/#breadcrumb"},"inLanguage":"en-US","potentialAction":[{"@type":"ReadAction","target":["https:\/\/techmasterdemexico.com\/producto\/unidad-de-regla-digimatic-1000-mm-40-con-funcion-diametro\/"]}]},{"@type":"ImageObject","inLanguage":"en-US","@id":"https:\/\/techmasterdemexico.com\/producto\/unidad-de-regla-digimatic-1000-mm-40-con-funcion-diametro\/#primaryimage","url":"https:\/\/techmasterdemexico.com\/wp-content\/uploads\/2021\/10\/sd-f_horizontal_jpg.jpg","contentUrl":"https:\/\/techmasterdemexico.com\/wp-content\/uploads\/2021\/10\/sd-f_horizontal_jpg.jpg","width":800,"height":800},{"@type":"BreadcrumbList","@id":"https:\/\/techmasterdemexico.com\/producto\/unidad-de-regla-digimatic-1000-mm-40-con-funcion-diametro\/#breadcrumb","itemListElement":[{"@type":"ListItem","position":1,"name":"Portada","item":"https:\/\/techmasterdemexico.com\/"},{"@type":"ListItem","position":2,"name":"Unidad de regla DIGIMATIC 1000 mm\/40&#8243; con funci\u00f3n di\u00e1metro"}]},{"@type":"WebSite","@id":"https:\/\/techmasterdemexico.com\/#website","url":"https:\/\/techmasterdemexico.com\/","name":"Techmaster de Mexico","description":"","potentialAction":[{"@type":"SearchAction","target":{"@type":"EntryPoint","urlTemplate":"https:\/\/techmasterdemexico.com\/?s={search_term_string}"},"query-input":{"@type":"PropertyValueSpecification","valueRequired":true,"valueName":"search_term_string"}}],"inLanguage":"en-US"}]}},"brands":[{"id":39,"name":"Mitutoyo","slug":"mitutoyo"}],"_links":{"self":[{"href":"https:\/\/techmasterdemexico.com\/en\/wp-json\/wp\/v2\/product\/10451","targetHints":{"allow":["GET"]}}],"collection":[{"href":"https:\/\/techmasterdemexico.com\/en\/wp-json\/wp\/v2\/product"}],"about":[{"href":"https:\/\/techmasterdemexico.com\/en\/wp-json\/wp\/v2\/types\/product"}],"wp:featuredmedia":[{"embeddable":true,"href":"https:\/\/techmasterdemexico.com\/en\/wp-json\/wp\/v2\/media\/11213"}],"wp:attachment":[{"href":"https:\/\/techmasterdemexico.com\/en\/wp-json\/wp\/v2\/media?parent=10451"}],"wp:term":[{"taxonomy":"pwb-brand","embeddable":true,"href":"https:\/\/techmasterdemexico.com\/en\/wp-json\/wp\/v2\/pwb-brand?post=10451"},{"taxonomy":"product_brand","embeddable":true,"href":"https:\/\/techmasterdemexico.com\/en\/wp-json\/wp\/v2\/product_brand?post=10451"},{"taxonomy":"product_cat","embeddable":true,"href":"https:\/\/techmasterdemexico.com\/en\/wp-json\/wp\/v2\/product_cat?post=10451"},{"taxonomy":"product_tag","embeddable":true,"href":"https:\/\/techmasterdemexico.com\/en\/wp-json\/wp\/v2\/product_tag?post=10451"}],"curies":[{"name":"wp","href":"https:\/\/api.w.org\/{rel}","templated":true}]}}