{"id":10421,"date":"2021-10-28T17:43:13","date_gmt":"2021-10-28T17:43:13","guid":{"rendered":"https:\/\/techmastermx.ddns.net\/producto\/linear-scale-at402e-1140-mm-type-c-3mcable\/"},"modified":"2022-05-12T04:33:19","modified_gmt":"2022-05-12T04:33:19","slug":"linear-scale-at402e-1140-mm-type-c-3mcable","status":"publish","type":"product","link":"https:\/\/techmasterdemexico.com\/en\/producto\/linear-scale-at402e-1140-mm-type-c-3mcable\/","title":{"rendered":"Linear Scale AT402E 1140 mm, TYPE C 3MCABLE"},"content":{"rendered":"<p>Linear Scale AT402E<br \/>\n1140 mm, TYPE C 3MCABLE<br \/>\nN\u00famero de art\u00edculo: 539-382-03<\/p>\n<ul>\n<li>Resistencia a la vibraci\u00f3n \u00fanica de clase mundial (20 G) y resistencia al golpe (40 G) para uso con m\u00e1quina herramienta.<\/li>\n<li>Salida de se\u00f1al de 1Vpp\/20\u03bcm para alta conectividad con varios controladores de m\u00e1quinas.<\/li>\n<li>C\u00f3digo de Intervalo Absolute para un Sistema de Medici\u00f3n Absoluto.<\/li>\n<\/ul>\n","protected":false},"excerpt":{"rendered":"<ul>\n<li>Rango efectivo: 1140 mm<\/li>\n<li>Periodo de se\u00f1al \u00b5m: 20 \u00b5m<\/li>\n<li>Max. Velocidad de desplazamiento: 120 m\/min<\/li>\n<li>Salida formato de onda: Dos 90\u00ba se\u00f1ales sinusoidales de desplazamiento de fase (1 Vpp)<\/li>\n<li>Funciones: Con cable C (-03)<\/li>\n<\/ul>\n","protected":false},"featured_media":11148,"template":"","meta":{"_acf_changed":false},"pwb-brand":[39],"product_brand":[],"product_cat":[366,306,38,308],"product_tag":[],"class_list":{"0":"post-10421","1":"product","2":"type-product","3":"status-publish","4":"has-post-thumbnail","6":"pwb-brand-mitutoyo","7":"product_cat-todos-los-productos","8":"product_cat-escalas","9":"product_cat-mitutoyo","10":"product_cat-reglas-nc","12":"first","13":"instock","14":"taxable","15":"shipping-taxable","16":"product-type-simple"},"acf":[],"yoast_head":"<!-- This site is optimized with the Yoast SEO plugin v27.4 - https:\/\/yoast.com\/product\/yoast-seo-wordpress\/ -->\n<title>Linear Scale AT402E 1140 mm, TYPE C 3MCABLE - Techmaster de Mexico<\/title>\n<meta name=\"robots\" content=\"index, follow, max-snippet:-1, max-image-preview:large, max-video-preview:-1\" \/>\n<link rel=\"canonical\" href=\"https:\/\/techmasterdemexico.com\/producto\/linear-scale-at402e-1140-mm-type-c-3mcable\/\" \/>\n<meta property=\"og:locale\" content=\"en_US\" \/>\n<meta property=\"og:type\" content=\"article\" \/>\n<meta property=\"og:title\" content=\"Linear Scale AT402E 1140 mm, TYPE C 3MCABLE - Techmaster de Mexico\" \/>\n<meta property=\"og:description\" content=\"Rango efectivo: 1140 mm  Periodo de se\u00f1al \u00b5m: 20 \u00b5m  Max. Velocidad de desplazamiento: 120 m\/min  Salida formato de onda: Dos 90\u00ba se\u00f1ales sinusoidales de desplazamiento de fase (1 Vpp)  Funciones: Con cable C (-03)\" \/>\n<meta property=\"og:url\" content=\"https:\/\/techmasterdemexico.com\/producto\/linear-scale-at402e-1140-mm-type-c-3mcable\/\" \/>\n<meta property=\"og:site_name\" content=\"Techmaster de Mexico\" \/>\n<meta property=\"article:modified_time\" content=\"2022-05-12T04:33:19+00:00\" \/>\n<meta property=\"og:image\" content=\"https:\/\/techmasterdemexico.com\/wp-content\/uploads\/2021\/10\/539-371.jpg\" \/>\n\t<meta property=\"og:image:width\" content=\"700\" \/>\n\t<meta property=\"og:image:height\" content=\"700\" \/>\n\t<meta property=\"og:image:type\" content=\"image\/jpeg\" \/>\n<meta name=\"twitter:card\" content=\"summary_large_image\" \/>\n<script type=\"application\/ld+json\" class=\"yoast-schema-graph\">{\"@context\":\"https:\\\/\\\/schema.org\",\"@graph\":[{\"@type\":\"WebPage\",\"@id\":\"https:\\\/\\\/techmasterdemexico.com\\\/producto\\\/linear-scale-at402e-1140-mm-type-c-3mcable\\\/\",\"url\":\"https:\\\/\\\/techmasterdemexico.com\\\/producto\\\/linear-scale-at402e-1140-mm-type-c-3mcable\\\/\",\"name\":\"Linear Scale AT402E 1140 mm, TYPE C 3MCABLE - Techmaster de Mexico\",\"isPartOf\":{\"@id\":\"https:\\\/\\\/techmasterdemexico.com\\\/#website\"},\"primaryImageOfPage\":{\"@id\":\"https:\\\/\\\/techmasterdemexico.com\\\/producto\\\/linear-scale-at402e-1140-mm-type-c-3mcable\\\/#primaryimage\"},\"image\":{\"@id\":\"https:\\\/\\\/techmasterdemexico.com\\\/producto\\\/linear-scale-at402e-1140-mm-type-c-3mcable\\\/#primaryimage\"},\"thumbnailUrl\":\"https:\\\/\\\/techmasterdemexico.com\\\/wp-content\\\/uploads\\\/2021\\\/10\\\/539-371.jpg\",\"datePublished\":\"2021-10-28T17:43:13+00:00\",\"dateModified\":\"2022-05-12T04:33:19+00:00\",\"breadcrumb\":{\"@id\":\"https:\\\/\\\/techmasterdemexico.com\\\/producto\\\/linear-scale-at402e-1140-mm-type-c-3mcable\\\/#breadcrumb\"},\"inLanguage\":\"en-US\",\"potentialAction\":[{\"@type\":\"ReadAction\",\"target\":[\"https:\\\/\\\/techmasterdemexico.com\\\/producto\\\/linear-scale-at402e-1140-mm-type-c-3mcable\\\/\"]}]},{\"@type\":\"ImageObject\",\"inLanguage\":\"en-US\",\"@id\":\"https:\\\/\\\/techmasterdemexico.com\\\/producto\\\/linear-scale-at402e-1140-mm-type-c-3mcable\\\/#primaryimage\",\"url\":\"https:\\\/\\\/techmasterdemexico.com\\\/wp-content\\\/uploads\\\/2021\\\/10\\\/539-371.jpg\",\"contentUrl\":\"https:\\\/\\\/techmasterdemexico.com\\\/wp-content\\\/uploads\\\/2021\\\/10\\\/539-371.jpg\",\"width\":700,\"height\":700},{\"@type\":\"BreadcrumbList\",\"@id\":\"https:\\\/\\\/techmasterdemexico.com\\\/producto\\\/linear-scale-at402e-1140-mm-type-c-3mcable\\\/#breadcrumb\",\"itemListElement\":[{\"@type\":\"ListItem\",\"position\":1,\"name\":\"Portada\",\"item\":\"https:\\\/\\\/techmasterdemexico.com\\\/\"},{\"@type\":\"ListItem\",\"position\":2,\"name\":\"Linear Scale AT402E 1140 mm, TYPE C 3MCABLE\"}]},{\"@type\":\"WebSite\",\"@id\":\"https:\\\/\\\/techmasterdemexico.com\\\/#website\",\"url\":\"https:\\\/\\\/techmasterdemexico.com\\\/\",\"name\":\"Techmaster de Mexico\",\"description\":\"\",\"potentialAction\":[{\"@type\":\"SearchAction\",\"target\":{\"@type\":\"EntryPoint\",\"urlTemplate\":\"https:\\\/\\\/techmasterdemexico.com\\\/?s={search_term_string}\"},\"query-input\":{\"@type\":\"PropertyValueSpecification\",\"valueRequired\":true,\"valueName\":\"search_term_string\"}}],\"inLanguage\":\"en-US\"}]}<\/script>\n<!-- \/ Yoast SEO plugin. -->","yoast_head_json":{"title":"Linear Scale AT402E 1140 mm, TYPE C 3MCABLE - Techmaster de Mexico","robots":{"index":"index","follow":"follow","max-snippet":"max-snippet:-1","max-image-preview":"max-image-preview:large","max-video-preview":"max-video-preview:-1"},"canonical":"https:\/\/techmasterdemexico.com\/producto\/linear-scale-at402e-1140-mm-type-c-3mcable\/","og_locale":"en_US","og_type":"article","og_title":"Linear Scale AT402E 1140 mm, TYPE C 3MCABLE - Techmaster de Mexico","og_description":"Rango efectivo: 1140 mm  Periodo de se\u00f1al \u00b5m: 20 \u00b5m  Max. Velocidad de desplazamiento: 120 m\/min  Salida formato de onda: Dos 90\u00ba se\u00f1ales sinusoidales de desplazamiento de fase (1 Vpp)  Funciones: Con cable C (-03)","og_url":"https:\/\/techmasterdemexico.com\/producto\/linear-scale-at402e-1140-mm-type-c-3mcable\/","og_site_name":"Techmaster de Mexico","article_modified_time":"2022-05-12T04:33:19+00:00","og_image":[{"width":700,"height":700,"url":"https:\/\/techmasterdemexico.com\/wp-content\/uploads\/2021\/10\/539-371.jpg","type":"image\/jpeg"}],"twitter_card":"summary_large_image","schema":{"@context":"https:\/\/schema.org","@graph":[{"@type":"WebPage","@id":"https:\/\/techmasterdemexico.com\/producto\/linear-scale-at402e-1140-mm-type-c-3mcable\/","url":"https:\/\/techmasterdemexico.com\/producto\/linear-scale-at402e-1140-mm-type-c-3mcable\/","name":"Linear Scale AT402E 1140 mm, TYPE C 3MCABLE - Techmaster de Mexico","isPartOf":{"@id":"https:\/\/techmasterdemexico.com\/#website"},"primaryImageOfPage":{"@id":"https:\/\/techmasterdemexico.com\/producto\/linear-scale-at402e-1140-mm-type-c-3mcable\/#primaryimage"},"image":{"@id":"https:\/\/techmasterdemexico.com\/producto\/linear-scale-at402e-1140-mm-type-c-3mcable\/#primaryimage"},"thumbnailUrl":"https:\/\/techmasterdemexico.com\/wp-content\/uploads\/2021\/10\/539-371.jpg","datePublished":"2021-10-28T17:43:13+00:00","dateModified":"2022-05-12T04:33:19+00:00","breadcrumb":{"@id":"https:\/\/techmasterdemexico.com\/producto\/linear-scale-at402e-1140-mm-type-c-3mcable\/#breadcrumb"},"inLanguage":"en-US","potentialAction":[{"@type":"ReadAction","target":["https:\/\/techmasterdemexico.com\/producto\/linear-scale-at402e-1140-mm-type-c-3mcable\/"]}]},{"@type":"ImageObject","inLanguage":"en-US","@id":"https:\/\/techmasterdemexico.com\/producto\/linear-scale-at402e-1140-mm-type-c-3mcable\/#primaryimage","url":"https:\/\/techmasterdemexico.com\/wp-content\/uploads\/2021\/10\/539-371.jpg","contentUrl":"https:\/\/techmasterdemexico.com\/wp-content\/uploads\/2021\/10\/539-371.jpg","width":700,"height":700},{"@type":"BreadcrumbList","@id":"https:\/\/techmasterdemexico.com\/producto\/linear-scale-at402e-1140-mm-type-c-3mcable\/#breadcrumb","itemListElement":[{"@type":"ListItem","position":1,"name":"Portada","item":"https:\/\/techmasterdemexico.com\/"},{"@type":"ListItem","position":2,"name":"Linear Scale AT402E 1140 mm, TYPE C 3MCABLE"}]},{"@type":"WebSite","@id":"https:\/\/techmasterdemexico.com\/#website","url":"https:\/\/techmasterdemexico.com\/","name":"Techmaster de Mexico","description":"","potentialAction":[{"@type":"SearchAction","target":{"@type":"EntryPoint","urlTemplate":"https:\/\/techmasterdemexico.com\/?s={search_term_string}"},"query-input":{"@type":"PropertyValueSpecification","valueRequired":true,"valueName":"search_term_string"}}],"inLanguage":"en-US"}]}},"brands":[{"id":39,"name":"Mitutoyo","slug":"mitutoyo"}],"_links":{"self":[{"href":"https:\/\/techmasterdemexico.com\/en\/wp-json\/wp\/v2\/product\/10421","targetHints":{"allow":["GET"]}}],"collection":[{"href":"https:\/\/techmasterdemexico.com\/en\/wp-json\/wp\/v2\/product"}],"about":[{"href":"https:\/\/techmasterdemexico.com\/en\/wp-json\/wp\/v2\/types\/product"}],"wp:featuredmedia":[{"embeddable":true,"href":"https:\/\/techmasterdemexico.com\/en\/wp-json\/wp\/v2\/media\/11148"}],"wp:attachment":[{"href":"https:\/\/techmasterdemexico.com\/en\/wp-json\/wp\/v2\/media?parent=10421"}],"wp:term":[{"taxonomy":"pwb-brand","embeddable":true,"href":"https:\/\/techmasterdemexico.com\/en\/wp-json\/wp\/v2\/pwb-brand?post=10421"},{"taxonomy":"product_brand","embeddable":true,"href":"https:\/\/techmasterdemexico.com\/en\/wp-json\/wp\/v2\/product_brand?post=10421"},{"taxonomy":"product_cat","embeddable":true,"href":"https:\/\/techmasterdemexico.com\/en\/wp-json\/wp\/v2\/product_cat?post=10421"},{"taxonomy":"product_tag","embeddable":true,"href":"https:\/\/techmasterdemexico.com\/en\/wp-json\/wp\/v2\/product_tag?post=10421"}],"curies":[{"name":"wp","href":"https:\/\/api.w.org\/{rel}","templated":true}]}}