{"id":10405,"date":"2021-10-28T17:43:01","date_gmt":"2021-10-28T17:43:01","guid":{"rendered":"https:\/\/techmastermx.ddns.net\/producto\/linear-scale-counter-ka-212\/"},"modified":"2022-05-12T04:33:56","modified_gmt":"2022-05-12T04:33:56","slug":"linear-scale-counter-ka-212","status":"publish","type":"product","link":"https:\/\/techmasterdemexico.com\/en\/producto\/linear-scale-counter-ka-212\/","title":{"rendered":"Linear Scale Counter KA-212"},"content":{"rendered":"<p>Linear Scale Counter KA-212<br \/>\nN\u00famero de art\u00edculo: 174-183E<\/p>\n<p>&nbsp;<\/p>\n<p>Contador digital para Reglas de captaci\u00f3n lineal &#8220;Linear Scale&#8221;<\/p>\n","protected":false},"excerpt":{"rendered":"<ul>\n<li>Ejes:<br \/>\n2<\/li>\n<li>Peso :<br \/>\n1.25 kg<\/li>\n<li>Visualizador:<br \/>\n7 segmentos, 8 d\u00edgitos + signo +<br \/>\nAlfabeto de 8 caracteres LED monitor<\/li>\n<li>Dimensiones (AnchoxAltoxLargo):<br \/>\n300 x 70 x 167 mm mm<\/li>\n<li>Resoluci\u00f3n:<br \/>\nCon Serie AT100: 0,05 &#8211; 0 mm, con AT715: 0,01 &#8211; 0,001 mm<\/li>\n<li>Temperatura de trabajo:<br \/>\n0\u00b0C to 45\u00b0C<\/li>\n<li>Funciones Macro:<br \/>\nTaladrado rectangular y fresado circular (reci\u00e9n a\u00f1adido)<\/li>\n<li>Aplicaciones generales:<br \/>\nVisualizaci\u00f3n de la velocidad de alimentaci\u00f3n; cirio funci\u00f3n de mecanizado; herramienta datos; multi-punto compensaci\u00f3n; control de escala funci\u00f3n; c\u00e1lculo funci\u00f3n<\/li>\n<li>Salidas (opcional):<br \/>\nRS-232C \/ USB<\/li>\n<li>Puesta a cero:<br \/>\nSi<\/li>\n<li>PRESET:<br \/>\nSi<\/li>\n<li>Visualizador de di\u00e1metros:<br \/>\nSi<\/li>\n<li>C\u00e1lculo 1\/2:<br \/>\nSi<\/li>\n<li>Conversi\u00f3n mm\/pulgadas:<br \/>\nSi<\/li>\n<li>Secuencia de proceso de un agujero:<br \/>\nSi<\/li>\n<li>Puntos de referencia de la escala:<br \/>\nSi<\/li>\n<li>Compensaci\u00f3n de error lineal:<br \/>\nSi<\/li>\n<li>Funci\u00f3n de aproximaci\u00f3n a cero (modo incremental):<br \/>\nSi<\/li>\n<li>Funci\u00f3n adici\u00f3n de lectura 2 reglas:<br \/>\nSi<\/li>\n<li>Cambio a sistema de coordenadas:<br \/>\nSi<\/li>\n<li>Mensaje de error:<br \/>\nSi<\/li>\n<li>Eliminaci\u00f3n de d\u00edgito inestable:<br \/>\nSi<\/li>\n<li>Definici\u00f3n de direcci\u00f3n de medida:<br \/>\nSi<\/li>\n<li>Backup de memoria:<br \/>\nSi<\/li>\n<li>Ajuste de paso:<br \/>\nSi<\/li>\n<li>Ajuste de resoluci\u00f3n:<br \/>\nSi<\/li>\n<li>Desbastado:<br \/>\nSi<\/li>\n<li>Fuente<br \/>\nalimentaci\u00f3n:<br \/>\n100-240V-AC 50\/60 Hz<\/li>\n<\/ul>\n","protected":false},"featured_media":11162,"template":"","meta":{"_acf_changed":false},"pwb-brand":[39],"product_brand":[],"product_cat":[366,307,306,38],"product_tag":[],"class_list":{"0":"post-10405","1":"product","2":"type-product","3":"status-publish","4":"has-post-thumbnail","6":"pwb-brand-mitutoyo","7":"product_cat-todos-los-productos","8":"product_cat-captadores-lineales","9":"product_cat-escalas","10":"product_cat-mitutoyo","12":"first","13":"instock","14":"taxable","15":"shipping-taxable","16":"product-type-simple"},"acf":[],"yoast_head":"<!-- This site is optimized with the Yoast SEO plugin v27.4 - https:\/\/yoast.com\/product\/yoast-seo-wordpress\/ -->\n<title>Linear Scale Counter KA-212 - Techmaster de Mexico<\/title>\n<meta name=\"robots\" content=\"index, follow, max-snippet:-1, max-image-preview:large, max-video-preview:-1\" \/>\n<link rel=\"canonical\" href=\"https:\/\/techmasterdemexico.com\/producto\/linear-scale-counter-ka-212\/\" \/>\n<meta property=\"og:locale\" content=\"en_US\" \/>\n<meta property=\"og:type\" content=\"article\" \/>\n<meta property=\"og:title\" content=\"Linear Scale Counter KA-212 - Techmaster de Mexico\" \/>\n<meta property=\"og:description\" content=\"Ejes: 2  Peso : 1.25 kg  Visualizador: 7 segmentos, 8 d\u00edgitos + signo + Alfabeto de 8 caracteres LED monitor  Dimensiones (AnchoxAltoxLargo): 300 x 70 x 167 mm mm  Resoluci\u00f3n: Con Serie AT100: 0,05 - 0 mm, con AT715: 0,01 - 0,001 mm  Temperatura de trabajo: 0\u00b0C to 45\u00b0C  Funciones Macro: Taladrado rectangular y fresado circular (reci\u00e9n a\u00f1adido)  Aplicaciones generales: Visualizaci\u00f3n de la velocidad de alimentaci\u00f3n; cirio funci\u00f3n de mecanizado; herramienta datos; multi-punto compensaci\u00f3n; control de escala funci\u00f3n; c\u00e1lculo funci\u00f3n  Salidas (opcional): RS-232C \/ USB  Puesta a cero: Si  PRESET: Si  Visualizador de di\u00e1metros: Si  C\u00e1lculo 1\/2: Si  Conversi\u00f3n mm\/pulgadas: Si  Secuencia de proceso de un agujero: Si  Puntos de referencia de la escala: Si  Compensaci\u00f3n de error lineal: Si  Funci\u00f3n de aproximaci\u00f3n a cero (modo incremental): Si  Funci\u00f3n adici\u00f3n de lectura 2 reglas: Si  Cambio a sistema de coordenadas: Si  Mensaje de error: Si  Eliminaci\u00f3n de d\u00edgito inestable: Si  Definici\u00f3n de direcci\u00f3n de medida: Si  Backup de memoria: Si  Ajuste de paso: Si  Ajuste de resoluci\u00f3n: Si  Desbastado: Si  Fuente alimentaci\u00f3n: 100-240V-AC 50\/60 Hz\" \/>\n<meta property=\"og:url\" content=\"https:\/\/techmasterdemexico.com\/producto\/linear-scale-counter-ka-212\/\" \/>\n<meta property=\"og:site_name\" content=\"Techmaster de Mexico\" \/>\n<meta property=\"article:modified_time\" content=\"2022-05-12T04:33:56+00:00\" \/>\n<meta property=\"og:image\" content=\"https:\/\/techmasterdemexico.com\/wp-content\/uploads\/2021\/10\/174-183E.jpg\" \/>\n\t<meta property=\"og:image:width\" content=\"800\" \/>\n\t<meta property=\"og:image:height\" content=\"800\" \/>\n\t<meta property=\"og:image:type\" content=\"image\/jpeg\" \/>\n<meta name=\"twitter:card\" content=\"summary_large_image\" \/>\n<script type=\"application\/ld+json\" class=\"yoast-schema-graph\">{\"@context\":\"https:\\\/\\\/schema.org\",\"@graph\":[{\"@type\":\"WebPage\",\"@id\":\"https:\\\/\\\/techmasterdemexico.com\\\/producto\\\/linear-scale-counter-ka-212\\\/\",\"url\":\"https:\\\/\\\/techmasterdemexico.com\\\/producto\\\/linear-scale-counter-ka-212\\\/\",\"name\":\"Linear Scale Counter KA-212 - Techmaster de Mexico\",\"isPartOf\":{\"@id\":\"https:\\\/\\\/techmasterdemexico.com\\\/#website\"},\"primaryImageOfPage\":{\"@id\":\"https:\\\/\\\/techmasterdemexico.com\\\/producto\\\/linear-scale-counter-ka-212\\\/#primaryimage\"},\"image\":{\"@id\":\"https:\\\/\\\/techmasterdemexico.com\\\/producto\\\/linear-scale-counter-ka-212\\\/#primaryimage\"},\"thumbnailUrl\":\"https:\\\/\\\/techmasterdemexico.com\\\/wp-content\\\/uploads\\\/2021\\\/10\\\/174-183E.jpg\",\"datePublished\":\"2021-10-28T17:43:01+00:00\",\"dateModified\":\"2022-05-12T04:33:56+00:00\",\"breadcrumb\":{\"@id\":\"https:\\\/\\\/techmasterdemexico.com\\\/producto\\\/linear-scale-counter-ka-212\\\/#breadcrumb\"},\"inLanguage\":\"en-US\",\"potentialAction\":[{\"@type\":\"ReadAction\",\"target\":[\"https:\\\/\\\/techmasterdemexico.com\\\/producto\\\/linear-scale-counter-ka-212\\\/\"]}]},{\"@type\":\"ImageObject\",\"inLanguage\":\"en-US\",\"@id\":\"https:\\\/\\\/techmasterdemexico.com\\\/producto\\\/linear-scale-counter-ka-212\\\/#primaryimage\",\"url\":\"https:\\\/\\\/techmasterdemexico.com\\\/wp-content\\\/uploads\\\/2021\\\/10\\\/174-183E.jpg\",\"contentUrl\":\"https:\\\/\\\/techmasterdemexico.com\\\/wp-content\\\/uploads\\\/2021\\\/10\\\/174-183E.jpg\",\"width\":800,\"height\":800},{\"@type\":\"BreadcrumbList\",\"@id\":\"https:\\\/\\\/techmasterdemexico.com\\\/producto\\\/linear-scale-counter-ka-212\\\/#breadcrumb\",\"itemListElement\":[{\"@type\":\"ListItem\",\"position\":1,\"name\":\"Portada\",\"item\":\"https:\\\/\\\/techmasterdemexico.com\\\/\"},{\"@type\":\"ListItem\",\"position\":2,\"name\":\"Linear Scale Counter KA-212\"}]},{\"@type\":\"WebSite\",\"@id\":\"https:\\\/\\\/techmasterdemexico.com\\\/#website\",\"url\":\"https:\\\/\\\/techmasterdemexico.com\\\/\",\"name\":\"Techmaster de Mexico\",\"description\":\"\",\"potentialAction\":[{\"@type\":\"SearchAction\",\"target\":{\"@type\":\"EntryPoint\",\"urlTemplate\":\"https:\\\/\\\/techmasterdemexico.com\\\/?s={search_term_string}\"},\"query-input\":{\"@type\":\"PropertyValueSpecification\",\"valueRequired\":true,\"valueName\":\"search_term_string\"}}],\"inLanguage\":\"en-US\"}]}<\/script>\n<!-- \/ Yoast SEO plugin. -->","yoast_head_json":{"title":"Linear Scale Counter KA-212 - Techmaster de Mexico","robots":{"index":"index","follow":"follow","max-snippet":"max-snippet:-1","max-image-preview":"max-image-preview:large","max-video-preview":"max-video-preview:-1"},"canonical":"https:\/\/techmasterdemexico.com\/producto\/linear-scale-counter-ka-212\/","og_locale":"en_US","og_type":"article","og_title":"Linear Scale Counter KA-212 - Techmaster de Mexico","og_description":"Ejes: 2  Peso : 1.25 kg  Visualizador: 7 segmentos, 8 d\u00edgitos + signo + Alfabeto de 8 caracteres LED monitor  Dimensiones (AnchoxAltoxLargo): 300 x 70 x 167 mm mm  Resoluci\u00f3n: Con Serie AT100: 0,05 - 0 mm, con AT715: 0,01 - 0,001 mm  Temperatura de trabajo: 0\u00b0C to 45\u00b0C  Funciones Macro: Taladrado rectangular y fresado circular (reci\u00e9n a\u00f1adido)  Aplicaciones generales: Visualizaci\u00f3n de la velocidad de alimentaci\u00f3n; cirio funci\u00f3n de mecanizado; herramienta datos; multi-punto compensaci\u00f3n; control de escala funci\u00f3n; c\u00e1lculo funci\u00f3n  Salidas (opcional): RS-232C \/ USB  Puesta a cero: Si  PRESET: Si  Visualizador de di\u00e1metros: Si  C\u00e1lculo 1\/2: Si  Conversi\u00f3n mm\/pulgadas: Si  Secuencia de proceso de un agujero: Si  Puntos de referencia de la escala: Si  Compensaci\u00f3n de error lineal: Si  Funci\u00f3n de aproximaci\u00f3n a cero (modo incremental): Si  Funci\u00f3n adici\u00f3n de lectura 2 reglas: Si  Cambio a sistema de coordenadas: Si  Mensaje de error: Si  Eliminaci\u00f3n de d\u00edgito inestable: Si  Definici\u00f3n de direcci\u00f3n de medida: Si  Backup de memoria: Si  Ajuste de paso: Si  Ajuste de resoluci\u00f3n: Si  Desbastado: Si  Fuente alimentaci\u00f3n: 100-240V-AC 50\/60 Hz","og_url":"https:\/\/techmasterdemexico.com\/producto\/linear-scale-counter-ka-212\/","og_site_name":"Techmaster de Mexico","article_modified_time":"2022-05-12T04:33:56+00:00","og_image":[{"width":800,"height":800,"url":"https:\/\/techmasterdemexico.com\/wp-content\/uploads\/2021\/10\/174-183E.jpg","type":"image\/jpeg"}],"twitter_card":"summary_large_image","schema":{"@context":"https:\/\/schema.org","@graph":[{"@type":"WebPage","@id":"https:\/\/techmasterdemexico.com\/producto\/linear-scale-counter-ka-212\/","url":"https:\/\/techmasterdemexico.com\/producto\/linear-scale-counter-ka-212\/","name":"Linear Scale Counter KA-212 - Techmaster de Mexico","isPartOf":{"@id":"https:\/\/techmasterdemexico.com\/#website"},"primaryImageOfPage":{"@id":"https:\/\/techmasterdemexico.com\/producto\/linear-scale-counter-ka-212\/#primaryimage"},"image":{"@id":"https:\/\/techmasterdemexico.com\/producto\/linear-scale-counter-ka-212\/#primaryimage"},"thumbnailUrl":"https:\/\/techmasterdemexico.com\/wp-content\/uploads\/2021\/10\/174-183E.jpg","datePublished":"2021-10-28T17:43:01+00:00","dateModified":"2022-05-12T04:33:56+00:00","breadcrumb":{"@id":"https:\/\/techmasterdemexico.com\/producto\/linear-scale-counter-ka-212\/#breadcrumb"},"inLanguage":"en-US","potentialAction":[{"@type":"ReadAction","target":["https:\/\/techmasterdemexico.com\/producto\/linear-scale-counter-ka-212\/"]}]},{"@type":"ImageObject","inLanguage":"en-US","@id":"https:\/\/techmasterdemexico.com\/producto\/linear-scale-counter-ka-212\/#primaryimage","url":"https:\/\/techmasterdemexico.com\/wp-content\/uploads\/2021\/10\/174-183E.jpg","contentUrl":"https:\/\/techmasterdemexico.com\/wp-content\/uploads\/2021\/10\/174-183E.jpg","width":800,"height":800},{"@type":"BreadcrumbList","@id":"https:\/\/techmasterdemexico.com\/producto\/linear-scale-counter-ka-212\/#breadcrumb","itemListElement":[{"@type":"ListItem","position":1,"name":"Portada","item":"https:\/\/techmasterdemexico.com\/"},{"@type":"ListItem","position":2,"name":"Linear Scale Counter KA-212"}]},{"@type":"WebSite","@id":"https:\/\/techmasterdemexico.com\/#website","url":"https:\/\/techmasterdemexico.com\/","name":"Techmaster de Mexico","description":"","potentialAction":[{"@type":"SearchAction","target":{"@type":"EntryPoint","urlTemplate":"https:\/\/techmasterdemexico.com\/?s={search_term_string}"},"query-input":{"@type":"PropertyValueSpecification","valueRequired":true,"valueName":"search_term_string"}}],"inLanguage":"en-US"}]}},"brands":[{"id":39,"name":"Mitutoyo","slug":"mitutoyo"}],"_links":{"self":[{"href":"https:\/\/techmasterdemexico.com\/en\/wp-json\/wp\/v2\/product\/10405","targetHints":{"allow":["GET"]}}],"collection":[{"href":"https:\/\/techmasterdemexico.com\/en\/wp-json\/wp\/v2\/product"}],"about":[{"href":"https:\/\/techmasterdemexico.com\/en\/wp-json\/wp\/v2\/types\/product"}],"wp:featuredmedia":[{"embeddable":true,"href":"https:\/\/techmasterdemexico.com\/en\/wp-json\/wp\/v2\/media\/11162"}],"wp:attachment":[{"href":"https:\/\/techmasterdemexico.com\/en\/wp-json\/wp\/v2\/media?parent=10405"}],"wp:term":[{"taxonomy":"pwb-brand","embeddable":true,"href":"https:\/\/techmasterdemexico.com\/en\/wp-json\/wp\/v2\/pwb-brand?post=10405"},{"taxonomy":"product_brand","embeddable":true,"href":"https:\/\/techmasterdemexico.com\/en\/wp-json\/wp\/v2\/product_brand?post=10405"},{"taxonomy":"product_cat","embeddable":true,"href":"https:\/\/techmasterdemexico.com\/en\/wp-json\/wp\/v2\/product_cat?post=10405"},{"taxonomy":"product_tag","embeddable":true,"href":"https:\/\/techmasterdemexico.com\/en\/wp-json\/wp\/v2\/product_tag?post=10405"}],"curies":[{"name":"wp","href":"https:\/\/api.w.org\/{rel}","templated":true}]}}