{"id":10255,"date":"2021-10-28T17:41:26","date_gmt":"2021-10-28T17:41:26","guid":{"rendered":"https:\/\/techmastermx.ddns.net\/producto\/linear-scale-at715-350-mm\/"},"modified":"2022-05-12T04:38:48","modified_gmt":"2022-05-12T04:38:48","slug":"linear-scale-at715-350-mm","status":"publish","type":"product","link":"https:\/\/techmasterdemexico.com\/en\/producto\/linear-scale-at715-350-mm\/","title":{"rendered":"Linear Scale AT715 350 mm"},"content":{"rendered":"<p>Linear Scale AT715<br \/>\n350 mm<br \/>\nN\u00famero de art\u00edculo: 539-806R<\/p>\n<p>Linear Scale tipo ABSOLUTE Sistema digital para medir longitudes tipo AT715<\/p>\n<ul>\n<li>Funciones seg\u00fan el principio absolute de inducci\u00f3n electromagn\u00e9tica ofreciendo as\u00ed mayor resistencia al estr\u00e9s ambiental. IP67<\/li>\n<li>Detecta y muestra la posici\u00f3n absolute -. ahorrando al usuario la reiterada punto de ajuste del punto de referencia despu\u00e9s de cada encendido.<\/li>\n<\/ul>\n","protected":false},"excerpt":{"rendered":"<ul>\n<li>Longitud del cable:<br \/>\n3.4 m<\/li>\n<li>Rango efectivo:<br \/>\n350 mm<\/li>\n<li>Metodo de medici\u00f3n:<br \/>\nElectromagnetic induction system<\/li>\n<li>Exactitud:<br \/>\n100 to 500 mm \u00b15 \u00b5m<br \/>\n600 to 1800 mm \u00b17 \u00b5m<br \/>\n2000 to 3000 mm \u00b110 \u00b5m<\/li>\n<li>Max. Velocidad de desplazamiento:<br \/>\n50 m\/min<\/li>\n<li>Periodo de se\u00f1al \u00b5m:<br \/>\n20 \u00b5m<\/li>\n<li>Fuente<br \/>\nalimentaci\u00f3n:<br \/>\n5V DC \u00b1 10%<\/li>\n<li>Resoluci\u00f3n:<br \/>\n0,001 \/ 0,005 (switchable via Counter)<\/li>\n<li>Entregado:<br \/>\nMounting set<\/li>\n<\/ul>\n","protected":false},"featured_media":11174,"template":"","meta":{"_acf_changed":false},"pwb-brand":[39],"product_brand":[],"product_cat":[366,307,306,38],"product_tag":[],"class_list":{"0":"post-10255","1":"product","2":"type-product","3":"status-publish","4":"has-post-thumbnail","6":"pwb-brand-mitutoyo","7":"product_cat-todos-los-productos","8":"product_cat-captadores-lineales","9":"product_cat-escalas","10":"product_cat-mitutoyo","12":"first","13":"instock","14":"taxable","15":"shipping-taxable","16":"product-type-simple"},"acf":[],"yoast_head":"<!-- This site is optimized with the Yoast SEO plugin v27.4 - https:\/\/yoast.com\/product\/yoast-seo-wordpress\/ -->\n<title>Linear Scale AT715 350 mm - Techmaster de Mexico<\/title>\n<meta name=\"robots\" content=\"index, follow, max-snippet:-1, max-image-preview:large, max-video-preview:-1\" \/>\n<link rel=\"canonical\" href=\"https:\/\/techmasterdemexico.com\/en\/producto\/linear-scale-at715-350-mm\/\" \/>\n<meta property=\"og:locale\" content=\"en_US\" \/>\n<meta property=\"og:type\" content=\"article\" \/>\n<meta property=\"og:title\" content=\"Linear Scale AT715 350 mm - Techmaster de Mexico\" \/>\n<meta property=\"og:description\" content=\"Longitud del cable: 3.4 m  Rango efectivo: 350 mm  Metodo de medici\u00f3n: Electromagnetic induction system  Exactitud: 100 to 500 mm \u00b15 \u00b5m 600 to 1800 mm \u00b17 \u00b5m 2000 to 3000 mm \u00b110 \u00b5m  Max. Velocidad de desplazamiento: 50 m\/min  Periodo de se\u00f1al \u00b5m: 20 \u00b5m  Fuente alimentaci\u00f3n: 5V DC \u00b1 10%  Resoluci\u00f3n: 0,001 \/ 0,005 (switchable via Counter)  Entregado: Mounting set\" \/>\n<meta property=\"og:url\" content=\"https:\/\/techmasterdemexico.com\/en\/producto\/linear-scale-at715-350-mm\/\" \/>\n<meta property=\"og:site_name\" content=\"Techmaster de Mexico\" \/>\n<meta property=\"article:modified_time\" content=\"2022-05-12T04:38:48+00:00\" \/>\n<meta property=\"og:image\" content=\"https:\/\/techmasterdemexico.com\/wp-content\/uploads\/2021\/10\/539-809_d_jpg.jpg\" \/>\n\t<meta property=\"og:image:width\" content=\"800\" \/>\n\t<meta property=\"og:image:height\" content=\"800\" \/>\n\t<meta property=\"og:image:type\" content=\"image\/jpeg\" \/>\n<meta name=\"twitter:card\" content=\"summary_large_image\" \/>\n<script type=\"application\/ld+json\" class=\"yoast-schema-graph\">{\"@context\":\"https:\\\/\\\/schema.org\",\"@graph\":[{\"@type\":\"WebPage\",\"@id\":\"https:\\\/\\\/techmasterdemexico.com\\\/en\\\/producto\\\/linear-scale-at715-350-mm\\\/\",\"url\":\"https:\\\/\\\/techmasterdemexico.com\\\/en\\\/producto\\\/linear-scale-at715-350-mm\\\/\",\"name\":\"Linear Scale AT715 350 mm - Techmaster de Mexico\",\"isPartOf\":{\"@id\":\"https:\\\/\\\/techmasterdemexico.com\\\/#website\"},\"primaryImageOfPage\":{\"@id\":\"https:\\\/\\\/techmasterdemexico.com\\\/en\\\/producto\\\/linear-scale-at715-350-mm\\\/#primaryimage\"},\"image\":{\"@id\":\"https:\\\/\\\/techmasterdemexico.com\\\/en\\\/producto\\\/linear-scale-at715-350-mm\\\/#primaryimage\"},\"thumbnailUrl\":\"https:\\\/\\\/techmasterdemexico.com\\\/wp-content\\\/uploads\\\/2021\\\/10\\\/539-809_d_jpg.jpg\",\"datePublished\":\"2021-10-28T17:41:26+00:00\",\"dateModified\":\"2022-05-12T04:38:48+00:00\",\"breadcrumb\":{\"@id\":\"https:\\\/\\\/techmasterdemexico.com\\\/en\\\/producto\\\/linear-scale-at715-350-mm\\\/#breadcrumb\"},\"inLanguage\":\"en-US\",\"potentialAction\":[{\"@type\":\"ReadAction\",\"target\":[\"https:\\\/\\\/techmasterdemexico.com\\\/en\\\/producto\\\/linear-scale-at715-350-mm\\\/\"]}]},{\"@type\":\"ImageObject\",\"inLanguage\":\"en-US\",\"@id\":\"https:\\\/\\\/techmasterdemexico.com\\\/en\\\/producto\\\/linear-scale-at715-350-mm\\\/#primaryimage\",\"url\":\"https:\\\/\\\/techmasterdemexico.com\\\/wp-content\\\/uploads\\\/2021\\\/10\\\/539-809_d_jpg.jpg\",\"contentUrl\":\"https:\\\/\\\/techmasterdemexico.com\\\/wp-content\\\/uploads\\\/2021\\\/10\\\/539-809_d_jpg.jpg\",\"width\":800,\"height\":800},{\"@type\":\"BreadcrumbList\",\"@id\":\"https:\\\/\\\/techmasterdemexico.com\\\/en\\\/producto\\\/linear-scale-at715-350-mm\\\/#breadcrumb\",\"itemListElement\":[{\"@type\":\"ListItem\",\"position\":1,\"name\":\"Portada\",\"item\":\"https:\\\/\\\/techmasterdemexico.com\\\/\"},{\"@type\":\"ListItem\",\"position\":2,\"name\":\"Linear Scale AT715 350 mm\"}]},{\"@type\":\"WebSite\",\"@id\":\"https:\\\/\\\/techmasterdemexico.com\\\/#website\",\"url\":\"https:\\\/\\\/techmasterdemexico.com\\\/\",\"name\":\"Techmaster de Mexico\",\"description\":\"\",\"potentialAction\":[{\"@type\":\"SearchAction\",\"target\":{\"@type\":\"EntryPoint\",\"urlTemplate\":\"https:\\\/\\\/techmasterdemexico.com\\\/?s={search_term_string}\"},\"query-input\":{\"@type\":\"PropertyValueSpecification\",\"valueRequired\":true,\"valueName\":\"search_term_string\"}}],\"inLanguage\":\"en-US\"}]}<\/script>\n<!-- \/ Yoast SEO plugin. -->","yoast_head_json":{"title":"Linear Scale AT715 350 mm - Techmaster de Mexico","robots":{"index":"index","follow":"follow","max-snippet":"max-snippet:-1","max-image-preview":"max-image-preview:large","max-video-preview":"max-video-preview:-1"},"canonical":"https:\/\/techmasterdemexico.com\/en\/producto\/linear-scale-at715-350-mm\/","og_locale":"en_US","og_type":"article","og_title":"Linear Scale AT715 350 mm - Techmaster de Mexico","og_description":"Longitud del cable: 3.4 m  Rango efectivo: 350 mm  Metodo de medici\u00f3n: Electromagnetic induction system  Exactitud: 100 to 500 mm \u00b15 \u00b5m 600 to 1800 mm \u00b17 \u00b5m 2000 to 3000 mm \u00b110 \u00b5m  Max. Velocidad de desplazamiento: 50 m\/min  Periodo de se\u00f1al \u00b5m: 20 \u00b5m  Fuente alimentaci\u00f3n: 5V DC \u00b1 10%  Resoluci\u00f3n: 0,001 \/ 0,005 (switchable via Counter)  Entregado: Mounting set","og_url":"https:\/\/techmasterdemexico.com\/en\/producto\/linear-scale-at715-350-mm\/","og_site_name":"Techmaster de Mexico","article_modified_time":"2022-05-12T04:38:48+00:00","og_image":[{"width":800,"height":800,"url":"https:\/\/techmasterdemexico.com\/wp-content\/uploads\/2021\/10\/539-809_d_jpg.jpg","type":"image\/jpeg"}],"twitter_card":"summary_large_image","schema":{"@context":"https:\/\/schema.org","@graph":[{"@type":"WebPage","@id":"https:\/\/techmasterdemexico.com\/en\/producto\/linear-scale-at715-350-mm\/","url":"https:\/\/techmasterdemexico.com\/en\/producto\/linear-scale-at715-350-mm\/","name":"Linear Scale AT715 350 mm - Techmaster de Mexico","isPartOf":{"@id":"https:\/\/techmasterdemexico.com\/#website"},"primaryImageOfPage":{"@id":"https:\/\/techmasterdemexico.com\/en\/producto\/linear-scale-at715-350-mm\/#primaryimage"},"image":{"@id":"https:\/\/techmasterdemexico.com\/en\/producto\/linear-scale-at715-350-mm\/#primaryimage"},"thumbnailUrl":"https:\/\/techmasterdemexico.com\/wp-content\/uploads\/2021\/10\/539-809_d_jpg.jpg","datePublished":"2021-10-28T17:41:26+00:00","dateModified":"2022-05-12T04:38:48+00:00","breadcrumb":{"@id":"https:\/\/techmasterdemexico.com\/en\/producto\/linear-scale-at715-350-mm\/#breadcrumb"},"inLanguage":"en-US","potentialAction":[{"@type":"ReadAction","target":["https:\/\/techmasterdemexico.com\/en\/producto\/linear-scale-at715-350-mm\/"]}]},{"@type":"ImageObject","inLanguage":"en-US","@id":"https:\/\/techmasterdemexico.com\/en\/producto\/linear-scale-at715-350-mm\/#primaryimage","url":"https:\/\/techmasterdemexico.com\/wp-content\/uploads\/2021\/10\/539-809_d_jpg.jpg","contentUrl":"https:\/\/techmasterdemexico.com\/wp-content\/uploads\/2021\/10\/539-809_d_jpg.jpg","width":800,"height":800},{"@type":"BreadcrumbList","@id":"https:\/\/techmasterdemexico.com\/en\/producto\/linear-scale-at715-350-mm\/#breadcrumb","itemListElement":[{"@type":"ListItem","position":1,"name":"Portada","item":"https:\/\/techmasterdemexico.com\/"},{"@type":"ListItem","position":2,"name":"Linear Scale AT715 350 mm"}]},{"@type":"WebSite","@id":"https:\/\/techmasterdemexico.com\/#website","url":"https:\/\/techmasterdemexico.com\/","name":"Techmaster de Mexico","description":"","potentialAction":[{"@type":"SearchAction","target":{"@type":"EntryPoint","urlTemplate":"https:\/\/techmasterdemexico.com\/?s={search_term_string}"},"query-input":{"@type":"PropertyValueSpecification","valueRequired":true,"valueName":"search_term_string"}}],"inLanguage":"en-US"}]}},"brands":[{"id":39,"name":"Mitutoyo","slug":"mitutoyo"}],"_links":{"self":[{"href":"https:\/\/techmasterdemexico.com\/en\/wp-json\/wp\/v2\/product\/10255","targetHints":{"allow":["GET"]}}],"collection":[{"href":"https:\/\/techmasterdemexico.com\/en\/wp-json\/wp\/v2\/product"}],"about":[{"href":"https:\/\/techmasterdemexico.com\/en\/wp-json\/wp\/v2\/types\/product"}],"wp:featuredmedia":[{"embeddable":true,"href":"https:\/\/techmasterdemexico.com\/en\/wp-json\/wp\/v2\/media\/11174"}],"wp:attachment":[{"href":"https:\/\/techmasterdemexico.com\/en\/wp-json\/wp\/v2\/media?parent=10255"}],"wp:term":[{"taxonomy":"pwb-brand","embeddable":true,"href":"https:\/\/techmasterdemexico.com\/en\/wp-json\/wp\/v2\/pwb-brand?post=10255"},{"taxonomy":"product_brand","embeddable":true,"href":"https:\/\/techmasterdemexico.com\/en\/wp-json\/wp\/v2\/product_brand?post=10255"},{"taxonomy":"product_cat","embeddable":true,"href":"https:\/\/techmasterdemexico.com\/en\/wp-json\/wp\/v2\/product_cat?post=10255"},{"taxonomy":"product_tag","embeddable":true,"href":"https:\/\/techmasterdemexico.com\/en\/wp-json\/wp\/v2\/product_tag?post=10255"}],"curies":[{"name":"wp","href":"https:\/\/api.w.org\/{rel}","templated":true}]}}