{"id":10249,"date":"2021-10-28T17:41:23","date_gmt":"2021-10-28T17:41:23","guid":{"rendered":"https:\/\/techmastermx.ddns.net\/producto\/double-indenter-configuration-hm-220-c-type-set\/"},"modified":"2022-05-12T04:39:33","modified_gmt":"2022-05-12T04:39:33","slug":"double-indenter-configuration-hm-220-c-type-set","status":"publish","type":"product","link":"https:\/\/techmasterdemexico.com\/en\/producto\/double-indenter-configuration-hm-220-c-type-set\/","title":{"rendered":"Double indenter configuration HM-220 C-Type set"},"content":{"rendered":"<p>Configuraci\u00f3n de doble penetrador HM-220 C-Type set<br \/>\nN\u00famero de art\u00edculo: 810-409D-CSET2<\/p>\n<p>Esta es una m\u00e1quina de prueba de dureza de alto rendimiento que utiliza tecnolog\u00eda avanzada y es ideal para el control de calidad. La serie HM-210\/220 le ofrece los siguientes beneficios:<\/p>\n<p>&nbsp;<\/p>\n<p>Tipos de control de software<\/p>\n<ul>\n<li>Su sistema de generaci\u00f3n electromagn\u00e9tica permite una configuraci\u00f3n ininterrumpida para probar la fuerza.<\/li>\n<li>Un sistema \u00f3ptico de alto rendimiento proporciona una imagen de alta calidad de la carga de indentaci\u00f3n.<\/li>\n<li>Una distancia de trabajo larga reduce en gran medida la posibilidad de colisi\u00f3n.<\/li>\n<li>Una gama de seis objetivos diferentes: 10X, 20X, 50X y 100X para medir im\u00e1genes de sangr\u00eda, y 2X y 5X para permitir im\u00e1genes generales de amplio rango para el posicionamiento de patrones de sangr\u00eda.<\/li>\n<li>La iluminaci\u00f3n LED le brinda una imagen de observaci\u00f3n en color natural, con mejor contraste, as\u00ed como un funcionamiento m\u00e1s prolongado debido al menor consumo de energ\u00eda. El software AVPAK-20 ofrece una multitud de opciones para medici\u00f3n autom\u00e1tica y estad\u00edsticas.<\/li>\n<li>Fuerzas de prueba a partir de tan solo 0,4903 x 10-3N (0,05 gf) as\u00ed como fuerzas de prueba est\u00e1ndar.<\/li>\n<li>Tenga en cuenta: necesita AVPAK-20 V3.0, software para m\u00e1quinas de prueba de dureza, para ejecutar estas m\u00e1quinas.<\/li>\n<\/ul>\n","protected":false},"excerpt":{"rendered":"<p>Observaciones:<\/p>\n<ul>\n<li>Tenga en cuenta: necesita AVPAK-20 V3, software para m\u00e1quinas de prueba de dureza, para ejecutar esta m\u00e1quina.<\/li>\n<li>C\u00f3digo de producto: 11AAD522-DEE (consulte Accesorios a continuaci\u00f3n)<\/li>\n<\/ul>\n","protected":false},"featured_media":10939,"template":"","meta":{"_acf_changed":false},"pwb-brand":[39],"product_brand":[],"product_cat":[366,302,38,305],"product_tag":[],"class_list":{"0":"post-10249","1":"product","2":"type-product","3":"status-publish","4":"has-post-thumbnail","6":"pwb-brand-mitutoyo","7":"product_cat-todos-los-productos","8":"product_cat-durometros-mitutoyo","9":"product_cat-mitutoyo","10":"product_cat-sistemas-automaticos-vikers","12":"first","13":"instock","14":"taxable","15":"shipping-taxable","16":"product-type-simple"},"acf":[],"yoast_head":"<!-- This site is optimized with the Yoast SEO plugin v27.4 - https:\/\/yoast.com\/product\/yoast-seo-wordpress\/ -->\n<title>Double indenter configuration HM-220 C-Type set - Techmaster de Mexico<\/title>\n<meta name=\"robots\" content=\"index, follow, max-snippet:-1, max-image-preview:large, max-video-preview:-1\" \/>\n<link rel=\"canonical\" href=\"https:\/\/techmasterdemexico.com\/producto\/double-indenter-configuration-hm-220-c-type-set\/\" \/>\n<meta property=\"og:locale\" content=\"en_US\" \/>\n<meta property=\"og:type\" content=\"article\" \/>\n<meta property=\"og:title\" content=\"Double indenter configuration HM-220 C-Type set - Techmaster de Mexico\" \/>\n<meta property=\"og:description\" content=\"Observaciones:   Tenga en cuenta: necesita AVPAK-20 V3, software para m\u00e1quinas de prueba de dureza, para ejecutar esta m\u00e1quina.  C\u00f3digo de producto: 11AAD522-DEE (consulte Accesorios a continuaci\u00f3n)\" \/>\n<meta property=\"og:url\" content=\"https:\/\/techmasterdemexico.com\/producto\/double-indenter-configuration-hm-220-c-type-set\/\" \/>\n<meta property=\"og:site_name\" content=\"Techmaster de Mexico\" \/>\n<meta property=\"article:modified_time\" content=\"2022-05-12T04:39:33+00:00\" \/>\n<meta property=\"og:image\" content=\"https:\/\/techmasterdemexico.com\/wp-content\/uploads\/2021\/10\/810-409D-CSET2.jpg\" \/>\n\t<meta property=\"og:image:width\" content=\"800\" \/>\n\t<meta property=\"og:image:height\" content=\"800\" \/>\n\t<meta property=\"og:image:type\" content=\"image\/jpeg\" \/>\n<meta name=\"twitter:card\" content=\"summary_large_image\" \/>\n<meta name=\"twitter:label1\" content=\"Est. reading time\" \/>\n\t<meta name=\"twitter:data1\" content=\"1 minute\" \/>\n<script type=\"application\/ld+json\" class=\"yoast-schema-graph\">{\"@context\":\"https:\\\/\\\/schema.org\",\"@graph\":[{\"@type\":\"WebPage\",\"@id\":\"https:\\\/\\\/techmasterdemexico.com\\\/producto\\\/double-indenter-configuration-hm-220-c-type-set\\\/\",\"url\":\"https:\\\/\\\/techmasterdemexico.com\\\/producto\\\/double-indenter-configuration-hm-220-c-type-set\\\/\",\"name\":\"Double indenter configuration HM-220 C-Type set - Techmaster de Mexico\",\"isPartOf\":{\"@id\":\"https:\\\/\\\/techmasterdemexico.com\\\/#website\"},\"primaryImageOfPage\":{\"@id\":\"https:\\\/\\\/techmasterdemexico.com\\\/producto\\\/double-indenter-configuration-hm-220-c-type-set\\\/#primaryimage\"},\"image\":{\"@id\":\"https:\\\/\\\/techmasterdemexico.com\\\/producto\\\/double-indenter-configuration-hm-220-c-type-set\\\/#primaryimage\"},\"thumbnailUrl\":\"https:\\\/\\\/techmasterdemexico.com\\\/wp-content\\\/uploads\\\/2021\\\/10\\\/810-409D-CSET2.jpg\",\"datePublished\":\"2021-10-28T17:41:23+00:00\",\"dateModified\":\"2022-05-12T04:39:33+00:00\",\"breadcrumb\":{\"@id\":\"https:\\\/\\\/techmasterdemexico.com\\\/producto\\\/double-indenter-configuration-hm-220-c-type-set\\\/#breadcrumb\"},\"inLanguage\":\"en-US\",\"potentialAction\":[{\"@type\":\"ReadAction\",\"target\":[\"https:\\\/\\\/techmasterdemexico.com\\\/producto\\\/double-indenter-configuration-hm-220-c-type-set\\\/\"]}]},{\"@type\":\"ImageObject\",\"inLanguage\":\"en-US\",\"@id\":\"https:\\\/\\\/techmasterdemexico.com\\\/producto\\\/double-indenter-configuration-hm-220-c-type-set\\\/#primaryimage\",\"url\":\"https:\\\/\\\/techmasterdemexico.com\\\/wp-content\\\/uploads\\\/2021\\\/10\\\/810-409D-CSET2.jpg\",\"contentUrl\":\"https:\\\/\\\/techmasterdemexico.com\\\/wp-content\\\/uploads\\\/2021\\\/10\\\/810-409D-CSET2.jpg\",\"width\":800,\"height\":800},{\"@type\":\"BreadcrumbList\",\"@id\":\"https:\\\/\\\/techmasterdemexico.com\\\/producto\\\/double-indenter-configuration-hm-220-c-type-set\\\/#breadcrumb\",\"itemListElement\":[{\"@type\":\"ListItem\",\"position\":1,\"name\":\"Portada\",\"item\":\"https:\\\/\\\/techmasterdemexico.com\\\/\"},{\"@type\":\"ListItem\",\"position\":2,\"name\":\"Double indenter configuration HM-220 C-Type set\"}]},{\"@type\":\"WebSite\",\"@id\":\"https:\\\/\\\/techmasterdemexico.com\\\/#website\",\"url\":\"https:\\\/\\\/techmasterdemexico.com\\\/\",\"name\":\"Techmaster de Mexico\",\"description\":\"\",\"potentialAction\":[{\"@type\":\"SearchAction\",\"target\":{\"@type\":\"EntryPoint\",\"urlTemplate\":\"https:\\\/\\\/techmasterdemexico.com\\\/?s={search_term_string}\"},\"query-input\":{\"@type\":\"PropertyValueSpecification\",\"valueRequired\":true,\"valueName\":\"search_term_string\"}}],\"inLanguage\":\"en-US\"}]}<\/script>\n<!-- \/ Yoast SEO plugin. -->","yoast_head_json":{"title":"Double indenter configuration HM-220 C-Type set - Techmaster de Mexico","robots":{"index":"index","follow":"follow","max-snippet":"max-snippet:-1","max-image-preview":"max-image-preview:large","max-video-preview":"max-video-preview:-1"},"canonical":"https:\/\/techmasterdemexico.com\/producto\/double-indenter-configuration-hm-220-c-type-set\/","og_locale":"en_US","og_type":"article","og_title":"Double indenter configuration HM-220 C-Type set - Techmaster de Mexico","og_description":"Observaciones:   Tenga en cuenta: necesita AVPAK-20 V3, software para m\u00e1quinas de prueba de dureza, para ejecutar esta m\u00e1quina.  C\u00f3digo de producto: 11AAD522-DEE (consulte Accesorios a continuaci\u00f3n)","og_url":"https:\/\/techmasterdemexico.com\/producto\/double-indenter-configuration-hm-220-c-type-set\/","og_site_name":"Techmaster de Mexico","article_modified_time":"2022-05-12T04:39:33+00:00","og_image":[{"width":800,"height":800,"url":"https:\/\/techmasterdemexico.com\/wp-content\/uploads\/2021\/10\/810-409D-CSET2.jpg","type":"image\/jpeg"}],"twitter_card":"summary_large_image","twitter_misc":{"Est. reading time":"1 minute"},"schema":{"@context":"https:\/\/schema.org","@graph":[{"@type":"WebPage","@id":"https:\/\/techmasterdemexico.com\/producto\/double-indenter-configuration-hm-220-c-type-set\/","url":"https:\/\/techmasterdemexico.com\/producto\/double-indenter-configuration-hm-220-c-type-set\/","name":"Double indenter configuration HM-220 C-Type set - Techmaster de Mexico","isPartOf":{"@id":"https:\/\/techmasterdemexico.com\/#website"},"primaryImageOfPage":{"@id":"https:\/\/techmasterdemexico.com\/producto\/double-indenter-configuration-hm-220-c-type-set\/#primaryimage"},"image":{"@id":"https:\/\/techmasterdemexico.com\/producto\/double-indenter-configuration-hm-220-c-type-set\/#primaryimage"},"thumbnailUrl":"https:\/\/techmasterdemexico.com\/wp-content\/uploads\/2021\/10\/810-409D-CSET2.jpg","datePublished":"2021-10-28T17:41:23+00:00","dateModified":"2022-05-12T04:39:33+00:00","breadcrumb":{"@id":"https:\/\/techmasterdemexico.com\/producto\/double-indenter-configuration-hm-220-c-type-set\/#breadcrumb"},"inLanguage":"en-US","potentialAction":[{"@type":"ReadAction","target":["https:\/\/techmasterdemexico.com\/producto\/double-indenter-configuration-hm-220-c-type-set\/"]}]},{"@type":"ImageObject","inLanguage":"en-US","@id":"https:\/\/techmasterdemexico.com\/producto\/double-indenter-configuration-hm-220-c-type-set\/#primaryimage","url":"https:\/\/techmasterdemexico.com\/wp-content\/uploads\/2021\/10\/810-409D-CSET2.jpg","contentUrl":"https:\/\/techmasterdemexico.com\/wp-content\/uploads\/2021\/10\/810-409D-CSET2.jpg","width":800,"height":800},{"@type":"BreadcrumbList","@id":"https:\/\/techmasterdemexico.com\/producto\/double-indenter-configuration-hm-220-c-type-set\/#breadcrumb","itemListElement":[{"@type":"ListItem","position":1,"name":"Portada","item":"https:\/\/techmasterdemexico.com\/"},{"@type":"ListItem","position":2,"name":"Double indenter configuration HM-220 C-Type set"}]},{"@type":"WebSite","@id":"https:\/\/techmasterdemexico.com\/#website","url":"https:\/\/techmasterdemexico.com\/","name":"Techmaster de Mexico","description":"","potentialAction":[{"@type":"SearchAction","target":{"@type":"EntryPoint","urlTemplate":"https:\/\/techmasterdemexico.com\/?s={search_term_string}"},"query-input":{"@type":"PropertyValueSpecification","valueRequired":true,"valueName":"search_term_string"}}],"inLanguage":"en-US"}]}},"brands":[{"id":39,"name":"Mitutoyo","slug":"mitutoyo"}],"_links":{"self":[{"href":"https:\/\/techmasterdemexico.com\/en\/wp-json\/wp\/v2\/product\/10249","targetHints":{"allow":["GET"]}}],"collection":[{"href":"https:\/\/techmasterdemexico.com\/en\/wp-json\/wp\/v2\/product"}],"about":[{"href":"https:\/\/techmasterdemexico.com\/en\/wp-json\/wp\/v2\/types\/product"}],"wp:featuredmedia":[{"embeddable":true,"href":"https:\/\/techmasterdemexico.com\/en\/wp-json\/wp\/v2\/media\/10939"}],"wp:attachment":[{"href":"https:\/\/techmasterdemexico.com\/en\/wp-json\/wp\/v2\/media?parent=10249"}],"wp:term":[{"taxonomy":"pwb-brand","embeddable":true,"href":"https:\/\/techmasterdemexico.com\/en\/wp-json\/wp\/v2\/pwb-brand?post=10249"},{"taxonomy":"product_brand","embeddable":true,"href":"https:\/\/techmasterdemexico.com\/en\/wp-json\/wp\/v2\/product_brand?post=10249"},{"taxonomy":"product_cat","embeddable":true,"href":"https:\/\/techmasterdemexico.com\/en\/wp-json\/wp\/v2\/product_cat?post=10249"},{"taxonomy":"product_tag","embeddable":true,"href":"https:\/\/techmasterdemexico.com\/en\/wp-json\/wp\/v2\/product_tag?post=10249"}],"curies":[{"name":"wp","href":"https:\/\/api.w.org\/{rel}","templated":true}]}}