{"id":10246,"date":"2021-10-28T17:41:22","date_gmt":"2021-10-28T17:41:22","guid":{"rendered":"https:\/\/techmastermx.ddns.net\/producto\/maquina-de-prueba-de-dureza-hr-620b\/"},"modified":"2022-05-12T04:39:34","modified_gmt":"2022-05-12T04:39:34","slug":"maquina-de-prueba-de-dureza-hr-620b","status":"publish","type":"product","link":"https:\/\/techmasterdemexico.com\/en\/producto\/maquina-de-prueba-de-dureza-hr-620b\/","title":{"rendered":"M\u00e1quina de prueba de dureza HR-620B"},"content":{"rendered":"<p>HR-620B main unit<br \/>\nRockwell hardness testing machines<br \/>\nN\u00famero de art\u00edculo: 810-526-11<\/p>\n<p>Con un dise\u00f1o y una funcionalidad innovadores que permiten una amplia variedad de mediciones, la serie HR-600 ofrece pruebas de dureza que desaf\u00edan el pensamiento convencional.<\/p>\n<p>&nbsp;<\/p>\n<p>Dur\u00f3metro Rockwell CNC de alta gama, que proporciona una secuencia de prueba de dureza Rockwell completamente autom\u00e1tica<\/p>\n<p>&nbsp;<\/p>\n<p>La serie HR-600 combina la funcionalidad de varios modelos anteriores:<br \/>\nEnsayo de dureza Rockwell, ensayo de dureza Brinell, ensayo de dureza con medici\u00f3n de profundidad Brinell y Vickers y ensayo de dureza de materiales pl\u00e1sticos. Al permitir todos los tipos de ensayos en una sola m\u00e1quina, esta nueva serie ampl\u00eda la gama de aplicaciones disponibles.<\/p>\n<p>&nbsp;<\/p>\n<p>Con escala de alta resoluci\u00f3n con celda de carga desarrollada exclusivamente por Mitutoyo, permite un control de retroalimentaci\u00f3n de carga de prueba de alta exactitud y un dise\u00f1o de vanguardia que brinda est\u00e9tica y facilidad de uso, la nueva serie HR-600 permite realizar ensayos de dureza que desaf\u00edan las mediciones convencionales.<\/p>\n<p>&nbsp;<\/p>\n<p>Nuevo dise\u00f1o con una mesa para montar piezas de trabajo y un cabezal con movilidad vertical, la Serie HR-600 est\u00e1 dise\u00f1ada para su operatividad y facilidad de uso.<\/p>\n<p>&nbsp;<\/p>\n<p>Atenci\u00f3n:<\/p>\n<p>* requiere accesorios opcionales que pueden incrementar su alcance de medici\u00f3n<\/p>\n","protected":false},"excerpt":{"rendered":"<p>Est\u00e1ndares y m\u00e9todos de prueba aplicables:<\/p>\n<ul>\n<li>Rockwell, Rockwell Superficial (EN ISO 6508, ASTM E-18, JIS B7726)<\/li>\n<li>Ensayo de indentaci\u00f3n de bola en materiales pl\u00e1sticos (EN ISO 2039-1)<\/li>\n<li>Prueba de pl\u00e1stico (EN ISO 2039-2, ASTM D785 A, JIS K7202-2)<\/li>\n<li>Prueba Rockwell Alpha (ASTM D785 B)<\/li>\n<li>Brinell, solo sangr\u00eda (EN ISO 6506, ASTM E-10, JIS B7724)<\/li>\n<li>HBT (VDE \/ VDI 2616 &#8211; no est\u00e1ndar)<\/li>\n<li>HVT (VDE \/ VDI 2616 &#8211; no est\u00e1ndar)<\/li>\n<\/ul>\n<p>&nbsp;<\/p>\n<p>Rockwell:<\/p>\n<ul>\n<li>HRA; HRF; HRH; HRL; HRR; HRD; HRB; HRE; HRM; HORAS; HRC; HRG; HRK; HRP; HRV<\/li>\n<\/ul>\n<p>&nbsp;<\/p>\n<p>Rockwell Superfiacial:<\/p>\n<ul>\n<li>HR15N; HR15TW; HR15WW; HR15XW; HR15YW; HR30N; HR30TW; HR30WW; HR30XW; HR30YW; HR45N; HR45TW; HR45WW; HR45XW; HR45YW<\/li>\n<\/ul>\n<p>&nbsp;<\/p>\n<p>Brinell:<\/p>\n<ul>\n<li>HBW 1\/10; HBW 2,5 \/ 6,25; HBW 5\/25; HBW 10\/100; HBW 1\/30; HBW 2,5 \/ 15,625; HBW 5 \/ 62,5; HBW 2,5 \/ 31,25; HBW 5\/125; HBW 2,5 \/ 62,5; HBW 2.5 \/ 187.5<\/li>\n<\/ul>\n<p>&nbsp;<\/p>\n<p>Medici\u00f3n de profundidad Brinell:<\/p>\n<ul>\n<li>HBD 2,5 \/ 62,5; HBD 2,5 \/ 187,5; HBD 5\/250<\/li>\n<\/ul>\n<p>&nbsp;<\/p>\n<p>Medici\u00f3n de profundidad de Vickers:<\/p>\n<ul>\n<li>HVD 30; HVD 50<\/li>\n<\/ul>\n<p>&nbsp;<\/p>\n<p>Prueba de pl\u00e1stico de Rockwell:<\/p>\n<ul>\n<li>HRE; HRL; HRR; HRK; HRM<\/li>\n<\/ul>\n<p>&nbsp;<\/p>\n<p>Prueba de pl\u00e1stico Rockwell \u03b1:<\/p>\n<ul>\n<li>(HRR)<\/li>\n<\/ul>\n<p>&nbsp;<\/p>\n<p>Prueba de pl\u00e1stico de sangr\u00eda de bola:<\/p>\n<ul>\n<li>HB 49N; HB 132N; HB 358N; HB 961N<\/li>\n<\/ul>\n<p>&nbsp;<\/p>\n<p>Funcionalidad:<\/p>\n<ul>\n<li>Pantalla t\u00e1ctil de 5,7 &#8220;(opcional)<\/li>\n<li>mm (opcional)<\/li>\n<li>mm \/ pulgada (opcional)<\/li>\n<li>Control de software AVPAK (opcional)<\/li>\n<li>Resoluci\u00f3n de la unidad de FC: 0,01<\/li>\n<li>Rango de fuerza de prueba 1-250 kg, 9,8-2450N<\/li>\n<li>Prueba de cambio de fuerza por software<\/li>\n<li>Control de fuerza de prueba en tiempo real<\/li>\n<li>Ciclo de prueba completamente autom\u00e1tico<\/li>\n<li>Generaci\u00f3n de fuerza de prueba motorizada<\/li>\n<li>Eje Z motorizado<\/li>\n<li>Iluminaci\u00f3n LED para salas de trabajo<\/li>\n<li>RS-232C Digimatic, interfaz USB2.0<\/li>\n<li>Transferencia de datos de memoria USB (opcional)<\/li>\n<li>Capacidad de prueba Jominy *<\/li>\n<li>Conexi\u00f3n de conmutador de pedal para prueba en serie<\/li>\n<\/ul>\n<p>&nbsp;<\/p>\n<p>Dimensiones funcionales:<\/p>\n<ul>\n<li>\u00c1rea de contacto de la unidad de contacto: ** 18&#215;4 mm<\/li>\n<li>Radio interior m\u00ednimo de la pieza de trabajo: 25 mm<\/li>\n<li>\u00d8 interior m\u00ednimo de la pieza de trabajo: 400 mm<\/li>\n<li>Radio exterior m\u00ednimo de la pieza de trabajo: 20 mm<\/li>\n<li>Superficie de prueba b\u00e1sica 200 x 200 mm ***<\/li>\n<li>Adaptaci\u00f3n de yunque \u00d8 10 mm \/ \u00d8 19 mm (opcional)<\/li>\n<li>Max. altura de la muestra (reducida a\u00f1adiendo accesorios y eje X): 250 mm<\/li>\n<li>Opci\u00f3n de eje X (opcional)<\/li>\n<li>Altura del eje Z (altura m\u00e1xima de la muestra) t: 250 mm<\/li>\n<li>Altura del eje Z con eje X agregado (Altura m\u00e1xima de la muestra): 165 mm<\/li>\n<li>Rango del eje Y: 160 mm<\/li>\n<li>Profundidad de la garganta: 220 mm<\/li>\n<li>Max. peso de la muestra: 100 kg<\/li>\n<li>Max. peso de la muestra con eje X montado: 50 kg<\/li>\n<li>Max. velocidad Y: 48 mm<\/li>\n<li>Max. velocidad Z: 10 mm \/ seg<\/li>\n<\/ul>\n<p>&nbsp;<\/p>\n<p>Dimensiones Unidad principal:<\/p>\n<ul>\n<li>Dimensiones externas 428 (W) \u00d7 837 (D) \u00d7 935 (H) mm<\/li>\n<li>Unidad de visualizaci\u00f3n de dimensiones externas 191 (W) \u00d7 71 (D) \u00d7 147 (H) mm (opcional)<\/li>\n<li>Unidad principal de masa: 205 kg<\/li>\n<li>Fuente de alimentaci\u00f3n AC100V, 120V, 220V, 240V Selecci\u00f3n autom\u00e1tica<\/li>\n<li>Cable de alimentaci\u00f3n no incluido<\/li>\n<li>Temperatura de funcionamiento: 5-40 \u00b0 C<\/li>\n<li>Humedad: 55-65% (sin condensaci\u00f3n)<\/li>\n<\/ul>\n","protected":false},"featured_media":10970,"template":"","meta":{"_acf_changed":false},"pwb-brand":[39],"product_brand":[],"product_cat":[366,302,304,38],"product_tag":[],"class_list":{"0":"post-10246","1":"product","2":"type-product","3":"status-publish","4":"has-post-thumbnail","6":"pwb-brand-mitutoyo","7":"product_cat-todos-los-productos","8":"product_cat-durometros-mitutoyo","9":"product_cat-durometros-rockwell","10":"product_cat-mitutoyo","12":"first","13":"instock","14":"taxable","15":"shipping-taxable","16":"product-type-simple"},"acf":[],"yoast_head":"<!-- This site is optimized with the Yoast SEO plugin v27.5 - https:\/\/yoast.com\/product\/yoast-seo-wordpress\/ -->\n<title>M\u00e1quina de prueba de dureza HR-620B - Techmaster de Mexico<\/title>\n<meta name=\"robots\" content=\"index, follow, max-snippet:-1, max-image-preview:large, max-video-preview:-1\" \/>\n<link rel=\"canonical\" href=\"https:\/\/techmasterdemexico.com\/producto\/maquina-de-prueba-de-dureza-hr-620b\/\" \/>\n<meta property=\"og:locale\" content=\"en_US\" \/>\n<meta property=\"og:type\" content=\"article\" \/>\n<meta property=\"og:title\" content=\"M\u00e1quina de prueba de dureza HR-620B - Techmaster de Mexico\" \/>\n<meta property=\"og:description\" content=\"Est\u00e1ndares y m\u00e9todos de prueba aplicables:   Rockwell, Rockwell Superficial (EN ISO 6508, ASTM E-18, JIS B7726)  Ensayo de indentaci\u00f3n de bola en materiales pl\u00e1sticos (EN ISO 2039-1)  Prueba de pl\u00e1stico (EN ISO 2039-2, ASTM D785 A, JIS K7202-2)  Prueba Rockwell Alpha (ASTM D785 B)  Brinell, solo sangr\u00eda (EN ISO 6506, ASTM E-10, JIS B7724)  HBT (VDE \/ VDI 2616 - no est\u00e1ndar)  HVT (VDE \/ VDI 2616 - no est\u00e1ndar)  &nbsp;  Rockwell:   HRA; HRF; HRH; HRL; HRR; HRD; HRB; HRE; HRM; HORAS; HRC; HRG; HRK; HRP; HRV  &nbsp;  Rockwell Superfiacial:   HR15N; HR15TW; HR15WW; HR15XW; HR15YW; HR30N; HR30TW; HR30WW; HR30XW; HR30YW; HR45N; HR45TW; HR45WW; HR45XW; HR45YW  &nbsp;  Brinell:   HBW 1\/10; HBW 2,5 \/ 6,25; HBW 5\/25; HBW 10\/100; HBW 1\/30; HBW 2,5 \/ 15,625; HBW 5 \/ 62,5; HBW 2,5 \/ 31,25; HBW 5\/125; HBW 2,5 \/ 62,5; HBW 2.5 \/ 187.5  &nbsp;  Medici\u00f3n de profundidad Brinell:   HBD 2,5 \/ 62,5; HBD 2,5 \/ 187,5; HBD 5\/250  &nbsp;  Medici\u00f3n de profundidad de Vickers:   HVD 30; HVD 50  &nbsp;  Prueba de pl\u00e1stico de Rockwell:   HRE; HRL; HRR; HRK; HRM  &nbsp;  Prueba de pl\u00e1stico Rockwell \u03b1:   (HRR)  &nbsp;  Prueba de pl\u00e1stico de sangr\u00eda de bola:   HB 49N; HB 132N; HB 358N; HB 961N  &nbsp;  Funcionalidad:   Pantalla t\u00e1ctil de 5,7 &quot;(opcional)  mm (opcional)  mm \/ pulgada (opcional)  Control de software AVPAK (opcional)  Resoluci\u00f3n de la unidad de FC: 0,01  Rango de fuerza de prueba 1-250 kg, 9,8-2450N  Prueba de cambio de fuerza por software  Control de fuerza de prueba en tiempo real  Ciclo de prueba completamente autom\u00e1tico  Generaci\u00f3n de fuerza de prueba motorizada  Eje Z motorizado  Iluminaci\u00f3n LED para salas de trabajo  RS-232C Digimatic, interfaz USB2.0  Transferencia de datos de memoria USB (opcional)  Capacidad de prueba Jominy *  Conexi\u00f3n de conmutador de pedal para prueba en serie  &nbsp;  Dimensiones funcionales:   \u00c1rea de contacto de la unidad de contacto: ** 18x4 mm  Radio interior m\u00ednimo de la pieza de trabajo: 25 mm  \u00d8 interior m\u00ednimo de la pieza de trabajo: 400 mm  Radio exterior m\u00ednimo de la pieza de trabajo: 20 mm  Superficie de prueba b\u00e1sica 200 x 200 mm ***  Adaptaci\u00f3n de yunque \u00d8 10 mm \/ \u00d8 19 mm (opcional)  Max. altura de la muestra (reducida a\u00f1adiendo accesorios y eje X): 250 mm  Opci\u00f3n de eje X (opcional)  Altura del eje Z (altura m\u00e1xima de la muestra) t: 250 mm  Altura del eje Z con eje X agregado (Altura m\u00e1xima de la muestra): 165 mm  Rango del eje Y: 160 mm  Profundidad de la garganta: 220 mm  Max. peso de la muestra: 100 kg  Max. peso de la muestra con eje X montado: 50 kg  Max. velocidad Y: 48 mm  Max. velocidad Z: 10 mm \/ seg  &nbsp;  Dimensiones Unidad principal:   Dimensiones externas 428 (W) \u00d7 837 (D) \u00d7 935 (H) mm  Unidad de visualizaci\u00f3n de dimensiones externas 191 (W) \u00d7 71 (D) \u00d7 147 (H) mm (opcional)  Unidad principal de masa: 205 kg  Fuente de alimentaci\u00f3n AC100V, 120V, 220V, 240V Selecci\u00f3n autom\u00e1tica  Cable de alimentaci\u00f3n no incluido  Temperatura de funcionamiento: 5-40 \u00b0 C  Humedad: 55-65% (sin condensaci\u00f3n)\" \/>\n<meta property=\"og:url\" content=\"https:\/\/techmasterdemexico.com\/producto\/maquina-de-prueba-de-dureza-hr-620b\/\" \/>\n<meta property=\"og:site_name\" content=\"Techmaster de Mexico\" \/>\n<meta property=\"article:modified_time\" content=\"2022-05-12T04:39:34+00:00\" \/>\n<meta property=\"og:image\" content=\"https:\/\/techmasterdemexico.com\/wp-content\/uploads\/2021\/10\/810-526-11.jpg\" \/>\n\t<meta property=\"og:image:width\" content=\"600\" \/>\n\t<meta property=\"og:image:height\" content=\"600\" \/>\n\t<meta property=\"og:image:type\" content=\"image\/jpeg\" \/>\n<meta name=\"twitter:card\" content=\"summary_large_image\" \/>\n<meta name=\"twitter:label1\" content=\"Est. reading time\" \/>\n\t<meta name=\"twitter:data1\" content=\"1 minute\" \/>\n<script type=\"application\/ld+json\" class=\"yoast-schema-graph\">{\"@context\":\"https:\\\/\\\/schema.org\",\"@graph\":[{\"@type\":\"WebPage\",\"@id\":\"https:\\\/\\\/techmasterdemexico.com\\\/producto\\\/maquina-de-prueba-de-dureza-hr-620b\\\/\",\"url\":\"https:\\\/\\\/techmasterdemexico.com\\\/producto\\\/maquina-de-prueba-de-dureza-hr-620b\\\/\",\"name\":\"M\u00e1quina de prueba de dureza HR-620B - Techmaster de Mexico\",\"isPartOf\":{\"@id\":\"https:\\\/\\\/techmasterdemexico.com\\\/#website\"},\"primaryImageOfPage\":{\"@id\":\"https:\\\/\\\/techmasterdemexico.com\\\/producto\\\/maquina-de-prueba-de-dureza-hr-620b\\\/#primaryimage\"},\"image\":{\"@id\":\"https:\\\/\\\/techmasterdemexico.com\\\/producto\\\/maquina-de-prueba-de-dureza-hr-620b\\\/#primaryimage\"},\"thumbnailUrl\":\"https:\\\/\\\/techmasterdemexico.com\\\/wp-content\\\/uploads\\\/2021\\\/10\\\/810-526-11.jpg\",\"datePublished\":\"2021-10-28T17:41:22+00:00\",\"dateModified\":\"2022-05-12T04:39:34+00:00\",\"breadcrumb\":{\"@id\":\"https:\\\/\\\/techmasterdemexico.com\\\/producto\\\/maquina-de-prueba-de-dureza-hr-620b\\\/#breadcrumb\"},\"inLanguage\":\"en-US\",\"potentialAction\":[{\"@type\":\"ReadAction\",\"target\":[\"https:\\\/\\\/techmasterdemexico.com\\\/producto\\\/maquina-de-prueba-de-dureza-hr-620b\\\/\"]}]},{\"@type\":\"ImageObject\",\"inLanguage\":\"en-US\",\"@id\":\"https:\\\/\\\/techmasterdemexico.com\\\/producto\\\/maquina-de-prueba-de-dureza-hr-620b\\\/#primaryimage\",\"url\":\"https:\\\/\\\/techmasterdemexico.com\\\/wp-content\\\/uploads\\\/2021\\\/10\\\/810-526-11.jpg\",\"contentUrl\":\"https:\\\/\\\/techmasterdemexico.com\\\/wp-content\\\/uploads\\\/2021\\\/10\\\/810-526-11.jpg\",\"width\":600,\"height\":600},{\"@type\":\"BreadcrumbList\",\"@id\":\"https:\\\/\\\/techmasterdemexico.com\\\/producto\\\/maquina-de-prueba-de-dureza-hr-620b\\\/#breadcrumb\",\"itemListElement\":[{\"@type\":\"ListItem\",\"position\":1,\"name\":\"Portada\",\"item\":\"https:\\\/\\\/techmasterdemexico.com\\\/\"},{\"@type\":\"ListItem\",\"position\":2,\"name\":\"M\u00e1quina de prueba de dureza HR-620B\"}]},{\"@type\":\"WebSite\",\"@id\":\"https:\\\/\\\/techmasterdemexico.com\\\/#website\",\"url\":\"https:\\\/\\\/techmasterdemexico.com\\\/\",\"name\":\"Techmaster de Mexico\",\"description\":\"\",\"potentialAction\":[{\"@type\":\"SearchAction\",\"target\":{\"@type\":\"EntryPoint\",\"urlTemplate\":\"https:\\\/\\\/techmasterdemexico.com\\\/?s={search_term_string}\"},\"query-input\":{\"@type\":\"PropertyValueSpecification\",\"valueRequired\":true,\"valueName\":\"search_term_string\"}}],\"inLanguage\":\"en-US\"}]}<\/script>\n<!-- \/ Yoast SEO plugin. -->","yoast_head_json":{"title":"M\u00e1quina de prueba de dureza HR-620B - Techmaster de Mexico","robots":{"index":"index","follow":"follow","max-snippet":"max-snippet:-1","max-image-preview":"max-image-preview:large","max-video-preview":"max-video-preview:-1"},"canonical":"https:\/\/techmasterdemexico.com\/producto\/maquina-de-prueba-de-dureza-hr-620b\/","og_locale":"en_US","og_type":"article","og_title":"M\u00e1quina de prueba de dureza HR-620B - Techmaster de Mexico","og_description":"Est\u00e1ndares y m\u00e9todos de prueba aplicables:   Rockwell, Rockwell Superficial (EN ISO 6508, ASTM E-18, JIS B7726)  Ensayo de indentaci\u00f3n de bola en materiales pl\u00e1sticos (EN ISO 2039-1)  Prueba de pl\u00e1stico (EN ISO 2039-2, ASTM D785 A, JIS K7202-2)  Prueba Rockwell Alpha (ASTM D785 B)  Brinell, solo sangr\u00eda (EN ISO 6506, ASTM E-10, JIS B7724)  HBT (VDE \/ VDI 2616 - no est\u00e1ndar)  HVT (VDE \/ VDI 2616 - no est\u00e1ndar)  &nbsp;  Rockwell:   HRA; HRF; HRH; HRL; HRR; HRD; HRB; HRE; HRM; HORAS; HRC; HRG; HRK; HRP; HRV  &nbsp;  Rockwell Superfiacial:   HR15N; HR15TW; HR15WW; HR15XW; HR15YW; HR30N; HR30TW; HR30WW; HR30XW; HR30YW; HR45N; HR45TW; HR45WW; HR45XW; HR45YW  &nbsp;  Brinell:   HBW 1\/10; HBW 2,5 \/ 6,25; HBW 5\/25; HBW 10\/100; HBW 1\/30; HBW 2,5 \/ 15,625; HBW 5 \/ 62,5; HBW 2,5 \/ 31,25; HBW 5\/125; HBW 2,5 \/ 62,5; HBW 2.5 \/ 187.5  &nbsp;  Medici\u00f3n de profundidad Brinell:   HBD 2,5 \/ 62,5; HBD 2,5 \/ 187,5; HBD 5\/250  &nbsp;  Medici\u00f3n de profundidad de Vickers:   HVD 30; HVD 50  &nbsp;  Prueba de pl\u00e1stico de Rockwell:   HRE; HRL; HRR; HRK; HRM  &nbsp;  Prueba de pl\u00e1stico Rockwell \u03b1:   (HRR)  &nbsp;  Prueba de pl\u00e1stico de sangr\u00eda de bola:   HB 49N; HB 132N; HB 358N; HB 961N  &nbsp;  Funcionalidad:   Pantalla t\u00e1ctil de 5,7 \"(opcional)  mm (opcional)  mm \/ pulgada (opcional)  Control de software AVPAK (opcional)  Resoluci\u00f3n de la unidad de FC: 0,01  Rango de fuerza de prueba 1-250 kg, 9,8-2450N  Prueba de cambio de fuerza por software  Control de fuerza de prueba en tiempo real  Ciclo de prueba completamente autom\u00e1tico  Generaci\u00f3n de fuerza de prueba motorizada  Eje Z motorizado  Iluminaci\u00f3n LED para salas de trabajo  RS-232C Digimatic, interfaz USB2.0  Transferencia de datos de memoria USB (opcional)  Capacidad de prueba Jominy *  Conexi\u00f3n de conmutador de pedal para prueba en serie  &nbsp;  Dimensiones funcionales:   \u00c1rea de contacto de la unidad de contacto: ** 18x4 mm  Radio interior m\u00ednimo de la pieza de trabajo: 25 mm  \u00d8 interior m\u00ednimo de la pieza de trabajo: 400 mm  Radio exterior m\u00ednimo de la pieza de trabajo: 20 mm  Superficie de prueba b\u00e1sica 200 x 200 mm ***  Adaptaci\u00f3n de yunque \u00d8 10 mm \/ \u00d8 19 mm (opcional)  Max. altura de la muestra (reducida a\u00f1adiendo accesorios y eje X): 250 mm  Opci\u00f3n de eje X (opcional)  Altura del eje Z (altura m\u00e1xima de la muestra) t: 250 mm  Altura del eje Z con eje X agregado (Altura m\u00e1xima de la muestra): 165 mm  Rango del eje Y: 160 mm  Profundidad de la garganta: 220 mm  Max. peso de la muestra: 100 kg  Max. peso de la muestra con eje X montado: 50 kg  Max. velocidad Y: 48 mm  Max. velocidad Z: 10 mm \/ seg  &nbsp;  Dimensiones Unidad principal:   Dimensiones externas 428 (W) \u00d7 837 (D) \u00d7 935 (H) mm  Unidad de visualizaci\u00f3n de dimensiones externas 191 (W) \u00d7 71 (D) \u00d7 147 (H) mm (opcional)  Unidad principal de masa: 205 kg  Fuente de alimentaci\u00f3n AC100V, 120V, 220V, 240V Selecci\u00f3n autom\u00e1tica  Cable de alimentaci\u00f3n no incluido  Temperatura de funcionamiento: 5-40 \u00b0 C  Humedad: 55-65% (sin condensaci\u00f3n)","og_url":"https:\/\/techmasterdemexico.com\/producto\/maquina-de-prueba-de-dureza-hr-620b\/","og_site_name":"Techmaster de Mexico","article_modified_time":"2022-05-12T04:39:34+00:00","og_image":[{"width":600,"height":600,"url":"https:\/\/techmasterdemexico.com\/wp-content\/uploads\/2021\/10\/810-526-11.jpg","type":"image\/jpeg"}],"twitter_card":"summary_large_image","twitter_misc":{"Est. reading time":"1 minute"},"schema":{"@context":"https:\/\/schema.org","@graph":[{"@type":"WebPage","@id":"https:\/\/techmasterdemexico.com\/producto\/maquina-de-prueba-de-dureza-hr-620b\/","url":"https:\/\/techmasterdemexico.com\/producto\/maquina-de-prueba-de-dureza-hr-620b\/","name":"M\u00e1quina de prueba de dureza HR-620B - Techmaster de Mexico","isPartOf":{"@id":"https:\/\/techmasterdemexico.com\/#website"},"primaryImageOfPage":{"@id":"https:\/\/techmasterdemexico.com\/producto\/maquina-de-prueba-de-dureza-hr-620b\/#primaryimage"},"image":{"@id":"https:\/\/techmasterdemexico.com\/producto\/maquina-de-prueba-de-dureza-hr-620b\/#primaryimage"},"thumbnailUrl":"https:\/\/techmasterdemexico.com\/wp-content\/uploads\/2021\/10\/810-526-11.jpg","datePublished":"2021-10-28T17:41:22+00:00","dateModified":"2022-05-12T04:39:34+00:00","breadcrumb":{"@id":"https:\/\/techmasterdemexico.com\/producto\/maquina-de-prueba-de-dureza-hr-620b\/#breadcrumb"},"inLanguage":"en-US","potentialAction":[{"@type":"ReadAction","target":["https:\/\/techmasterdemexico.com\/producto\/maquina-de-prueba-de-dureza-hr-620b\/"]}]},{"@type":"ImageObject","inLanguage":"en-US","@id":"https:\/\/techmasterdemexico.com\/producto\/maquina-de-prueba-de-dureza-hr-620b\/#primaryimage","url":"https:\/\/techmasterdemexico.com\/wp-content\/uploads\/2021\/10\/810-526-11.jpg","contentUrl":"https:\/\/techmasterdemexico.com\/wp-content\/uploads\/2021\/10\/810-526-11.jpg","width":600,"height":600},{"@type":"BreadcrumbList","@id":"https:\/\/techmasterdemexico.com\/producto\/maquina-de-prueba-de-dureza-hr-620b\/#breadcrumb","itemListElement":[{"@type":"ListItem","position":1,"name":"Portada","item":"https:\/\/techmasterdemexico.com\/"},{"@type":"ListItem","position":2,"name":"M\u00e1quina de prueba de dureza HR-620B"}]},{"@type":"WebSite","@id":"https:\/\/techmasterdemexico.com\/#website","url":"https:\/\/techmasterdemexico.com\/","name":"Techmaster de Mexico","description":"","potentialAction":[{"@type":"SearchAction","target":{"@type":"EntryPoint","urlTemplate":"https:\/\/techmasterdemexico.com\/?s={search_term_string}"},"query-input":{"@type":"PropertyValueSpecification","valueRequired":true,"valueName":"search_term_string"}}],"inLanguage":"en-US"}]}},"brands":[{"id":39,"name":"Mitutoyo","slug":"mitutoyo"}],"_links":{"self":[{"href":"https:\/\/techmasterdemexico.com\/en\/wp-json\/wp\/v2\/product\/10246","targetHints":{"allow":["GET"]}}],"collection":[{"href":"https:\/\/techmasterdemexico.com\/en\/wp-json\/wp\/v2\/product"}],"about":[{"href":"https:\/\/techmasterdemexico.com\/en\/wp-json\/wp\/v2\/types\/product"}],"wp:featuredmedia":[{"embeddable":true,"href":"https:\/\/techmasterdemexico.com\/en\/wp-json\/wp\/v2\/media\/10970"}],"wp:attachment":[{"href":"https:\/\/techmasterdemexico.com\/en\/wp-json\/wp\/v2\/media?parent=10246"}],"wp:term":[{"taxonomy":"pwb-brand","embeddable":true,"href":"https:\/\/techmasterdemexico.com\/en\/wp-json\/wp\/v2\/pwb-brand?post=10246"},{"taxonomy":"product_brand","embeddable":true,"href":"https:\/\/techmasterdemexico.com\/en\/wp-json\/wp\/v2\/product_brand?post=10246"},{"taxonomy":"product_cat","embeddable":true,"href":"https:\/\/techmasterdemexico.com\/en\/wp-json\/wp\/v2\/product_cat?post=10246"},{"taxonomy":"product_tag","embeddable":true,"href":"https:\/\/techmasterdemexico.com\/en\/wp-json\/wp\/v2\/product_tag?post=10246"}],"curies":[{"name":"wp","href":"https:\/\/api.w.org\/{rel}","templated":true}]}}