{"id":10242,"date":"2021-10-28T17:41:20","date_gmt":"2021-10-28T17:41:20","guid":{"rendered":"https:\/\/techmastermx.ddns.net\/producto\/durometro-compacto-digital-shore-d-hardmatic-hh-338\/"},"modified":"2022-05-12T04:39:35","modified_gmt":"2022-05-12T04:39:35","slug":"durometro-compacto-digital-shore-d-hardmatic-hh-338","status":"publish","type":"product","link":"https:\/\/techmasterdemexico.com\/en\/producto\/durometro-compacto-digital-shore-d-hardmatic-hh-338\/","title":{"rendered":"Dur\u00f3metro Compacto\/Digital Shore D HARDMATIC HH-338"},"content":{"rendered":"<p>HH-338 Durometer Type D Compact\/Digital<br \/>\nShore Durometer HH-300 Series<br \/>\nN\u00famero de art\u00edculo: 811-338-10<\/p>\n<p>Estos dur\u00f3metros compactos digitales\/indicador de escala Shore D realizan ensayos de durezas en una amplia variedad de materiales y le ofrece los siguientes beneficios:<\/p>\n<p>&nbsp;<\/p>\n<p>Puede usarlos para ensayos de dureza en materiales como caucho duro, pl\u00e1sticos duros, vidrio acr\u00edlico, poliestireno, termopl\u00e1sticos r\u00edgidos, vinilo, acetato de celulosa, etc.<\/p>\n","protected":false},"excerpt":{"rendered":"<ul>\n<li>Visualizador: Digital<\/li>\n<li>Modelo: HH.338<\/li>\n<li>Peso : 0,29 kg<\/li>\n<li>Dureza: HD<\/li>\n<\/ul>\n","protected":false},"featured_media":10956,"template":"","meta":{"_acf_changed":false},"pwb-brand":[39],"product_brand":[],"product_cat":[366,302,303,38],"product_tag":[],"class_list":{"0":"post-10242","1":"product","2":"type-product","3":"status-publish","4":"has-post-thumbnail","6":"pwb-brand-mitutoyo","7":"product_cat-todos-los-productos","8":"product_cat-durometros-mitutoyo","9":"product_cat-durometros-portatiles","10":"product_cat-mitutoyo","12":"first","13":"instock","14":"taxable","15":"shipping-taxable","16":"product-type-simple"},"acf":[],"yoast_head":"<!-- This site is optimized with the Yoast SEO plugin v27.3 - https:\/\/yoast.com\/product\/yoast-seo-wordpress\/ -->\n<title>Dur\u00f3metro Compacto\/Digital Shore D HARDMATIC HH-338 - Techmaster de Mexico<\/title>\n<meta name=\"robots\" content=\"index, follow, max-snippet:-1, max-image-preview:large, max-video-preview:-1\" \/>\n<link rel=\"canonical\" href=\"https:\/\/techmasterdemexico.com\/producto\/durometro-compacto-digital-shore-d-hardmatic-hh-338\/\" \/>\n<meta property=\"og:locale\" content=\"en_US\" \/>\n<meta property=\"og:type\" content=\"article\" \/>\n<meta property=\"og:title\" content=\"Dur\u00f3metro Compacto\/Digital Shore D HARDMATIC HH-338 - Techmaster de Mexico\" \/>\n<meta property=\"og:description\" content=\"Visualizador: Digital  Modelo: HH.338  Peso : 0,29 kg  Dureza: HD\" \/>\n<meta property=\"og:url\" content=\"https:\/\/techmasterdemexico.com\/producto\/durometro-compacto-digital-shore-d-hardmatic-hh-338\/\" \/>\n<meta property=\"og:site_name\" content=\"Techmaster de Mexico\" \/>\n<meta property=\"article:modified_time\" content=\"2022-05-12T04:39:35+00:00\" \/>\n<meta property=\"og:image\" content=\"https:\/\/techmasterdemexico.com\/wp-content\/uploads\/2021\/10\/811-338-10.jpg\" \/>\n\t<meta property=\"og:image:width\" content=\"800\" \/>\n\t<meta property=\"og:image:height\" content=\"800\" \/>\n\t<meta property=\"og:image:type\" content=\"image\/jpeg\" \/>\n<meta name=\"twitter:card\" content=\"summary_large_image\" \/>\n<script type=\"application\/ld+json\" class=\"yoast-schema-graph\">{\"@context\":\"https:\\\/\\\/schema.org\",\"@graph\":[{\"@type\":\"WebPage\",\"@id\":\"https:\\\/\\\/techmasterdemexico.com\\\/producto\\\/durometro-compacto-digital-shore-d-hardmatic-hh-338\\\/\",\"url\":\"https:\\\/\\\/techmasterdemexico.com\\\/producto\\\/durometro-compacto-digital-shore-d-hardmatic-hh-338\\\/\",\"name\":\"Dur\u00f3metro Compacto\\\/Digital Shore D HARDMATIC HH-338 - Techmaster de Mexico\",\"isPartOf\":{\"@id\":\"https:\\\/\\\/techmasterdemexico.com\\\/#website\"},\"primaryImageOfPage\":{\"@id\":\"https:\\\/\\\/techmasterdemexico.com\\\/producto\\\/durometro-compacto-digital-shore-d-hardmatic-hh-338\\\/#primaryimage\"},\"image\":{\"@id\":\"https:\\\/\\\/techmasterdemexico.com\\\/producto\\\/durometro-compacto-digital-shore-d-hardmatic-hh-338\\\/#primaryimage\"},\"thumbnailUrl\":\"https:\\\/\\\/techmasterdemexico.com\\\/wp-content\\\/uploads\\\/2021\\\/10\\\/811-338-10.jpg\",\"datePublished\":\"2021-10-28T17:41:20+00:00\",\"dateModified\":\"2022-05-12T04:39:35+00:00\",\"breadcrumb\":{\"@id\":\"https:\\\/\\\/techmasterdemexico.com\\\/producto\\\/durometro-compacto-digital-shore-d-hardmatic-hh-338\\\/#breadcrumb\"},\"inLanguage\":\"en-US\",\"potentialAction\":[{\"@type\":\"ReadAction\",\"target\":[\"https:\\\/\\\/techmasterdemexico.com\\\/producto\\\/durometro-compacto-digital-shore-d-hardmatic-hh-338\\\/\"]}]},{\"@type\":\"ImageObject\",\"inLanguage\":\"en-US\",\"@id\":\"https:\\\/\\\/techmasterdemexico.com\\\/producto\\\/durometro-compacto-digital-shore-d-hardmatic-hh-338\\\/#primaryimage\",\"url\":\"https:\\\/\\\/techmasterdemexico.com\\\/wp-content\\\/uploads\\\/2021\\\/10\\\/811-338-10.jpg\",\"contentUrl\":\"https:\\\/\\\/techmasterdemexico.com\\\/wp-content\\\/uploads\\\/2021\\\/10\\\/811-338-10.jpg\",\"width\":800,\"height\":800},{\"@type\":\"BreadcrumbList\",\"@id\":\"https:\\\/\\\/techmasterdemexico.com\\\/producto\\\/durometro-compacto-digital-shore-d-hardmatic-hh-338\\\/#breadcrumb\",\"itemListElement\":[{\"@type\":\"ListItem\",\"position\":1,\"name\":\"Portada\",\"item\":\"https:\\\/\\\/techmasterdemexico.com\\\/\"},{\"@type\":\"ListItem\",\"position\":2,\"name\":\"Dur\u00f3metro Compacto\\\/Digital Shore D HARDMATIC HH-338\"}]},{\"@type\":\"WebSite\",\"@id\":\"https:\\\/\\\/techmasterdemexico.com\\\/#website\",\"url\":\"https:\\\/\\\/techmasterdemexico.com\\\/\",\"name\":\"Techmaster de Mexico\",\"description\":\"\",\"potentialAction\":[{\"@type\":\"SearchAction\",\"target\":{\"@type\":\"EntryPoint\",\"urlTemplate\":\"https:\\\/\\\/techmasterdemexico.com\\\/?s={search_term_string}\"},\"query-input\":{\"@type\":\"PropertyValueSpecification\",\"valueRequired\":true,\"valueName\":\"search_term_string\"}}],\"inLanguage\":\"en-US\"}]}<\/script>\n<!-- \/ Yoast SEO plugin. -->","yoast_head_json":{"title":"Dur\u00f3metro Compacto\/Digital Shore D HARDMATIC HH-338 - Techmaster de Mexico","robots":{"index":"index","follow":"follow","max-snippet":"max-snippet:-1","max-image-preview":"max-image-preview:large","max-video-preview":"max-video-preview:-1"},"canonical":"https:\/\/techmasterdemexico.com\/producto\/durometro-compacto-digital-shore-d-hardmatic-hh-338\/","og_locale":"en_US","og_type":"article","og_title":"Dur\u00f3metro Compacto\/Digital Shore D HARDMATIC HH-338 - Techmaster de Mexico","og_description":"Visualizador: Digital  Modelo: HH.338  Peso : 0,29 kg  Dureza: HD","og_url":"https:\/\/techmasterdemexico.com\/producto\/durometro-compacto-digital-shore-d-hardmatic-hh-338\/","og_site_name":"Techmaster de Mexico","article_modified_time":"2022-05-12T04:39:35+00:00","og_image":[{"width":800,"height":800,"url":"https:\/\/techmasterdemexico.com\/wp-content\/uploads\/2021\/10\/811-338-10.jpg","type":"image\/jpeg"}],"twitter_card":"summary_large_image","schema":{"@context":"https:\/\/schema.org","@graph":[{"@type":"WebPage","@id":"https:\/\/techmasterdemexico.com\/producto\/durometro-compacto-digital-shore-d-hardmatic-hh-338\/","url":"https:\/\/techmasterdemexico.com\/producto\/durometro-compacto-digital-shore-d-hardmatic-hh-338\/","name":"Dur\u00f3metro Compacto\/Digital Shore D HARDMATIC HH-338 - Techmaster de Mexico","isPartOf":{"@id":"https:\/\/techmasterdemexico.com\/#website"},"primaryImageOfPage":{"@id":"https:\/\/techmasterdemexico.com\/producto\/durometro-compacto-digital-shore-d-hardmatic-hh-338\/#primaryimage"},"image":{"@id":"https:\/\/techmasterdemexico.com\/producto\/durometro-compacto-digital-shore-d-hardmatic-hh-338\/#primaryimage"},"thumbnailUrl":"https:\/\/techmasterdemexico.com\/wp-content\/uploads\/2021\/10\/811-338-10.jpg","datePublished":"2021-10-28T17:41:20+00:00","dateModified":"2022-05-12T04:39:35+00:00","breadcrumb":{"@id":"https:\/\/techmasterdemexico.com\/producto\/durometro-compacto-digital-shore-d-hardmatic-hh-338\/#breadcrumb"},"inLanguage":"en-US","potentialAction":[{"@type":"ReadAction","target":["https:\/\/techmasterdemexico.com\/producto\/durometro-compacto-digital-shore-d-hardmatic-hh-338\/"]}]},{"@type":"ImageObject","inLanguage":"en-US","@id":"https:\/\/techmasterdemexico.com\/producto\/durometro-compacto-digital-shore-d-hardmatic-hh-338\/#primaryimage","url":"https:\/\/techmasterdemexico.com\/wp-content\/uploads\/2021\/10\/811-338-10.jpg","contentUrl":"https:\/\/techmasterdemexico.com\/wp-content\/uploads\/2021\/10\/811-338-10.jpg","width":800,"height":800},{"@type":"BreadcrumbList","@id":"https:\/\/techmasterdemexico.com\/producto\/durometro-compacto-digital-shore-d-hardmatic-hh-338\/#breadcrumb","itemListElement":[{"@type":"ListItem","position":1,"name":"Portada","item":"https:\/\/techmasterdemexico.com\/"},{"@type":"ListItem","position":2,"name":"Dur\u00f3metro Compacto\/Digital Shore D HARDMATIC HH-338"}]},{"@type":"WebSite","@id":"https:\/\/techmasterdemexico.com\/#website","url":"https:\/\/techmasterdemexico.com\/","name":"Techmaster de Mexico","description":"","potentialAction":[{"@type":"SearchAction","target":{"@type":"EntryPoint","urlTemplate":"https:\/\/techmasterdemexico.com\/?s={search_term_string}"},"query-input":{"@type":"PropertyValueSpecification","valueRequired":true,"valueName":"search_term_string"}}],"inLanguage":"en-US"}]}},"brands":[{"id":39,"name":"Mitutoyo","slug":"mitutoyo"}],"_links":{"self":[{"href":"https:\/\/techmasterdemexico.com\/en\/wp-json\/wp\/v2\/product\/10242","targetHints":{"allow":["GET"]}}],"collection":[{"href":"https:\/\/techmasterdemexico.com\/en\/wp-json\/wp\/v2\/product"}],"about":[{"href":"https:\/\/techmasterdemexico.com\/en\/wp-json\/wp\/v2\/types\/product"}],"wp:featuredmedia":[{"embeddable":true,"href":"https:\/\/techmasterdemexico.com\/en\/wp-json\/wp\/v2\/media\/10956"}],"wp:attachment":[{"href":"https:\/\/techmasterdemexico.com\/en\/wp-json\/wp\/v2\/media?parent=10242"}],"wp:term":[{"taxonomy":"pwb-brand","embeddable":true,"href":"https:\/\/techmasterdemexico.com\/en\/wp-json\/wp\/v2\/pwb-brand?post=10242"},{"taxonomy":"product_brand","embeddable":true,"href":"https:\/\/techmasterdemexico.com\/en\/wp-json\/wp\/v2\/product_brand?post=10242"},{"taxonomy":"product_cat","embeddable":true,"href":"https:\/\/techmasterdemexico.com\/en\/wp-json\/wp\/v2\/product_cat?post=10242"},{"taxonomy":"product_tag","embeddable":true,"href":"https:\/\/techmasterdemexico.com\/en\/wp-json\/wp\/v2\/product_tag?post=10242"}],"curies":[{"name":"wp","href":"https:\/\/api.w.org\/{rel}","templated":true}]}}