{"id":10229,"date":"2021-10-28T17:41:14","date_gmt":"2021-10-28T17:41:14","guid":{"rendered":"https:\/\/techmastermx.ddns.net\/producto\/durometro-hardmatic-hh-411\/"},"modified":"2022-05-12T04:40:10","modified_gmt":"2022-05-12T04:40:10","slug":"durometro-hardmatic-hh-411","status":"publish","type":"product","link":"https:\/\/techmasterdemexico.com\/en\/producto\/durometro-hardmatic-hh-411\/","title":{"rendered":"Dur\u00f3metro HARDMATIC HH-411"},"content":{"rendered":"<p>Equipos port\u00e1tiles para la medici\u00f3n de dureza HH-411<br \/>\nHH-411 unit with HLD impact device<br \/>\nN\u00famero de art\u00edculo: 810-298-10<\/p>\n<p>Este es un instrumento de ensayo de dureza port\u00e1til de lectura digital liviano para piezas de trabajo de metal.<\/p>\n<p>&nbsp;<\/p>\n<p>El Hardmatic HH-411 le ofrece los siguientes beneficios:<\/p>\n<ul>\n<li>Funciona seg\u00fan el principio de dureza de rebote (estandarizado seg\u00fan ASTM A 956).<\/li>\n<li>La medici\u00f3n se realiza con el valor de dureza L (valor de Leeb) pero puede convertir a cualquier escala de dureza deseada.<\/li>\n<li>La pantalla muestra autom\u00e1ticamente GO \/ \u00b1 NO GO con la funci\u00f3n de tolerancia configurada y seleccionada.<\/li>\n<li>Tiene una funci\u00f3n de memoria para 1800 valores medidos<\/li>\n<\/ul>\n","protected":false},"excerpt":{"rendered":"<p>Equipos port\u00e1tiles para la medici\u00f3n de dureza HH-411 HH-411 unit with HLD impact device N\u00famero de art\u00edculo: 810-298-10 Este es un instrumento de ensayo de dureza port\u00e1til de lectura digital liviano para piezas de trabajo de metal. &nbsp; El Hardmatic HH-411 le ofrece los siguientes beneficios: Funciona seg\u00fan el principio de dureza de rebote (estandarizado [&hellip;]<\/p>\n","protected":false},"featured_media":10940,"template":"","meta":{"_acf_changed":false},"pwb-brand":[39],"product_brand":[],"product_cat":[366,302,303,38],"product_tag":[],"class_list":{"0":"post-10229","1":"product","2":"type-product","3":"status-publish","4":"has-post-thumbnail","6":"pwb-brand-mitutoyo","7":"product_cat-todos-los-productos","8":"product_cat-durometros-mitutoyo","9":"product_cat-durometros-portatiles","10":"product_cat-mitutoyo","12":"first","13":"instock","14":"taxable","15":"shipping-taxable","16":"product-type-simple"},"acf":[],"yoast_head":"<!-- This site is optimized with the Yoast SEO plugin v27.5 - https:\/\/yoast.com\/product\/yoast-seo-wordpress\/ -->\n<title>Dur\u00f3metro HARDMATIC HH-411 - Techmaster de Mexico<\/title>\n<meta name=\"robots\" content=\"index, follow, max-snippet:-1, max-image-preview:large, max-video-preview:-1\" \/>\n<link rel=\"canonical\" href=\"https:\/\/techmasterdemexico.com\/producto\/durometro-hardmatic-hh-411\/\" \/>\n<meta property=\"og:locale\" content=\"en_US\" \/>\n<meta property=\"og:type\" content=\"article\" \/>\n<meta property=\"og:title\" content=\"Dur\u00f3metro HARDMATIC HH-411 - Techmaster de Mexico\" \/>\n<meta property=\"og:description\" content=\"Equipos port\u00e1tiles para la medici\u00f3n de dureza HH-411 HH-411 unit with HLD impact device N\u00famero de art\u00edculo: 810-298-10 Este es un instrumento de ensayo de dureza port\u00e1til de lectura digital liviano para piezas de trabajo de metal. &nbsp; El Hardmatic HH-411 le ofrece los siguientes beneficios: Funciona seg\u00fan el principio de dureza de rebote (estandarizado [&hellip;]\" \/>\n<meta property=\"og:url\" content=\"https:\/\/techmasterdemexico.com\/producto\/durometro-hardmatic-hh-411\/\" \/>\n<meta property=\"og:site_name\" content=\"Techmaster de Mexico\" \/>\n<meta property=\"article:modified_time\" content=\"2022-05-12T04:40:10+00:00\" \/>\n<meta property=\"og:image\" content=\"https:\/\/techmasterdemexico.com\/wp-content\/uploads\/2021\/10\/810-298-10.jpg\" \/>\n\t<meta property=\"og:image:width\" content=\"600\" \/>\n\t<meta property=\"og:image:height\" content=\"600\" \/>\n\t<meta property=\"og:image:type\" content=\"image\/jpeg\" \/>\n<meta name=\"twitter:card\" content=\"summary_large_image\" \/>\n<meta name=\"twitter:label1\" content=\"Est. reading time\" \/>\n\t<meta name=\"twitter:data1\" content=\"1 minute\" \/>\n<script type=\"application\/ld+json\" class=\"yoast-schema-graph\">{\"@context\":\"https:\\\/\\\/schema.org\",\"@graph\":[{\"@type\":\"WebPage\",\"@id\":\"https:\\\/\\\/techmasterdemexico.com\\\/producto\\\/durometro-hardmatic-hh-411\\\/\",\"url\":\"https:\\\/\\\/techmasterdemexico.com\\\/producto\\\/durometro-hardmatic-hh-411\\\/\",\"name\":\"Dur\u00f3metro HARDMATIC HH-411 - Techmaster de Mexico\",\"isPartOf\":{\"@id\":\"https:\\\/\\\/techmasterdemexico.com\\\/#website\"},\"primaryImageOfPage\":{\"@id\":\"https:\\\/\\\/techmasterdemexico.com\\\/producto\\\/durometro-hardmatic-hh-411\\\/#primaryimage\"},\"image\":{\"@id\":\"https:\\\/\\\/techmasterdemexico.com\\\/producto\\\/durometro-hardmatic-hh-411\\\/#primaryimage\"},\"thumbnailUrl\":\"https:\\\/\\\/techmasterdemexico.com\\\/wp-content\\\/uploads\\\/2021\\\/10\\\/810-298-10.jpg\",\"datePublished\":\"2021-10-28T17:41:14+00:00\",\"dateModified\":\"2022-05-12T04:40:10+00:00\",\"breadcrumb\":{\"@id\":\"https:\\\/\\\/techmasterdemexico.com\\\/producto\\\/durometro-hardmatic-hh-411\\\/#breadcrumb\"},\"inLanguage\":\"en-US\",\"potentialAction\":[{\"@type\":\"ReadAction\",\"target\":[\"https:\\\/\\\/techmasterdemexico.com\\\/producto\\\/durometro-hardmatic-hh-411\\\/\"]}]},{\"@type\":\"ImageObject\",\"inLanguage\":\"en-US\",\"@id\":\"https:\\\/\\\/techmasterdemexico.com\\\/producto\\\/durometro-hardmatic-hh-411\\\/#primaryimage\",\"url\":\"https:\\\/\\\/techmasterdemexico.com\\\/wp-content\\\/uploads\\\/2021\\\/10\\\/810-298-10.jpg\",\"contentUrl\":\"https:\\\/\\\/techmasterdemexico.com\\\/wp-content\\\/uploads\\\/2021\\\/10\\\/810-298-10.jpg\",\"width\":600,\"height\":600},{\"@type\":\"BreadcrumbList\",\"@id\":\"https:\\\/\\\/techmasterdemexico.com\\\/producto\\\/durometro-hardmatic-hh-411\\\/#breadcrumb\",\"itemListElement\":[{\"@type\":\"ListItem\",\"position\":1,\"name\":\"Portada\",\"item\":\"https:\\\/\\\/techmasterdemexico.com\\\/\"},{\"@type\":\"ListItem\",\"position\":2,\"name\":\"Dur\u00f3metro HARDMATIC HH-411\"}]},{\"@type\":\"WebSite\",\"@id\":\"https:\\\/\\\/techmasterdemexico.com\\\/#website\",\"url\":\"https:\\\/\\\/techmasterdemexico.com\\\/\",\"name\":\"Techmaster de Mexico\",\"description\":\"\",\"potentialAction\":[{\"@type\":\"SearchAction\",\"target\":{\"@type\":\"EntryPoint\",\"urlTemplate\":\"https:\\\/\\\/techmasterdemexico.com\\\/?s={search_term_string}\"},\"query-input\":{\"@type\":\"PropertyValueSpecification\",\"valueRequired\":true,\"valueName\":\"search_term_string\"}}],\"inLanguage\":\"en-US\"}]}<\/script>\n<!-- \/ Yoast SEO plugin. -->","yoast_head_json":{"title":"Dur\u00f3metro HARDMATIC HH-411 - Techmaster de Mexico","robots":{"index":"index","follow":"follow","max-snippet":"max-snippet:-1","max-image-preview":"max-image-preview:large","max-video-preview":"max-video-preview:-1"},"canonical":"https:\/\/techmasterdemexico.com\/producto\/durometro-hardmatic-hh-411\/","og_locale":"en_US","og_type":"article","og_title":"Dur\u00f3metro HARDMATIC HH-411 - Techmaster de Mexico","og_description":"Equipos port\u00e1tiles para la medici\u00f3n de dureza HH-411 HH-411 unit with HLD impact device N\u00famero de art\u00edculo: 810-298-10 Este es un instrumento de ensayo de dureza port\u00e1til de lectura digital liviano para piezas de trabajo de metal. &nbsp; El Hardmatic HH-411 le ofrece los siguientes beneficios: Funciona seg\u00fan el principio de dureza de rebote (estandarizado [&hellip;]","og_url":"https:\/\/techmasterdemexico.com\/producto\/durometro-hardmatic-hh-411\/","og_site_name":"Techmaster de Mexico","article_modified_time":"2022-05-12T04:40:10+00:00","og_image":[{"width":600,"height":600,"url":"https:\/\/techmasterdemexico.com\/wp-content\/uploads\/2021\/10\/810-298-10.jpg","type":"image\/jpeg"}],"twitter_card":"summary_large_image","twitter_misc":{"Est. reading time":"1 minute"},"schema":{"@context":"https:\/\/schema.org","@graph":[{"@type":"WebPage","@id":"https:\/\/techmasterdemexico.com\/producto\/durometro-hardmatic-hh-411\/","url":"https:\/\/techmasterdemexico.com\/producto\/durometro-hardmatic-hh-411\/","name":"Dur\u00f3metro HARDMATIC HH-411 - Techmaster de Mexico","isPartOf":{"@id":"https:\/\/techmasterdemexico.com\/#website"},"primaryImageOfPage":{"@id":"https:\/\/techmasterdemexico.com\/producto\/durometro-hardmatic-hh-411\/#primaryimage"},"image":{"@id":"https:\/\/techmasterdemexico.com\/producto\/durometro-hardmatic-hh-411\/#primaryimage"},"thumbnailUrl":"https:\/\/techmasterdemexico.com\/wp-content\/uploads\/2021\/10\/810-298-10.jpg","datePublished":"2021-10-28T17:41:14+00:00","dateModified":"2022-05-12T04:40:10+00:00","breadcrumb":{"@id":"https:\/\/techmasterdemexico.com\/producto\/durometro-hardmatic-hh-411\/#breadcrumb"},"inLanguage":"en-US","potentialAction":[{"@type":"ReadAction","target":["https:\/\/techmasterdemexico.com\/producto\/durometro-hardmatic-hh-411\/"]}]},{"@type":"ImageObject","inLanguage":"en-US","@id":"https:\/\/techmasterdemexico.com\/producto\/durometro-hardmatic-hh-411\/#primaryimage","url":"https:\/\/techmasterdemexico.com\/wp-content\/uploads\/2021\/10\/810-298-10.jpg","contentUrl":"https:\/\/techmasterdemexico.com\/wp-content\/uploads\/2021\/10\/810-298-10.jpg","width":600,"height":600},{"@type":"BreadcrumbList","@id":"https:\/\/techmasterdemexico.com\/producto\/durometro-hardmatic-hh-411\/#breadcrumb","itemListElement":[{"@type":"ListItem","position":1,"name":"Portada","item":"https:\/\/techmasterdemexico.com\/"},{"@type":"ListItem","position":2,"name":"Dur\u00f3metro HARDMATIC HH-411"}]},{"@type":"WebSite","@id":"https:\/\/techmasterdemexico.com\/#website","url":"https:\/\/techmasterdemexico.com\/","name":"Techmaster de Mexico","description":"","potentialAction":[{"@type":"SearchAction","target":{"@type":"EntryPoint","urlTemplate":"https:\/\/techmasterdemexico.com\/?s={search_term_string}"},"query-input":{"@type":"PropertyValueSpecification","valueRequired":true,"valueName":"search_term_string"}}],"inLanguage":"en-US"}]}},"brands":[{"id":39,"name":"Mitutoyo","slug":"mitutoyo"}],"_links":{"self":[{"href":"https:\/\/techmasterdemexico.com\/en\/wp-json\/wp\/v2\/product\/10229","targetHints":{"allow":["GET"]}}],"collection":[{"href":"https:\/\/techmasterdemexico.com\/en\/wp-json\/wp\/v2\/product"}],"about":[{"href":"https:\/\/techmasterdemexico.com\/en\/wp-json\/wp\/v2\/types\/product"}],"wp:featuredmedia":[{"embeddable":true,"href":"https:\/\/techmasterdemexico.com\/en\/wp-json\/wp\/v2\/media\/10940"}],"wp:attachment":[{"href":"https:\/\/techmasterdemexico.com\/en\/wp-json\/wp\/v2\/media?parent=10229"}],"wp:term":[{"taxonomy":"pwb-brand","embeddable":true,"href":"https:\/\/techmasterdemexico.com\/en\/wp-json\/wp\/v2\/pwb-brand?post=10229"},{"taxonomy":"product_brand","embeddable":true,"href":"https:\/\/techmasterdemexico.com\/en\/wp-json\/wp\/v2\/product_brand?post=10229"},{"taxonomy":"product_cat","embeddable":true,"href":"https:\/\/techmasterdemexico.com\/en\/wp-json\/wp\/v2\/product_cat?post=10229"},{"taxonomy":"product_tag","embeddable":true,"href":"https:\/\/techmasterdemexico.com\/en\/wp-json\/wp\/v2\/product_tag?post=10229"}],"curies":[{"name":"wp","href":"https:\/\/api.w.org\/{rel}","templated":true}]}}