{"id":10034,"date":"2021-10-11T19:30:25","date_gmt":"2021-10-11T19:30:25","guid":{"rendered":"https:\/\/techmastermx.ddns.net\/producto\/espatulas-2\/"},"modified":"2023-09-13T17:12:18","modified_gmt":"2023-09-14T00:12:18","slug":"espatulas-2","status":"publish","type":"product","link":"https:\/\/techmasterdemexico.com\/en\/producto\/espatulas-2\/","title":{"rendered":"Esp\u00e1tulas"},"content":{"rendered":"<ul>\n<li>&#8211; Las cuchillas de lat\u00f3n macizo templado por resorte no dejan marcas, no producen chispas, no son magn\u00e9ticas ni corrosivas<\/li>\n<li>&#8211; Los mangos de goma blanda moldeada proporcionan un agarre seguro y son resistentes a la mayor\u00eda de los disolventes<\/li>\n<li>&#8211; El dise\u00f1o de cuello acampanado protege contra el deslizamiento de la mano durante el uso<\/li>\n<li>&#8211; Estilo de hoja r\u00edgida<\/li>\n<\/ul>\n<p>&nbsp;<\/p>\n<p>Especificaciones<\/p>\n<ul>\n<li>Ancho de la hoja, pulgadas (mm) 2 (51)<\/li>\n<li>Color del mango Azul\/Gris<\/li>\n<li>Filo Recto<\/li>\n<li>Pa\u00eds de origen CAN<\/li>\n<li>Longitud de la hoja, pulgadas (mm) 3-1\/2 (89)<\/li>\n<li>Longitud del mango, pulgadas 4-7\/8<\/li>\n<li>Estilo de la hoja R\u00edgida<\/li>\n<\/ul>\n","protected":false},"excerpt":{"rendered":"<p>&#8211; Las cuchillas de lat\u00f3n macizo templado por resorte no dejan marcas, no producen chispas, no son magn\u00e9ticas ni corrosivas &#8211; Los mangos de goma blanda moldeada proporcionan un agarre seguro y son resistentes a la mayor\u00eda de los disolventes &#8211; El dise\u00f1o de cuello acampanado protege contra el deslizamiento de la mano durante el [&hellip;]<\/p>\n","protected":false},"featured_media":20686,"template":"","meta":{"_acf_changed":false},"pwb-brand":[98],"product_brand":[],"product_cat":[366,287,293,48],"product_tag":[],"class_list":{"0":"post-10034","1":"product","2":"type-product","3":"status-publish","4":"has-post-thumbnail","6":"pwb-brand-snap-on","7":"product_cat-todos-los-productos","8":"product_cat-herramientas-manuales-generales","9":"product_cat-raspadores-y-espatulas","10":"product_cat-snap-on","12":"first","13":"instock","14":"taxable","15":"shipping-taxable","16":"product-type-simple"},"acf":[],"yoast_head":"<!-- This site is optimized with the Yoast SEO plugin v27.4 - https:\/\/yoast.com\/product\/yoast-seo-wordpress\/ -->\n<title>Esp\u00e1tulas - Techmaster de Mexico<\/title>\n<meta name=\"robots\" content=\"index, follow, max-snippet:-1, max-image-preview:large, max-video-preview:-1\" \/>\n<link rel=\"canonical\" href=\"https:\/\/techmasterdemexico.com\/producto\/espatulas-2\/\" \/>\n<meta property=\"og:locale\" content=\"en_US\" \/>\n<meta property=\"og:type\" content=\"article\" \/>\n<meta property=\"og:title\" content=\"Esp\u00e1tulas - Techmaster de Mexico\" \/>\n<meta property=\"og:description\" content=\"&#8211; Las cuchillas de lat\u00f3n macizo templado por resorte no dejan marcas, no producen chispas, no son magn\u00e9ticas ni corrosivas &#8211; Los mangos de goma blanda moldeada proporcionan un agarre seguro y son resistentes a la mayor\u00eda de los disolventes &#8211; El dise\u00f1o de cuello acampanado protege contra el deslizamiento de la mano durante el [&hellip;]\" \/>\n<meta property=\"og:url\" content=\"https:\/\/techmasterdemexico.com\/producto\/espatulas-2\/\" \/>\n<meta property=\"og:site_name\" content=\"Techmaster de Mexico\" \/>\n<meta property=\"article:modified_time\" content=\"2023-09-14T00:12:18+00:00\" \/>\n<meta property=\"og:image\" content=\"https:\/\/techmasterdemexico.com\/wp-content\/uploads\/snap-on-PKB50A.png\" \/>\n\t<meta property=\"og:image:width\" content=\"1000\" \/>\n\t<meta property=\"og:image:height\" content=\"1000\" \/>\n\t<meta property=\"og:image:type\" content=\"image\/png\" \/>\n<meta name=\"twitter:card\" content=\"summary_large_image\" \/>\n<meta name=\"twitter:label1\" content=\"Est. reading time\" \/>\n\t<meta name=\"twitter:data1\" content=\"1 minute\" \/>\n<script type=\"application\/ld+json\" class=\"yoast-schema-graph\">{\"@context\":\"https:\\\/\\\/schema.org\",\"@graph\":[{\"@type\":\"WebPage\",\"@id\":\"https:\\\/\\\/techmasterdemexico.com\\\/producto\\\/espatulas-2\\\/\",\"url\":\"https:\\\/\\\/techmasterdemexico.com\\\/producto\\\/espatulas-2\\\/\",\"name\":\"Esp\u00e1tulas - Techmaster de Mexico\",\"isPartOf\":{\"@id\":\"https:\\\/\\\/techmasterdemexico.com\\\/#website\"},\"primaryImageOfPage\":{\"@id\":\"https:\\\/\\\/techmasterdemexico.com\\\/producto\\\/espatulas-2\\\/#primaryimage\"},\"image\":{\"@id\":\"https:\\\/\\\/techmasterdemexico.com\\\/producto\\\/espatulas-2\\\/#primaryimage\"},\"thumbnailUrl\":\"https:\\\/\\\/techmasterdemexico.com\\\/wp-content\\\/uploads\\\/snap-on-PKB50A.png\",\"datePublished\":\"2021-10-11T19:30:25+00:00\",\"dateModified\":\"2023-09-14T00:12:18+00:00\",\"breadcrumb\":{\"@id\":\"https:\\\/\\\/techmasterdemexico.com\\\/producto\\\/espatulas-2\\\/#breadcrumb\"},\"inLanguage\":\"en-US\",\"potentialAction\":[{\"@type\":\"ReadAction\",\"target\":[\"https:\\\/\\\/techmasterdemexico.com\\\/producto\\\/espatulas-2\\\/\"]}]},{\"@type\":\"ImageObject\",\"inLanguage\":\"en-US\",\"@id\":\"https:\\\/\\\/techmasterdemexico.com\\\/producto\\\/espatulas-2\\\/#primaryimage\",\"url\":\"https:\\\/\\\/techmasterdemexico.com\\\/wp-content\\\/uploads\\\/snap-on-PKB50A.png\",\"contentUrl\":\"https:\\\/\\\/techmasterdemexico.com\\\/wp-content\\\/uploads\\\/snap-on-PKB50A.png\",\"width\":1000,\"height\":1000},{\"@type\":\"BreadcrumbList\",\"@id\":\"https:\\\/\\\/techmasterdemexico.com\\\/producto\\\/espatulas-2\\\/#breadcrumb\",\"itemListElement\":[{\"@type\":\"ListItem\",\"position\":1,\"name\":\"Portada\",\"item\":\"https:\\\/\\\/techmasterdemexico.com\\\/\"},{\"@type\":\"ListItem\",\"position\":2,\"name\":\"Esp\u00e1tulas\"}]},{\"@type\":\"WebSite\",\"@id\":\"https:\\\/\\\/techmasterdemexico.com\\\/#website\",\"url\":\"https:\\\/\\\/techmasterdemexico.com\\\/\",\"name\":\"Techmaster de Mexico\",\"description\":\"\",\"potentialAction\":[{\"@type\":\"SearchAction\",\"target\":{\"@type\":\"EntryPoint\",\"urlTemplate\":\"https:\\\/\\\/techmasterdemexico.com\\\/?s={search_term_string}\"},\"query-input\":{\"@type\":\"PropertyValueSpecification\",\"valueRequired\":true,\"valueName\":\"search_term_string\"}}],\"inLanguage\":\"en-US\"}]}<\/script>\n<!-- \/ Yoast SEO plugin. -->","yoast_head_json":{"title":"Esp\u00e1tulas - Techmaster de Mexico","robots":{"index":"index","follow":"follow","max-snippet":"max-snippet:-1","max-image-preview":"max-image-preview:large","max-video-preview":"max-video-preview:-1"},"canonical":"https:\/\/techmasterdemexico.com\/producto\/espatulas-2\/","og_locale":"en_US","og_type":"article","og_title":"Esp\u00e1tulas - Techmaster de Mexico","og_description":"&#8211; Las cuchillas de lat\u00f3n macizo templado por resorte no dejan marcas, no producen chispas, no son magn\u00e9ticas ni corrosivas &#8211; Los mangos de goma blanda moldeada proporcionan un agarre seguro y son resistentes a la mayor\u00eda de los disolventes &#8211; El dise\u00f1o de cuello acampanado protege contra el deslizamiento de la mano durante el [&hellip;]","og_url":"https:\/\/techmasterdemexico.com\/producto\/espatulas-2\/","og_site_name":"Techmaster de Mexico","article_modified_time":"2023-09-14T00:12:18+00:00","og_image":[{"width":1000,"height":1000,"url":"https:\/\/techmasterdemexico.com\/wp-content\/uploads\/snap-on-PKB50A.png","type":"image\/png"}],"twitter_card":"summary_large_image","twitter_misc":{"Est. reading time":"1 minute"},"schema":{"@context":"https:\/\/schema.org","@graph":[{"@type":"WebPage","@id":"https:\/\/techmasterdemexico.com\/producto\/espatulas-2\/","url":"https:\/\/techmasterdemexico.com\/producto\/espatulas-2\/","name":"Esp\u00e1tulas - Techmaster de Mexico","isPartOf":{"@id":"https:\/\/techmasterdemexico.com\/#website"},"primaryImageOfPage":{"@id":"https:\/\/techmasterdemexico.com\/producto\/espatulas-2\/#primaryimage"},"image":{"@id":"https:\/\/techmasterdemexico.com\/producto\/espatulas-2\/#primaryimage"},"thumbnailUrl":"https:\/\/techmasterdemexico.com\/wp-content\/uploads\/snap-on-PKB50A.png","datePublished":"2021-10-11T19:30:25+00:00","dateModified":"2023-09-14T00:12:18+00:00","breadcrumb":{"@id":"https:\/\/techmasterdemexico.com\/producto\/espatulas-2\/#breadcrumb"},"inLanguage":"en-US","potentialAction":[{"@type":"ReadAction","target":["https:\/\/techmasterdemexico.com\/producto\/espatulas-2\/"]}]},{"@type":"ImageObject","inLanguage":"en-US","@id":"https:\/\/techmasterdemexico.com\/producto\/espatulas-2\/#primaryimage","url":"https:\/\/techmasterdemexico.com\/wp-content\/uploads\/snap-on-PKB50A.png","contentUrl":"https:\/\/techmasterdemexico.com\/wp-content\/uploads\/snap-on-PKB50A.png","width":1000,"height":1000},{"@type":"BreadcrumbList","@id":"https:\/\/techmasterdemexico.com\/producto\/espatulas-2\/#breadcrumb","itemListElement":[{"@type":"ListItem","position":1,"name":"Portada","item":"https:\/\/techmasterdemexico.com\/"},{"@type":"ListItem","position":2,"name":"Esp\u00e1tulas"}]},{"@type":"WebSite","@id":"https:\/\/techmasterdemexico.com\/#website","url":"https:\/\/techmasterdemexico.com\/","name":"Techmaster de Mexico","description":"","potentialAction":[{"@type":"SearchAction","target":{"@type":"EntryPoint","urlTemplate":"https:\/\/techmasterdemexico.com\/?s={search_term_string}"},"query-input":{"@type":"PropertyValueSpecification","valueRequired":true,"valueName":"search_term_string"}}],"inLanguage":"en-US"}]}},"brands":[{"id":98,"name":"Snap On","slug":"snap-on"}],"_links":{"self":[{"href":"https:\/\/techmasterdemexico.com\/en\/wp-json\/wp\/v2\/product\/10034","targetHints":{"allow":["GET"]}}],"collection":[{"href":"https:\/\/techmasterdemexico.com\/en\/wp-json\/wp\/v2\/product"}],"about":[{"href":"https:\/\/techmasterdemexico.com\/en\/wp-json\/wp\/v2\/types\/product"}],"wp:featuredmedia":[{"embeddable":true,"href":"https:\/\/techmasterdemexico.com\/en\/wp-json\/wp\/v2\/media\/20686"}],"wp:attachment":[{"href":"https:\/\/techmasterdemexico.com\/en\/wp-json\/wp\/v2\/media?parent=10034"}],"wp:term":[{"taxonomy":"pwb-brand","embeddable":true,"href":"https:\/\/techmasterdemexico.com\/en\/wp-json\/wp\/v2\/pwb-brand?post=10034"},{"taxonomy":"product_brand","embeddable":true,"href":"https:\/\/techmasterdemexico.com\/en\/wp-json\/wp\/v2\/product_brand?post=10034"},{"taxonomy":"product_cat","embeddable":true,"href":"https:\/\/techmasterdemexico.com\/en\/wp-json\/wp\/v2\/product_cat?post=10034"},{"taxonomy":"product_tag","embeddable":true,"href":"https:\/\/techmasterdemexico.com\/en\/wp-json\/wp\/v2\/product_tag?post=10034"}],"curies":[{"name":"wp","href":"https:\/\/api.w.org\/{rel}","templated":true}]}}