{"id":10032,"date":"2021-10-11T19:30:24","date_gmt":"2021-10-11T19:30:24","guid":{"rendered":"https:\/\/techmastermx.ddns.net\/producto\/raspadores-de-cuchillas-3\/"},"modified":"2023-09-13T17:37:32","modified_gmt":"2023-09-14T00:37:32","slug":"raspadores-de-cuchillas-3","status":"publish","type":"product","link":"https:\/\/techmasterdemexico.com\/en\/producto\/raspadores-de-cuchillas-3\/","title":{"rendered":"Raspadores de cuchillas"},"content":{"rendered":"<ul>\n<li>Elimina juntas, selladores y otros materiales adheridos<\/li>\n<li>El filo de la cuchilla est\u00e1 dise\u00f1ado para trabajar eficazmente tanto en la direcci\u00f3n de empuje como en la de tracci\u00f3n<\/li>\n<li>Hoja de acero inoxidable para mayor durabilidad<\/li>\n<li>La hoja pulida se limpia f\u00e1cilmente<\/li>\n<li>C\u00f3modo mango de composite con tope para el pulgar para un m\u00e1ximo control y empu\u00f1adura ancha para mayor control<\/li>\n<\/ul>\n<p>&nbsp;<\/p>\n<p>Especificaciones<\/p>\n<ul>\n<li>Longitud, pulgadas (mm) 8 (203)<\/li>\n<li>Pa\u00eds de origen TWN<\/li>\n<li>Longitud de la hoja, pulgadas (mm) 3-3\/8 (85)<\/li>\n<li>Estilo de la hoja Cuchara<\/li>\n<\/ul>\n","protected":false},"excerpt":{"rendered":"<p>Elimina juntas, selladores y otros materiales adheridos El filo de la cuchilla est\u00e1 dise\u00f1ado para trabajar eficazmente tanto en la direcci\u00f3n de empuje como en la de tracci\u00f3n Hoja de acero inoxidable para mayor durabilidad La hoja pulida se limpia f\u00e1cilmente C\u00f3modo mango de composite con tope para el pulgar para un m\u00e1ximo control y [&hellip;]<\/p>\n","protected":false},"featured_media":20698,"template":"","meta":{"_acf_changed":false},"pwb-brand":[98],"product_brand":[],"product_cat":[366,287,293,48],"product_tag":[],"class_list":{"0":"post-10032","1":"product","2":"type-product","3":"status-publish","4":"has-post-thumbnail","6":"pwb-brand-snap-on","7":"product_cat-todos-los-productos","8":"product_cat-herramientas-manuales-generales","9":"product_cat-raspadores-y-espatulas","10":"product_cat-snap-on","12":"first","13":"instock","14":"taxable","15":"shipping-taxable","16":"product-type-simple"},"acf":[],"yoast_head":"<!-- This site is optimized with the Yoast SEO plugin v27.4 - https:\/\/yoast.com\/product\/yoast-seo-wordpress\/ -->\n<title>Raspadores de cuchillas - Techmaster de Mexico<\/title>\n<meta name=\"robots\" content=\"index, follow, max-snippet:-1, max-image-preview:large, max-video-preview:-1\" \/>\n<link rel=\"canonical\" href=\"https:\/\/techmasterdemexico.com\/producto\/raspadores-de-cuchillas-3\/\" \/>\n<meta property=\"og:locale\" content=\"en_US\" \/>\n<meta property=\"og:type\" content=\"article\" \/>\n<meta property=\"og:title\" content=\"Raspadores de cuchillas - Techmaster de Mexico\" \/>\n<meta property=\"og:description\" content=\"Elimina juntas, selladores y otros materiales adheridos El filo de la cuchilla est\u00e1 dise\u00f1ado para trabajar eficazmente tanto en la direcci\u00f3n de empuje como en la de tracci\u00f3n Hoja de acero inoxidable para mayor durabilidad La hoja pulida se limpia f\u00e1cilmente C\u00f3modo mango de composite con tope para el pulgar para un m\u00e1ximo control y [&hellip;]\" \/>\n<meta property=\"og:url\" content=\"https:\/\/techmasterdemexico.com\/producto\/raspadores-de-cuchillas-3\/\" \/>\n<meta property=\"og:site_name\" content=\"Techmaster de Mexico\" \/>\n<meta property=\"article:modified_time\" content=\"2023-09-14T00:37:32+00:00\" \/>\n<meta property=\"og:image\" content=\"https:\/\/techmasterdemexico.com\/wp-content\/uploads\/snap-on-US710.png\" \/>\n\t<meta property=\"og:image:width\" content=\"1000\" \/>\n\t<meta property=\"og:image:height\" content=\"1000\" \/>\n\t<meta property=\"og:image:type\" content=\"image\/png\" \/>\n<meta name=\"twitter:card\" content=\"summary_large_image\" \/>\n<script type=\"application\/ld+json\" class=\"yoast-schema-graph\">{\"@context\":\"https:\\\/\\\/schema.org\",\"@graph\":[{\"@type\":\"WebPage\",\"@id\":\"https:\\\/\\\/techmasterdemexico.com\\\/producto\\\/raspadores-de-cuchillas-3\\\/\",\"url\":\"https:\\\/\\\/techmasterdemexico.com\\\/producto\\\/raspadores-de-cuchillas-3\\\/\",\"name\":\"Raspadores de cuchillas - Techmaster de Mexico\",\"isPartOf\":{\"@id\":\"https:\\\/\\\/techmasterdemexico.com\\\/#website\"},\"primaryImageOfPage\":{\"@id\":\"https:\\\/\\\/techmasterdemexico.com\\\/producto\\\/raspadores-de-cuchillas-3\\\/#primaryimage\"},\"image\":{\"@id\":\"https:\\\/\\\/techmasterdemexico.com\\\/producto\\\/raspadores-de-cuchillas-3\\\/#primaryimage\"},\"thumbnailUrl\":\"https:\\\/\\\/techmasterdemexico.com\\\/wp-content\\\/uploads\\\/snap-on-US710.png\",\"datePublished\":\"2021-10-11T19:30:24+00:00\",\"dateModified\":\"2023-09-14T00:37:32+00:00\",\"breadcrumb\":{\"@id\":\"https:\\\/\\\/techmasterdemexico.com\\\/producto\\\/raspadores-de-cuchillas-3\\\/#breadcrumb\"},\"inLanguage\":\"en-US\",\"potentialAction\":[{\"@type\":\"ReadAction\",\"target\":[\"https:\\\/\\\/techmasterdemexico.com\\\/producto\\\/raspadores-de-cuchillas-3\\\/\"]}]},{\"@type\":\"ImageObject\",\"inLanguage\":\"en-US\",\"@id\":\"https:\\\/\\\/techmasterdemexico.com\\\/producto\\\/raspadores-de-cuchillas-3\\\/#primaryimage\",\"url\":\"https:\\\/\\\/techmasterdemexico.com\\\/wp-content\\\/uploads\\\/snap-on-US710.png\",\"contentUrl\":\"https:\\\/\\\/techmasterdemexico.com\\\/wp-content\\\/uploads\\\/snap-on-US710.png\",\"width\":1000,\"height\":1000},{\"@type\":\"BreadcrumbList\",\"@id\":\"https:\\\/\\\/techmasterdemexico.com\\\/producto\\\/raspadores-de-cuchillas-3\\\/#breadcrumb\",\"itemListElement\":[{\"@type\":\"ListItem\",\"position\":1,\"name\":\"Portada\",\"item\":\"https:\\\/\\\/techmasterdemexico.com\\\/\"},{\"@type\":\"ListItem\",\"position\":2,\"name\":\"Raspadores de cuchillas\"}]},{\"@type\":\"WebSite\",\"@id\":\"https:\\\/\\\/techmasterdemexico.com\\\/#website\",\"url\":\"https:\\\/\\\/techmasterdemexico.com\\\/\",\"name\":\"Techmaster de Mexico\",\"description\":\"\",\"potentialAction\":[{\"@type\":\"SearchAction\",\"target\":{\"@type\":\"EntryPoint\",\"urlTemplate\":\"https:\\\/\\\/techmasterdemexico.com\\\/?s={search_term_string}\"},\"query-input\":{\"@type\":\"PropertyValueSpecification\",\"valueRequired\":true,\"valueName\":\"search_term_string\"}}],\"inLanguage\":\"en-US\"}]}<\/script>\n<!-- \/ Yoast SEO plugin. -->","yoast_head_json":{"title":"Raspadores de cuchillas - Techmaster de Mexico","robots":{"index":"index","follow":"follow","max-snippet":"max-snippet:-1","max-image-preview":"max-image-preview:large","max-video-preview":"max-video-preview:-1"},"canonical":"https:\/\/techmasterdemexico.com\/producto\/raspadores-de-cuchillas-3\/","og_locale":"en_US","og_type":"article","og_title":"Raspadores de cuchillas - Techmaster de Mexico","og_description":"Elimina juntas, selladores y otros materiales adheridos El filo de la cuchilla est\u00e1 dise\u00f1ado para trabajar eficazmente tanto en la direcci\u00f3n de empuje como en la de tracci\u00f3n Hoja de acero inoxidable para mayor durabilidad La hoja pulida se limpia f\u00e1cilmente C\u00f3modo mango de composite con tope para el pulgar para un m\u00e1ximo control y [&hellip;]","og_url":"https:\/\/techmasterdemexico.com\/producto\/raspadores-de-cuchillas-3\/","og_site_name":"Techmaster de Mexico","article_modified_time":"2023-09-14T00:37:32+00:00","og_image":[{"width":1000,"height":1000,"url":"https:\/\/techmasterdemexico.com\/wp-content\/uploads\/snap-on-US710.png","type":"image\/png"}],"twitter_card":"summary_large_image","schema":{"@context":"https:\/\/schema.org","@graph":[{"@type":"WebPage","@id":"https:\/\/techmasterdemexico.com\/producto\/raspadores-de-cuchillas-3\/","url":"https:\/\/techmasterdemexico.com\/producto\/raspadores-de-cuchillas-3\/","name":"Raspadores de cuchillas - Techmaster de Mexico","isPartOf":{"@id":"https:\/\/techmasterdemexico.com\/#website"},"primaryImageOfPage":{"@id":"https:\/\/techmasterdemexico.com\/producto\/raspadores-de-cuchillas-3\/#primaryimage"},"image":{"@id":"https:\/\/techmasterdemexico.com\/producto\/raspadores-de-cuchillas-3\/#primaryimage"},"thumbnailUrl":"https:\/\/techmasterdemexico.com\/wp-content\/uploads\/snap-on-US710.png","datePublished":"2021-10-11T19:30:24+00:00","dateModified":"2023-09-14T00:37:32+00:00","breadcrumb":{"@id":"https:\/\/techmasterdemexico.com\/producto\/raspadores-de-cuchillas-3\/#breadcrumb"},"inLanguage":"en-US","potentialAction":[{"@type":"ReadAction","target":["https:\/\/techmasterdemexico.com\/producto\/raspadores-de-cuchillas-3\/"]}]},{"@type":"ImageObject","inLanguage":"en-US","@id":"https:\/\/techmasterdemexico.com\/producto\/raspadores-de-cuchillas-3\/#primaryimage","url":"https:\/\/techmasterdemexico.com\/wp-content\/uploads\/snap-on-US710.png","contentUrl":"https:\/\/techmasterdemexico.com\/wp-content\/uploads\/snap-on-US710.png","width":1000,"height":1000},{"@type":"BreadcrumbList","@id":"https:\/\/techmasterdemexico.com\/producto\/raspadores-de-cuchillas-3\/#breadcrumb","itemListElement":[{"@type":"ListItem","position":1,"name":"Portada","item":"https:\/\/techmasterdemexico.com\/"},{"@type":"ListItem","position":2,"name":"Raspadores de cuchillas"}]},{"@type":"WebSite","@id":"https:\/\/techmasterdemexico.com\/#website","url":"https:\/\/techmasterdemexico.com\/","name":"Techmaster de Mexico","description":"","potentialAction":[{"@type":"SearchAction","target":{"@type":"EntryPoint","urlTemplate":"https:\/\/techmasterdemexico.com\/?s={search_term_string}"},"query-input":{"@type":"PropertyValueSpecification","valueRequired":true,"valueName":"search_term_string"}}],"inLanguage":"en-US"}]}},"brands":[{"id":98,"name":"Snap On","slug":"snap-on"}],"_links":{"self":[{"href":"https:\/\/techmasterdemexico.com\/en\/wp-json\/wp\/v2\/product\/10032","targetHints":{"allow":["GET"]}}],"collection":[{"href":"https:\/\/techmasterdemexico.com\/en\/wp-json\/wp\/v2\/product"}],"about":[{"href":"https:\/\/techmasterdemexico.com\/en\/wp-json\/wp\/v2\/types\/product"}],"wp:featuredmedia":[{"embeddable":true,"href":"https:\/\/techmasterdemexico.com\/en\/wp-json\/wp\/v2\/media\/20698"}],"wp:attachment":[{"href":"https:\/\/techmasterdemexico.com\/en\/wp-json\/wp\/v2\/media?parent=10032"}],"wp:term":[{"taxonomy":"pwb-brand","embeddable":true,"href":"https:\/\/techmasterdemexico.com\/en\/wp-json\/wp\/v2\/pwb-brand?post=10032"},{"taxonomy":"product_brand","embeddable":true,"href":"https:\/\/techmasterdemexico.com\/en\/wp-json\/wp\/v2\/product_brand?post=10032"},{"taxonomy":"product_cat","embeddable":true,"href":"https:\/\/techmasterdemexico.com\/en\/wp-json\/wp\/v2\/product_cat?post=10032"},{"taxonomy":"product_tag","embeddable":true,"href":"https:\/\/techmasterdemexico.com\/en\/wp-json\/wp\/v2\/product_tag?post=10032"}],"curies":[{"name":"wp","href":"https:\/\/api.w.org\/{rel}","templated":true}]}}