{"id":10011,"date":"2021-10-11T19:30:11","date_gmt":"2021-10-11T19:30:11","guid":{"rendered":"https:\/\/techmastermx.ddns.net\/producto\/juegos-de-servicio-diesel-7\/"},"modified":"2023-09-04T17:09:40","modified_gmt":"2023-09-05T00:09:40","slug":"juegos-de-servicio-diesel-7","status":"publish","type":"product","link":"https:\/\/techmasterdemexico.com\/en\/producto\/juegos-de-servicio-diesel-7\/","title":{"rendered":"Juegos de servicio diesel"},"content":{"rendered":"<ul>\n<li>Para motores Cummins\u00ae de las series B y C de 12 y 24 v\u00e1lvulas de 1994 y posteriores<\/li>\n<li>Otros usos incluyen las camionetas Dodge\u00ae de servicio pesado y todas las aplicaciones con motores diesel ISB e ISC<\/li>\n<li>Incluye llave de vaso para tuerca abocardada m\u00e9trica de 19 mm y 6 puntas de 3\/8&#8243;, llave de pata de cabra para tuerca abocardada m\u00e9trica de 19 mm y 6 puntas de 3\/8&#8243;, galga de espesores, cepillo de bronce para inyectores, cepillo de acero inoxidable para inyectores, extractor de engranajes, extractor de inyectores di\u00e9sel de 8 mm, extractor de inyectores di\u00e9sel de 15 mm, extractor de inyectores con martillo deslizante, herramienta para girar el motor, adaptador para man\u00f3metro de compresi\u00f3n di\u00e9sel, tap\u00f3n de la tuber\u00eda de combustible, extractor del tubo de combustible y man\u00f3metro de compresi\u00f3n di\u00e9sel de 0-800 PSI<\/li>\n<li>Incluye bolsa de transporte<\/li>\n<\/ul>\n","protected":false},"excerpt":{"rendered":"<p>Para motores Cummins\u00ae de las series B y C de 12 y 24 v\u00e1lvulas de 1994 y posteriores Otros usos incluyen las camionetas Dodge\u00ae de servicio pesado y todas las aplicaciones con motores diesel ISB e ISC Incluye llave de vaso para tuerca abocardada m\u00e9trica de 19 mm y 6 puntas de 3\/8&#8243;, llave de [&hellip;]<\/p>\n","protected":false},"featured_media":20617,"template":"","meta":{"_acf_changed":false},"pwb-brand":[98],"product_brand":[],"product_cat":[366,290,287,48],"product_tag":[],"class_list":{"0":"post-10011","1":"product","2":"type-product","3":"status-publish","4":"has-post-thumbnail","6":"pwb-brand-snap-on","7":"product_cat-todos-los-productos","8":"product_cat-herramientas-diesel","9":"product_cat-herramientas-manuales-generales","10":"product_cat-snap-on","12":"first","13":"instock","14":"featured","15":"taxable","16":"shipping-taxable","17":"product-type-simple"},"acf":[],"yoast_head":"<!-- This site is optimized with the Yoast SEO plugin v27.4 - https:\/\/yoast.com\/product\/yoast-seo-wordpress\/ -->\n<title>Juegos de servicio diesel - Techmaster de Mexico<\/title>\n<meta name=\"robots\" content=\"index, follow, max-snippet:-1, max-image-preview:large, max-video-preview:-1\" \/>\n<link rel=\"canonical\" href=\"https:\/\/techmasterdemexico.com\/producto\/juegos-de-servicio-diesel-7\/\" \/>\n<meta property=\"og:locale\" content=\"en_US\" \/>\n<meta property=\"og:type\" content=\"article\" \/>\n<meta property=\"og:title\" content=\"Juegos de servicio diesel - Techmaster de Mexico\" \/>\n<meta property=\"og:description\" content=\"Para motores Cummins\u00ae de las series B y C de 12 y 24 v\u00e1lvulas de 1994 y posteriores Otros usos incluyen las camionetas Dodge\u00ae de servicio pesado y todas las aplicaciones con motores diesel ISB e ISC Incluye llave de vaso para tuerca abocardada m\u00e9trica de 19 mm y 6 puntas de 3\/8&#8243;, llave de [&hellip;]\" \/>\n<meta property=\"og:url\" content=\"https:\/\/techmasterdemexico.com\/producto\/juegos-de-servicio-diesel-7\/\" \/>\n<meta property=\"og:site_name\" content=\"Techmaster de Mexico\" \/>\n<meta property=\"article:modified_time\" content=\"2023-09-05T00:09:40+00:00\" \/>\n<meta property=\"og:image\" content=\"https:\/\/techmasterdemexico.com\/wp-content\/uploads\/snap-on-CUMDS24V.png\" \/>\n\t<meta property=\"og:image:width\" content=\"1000\" \/>\n\t<meta property=\"og:image:height\" content=\"1000\" \/>\n\t<meta property=\"og:image:type\" content=\"image\/png\" \/>\n<meta name=\"twitter:card\" content=\"summary_large_image\" \/>\n<meta name=\"twitter:label1\" content=\"Est. reading time\" \/>\n\t<meta name=\"twitter:data1\" content=\"1 minute\" \/>\n<script type=\"application\/ld+json\" class=\"yoast-schema-graph\">{\"@context\":\"https:\\\/\\\/schema.org\",\"@graph\":[{\"@type\":\"WebPage\",\"@id\":\"https:\\\/\\\/techmasterdemexico.com\\\/producto\\\/juegos-de-servicio-diesel-7\\\/\",\"url\":\"https:\\\/\\\/techmasterdemexico.com\\\/producto\\\/juegos-de-servicio-diesel-7\\\/\",\"name\":\"Juegos de servicio diesel - Techmaster de Mexico\",\"isPartOf\":{\"@id\":\"https:\\\/\\\/techmasterdemexico.com\\\/#website\"},\"primaryImageOfPage\":{\"@id\":\"https:\\\/\\\/techmasterdemexico.com\\\/producto\\\/juegos-de-servicio-diesel-7\\\/#primaryimage\"},\"image\":{\"@id\":\"https:\\\/\\\/techmasterdemexico.com\\\/producto\\\/juegos-de-servicio-diesel-7\\\/#primaryimage\"},\"thumbnailUrl\":\"https:\\\/\\\/techmasterdemexico.com\\\/wp-content\\\/uploads\\\/snap-on-CUMDS24V.png\",\"datePublished\":\"2021-10-11T19:30:11+00:00\",\"dateModified\":\"2023-09-05T00:09:40+00:00\",\"breadcrumb\":{\"@id\":\"https:\\\/\\\/techmasterdemexico.com\\\/producto\\\/juegos-de-servicio-diesel-7\\\/#breadcrumb\"},\"inLanguage\":\"en-US\",\"potentialAction\":[{\"@type\":\"ReadAction\",\"target\":[\"https:\\\/\\\/techmasterdemexico.com\\\/producto\\\/juegos-de-servicio-diesel-7\\\/\"]}]},{\"@type\":\"ImageObject\",\"inLanguage\":\"en-US\",\"@id\":\"https:\\\/\\\/techmasterdemexico.com\\\/producto\\\/juegos-de-servicio-diesel-7\\\/#primaryimage\",\"url\":\"https:\\\/\\\/techmasterdemexico.com\\\/wp-content\\\/uploads\\\/snap-on-CUMDS24V.png\",\"contentUrl\":\"https:\\\/\\\/techmasterdemexico.com\\\/wp-content\\\/uploads\\\/snap-on-CUMDS24V.png\",\"width\":1000,\"height\":1000},{\"@type\":\"BreadcrumbList\",\"@id\":\"https:\\\/\\\/techmasterdemexico.com\\\/producto\\\/juegos-de-servicio-diesel-7\\\/#breadcrumb\",\"itemListElement\":[{\"@type\":\"ListItem\",\"position\":1,\"name\":\"Portada\",\"item\":\"https:\\\/\\\/techmasterdemexico.com\\\/\"},{\"@type\":\"ListItem\",\"position\":2,\"name\":\"Juegos de servicio diesel\"}]},{\"@type\":\"WebSite\",\"@id\":\"https:\\\/\\\/techmasterdemexico.com\\\/#website\",\"url\":\"https:\\\/\\\/techmasterdemexico.com\\\/\",\"name\":\"Techmaster de Mexico\",\"description\":\"\",\"potentialAction\":[{\"@type\":\"SearchAction\",\"target\":{\"@type\":\"EntryPoint\",\"urlTemplate\":\"https:\\\/\\\/techmasterdemexico.com\\\/?s={search_term_string}\"},\"query-input\":{\"@type\":\"PropertyValueSpecification\",\"valueRequired\":true,\"valueName\":\"search_term_string\"}}],\"inLanguage\":\"en-US\"}]}<\/script>\n<!-- \/ Yoast SEO plugin. -->","yoast_head_json":{"title":"Juegos de servicio diesel - Techmaster de Mexico","robots":{"index":"index","follow":"follow","max-snippet":"max-snippet:-1","max-image-preview":"max-image-preview:large","max-video-preview":"max-video-preview:-1"},"canonical":"https:\/\/techmasterdemexico.com\/producto\/juegos-de-servicio-diesel-7\/","og_locale":"en_US","og_type":"article","og_title":"Juegos de servicio diesel - Techmaster de Mexico","og_description":"Para motores Cummins\u00ae de las series B y C de 12 y 24 v\u00e1lvulas de 1994 y posteriores Otros usos incluyen las camionetas Dodge\u00ae de servicio pesado y todas las aplicaciones con motores diesel ISB e ISC Incluye llave de vaso para tuerca abocardada m\u00e9trica de 19 mm y 6 puntas de 3\/8&#8243;, llave de [&hellip;]","og_url":"https:\/\/techmasterdemexico.com\/producto\/juegos-de-servicio-diesel-7\/","og_site_name":"Techmaster de Mexico","article_modified_time":"2023-09-05T00:09:40+00:00","og_image":[{"width":1000,"height":1000,"url":"https:\/\/techmasterdemexico.com\/wp-content\/uploads\/snap-on-CUMDS24V.png","type":"image\/png"}],"twitter_card":"summary_large_image","twitter_misc":{"Est. reading time":"1 minute"},"schema":{"@context":"https:\/\/schema.org","@graph":[{"@type":"WebPage","@id":"https:\/\/techmasterdemexico.com\/producto\/juegos-de-servicio-diesel-7\/","url":"https:\/\/techmasterdemexico.com\/producto\/juegos-de-servicio-diesel-7\/","name":"Juegos de servicio diesel - Techmaster de Mexico","isPartOf":{"@id":"https:\/\/techmasterdemexico.com\/#website"},"primaryImageOfPage":{"@id":"https:\/\/techmasterdemexico.com\/producto\/juegos-de-servicio-diesel-7\/#primaryimage"},"image":{"@id":"https:\/\/techmasterdemexico.com\/producto\/juegos-de-servicio-diesel-7\/#primaryimage"},"thumbnailUrl":"https:\/\/techmasterdemexico.com\/wp-content\/uploads\/snap-on-CUMDS24V.png","datePublished":"2021-10-11T19:30:11+00:00","dateModified":"2023-09-05T00:09:40+00:00","breadcrumb":{"@id":"https:\/\/techmasterdemexico.com\/producto\/juegos-de-servicio-diesel-7\/#breadcrumb"},"inLanguage":"en-US","potentialAction":[{"@type":"ReadAction","target":["https:\/\/techmasterdemexico.com\/producto\/juegos-de-servicio-diesel-7\/"]}]},{"@type":"ImageObject","inLanguage":"en-US","@id":"https:\/\/techmasterdemexico.com\/producto\/juegos-de-servicio-diesel-7\/#primaryimage","url":"https:\/\/techmasterdemexico.com\/wp-content\/uploads\/snap-on-CUMDS24V.png","contentUrl":"https:\/\/techmasterdemexico.com\/wp-content\/uploads\/snap-on-CUMDS24V.png","width":1000,"height":1000},{"@type":"BreadcrumbList","@id":"https:\/\/techmasterdemexico.com\/producto\/juegos-de-servicio-diesel-7\/#breadcrumb","itemListElement":[{"@type":"ListItem","position":1,"name":"Portada","item":"https:\/\/techmasterdemexico.com\/"},{"@type":"ListItem","position":2,"name":"Juegos de servicio diesel"}]},{"@type":"WebSite","@id":"https:\/\/techmasterdemexico.com\/#website","url":"https:\/\/techmasterdemexico.com\/","name":"Techmaster de Mexico","description":"","potentialAction":[{"@type":"SearchAction","target":{"@type":"EntryPoint","urlTemplate":"https:\/\/techmasterdemexico.com\/?s={search_term_string}"},"query-input":{"@type":"PropertyValueSpecification","valueRequired":true,"valueName":"search_term_string"}}],"inLanguage":"en-US"}]}},"brands":[{"id":98,"name":"Snap On","slug":"snap-on"}],"_links":{"self":[{"href":"https:\/\/techmasterdemexico.com\/en\/wp-json\/wp\/v2\/product\/10011","targetHints":{"allow":["GET"]}}],"collection":[{"href":"https:\/\/techmasterdemexico.com\/en\/wp-json\/wp\/v2\/product"}],"about":[{"href":"https:\/\/techmasterdemexico.com\/en\/wp-json\/wp\/v2\/types\/product"}],"wp:featuredmedia":[{"embeddable":true,"href":"https:\/\/techmasterdemexico.com\/en\/wp-json\/wp\/v2\/media\/20617"}],"wp:attachment":[{"href":"https:\/\/techmasterdemexico.com\/en\/wp-json\/wp\/v2\/media?parent=10011"}],"wp:term":[{"taxonomy":"pwb-brand","embeddable":true,"href":"https:\/\/techmasterdemexico.com\/en\/wp-json\/wp\/v2\/pwb-brand?post=10011"},{"taxonomy":"product_brand","embeddable":true,"href":"https:\/\/techmasterdemexico.com\/en\/wp-json\/wp\/v2\/product_brand?post=10011"},{"taxonomy":"product_cat","embeddable":true,"href":"https:\/\/techmasterdemexico.com\/en\/wp-json\/wp\/v2\/product_cat?post=10011"},{"taxonomy":"product_tag","embeddable":true,"href":"https:\/\/techmasterdemexico.com\/en\/wp-json\/wp\/v2\/product_tag?post=10011"}],"curies":[{"name":"wp","href":"https:\/\/api.w.org\/{rel}","templated":true}]}}