{"id":10006,"date":"2021-10-11T19:30:08","date_gmt":"2021-10-11T19:30:08","guid":{"rendered":"https:\/\/techmastermx.ddns.net\/producto\/juegos-de-servicio-diesel-2\/"},"modified":"2023-09-04T17:28:54","modified_gmt":"2023-09-05T00:28:54","slug":"juegos-de-servicio-diesel-2","status":"publish","type":"product","link":"https:\/\/techmasterdemexico.com\/en\/producto\/juegos-de-servicio-diesel-2\/","title":{"rendered":"Juegos de servicio diesel"},"content":{"rendered":"<ul>\n<li>Las llaves de vaso Snap-on\u00ae que utilizan el sistema Flank Drive\u00ae sujetan el tornillo por los flancos\/planos, lo que proporciona entre un 15 y un 25% m\u00e1s de fuerza de giro.<\/li>\n<li>Acabado en aleaci\u00f3n de n\u00edquel-cromo resistente al \u00f3xido y la corrosi\u00f3n<\/li>\n<li>Fabricadas con acero patentado de la m\u00e1s alta calidad, que proporciona una resistencia y durabilidad \u00f3ptimas<\/li>\n<li>Configuraci\u00f3n de 6 puntas y sistema de apriete Flank Drive<\/li>\n<\/ul>\n","protected":false},"excerpt":{"rendered":"<ul>\n<li>Dimensi\u00f3n D, Apertura de pared, mm 12,7<\/li>\n<li>Dimensi\u00f3n C, longitud total, mm 78,0<\/li>\n<li>Dimensi\u00f3n B, di\u00e1metro del extremo de accionamiento, mm 23,5<\/li>\n<li>Pa\u00eds de origen EE.UU.<\/li>\n<li>Tama\u00f1o, mm 17<\/li>\n<li>Dimensi\u00f3n A, Di\u00e1metro del extremo del enchufe, mm 25,1<\/li>\n<li>Acabado Cromado<\/li>\n<li>Estilo de 6 puntos<\/li>\n<\/ul>\n","protected":false},"featured_media":20625,"template":"","meta":{"_acf_changed":false},"pwb-brand":[98],"product_brand":[],"product_cat":[366,290,287,48],"product_tag":[],"class_list":{"0":"post-10006","1":"product","2":"type-product","3":"status-publish","4":"has-post-thumbnail","6":"pwb-brand-snap-on","7":"product_cat-todos-los-productos","8":"product_cat-herramientas-diesel","9":"product_cat-herramientas-manuales-generales","10":"product_cat-snap-on","12":"first","13":"instock","14":"taxable","15":"shipping-taxable","16":"product-type-simple"},"acf":[],"yoast_head":"<!-- This site is optimized with the Yoast SEO plugin v27.4 - https:\/\/yoast.com\/product\/yoast-seo-wordpress\/ -->\n<title>Juegos de servicio diesel - Techmaster de Mexico<\/title>\n<meta name=\"robots\" content=\"index, follow, max-snippet:-1, max-image-preview:large, max-video-preview:-1\" \/>\n<link rel=\"canonical\" href=\"https:\/\/techmasterdemexico.com\/producto\/juegos-de-servicio-diesel-2\/\" \/>\n<meta property=\"og:locale\" content=\"en_US\" \/>\n<meta property=\"og:type\" content=\"article\" \/>\n<meta property=\"og:title\" content=\"Juegos de servicio diesel - Techmaster de Mexico\" \/>\n<meta property=\"og:description\" content=\"Dimensi\u00f3n D, Apertura de pared, mm 12,7  Dimensi\u00f3n C, longitud total, mm 78,0  Dimensi\u00f3n B, di\u00e1metro del extremo de accionamiento, mm 23,5  Pa\u00eds de origen EE.UU.  Tama\u00f1o, mm 17  Dimensi\u00f3n A, Di\u00e1metro del extremo del enchufe, mm 25,1  Acabado Cromado  Estilo de 6 puntos\" \/>\n<meta property=\"og:url\" content=\"https:\/\/techmasterdemexico.com\/producto\/juegos-de-servicio-diesel-2\/\" \/>\n<meta property=\"og:site_name\" content=\"Techmaster de Mexico\" \/>\n<meta property=\"article:modified_time\" content=\"2023-09-05T00:28:54+00:00\" \/>\n<meta property=\"og:image\" content=\"https:\/\/techmasterdemexico.com\/wp-content\/uploads\/snap-on-FRXM17.png\" \/>\n\t<meta property=\"og:image:width\" content=\"1000\" \/>\n\t<meta property=\"og:image:height\" content=\"1000\" \/>\n\t<meta property=\"og:image:type\" content=\"image\/png\" \/>\n<meta name=\"twitter:card\" content=\"summary_large_image\" \/>\n<script type=\"application\/ld+json\" class=\"yoast-schema-graph\">{\"@context\":\"https:\\\/\\\/schema.org\",\"@graph\":[{\"@type\":\"WebPage\",\"@id\":\"https:\\\/\\\/techmasterdemexico.com\\\/producto\\\/juegos-de-servicio-diesel-2\\\/\",\"url\":\"https:\\\/\\\/techmasterdemexico.com\\\/producto\\\/juegos-de-servicio-diesel-2\\\/\",\"name\":\"Juegos de servicio diesel - Techmaster de Mexico\",\"isPartOf\":{\"@id\":\"https:\\\/\\\/techmasterdemexico.com\\\/#website\"},\"primaryImageOfPage\":{\"@id\":\"https:\\\/\\\/techmasterdemexico.com\\\/producto\\\/juegos-de-servicio-diesel-2\\\/#primaryimage\"},\"image\":{\"@id\":\"https:\\\/\\\/techmasterdemexico.com\\\/producto\\\/juegos-de-servicio-diesel-2\\\/#primaryimage\"},\"thumbnailUrl\":\"https:\\\/\\\/techmasterdemexico.com\\\/wp-content\\\/uploads\\\/snap-on-FRXM17.png\",\"datePublished\":\"2021-10-11T19:30:08+00:00\",\"dateModified\":\"2023-09-05T00:28:54+00:00\",\"breadcrumb\":{\"@id\":\"https:\\\/\\\/techmasterdemexico.com\\\/producto\\\/juegos-de-servicio-diesel-2\\\/#breadcrumb\"},\"inLanguage\":\"en-US\",\"potentialAction\":[{\"@type\":\"ReadAction\",\"target\":[\"https:\\\/\\\/techmasterdemexico.com\\\/producto\\\/juegos-de-servicio-diesel-2\\\/\"]}]},{\"@type\":\"ImageObject\",\"inLanguage\":\"en-US\",\"@id\":\"https:\\\/\\\/techmasterdemexico.com\\\/producto\\\/juegos-de-servicio-diesel-2\\\/#primaryimage\",\"url\":\"https:\\\/\\\/techmasterdemexico.com\\\/wp-content\\\/uploads\\\/snap-on-FRXM17.png\",\"contentUrl\":\"https:\\\/\\\/techmasterdemexico.com\\\/wp-content\\\/uploads\\\/snap-on-FRXM17.png\",\"width\":1000,\"height\":1000},{\"@type\":\"BreadcrumbList\",\"@id\":\"https:\\\/\\\/techmasterdemexico.com\\\/producto\\\/juegos-de-servicio-diesel-2\\\/#breadcrumb\",\"itemListElement\":[{\"@type\":\"ListItem\",\"position\":1,\"name\":\"Portada\",\"item\":\"https:\\\/\\\/techmasterdemexico.com\\\/\"},{\"@type\":\"ListItem\",\"position\":2,\"name\":\"Juegos de servicio diesel\"}]},{\"@type\":\"WebSite\",\"@id\":\"https:\\\/\\\/techmasterdemexico.com\\\/#website\",\"url\":\"https:\\\/\\\/techmasterdemexico.com\\\/\",\"name\":\"Techmaster de Mexico\",\"description\":\"\",\"potentialAction\":[{\"@type\":\"SearchAction\",\"target\":{\"@type\":\"EntryPoint\",\"urlTemplate\":\"https:\\\/\\\/techmasterdemexico.com\\\/?s={search_term_string}\"},\"query-input\":{\"@type\":\"PropertyValueSpecification\",\"valueRequired\":true,\"valueName\":\"search_term_string\"}}],\"inLanguage\":\"en-US\"}]}<\/script>\n<!-- \/ Yoast SEO plugin. -->","yoast_head_json":{"title":"Juegos de servicio diesel - Techmaster de Mexico","robots":{"index":"index","follow":"follow","max-snippet":"max-snippet:-1","max-image-preview":"max-image-preview:large","max-video-preview":"max-video-preview:-1"},"canonical":"https:\/\/techmasterdemexico.com\/producto\/juegos-de-servicio-diesel-2\/","og_locale":"en_US","og_type":"article","og_title":"Juegos de servicio diesel - Techmaster de Mexico","og_description":"Dimensi\u00f3n D, Apertura de pared, mm 12,7  Dimensi\u00f3n C, longitud total, mm 78,0  Dimensi\u00f3n B, di\u00e1metro del extremo de accionamiento, mm 23,5  Pa\u00eds de origen EE.UU.  Tama\u00f1o, mm 17  Dimensi\u00f3n A, Di\u00e1metro del extremo del enchufe, mm 25,1  Acabado Cromado  Estilo de 6 puntos","og_url":"https:\/\/techmasterdemexico.com\/producto\/juegos-de-servicio-diesel-2\/","og_site_name":"Techmaster de Mexico","article_modified_time":"2023-09-05T00:28:54+00:00","og_image":[{"width":1000,"height":1000,"url":"https:\/\/techmasterdemexico.com\/wp-content\/uploads\/snap-on-FRXM17.png","type":"image\/png"}],"twitter_card":"summary_large_image","schema":{"@context":"https:\/\/schema.org","@graph":[{"@type":"WebPage","@id":"https:\/\/techmasterdemexico.com\/producto\/juegos-de-servicio-diesel-2\/","url":"https:\/\/techmasterdemexico.com\/producto\/juegos-de-servicio-diesel-2\/","name":"Juegos de servicio diesel - Techmaster de Mexico","isPartOf":{"@id":"https:\/\/techmasterdemexico.com\/#website"},"primaryImageOfPage":{"@id":"https:\/\/techmasterdemexico.com\/producto\/juegos-de-servicio-diesel-2\/#primaryimage"},"image":{"@id":"https:\/\/techmasterdemexico.com\/producto\/juegos-de-servicio-diesel-2\/#primaryimage"},"thumbnailUrl":"https:\/\/techmasterdemexico.com\/wp-content\/uploads\/snap-on-FRXM17.png","datePublished":"2021-10-11T19:30:08+00:00","dateModified":"2023-09-05T00:28:54+00:00","breadcrumb":{"@id":"https:\/\/techmasterdemexico.com\/producto\/juegos-de-servicio-diesel-2\/#breadcrumb"},"inLanguage":"en-US","potentialAction":[{"@type":"ReadAction","target":["https:\/\/techmasterdemexico.com\/producto\/juegos-de-servicio-diesel-2\/"]}]},{"@type":"ImageObject","inLanguage":"en-US","@id":"https:\/\/techmasterdemexico.com\/producto\/juegos-de-servicio-diesel-2\/#primaryimage","url":"https:\/\/techmasterdemexico.com\/wp-content\/uploads\/snap-on-FRXM17.png","contentUrl":"https:\/\/techmasterdemexico.com\/wp-content\/uploads\/snap-on-FRXM17.png","width":1000,"height":1000},{"@type":"BreadcrumbList","@id":"https:\/\/techmasterdemexico.com\/producto\/juegos-de-servicio-diesel-2\/#breadcrumb","itemListElement":[{"@type":"ListItem","position":1,"name":"Portada","item":"https:\/\/techmasterdemexico.com\/"},{"@type":"ListItem","position":2,"name":"Juegos de servicio diesel"}]},{"@type":"WebSite","@id":"https:\/\/techmasterdemexico.com\/#website","url":"https:\/\/techmasterdemexico.com\/","name":"Techmaster de Mexico","description":"","potentialAction":[{"@type":"SearchAction","target":{"@type":"EntryPoint","urlTemplate":"https:\/\/techmasterdemexico.com\/?s={search_term_string}"},"query-input":{"@type":"PropertyValueSpecification","valueRequired":true,"valueName":"search_term_string"}}],"inLanguage":"en-US"}]}},"brands":[{"id":98,"name":"Snap On","slug":"snap-on"}],"_links":{"self":[{"href":"https:\/\/techmasterdemexico.com\/en\/wp-json\/wp\/v2\/product\/10006","targetHints":{"allow":["GET"]}}],"collection":[{"href":"https:\/\/techmasterdemexico.com\/en\/wp-json\/wp\/v2\/product"}],"about":[{"href":"https:\/\/techmasterdemexico.com\/en\/wp-json\/wp\/v2\/types\/product"}],"wp:featuredmedia":[{"embeddable":true,"href":"https:\/\/techmasterdemexico.com\/en\/wp-json\/wp\/v2\/media\/20625"}],"wp:attachment":[{"href":"https:\/\/techmasterdemexico.com\/en\/wp-json\/wp\/v2\/media?parent=10006"}],"wp:term":[{"taxonomy":"pwb-brand","embeddable":true,"href":"https:\/\/techmasterdemexico.com\/en\/wp-json\/wp\/v2\/pwb-brand?post=10006"},{"taxonomy":"product_brand","embeddable":true,"href":"https:\/\/techmasterdemexico.com\/en\/wp-json\/wp\/v2\/product_brand?post=10006"},{"taxonomy":"product_cat","embeddable":true,"href":"https:\/\/techmasterdemexico.com\/en\/wp-json\/wp\/v2\/product_cat?post=10006"},{"taxonomy":"product_tag","embeddable":true,"href":"https:\/\/techmasterdemexico.com\/en\/wp-json\/wp\/v2\/product_tag?post=10006"}],"curies":[{"name":"wp","href":"https:\/\/api.w.org\/{rel}","templated":true}]}}