{"id":36,"date":"2019-09-07T00:26:22","date_gmt":"2019-09-07T00:26:22","guid":{"rendered":"http:\/\/localhost\/techmaster-mexico\/?page_id=36"},"modified":"2022-03-22T23:07:56","modified_gmt":"2022-03-22T23:07:56","slug":"quienes-somos","status":"publish","type":"page","link":"https:\/\/techmasterdemexico.com\/en\/quienes-somos\/","title":{"rendered":"About Us"},"content":{"rendered":"<div class=\"container\">\n<div class=\"row&gt; &lt;div class=\">\n<h2>Somos una compa\u00f1\u00eda dedicada a proveer servicios de calibraci\u00f3n, medici\u00f3n dimensional y venta de equipo de medici\u00f3n y prueba.<\/h2>\n<\/div>\n<div class=\"col-sm-6\">\n<p>Fundada desde 1990 con el claro objetivo de ser la empresa l\u00edder en su mercado, en 1995 se uni\u00f3 a una compa\u00f1\u00eda Norteamericana con los mismos objetivos de nombre Techmaster Electronics Inc.<br \/>\nLo cual fortaleci\u00f3 claramente a la empresa, contando con asistencia t\u00e9cnica y de calidad basada en las normas de calidad mundiales. Nuestro laboratorios estan certificados bajo ANSI-ASQ National Accreditation Board (ANAB) y cumple con los requisitos de las normas internacionales ISO\/IEC 17025:2005 y el est\u00e1ndar nacional ANSI\/NCSL Z540-1-1994 (R2002).<\/p>\n<\/div>\n<\/div>\n<p><img \/><\/p>\n<div class=\"container\">\n<div class=\"row&gt; &lt;div class=\">\n<h2>Somos una compa\u00f1\u00eda dedicada a proveer servicios de calibraci\u00f3n, medici\u00f3n dimensional y venta de equipo de medici\u00f3n y prueba.<\/h2>\n<\/div>\n<div class=\"col-sm-6\">\n<p>Fundada desde 1990 con el claro objetivo de ser la empresa l\u00edder en su mercado, en 1995 se uni\u00f3 a una compa\u00f1\u00eda Norteamericana con los mismos objetivos de nombre Techmaster Electronics Inc.<br \/>\nLo cual fortaleci\u00f3 claramente a la empresa, contando con asistencia t\u00e9cnica y de calidad basada en las normas de calidad mundiales. Nuestro laboratorios estan certificados bajo ANSI-ASQ National Accreditation Board (ANAB) y cumple con los requisitos de las normas internacionales ISO\/IEC 17025:2005 y el est\u00e1ndar nacional ANSI\/NCSL Z540-1-1994 (R2002).<\/p>\n<\/div>\n<\/div>\n","protected":false},"excerpt":{"rendered":"<p>Somos una compa\u00f1\u00eda dedicada a proveer servicios de calibraci\u00f3n, medici\u00f3n dimensional y venta de equipo de medici\u00f3n y prueba. Fundada desde 1990 con el claro objetivo de ser la empresa l\u00edder en su mercado, en 1995 se uni\u00f3 a una compa\u00f1\u00eda Norteamericana con los mismos objetivos de nombre Techmaster Electronics Inc. Lo cual fortaleci\u00f3 claramente [&hellip;]<\/p>\n","protected":false},"author":1,"featured_media":0,"parent":0,"menu_order":0,"comment_status":"closed","ping_status":"closed","template":"template-about.php","meta":{"_acf_changed":false,"footnotes":""},"class_list":["post-36","page","type-page","status-publish","hentry"],"acf":[],"yoast_head":"<!-- This site is optimized with the Yoast SEO plugin v27.4 - https:\/\/yoast.com\/product\/yoast-seo-wordpress\/ -->\n<title>About Us - Techmaster de Mexico<\/title>\n<meta name=\"robots\" content=\"index, follow, max-snippet:-1, max-image-preview:large, max-video-preview:-1\" \/>\n<link rel=\"canonical\" href=\"https:\/\/techmasterdemexico.com\/quienes-somos\/\" \/>\n<meta property=\"og:locale\" content=\"en_US\" \/>\n<meta property=\"og:type\" content=\"article\" \/>\n<meta property=\"og:title\" content=\"[:es]Nosotros[:en]About Us[:] - Techmaster de Mexico\" \/>\n<meta property=\"og:description\" content=\"Somos una compa\u00f1\u00eda dedicada a proveer servicios de calibraci\u00f3n, medici\u00f3n dimensional y venta de equipo de medici\u00f3n y prueba. Fundada desde 1990 con el claro objetivo de ser la empresa l\u00edder en su mercado, en 1995 se uni\u00f3 a una compa\u00f1\u00eda Norteamericana con los mismos objetivos de nombre Techmaster Electronics Inc. Lo cual fortaleci\u00f3 claramente [&hellip;]\" \/>\n<meta property=\"og:url\" content=\"https:\/\/techmasterdemexico.com\/quienes-somos\/\" \/>\n<meta property=\"og:site_name\" content=\"Techmaster de Mexico\" \/>\n<meta property=\"article:modified_time\" content=\"2022-03-22T23:07:56+00:00\" \/>\n<meta name=\"twitter:card\" content=\"summary_large_image\" \/>\n<meta name=\"twitter:label1\" content=\"Est. reading time\" \/>\n\t<meta name=\"twitter:data1\" content=\"1 minute\" \/>\n<script type=\"application\/ld+json\" class=\"yoast-schema-graph\">{\"@context\":\"https:\\\/\\\/schema.org\",\"@graph\":[{\"@type\":\"WebPage\",\"@id\":\"https:\\\/\\\/techmasterdemexico.com\\\/quienes-somos\\\/\",\"url\":\"https:\\\/\\\/techmasterdemexico.com\\\/quienes-somos\\\/\",\"name\":\"[:es]Nosotros[:en]About Us[:] - Techmaster de Mexico\",\"isPartOf\":{\"@id\":\"https:\\\/\\\/techmasterdemexico.com\\\/#website\"},\"datePublished\":\"2019-09-07T00:26:22+00:00\",\"dateModified\":\"2022-03-22T23:07:56+00:00\",\"breadcrumb\":{\"@id\":\"https:\\\/\\\/techmasterdemexico.com\\\/quienes-somos\\\/#breadcrumb\"},\"inLanguage\":\"en-US\",\"potentialAction\":[{\"@type\":\"ReadAction\",\"target\":[\"https:\\\/\\\/techmasterdemexico.com\\\/quienes-somos\\\/\"]}]},{\"@type\":\"BreadcrumbList\",\"@id\":\"https:\\\/\\\/techmasterdemexico.com\\\/quienes-somos\\\/#breadcrumb\",\"itemListElement\":[{\"@type\":\"ListItem\",\"position\":1,\"name\":\"Portada\",\"item\":\"https:\\\/\\\/techmasterdemexico.com\\\/\"},{\"@type\":\"ListItem\",\"position\":2,\"name\":\"Nosotros\"}]},{\"@type\":\"WebSite\",\"@id\":\"https:\\\/\\\/techmasterdemexico.com\\\/#website\",\"url\":\"https:\\\/\\\/techmasterdemexico.com\\\/\",\"name\":\"Techmaster de Mexico\",\"description\":\"\",\"potentialAction\":[{\"@type\":\"SearchAction\",\"target\":{\"@type\":\"EntryPoint\",\"urlTemplate\":\"https:\\\/\\\/techmasterdemexico.com\\\/?s={search_term_string}\"},\"query-input\":{\"@type\":\"PropertyValueSpecification\",\"valueRequired\":true,\"valueName\":\"search_term_string\"}}],\"inLanguage\":\"en-US\"}]}<\/script>\n<!-- \/ Yoast SEO plugin. -->","yoast_head_json":{"title":"[:es]Nosotros[:en]About Us[:] - Techmaster de Mexico","robots":{"index":"index","follow":"follow","max-snippet":"max-snippet:-1","max-image-preview":"max-image-preview:large","max-video-preview":"max-video-preview:-1"},"canonical":"https:\/\/techmasterdemexico.com\/quienes-somos\/","og_locale":"en_US","og_type":"article","og_title":"[:es]Nosotros[:en]About Us[:] - Techmaster de Mexico","og_description":"Somos una compa\u00f1\u00eda dedicada a proveer servicios de calibraci\u00f3n, medici\u00f3n dimensional y venta de equipo de medici\u00f3n y prueba. Fundada desde 1990 con el claro objetivo de ser la empresa l\u00edder en su mercado, en 1995 se uni\u00f3 a una compa\u00f1\u00eda Norteamericana con los mismos objetivos de nombre Techmaster Electronics Inc. Lo cual fortaleci\u00f3 claramente [&hellip;]","og_url":"https:\/\/techmasterdemexico.com\/quienes-somos\/","og_site_name":"Techmaster de Mexico","article_modified_time":"2022-03-22T23:07:56+00:00","twitter_card":"summary_large_image","twitter_misc":{"Est. reading time":"1 minute"},"schema":{"@context":"https:\/\/schema.org","@graph":[{"@type":"WebPage","@id":"https:\/\/techmasterdemexico.com\/quienes-somos\/","url":"https:\/\/techmasterdemexico.com\/quienes-somos\/","name":"[:es]Nosotros[:en]About Us[:] - Techmaster de Mexico","isPartOf":{"@id":"https:\/\/techmasterdemexico.com\/#website"},"datePublished":"2019-09-07T00:26:22+00:00","dateModified":"2022-03-22T23:07:56+00:00","breadcrumb":{"@id":"https:\/\/techmasterdemexico.com\/quienes-somos\/#breadcrumb"},"inLanguage":"en-US","potentialAction":[{"@type":"ReadAction","target":["https:\/\/techmasterdemexico.com\/quienes-somos\/"]}]},{"@type":"BreadcrumbList","@id":"https:\/\/techmasterdemexico.com\/quienes-somos\/#breadcrumb","itemListElement":[{"@type":"ListItem","position":1,"name":"Portada","item":"https:\/\/techmasterdemexico.com\/"},{"@type":"ListItem","position":2,"name":"Nosotros"}]},{"@type":"WebSite","@id":"https:\/\/techmasterdemexico.com\/#website","url":"https:\/\/techmasterdemexico.com\/","name":"Techmaster de Mexico","description":"","potentialAction":[{"@type":"SearchAction","target":{"@type":"EntryPoint","urlTemplate":"https:\/\/techmasterdemexico.com\/?s={search_term_string}"},"query-input":{"@type":"PropertyValueSpecification","valueRequired":true,"valueName":"search_term_string"}}],"inLanguage":"en-US"}]}},"_links":{"self":[{"href":"https:\/\/techmasterdemexico.com\/en\/wp-json\/wp\/v2\/pages\/36","targetHints":{"allow":["GET"]}}],"collection":[{"href":"https:\/\/techmasterdemexico.com\/en\/wp-json\/wp\/v2\/pages"}],"about":[{"href":"https:\/\/techmasterdemexico.com\/en\/wp-json\/wp\/v2\/types\/page"}],"author":[{"embeddable":true,"href":"https:\/\/techmasterdemexico.com\/en\/wp-json\/wp\/v2\/users\/1"}],"replies":[{"embeddable":true,"href":"https:\/\/techmasterdemexico.com\/en\/wp-json\/wp\/v2\/comments?post=36"}],"version-history":[{"count":11,"href":"https:\/\/techmasterdemexico.com\/en\/wp-json\/wp\/v2\/pages\/36\/revisions"}],"predecessor-version":[{"id":19118,"href":"https:\/\/techmasterdemexico.com\/en\/wp-json\/wp\/v2\/pages\/36\/revisions\/19118"}],"wp:attachment":[{"href":"https:\/\/techmasterdemexico.com\/en\/wp-json\/wp\/v2\/media?parent=36"}],"curies":[{"name":"wp","href":"https:\/\/api.w.org\/{rel}","templated":true}]}}