{"id":35972,"date":"2026-05-12T09:46:57","date_gmt":"2026-05-12T16:46:57","guid":{"rendered":"https:\/\/techmasterdemexico.com\/?page_id=35972"},"modified":"2026-05-12T17:45:48","modified_gmt":"2026-05-13T00:45:48","slug":"portaltechmaster","status":"publish","type":"page","link":"https:\/\/techmasterdemexico.com\/en\/portaltechmaster\/","title":{"rendered":"Portal techmaster"},"content":{"rendered":"<div style=\"margin: auto; max-width: 840px;\">\n<div class=\"container\">\n<div class=\"row\">\n<div class=\"col-md-12 mb-5 mt-5\">\n        <img decoding=\"async\" class=\"size-full img-fluid wp-image-35976 aligncenter\" src=\"https:\/\/techmasterdemexico.com\/wp-content\/uploads\/Frame-101.svg\" alt=\"\" \/>\n      <\/div>\n<\/p><\/div>\n<div class=\"row mb-5\">\n<div class=\"col-md-12 text-center\">\n<h2 class=\"mb-4\" style=\"text-align: center; font-family: 'Cabin-Bold';\">Tu operaci\u00f3n de calibraci\u00f3n bajo control, en un solo portal<\/h2>\n<p class=\"mb-4\" style=\"text-align: center; margin-left: auto; margin-right: auto; max-width: 600px\">TechMaster Customer Portal centraliza la gesti\u00f3n de tus equipos, certificados, reportes y solicitudes en un solo lugar, accesible en cualquier momento.<\/p>\n<div style=\"text-align:center; display:flex; justify-content:center; gap:15px; flex-wrap:wrap;\">\n          <a href=\"https:\/\/portal.techmaster.us\/Certificates\/MX\/Login\"\n             target=\"_blank\"\n             class=\"btn\"\n             style=\"font-family:Roboto; font-weight:900; font-style:italic; font-size:20px !important; text-decoration:none;\">ACCEDER AL PORTAL<\/a><br \/>\n          <a href=\"https:\/\/www.youtube.com\/watch?v=Yyi99M8pj9M\"\n             target=\"_blank\"\n             class=\"btn\"\n             style=\"font-family:Roboto; font-weight:900; font-style:italic; font-size:20px !important; text-decoration:none; background: #001682 !important;\">VER VIDEO DEMO<\/a>\n        <\/div>\n<\/p><\/div>\n<\/p><\/div>\n<div class=\"row mb-5\">\n<div class=\"col-md-4 mb-4\">\n<h1 style=\"font-family: 'Cabin-Bold';\">M\u00f3dulos <br \/>Integrados <\/h1>\n<p style=\"text-align: left;\">Desde consultar un activo hasta programar una recolecci\u00f3n; cada funci\u00f3n fue dise\u00f1ada para ahorrar tiempo y eliminar fricciones.<\/p>\n<\/p><\/div>\n<div class=\"col-md-4 mb-4\">\n<div style=\"background: #fff; border-radius: 15px; text-align: center; padding: 30px 25px; height: 100%;\">\n          <img decoding=\"async\" src=\"https:\/\/techmasterdemexico.com\/wp-content\/uploads\/asset-manager.svg\" style=\"display: block; margin: 0 auto 15px;\" \/><\/p>\n<h3 style=\"font-family: 'Cabin-Bold';\">Asset Manager<\/h3>\n<p class=\"text-center\">Busca equipos por activo, serie o modelo. Consulta historial de calibraciones y descarga certificados al instante.<\/p>\n<\/p><\/div>\n<\/p><\/div>\n<div class=\"col-md-4 mb-4\">\n<div style=\"background: #fff; border-radius: 15px; text-align: center; padding: 30px 25px; height: 100%;\">\n          <img decoding=\"async\" src=\"https:\/\/techmasterdemexico.com\/wp-content\/uploads\/reportes.svg\" style=\"display: block; margin: 0 auto 15px;\" \/><\/p>\n<h3 style=\"font-family: 'Cabin-Bold';\">Reportes<\/h3>\n<p class=\"text-center\">Genera reportes de actividad, vencimientos y estatus. Filtra por fechas y exporta a Excel con un clic.<\/p>\n<\/p><\/div>\n<\/p><\/div>\n<div class=\"col-md-4 mb-4\">\n<div style=\"background: #fff; border-radius: 15px; text-align: center; padding: 30px 25px; height: 100%;\">\n          <img decoding=\"async\" src=\"https:\/\/techmasterdemexico.com\/wp-content\/uploads\/centro-de-descargas.svg\" style=\"display: block; margin: 0 auto 15px;\" \/><\/p>\n<h3 style=\"font-family: 'Cabin-Bold';\">Centro de descargas<\/h3>\n<p class=\"text-center\">Descarga certificados en lote. Selecciona m\u00faltiples activos, filtra por estatus y exporta en segundos.<\/p>\n<\/p><\/div>\n<\/p><\/div>\n<div class=\"col-md-4 mb-4\">\n<div style=\"background: #fff; border-radius: 15px; text-align: center; padding: 30px 25px; height: 100%;\">\n          <img decoding=\"async\" src=\"https:\/\/techmasterdemexico.com\/wp-content\/uploads\/solicitudes.svg\" style=\"display: block; margin: 0 auto 15px;\" \/><\/p>\n<h3 style=\"font-family: 'Cabin-Bold';\">Solicitudes<\/h3>\n<p class=\"text-center\">Env\u00eda solicitudes de soporte directamente desde el portal. Elige categor\u00eda, agrega descripci\u00f3n y da seguimiento.<\/p>\n<\/p><\/div>\n<\/p><\/div>\n<div class=\"col-md-4 mb-4\">\n<div style=\"background: #fff; border-radius: 15px; text-align: center; padding: 30px 25px; height: 100%;\">\n          <img decoding=\"async\" src=\"https:\/\/techmasterdemexico.com\/wp-content\/uploads\/entregas.svg\" style=\"display: block; margin: 0 auto 15px;\" \/><\/p>\n<h3 style=\"font-family: 'Cabin-Bold';\">Organiza tus entregas<\/h3>\n<p class=\"text-center\">Programa recolecciones, selecciona activos, agrega comentarios y adjunta archivos de manera organizada.<\/p>\n<\/p><\/div>\n<\/p><\/div>\n<div class=\"col-md-4 mb-4\">\n<div style=\"background: #fff; border-radius: 15px; text-align: center; padding: 30px 25px; height: 100%;\">\n          <img decoding=\"async\" src=\"https:\/\/techmasterdemexico.com\/wp-content\/uploads\/po_s.svg\" style=\"display: block; margin: 0 auto 15px;\" \/><\/p>\n<h3 style=\"font-family: 'Cabin-Bold';\">Tus PO\u2019s<\/h3>\n<p class=\"text-center\">Revisa tus \u00f3rdenes de compra, balances pendientes y facturaci\u00f3n. Exporta en PDF o Excel.<\/p>\n<\/p><\/div>\n<\/p><\/div>\n<div class=\"col-md-4 mb-4\">\n<div style=\"background: #fff; border-radius: 15px; text-align: center; padding: 30px 25px; height: 100%;\">\n          <img decoding=\"async\" src=\"https:\/\/techmasterdemexico.com\/wp-content\/uploads\/recursos-adicionales.svg\" style=\"display: block; margin: 0 auto 15px;\" \/><\/p>\n<h3 style=\"font-family: 'Cabin-Bold';\">Recursos Adicionales<\/h3>\n<p class=\"text-center\">Accede a certificados ANAB, documentos de calidad, gesti\u00f3n de usuarios y soporte multi-sucursal.<\/p>\n<\/p><\/div>\n<\/p><\/div>\n<\/p><\/div>\n<div class=\"row\">\n<div class=\"col-md-12\">\n<h2 style=\"text-align: center; font-family: 'Cabin-Bold';\">Ventajas del portal Techmaster<\/h2>\n<hr style=\"background: #001682; color: #001682; height: 1.5px;\" \/>\n      <\/div>\n<\/p><\/div>\n<\/p><\/div>\n<\/div>\n<div style=\"margin-bottom: 100px;\">\n<div class='white' style='background:rgba(0,0,0,0); border:solid 0px rgba(0,0,0,0); border-radius:0px; padding:0px 0px 0px 0px;'>\n<div id='slider_35996' class='owl-carousel sa_owl_theme owl-pagination-true autohide-arrows' data-slider-id='slider_35996' style='visibility:hidden;'>\n<div id='slider_35996_slide01' class='sa_hover_container' style='padding:0% 0%; margin:0px 0%; '><p style=\"text-align: center\">Descarga documentos y genera reportes en minutos sin llamadas ni correos.<\/p>\r\n<p><img decoding=\"async\" class=\"size-full wp-image-35986 aligncenter\" src=\"https:\/\/techmasterdemexico.com\/wp-content\/uploads\/portal-9.png\" \/><\/p><\/div>\n<div id='slider_35996_slide02' class='sa_hover_container' style='padding:0% 0%; margin:0px 0%; '><p style=\"text-align: center\">Consulta el historial completo de cada equipo y su estatus de calibraci\u00f3n<\/p>\r\n<p><img loading=\"lazy\" decoding=\"async\" width=\"1897\" height=\"910\" class=\"size-full wp-image-35986 aligncenter\" src=\"https:\/\/techmasterdemexico.com\/wp-content\/uploads\/portal-1.png\" srcset=\"https:\/\/techmasterdemexico.com\/wp-content\/uploads\/portal-1.png 1897w, https:\/\/techmasterdemexico.com\/wp-content\/uploads\/portal-1-300x144.png 300w, https:\/\/techmasterdemexico.com\/wp-content\/uploads\/portal-1-1024x491.png 1024w, https:\/\/techmasterdemexico.com\/wp-content\/uploads\/portal-1-768x368.png 768w, https:\/\/techmasterdemexico.com\/wp-content\/uploads\/portal-1-1536x737.png 1536w, https:\/\/techmasterdemexico.com\/wp-content\/uploads\/portal-1-600x288.png 600w\" sizes=\"auto, (max-width: 1897px) 100vw, 1897px\" \/><\/p><\/div>\n<div id='slider_35996_slide03' class='sa_hover_container' style='padding:0% 0%; margin:0px 0%; '><p style=\"text-align: center\">Certificados de capacidades y reportes disponibles en l\u00ednea, siempre actualizados.<\/p>\r\n<p><img decoding=\"async\" class=\"size-full wp-image-35986 aligncenter\" src=\"https:\/\/techmasterdemexico.com\/wp-content\/uploads\/portal-4.png\" \/><\/p><\/div>\n<div id='slider_35996_slide04' class='sa_hover_container' style='padding:0% 0%; margin:0px 0%; '><p style=\"text-align: center\">Gestiona equipos de distintas ubicaciones desde una sola cuenta..<\/p>\r\n<p><img decoding=\"async\" class=\"size-full wp-image-35986 aligncenter\" src=\"https:\/\/techmasterdemexico.com\/wp-content\/uploads\/portal-6.png\" \/><\/p><\/div>\n<div id='slider_35996_slide05' class='sa_hover_container' style='padding:0% 0%; margin:0px 0%; '><p style=\"text-align: center\">Administra los permisos de cada usuario de tu organizaci\u00f3n.<\/p>\r\n<p><img decoding=\"async\" class=\"size-full wp-image-35986 aligncenter\" src=\"https:\/\/techmasterdemexico.com\/wp-content\/uploads\/portal-7.png\" \/><\/p><\/div>\n<div id='slider_35996_slide06' class='sa_hover_container' style='padding:0% 0%; margin:0px 0%; '><p style=\"text-align: center\">Abre tickets y da seguimiento a tus solicitudes sin salir del portal.<\/p>\r\n<p><img decoding=\"async\" class=\"size-full wp-image-35986 aligncenter\" src=\"https:\/\/techmasterdemexico.com\/wp-content\/uploads\/portal-8.png\" \/><\/p><\/div>\n<\/div>\n<\/div>\n<script type='text\/javascript'>\n\tjQuery(document).ready(function() {\n\t\tjQuery('#slider_35996').owlCarousel({\n\t\t\titems : 1,\n\t\t\tsmartSpeed : 200,\n\t\t\tautoplay : true,\n\t\t\tautoplayTimeout : 5000,\n\t\t\tautoplayHoverPause : true,\n\t\t\tsmartSpeed : 200,\n\t\t\tfluidSpeed : 200,\n\t\t\tautoplaySpeed : 200,\n\t\t\tnavSpeed : 200,\n\t\t\tdotsSpeed : 200,\n\t\t\tdotsEach : 1,\n\t\t\tloop : true,\n\t\t\tnav : true,\n\t\t\tnavText : ['Previous','Next'],\n\t\t\tdots : true,\n\t\t\tresponsiveRefreshRate : 200,\n\t\t\tslideBy : 1,\n\t\t\tmergeFit : true,\n\t\t\tautoHeight : false,\n\t\t\tmouseDrag : false,\n\t\t\ttouchDrag : true\n\t\t});\n\t\tjQuery('#slider_35996').css('visibility', 'visible');\n\t\tsa_resize_slider_35996();\n\t\twindow.addEventListener('resize', sa_resize_slider_35996);\n\t\tfunction sa_resize_slider_35996() {\n\t\t\tvar min_height = '50';\n\t\t\tvar win_width = jQuery(window).width();\n\t\t\tvar slider_width = jQuery('#slider_35996').width();\n\t\t\tif (win_width < 480) {\n\t\t\t\tvar slide_width = slider_width \/ 1;\n\t\t\t} else if (win_width < 768) {\n\t\t\t\tvar slide_width = slider_width \/ 1;\n\t\t\t} else if (win_width < 980) {\n\t\t\t\tvar slide_width = slider_width \/ 1;\n\t\t\t} else if (win_width < 1200) {\n\t\t\t\tvar slide_width = slider_width \/ 1;\n\t\t\t} else if (win_width < 1500) {\n\t\t\t\tvar slide_width = slider_width \/ 1;\n\t\t\t} else {\n\t\t\t\tvar slide_width = slider_width \/ 1;\n\t\t\t}\n\t\t\tslide_width = Math.round(slide_width);\n\t\t\tvar slide_height = '0';\n\t\t\tif (min_height == 'aspect43') {\n\t\t\t\tslide_height = (slide_width \/ 4) * 3;\t\t\t\tslide_height = Math.round(slide_height);\n\t\t\t} else if (min_height == 'aspect169') {\n\t\t\t\tslide_height = (slide_width \/ 16) * 9;\t\t\t\tslide_height = Math.round(slide_height);\n\t\t\t} else {\n\t\t\t\tslide_height = (slide_width \/ 100) * min_height;\t\t\t\tslide_height = Math.round(slide_height);\n\t\t\t}\n\t\t\tjQuery('#slider_35996 .owl-item .sa_hover_container').css('min-height', slide_height+'px');\n\t\t}\n\t\tvar owl_goto = jQuery('#slider_35996');\n\t\tjQuery('.slider_35996_goto1').click(function(event){\n\t\t\towl_goto.trigger('to.owl.carousel', 0);\n\t\t});\n\t\tjQuery('.slider_35996_goto2').click(function(event){\n\t\t\towl_goto.trigger('to.owl.carousel', 1);\n\t\t});\n\t\tjQuery('.slider_35996_goto3').click(function(event){\n\t\t\towl_goto.trigger('to.owl.carousel', 2);\n\t\t});\n\t\tjQuery('.slider_35996_goto4').click(function(event){\n\t\t\towl_goto.trigger('to.owl.carousel', 3);\n\t\t});\n\t\tjQuery('.slider_35996_goto5').click(function(event){\n\t\t\towl_goto.trigger('to.owl.carousel', 4);\n\t\t});\n\t\tjQuery('.slider_35996_goto6').click(function(event){\n\t\t\towl_goto.trigger('to.owl.carousel', 5);\n\t\t});\n\t\tvar resize_35996 = jQuery('.owl-carousel');\n\t\tresize_35996.on('initialized.owl.carousel', function(e) {\n\t\t\tif (typeof(Event) === 'function') {\n\t\t\t\twindow.dispatchEvent(new Event('resize'));\n\t\t\t} else {\n\t\t\t\tvar evt = window.document.createEvent('UIEvents');\n\t\t\t\tevt.initUIEvent('resize', true, false, window, 0);\n\t\t\t\twindow.dispatchEvent(evt);\n\t\t\t}\n\t\t});\n\t});\n<\/script>\n\n<\/div>\n<div class=\"mt-5\" style=\"margin: auto; max-width: 840px;\">\n<div class=\"container\">\n<div class=\"row mb-5\">\n<div class=\"col-md-12\">\n<h1 class=\"mb-4\" style=\"font-family: 'Cabin-Bold';\">Empieza hoy mismo<\/h1>\n<div style=\"border-radius: 15px;\">\n<div style=\"display: flex; align-items: flex-start; gap: 16px; padding: 16px 20px; background: #fff; border-bottom: 0.5px solid var(--color-border-tertiary); border-top-left-radius: 15px; border-top-right-radius: 15px;\">\n<div style=\"width: 28px; height: 28px; border-radius: 50%; background: #1a3a6b; display: flex; align-items: center; justify-content: center; flex-shrink: 0;\">\n              <span style=\"color: #fff; font-size: 19px; font-weight: 500;\">1<\/span>\n            <\/div>\n<div style=\"flex: 1;\">\n<p class=\"strong\" style=\"font-family: 'Cabin-Bold'; margin: 0 0 2px; font-size: 18px; font-weight: 500; color: var(--color-text-primary);\">Abre tu cuenta<\/p>\n<p style=\"margin: 0; font-size: 15px; color: var(--color-text-secondary);\">Ingresa tu Usuario y Contrase\u00f1a proporcionado por nuestro equipo de asesores especializados.<\/p>\n<\/p><\/div>\n<div style=\"width: 32px; height: 32px; border-radius: 50%; background: #f97316; display: flex; align-items: center; justify-content: center; flex-shrink: 0; align-self: center;\">\n              <a href=\"https:\/\/portal.techmaster.us\/Certificates\/MX\/Login\" target=\"_blank\"><svg width=\"16\" height=\"16\" viewBox=\"0 0 24 24\" fill=\"none\" stroke=\"#fff\" stroke-width=\"2.5\" stroke-linecap=\"round\" stroke-linejoin=\"round\" aria-hidden=\"true\">\n                  <line x1=\"7\" y1=\"17\" x2=\"17\" y2=\"7\" \/>\n                  <polyline points=\"7 7 17 7 17 17\" \/>\n                <\/svg><\/a>\n            <\/div>\n<\/p><\/div>\n<div style=\"display: flex; align-items: flex-start; gap: 16px; padding: 16px 20px; background: #D8D8D8; border-bottom: 0.5px solid var(--color-border-tertiary);\">\n<div style=\"width: 28px; height: 28px; border-radius: 50%; background: #1a3a6b; display: flex; align-items: center; justify-content: center; flex-shrink: 0;\">\n              <span style=\"color: #fff; font-size: 19px; font-weight: 500;\">2<\/span>\n            <\/div>\n<div style=\"flex: 1;\">\n<p class=\"strong\" style=\"font-family: 'Cabin-Bold'; margin: 0 0 2px; font-size: 18px; font-weight: 500; color: var(--color-text-primary);\">Explora el Asset Manager<\/p>\n<p style=\"margin: 0; font-size: 15px; color: var(--color-text-secondary);\">Busca tus equipos y revisa el historial de calibraciones.<\/p>\n<\/p><\/div>\n<\/p><\/div>\n<div style=\"display: flex; align-items: flex-start; gap: 16px; padding: 16px 20px; background: #fff; border-bottom: 0.5px solid var(--color-border-tertiary);\">\n<div style=\"width: 28px; height: 28px; border-radius: 50%; background: #1a3a6b; display: flex; align-items: center; justify-content: center; flex-shrink: 0;\">\n              <span style=\"color: #fff; font-size: 19px; font-weight: 500;\">3<\/span>\n            <\/div>\n<div style=\"flex: 1;\">\n<p class=\"strong\" style=\"font-family: 'Cabin-Bold'; margin: 0 0 2px; font-size: 18px; font-weight: 500; color: var(--color-text-primary);\">Descarga tus certificados<\/p>\n<p style=\"margin: 0; font-size: 15px; color: var(--color-text-secondary);\">Usa el Download Center para obtener toda tu documentaci\u00f3n al momento.<\/p>\n<\/p><\/div>\n<\/p><\/div>\n<div style=\"display: flex; align-items: flex-start; gap: 16px; padding: 16px 20px; background: #D8D8D8; border-bottom-left-radius: 15px; border-bottom-right-radius: 15px;\">\n<div style=\"width: 28px; height: 28px; border-radius: 50%; background: #1a3a6b; display: flex; align-items: center; justify-content: center; flex-shrink: 0;\">\n              <span style=\"color: #fff; font-size: 19px; font-weight: 500;\">4<\/span>\n            <\/div>\n<div style=\"flex: 1;\">\n<p class=\"strong\" style=\"font-family: 'Cabin-Bold'; margin: 0 0 2px; font-size: 18px; font-weight: 500; color: var(--color-text-primary);\">Programa tus proximas calibraciones<\/p>\n<p style=\"margin: 0; font-size: 15px; color: var(--color-text-secondary);\">Manten en orden tu operaci\u00f3n con calibraciones regulares desde la app.<\/p>\n<\/p><\/div>\n<\/p><\/div>\n<\/p><\/div>\n<\/p><\/div>\n<\/p><\/div>\n<div class=\"row\">\n<div class=\"col-md-12\">\n<h2 style=\"text-align: center; font-family: 'Cabin-Bold';\">Aprovecha todas las funciones avanzadas<\/h2>\n<hr style=\"background: #001682; color: #001682; height: 1.5px;\" \/>\n<p class=\"text-center\">Accede hoy al portal y gestiona todos tus activos de calibraci\u00f3n desde un solo lugar.<\/p>\n<p style=\"text-align: center;\">\n          <a href=\"https:\/\/portal.techmaster.us\/Certificates\/MX\/Login\" target=\"_blank\" class=\"btn mb-3\" style=\"font-family: Roboto; font-weight: 900; font-style: Italic; font-size: 18px  !important; text-decoration: none; max-width: 330px;\">IR AL PORTAL DE CLIENTES<\/a><br \/>\n          <a href=\"#\" target=\"_blank\" class=\"btn mb-3\" style=\"font-family: Roboto; font-weight: 900; font-style: Italic; font-size: 18px !important; text-decoration: none; background: #001682 !important; max-width: 330px;\">DESCARGAR EL MANUAL DE USUARIO<\/a><br \/>\n          <a href=\"#\" target=\"_blank\" class=\"btn\" style=\"font-family: Roboto; font-weight: 900; font-style: Italic; font-size: 18px !important; text-decoration: none; background: #001682 !important; max-width: 330px;\">CONOCE LA APP<\/a>\n        <\/p>\n<\/p><\/div>\n<\/p><\/div>\n<\/p><\/div>\n<\/div>\n","protected":false},"excerpt":{"rendered":"<p>Tu operaci\u00f3n de calibraci\u00f3n bajo control, en un solo portal TechMaster Customer Portal centraliza la gesti\u00f3n de tus equipos, certificados, reportes y solicitudes en un solo lugar, accesible en cualquier momento. ACCEDER AL PORTAL VER VIDEO DEMO M\u00f3dulos Integrados Desde consultar un activo hasta programar una recolecci\u00f3n; cada funci\u00f3n fue dise\u00f1ada para ahorrar tiempo y [&hellip;]<\/p>\n","protected":false},"author":1,"featured_media":0,"parent":0,"menu_order":0,"comment_status":"closed","ping_status":"closed","template":"template-nosidebar.php","meta":{"_acf_changed":false,"footnotes":""},"class_list":["post-35972","page","type-page","status-publish","hentry"],"acf":[],"yoast_head":"<!-- This site is optimized with the Yoast SEO plugin v27.5 - https:\/\/yoast.com\/product\/yoast-seo-wordpress\/ -->\n<title>Portal techmaster - Techmaster de Mexico<\/title>\n<meta name=\"robots\" content=\"index, follow, max-snippet:-1, max-image-preview:large, max-video-preview:-1\" \/>\n<link rel=\"canonical\" href=\"https:\/\/techmasterdemexico.com\/portaltechmaster\/\" \/>\n<meta property=\"og:locale\" content=\"en_US\" \/>\n<meta property=\"og:type\" content=\"article\" \/>\n<meta property=\"og:title\" content=\"Portal techmaster - Techmaster de Mexico\" \/>\n<meta property=\"og:description\" content=\"Tu operaci\u00f3n de calibraci\u00f3n bajo control, en un solo portal TechMaster Customer Portal centraliza la gesti\u00f3n de tus equipos, certificados, reportes y solicitudes en un solo lugar, accesible en cualquier momento. ACCEDER AL PORTAL VER VIDEO DEMO M\u00f3dulos Integrados Desde consultar un activo hasta programar una recolecci\u00f3n; cada funci\u00f3n fue dise\u00f1ada para ahorrar tiempo y [&hellip;]\" \/>\n<meta property=\"og:url\" content=\"https:\/\/techmasterdemexico.com\/portaltechmaster\/\" \/>\n<meta property=\"og:site_name\" content=\"Techmaster de Mexico\" \/>\n<meta property=\"article:modified_time\" content=\"2026-05-13T00:45:48+00:00\" \/>\n<meta name=\"twitter:card\" content=\"summary_large_image\" \/>\n<meta name=\"twitter:label1\" content=\"Est. reading time\" \/>\n\t<meta name=\"twitter:data1\" content=\"3 minutes\" \/>\n<script type=\"application\/ld+json\" class=\"yoast-schema-graph\">{\"@context\":\"https:\\\/\\\/schema.org\",\"@graph\":[{\"@type\":\"WebPage\",\"@id\":\"https:\\\/\\\/techmasterdemexico.com\\\/portaltechmaster\\\/\",\"url\":\"https:\\\/\\\/techmasterdemexico.com\\\/portaltechmaster\\\/\",\"name\":\"Portal techmaster - Techmaster de Mexico\",\"isPartOf\":{\"@id\":\"https:\\\/\\\/techmasterdemexico.com\\\/#website\"},\"primaryImageOfPage\":{\"@id\":\"https:\\\/\\\/techmasterdemexico.com\\\/portaltechmaster\\\/#primaryimage\"},\"image\":{\"@id\":\"https:\\\/\\\/techmasterdemexico.com\\\/portaltechmaster\\\/#primaryimage\"},\"thumbnailUrl\":\"https:\\\/\\\/techmasterdemexico.com\\\/wp-content\\\/uploads\\\/Frame-101.svg\",\"datePublished\":\"2026-05-12T16:46:57+00:00\",\"dateModified\":\"2026-05-13T00:45:48+00:00\",\"breadcrumb\":{\"@id\":\"https:\\\/\\\/techmasterdemexico.com\\\/portaltechmaster\\\/#breadcrumb\"},\"inLanguage\":\"en-US\",\"potentialAction\":[{\"@type\":\"ReadAction\",\"target\":[\"https:\\\/\\\/techmasterdemexico.com\\\/portaltechmaster\\\/\"]}]},{\"@type\":\"ImageObject\",\"inLanguage\":\"en-US\",\"@id\":\"https:\\\/\\\/techmasterdemexico.com\\\/portaltechmaster\\\/#primaryimage\",\"url\":\"https:\\\/\\\/techmasterdemexico.com\\\/wp-content\\\/uploads\\\/Frame-101.svg\",\"contentUrl\":\"https:\\\/\\\/techmasterdemexico.com\\\/wp-content\\\/uploads\\\/Frame-101.svg\"},{\"@type\":\"BreadcrumbList\",\"@id\":\"https:\\\/\\\/techmasterdemexico.com\\\/portaltechmaster\\\/#breadcrumb\",\"itemListElement\":[{\"@type\":\"ListItem\",\"position\":1,\"name\":\"Portada\",\"item\":\"https:\\\/\\\/techmasterdemexico.com\\\/\"},{\"@type\":\"ListItem\",\"position\":2,\"name\":\"Portal techmaster\"}]},{\"@type\":\"WebSite\",\"@id\":\"https:\\\/\\\/techmasterdemexico.com\\\/#website\",\"url\":\"https:\\\/\\\/techmasterdemexico.com\\\/\",\"name\":\"Techmaster de Mexico\",\"description\":\"\",\"potentialAction\":[{\"@type\":\"SearchAction\",\"target\":{\"@type\":\"EntryPoint\",\"urlTemplate\":\"https:\\\/\\\/techmasterdemexico.com\\\/?s={search_term_string}\"},\"query-input\":{\"@type\":\"PropertyValueSpecification\",\"valueRequired\":true,\"valueName\":\"search_term_string\"}}],\"inLanguage\":\"en-US\"}]}<\/script>\n<!-- \/ Yoast SEO plugin. -->","yoast_head_json":{"title":"Portal techmaster - Techmaster de Mexico","robots":{"index":"index","follow":"follow","max-snippet":"max-snippet:-1","max-image-preview":"max-image-preview:large","max-video-preview":"max-video-preview:-1"},"canonical":"https:\/\/techmasterdemexico.com\/portaltechmaster\/","og_locale":"en_US","og_type":"article","og_title":"Portal techmaster - Techmaster de Mexico","og_description":"Tu operaci\u00f3n de calibraci\u00f3n bajo control, en un solo portal TechMaster Customer Portal centraliza la gesti\u00f3n de tus equipos, certificados, reportes y solicitudes en un solo lugar, accesible en cualquier momento. ACCEDER AL PORTAL VER VIDEO DEMO M\u00f3dulos Integrados Desde consultar un activo hasta programar una recolecci\u00f3n; cada funci\u00f3n fue dise\u00f1ada para ahorrar tiempo y [&hellip;]","og_url":"https:\/\/techmasterdemexico.com\/portaltechmaster\/","og_site_name":"Techmaster de Mexico","article_modified_time":"2026-05-13T00:45:48+00:00","twitter_card":"summary_large_image","twitter_misc":{"Est. reading time":"3 minutes"},"schema":{"@context":"https:\/\/schema.org","@graph":[{"@type":"WebPage","@id":"https:\/\/techmasterdemexico.com\/portaltechmaster\/","url":"https:\/\/techmasterdemexico.com\/portaltechmaster\/","name":"Portal techmaster - Techmaster de Mexico","isPartOf":{"@id":"https:\/\/techmasterdemexico.com\/#website"},"primaryImageOfPage":{"@id":"https:\/\/techmasterdemexico.com\/portaltechmaster\/#primaryimage"},"image":{"@id":"https:\/\/techmasterdemexico.com\/portaltechmaster\/#primaryimage"},"thumbnailUrl":"https:\/\/techmasterdemexico.com\/wp-content\/uploads\/Frame-101.svg","datePublished":"2026-05-12T16:46:57+00:00","dateModified":"2026-05-13T00:45:48+00:00","breadcrumb":{"@id":"https:\/\/techmasterdemexico.com\/portaltechmaster\/#breadcrumb"},"inLanguage":"en-US","potentialAction":[{"@type":"ReadAction","target":["https:\/\/techmasterdemexico.com\/portaltechmaster\/"]}]},{"@type":"ImageObject","inLanguage":"en-US","@id":"https:\/\/techmasterdemexico.com\/portaltechmaster\/#primaryimage","url":"https:\/\/techmasterdemexico.com\/wp-content\/uploads\/Frame-101.svg","contentUrl":"https:\/\/techmasterdemexico.com\/wp-content\/uploads\/Frame-101.svg"},{"@type":"BreadcrumbList","@id":"https:\/\/techmasterdemexico.com\/portaltechmaster\/#breadcrumb","itemListElement":[{"@type":"ListItem","position":1,"name":"Portada","item":"https:\/\/techmasterdemexico.com\/"},{"@type":"ListItem","position":2,"name":"Portal techmaster"}]},{"@type":"WebSite","@id":"https:\/\/techmasterdemexico.com\/#website","url":"https:\/\/techmasterdemexico.com\/","name":"Techmaster de Mexico","description":"","potentialAction":[{"@type":"SearchAction","target":{"@type":"EntryPoint","urlTemplate":"https:\/\/techmasterdemexico.com\/?s={search_term_string}"},"query-input":{"@type":"PropertyValueSpecification","valueRequired":true,"valueName":"search_term_string"}}],"inLanguage":"en-US"}]}},"_links":{"self":[{"href":"https:\/\/techmasterdemexico.com\/en\/wp-json\/wp\/v2\/pages\/35972","targetHints":{"allow":["GET"]}}],"collection":[{"href":"https:\/\/techmasterdemexico.com\/en\/wp-json\/wp\/v2\/pages"}],"about":[{"href":"https:\/\/techmasterdemexico.com\/en\/wp-json\/wp\/v2\/types\/page"}],"author":[{"embeddable":true,"href":"https:\/\/techmasterdemexico.com\/en\/wp-json\/wp\/v2\/users\/1"}],"replies":[{"embeddable":true,"href":"https:\/\/techmasterdemexico.com\/en\/wp-json\/wp\/v2\/comments?post=35972"}],"version-history":[{"count":6,"href":"https:\/\/techmasterdemexico.com\/en\/wp-json\/wp\/v2\/pages\/35972\/revisions"}],"predecessor-version":[{"id":36028,"href":"https:\/\/techmasterdemexico.com\/en\/wp-json\/wp\/v2\/pages\/35972\/revisions\/36028"}],"wp:attachment":[{"href":"https:\/\/techmasterdemexico.com\/en\/wp-json\/wp\/v2\/media?parent=35972"}],"curies":[{"name":"wp","href":"https:\/\/api.w.org\/{rel}","templated":true}]}}