{"id":35604,"date":"2026-04-08T16:13:16","date_gmt":"2026-04-08T23:13:16","guid":{"rendered":"https:\/\/techmasterdemexico.com\/?page_id=35604"},"modified":"2026-04-09T17:11:31","modified_gmt":"2026-04-10T00:11:31","slug":"experience-workshops","status":"publish","type":"page","link":"https:\/\/techmasterdemexico.com\/en\/experience-workshops\/","title":{"rendered":"Experience day"},"content":{"rendered":"<div style=\"max-width: 950px; margin: auto; font-size: 18px; color: #1653b9;\">\n<div class=\"row mt-1 mb-3\">\n<div class=\"col-sm-12 text-center\"><img decoding=\"async\" class=\"img-fluid\" style=\"margin: auto;\" src=\"https:\/\/techmasterdemexico.com\/wp-content\/uploads\/Rexgear-ITECH-experience-day.png\" \/><\/p>\n<h1 class=\"mb-5\" style=\"color: #000;\">Pruebas de Potencia y Calidad de Energ\u00eda en Aplicaciones Industriales y Producci\u00f3n<\/h1>\n<\/div>\n<\/div>\n<div class=\"row mt-1 mb-5\">\n<div class=\"col-sm-2 col-3\"><img decoding=\"async\" style=\"margin: auto; max-height: 90px;\" class=\"img-fluid\" src=\"https:\/\/techmasterdemexico.com\/wp-content\/uploads\/Asset-2.png\" \/><\/div>\n<div class=\"col-sm-10 col-9\" style=\"align-self: center;\">\n<p style=\"font-size: 25px; margin-bottom: 0; align-self: center; color: #1653b9;\"><b>Analiza y optimiza<\/b> tus pruebas desde la fase de dise\u00f1o, respaldado por equipos especializados para entornos industriales y piso de producci\u00f3n.<\/p>\n<\/div>\n<\/div>\n<div class=\"row mt-1 mb-5\" style=\"max-width: 600px; margin-left: auto; margin-right: auto\">\n<div class=\"col-4 text-center\"><img decoding=\"async\" class=\"img-fluid\" style=\"margin: auto; max-height: 80px; max-width: 60%; width: auto;\" src=\"https:\/\/techmasterdemexico.com\/wp-content\/uploads\/fecha.png\" \/><\/p>\n<p style=\"align-self: center; color: #1653b9;\">Martes 28 de abril, 2026<\/p>\n<\/div>\n<div class=\"col-4 text-center\"><img decoding=\"async\" class=\"img-fluid\" style=\"margin: auto; max-height: 80px; max-width: 60%; width: auto;\" src=\"https:\/\/techmasterdemexico.com\/wp-content\/uploads\/hora.png\" \/><\/p>\n<p style=\"align-self: center; color: #1653b9;\">11:00 am &#8211; 2:00 pm<\/p>\n<\/div>\n<div class=\"col-4 text-center\"><img decoding=\"async\" class=\"img-fluid\" style=\"margin: auto; max-height: 80px; max-width: 60%; width: auto;\" src=\"https:\/\/techmasterdemexico.com\/wp-content\/uploads\/ubicacion.png\" \/><\/p>\n<p style=\"align-self: center; color: #1653b9;\">Techmaster Tijuana<\/p>\n<\/div>\n<\/div>\n<div class=\"row mt-1 mb-5\">\n<div class=\"col-sm-6\">\n<h4 style=\"color: #000;\">En este evento habr\u00e1:<\/h4>\n<ul style=\"color: #1653b9;\">\n<li>Demostraciones en vivo<\/li>\n<li>Interacci\u00f3n directa con especialistas<\/li>\n<li>Casos reales de la industria<\/li>\n<li>Equipos disponibles para pruebas<\/li>\n<\/ul>\n<\/div>\n<div class=\"col-sm-6\">\n<h4 style=\"color: #000;\">Dirigido a:<\/h4>\n<ul style=\"color: #1653b9;\">\n<li>Ingenieros de dise\u00f1o<\/li>\n<li>Ingenieros de manufactura<\/li>\n<li>Ingenieros en automatizaci\u00f3n<\/li>\n<li>Ingenieros industriales<\/li>\n<li>Ingenieros de confiabilidad<\/li>\n<\/ul>\n<\/div>\n<\/div>\n<div class=\"row mt-1 mb-5\">\n<div class=\"col-sm-12 text-center\">\n<h1 style=\"color: #000;\">Aplicaciones para tu industria<\/h1>\n<p><img decoding=\"async\" class=\"img-fluid\" src=\"https:\/\/techmasterdemexico.com\/wp-content\/uploads\/industrias-1-scaled.png\" \/><\/p>\n<\/div>\n<div class=\"col-sm-12\">\n<h2 style=\"display: ruby; color: #1653b9;\"><img decoding=\"async\" class=\"img-fluid\" style=\"max-height: 50px; width: auto;\" src=\"https:\/\/techmasterdemexico.com\/wp-content\/uploads\/Medicion-de-potencia.png\" \/> Medicion de potencia<\/h2>\n<\/div>\n<div class=\"col-sm-12 text-center\">\n<h2 style=\"display: ruby; color: #1653b9;\"><img decoding=\"async\" class=\"img-fluid\" style=\"max-height: 50px; width: auto;\" src=\"https:\/\/techmasterdemexico.com\/wp-content\/uploads\/disen\u0303o-de-pruebas-de-potencia.png\" \/> Dise\u00f1o de pruebas de potencia<\/h2>\n<\/div>\n<div class=\"col-sm-12 text-right\">\n<h2 style=\"display: ruby; color: #1653b9;\"><img decoding=\"async\" class=\"img-fluid\" style=\"max-height: 50px; width: auto;\" src=\"https:\/\/techmasterdemexico.com\/wp-content\/uploads\/seleccion-de-equipo.png\" \/> Selecci\u00f3n de equipo<\/h2>\n<\/div>\n<\/div>\n<div class=\"row mt-1 mb-5\">\n<div class=\"col-sm-12 text-center\">\n<h1 style=\"color: #000;\">No necesitas el equipo m\u00e1s caro,<br \/>\nnecesitas el equipo correcto.<\/h1>\n<p><img decoding=\"async\" class=\"img-fluid mb-5\" src=\"https:\/\/techmasterdemexico.com\/wp-content\/uploads\/equipos-3.png\" \/><\/p>\n<h1 class=\"mb-5\">Cupo limitado &#8211; \u00a1Reserva tu lugar! &#8211; Evento sin costo<\/h1>\n<p><a class=\"btn\" style=\"font-size: 30px !important; text-decoration: none; max-width: 400px; border-radius: 50px !important;\" href=\"https:\/\/lp.constantcontactpages.com\/sl\/Cu9eEZg\/TechmasterNewsletter\">REG\u00cdSTRATE AQU\u00cd<\/a><\/p>\n<\/div>\n<\/div>\n<h1 style=\"color: #0432a0; margin-bottom: 20px;\" align=\"center\">M\u00e1s informaci\u00f3n<\/h1>\n<h4 style=\"color: #0432a0; font-size: 30px; text-align: center;\"><a class=\"strong\" style=\"align-self: center; text-decoration: none; display: inline-flex; color: #0432a0;\" href=\"mailto:contacto@techmaster.us\" target=\"_blank\" rel=\"noopener\"><img decoding=\"async\" style=\"height: 40px;\" src=\"https:\/\/techmasterdemexico.com\/wp-content\/uploads\/Icono-Email.png\" \/> contacto@techmaster.us<\/a><\/h4>\n<h4 style=\"color: #0432a0; font-size: 30px; text-align: center;\"><a class=\"strong\" style=\"align-self: center; text-decoration: none; display: inline-flex; color: #0432a0;\" href=\"https:\/\/api.whatsapp.com\/send?phone=+526643875607&#038;text=Hola%20\ud83d\udc4bQuiero%20registrarme%20al%20Rexgear%20experience%20day%20\" target=\"_blank\" rel=\"noopener\"><br \/>\n<img decoding=\"async\" style=\"height: 40px;\" src=\"https:\/\/techmasterdemexico.com\/wp-content\/uploads\/Icono-WhatsApp.png\" \/> +52 664 387 5607<\/a><\/h4>\n<\/div>\n","protected":false},"excerpt":{"rendered":"<p>Pruebas de Potencia y Calidad de Energ\u00eda en Aplicaciones Industriales y Producci\u00f3n Analiza y optimiza tus pruebas desde la fase de dise\u00f1o, respaldado por equipos especializados para entornos industriales y piso de producci\u00f3n. Martes 28 de abril, 2026 11:00 am &#8211; 2:00 pm Techmaster Tijuana En este evento habr\u00e1: Demostraciones en vivo Interacci\u00f3n directa con [&hellip;]<\/p>\n","protected":false},"author":1,"featured_media":0,"parent":0,"menu_order":0,"comment_status":"closed","ping_status":"closed","template":"template-nosidebar.php","meta":{"_acf_changed":false,"footnotes":""},"class_list":["post-35604","page","type-page","status-publish","hentry"],"acf":[],"yoast_head":"<!-- This site is optimized with the Yoast SEO plugin v27.3 - https:\/\/yoast.com\/product\/yoast-seo-wordpress\/ -->\n<title>Experience day - Techmaster de Mexico<\/title>\n<meta name=\"robots\" content=\"index, follow, max-snippet:-1, max-image-preview:large, max-video-preview:-1\" \/>\n<link rel=\"canonical\" href=\"https:\/\/techmasterdemexico.com\/experience-workshops\/\" \/>\n<meta property=\"og:locale\" content=\"en_US\" \/>\n<meta property=\"og:type\" content=\"article\" \/>\n<meta property=\"og:title\" content=\"Experience day - Techmaster de Mexico\" \/>\n<meta property=\"og:description\" content=\"Pruebas de Potencia y Calidad de Energ\u00eda en Aplicaciones Industriales y Producci\u00f3n Analiza y optimiza tus pruebas desde la fase de dise\u00f1o, respaldado por equipos especializados para entornos industriales y piso de producci\u00f3n. Martes 28 de abril, 2026 11:00 am &#8211; 2:00 pm Techmaster Tijuana En este evento habr\u00e1: Demostraciones en vivo Interacci\u00f3n directa con [&hellip;]\" \/>\n<meta property=\"og:url\" content=\"https:\/\/techmasterdemexico.com\/experience-workshops\/\" \/>\n<meta property=\"og:site_name\" content=\"Techmaster de Mexico\" \/>\n<meta property=\"article:modified_time\" content=\"2026-04-10T00:11:31+00:00\" \/>\n<meta property=\"og:image\" content=\"https:\/\/techmasterdemexico.com\/wp-content\/uploads\/Rexgear-ITECH-experience-day.png\" \/>\n<meta name=\"twitter:card\" content=\"summary_large_image\" \/>\n<meta name=\"twitter:label1\" content=\"Est. reading time\" \/>\n\t<meta name=\"twitter:data1\" content=\"3 minutes\" \/>\n<script type=\"application\/ld+json\" class=\"yoast-schema-graph\">{\"@context\":\"https:\\\/\\\/schema.org\",\"@graph\":[{\"@type\":\"WebPage\",\"@id\":\"https:\\\/\\\/techmasterdemexico.com\\\/experience-workshops\\\/\",\"url\":\"https:\\\/\\\/techmasterdemexico.com\\\/experience-workshops\\\/\",\"name\":\"Experience day - Techmaster de Mexico\",\"isPartOf\":{\"@id\":\"https:\\\/\\\/techmasterdemexico.com\\\/#website\"},\"primaryImageOfPage\":{\"@id\":\"https:\\\/\\\/techmasterdemexico.com\\\/experience-workshops\\\/#primaryimage\"},\"image\":{\"@id\":\"https:\\\/\\\/techmasterdemexico.com\\\/experience-workshops\\\/#primaryimage\"},\"thumbnailUrl\":\"https:\\\/\\\/techmasterdemexico.com\\\/wp-content\\\/uploads\\\/Rexgear-ITECH-experience-day.png\",\"datePublished\":\"2026-04-08T23:13:16+00:00\",\"dateModified\":\"2026-04-10T00:11:31+00:00\",\"breadcrumb\":{\"@id\":\"https:\\\/\\\/techmasterdemexico.com\\\/experience-workshops\\\/#breadcrumb\"},\"inLanguage\":\"en-US\",\"potentialAction\":[{\"@type\":\"ReadAction\",\"target\":[\"https:\\\/\\\/techmasterdemexico.com\\\/experience-workshops\\\/\"]}]},{\"@type\":\"ImageObject\",\"inLanguage\":\"en-US\",\"@id\":\"https:\\\/\\\/techmasterdemexico.com\\\/experience-workshops\\\/#primaryimage\",\"url\":\"https:\\\/\\\/techmasterdemexico.com\\\/wp-content\\\/uploads\\\/Rexgear-ITECH-experience-day.png\",\"contentUrl\":\"https:\\\/\\\/techmasterdemexico.com\\\/wp-content\\\/uploads\\\/Rexgear-ITECH-experience-day.png\"},{\"@type\":\"BreadcrumbList\",\"@id\":\"https:\\\/\\\/techmasterdemexico.com\\\/experience-workshops\\\/#breadcrumb\",\"itemListElement\":[{\"@type\":\"ListItem\",\"position\":1,\"name\":\"Portada\",\"item\":\"https:\\\/\\\/techmasterdemexico.com\\\/\"},{\"@type\":\"ListItem\",\"position\":2,\"name\":\"Experience day\"}]},{\"@type\":\"WebSite\",\"@id\":\"https:\\\/\\\/techmasterdemexico.com\\\/#website\",\"url\":\"https:\\\/\\\/techmasterdemexico.com\\\/\",\"name\":\"Techmaster de Mexico\",\"description\":\"\",\"potentialAction\":[{\"@type\":\"SearchAction\",\"target\":{\"@type\":\"EntryPoint\",\"urlTemplate\":\"https:\\\/\\\/techmasterdemexico.com\\\/?s={search_term_string}\"},\"query-input\":{\"@type\":\"PropertyValueSpecification\",\"valueRequired\":true,\"valueName\":\"search_term_string\"}}],\"inLanguage\":\"en-US\"}]}<\/script>\n<!-- \/ Yoast SEO plugin. -->","yoast_head_json":{"title":"Experience day - Techmaster de Mexico","robots":{"index":"index","follow":"follow","max-snippet":"max-snippet:-1","max-image-preview":"max-image-preview:large","max-video-preview":"max-video-preview:-1"},"canonical":"https:\/\/techmasterdemexico.com\/experience-workshops\/","og_locale":"en_US","og_type":"article","og_title":"Experience day - Techmaster de Mexico","og_description":"Pruebas de Potencia y Calidad de Energ\u00eda en Aplicaciones Industriales y Producci\u00f3n Analiza y optimiza tus pruebas desde la fase de dise\u00f1o, respaldado por equipos especializados para entornos industriales y piso de producci\u00f3n. Martes 28 de abril, 2026 11:00 am &#8211; 2:00 pm Techmaster Tijuana En este evento habr\u00e1: Demostraciones en vivo Interacci\u00f3n directa con [&hellip;]","og_url":"https:\/\/techmasterdemexico.com\/experience-workshops\/","og_site_name":"Techmaster de Mexico","article_modified_time":"2026-04-10T00:11:31+00:00","og_image":[{"url":"https:\/\/techmasterdemexico.com\/wp-content\/uploads\/Rexgear-ITECH-experience-day.png","type":"","width":"","height":""}],"twitter_card":"summary_large_image","twitter_misc":{"Est. reading time":"3 minutes"},"schema":{"@context":"https:\/\/schema.org","@graph":[{"@type":"WebPage","@id":"https:\/\/techmasterdemexico.com\/experience-workshops\/","url":"https:\/\/techmasterdemexico.com\/experience-workshops\/","name":"Experience day - Techmaster de Mexico","isPartOf":{"@id":"https:\/\/techmasterdemexico.com\/#website"},"primaryImageOfPage":{"@id":"https:\/\/techmasterdemexico.com\/experience-workshops\/#primaryimage"},"image":{"@id":"https:\/\/techmasterdemexico.com\/experience-workshops\/#primaryimage"},"thumbnailUrl":"https:\/\/techmasterdemexico.com\/wp-content\/uploads\/Rexgear-ITECH-experience-day.png","datePublished":"2026-04-08T23:13:16+00:00","dateModified":"2026-04-10T00:11:31+00:00","breadcrumb":{"@id":"https:\/\/techmasterdemexico.com\/experience-workshops\/#breadcrumb"},"inLanguage":"en-US","potentialAction":[{"@type":"ReadAction","target":["https:\/\/techmasterdemexico.com\/experience-workshops\/"]}]},{"@type":"ImageObject","inLanguage":"en-US","@id":"https:\/\/techmasterdemexico.com\/experience-workshops\/#primaryimage","url":"https:\/\/techmasterdemexico.com\/wp-content\/uploads\/Rexgear-ITECH-experience-day.png","contentUrl":"https:\/\/techmasterdemexico.com\/wp-content\/uploads\/Rexgear-ITECH-experience-day.png"},{"@type":"BreadcrumbList","@id":"https:\/\/techmasterdemexico.com\/experience-workshops\/#breadcrumb","itemListElement":[{"@type":"ListItem","position":1,"name":"Portada","item":"https:\/\/techmasterdemexico.com\/"},{"@type":"ListItem","position":2,"name":"Experience day"}]},{"@type":"WebSite","@id":"https:\/\/techmasterdemexico.com\/#website","url":"https:\/\/techmasterdemexico.com\/","name":"Techmaster de Mexico","description":"","potentialAction":[{"@type":"SearchAction","target":{"@type":"EntryPoint","urlTemplate":"https:\/\/techmasterdemexico.com\/?s={search_term_string}"},"query-input":{"@type":"PropertyValueSpecification","valueRequired":true,"valueName":"search_term_string"}}],"inLanguage":"en-US"}]}},"_links":{"self":[{"href":"https:\/\/techmasterdemexico.com\/en\/wp-json\/wp\/v2\/pages\/35604","targetHints":{"allow":["GET"]}}],"collection":[{"href":"https:\/\/techmasterdemexico.com\/en\/wp-json\/wp\/v2\/pages"}],"about":[{"href":"https:\/\/techmasterdemexico.com\/en\/wp-json\/wp\/v2\/types\/page"}],"author":[{"embeddable":true,"href":"https:\/\/techmasterdemexico.com\/en\/wp-json\/wp\/v2\/users\/1"}],"replies":[{"embeddable":true,"href":"https:\/\/techmasterdemexico.com\/en\/wp-json\/wp\/v2\/comments?post=35604"}],"version-history":[{"count":14,"href":"https:\/\/techmasterdemexico.com\/en\/wp-json\/wp\/v2\/pages\/35604\/revisions"}],"predecessor-version":[{"id":35685,"href":"https:\/\/techmasterdemexico.com\/en\/wp-json\/wp\/v2\/pages\/35604\/revisions\/35685"}],"wp:attachment":[{"href":"https:\/\/techmasterdemexico.com\/en\/wp-json\/wp\/v2\/media?parent=35604"}],"curies":[{"name":"wp","href":"https:\/\/api.w.org\/{rel}","templated":true}]}}