{"id":35407,"date":"2026-03-25T13:18:58","date_gmt":"2026-03-25T20:18:58","guid":{"rendered":"https:\/\/techmasterdemexico.com\/?page_id=35407"},"modified":"2026-04-16T16:55:32","modified_gmt":"2026-04-16T23:55:32","slug":"tolerancias-geometricas-y-dimensionales-tgd-gps-normas-iso-2","status":"publish","type":"page","link":"https:\/\/techmasterdemexico.com\/en\/tolerancias-geometricas-y-dimensionales-tgd-gps-normas-iso-2\/","title":{"rendered":"Tolerancias geom\u00e9tricas y dimensionales (TGD\/GPS) Normas ISO"},"content":{"rendered":"<div style=\"max-width: 628px; margin: auto; font-size: 18px;\">\n<h2 class=\"mb-4\" align=\"center\"><b>Tolerancias geom\u00e9tricas y dimensionales (TGD\/GPS) Normas ISO <\/b><\/h2>\n<p><center><br \/>\n<img decoding=\"async\" class=\"img-fluid mb-5\" style=\"width: 100%;\" src=\"https:\/\/techmasterdemexico.com\/wp-content\/uploads\/Curso_Temario_Web_TDG-GPS-JRZ-Portada.png\"><br \/>\n<\/center><\/p>\n<div style=\"max-width: 628px; margin: auto;\">\n<p style=\"text-align: center;\"><a class=\"btn\" style=\"text-decoration: none; font-size: 25px !important;\" href=\"https:\/\/techmasterdemexico.com\/wp-content\/uploads\/Techmaster_Curso-Mitutoyo_Programa-TGD-GPS_Juarez.pdf\" target=\"_blank\" rel=\"noopener\">Programa completo<\/a><\/p>\n<div class=\"row mt-1 mb-3\"><\/div>\n<p class=\"strong\" style=\"text-align: center;\">En este curso en l\u00ednea conocer\u00e1s:<\/p>\n<p style=\"text-align: center;\">&gt;&gt; <span style=\"color: #ff7600;\"> Definiciones, principios y s\u00edmbolos de dimensionado. <\/span><br \/>\n&gt;&gt; <span style=\"color: #ff7600;\"> Sistemas de ajustes y tolerancia.<\/span><br \/>\n&gt;&gt; <span style=\"color: #ff7600;\"> Tolerancias generales. <\/span><br \/>\n&gt;&gt; <span style=\"color: #ff7600;\"> S\u00edmbolos modificadores.<\/span><br \/>\n&gt;&gt; <span style=\"color: #ff7600;\"> Requerimientos de material. <\/span><br \/>\n&gt;&gt; <span style=\"color: #ff7600;\"> Condici\u00f3n virtual. <\/span><br \/>\n&gt;&gt; <span style=\"color: #ff7600;\"> Datos de precedencia y datos objetivo. <\/span><br \/>\n&gt;&gt; <span style=\"color: #ff7600;\"> Puntos, ejes y planos dato. <\/span><br \/>\n&gt;&gt; <span style=\"color: #ff7600;\"> Interpretaci\u00f3n y principios de las tolerancias. <\/span><br \/>\n<span style=\"color: #ff7600;\">\u00a1Entre otros temas m\u00e1s!<\/span><\/p>\n<p>&nbsp;<\/p>\n<p><center><\/p>\n<p class=\"strong\" style=\"margin-bottom: 0px;\">\u00bfD\u00f3nde y cu\u00e1ndo se impartir\u00e1 este curso?<\/p>\n<p style=\"margin-bottom: 0px; color: #ff7600;\"><span style=\"display: inline-flex; margin-right: 10px;\"><img decoding=\"async\" style=\"height: 20px;\" src=\"http:\/\/techmasterdemexico.com\/wp-content\/uploads\/icono-calendario.png\" \/> 18 al 20 de agosto, 2026 <\/span><\/p>\n<p style=\"margin-bottom: 0px; color: #ff7600;\"><span style=\"display: inline-flex; margin-right: 10px;\"><img decoding=\"async\" style=\"height: 20px;\" src=\"http:\/\/techmasterdemexico.com\/wp-content\/uploads\/icono-reloj.png\" \/> 8:30 am \u2013 5:30 pm (Hora CDMX)<\/span><\/p>\n<p style=\"margin-bottom: 0px; color: #ff7600;\"><span style=\"display: inline-flex; margin-right: 10px;\"><img decoding=\"async\" style=\"height: 20px;\" src=\"http:\/\/techmasterdemexico.com\/wp-content\/uploads\/icono-duracion.png\" \/> Duraci\u00f3n 24 horas (8 horas por d\u00eda)<\/span><\/p>\n<p style=\"margin-bottom: 0px; color: #ff7600;\"><span style=\"display: inline-flex; margin-right: 10px;\"><img decoding=\"async\" style=\"height: 20px;\" src=\"http:\/\/techmasterdemexico.com\/wp-content\/uploads\/icono-ubicacion.png\" \/> Ubicaci\u00f3n: Ciudad Ju\u00e1rez <\/span><\/p>\n<p><\/center><br \/>\n&nbsp;<\/p>\n<p style=\"text-align: center;\"><span class=\"strong\">Incluye:<\/span><br \/>\n&gt;&gt; <span style=\"color: #ff7600;\">Kit de bienvenida.<\/span><br \/>\n&gt;&gt; <span style=\"color: #ff7600;\">Diploma de participaci\u00f3n.<\/span><br \/>\n&gt;&gt; <span style=\"color: #ff7600;\">Entrega de material did\u00e1ctico.<\/span><br \/>\n&gt;&gt; <span style=\"color: #ff7600;\">Cuenta con valor curricular STPS.<\/span><\/p>\n<p>&nbsp;<\/p>\n<h3 style=\"text-align: center;\">Costo de inscripci\u00f3n: $12,300.00 MXN + IVA<\/h3>\n<p>&nbsp;<\/p>\n<h4 style=\"color: #0432a0; font-size: 23px; margin-bottom: 20px;\" align=\"center\">Cotiza con nosotros<\/h4>\n<h4 style=\"color: #0432a0; font-size: 20px;\" align=\"center\">\ud83d\udcde<a class=\"strong\" style=\"color: #0432a0;\" href=\"tel:+528007329874\" target=\"_blank\" rel=\"noopener\">800 732 9874<\/a><\/h4>\n<h4 style=\"color: #0432a0; font-size: 20px;\" align=\"center\">\u2709\ufe0f<a class=\"strong\" style=\"color: #0432a0;\" href=\"mailto:contacto@techmaster.us\" target=\"_blank\" rel=\"noopener\">contacto@techmaster.us<\/a><\/h4>\n<h4 style=\"color: #0432a0; font-size: 20px; text-align: center;\" align=\"center\"><a class=\"strong\" style=\"display: inline-flex; color: #0432a0;\" href=\"https:\/\/api.whatsapp.com\/send\/?phone=526643875607&amp;app_absent=0\" target=\"_blank\" rel=\"noopener\"><br \/>\n<img decoding=\"async\" style=\"height: 25px;\" src=\"https:\/\/techmasterdemexico.com\/wp-content\/themes\/techmastermexico\/assets\/images\/logos\/icn_whatsapp.png\" alt=\"Whatsapp\" \/> +52 664 387 5607<\/a><\/h4>\n<\/div>\n<style>\np{<br \/>\nfont-size: 17px; line-height: 1.1;<br \/>\ncolor:#0432A0;}<br \/>\n<\/style>\n<\/div>\n","protected":false},"excerpt":{"rendered":"<p>Tolerancias geom\u00e9tricas y dimensionales (TGD\/GPS) Normas ISO Programa completo En este curso en l\u00ednea conocer\u00e1s: &gt;&gt; Definiciones, principios y s\u00edmbolos de dimensionado. &gt;&gt; Sistemas de ajustes y tolerancia. &gt;&gt; Tolerancias generales. &gt;&gt; S\u00edmbolos modificadores. &gt;&gt; Requerimientos de material. &gt;&gt; Condici\u00f3n virtual. &gt;&gt; Datos de precedencia y datos objetivo. &gt;&gt; Puntos, ejes y planos dato. &gt;&gt; [&hellip;]<\/p>\n","protected":false},"author":1,"featured_media":0,"parent":0,"menu_order":0,"comment_status":"closed","ping_status":"closed","template":"template-nosidebar.php","meta":{"_acf_changed":false,"footnotes":""},"class_list":["post-35407","page","type-page","status-publish","hentry"],"acf":[],"yoast_head":"<!-- This site is optimized with the Yoast SEO plugin v27.4 - https:\/\/yoast.com\/product\/yoast-seo-wordpress\/ -->\n<title>Tolerancias geom\u00e9tricas y dimensionales (TGD\/GPS) Normas ISO - Techmaster de Mexico<\/title>\n<meta name=\"robots\" content=\"index, follow, max-snippet:-1, max-image-preview:large, max-video-preview:-1\" \/>\n<link rel=\"canonical\" href=\"https:\/\/techmasterdemexico.com\/tolerancias-geometricas-y-dimensionales-tgd-gps-normas-iso-2\/\" \/>\n<meta property=\"og:locale\" content=\"en_US\" \/>\n<meta property=\"og:type\" content=\"article\" \/>\n<meta property=\"og:title\" content=\"Tolerancias geom\u00e9tricas y dimensionales (TGD\/GPS) Normas ISO - Techmaster de Mexico\" \/>\n<meta property=\"og:description\" content=\"Tolerancias geom\u00e9tricas y dimensionales (TGD\/GPS) Normas ISO Programa completo En este curso en l\u00ednea conocer\u00e1s: &gt;&gt; Definiciones, principios y s\u00edmbolos de dimensionado. &gt;&gt; Sistemas de ajustes y tolerancia. &gt;&gt; Tolerancias generales. &gt;&gt; S\u00edmbolos modificadores. &gt;&gt; Requerimientos de material. &gt;&gt; Condici\u00f3n virtual. &gt;&gt; Datos de precedencia y datos objetivo. &gt;&gt; Puntos, ejes y planos dato. &gt;&gt; [&hellip;]\" \/>\n<meta property=\"og:url\" content=\"https:\/\/techmasterdemexico.com\/tolerancias-geometricas-y-dimensionales-tgd-gps-normas-iso-2\/\" \/>\n<meta property=\"og:site_name\" content=\"Techmaster de Mexico\" \/>\n<meta property=\"article:modified_time\" content=\"2026-04-16T23:55:32+00:00\" \/>\n<meta property=\"og:image\" content=\"https:\/\/techmasterdemexico.com\/wp-content\/uploads\/Curso_Temario_Web_TDG-GPS-JRZ-Portada.png\" \/>\n<meta name=\"twitter:card\" content=\"summary_large_image\" \/>\n<meta name=\"twitter:label1\" content=\"Est. reading time\" \/>\n\t<meta name=\"twitter:data1\" content=\"2 minutes\" \/>\n<script type=\"application\/ld+json\" class=\"yoast-schema-graph\">{\"@context\":\"https:\\\/\\\/schema.org\",\"@graph\":[{\"@type\":\"WebPage\",\"@id\":\"https:\\\/\\\/techmasterdemexico.com\\\/tolerancias-geometricas-y-dimensionales-tgd-gps-normas-iso-2\\\/\",\"url\":\"https:\\\/\\\/techmasterdemexico.com\\\/tolerancias-geometricas-y-dimensionales-tgd-gps-normas-iso-2\\\/\",\"name\":\"Tolerancias geom\u00e9tricas y dimensionales (TGD\\\/GPS) Normas ISO - Techmaster de Mexico\",\"isPartOf\":{\"@id\":\"https:\\\/\\\/techmasterdemexico.com\\\/#website\"},\"primaryImageOfPage\":{\"@id\":\"https:\\\/\\\/techmasterdemexico.com\\\/tolerancias-geometricas-y-dimensionales-tgd-gps-normas-iso-2\\\/#primaryimage\"},\"image\":{\"@id\":\"https:\\\/\\\/techmasterdemexico.com\\\/tolerancias-geometricas-y-dimensionales-tgd-gps-normas-iso-2\\\/#primaryimage\"},\"thumbnailUrl\":\"https:\\\/\\\/techmasterdemexico.com\\\/wp-content\\\/uploads\\\/Curso_Temario_Web_TDG-GPS-JRZ-Portada.png\",\"datePublished\":\"2026-03-25T20:18:58+00:00\",\"dateModified\":\"2026-04-16T23:55:32+00:00\",\"breadcrumb\":{\"@id\":\"https:\\\/\\\/techmasterdemexico.com\\\/tolerancias-geometricas-y-dimensionales-tgd-gps-normas-iso-2\\\/#breadcrumb\"},\"inLanguage\":\"en-US\",\"potentialAction\":[{\"@type\":\"ReadAction\",\"target\":[\"https:\\\/\\\/techmasterdemexico.com\\\/tolerancias-geometricas-y-dimensionales-tgd-gps-normas-iso-2\\\/\"]}]},{\"@type\":\"ImageObject\",\"inLanguage\":\"en-US\",\"@id\":\"https:\\\/\\\/techmasterdemexico.com\\\/tolerancias-geometricas-y-dimensionales-tgd-gps-normas-iso-2\\\/#primaryimage\",\"url\":\"https:\\\/\\\/techmasterdemexico.com\\\/wp-content\\\/uploads\\\/Curso_Temario_Web_TDG-GPS-JRZ-Portada.png\",\"contentUrl\":\"https:\\\/\\\/techmasterdemexico.com\\\/wp-content\\\/uploads\\\/Curso_Temario_Web_TDG-GPS-JRZ-Portada.png\"},{\"@type\":\"BreadcrumbList\",\"@id\":\"https:\\\/\\\/techmasterdemexico.com\\\/tolerancias-geometricas-y-dimensionales-tgd-gps-normas-iso-2\\\/#breadcrumb\",\"itemListElement\":[{\"@type\":\"ListItem\",\"position\":1,\"name\":\"Portada\",\"item\":\"https:\\\/\\\/techmasterdemexico.com\\\/\"},{\"@type\":\"ListItem\",\"position\":2,\"name\":\"Tolerancias geom\u00e9tricas y dimensionales (TGD\\\/GPS) Normas ISO\"}]},{\"@type\":\"WebSite\",\"@id\":\"https:\\\/\\\/techmasterdemexico.com\\\/#website\",\"url\":\"https:\\\/\\\/techmasterdemexico.com\\\/\",\"name\":\"Techmaster de Mexico\",\"description\":\"\",\"potentialAction\":[{\"@type\":\"SearchAction\",\"target\":{\"@type\":\"EntryPoint\",\"urlTemplate\":\"https:\\\/\\\/techmasterdemexico.com\\\/?s={search_term_string}\"},\"query-input\":{\"@type\":\"PropertyValueSpecification\",\"valueRequired\":true,\"valueName\":\"search_term_string\"}}],\"inLanguage\":\"en-US\"}]}<\/script>\n<!-- \/ Yoast SEO plugin. -->","yoast_head_json":{"title":"Tolerancias geom\u00e9tricas y dimensionales (TGD\/GPS) Normas ISO - Techmaster de Mexico","robots":{"index":"index","follow":"follow","max-snippet":"max-snippet:-1","max-image-preview":"max-image-preview:large","max-video-preview":"max-video-preview:-1"},"canonical":"https:\/\/techmasterdemexico.com\/tolerancias-geometricas-y-dimensionales-tgd-gps-normas-iso-2\/","og_locale":"en_US","og_type":"article","og_title":"Tolerancias geom\u00e9tricas y dimensionales (TGD\/GPS) Normas ISO - Techmaster de Mexico","og_description":"Tolerancias geom\u00e9tricas y dimensionales (TGD\/GPS) Normas ISO Programa completo En este curso en l\u00ednea conocer\u00e1s: &gt;&gt; Definiciones, principios y s\u00edmbolos de dimensionado. &gt;&gt; Sistemas de ajustes y tolerancia. &gt;&gt; Tolerancias generales. &gt;&gt; S\u00edmbolos modificadores. &gt;&gt; Requerimientos de material. &gt;&gt; Condici\u00f3n virtual. &gt;&gt; Datos de precedencia y datos objetivo. &gt;&gt; Puntos, ejes y planos dato. &gt;&gt; [&hellip;]","og_url":"https:\/\/techmasterdemexico.com\/tolerancias-geometricas-y-dimensionales-tgd-gps-normas-iso-2\/","og_site_name":"Techmaster de Mexico","article_modified_time":"2026-04-16T23:55:32+00:00","og_image":[{"url":"https:\/\/techmasterdemexico.com\/wp-content\/uploads\/Curso_Temario_Web_TDG-GPS-JRZ-Portada.png","type":"","width":"","height":""}],"twitter_card":"summary_large_image","twitter_misc":{"Est. reading time":"2 minutes"},"schema":{"@context":"https:\/\/schema.org","@graph":[{"@type":"WebPage","@id":"https:\/\/techmasterdemexico.com\/tolerancias-geometricas-y-dimensionales-tgd-gps-normas-iso-2\/","url":"https:\/\/techmasterdemexico.com\/tolerancias-geometricas-y-dimensionales-tgd-gps-normas-iso-2\/","name":"Tolerancias geom\u00e9tricas y dimensionales (TGD\/GPS) Normas ISO - Techmaster de Mexico","isPartOf":{"@id":"https:\/\/techmasterdemexico.com\/#website"},"primaryImageOfPage":{"@id":"https:\/\/techmasterdemexico.com\/tolerancias-geometricas-y-dimensionales-tgd-gps-normas-iso-2\/#primaryimage"},"image":{"@id":"https:\/\/techmasterdemexico.com\/tolerancias-geometricas-y-dimensionales-tgd-gps-normas-iso-2\/#primaryimage"},"thumbnailUrl":"https:\/\/techmasterdemexico.com\/wp-content\/uploads\/Curso_Temario_Web_TDG-GPS-JRZ-Portada.png","datePublished":"2026-03-25T20:18:58+00:00","dateModified":"2026-04-16T23:55:32+00:00","breadcrumb":{"@id":"https:\/\/techmasterdemexico.com\/tolerancias-geometricas-y-dimensionales-tgd-gps-normas-iso-2\/#breadcrumb"},"inLanguage":"en-US","potentialAction":[{"@type":"ReadAction","target":["https:\/\/techmasterdemexico.com\/tolerancias-geometricas-y-dimensionales-tgd-gps-normas-iso-2\/"]}]},{"@type":"ImageObject","inLanguage":"en-US","@id":"https:\/\/techmasterdemexico.com\/tolerancias-geometricas-y-dimensionales-tgd-gps-normas-iso-2\/#primaryimage","url":"https:\/\/techmasterdemexico.com\/wp-content\/uploads\/Curso_Temario_Web_TDG-GPS-JRZ-Portada.png","contentUrl":"https:\/\/techmasterdemexico.com\/wp-content\/uploads\/Curso_Temario_Web_TDG-GPS-JRZ-Portada.png"},{"@type":"BreadcrumbList","@id":"https:\/\/techmasterdemexico.com\/tolerancias-geometricas-y-dimensionales-tgd-gps-normas-iso-2\/#breadcrumb","itemListElement":[{"@type":"ListItem","position":1,"name":"Portada","item":"https:\/\/techmasterdemexico.com\/"},{"@type":"ListItem","position":2,"name":"Tolerancias geom\u00e9tricas y dimensionales (TGD\/GPS) Normas ISO"}]},{"@type":"WebSite","@id":"https:\/\/techmasterdemexico.com\/#website","url":"https:\/\/techmasterdemexico.com\/","name":"Techmaster de Mexico","description":"","potentialAction":[{"@type":"SearchAction","target":{"@type":"EntryPoint","urlTemplate":"https:\/\/techmasterdemexico.com\/?s={search_term_string}"},"query-input":{"@type":"PropertyValueSpecification","valueRequired":true,"valueName":"search_term_string"}}],"inLanguage":"en-US"}]}},"_links":{"self":[{"href":"https:\/\/techmasterdemexico.com\/en\/wp-json\/wp\/v2\/pages\/35407","targetHints":{"allow":["GET"]}}],"collection":[{"href":"https:\/\/techmasterdemexico.com\/en\/wp-json\/wp\/v2\/pages"}],"about":[{"href":"https:\/\/techmasterdemexico.com\/en\/wp-json\/wp\/v2\/types\/page"}],"author":[{"embeddable":true,"href":"https:\/\/techmasterdemexico.com\/en\/wp-json\/wp\/v2\/users\/1"}],"replies":[{"embeddable":true,"href":"https:\/\/techmasterdemexico.com\/en\/wp-json\/wp\/v2\/comments?post=35407"}],"version-history":[{"count":8,"href":"https:\/\/techmasterdemexico.com\/en\/wp-json\/wp\/v2\/pages\/35407\/revisions"}],"predecessor-version":[{"id":35742,"href":"https:\/\/techmasterdemexico.com\/en\/wp-json\/wp\/v2\/pages\/35407\/revisions\/35742"}],"wp:attachment":[{"href":"https:\/\/techmasterdemexico.com\/en\/wp-json\/wp\/v2\/media?parent=35407"}],"curies":[{"name":"wp","href":"https:\/\/api.w.org\/{rel}","templated":true}]}}