{"id":23917,"date":"2025-10-14T17:11:21","date_gmt":"2025-10-15T00:11:21","guid":{"rendered":"https:\/\/techmasterdemexico.com\/?page_id=23917"},"modified":"2025-10-17T13:38:57","modified_gmt":"2025-10-17T20:38:57","slug":"promocion-de-otono-microscopio-de-taller-tm-505-1005","status":"publish","type":"page","link":"https:\/\/techmasterdemexico.com\/en\/promociones\/promocion-de-otono-microscopio-de-taller-tm-505-1005\/","title":{"rendered":"Promocion de oto\u00f1o microscopio de taller tm-505\/1005"},"content":{"rendered":"<p>&nbsp;<\/p>\n<div style=\"margin: auto;\">\n<h1 style=\"text-align: center;\"><\/h1>\n<p><img decoding=\"async\" class=\"aligncenter img-fluid\" style=\"margin-bottom: 50px; width: 100%;\" src=\"https:\/\/techmasterdemexico.com\/wp-content\/uploads\/Microscopio-de-taller_Banner.png\" \/><\/p>\n<div style=\"width: 100%; margin: auto;\">\n<p class=\"mb-4\" style=\"text-align: center; font-size: 30px;\">Aprovecha la promoci\u00f3n de oto\u00f1o de Mitutoyo<\/p>\n<h1 style=\"text-align: center;\"><strong><i>Microscopio de taller TM-505\/1005<\/i><\/strong><\/h1>\n<p>&nbsp;<\/p>\n<div class=\"container\">\n<div class=\"row\">\n<div class=\"col-lg-12 text-center\">\n<h3><i>Exactitud y robustez en cada medici\u00f3n de taller<\/i><\/h3>\n<p class=\"mb-0\" style=\"text-align: left;\"><i class=\"fa fa-check\" style=\"color: #f87601;\" aria-hidden=\"true\"><\/i> Medici\u00f3n exacta de \u00e1ngulos y dimensiones con ocular de 360\u02da.<\/p>\n<p class=\"mb-0\" style=\"text-align: left;\"><i class=\"fa fa-check\" style=\"color: #f87601;\" aria-hidden=\"true\"><\/i> Iluminaci\u00f3n dual ajustable (transmitida y reflejada) para m\u00e1xima claridad en cada pieza.<\/p>\n<p class=\"mb-4\" style=\"text-align: left;\"><i class=\"fa fa-check\" style=\"color: #f87601;\" aria-hidden=\"true\"><\/i> Plataforma XY compacta y robusta, ideal para piezas de hasta 115mm y 5kg.<\/p>\n<p class=\"mb-5\" style=\"color: #f87601;\"><i>\u00a1Exactitud en \u00e1ngulos y dimensiones, con iluminaci\u00f3n adaptable y dise\u00f1o robusto para taller!<\/i><\/p>\n<\/div>\n<div class=\"col-lg-12 text-center\"><img decoding=\"async\" class=\"img-fluid mb-4\" src=\"https:\/\/techmasterdemexico.com\/wp-content\/uploads\/Asset-17.png\" \/><br \/>\n<img decoding=\"async\" class=\"img-fluid mb-4\" src=\"https:\/\/techmasterdemexico.com\/wp-content\/uploads\/Precios_TM505-1005-scaled.png\" \/><\/div>\n<\/div>\n<\/div>\n<\/div>\n<style>\np{<br \/>\nfont-size: 19px;<br \/>\n}<br \/>\n<\/style>\n<\/div>\n<p><\/p>","protected":false},"excerpt":{"rendered":"<p>&nbsp; Aprovecha la promoci\u00f3n de oto\u00f1o de Mitutoyo Microscopio de taller TM-505\/1005 &nbsp; Exactitud y robustez en cada medici\u00f3n de taller Medici\u00f3n exacta de \u00e1ngulos y dimensiones con ocular de 360\u02da. Iluminaci\u00f3n dual ajustable (transmitida y reflejada) para m\u00e1xima claridad en cada pieza. Plataforma XY compacta y robusta, ideal para piezas de hasta 115mm y [&hellip;]<\/p>\n","protected":false},"author":1,"featured_media":0,"parent":7972,"menu_order":0,"comment_status":"closed","ping_status":"closed","template":"template-nosidebar.php","meta":{"_acf_changed":false,"footnotes":""},"class_list":["post-23917","page","type-page","status-publish","hentry"],"acf":[],"yoast_head":"<!-- This site is optimized with the Yoast SEO plugin v27.5 - https:\/\/yoast.com\/product\/yoast-seo-wordpress\/ -->\n<title>Promocion de oto\u00f1o microscopio de taller tm-505\/1005 - Techmaster de Mexico<\/title>\n<meta name=\"robots\" content=\"index, follow, max-snippet:-1, max-image-preview:large, max-video-preview:-1\" \/>\n<link rel=\"canonical\" href=\"https:\/\/techmasterdemexico.com\/promociones\/promocion-de-otono-microscopio-de-taller-tm-505-1005\/\" \/>\n<meta property=\"og:locale\" content=\"en_US\" \/>\n<meta property=\"og:type\" content=\"article\" \/>\n<meta property=\"og:title\" content=\"Promocion de oto\u00f1o microscopio de taller tm-505\/1005 - Techmaster de Mexico\" \/>\n<meta property=\"og:description\" content=\"&nbsp; Aprovecha la promoci\u00f3n de oto\u00f1o de Mitutoyo Microscopio de taller TM-505\/1005 &nbsp; Exactitud y robustez en cada medici\u00f3n de taller Medici\u00f3n exacta de \u00e1ngulos y dimensiones con ocular de 360\u02da. Iluminaci\u00f3n dual ajustable (transmitida y reflejada) para m\u00e1xima claridad en cada pieza. Plataforma XY compacta y robusta, ideal para piezas de hasta 115mm y [&hellip;]\" \/>\n<meta property=\"og:url\" content=\"https:\/\/techmasterdemexico.com\/promociones\/promocion-de-otono-microscopio-de-taller-tm-505-1005\/\" \/>\n<meta property=\"og:site_name\" content=\"Techmaster de Mexico\" \/>\n<meta property=\"article:modified_time\" content=\"2025-10-17T20:38:57+00:00\" \/>\n<meta property=\"og:image\" content=\"https:\/\/techmasterdemexico.com\/wp-content\/uploads\/Microscopio-de-taller_Banner.png\" \/>\n<meta name=\"twitter:card\" content=\"summary_large_image\" \/>\n<meta name=\"twitter:label1\" content=\"Est. reading time\" \/>\n\t<meta name=\"twitter:data1\" content=\"1 minute\" \/>\n<script type=\"application\/ld+json\" class=\"yoast-schema-graph\">{\"@context\":\"https:\\\/\\\/schema.org\",\"@graph\":[{\"@type\":\"WebPage\",\"@id\":\"https:\\\/\\\/techmasterdemexico.com\\\/promociones\\\/promocion-de-otono-microscopio-de-taller-tm-505-1005\\\/\",\"url\":\"https:\\\/\\\/techmasterdemexico.com\\\/promociones\\\/promocion-de-otono-microscopio-de-taller-tm-505-1005\\\/\",\"name\":\"Promocion de oto\u00f1o microscopio de taller tm-505\\\/1005 - Techmaster de Mexico\",\"isPartOf\":{\"@id\":\"https:\\\/\\\/techmasterdemexico.com\\\/#website\"},\"primaryImageOfPage\":{\"@id\":\"https:\\\/\\\/techmasterdemexico.com\\\/promociones\\\/promocion-de-otono-microscopio-de-taller-tm-505-1005\\\/#primaryimage\"},\"image\":{\"@id\":\"https:\\\/\\\/techmasterdemexico.com\\\/promociones\\\/promocion-de-otono-microscopio-de-taller-tm-505-1005\\\/#primaryimage\"},\"thumbnailUrl\":\"https:\\\/\\\/techmasterdemexico.com\\\/wp-content\\\/uploads\\\/Microscopio-de-taller_Banner.png\",\"datePublished\":\"2025-10-15T00:11:21+00:00\",\"dateModified\":\"2025-10-17T20:38:57+00:00\",\"breadcrumb\":{\"@id\":\"https:\\\/\\\/techmasterdemexico.com\\\/promociones\\\/promocion-de-otono-microscopio-de-taller-tm-505-1005\\\/#breadcrumb\"},\"inLanguage\":\"en-US\",\"potentialAction\":[{\"@type\":\"ReadAction\",\"target\":[\"https:\\\/\\\/techmasterdemexico.com\\\/promociones\\\/promocion-de-otono-microscopio-de-taller-tm-505-1005\\\/\"]}]},{\"@type\":\"ImageObject\",\"inLanguage\":\"en-US\",\"@id\":\"https:\\\/\\\/techmasterdemexico.com\\\/promociones\\\/promocion-de-otono-microscopio-de-taller-tm-505-1005\\\/#primaryimage\",\"url\":\"https:\\\/\\\/techmasterdemexico.com\\\/wp-content\\\/uploads\\\/Microscopio-de-taller_Banner.png\",\"contentUrl\":\"https:\\\/\\\/techmasterdemexico.com\\\/wp-content\\\/uploads\\\/Microscopio-de-taller_Banner.png\"},{\"@type\":\"BreadcrumbList\",\"@id\":\"https:\\\/\\\/techmasterdemexico.com\\\/promociones\\\/promocion-de-otono-microscopio-de-taller-tm-505-1005\\\/#breadcrumb\",\"itemListElement\":[{\"@type\":\"ListItem\",\"position\":1,\"name\":\"Portada\",\"item\":\"https:\\\/\\\/techmasterdemexico.com\\\/\"},{\"@type\":\"ListItem\",\"position\":2,\"name\":\"Promociones\",\"item\":\"https:\\\/\\\/techmasterdemexico.com\\\/promociones\\\/\"},{\"@type\":\"ListItem\",\"position\":3,\"name\":\"Promocion de oto\u00f1o microscopio de taller tm-505\\\/1005\"}]},{\"@type\":\"WebSite\",\"@id\":\"https:\\\/\\\/techmasterdemexico.com\\\/#website\",\"url\":\"https:\\\/\\\/techmasterdemexico.com\\\/\",\"name\":\"Techmaster de Mexico\",\"description\":\"\",\"potentialAction\":[{\"@type\":\"SearchAction\",\"target\":{\"@type\":\"EntryPoint\",\"urlTemplate\":\"https:\\\/\\\/techmasterdemexico.com\\\/?s={search_term_string}\"},\"query-input\":{\"@type\":\"PropertyValueSpecification\",\"valueRequired\":true,\"valueName\":\"search_term_string\"}}],\"inLanguage\":\"en-US\"}]}<\/script>\n<!-- \/ Yoast SEO plugin. -->","yoast_head_json":{"title":"Promocion de oto\u00f1o microscopio de taller tm-505\/1005 - Techmaster de Mexico","robots":{"index":"index","follow":"follow","max-snippet":"max-snippet:-1","max-image-preview":"max-image-preview:large","max-video-preview":"max-video-preview:-1"},"canonical":"https:\/\/techmasterdemexico.com\/promociones\/promocion-de-otono-microscopio-de-taller-tm-505-1005\/","og_locale":"en_US","og_type":"article","og_title":"Promocion de oto\u00f1o microscopio de taller tm-505\/1005 - Techmaster de Mexico","og_description":"&nbsp; Aprovecha la promoci\u00f3n de oto\u00f1o de Mitutoyo Microscopio de taller TM-505\/1005 &nbsp; Exactitud y robustez en cada medici\u00f3n de taller Medici\u00f3n exacta de \u00e1ngulos y dimensiones con ocular de 360\u02da. Iluminaci\u00f3n dual ajustable (transmitida y reflejada) para m\u00e1xima claridad en cada pieza. Plataforma XY compacta y robusta, ideal para piezas de hasta 115mm y [&hellip;]","og_url":"https:\/\/techmasterdemexico.com\/promociones\/promocion-de-otono-microscopio-de-taller-tm-505-1005\/","og_site_name":"Techmaster de Mexico","article_modified_time":"2025-10-17T20:38:57+00:00","og_image":[{"url":"https:\/\/techmasterdemexico.com\/wp-content\/uploads\/Microscopio-de-taller_Banner.png","type":"","width":"","height":""}],"twitter_card":"summary_large_image","twitter_misc":{"Est. reading time":"1 minute"},"schema":{"@context":"https:\/\/schema.org","@graph":[{"@type":"WebPage","@id":"https:\/\/techmasterdemexico.com\/promociones\/promocion-de-otono-microscopio-de-taller-tm-505-1005\/","url":"https:\/\/techmasterdemexico.com\/promociones\/promocion-de-otono-microscopio-de-taller-tm-505-1005\/","name":"Promocion de oto\u00f1o microscopio de taller tm-505\/1005 - Techmaster de Mexico","isPartOf":{"@id":"https:\/\/techmasterdemexico.com\/#website"},"primaryImageOfPage":{"@id":"https:\/\/techmasterdemexico.com\/promociones\/promocion-de-otono-microscopio-de-taller-tm-505-1005\/#primaryimage"},"image":{"@id":"https:\/\/techmasterdemexico.com\/promociones\/promocion-de-otono-microscopio-de-taller-tm-505-1005\/#primaryimage"},"thumbnailUrl":"https:\/\/techmasterdemexico.com\/wp-content\/uploads\/Microscopio-de-taller_Banner.png","datePublished":"2025-10-15T00:11:21+00:00","dateModified":"2025-10-17T20:38:57+00:00","breadcrumb":{"@id":"https:\/\/techmasterdemexico.com\/promociones\/promocion-de-otono-microscopio-de-taller-tm-505-1005\/#breadcrumb"},"inLanguage":"en-US","potentialAction":[{"@type":"ReadAction","target":["https:\/\/techmasterdemexico.com\/promociones\/promocion-de-otono-microscopio-de-taller-tm-505-1005\/"]}]},{"@type":"ImageObject","inLanguage":"en-US","@id":"https:\/\/techmasterdemexico.com\/promociones\/promocion-de-otono-microscopio-de-taller-tm-505-1005\/#primaryimage","url":"https:\/\/techmasterdemexico.com\/wp-content\/uploads\/Microscopio-de-taller_Banner.png","contentUrl":"https:\/\/techmasterdemexico.com\/wp-content\/uploads\/Microscopio-de-taller_Banner.png"},{"@type":"BreadcrumbList","@id":"https:\/\/techmasterdemexico.com\/promociones\/promocion-de-otono-microscopio-de-taller-tm-505-1005\/#breadcrumb","itemListElement":[{"@type":"ListItem","position":1,"name":"Portada","item":"https:\/\/techmasterdemexico.com\/"},{"@type":"ListItem","position":2,"name":"Promociones","item":"https:\/\/techmasterdemexico.com\/promociones\/"},{"@type":"ListItem","position":3,"name":"Promocion de oto\u00f1o microscopio de taller tm-505\/1005"}]},{"@type":"WebSite","@id":"https:\/\/techmasterdemexico.com\/#website","url":"https:\/\/techmasterdemexico.com\/","name":"Techmaster de Mexico","description":"","potentialAction":[{"@type":"SearchAction","target":{"@type":"EntryPoint","urlTemplate":"https:\/\/techmasterdemexico.com\/?s={search_term_string}"},"query-input":{"@type":"PropertyValueSpecification","valueRequired":true,"valueName":"search_term_string"}}],"inLanguage":"en-US"}]}},"_links":{"self":[{"href":"https:\/\/techmasterdemexico.com\/en\/wp-json\/wp\/v2\/pages\/23917","targetHints":{"allow":["GET"]}}],"collection":[{"href":"https:\/\/techmasterdemexico.com\/en\/wp-json\/wp\/v2\/pages"}],"about":[{"href":"https:\/\/techmasterdemexico.com\/en\/wp-json\/wp\/v2\/types\/page"}],"author":[{"embeddable":true,"href":"https:\/\/techmasterdemexico.com\/en\/wp-json\/wp\/v2\/users\/1"}],"replies":[{"embeddable":true,"href":"https:\/\/techmasterdemexico.com\/en\/wp-json\/wp\/v2\/comments?post=23917"}],"version-history":[{"count":2,"href":"https:\/\/techmasterdemexico.com\/en\/wp-json\/wp\/v2\/pages\/23917\/revisions"}],"predecessor-version":[{"id":24005,"href":"https:\/\/techmasterdemexico.com\/en\/wp-json\/wp\/v2\/pages\/23917\/revisions\/24005"}],"up":[{"embeddable":true,"href":"https:\/\/techmasterdemexico.com\/en\/wp-json\/wp\/v2\/pages\/7972"}],"wp:attachment":[{"href":"https:\/\/techmasterdemexico.com\/en\/wp-json\/wp\/v2\/media?parent=23917"}],"curies":[{"name":"wp","href":"https:\/\/api.w.org\/{rel}","templated":true}]}}