{"id":23885,"date":"2025-10-14T13:28:49","date_gmt":"2025-10-14T20:28:49","guid":{"rendered":"https:\/\/techmasterdemexico.com\/?page_id=23885"},"modified":"2025-10-14T13:29:05","modified_gmt":"2025-10-14T20:29:05","slug":"promocion-de-otono-medidor-holtest-analogo","status":"publish","type":"page","link":"https:\/\/techmasterdemexico.com\/en\/promociones\/promocion-de-otono-medidor-holtest-analogo\/","title":{"rendered":"Promocion de oto\u00f1o Medidor holtest analogo"},"content":{"rendered":"<p>&nbsp;<\/p>\n<div style=\"margin: auto;\">\n<h1 style=\"text-align: center;\"><\/h1>\n<p><img decoding=\"async\" class=\"aligncenter img-fluid\" style=\"margin-bottom: 50px; width: 100%;\" src=\"https:\/\/techmasterdemexico.com\/wp-content\/uploads\/medidor-holtest-analogo_Banner.png\" \/><\/p>\n<div style=\"width: 100%; margin: auto;\">\n<p class=\"mb-4\" style=\"text-align: center; font-size: 30px;\">Aprovecha la promoci\u00f3n de oto\u00f1o de Mitutoyo<\/p>\n<h1 style=\"text-align: center;\"><strong><i>Medidor Holtest An\u00e1logo<\/i><\/strong><\/h1>\n<p>&nbsp;<\/p>\n<div class=\"container\">\n<div class=\"row\">\n<div class=\"col-lg-12 text-center\">\n<h3><i>Exactitud confiable en cada medici\u00f3n interna<\/i><\/h3>\n<p style=\"text-align: left;\" class=\"mb-0\"><i class=\"fa fa-check\" aria-hidden=\"true\" style=\"color: #F87601;\"><\/i> Dise\u00f1o especializado para mediciones exactas en interiores, incluso en pieas de dif\u00edcil acceso.<\/p>\n<p style=\"text-align: left;\" class=\"mb-0\"><i class=\"fa fa-check\" aria-hidden=\"true\" style=\"color: #F87601;\"><\/i> Por su arreglo de puntas, garantiza la estabilidad y repetibilidad al distribuir la presi\u00f3n de manera uniforme.<\/p>\n<p style=\"text-align: left;\" class=\"mb-0\"><i class=\"fa fa-check\" aria-hidden=\"true\" style=\"color: #F87601;\"><\/i> Funcionamiento mec\u00e1nico que elimina la necesidad de alimentaci\u00f3n el\u00e9ctrica, asegurando mediciones continuas.<\/p>\n<p style=\"text-align: left;\"><i class=\"fa fa-check\" aria-hidden=\"true\" style=\"color: #F87601;\"><\/i> Materiales de alta calidad para rendimiento confiable en entornos industriales.<\/p>\n<p class=\"mb-5\" style=\"color: #F87601;\"><i>\u00a1El instrumento ideal para evaluar di\u00e1metros internos!<\/i><\/p>\n<\/div>\n<div class=\"col-lg-12 text-center\">\n<img decoding=\"async\" class=\"img-fuild mb-5\" src=\"https:\/\/techmasterdemexico.com\/wp-content\/uploads\/Precios_medidor-holtest-analogo-scaled.png\">\n<\/div>\n<\/div>\n<\/div>\n<\/div>\n<style>\np{\nfont-size: 19px;\n}\n<\/style>\n","protected":false},"excerpt":{"rendered":"<p>&nbsp; Aprovecha la promoci\u00f3n de oto\u00f1o de Mitutoyo Medidor Holtest An\u00e1logo &nbsp; Exactitud confiable en cada medici\u00f3n interna Dise\u00f1o especializado para mediciones exactas en interiores, incluso en pieas de dif\u00edcil acceso. Por su arreglo de puntas, garantiza la estabilidad y repetibilidad al distribuir la presi\u00f3n de manera uniforme. Funcionamiento mec\u00e1nico que elimina la necesidad de [&hellip;]<\/p>\n","protected":false},"author":1,"featured_media":0,"parent":7972,"menu_order":0,"comment_status":"closed","ping_status":"closed","template":"template-nosidebar.php","meta":{"_acf_changed":false,"footnotes":""},"class_list":["post-23885","page","type-page","status-publish","hentry"],"acf":[],"yoast_head":"<!-- This site is optimized with the Yoast SEO plugin v27.4 - https:\/\/yoast.com\/product\/yoast-seo-wordpress\/ -->\n<title>Promocion de oto\u00f1o Medidor holtest analogo - Techmaster de Mexico<\/title>\n<meta name=\"robots\" content=\"index, follow, max-snippet:-1, max-image-preview:large, max-video-preview:-1\" \/>\n<link rel=\"canonical\" href=\"https:\/\/techmasterdemexico.com\/promociones\/promocion-de-otono-medidor-holtest-analogo\/\" \/>\n<meta property=\"og:locale\" content=\"en_US\" \/>\n<meta property=\"og:type\" content=\"article\" \/>\n<meta property=\"og:title\" content=\"Promocion de oto\u00f1o Medidor holtest analogo - Techmaster de Mexico\" \/>\n<meta property=\"og:description\" content=\"&nbsp; Aprovecha la promoci\u00f3n de oto\u00f1o de Mitutoyo Medidor Holtest An\u00e1logo &nbsp; Exactitud confiable en cada medici\u00f3n interna Dise\u00f1o especializado para mediciones exactas en interiores, incluso en pieas de dif\u00edcil acceso. Por su arreglo de puntas, garantiza la estabilidad y repetibilidad al distribuir la presi\u00f3n de manera uniforme. Funcionamiento mec\u00e1nico que elimina la necesidad de [&hellip;]\" \/>\n<meta property=\"og:url\" content=\"https:\/\/techmasterdemexico.com\/promociones\/promocion-de-otono-medidor-holtest-analogo\/\" \/>\n<meta property=\"og:site_name\" content=\"Techmaster de Mexico\" \/>\n<meta property=\"article:modified_time\" content=\"2025-10-14T20:29:05+00:00\" \/>\n<meta property=\"og:image\" content=\"https:\/\/techmasterdemexico.com\/wp-content\/uploads\/medidor-holtest-analogo_Banner.png\" \/>\n<meta name=\"twitter:card\" content=\"summary_large_image\" \/>\n<meta name=\"twitter:label1\" content=\"Est. reading time\" \/>\n\t<meta name=\"twitter:data1\" content=\"1 minute\" \/>\n<script type=\"application\/ld+json\" class=\"yoast-schema-graph\">{\"@context\":\"https:\\\/\\\/schema.org\",\"@graph\":[{\"@type\":\"WebPage\",\"@id\":\"https:\\\/\\\/techmasterdemexico.com\\\/promociones\\\/promocion-de-otono-medidor-holtest-analogo\\\/\",\"url\":\"https:\\\/\\\/techmasterdemexico.com\\\/promociones\\\/promocion-de-otono-medidor-holtest-analogo\\\/\",\"name\":\"Promocion de oto\u00f1o Medidor holtest analogo - Techmaster de Mexico\",\"isPartOf\":{\"@id\":\"https:\\\/\\\/techmasterdemexico.com\\\/#website\"},\"primaryImageOfPage\":{\"@id\":\"https:\\\/\\\/techmasterdemexico.com\\\/promociones\\\/promocion-de-otono-medidor-holtest-analogo\\\/#primaryimage\"},\"image\":{\"@id\":\"https:\\\/\\\/techmasterdemexico.com\\\/promociones\\\/promocion-de-otono-medidor-holtest-analogo\\\/#primaryimage\"},\"thumbnailUrl\":\"https:\\\/\\\/techmasterdemexico.com\\\/wp-content\\\/uploads\\\/medidor-holtest-analogo_Banner.png\",\"datePublished\":\"2025-10-14T20:28:49+00:00\",\"dateModified\":\"2025-10-14T20:29:05+00:00\",\"breadcrumb\":{\"@id\":\"https:\\\/\\\/techmasterdemexico.com\\\/promociones\\\/promocion-de-otono-medidor-holtest-analogo\\\/#breadcrumb\"},\"inLanguage\":\"en-US\",\"potentialAction\":[{\"@type\":\"ReadAction\",\"target\":[\"https:\\\/\\\/techmasterdemexico.com\\\/promociones\\\/promocion-de-otono-medidor-holtest-analogo\\\/\"]}]},{\"@type\":\"ImageObject\",\"inLanguage\":\"en-US\",\"@id\":\"https:\\\/\\\/techmasterdemexico.com\\\/promociones\\\/promocion-de-otono-medidor-holtest-analogo\\\/#primaryimage\",\"url\":\"https:\\\/\\\/techmasterdemexico.com\\\/wp-content\\\/uploads\\\/medidor-holtest-analogo_Banner.png\",\"contentUrl\":\"https:\\\/\\\/techmasterdemexico.com\\\/wp-content\\\/uploads\\\/medidor-holtest-analogo_Banner.png\"},{\"@type\":\"BreadcrumbList\",\"@id\":\"https:\\\/\\\/techmasterdemexico.com\\\/promociones\\\/promocion-de-otono-medidor-holtest-analogo\\\/#breadcrumb\",\"itemListElement\":[{\"@type\":\"ListItem\",\"position\":1,\"name\":\"Portada\",\"item\":\"https:\\\/\\\/techmasterdemexico.com\\\/\"},{\"@type\":\"ListItem\",\"position\":2,\"name\":\"Promociones\",\"item\":\"https:\\\/\\\/techmasterdemexico.com\\\/promociones\\\/\"},{\"@type\":\"ListItem\",\"position\":3,\"name\":\"Promocion de oto\u00f1o Medidor holtest analogo\"}]},{\"@type\":\"WebSite\",\"@id\":\"https:\\\/\\\/techmasterdemexico.com\\\/#website\",\"url\":\"https:\\\/\\\/techmasterdemexico.com\\\/\",\"name\":\"Techmaster de Mexico\",\"description\":\"\",\"potentialAction\":[{\"@type\":\"SearchAction\",\"target\":{\"@type\":\"EntryPoint\",\"urlTemplate\":\"https:\\\/\\\/techmasterdemexico.com\\\/?s={search_term_string}\"},\"query-input\":{\"@type\":\"PropertyValueSpecification\",\"valueRequired\":true,\"valueName\":\"search_term_string\"}}],\"inLanguage\":\"en-US\"}]}<\/script>\n<!-- \/ Yoast SEO plugin. -->","yoast_head_json":{"title":"Promocion de oto\u00f1o Medidor holtest analogo - Techmaster de Mexico","robots":{"index":"index","follow":"follow","max-snippet":"max-snippet:-1","max-image-preview":"max-image-preview:large","max-video-preview":"max-video-preview:-1"},"canonical":"https:\/\/techmasterdemexico.com\/promociones\/promocion-de-otono-medidor-holtest-analogo\/","og_locale":"en_US","og_type":"article","og_title":"Promocion de oto\u00f1o Medidor holtest analogo - Techmaster de Mexico","og_description":"&nbsp; Aprovecha la promoci\u00f3n de oto\u00f1o de Mitutoyo Medidor Holtest An\u00e1logo &nbsp; Exactitud confiable en cada medici\u00f3n interna Dise\u00f1o especializado para mediciones exactas en interiores, incluso en pieas de dif\u00edcil acceso. Por su arreglo de puntas, garantiza la estabilidad y repetibilidad al distribuir la presi\u00f3n de manera uniforme. Funcionamiento mec\u00e1nico que elimina la necesidad de [&hellip;]","og_url":"https:\/\/techmasterdemexico.com\/promociones\/promocion-de-otono-medidor-holtest-analogo\/","og_site_name":"Techmaster de Mexico","article_modified_time":"2025-10-14T20:29:05+00:00","og_image":[{"url":"https:\/\/techmasterdemexico.com\/wp-content\/uploads\/medidor-holtest-analogo_Banner.png","type":"","width":"","height":""}],"twitter_card":"summary_large_image","twitter_misc":{"Est. reading time":"1 minute"},"schema":{"@context":"https:\/\/schema.org","@graph":[{"@type":"WebPage","@id":"https:\/\/techmasterdemexico.com\/promociones\/promocion-de-otono-medidor-holtest-analogo\/","url":"https:\/\/techmasterdemexico.com\/promociones\/promocion-de-otono-medidor-holtest-analogo\/","name":"Promocion de oto\u00f1o Medidor holtest analogo - Techmaster de Mexico","isPartOf":{"@id":"https:\/\/techmasterdemexico.com\/#website"},"primaryImageOfPage":{"@id":"https:\/\/techmasterdemexico.com\/promociones\/promocion-de-otono-medidor-holtest-analogo\/#primaryimage"},"image":{"@id":"https:\/\/techmasterdemexico.com\/promociones\/promocion-de-otono-medidor-holtest-analogo\/#primaryimage"},"thumbnailUrl":"https:\/\/techmasterdemexico.com\/wp-content\/uploads\/medidor-holtest-analogo_Banner.png","datePublished":"2025-10-14T20:28:49+00:00","dateModified":"2025-10-14T20:29:05+00:00","breadcrumb":{"@id":"https:\/\/techmasterdemexico.com\/promociones\/promocion-de-otono-medidor-holtest-analogo\/#breadcrumb"},"inLanguage":"en-US","potentialAction":[{"@type":"ReadAction","target":["https:\/\/techmasterdemexico.com\/promociones\/promocion-de-otono-medidor-holtest-analogo\/"]}]},{"@type":"ImageObject","inLanguage":"en-US","@id":"https:\/\/techmasterdemexico.com\/promociones\/promocion-de-otono-medidor-holtest-analogo\/#primaryimage","url":"https:\/\/techmasterdemexico.com\/wp-content\/uploads\/medidor-holtest-analogo_Banner.png","contentUrl":"https:\/\/techmasterdemexico.com\/wp-content\/uploads\/medidor-holtest-analogo_Banner.png"},{"@type":"BreadcrumbList","@id":"https:\/\/techmasterdemexico.com\/promociones\/promocion-de-otono-medidor-holtest-analogo\/#breadcrumb","itemListElement":[{"@type":"ListItem","position":1,"name":"Portada","item":"https:\/\/techmasterdemexico.com\/"},{"@type":"ListItem","position":2,"name":"Promociones","item":"https:\/\/techmasterdemexico.com\/promociones\/"},{"@type":"ListItem","position":3,"name":"Promocion de oto\u00f1o Medidor holtest analogo"}]},{"@type":"WebSite","@id":"https:\/\/techmasterdemexico.com\/#website","url":"https:\/\/techmasterdemexico.com\/","name":"Techmaster de Mexico","description":"","potentialAction":[{"@type":"SearchAction","target":{"@type":"EntryPoint","urlTemplate":"https:\/\/techmasterdemexico.com\/?s={search_term_string}"},"query-input":{"@type":"PropertyValueSpecification","valueRequired":true,"valueName":"search_term_string"}}],"inLanguage":"en-US"}]}},"_links":{"self":[{"href":"https:\/\/techmasterdemexico.com\/en\/wp-json\/wp\/v2\/pages\/23885","targetHints":{"allow":["GET"]}}],"collection":[{"href":"https:\/\/techmasterdemexico.com\/en\/wp-json\/wp\/v2\/pages"}],"about":[{"href":"https:\/\/techmasterdemexico.com\/en\/wp-json\/wp\/v2\/types\/page"}],"author":[{"embeddable":true,"href":"https:\/\/techmasterdemexico.com\/en\/wp-json\/wp\/v2\/users\/1"}],"replies":[{"embeddable":true,"href":"https:\/\/techmasterdemexico.com\/en\/wp-json\/wp\/v2\/comments?post=23885"}],"version-history":[{"count":1,"href":"https:\/\/techmasterdemexico.com\/en\/wp-json\/wp\/v2\/pages\/23885\/revisions"}],"predecessor-version":[{"id":23888,"href":"https:\/\/techmasterdemexico.com\/en\/wp-json\/wp\/v2\/pages\/23885\/revisions\/23888"}],"up":[{"embeddable":true,"href":"https:\/\/techmasterdemexico.com\/en\/wp-json\/wp\/v2\/pages\/7972"}],"wp:attachment":[{"href":"https:\/\/techmasterdemexico.com\/en\/wp-json\/wp\/v2\/media?parent=23885"}],"curies":[{"name":"wp","href":"https:\/\/api.w.org\/{rel}","templated":true}]}}