{"id":23300,"date":"2025-09-12T12:59:12","date_gmt":"2025-09-12T19:59:12","guid":{"rendered":"https:\/\/techmasterdemexico.com\/?page_id=23300"},"modified":"2025-10-17T10:47:28","modified_gmt":"2025-10-17T17:47:28","slug":"promocion-de-lanzamiento-quantumike","status":"publish","type":"page","link":"https:\/\/techmasterdemexico.com\/en\/promociones\/promocion-de-lanzamiento-quantumike\/","title":{"rendered":"Promoci\u00f3n de lanzamiento QuantuMike"},"content":{"rendered":"<p><img loading=\"lazy\" decoding=\"async\" class=\"aligncenter img-fluid\" src=\"http:\/\/techmasterdemexico.com\/wp-content\/uploads\/Banner-promocion-11.png\" alt=\"\" width=\"1953\" height=\"469\" \/><\/p>\n<p>&nbsp;<\/p>\n<div class=\"container\">\n<div class=\"row mb-5\">\n<div class=\"col-md-12\">\n<h2 class=\"text-center\" style=\"color: #f87601;\">Promoci\u00f3n de lanzamiento QuantuMike<\/h2>\n<p style=\"text-align: center;\">Al adquirir este micr\u00f3metro de \u00faltima generaci\u00f3n, no solo estar\u00e1s invirtiendo en la mejor calidad y tecnolog\u00eda japonesa, sino que tambi\u00e9n tendr\u00e1s la oportunidad de ganar incre\u00edbles regalos. Estamos comprometidos con la excelencia y queremos premiar tu confianza en nuestros productos.<\/p>\n<\/div>\n<\/div>\n<div class=\"row\">\n<div class=\"col-md-12 mb-4\">\n<h3 style=\"color: #f87601;\">\u00a1No te pierdas esta promoci\u00f3n y asegura tus mediciones con la precisi\u00f3n que solo Mitutoyo puede ofrecer!<\/h3>\n<\/div>\n<div class=\"col-md-12 mb-4\">\n<p><img decoding=\"async\" class=\"img-fluid aligncenter\" style=\"border-radius: 0px;\" src=\"https:\/\/techmasterdemexico.com\/wp-content\/uploads\/promo_imagen-3-1.png\" \/><\/p>\n<h4 style=\"margin-top:20px; margin-bottom:20px; text-align: center; color: #f47e44;\">\u00bfC\u00d3MO PARTICIPAR?<\/h4>\n<p><img decoding=\"async\" class=\"img-fluid aligncenter\" style=\"border-radius: 0px;\" src=\"https:\/\/techmasterdemexico.com\/wp-content\/uploads\/promo_imagen-1-1.png\" \/> <img decoding=\"async\" class=\"img-fluid aligncenter\" style=\"border-radius: 0px;\" src=\"https:\/\/techmasterdemexico.com\/wp-content\/uploads\/promo_imagen-2-1.png\" \/> <img decoding=\"async\" class=\"img-fluid aligncenter\" style=\"border-radius: 0px;\" src=\"https:\/\/techmasterdemexico.com\/wp-content\/uploads\/promo_equipos-.png\" \/><\/p>\n<p><img loading=\"lazy\" decoding=\"async\" class=\"size-full img-fuild wp-image-23997 aligncenter\" src=\"https:\/\/techmasterdemexico.com\/wp-content\/uploads\/Tiempo-de-medicion.png\" alt=\"\" width=\"654\" height=\"510\" srcset=\"https:\/\/techmasterdemexico.com\/wp-content\/uploads\/Tiempo-de-medicion.png 654w, https:\/\/techmasterdemexico.com\/wp-content\/uploads\/Tiempo-de-medicion-300x234.png 300w, https:\/\/techmasterdemexico.com\/wp-content\/uploads\/Tiempo-de-medicion-600x468.png 600w\" sizes=\"auto, (max-width: 654px) 100vw, 654px\" \/><img loading=\"lazy\" decoding=\"async\" class=\"size-full wp-image-23996 aligncenter\" src=\"https:\/\/techmasterdemexico.com\/wp-content\/uploads\/Tabla-comparativa.png\" alt=\"\" width=\"827\" height=\"515\" srcset=\"https:\/\/techmasterdemexico.com\/wp-content\/uploads\/Tabla-comparativa.png 827w, https:\/\/techmasterdemexico.com\/wp-content\/uploads\/Tabla-comparativa-300x187.png 300w, https:\/\/techmasterdemexico.com\/wp-content\/uploads\/Tabla-comparativa-768x478.png 768w, https:\/\/techmasterdemexico.com\/wp-content\/uploads\/Tabla-comparativa-600x374.png 600w\" sizes=\"auto, (max-width: 827px) 100vw, 827px\" \/><\/p>\n<p>&nbsp;<\/p>\n<p><img loading=\"lazy\" decoding=\"async\" class=\"size-full img-fuild wp-image-23995 aligncenter\" src=\"https:\/\/techmasterdemexico.com\/wp-content\/uploads\/Coolant-Proof.png\" alt=\"\" width=\"644\" height=\"339\" srcset=\"https:\/\/techmasterdemexico.com\/wp-content\/uploads\/Coolant-Proof.png 644w, https:\/\/techmasterdemexico.com\/wp-content\/uploads\/Coolant-Proof-300x158.png 300w, https:\/\/techmasterdemexico.com\/wp-content\/uploads\/Coolant-Proof-600x316.png 600w\" sizes=\"auto, (max-width: 644px) 100vw, 644px\" \/><\/p>\n<p><img decoding=\"async\" class=\"img-fluid img-fuild aligncenter\" style=\"border-radius: 0px; width: 100%;\" src=\"https:\/\/techmasterdemexico.com\/wp-content\/uploads\/promo_imagen-5-1.png\" \/><\/p>\n<h4 style=\"margin-top:20px; margin-bottom:20px; text-align: center; color: #f47e44;\">Sistemas de comunicaci\u00f3n<\/h4>\n<p><img decoding=\"async\" class=\"img-fluid aligncenter\" style=\"border-radius: 0px; width: 100%;\" src=\"https:\/\/techmasterdemexico.com\/wp-content\/uploads\/promo_imagen-6-1.png\" \/><\/p>\n<\/div>\n<div class=\"col-md-12 mb-4\">\n<h3 style=\"text-align: center;\">Contacta con tu asesor de ventas<\/h3>\n<p style=\"text-align: center;\"><a class=\"mt-4\" style=\"display: inline-block; margin: auto; border-radius: 5px; width: 100%; max-width: 450px; background: #F47E44;\" href=\"https:\/\/api.whatsapp.com\/send\/?phone=526643875607&amp;app_absent=0\"><img decoding=\"async\" class=\"img-fluid aligncenter\" style=\"max-height: 45px;\" src=\"http:\/\/techmasterdemexico.com\/wp-content\/uploads\/Contacto-telefono-1.png\" \/><\/a><\/p>\n<p style=\"text-align: center;\"><a class=\"mb-4 btn\" style=\"display: inline-block; margin: auto; border-radius: 5px; width: 100%; max-width: 450px; background: #F47E44;\" href=\"mailto:promociones@techmaster.us\"><img decoding=\"async\" class=\"img-fluid\" style=\"max-height: 45px;\" src=\"http:\/\/techmasterdemexico.com\/wp-content\/uploads\/Contacto-correo_1-1.png\" \/><\/a><\/p>\n<\/div>\n<\/div>\n<\/div>\n<h4 align=\"justify\">T\u00e9rminos y Condiciones<\/h4>\n<ol style=\"font-size: 14px;\">\n<li>\n<div align=\"justify\">\n<p class=\"mb-0\">Vigencia de la Promoci\u00f3n<br \/>\nLa Promoci\u00f3n de lanzamiento QuantuMike estar\u00e1 activa hasta agotar existencias<\/p>\n<\/div>\n<\/li>\n<li>\n<div align=\"justify\">\n<p class=\"mb-0\">Devoluciones y Garant\u00edas<br \/>\nEl equipo adquirido bajo esta promoci\u00f3n est\u00e1 sujeto a nuestras pol\u00edticas generales de devoluciones y garant\u00edas, disponibles en nuestro sitio web.<\/p>\n<\/div>\n<\/li>\n<li>\n<div align=\"justify\">\n<p class=\"mb-0\">Queda prohibida la participaci\u00f3n de empleados y familiares Techmaster de M\u00e9xico, asociados, subsidiarias, distribuidores o representantes, empresas de publicidad o proveedores. No participan compras realizadas como resultados de alguna licitaci\u00f3n.<\/p>\n<\/div>\n<\/li>\n<li>\n<div align=\"justify\">\n<p class=\"mb-0\">Solo se puede hacer v\u00e1lida una promoci\u00f3n por compra.<\/p>\n<\/div>\n<\/li>\n<li>\n<div align=\"justify\">\n<p class=\"mb-0\">Oferta v\u00e1lida \u00fanicamente de M\u00e9xico, para compras realizadas a trav\u00e9s de distribuidores autorizados Mitutoyo.<\/p>\n<\/div>\n<\/li>\n<li>\n<div align=\"justify\">\n<p class=\"mb-0\">Esta promoci\u00f3n est\u00e1 prohibida en lugares donde existen restricciones para recibir productos sin costo, incluyendo empresas privadas y\/o gubernamentales.<\/p>\n<\/div>\n<\/li>\n<li>\n<div align=\"justify\">\n<p class=\"mb-0\">No participan compras realizadas como resultado de licitaciones.<\/p>\n<\/div>\n<\/li>\n<li>\n<div align=\"justify\">\n<p class=\"mb-0\">La promoci\u00f3n no es acumulable con otras promociones, descuentos especiales ni cupones.<\/p>\n<\/div>\n<\/li>\n<li>\n<div align=\"justify\">\n<p class=\"mb-0\">No se puede acceder a esta oferta a trav\u00e9s del personal de ventas de Mitutoyo, centros de servicio Mitutoyo o sus oficinas corporativas.<\/p>\n<\/div>\n<\/li>\n<li>\n<div align=\"justify\">\n<p class=\"mb-0\">Disponibilidad de productos y cambios de la promoci\u00f3n<br \/>\nTechmaster de M\u00e9xico y Mitutoyo se reservan el derecho de modificar la promoci\u00f3n<\/p>\n<\/div>\n<\/li>\n<li>\n<div align=\"justify\">\n<p class=\"mb-0\">Aceptaci\u00f3n de los T\u00e9rminos<br \/>\nAl participar en esta promoci\u00f3n, el cliente confirma haber le\u00eddo y aceptado estos T\u00e9rminos y Condiciones, junto con las pol\u00edticas de privacidad y uso del sitio web.<\/p>\n<\/div>\n<\/li>\n<\/ol>\n<style>\nul, p, li{color:#05144B;}<\/style>\n","protected":false},"excerpt":{"rendered":"<p>&nbsp; Promoci\u00f3n de lanzamiento QuantuMike Al adquirir este micr\u00f3metro de \u00faltima generaci\u00f3n, no solo estar\u00e1s invirtiendo en la mejor calidad y tecnolog\u00eda japonesa, sino que tambi\u00e9n tendr\u00e1s la oportunidad de ganar incre\u00edbles regalos. Estamos comprometidos con la excelencia y queremos premiar tu confianza en nuestros productos. \u00a1No te pierdas esta promoci\u00f3n y asegura tus mediciones [&hellip;]<\/p>\n","protected":false},"author":1,"featured_media":0,"parent":7972,"menu_order":0,"comment_status":"closed","ping_status":"closed","template":"template-nosidebar.php","meta":{"_acf_changed":false,"footnotes":""},"class_list":["post-23300","page","type-page","status-publish","hentry"],"acf":[],"yoast_head":"<!-- This site is optimized with the Yoast SEO plugin v27.4 - https:\/\/yoast.com\/product\/yoast-seo-wordpress\/ -->\n<title>Promoci\u00f3n de lanzamiento QuantuMike - Techmaster de Mexico<\/title>\n<meta name=\"robots\" content=\"index, follow, max-snippet:-1, max-image-preview:large, max-video-preview:-1\" \/>\n<link rel=\"canonical\" href=\"https:\/\/techmasterdemexico.com\/promociones\/promocion-de-lanzamiento-quantumike\/\" \/>\n<meta property=\"og:locale\" content=\"en_US\" \/>\n<meta property=\"og:type\" content=\"article\" \/>\n<meta property=\"og:title\" content=\"Promoci\u00f3n de lanzamiento QuantuMike - Techmaster de Mexico\" \/>\n<meta property=\"og:description\" content=\"&nbsp; Promoci\u00f3n de lanzamiento QuantuMike Al adquirir este micr\u00f3metro de \u00faltima generaci\u00f3n, no solo estar\u00e1s invirtiendo en la mejor calidad y tecnolog\u00eda japonesa, sino que tambi\u00e9n tendr\u00e1s la oportunidad de ganar incre\u00edbles regalos. Estamos comprometidos con la excelencia y queremos premiar tu confianza en nuestros productos. \u00a1No te pierdas esta promoci\u00f3n y asegura tus mediciones [&hellip;]\" \/>\n<meta property=\"og:url\" content=\"https:\/\/techmasterdemexico.com\/promociones\/promocion-de-lanzamiento-quantumike\/\" \/>\n<meta property=\"og:site_name\" content=\"Techmaster de Mexico\" \/>\n<meta property=\"article:modified_time\" content=\"2025-10-17T17:47:28+00:00\" \/>\n<meta property=\"og:image\" content=\"http:\/\/techmasterdemexico.com\/wp-content\/uploads\/Banner-promocion-11.png\" \/>\n<meta name=\"twitter:card\" content=\"summary_large_image\" \/>\n<meta name=\"twitter:label1\" content=\"Est. reading time\" \/>\n\t<meta name=\"twitter:data1\" content=\"4 minutes\" \/>\n<script type=\"application\/ld+json\" class=\"yoast-schema-graph\">{\"@context\":\"https:\\\/\\\/schema.org\",\"@graph\":[{\"@type\":\"WebPage\",\"@id\":\"https:\\\/\\\/techmasterdemexico.com\\\/promociones\\\/promocion-de-lanzamiento-quantumike\\\/\",\"url\":\"https:\\\/\\\/techmasterdemexico.com\\\/promociones\\\/promocion-de-lanzamiento-quantumike\\\/\",\"name\":\"Promoci\u00f3n de lanzamiento QuantuMike - Techmaster de Mexico\",\"isPartOf\":{\"@id\":\"https:\\\/\\\/techmasterdemexico.com\\\/#website\"},\"primaryImageOfPage\":{\"@id\":\"https:\\\/\\\/techmasterdemexico.com\\\/promociones\\\/promocion-de-lanzamiento-quantumike\\\/#primaryimage\"},\"image\":{\"@id\":\"https:\\\/\\\/techmasterdemexico.com\\\/promociones\\\/promocion-de-lanzamiento-quantumike\\\/#primaryimage\"},\"thumbnailUrl\":\"http:\\\/\\\/techmasterdemexico.com\\\/wp-content\\\/uploads\\\/Banner-promocion-11.png\",\"datePublished\":\"2025-09-12T19:59:12+00:00\",\"dateModified\":\"2025-10-17T17:47:28+00:00\",\"breadcrumb\":{\"@id\":\"https:\\\/\\\/techmasterdemexico.com\\\/promociones\\\/promocion-de-lanzamiento-quantumike\\\/#breadcrumb\"},\"inLanguage\":\"en-US\",\"potentialAction\":[{\"@type\":\"ReadAction\",\"target\":[\"https:\\\/\\\/techmasterdemexico.com\\\/promociones\\\/promocion-de-lanzamiento-quantumike\\\/\"]}]},{\"@type\":\"ImageObject\",\"inLanguage\":\"en-US\",\"@id\":\"https:\\\/\\\/techmasterdemexico.com\\\/promociones\\\/promocion-de-lanzamiento-quantumike\\\/#primaryimage\",\"url\":\"http:\\\/\\\/techmasterdemexico.com\\\/wp-content\\\/uploads\\\/Banner-promocion-11.png\",\"contentUrl\":\"http:\\\/\\\/techmasterdemexico.com\\\/wp-content\\\/uploads\\\/Banner-promocion-11.png\"},{\"@type\":\"BreadcrumbList\",\"@id\":\"https:\\\/\\\/techmasterdemexico.com\\\/promociones\\\/promocion-de-lanzamiento-quantumike\\\/#breadcrumb\",\"itemListElement\":[{\"@type\":\"ListItem\",\"position\":1,\"name\":\"Portada\",\"item\":\"https:\\\/\\\/techmasterdemexico.com\\\/\"},{\"@type\":\"ListItem\",\"position\":2,\"name\":\"Promociones\",\"item\":\"https:\\\/\\\/techmasterdemexico.com\\\/promociones\\\/\"},{\"@type\":\"ListItem\",\"position\":3,\"name\":\"Promoci\u00f3n de lanzamiento QuantuMike\"}]},{\"@type\":\"WebSite\",\"@id\":\"https:\\\/\\\/techmasterdemexico.com\\\/#website\",\"url\":\"https:\\\/\\\/techmasterdemexico.com\\\/\",\"name\":\"Techmaster de Mexico\",\"description\":\"\",\"potentialAction\":[{\"@type\":\"SearchAction\",\"target\":{\"@type\":\"EntryPoint\",\"urlTemplate\":\"https:\\\/\\\/techmasterdemexico.com\\\/?s={search_term_string}\"},\"query-input\":{\"@type\":\"PropertyValueSpecification\",\"valueRequired\":true,\"valueName\":\"search_term_string\"}}],\"inLanguage\":\"en-US\"}]}<\/script>\n<!-- \/ Yoast SEO plugin. -->","yoast_head_json":{"title":"Promoci\u00f3n de lanzamiento QuantuMike - Techmaster de Mexico","robots":{"index":"index","follow":"follow","max-snippet":"max-snippet:-1","max-image-preview":"max-image-preview:large","max-video-preview":"max-video-preview:-1"},"canonical":"https:\/\/techmasterdemexico.com\/promociones\/promocion-de-lanzamiento-quantumike\/","og_locale":"en_US","og_type":"article","og_title":"Promoci\u00f3n de lanzamiento QuantuMike - Techmaster de Mexico","og_description":"&nbsp; Promoci\u00f3n de lanzamiento QuantuMike Al adquirir este micr\u00f3metro de \u00faltima generaci\u00f3n, no solo estar\u00e1s invirtiendo en la mejor calidad y tecnolog\u00eda japonesa, sino que tambi\u00e9n tendr\u00e1s la oportunidad de ganar incre\u00edbles regalos. Estamos comprometidos con la excelencia y queremos premiar tu confianza en nuestros productos. \u00a1No te pierdas esta promoci\u00f3n y asegura tus mediciones [&hellip;]","og_url":"https:\/\/techmasterdemexico.com\/promociones\/promocion-de-lanzamiento-quantumike\/","og_site_name":"Techmaster de Mexico","article_modified_time":"2025-10-17T17:47:28+00:00","og_image":[{"url":"http:\/\/techmasterdemexico.com\/wp-content\/uploads\/Banner-promocion-11.png","type":"","width":"","height":""}],"twitter_card":"summary_large_image","twitter_misc":{"Est. reading time":"4 minutes"},"schema":{"@context":"https:\/\/schema.org","@graph":[{"@type":"WebPage","@id":"https:\/\/techmasterdemexico.com\/promociones\/promocion-de-lanzamiento-quantumike\/","url":"https:\/\/techmasterdemexico.com\/promociones\/promocion-de-lanzamiento-quantumike\/","name":"Promoci\u00f3n de lanzamiento QuantuMike - Techmaster de Mexico","isPartOf":{"@id":"https:\/\/techmasterdemexico.com\/#website"},"primaryImageOfPage":{"@id":"https:\/\/techmasterdemexico.com\/promociones\/promocion-de-lanzamiento-quantumike\/#primaryimage"},"image":{"@id":"https:\/\/techmasterdemexico.com\/promociones\/promocion-de-lanzamiento-quantumike\/#primaryimage"},"thumbnailUrl":"http:\/\/techmasterdemexico.com\/wp-content\/uploads\/Banner-promocion-11.png","datePublished":"2025-09-12T19:59:12+00:00","dateModified":"2025-10-17T17:47:28+00:00","breadcrumb":{"@id":"https:\/\/techmasterdemexico.com\/promociones\/promocion-de-lanzamiento-quantumike\/#breadcrumb"},"inLanguage":"en-US","potentialAction":[{"@type":"ReadAction","target":["https:\/\/techmasterdemexico.com\/promociones\/promocion-de-lanzamiento-quantumike\/"]}]},{"@type":"ImageObject","inLanguage":"en-US","@id":"https:\/\/techmasterdemexico.com\/promociones\/promocion-de-lanzamiento-quantumike\/#primaryimage","url":"http:\/\/techmasterdemexico.com\/wp-content\/uploads\/Banner-promocion-11.png","contentUrl":"http:\/\/techmasterdemexico.com\/wp-content\/uploads\/Banner-promocion-11.png"},{"@type":"BreadcrumbList","@id":"https:\/\/techmasterdemexico.com\/promociones\/promocion-de-lanzamiento-quantumike\/#breadcrumb","itemListElement":[{"@type":"ListItem","position":1,"name":"Portada","item":"https:\/\/techmasterdemexico.com\/"},{"@type":"ListItem","position":2,"name":"Promociones","item":"https:\/\/techmasterdemexico.com\/promociones\/"},{"@type":"ListItem","position":3,"name":"Promoci\u00f3n de lanzamiento QuantuMike"}]},{"@type":"WebSite","@id":"https:\/\/techmasterdemexico.com\/#website","url":"https:\/\/techmasterdemexico.com\/","name":"Techmaster de Mexico","description":"","potentialAction":[{"@type":"SearchAction","target":{"@type":"EntryPoint","urlTemplate":"https:\/\/techmasterdemexico.com\/?s={search_term_string}"},"query-input":{"@type":"PropertyValueSpecification","valueRequired":true,"valueName":"search_term_string"}}],"inLanguage":"en-US"}]}},"_links":{"self":[{"href":"https:\/\/techmasterdemexico.com\/en\/wp-json\/wp\/v2\/pages\/23300","targetHints":{"allow":["GET"]}}],"collection":[{"href":"https:\/\/techmasterdemexico.com\/en\/wp-json\/wp\/v2\/pages"}],"about":[{"href":"https:\/\/techmasterdemexico.com\/en\/wp-json\/wp\/v2\/types\/page"}],"author":[{"embeddable":true,"href":"https:\/\/techmasterdemexico.com\/en\/wp-json\/wp\/v2\/users\/1"}],"replies":[{"embeddable":true,"href":"https:\/\/techmasterdemexico.com\/en\/wp-json\/wp\/v2\/comments?post=23300"}],"version-history":[{"count":10,"href":"https:\/\/techmasterdemexico.com\/en\/wp-json\/wp\/v2\/pages\/23300\/revisions"}],"predecessor-version":[{"id":23998,"href":"https:\/\/techmasterdemexico.com\/en\/wp-json\/wp\/v2\/pages\/23300\/revisions\/23998"}],"up":[{"embeddable":true,"href":"https:\/\/techmasterdemexico.com\/en\/wp-json\/wp\/v2\/pages\/7972"}],"wp:attachment":[{"href":"https:\/\/techmasterdemexico.com\/en\/wp-json\/wp\/v2\/media?parent=23300"}],"curies":[{"name":"wp","href":"https:\/\/api.w.org\/{rel}","templated":true}]}}