{"id":23280,"date":"2025-09-11T17:58:01","date_gmt":"2025-09-12T00:58:01","guid":{"rendered":"https:\/\/techmasterdemexico.com\/?page_id=23280"},"modified":"2025-10-17T10:34:45","modified_gmt":"2025-10-17T17:34:45","slug":"promocion-precio-especial-quick-vision-active","status":"publish","type":"page","link":"https:\/\/techmasterdemexico.com\/en\/promociones\/promocion-precio-especial-quick-vision-active\/","title":{"rendered":"Promoci\u00f3n Precio Especial Quick Vision Active"},"content":{"rendered":"<p><img loading=\"lazy\" decoding=\"async\" class=\"aligncenter img-fluid\" src=\"http:\/\/techmasterdemexico.com\/wp-content\/uploads\/Banner-promocion-Mitutoyo-Quick-Vision-Active.png\" alt=\"\" width=\"1953\" height=\"469\" \/><\/p>\n<p>&nbsp;<\/p>\n<hr class=\"mb-4\" \/>\n<div class=\"container\">\n<div class=\"row mb-5\">\n<div class=\"col-md-12\">\n<h2 class=\"text-center\">Promoci\u00f3n Precio Especial Quick Vision Active<\/h2>\n<\/div>\n<\/div>\n<div class=\"row\">\n<div class=\"col-md-12 mb-4\"><img loading=\"lazy\" decoding=\"async\" class=\"img-fluid size-full wp-image-23354 aligncenter\" src=\"https:\/\/techmasterdemexico.com\/wp-content\/uploads\/Mailing-Quick-Vision-Active-02-1.png\" alt=\"\" width=\"1084\" height=\"1030\" \/><\/div>\n<div class=\"col-md-12 mb-4\">\n<h4>El paquete incluye:<\/h4>\n<p><img decoding=\"async\" class=\"img-fluid\" style=\"border-radius: 0px;\" src=\"http:\/\/techmasterdemexico.com\/wp-content\/uploads\/imagn-1-1.png\" \/><\/p>\n<\/div>\n<div class=\"col-md-12 mb-4\">\n<p style=\"text-align: center;\">Esta configuraci\u00f3n es solo el comienzo. Incluye el modelo QV-L202, instalaci\u00f3n, calibraci\u00f3n y capacitaci\u00f3n. Contamos con opciones avanzadas que se adaptan a cada tipo de aplicaci\u00f3n. Consulta con tu asesor Mitutoyo para agendar una demostraci\u00f3n y definir tus necesidades de medici\u00f3n y visi\u00f3n. Recibe soporte integral para la configuraci\u00f3n del software, palpador, lentes y dem\u00e1s componentes, garantizando el m\u00e1ximo rendimiento de tu equipo. Ante cualquier duda sobre el alcance del paquete o si deseas personalizarlo, tu asesor Mitutoyo est\u00e1 listo para ayudarte.<\/p>\n<\/div>\n<div class=\"col-md-12 mb-4\">\n<h4>Ventajas:<\/h4>\n<p><img decoding=\"async\" class=\"img-fluid\" style=\"border-radius: 0px;\" src=\"http:\/\/techmasterdemexico.com\/wp-content\/uploads\/Imagen-2-1.png\" \/><\/p>\n<\/div>\n<div class=\"col-md-12 mb-4\">\n<h3 class=\"text-center\">\u00bfQuieres llevar tu Quick Vision al siguiente nivel?<br \/>\n\u00a1Pot\u00e9ncialo con nuestros opcionales y agrega m\u00e1s valor a tu inversi\u00f3n!<\/h3>\n<p><img decoding=\"async\" class=\"img-fluid\" style=\"border-radius: 0px;\" src=\"http:\/\/techmasterdemexico.com\/wp-content\/uploads\/imagen-3-3.png\" \/><\/p>\n<\/div>\n<div class=\"col-md-12 mb-4\">\n<h3 style=\"text-align: center;\">\u00a1Cont\u00e1ctanos!<\/h3>\n<p style=\"text-align: center;\"><a class=\"mt-4\" style=\"display: inline-block; margin: auto; border-radius: 5px; width: 100%; max-width: 450px; background: #F47E44;\" href=\"https:\/\/api.whatsapp.com\/send\/?phone=526643875607&amp;app_absent=0\"><img decoding=\"async\" class=\"img-fluid aligncenter\" style=\"max-height: 45px;\" src=\"http:\/\/techmasterdemexico.com\/wp-content\/uploads\/Contacto-telefono-1.png\" \/><\/a><\/p>\n<p style=\"text-align: center;\"><a class=\"mb-4 btn\" style=\"display: inline-block; margin: auto; border-radius: 5px; width: 100%; max-width: 450px; background: #F47E44;\" href=\"mailto:promociones@techmaster.us\"><img decoding=\"async\" class=\"img-fluid\" style=\"max-height: 45px;\" src=\"http:\/\/techmasterdemexico.com\/wp-content\/uploads\/Contacto-correo_1-1.png\" \/><\/a><\/p>\n<\/div>\n<\/div>\n<\/div>\n<h4 align=\"justify\">T\u00e9rminos y Condiciones<\/h4>\n<ol style=\"font-size: 14px;\">\n<li>\n<div align=\"justify\">\n<p class=\"mb-0\">Vigencia de la Promoci\u00f3n<br \/>\nLa Promoci\u00f3n Precio Especial Quick Vision estar\u00e1 activa hasta agotar existencias<\/p>\n<\/div>\n<\/li>\n<li>\n<div align=\"justify\">\n<p class=\"mb-0\">Devoluciones y Garant\u00edas<br \/>\nEl equipo adquirido bajo esta promoci\u00f3n est\u00e1 sujeto a nuestras pol\u00edticas generales de devoluciones y garant\u00edas, disponibles en nuestro sitio web.<\/p>\n<\/div>\n<\/li>\n<li>\n<div align=\"justify\">\n<p class=\"mb-0\">Queda prohibida la participaci\u00f3n de empleados y familiares Techmaster de M\u00e9xico, asociados, subsidiarias, distribuidores o representantes, empresas de publicidad o proveedores. No participan compras realizadas como resultados de alguna licitaci\u00f3n.<\/p>\n<\/div>\n<\/li>\n<li>\n<div align=\"justify\">\n<p class=\"mb-0\">Solo se puede hacer v\u00e1lida una promoci\u00f3n por compra.<\/p>\n<\/div>\n<\/li>\n<li>\n<div align=\"justify\">\n<p class=\"mb-0\">Oferta v\u00e1lida \u00fanicamente de M\u00e9xico, para compras realizadas a trav\u00e9s de distribuidores autorizados Mitutoyo.<\/p>\n<\/div>\n<\/li>\n<li>\n<div align=\"justify\">\n<p class=\"mb-0\">Esta promoci\u00f3n est\u00e1 prohibida en lugares donde existen restricciones para recibir productos sin costo, incluyendo empresas privadas y\/o gubernamentales.<\/p>\n<\/div>\n<\/li>\n<li>\n<div align=\"justify\">\n<p class=\"mb-0\">No participan compras realizadas como resultado de licitaciones.<\/p>\n<\/div>\n<\/li>\n<li>\n<div align=\"justify\">\n<p class=\"mb-0\">La promoci\u00f3n no es acumulable con otras promociones, descuentos especiales ni cupones.<\/p>\n<\/div>\n<\/li>\n<li>\n<div align=\"justify\">\n<p class=\"mb-0\">No se puede acceder a esta oferta a trav\u00e9s del personal de ventas de Mitutoyo, centros de servicio Mitutoyo o sus oficinas corporativas.<\/p>\n<\/div>\n<\/li>\n<li>\n<div align=\"justify\">\n<p class=\"mb-0\">Disponibilidad de productos y cambios de la promoci\u00f3n<br \/>\nTechmaster de M\u00e9xico y Mitutoyo se reservan el derecho de modificar la promoci\u00f3n<\/p>\n<\/div>\n<\/li>\n<li>\n<div align=\"justify\">\n<p class=\"mb-0\">Aceptaci\u00f3n de los T\u00e9rminos<br \/>\nAl participar en esta promoci\u00f3n, el cliente confirma haber le\u00eddo y aceptado estos T\u00e9rminos y Condiciones, junto con las pol\u00edticas de privacidad y uso del sitio web.<\/p>\n<\/div>\n<\/li>\n<\/ol>\n<style>\nul, p, li{color:#05144B;}\n<\/style>\n","protected":false},"excerpt":{"rendered":"<p>&nbsp; Promoci\u00f3n Precio Especial Quick Vision Active El paquete incluye: Esta configuraci\u00f3n es solo el comienzo. Incluye el modelo QV-L202, instalaci\u00f3n, calibraci\u00f3n y capacitaci\u00f3n. Contamos con opciones avanzadas que se adaptan a cada tipo de aplicaci\u00f3n. Consulta con tu asesor Mitutoyo para agendar una demostraci\u00f3n y definir tus necesidades de medici\u00f3n y visi\u00f3n. Recibe soporte [&hellip;]<\/p>\n","protected":false},"author":1,"featured_media":0,"parent":7972,"menu_order":0,"comment_status":"closed","ping_status":"closed","template":"template-nosidebar.php","meta":{"_acf_changed":false,"footnotes":""},"class_list":["post-23280","page","type-page","status-publish","hentry"],"acf":[],"yoast_head":"<!-- This site is optimized with the Yoast SEO plugin v27.4 - https:\/\/yoast.com\/product\/yoast-seo-wordpress\/ -->\n<title>Promoci\u00f3n Precio Especial Quick Vision Active - Techmaster de Mexico<\/title>\n<meta name=\"robots\" content=\"index, follow, max-snippet:-1, max-image-preview:large, max-video-preview:-1\" \/>\n<link rel=\"canonical\" href=\"https:\/\/techmasterdemexico.com\/promociones\/promocion-precio-especial-quick-vision-active\/\" \/>\n<meta property=\"og:locale\" content=\"en_US\" \/>\n<meta property=\"og:type\" content=\"article\" \/>\n<meta property=\"og:title\" content=\"Promoci\u00f3n Precio Especial Quick Vision Active - Techmaster de Mexico\" \/>\n<meta property=\"og:description\" content=\"&nbsp; Promoci\u00f3n Precio Especial Quick Vision Active El paquete incluye: Esta configuraci\u00f3n es solo el comienzo. Incluye el modelo QV-L202, instalaci\u00f3n, calibraci\u00f3n y capacitaci\u00f3n. Contamos con opciones avanzadas que se adaptan a cada tipo de aplicaci\u00f3n. Consulta con tu asesor Mitutoyo para agendar una demostraci\u00f3n y definir tus necesidades de medici\u00f3n y visi\u00f3n. Recibe soporte [&hellip;]\" \/>\n<meta property=\"og:url\" content=\"https:\/\/techmasterdemexico.com\/promociones\/promocion-precio-especial-quick-vision-active\/\" \/>\n<meta property=\"og:site_name\" content=\"Techmaster de Mexico\" \/>\n<meta property=\"article:modified_time\" content=\"2025-10-17T17:34:45+00:00\" \/>\n<meta property=\"og:image\" content=\"http:\/\/techmasterdemexico.com\/wp-content\/uploads\/Banner-promocion-Mitutoyo-Quick-Vision-Active.png\" \/>\n<meta name=\"twitter:card\" content=\"summary_large_image\" \/>\n<meta name=\"twitter:label1\" content=\"Est. reading time\" \/>\n\t<meta name=\"twitter:data1\" content=\"3 minutes\" \/>\n<script type=\"application\/ld+json\" class=\"yoast-schema-graph\">{\"@context\":\"https:\\\/\\\/schema.org\",\"@graph\":[{\"@type\":\"WebPage\",\"@id\":\"https:\\\/\\\/techmasterdemexico.com\\\/promociones\\\/promocion-precio-especial-quick-vision-active\\\/\",\"url\":\"https:\\\/\\\/techmasterdemexico.com\\\/promociones\\\/promocion-precio-especial-quick-vision-active\\\/\",\"name\":\"Promoci\u00f3n Precio Especial Quick Vision Active - Techmaster de Mexico\",\"isPartOf\":{\"@id\":\"https:\\\/\\\/techmasterdemexico.com\\\/#website\"},\"primaryImageOfPage\":{\"@id\":\"https:\\\/\\\/techmasterdemexico.com\\\/promociones\\\/promocion-precio-especial-quick-vision-active\\\/#primaryimage\"},\"image\":{\"@id\":\"https:\\\/\\\/techmasterdemexico.com\\\/promociones\\\/promocion-precio-especial-quick-vision-active\\\/#primaryimage\"},\"thumbnailUrl\":\"http:\\\/\\\/techmasterdemexico.com\\\/wp-content\\\/uploads\\\/Banner-promocion-Mitutoyo-Quick-Vision-Active.png\",\"datePublished\":\"2025-09-12T00:58:01+00:00\",\"dateModified\":\"2025-10-17T17:34:45+00:00\",\"breadcrumb\":{\"@id\":\"https:\\\/\\\/techmasterdemexico.com\\\/promociones\\\/promocion-precio-especial-quick-vision-active\\\/#breadcrumb\"},\"inLanguage\":\"en-US\",\"potentialAction\":[{\"@type\":\"ReadAction\",\"target\":[\"https:\\\/\\\/techmasterdemexico.com\\\/promociones\\\/promocion-precio-especial-quick-vision-active\\\/\"]}]},{\"@type\":\"ImageObject\",\"inLanguage\":\"en-US\",\"@id\":\"https:\\\/\\\/techmasterdemexico.com\\\/promociones\\\/promocion-precio-especial-quick-vision-active\\\/#primaryimage\",\"url\":\"http:\\\/\\\/techmasterdemexico.com\\\/wp-content\\\/uploads\\\/Banner-promocion-Mitutoyo-Quick-Vision-Active.png\",\"contentUrl\":\"http:\\\/\\\/techmasterdemexico.com\\\/wp-content\\\/uploads\\\/Banner-promocion-Mitutoyo-Quick-Vision-Active.png\"},{\"@type\":\"BreadcrumbList\",\"@id\":\"https:\\\/\\\/techmasterdemexico.com\\\/promociones\\\/promocion-precio-especial-quick-vision-active\\\/#breadcrumb\",\"itemListElement\":[{\"@type\":\"ListItem\",\"position\":1,\"name\":\"Portada\",\"item\":\"https:\\\/\\\/techmasterdemexico.com\\\/\"},{\"@type\":\"ListItem\",\"position\":2,\"name\":\"Promociones\",\"item\":\"https:\\\/\\\/techmasterdemexico.com\\\/promociones\\\/\"},{\"@type\":\"ListItem\",\"position\":3,\"name\":\"Promoci\u00f3n Precio Especial Quick Vision Active\"}]},{\"@type\":\"WebSite\",\"@id\":\"https:\\\/\\\/techmasterdemexico.com\\\/#website\",\"url\":\"https:\\\/\\\/techmasterdemexico.com\\\/\",\"name\":\"Techmaster de Mexico\",\"description\":\"\",\"potentialAction\":[{\"@type\":\"SearchAction\",\"target\":{\"@type\":\"EntryPoint\",\"urlTemplate\":\"https:\\\/\\\/techmasterdemexico.com\\\/?s={search_term_string}\"},\"query-input\":{\"@type\":\"PropertyValueSpecification\",\"valueRequired\":true,\"valueName\":\"search_term_string\"}}],\"inLanguage\":\"en-US\"}]}<\/script>\n<!-- \/ Yoast SEO plugin. -->","yoast_head_json":{"title":"Promoci\u00f3n Precio Especial Quick Vision Active - Techmaster de Mexico","robots":{"index":"index","follow":"follow","max-snippet":"max-snippet:-1","max-image-preview":"max-image-preview:large","max-video-preview":"max-video-preview:-1"},"canonical":"https:\/\/techmasterdemexico.com\/promociones\/promocion-precio-especial-quick-vision-active\/","og_locale":"en_US","og_type":"article","og_title":"Promoci\u00f3n Precio Especial Quick Vision Active - Techmaster de Mexico","og_description":"&nbsp; Promoci\u00f3n Precio Especial Quick Vision Active El paquete incluye: Esta configuraci\u00f3n es solo el comienzo. Incluye el modelo QV-L202, instalaci\u00f3n, calibraci\u00f3n y capacitaci\u00f3n. Contamos con opciones avanzadas que se adaptan a cada tipo de aplicaci\u00f3n. Consulta con tu asesor Mitutoyo para agendar una demostraci\u00f3n y definir tus necesidades de medici\u00f3n y visi\u00f3n. Recibe soporte [&hellip;]","og_url":"https:\/\/techmasterdemexico.com\/promociones\/promocion-precio-especial-quick-vision-active\/","og_site_name":"Techmaster de Mexico","article_modified_time":"2025-10-17T17:34:45+00:00","og_image":[{"url":"http:\/\/techmasterdemexico.com\/wp-content\/uploads\/Banner-promocion-Mitutoyo-Quick-Vision-Active.png","type":"","width":"","height":""}],"twitter_card":"summary_large_image","twitter_misc":{"Est. reading time":"3 minutes"},"schema":{"@context":"https:\/\/schema.org","@graph":[{"@type":"WebPage","@id":"https:\/\/techmasterdemexico.com\/promociones\/promocion-precio-especial-quick-vision-active\/","url":"https:\/\/techmasterdemexico.com\/promociones\/promocion-precio-especial-quick-vision-active\/","name":"Promoci\u00f3n Precio Especial Quick Vision Active - Techmaster de Mexico","isPartOf":{"@id":"https:\/\/techmasterdemexico.com\/#website"},"primaryImageOfPage":{"@id":"https:\/\/techmasterdemexico.com\/promociones\/promocion-precio-especial-quick-vision-active\/#primaryimage"},"image":{"@id":"https:\/\/techmasterdemexico.com\/promociones\/promocion-precio-especial-quick-vision-active\/#primaryimage"},"thumbnailUrl":"http:\/\/techmasterdemexico.com\/wp-content\/uploads\/Banner-promocion-Mitutoyo-Quick-Vision-Active.png","datePublished":"2025-09-12T00:58:01+00:00","dateModified":"2025-10-17T17:34:45+00:00","breadcrumb":{"@id":"https:\/\/techmasterdemexico.com\/promociones\/promocion-precio-especial-quick-vision-active\/#breadcrumb"},"inLanguage":"en-US","potentialAction":[{"@type":"ReadAction","target":["https:\/\/techmasterdemexico.com\/promociones\/promocion-precio-especial-quick-vision-active\/"]}]},{"@type":"ImageObject","inLanguage":"en-US","@id":"https:\/\/techmasterdemexico.com\/promociones\/promocion-precio-especial-quick-vision-active\/#primaryimage","url":"http:\/\/techmasterdemexico.com\/wp-content\/uploads\/Banner-promocion-Mitutoyo-Quick-Vision-Active.png","contentUrl":"http:\/\/techmasterdemexico.com\/wp-content\/uploads\/Banner-promocion-Mitutoyo-Quick-Vision-Active.png"},{"@type":"BreadcrumbList","@id":"https:\/\/techmasterdemexico.com\/promociones\/promocion-precio-especial-quick-vision-active\/#breadcrumb","itemListElement":[{"@type":"ListItem","position":1,"name":"Portada","item":"https:\/\/techmasterdemexico.com\/"},{"@type":"ListItem","position":2,"name":"Promociones","item":"https:\/\/techmasterdemexico.com\/promociones\/"},{"@type":"ListItem","position":3,"name":"Promoci\u00f3n Precio Especial Quick Vision Active"}]},{"@type":"WebSite","@id":"https:\/\/techmasterdemexico.com\/#website","url":"https:\/\/techmasterdemexico.com\/","name":"Techmaster de Mexico","description":"","potentialAction":[{"@type":"SearchAction","target":{"@type":"EntryPoint","urlTemplate":"https:\/\/techmasterdemexico.com\/?s={search_term_string}"},"query-input":{"@type":"PropertyValueSpecification","valueRequired":true,"valueName":"search_term_string"}}],"inLanguage":"en-US"}]}},"_links":{"self":[{"href":"https:\/\/techmasterdemexico.com\/en\/wp-json\/wp\/v2\/pages\/23280","targetHints":{"allow":["GET"]}}],"collection":[{"href":"https:\/\/techmasterdemexico.com\/en\/wp-json\/wp\/v2\/pages"}],"about":[{"href":"https:\/\/techmasterdemexico.com\/en\/wp-json\/wp\/v2\/types\/page"}],"author":[{"embeddable":true,"href":"https:\/\/techmasterdemexico.com\/en\/wp-json\/wp\/v2\/users\/1"}],"replies":[{"embeddable":true,"href":"https:\/\/techmasterdemexico.com\/en\/wp-json\/wp\/v2\/comments?post=23280"}],"version-history":[{"count":5,"href":"https:\/\/techmasterdemexico.com\/en\/wp-json\/wp\/v2\/pages\/23280\/revisions"}],"predecessor-version":[{"id":23994,"href":"https:\/\/techmasterdemexico.com\/en\/wp-json\/wp\/v2\/pages\/23280\/revisions\/23994"}],"up":[{"embeddable":true,"href":"https:\/\/techmasterdemexico.com\/en\/wp-json\/wp\/v2\/pages\/7972"}],"wp:attachment":[{"href":"https:\/\/techmasterdemexico.com\/en\/wp-json\/wp\/v2\/media?parent=23280"}],"curies":[{"name":"wp","href":"https:\/\/api.w.org\/{rel}","templated":true}]}}