{"id":23238,"date":"2025-09-11T10:51:46","date_gmt":"2025-09-11T17:51:46","guid":{"rendered":"https:\/\/techmasterdemexico.com\/?page_id=23238"},"modified":"2025-09-23T13:35:26","modified_gmt":"2025-09-23T20:35:26","slug":"mega-promocion-fluke-2025","status":"publish","type":"page","link":"https:\/\/techmasterdemexico.com\/en\/promociones\/mega-promocion-fluke-2025\/","title":{"rendered":"Mega promoci\u00f3n fluke 2025"},"content":{"rendered":"<p><img loading=\"lazy\" decoding=\"async\" class=\"aligncenter img-fluid\" src=\"http:\/\/techmasterdemexico.com\/wp-content\/uploads\/Banner-promocion-9.png\" alt=\"\" width=\"1953\" height=\"469\" \/><\/p>\n<p>&nbsp;<\/p>\n<hr class=\"mb-4\" \/>\n<div class=\"container\">\n<div class=\"row mb-5\">\n<div class=\"col-md-12\">\n<h3 class=\"text-center\">&#8220;Mega Promoci\u00f3n Fluke 2025&#8221; Segunda Edici\u00f3n<br \/>\nInicia la MEGA PROMOCI\u00d3N DE FLUKE.<br \/>\nCon m\u00e1s equipos participantes y m\u00e1s regalos!<\/h3>\n<\/div>\n<\/div>\n<div class=\"row\">\n<div class=\"col-md-3 col-6 mb-4\"><a href=\"https:\/\/techmasterdemexico.com\/producto\/analizador-de-variadores-de-velocidad-fluke-mda-550-serie-iii\/\" target=\"_blank\" rel=\"noopener\"><img decoding=\"async\" class=\"img-fluid\" style=\"border-radius: 0px;\" src=\"http:\/\/techmasterdemexico.com\/wp-content\/uploads\/Equipos-en-promocion_1-1.png\" \/><\/a><\/div>\n<div class=\"col-md-3 col-6 mb-4\"><a href=\"https:\/\/techmasterdemexico.com\/producto\/herramienta-de-alineacion-de-eje-laser-fluke-831\/\" target=\"_blank\" rel=\"noopener\"><img decoding=\"async\" class=\"img-fluid\" style=\"border-radius: 0px;\" src=\"http:\/\/techmasterdemexico.com\/wp-content\/uploads\/Equipos-en-promocion_2-1.png\" \/><\/a><\/div>\n<div class=\"col-md-3 col-6 mb-4\"><a href=\"https:\/\/techmasterdemexico.com\/producto\/analizador-de-vibraciones-fluke-810\/\" target=\"_blank\" rel=\"noopener\"><img decoding=\"async\" class=\"img-fluid\" style=\"border-radius: 0px;\" src=\"http:\/\/techmasterdemexico.com\/wp-content\/uploads\/Equipos-en-promocion_3-1.png\" \/><\/a><\/div>\n<div class=\"col-md-3 col-6 mb-4\"><a href=\"https:\/\/techmasterdemexico.com\/producto\/calibrador-automatico-de-presion-fluke-729\/\" target=\"_blank\" rel=\"noopener\"><img decoding=\"async\" class=\"img-fluid\" style=\"border-radius: 0px;\" src=\"http:\/\/techmasterdemexico.com\/wp-content\/uploads\/Equipos-en-promocion_4-1.png\" \/><\/a><\/div>\n<div class=\"col-md-3 col-6 mb-4\"><a href=\"https:\/\/techmasterdemexico.com\/producto\/analizador-de-calidad-de-energia-fluke-1777\/\" target=\"_blank\" rel=\"noopener\"><img decoding=\"async\" class=\"img-fluid\" style=\"border-radius: 0px;\" src=\"http:\/\/techmasterdemexico.com\/wp-content\/uploads\/Equipos-en-promocion_5-1.png\" \/><\/a><\/div>\n<div class=\"col-md-3 col-6 mb-4\"><a href=\"https:\/\/techmasterdemexico.com\/producto\/conexion-a-tierra-kit-del-comprobador-de-puesta-a-tierra-1625-2-geo\/\" target=\"_blank\" rel=\"noopener\"><img decoding=\"async\" class=\"img-fluid\" style=\"border-radius: 0px;\" src=\"http:\/\/techmasterdemexico.com\/wp-content\/uploads\/Equipos-en-promocion_6-1.png\" \/><\/a><\/div>\n<div class=\"col-md-3 col-6 mb-4\"><a href=\"https:\/\/techmasterdemexico.com\/producto\/medidor-de-aislamiento-fluke-1555c\/\" target=\"_blank\" rel=\"noopener\"><img decoding=\"async\" class=\"img-fluid\" style=\"border-radius: 0px;\" src=\"http:\/\/techmasterdemexico.com\/wp-content\/uploads\/Equipos-en-promocion_7-1.png\" \/><\/a><\/div>\n<div class=\"col-md-3 col-6 mb-4\"><a href=\"https:\/\/techmasterdemexico.com\/producto\/camara-acustica-ii915\/\" target=\"_blank\" rel=\"noopener\"><img decoding=\"async\" class=\"img-fluid\" style=\"border-radius: 0px;\" src=\"http:\/\/techmasterdemexico.com\/wp-content\/uploads\/Equipos-en-promocion_8-1.png\" \/><\/a><\/div>\n<\/div>\n<\/div>\n<h3 class=\"text-center\">Cotiza el equipo que requieres o agenda una demostraci\u00f3n para ver la tecnolog\u00eda de Fluke en acci\u00f3n<\/h3>\n<h2 style=\"text-align: center;\">\u00a1Cont\u00e1ctanos!<\/h2>\n<p style=\"text-align: center;\"><a class=\"mt-4\" style=\"display: inline-block; margin: auto; border-radius: 5px; width: 100%; max-width: 450px; background: #F47E44;\" href=\"https:\/\/api.whatsapp.com\/send\/?phone=526643875607&amp;app_absent=0\"><img decoding=\"async\" class=\"img-fluid\" style=\"max-height: 45px;\" src=\"http:\/\/techmasterdemexico.com\/wp-content\/uploads\/Contacto-telefono-1.png\" \/><\/a><\/p>\n<p style=\"text-align: center;\"><a class=\"mb-4 btn\" style=\"display: inline-block; margin: auto; border-radius: 5px; width: 100%; max-width: 450px; background: #F47E44;\" href=\"mailto:promociones@techmaster.us?subject=\u00a1Cont\u00e1ctanos%20y%20aprovecha%20esta%20Mega%20Promoci\u00f3n!\"><img decoding=\"async\" class=\"img-fluid\" style=\"max-height: 45px;\" src=\"http:\/\/techmasterdemexico.com\/wp-content\/uploads\/Contacto-correo_1-1.png\" \/><\/a><\/p>\n<p>&nbsp;<\/p>\n<div style=\"width: 100%; margin: auto;\">\n<div align=\"justify\"><\/div>\n<h4 align=\"justify\">T\u00e9rminos y Condiciones<\/h4>\n<ol style=\"font-size: 14px;\">\n<li>\n<div align=\"justify\">\n<p class=\"mb-0\">Vigencia de la Promoci\u00f3n<br \/>\n\u2028La promoci\u00f3n estar\u00e1 vigente del 3 de septiembre de 2025 y hasta agotar existencias.<\/p>\n<\/div>\n<\/li>\n<li>\n<div align=\"justify\">\n<p class=\"mb-0\">Beneficios de la Promoci\u00f3n\u2028<br \/>\nEl beneficio consiste en recibir un equipo de regalo al adquirir alguno de los modelos participantes de Fluke, incluyendo el c\u00f3digo promocional *B57 en la orden de compra.<\/p>\n<\/div>\n<\/li>\n<li>\n<div align=\"justify\">\n<p class=\"mb-0\">Registro de la Compra\u2028<br \/>\nEl cliente deber\u00e1 completar el cup\u00f3n electr\u00f3nico, aceptar los t\u00e9rminos y condiciones de la promoci\u00f3n y enviar su orden de compra a su Distribuidor Autorizado, incluyendo el c\u00f3digo promocional *B57.<\/p>\n<\/div>\n<\/li>\n<li>\n<div align=\"justify\">\n<p class=\"mb-0\">Modelos Participantes<br \/>\n\u2028Participan en esta promoci\u00f3n los modelos:<\/p>\n<ul>\n<li>FLUKE-MDA-550-III<\/li>\n<li>FLUKE-831<\/li>\n<li>FLUKE-810<\/li>\n<li>FLK-729 300G FC<\/li>\n<li>FLUKE-1777<\/li>\n<li>FLUKE-1625-2 KIT<\/li>\n<li>FLUKE-1555 FC KIT<\/li>\n<li>FLUKE-II915<\/li>\n<\/ul>\n<p>Se puede consultar el listado completo de equipos participantes y equipos de regalo con Techmaster de M\u00e9xico.\n<\/p>\n<\/div>\n<\/li>\n<li>\n<div align=\"justify\">\n<p class=\"mb-0\">Condiciones Generales<\/p>\n<ul>\n<li>S\u00f3lo se puede hacer v\u00e1lida una promoci\u00f3n por orden de compra.<\/li>\n<li>El regalo ser\u00e1 entregado al cliente a trav\u00e9s de su distribuidor autorizado junto con el surtido del pedido.<\/li>\n<li>La promoci\u00f3n aplica \u00fanicamente para compras realizadas en M\u00e9xico a trav\u00e9s de Techmaster de M\u00e9xico. <\/li>\n<li>No aplica en conjunto con otras promociones, descuentos especiales ni compras derivadas de licitaciones.<\/li>\n<li>Esta oferta no es v\u00e1lida a trav\u00e9s del personal de ventas de Fluke, centros de servicio ni oficinas corporativas de Fluke.<\/li>\n<li>Techmaster de M\u00e9xico, Fluke Corporation y Dominion M\u00e9xico se reservan el derecho de entregar otro art\u00edculo de regalo de valor equivalente en caso de que el original no est\u00e9 disponible.<\/li>\n<li>La oferta est\u00e1 prohibida donde exista cualquier restricci\u00f3n legal para recibir productos sin costo, tanto en empresas privadas como gubernamentales.<\/li>\n<li>Cualquier solicitud fuera del periodo de vigencia o que no incluya el c\u00f3digo promocional *B57 no tendr\u00e1 validez.<\/li>\n<\/ul>\n<\/div>\n<\/li>\n<li>\n<div align=\"justify\">\n<p class=\"mb-0\">Entregas<br \/>\n\u2028El periodo de entrega del equipo principal y del equipo de regalo puede variar de 2 a 4 semanas, de acuerdo con la disponibilidad.<\/p>\n<\/div>\n<\/li>\n<li>\n<div align=\"justify\">\n<p class=\"mb-0\">Al participar en esta promoci\u00f3n, el cliente confirma haber le\u00eddo y aceptado estos T\u00e9rminos y Condiciones, junto con las pol\u00edticas de privacidad y uso del sitio web.<\/p>\n<\/div>\n<\/li>\n<li>\n<div align=\"justify\">\n<p class=\"mb-0\">Techmaster M\u00e9xico y Fluke Corporation se reservan el derecho de modificar los t\u00e9rminos de la promoci\u00f3n o de ofrecer un beneficio equivalente si el curso o la certificaci\u00f3n no estuvieran disponibles.\n<\/p>\n<\/div>\n<\/li>\n<li>\n<div align=\"justify\">\n<p class=\"mb-0\">Queda prohibida la participaci\u00f3n de empleados y familiares de empleados de Techmaster de M\u00e9xico, asociados, subsidiarias, distribuidores o representantes, empresas de publicidad o proveedores.<\/p>\n<\/div>\n<\/li>\n<\/ol>\n<\/div>\n<style>\nul, p, li{color:#05144B;}\n<\/style>\n","protected":false},"excerpt":{"rendered":"<p>&nbsp; &#8220;Mega Promoci\u00f3n Fluke 2025&#8221; Segunda Edici\u00f3n Inicia la MEGA PROMOCI\u00d3N DE FLUKE. Con m\u00e1s equipos participantes y m\u00e1s regalos! Cotiza el equipo que requieres o agenda una demostraci\u00f3n para ver la tecnolog\u00eda de Fluke en acci\u00f3n \u00a1Cont\u00e1ctanos! &nbsp; T\u00e9rminos y Condiciones Vigencia de la Promoci\u00f3n \u2028La promoci\u00f3n estar\u00e1 vigente del 3 de septiembre de [&hellip;]<\/p>\n","protected":false},"author":1,"featured_media":0,"parent":7972,"menu_order":0,"comment_status":"closed","ping_status":"closed","template":"template-nosidebar.php","meta":{"_acf_changed":false,"footnotes":""},"class_list":["post-23238","page","type-page","status-publish","hentry"],"acf":[],"yoast_head":"<!-- This site is optimized with the Yoast SEO plugin v27.4 - https:\/\/yoast.com\/product\/yoast-seo-wordpress\/ -->\n<title>Mega promoci\u00f3n fluke 2025 - Techmaster de Mexico<\/title>\n<meta name=\"robots\" content=\"index, follow, max-snippet:-1, max-image-preview:large, max-video-preview:-1\" \/>\n<link rel=\"canonical\" href=\"https:\/\/techmasterdemexico.com\/promociones\/mega-promocion-fluke-2025\/\" \/>\n<meta property=\"og:locale\" content=\"en_US\" \/>\n<meta property=\"og:type\" content=\"article\" \/>\n<meta property=\"og:title\" content=\"Mega promoci\u00f3n fluke 2025 - Techmaster de Mexico\" \/>\n<meta property=\"og:description\" content=\"&nbsp; &#8220;Mega Promoci\u00f3n Fluke 2025&#8221; Segunda Edici\u00f3n Inicia la MEGA PROMOCI\u00d3N DE FLUKE. Con m\u00e1s equipos participantes y m\u00e1s regalos! Cotiza el equipo que requieres o agenda una demostraci\u00f3n para ver la tecnolog\u00eda de Fluke en acci\u00f3n \u00a1Cont\u00e1ctanos! &nbsp; T\u00e9rminos y Condiciones Vigencia de la Promoci\u00f3n \u2028La promoci\u00f3n estar\u00e1 vigente del 3 de septiembre de [&hellip;]\" \/>\n<meta property=\"og:url\" content=\"https:\/\/techmasterdemexico.com\/promociones\/mega-promocion-fluke-2025\/\" \/>\n<meta property=\"og:site_name\" content=\"Techmaster de Mexico\" \/>\n<meta property=\"article:modified_time\" content=\"2025-09-23T20:35:26+00:00\" \/>\n<meta property=\"og:image\" content=\"http:\/\/techmasterdemexico.com\/wp-content\/uploads\/Banner-promocion-9.png\" \/>\n<meta name=\"twitter:card\" content=\"summary_large_image\" \/>\n<meta name=\"twitter:label1\" content=\"Est. reading time\" \/>\n\t<meta name=\"twitter:data1\" content=\"5 minutes\" \/>\n<script type=\"application\/ld+json\" class=\"yoast-schema-graph\">{\"@context\":\"https:\\\/\\\/schema.org\",\"@graph\":[{\"@type\":\"WebPage\",\"@id\":\"https:\\\/\\\/techmasterdemexico.com\\\/promociones\\\/mega-promocion-fluke-2025\\\/\",\"url\":\"https:\\\/\\\/techmasterdemexico.com\\\/promociones\\\/mega-promocion-fluke-2025\\\/\",\"name\":\"Mega promoci\u00f3n fluke 2025 - Techmaster de Mexico\",\"isPartOf\":{\"@id\":\"https:\\\/\\\/techmasterdemexico.com\\\/#website\"},\"primaryImageOfPage\":{\"@id\":\"https:\\\/\\\/techmasterdemexico.com\\\/promociones\\\/mega-promocion-fluke-2025\\\/#primaryimage\"},\"image\":{\"@id\":\"https:\\\/\\\/techmasterdemexico.com\\\/promociones\\\/mega-promocion-fluke-2025\\\/#primaryimage\"},\"thumbnailUrl\":\"http:\\\/\\\/techmasterdemexico.com\\\/wp-content\\\/uploads\\\/Banner-promocion-9.png\",\"datePublished\":\"2025-09-11T17:51:46+00:00\",\"dateModified\":\"2025-09-23T20:35:26+00:00\",\"breadcrumb\":{\"@id\":\"https:\\\/\\\/techmasterdemexico.com\\\/promociones\\\/mega-promocion-fluke-2025\\\/#breadcrumb\"},\"inLanguage\":\"en-US\",\"potentialAction\":[{\"@type\":\"ReadAction\",\"target\":[\"https:\\\/\\\/techmasterdemexico.com\\\/promociones\\\/mega-promocion-fluke-2025\\\/\"]}]},{\"@type\":\"ImageObject\",\"inLanguage\":\"en-US\",\"@id\":\"https:\\\/\\\/techmasterdemexico.com\\\/promociones\\\/mega-promocion-fluke-2025\\\/#primaryimage\",\"url\":\"http:\\\/\\\/techmasterdemexico.com\\\/wp-content\\\/uploads\\\/Banner-promocion-9.png\",\"contentUrl\":\"http:\\\/\\\/techmasterdemexico.com\\\/wp-content\\\/uploads\\\/Banner-promocion-9.png\"},{\"@type\":\"BreadcrumbList\",\"@id\":\"https:\\\/\\\/techmasterdemexico.com\\\/promociones\\\/mega-promocion-fluke-2025\\\/#breadcrumb\",\"itemListElement\":[{\"@type\":\"ListItem\",\"position\":1,\"name\":\"Portada\",\"item\":\"https:\\\/\\\/techmasterdemexico.com\\\/\"},{\"@type\":\"ListItem\",\"position\":2,\"name\":\"Promociones\",\"item\":\"https:\\\/\\\/techmasterdemexico.com\\\/promociones\\\/\"},{\"@type\":\"ListItem\",\"position\":3,\"name\":\"Mega promoci\u00f3n fluke 2025\"}]},{\"@type\":\"WebSite\",\"@id\":\"https:\\\/\\\/techmasterdemexico.com\\\/#website\",\"url\":\"https:\\\/\\\/techmasterdemexico.com\\\/\",\"name\":\"Techmaster de Mexico\",\"description\":\"\",\"potentialAction\":[{\"@type\":\"SearchAction\",\"target\":{\"@type\":\"EntryPoint\",\"urlTemplate\":\"https:\\\/\\\/techmasterdemexico.com\\\/?s={search_term_string}\"},\"query-input\":{\"@type\":\"PropertyValueSpecification\",\"valueRequired\":true,\"valueName\":\"search_term_string\"}}],\"inLanguage\":\"en-US\"}]}<\/script>\n<!-- \/ Yoast SEO plugin. -->","yoast_head_json":{"title":"Mega promoci\u00f3n fluke 2025 - Techmaster de Mexico","robots":{"index":"index","follow":"follow","max-snippet":"max-snippet:-1","max-image-preview":"max-image-preview:large","max-video-preview":"max-video-preview:-1"},"canonical":"https:\/\/techmasterdemexico.com\/promociones\/mega-promocion-fluke-2025\/","og_locale":"en_US","og_type":"article","og_title":"Mega promoci\u00f3n fluke 2025 - Techmaster de Mexico","og_description":"&nbsp; &#8220;Mega Promoci\u00f3n Fluke 2025&#8221; Segunda Edici\u00f3n Inicia la MEGA PROMOCI\u00d3N DE FLUKE. Con m\u00e1s equipos participantes y m\u00e1s regalos! Cotiza el equipo que requieres o agenda una demostraci\u00f3n para ver la tecnolog\u00eda de Fluke en acci\u00f3n \u00a1Cont\u00e1ctanos! &nbsp; T\u00e9rminos y Condiciones Vigencia de la Promoci\u00f3n \u2028La promoci\u00f3n estar\u00e1 vigente del 3 de septiembre de [&hellip;]","og_url":"https:\/\/techmasterdemexico.com\/promociones\/mega-promocion-fluke-2025\/","og_site_name":"Techmaster de Mexico","article_modified_time":"2025-09-23T20:35:26+00:00","og_image":[{"url":"http:\/\/techmasterdemexico.com\/wp-content\/uploads\/Banner-promocion-9.png","type":"","width":"","height":""}],"twitter_card":"summary_large_image","twitter_misc":{"Est. reading time":"5 minutes"},"schema":{"@context":"https:\/\/schema.org","@graph":[{"@type":"WebPage","@id":"https:\/\/techmasterdemexico.com\/promociones\/mega-promocion-fluke-2025\/","url":"https:\/\/techmasterdemexico.com\/promociones\/mega-promocion-fluke-2025\/","name":"Mega promoci\u00f3n fluke 2025 - Techmaster de Mexico","isPartOf":{"@id":"https:\/\/techmasterdemexico.com\/#website"},"primaryImageOfPage":{"@id":"https:\/\/techmasterdemexico.com\/promociones\/mega-promocion-fluke-2025\/#primaryimage"},"image":{"@id":"https:\/\/techmasterdemexico.com\/promociones\/mega-promocion-fluke-2025\/#primaryimage"},"thumbnailUrl":"http:\/\/techmasterdemexico.com\/wp-content\/uploads\/Banner-promocion-9.png","datePublished":"2025-09-11T17:51:46+00:00","dateModified":"2025-09-23T20:35:26+00:00","breadcrumb":{"@id":"https:\/\/techmasterdemexico.com\/promociones\/mega-promocion-fluke-2025\/#breadcrumb"},"inLanguage":"en-US","potentialAction":[{"@type":"ReadAction","target":["https:\/\/techmasterdemexico.com\/promociones\/mega-promocion-fluke-2025\/"]}]},{"@type":"ImageObject","inLanguage":"en-US","@id":"https:\/\/techmasterdemexico.com\/promociones\/mega-promocion-fluke-2025\/#primaryimage","url":"http:\/\/techmasterdemexico.com\/wp-content\/uploads\/Banner-promocion-9.png","contentUrl":"http:\/\/techmasterdemexico.com\/wp-content\/uploads\/Banner-promocion-9.png"},{"@type":"BreadcrumbList","@id":"https:\/\/techmasterdemexico.com\/promociones\/mega-promocion-fluke-2025\/#breadcrumb","itemListElement":[{"@type":"ListItem","position":1,"name":"Portada","item":"https:\/\/techmasterdemexico.com\/"},{"@type":"ListItem","position":2,"name":"Promociones","item":"https:\/\/techmasterdemexico.com\/promociones\/"},{"@type":"ListItem","position":3,"name":"Mega promoci\u00f3n fluke 2025"}]},{"@type":"WebSite","@id":"https:\/\/techmasterdemexico.com\/#website","url":"https:\/\/techmasterdemexico.com\/","name":"Techmaster de Mexico","description":"","potentialAction":[{"@type":"SearchAction","target":{"@type":"EntryPoint","urlTemplate":"https:\/\/techmasterdemexico.com\/?s={search_term_string}"},"query-input":{"@type":"PropertyValueSpecification","valueRequired":true,"valueName":"search_term_string"}}],"inLanguage":"en-US"}]}},"_links":{"self":[{"href":"https:\/\/techmasterdemexico.com\/en\/wp-json\/wp\/v2\/pages\/23238","targetHints":{"allow":["GET"]}}],"collection":[{"href":"https:\/\/techmasterdemexico.com\/en\/wp-json\/wp\/v2\/pages"}],"about":[{"href":"https:\/\/techmasterdemexico.com\/en\/wp-json\/wp\/v2\/types\/page"}],"author":[{"embeddable":true,"href":"https:\/\/techmasterdemexico.com\/en\/wp-json\/wp\/v2\/users\/1"}],"replies":[{"embeddable":true,"href":"https:\/\/techmasterdemexico.com\/en\/wp-json\/wp\/v2\/comments?post=23238"}],"version-history":[{"count":9,"href":"https:\/\/techmasterdemexico.com\/en\/wp-json\/wp\/v2\/pages\/23238\/revisions"}],"predecessor-version":[{"id":23364,"href":"https:\/\/techmasterdemexico.com\/en\/wp-json\/wp\/v2\/pages\/23238\/revisions\/23364"}],"up":[{"embeddable":true,"href":"https:\/\/techmasterdemexico.com\/en\/wp-json\/wp\/v2\/pages\/7972"}],"wp:attachment":[{"href":"https:\/\/techmasterdemexico.com\/en\/wp-json\/wp\/v2\/media?parent=23238"}],"curies":[{"name":"wp","href":"https:\/\/api.w.org\/{rel}","templated":true}]}}