{"id":22919,"date":"2025-06-20T15:54:04","date_gmt":"2025-06-20T22:54:04","guid":{"rendered":"https:\/\/techmasterdemexico.com\/?page_id=22919"},"modified":"2025-06-20T15:54:48","modified_gmt":"2025-06-20T22:54:48","slug":"techmaster-de-mexico-presente-en-la-1ra-edicion-del-medio-maraton-fundacion-castro-limon-%f0%9f%8f%83%e2%99%82%f0%9f%92%99","status":"publish","type":"page","link":"https:\/\/techmasterdemexico.com\/en\/techmastercares\/techmaster-de-mexico-presente-en-la-1ra-edicion-del-medio-maraton-fundacion-castro-limon-%f0%9f%8f%83%e2%99%82%f0%9f%92%99\/","title":{"rendered":"Techmaster de M\u00e9xico presente en la 1ra. edici\u00f3n del Medio Marat\u00f3n Fundaci\u00f3n Castro-Lim\u00f3n \ud83c\udfc3\u200d\u2642\ud83d\udc99"},"content":{"rendered":"<div class=\"row\" style=\"margin: auto; max-width: 800px;\">\n<div class=\"col-md-7\">\n<h2>Techmaster de M\u00e9xico presente en la 1ra. edici\u00f3n del Medio Marat\u00f3n Fundaci\u00f3n Castro-Lim\u00f3n \ud83c\udfc3\u200d\u2642\ud83d\udc99<\/h2>\n<p>Nuestra participaci\u00f3n fue una muestra de que la generosidad y la solidaridad tambi\u00e9n se corren en equipo. Con el respaldo de m\u00e1s de 2,500 corredores unidos por una causa, Techmaster fue uno de los patrocinadores de este gran evento, reafirmando su compromiso con brindar esperanza de vida a quienes m\u00e1s lo necesitan. <\/p>\n<p>Siempre estaremos comprometidos con apoyar causas que generan un impacto positivo en nuestra comunidad.<\/p>\n<\/div>\n<div class=\"col-md-5\"><img decoding=\"async\" style=\"width: 100%;\" src=\"http:\/\/techmasterdemexico.com\/wp-content\/uploads\/Techmaster_mediomaraton-2.png\" \/><br \/>\n<img decoding=\"async\" style=\"width: 100%;\" src=\"http:\/\/techmasterdemexico.com\/wp-content\/uploads\/Techmaster_o-mediomaraton.png\" \/><\/div>\n<\/div>\n","protected":false},"excerpt":{"rendered":"<p>Techmaster de M\u00e9xico presente en la 1ra. edici\u00f3n del Medio Marat\u00f3n Fundaci\u00f3n Castro-Lim\u00f3n \ud83c\udfc3\u200d\u2642\ud83d\udc99 Nuestra participaci\u00f3n fue una muestra de que la generosidad y la solidaridad tambi\u00e9n se corren en equipo. Con el respaldo de m\u00e1s de 2,500 corredores unidos por una causa, Techmaster fue uno de los patrocinadores de este gran evento, reafirmando su [&hellip;]<\/p>\n","protected":false},"author":1,"featured_media":0,"parent":20146,"menu_order":0,"comment_status":"closed","ping_status":"closed","template":"template-nosidebar.php","meta":{"_acf_changed":false,"footnotes":""},"class_list":["post-22919","page","type-page","status-publish","hentry"],"acf":[],"yoast_head":"<!-- This site is optimized with the Yoast SEO plugin v27.3 - https:\/\/yoast.com\/product\/yoast-seo-wordpress\/ -->\n<title>Techmaster de M\u00e9xico presente en la 1ra. edici\u00f3n del Medio Marat\u00f3n Fundaci\u00f3n Castro-Lim\u00f3n \ud83c\udfc3\u200d\u2642\ud83d\udc99 - Techmaster de Mexico<\/title>\n<meta name=\"robots\" content=\"index, follow, max-snippet:-1, max-image-preview:large, max-video-preview:-1\" \/>\n<link rel=\"canonical\" href=\"https:\/\/techmasterdemexico.com\/techmastercares\/techmaster-de-mexico-presente-en-la-1ra-edicion-del-medio-maraton-fundacion-castro-limon-\ud83c\udfc3\u2642\ud83d\udc99\/\" \/>\n<meta property=\"og:locale\" content=\"en_US\" \/>\n<meta property=\"og:type\" content=\"article\" \/>\n<meta property=\"og:title\" content=\"Techmaster de M\u00e9xico presente en la 1ra. edici\u00f3n del Medio Marat\u00f3n Fundaci\u00f3n Castro-Lim\u00f3n \ud83c\udfc3\u200d\u2642\ud83d\udc99 - Techmaster de Mexico\" \/>\n<meta property=\"og:description\" content=\"Techmaster de M\u00e9xico presente en la 1ra. edici\u00f3n del Medio Marat\u00f3n Fundaci\u00f3n Castro-Lim\u00f3n \ud83c\udfc3\u200d\u2642\ud83d\udc99 Nuestra participaci\u00f3n fue una muestra de que la generosidad y la solidaridad tambi\u00e9n se corren en equipo. Con el respaldo de m\u00e1s de 2,500 corredores unidos por una causa, Techmaster fue uno de los patrocinadores de este gran evento, reafirmando su [&hellip;]\" \/>\n<meta property=\"og:url\" content=\"https:\/\/techmasterdemexico.com\/techmastercares\/techmaster-de-mexico-presente-en-la-1ra-edicion-del-medio-maraton-fundacion-castro-limon-\ud83c\udfc3\u2642\ud83d\udc99\/\" \/>\n<meta property=\"og:site_name\" content=\"Techmaster de Mexico\" \/>\n<meta property=\"article:modified_time\" content=\"2025-06-20T22:54:48+00:00\" \/>\n<meta property=\"og:image\" content=\"http:\/\/techmasterdemexico.com\/wp-content\/uploads\/Techmaster_mediomaraton-2.png\" \/>\n<meta name=\"twitter:card\" content=\"summary_large_image\" \/>\n<meta name=\"twitter:label1\" content=\"Est. reading time\" \/>\n\t<meta name=\"twitter:data1\" content=\"1 minute\" \/>\n<script type=\"application\/ld+json\" class=\"yoast-schema-graph\">{\"@context\":\"https:\\\/\\\/schema.org\",\"@graph\":[{\"@type\":\"WebPage\",\"@id\":\"https:\\\/\\\/techmasterdemexico.com\\\/techmastercares\\\/techmaster-de-mexico-presente-en-la-1ra-edicion-del-medio-maraton-fundacion-castro-limon-%f0%9f%8f%83%e2%99%82%f0%9f%92%99\\\/\",\"url\":\"https:\\\/\\\/techmasterdemexico.com\\\/techmastercares\\\/techmaster-de-mexico-presente-en-la-1ra-edicion-del-medio-maraton-fundacion-castro-limon-%f0%9f%8f%83%e2%99%82%f0%9f%92%99\\\/\",\"name\":\"Techmaster de M\u00e9xico presente en la 1ra. edici\u00f3n del Medio Marat\u00f3n Fundaci\u00f3n Castro-Lim\u00f3n \ud83c\udfc3\u200d\u2642\ud83d\udc99 - Techmaster de Mexico\",\"isPartOf\":{\"@id\":\"https:\\\/\\\/techmasterdemexico.com\\\/#website\"},\"primaryImageOfPage\":{\"@id\":\"https:\\\/\\\/techmasterdemexico.com\\\/techmastercares\\\/techmaster-de-mexico-presente-en-la-1ra-edicion-del-medio-maraton-fundacion-castro-limon-%f0%9f%8f%83%e2%99%82%f0%9f%92%99\\\/#primaryimage\"},\"image\":{\"@id\":\"https:\\\/\\\/techmasterdemexico.com\\\/techmastercares\\\/techmaster-de-mexico-presente-en-la-1ra-edicion-del-medio-maraton-fundacion-castro-limon-%f0%9f%8f%83%e2%99%82%f0%9f%92%99\\\/#primaryimage\"},\"thumbnailUrl\":\"http:\\\/\\\/techmasterdemexico.com\\\/wp-content\\\/uploads\\\/Techmaster_mediomaraton-2.png\",\"datePublished\":\"2025-06-20T22:54:04+00:00\",\"dateModified\":\"2025-06-20T22:54:48+00:00\",\"breadcrumb\":{\"@id\":\"https:\\\/\\\/techmasterdemexico.com\\\/techmastercares\\\/techmaster-de-mexico-presente-en-la-1ra-edicion-del-medio-maraton-fundacion-castro-limon-%f0%9f%8f%83%e2%99%82%f0%9f%92%99\\\/#breadcrumb\"},\"inLanguage\":\"en-US\",\"potentialAction\":[{\"@type\":\"ReadAction\",\"target\":[\"https:\\\/\\\/techmasterdemexico.com\\\/techmastercares\\\/techmaster-de-mexico-presente-en-la-1ra-edicion-del-medio-maraton-fundacion-castro-limon-%f0%9f%8f%83%e2%99%82%f0%9f%92%99\\\/\"]}]},{\"@type\":\"ImageObject\",\"inLanguage\":\"en-US\",\"@id\":\"https:\\\/\\\/techmasterdemexico.com\\\/techmastercares\\\/techmaster-de-mexico-presente-en-la-1ra-edicion-del-medio-maraton-fundacion-castro-limon-%f0%9f%8f%83%e2%99%82%f0%9f%92%99\\\/#primaryimage\",\"url\":\"http:\\\/\\\/techmasterdemexico.com\\\/wp-content\\\/uploads\\\/Techmaster_mediomaraton-2.png\",\"contentUrl\":\"http:\\\/\\\/techmasterdemexico.com\\\/wp-content\\\/uploads\\\/Techmaster_mediomaraton-2.png\"},{\"@type\":\"BreadcrumbList\",\"@id\":\"https:\\\/\\\/techmasterdemexico.com\\\/techmastercares\\\/techmaster-de-mexico-presente-en-la-1ra-edicion-del-medio-maraton-fundacion-castro-limon-%f0%9f%8f%83%e2%99%82%f0%9f%92%99\\\/#breadcrumb\",\"itemListElement\":[{\"@type\":\"ListItem\",\"position\":1,\"name\":\"Portada\",\"item\":\"https:\\\/\\\/techmasterdemexico.com\\\/\"},{\"@type\":\"ListItem\",\"position\":2,\"name\":\"TechmasterCares\",\"item\":\"https:\\\/\\\/techmasterdemexico.com\\\/techmastercares\\\/\"},{\"@type\":\"ListItem\",\"position\":3,\"name\":\"Techmaster de M\u00e9xico presente en la 1ra. edici\u00f3n del Medio Marat\u00f3n Fundaci\u00f3n Castro-Lim\u00f3n \ud83c\udfc3\u200d\u2642\ud83d\udc99\"}]},{\"@type\":\"WebSite\",\"@id\":\"https:\\\/\\\/techmasterdemexico.com\\\/#website\",\"url\":\"https:\\\/\\\/techmasterdemexico.com\\\/\",\"name\":\"Techmaster de Mexico\",\"description\":\"\",\"potentialAction\":[{\"@type\":\"SearchAction\",\"target\":{\"@type\":\"EntryPoint\",\"urlTemplate\":\"https:\\\/\\\/techmasterdemexico.com\\\/?s={search_term_string}\"},\"query-input\":{\"@type\":\"PropertyValueSpecification\",\"valueRequired\":true,\"valueName\":\"search_term_string\"}}],\"inLanguage\":\"en-US\"}]}<\/script>\n<!-- \/ Yoast SEO plugin. -->","yoast_head_json":{"title":"Techmaster de M\u00e9xico presente en la 1ra. edici\u00f3n del Medio Marat\u00f3n Fundaci\u00f3n Castro-Lim\u00f3n \ud83c\udfc3\u200d\u2642\ud83d\udc99 - Techmaster de Mexico","robots":{"index":"index","follow":"follow","max-snippet":"max-snippet:-1","max-image-preview":"max-image-preview:large","max-video-preview":"max-video-preview:-1"},"canonical":"https:\/\/techmasterdemexico.com\/techmastercares\/techmaster-de-mexico-presente-en-la-1ra-edicion-del-medio-maraton-fundacion-castro-limon-\ud83c\udfc3\u2642\ud83d\udc99\/","og_locale":"en_US","og_type":"article","og_title":"Techmaster de M\u00e9xico presente en la 1ra. edici\u00f3n del Medio Marat\u00f3n Fundaci\u00f3n Castro-Lim\u00f3n \ud83c\udfc3\u200d\u2642\ud83d\udc99 - Techmaster de Mexico","og_description":"Techmaster de M\u00e9xico presente en la 1ra. edici\u00f3n del Medio Marat\u00f3n Fundaci\u00f3n Castro-Lim\u00f3n \ud83c\udfc3\u200d\u2642\ud83d\udc99 Nuestra participaci\u00f3n fue una muestra de que la generosidad y la solidaridad tambi\u00e9n se corren en equipo. Con el respaldo de m\u00e1s de 2,500 corredores unidos por una causa, Techmaster fue uno de los patrocinadores de este gran evento, reafirmando su [&hellip;]","og_url":"https:\/\/techmasterdemexico.com\/techmastercares\/techmaster-de-mexico-presente-en-la-1ra-edicion-del-medio-maraton-fundacion-castro-limon-\ud83c\udfc3\u2642\ud83d\udc99\/","og_site_name":"Techmaster de Mexico","article_modified_time":"2025-06-20T22:54:48+00:00","og_image":[{"url":"http:\/\/techmasterdemexico.com\/wp-content\/uploads\/Techmaster_mediomaraton-2.png","type":"","width":"","height":""}],"twitter_card":"summary_large_image","twitter_misc":{"Est. reading time":"1 minute"},"schema":{"@context":"https:\/\/schema.org","@graph":[{"@type":"WebPage","@id":"https:\/\/techmasterdemexico.com\/techmastercares\/techmaster-de-mexico-presente-en-la-1ra-edicion-del-medio-maraton-fundacion-castro-limon-%f0%9f%8f%83%e2%99%82%f0%9f%92%99\/","url":"https:\/\/techmasterdemexico.com\/techmastercares\/techmaster-de-mexico-presente-en-la-1ra-edicion-del-medio-maraton-fundacion-castro-limon-%f0%9f%8f%83%e2%99%82%f0%9f%92%99\/","name":"Techmaster de M\u00e9xico presente en la 1ra. edici\u00f3n del Medio Marat\u00f3n Fundaci\u00f3n Castro-Lim\u00f3n \ud83c\udfc3\u200d\u2642\ud83d\udc99 - Techmaster de Mexico","isPartOf":{"@id":"https:\/\/techmasterdemexico.com\/#website"},"primaryImageOfPage":{"@id":"https:\/\/techmasterdemexico.com\/techmastercares\/techmaster-de-mexico-presente-en-la-1ra-edicion-del-medio-maraton-fundacion-castro-limon-%f0%9f%8f%83%e2%99%82%f0%9f%92%99\/#primaryimage"},"image":{"@id":"https:\/\/techmasterdemexico.com\/techmastercares\/techmaster-de-mexico-presente-en-la-1ra-edicion-del-medio-maraton-fundacion-castro-limon-%f0%9f%8f%83%e2%99%82%f0%9f%92%99\/#primaryimage"},"thumbnailUrl":"http:\/\/techmasterdemexico.com\/wp-content\/uploads\/Techmaster_mediomaraton-2.png","datePublished":"2025-06-20T22:54:04+00:00","dateModified":"2025-06-20T22:54:48+00:00","breadcrumb":{"@id":"https:\/\/techmasterdemexico.com\/techmastercares\/techmaster-de-mexico-presente-en-la-1ra-edicion-del-medio-maraton-fundacion-castro-limon-%f0%9f%8f%83%e2%99%82%f0%9f%92%99\/#breadcrumb"},"inLanguage":"en-US","potentialAction":[{"@type":"ReadAction","target":["https:\/\/techmasterdemexico.com\/techmastercares\/techmaster-de-mexico-presente-en-la-1ra-edicion-del-medio-maraton-fundacion-castro-limon-%f0%9f%8f%83%e2%99%82%f0%9f%92%99\/"]}]},{"@type":"ImageObject","inLanguage":"en-US","@id":"https:\/\/techmasterdemexico.com\/techmastercares\/techmaster-de-mexico-presente-en-la-1ra-edicion-del-medio-maraton-fundacion-castro-limon-%f0%9f%8f%83%e2%99%82%f0%9f%92%99\/#primaryimage","url":"http:\/\/techmasterdemexico.com\/wp-content\/uploads\/Techmaster_mediomaraton-2.png","contentUrl":"http:\/\/techmasterdemexico.com\/wp-content\/uploads\/Techmaster_mediomaraton-2.png"},{"@type":"BreadcrumbList","@id":"https:\/\/techmasterdemexico.com\/techmastercares\/techmaster-de-mexico-presente-en-la-1ra-edicion-del-medio-maraton-fundacion-castro-limon-%f0%9f%8f%83%e2%99%82%f0%9f%92%99\/#breadcrumb","itemListElement":[{"@type":"ListItem","position":1,"name":"Portada","item":"https:\/\/techmasterdemexico.com\/"},{"@type":"ListItem","position":2,"name":"TechmasterCares","item":"https:\/\/techmasterdemexico.com\/techmastercares\/"},{"@type":"ListItem","position":3,"name":"Techmaster de M\u00e9xico presente en la 1ra. edici\u00f3n del Medio Marat\u00f3n Fundaci\u00f3n Castro-Lim\u00f3n \ud83c\udfc3\u200d\u2642\ud83d\udc99"}]},{"@type":"WebSite","@id":"https:\/\/techmasterdemexico.com\/#website","url":"https:\/\/techmasterdemexico.com\/","name":"Techmaster de Mexico","description":"","potentialAction":[{"@type":"SearchAction","target":{"@type":"EntryPoint","urlTemplate":"https:\/\/techmasterdemexico.com\/?s={search_term_string}"},"query-input":{"@type":"PropertyValueSpecification","valueRequired":true,"valueName":"search_term_string"}}],"inLanguage":"en-US"}]}},"_links":{"self":[{"href":"https:\/\/techmasterdemexico.com\/en\/wp-json\/wp\/v2\/pages\/22919","targetHints":{"allow":["GET"]}}],"collection":[{"href":"https:\/\/techmasterdemexico.com\/en\/wp-json\/wp\/v2\/pages"}],"about":[{"href":"https:\/\/techmasterdemexico.com\/en\/wp-json\/wp\/v2\/types\/page"}],"author":[{"embeddable":true,"href":"https:\/\/techmasterdemexico.com\/en\/wp-json\/wp\/v2\/users\/1"}],"replies":[{"embeddable":true,"href":"https:\/\/techmasterdemexico.com\/en\/wp-json\/wp\/v2\/comments?post=22919"}],"version-history":[{"count":2,"href":"https:\/\/techmasterdemexico.com\/en\/wp-json\/wp\/v2\/pages\/22919\/revisions"}],"predecessor-version":[{"id":22923,"href":"https:\/\/techmasterdemexico.com\/en\/wp-json\/wp\/v2\/pages\/22919\/revisions\/22923"}],"up":[{"embeddable":true,"href":"https:\/\/techmasterdemexico.com\/en\/wp-json\/wp\/v2\/pages\/20146"}],"wp:attachment":[{"href":"https:\/\/techmasterdemexico.com\/en\/wp-json\/wp\/v2\/media?parent=22919"}],"curies":[{"name":"wp","href":"https:\/\/api.w.org\/{rel}","templated":true}]}}