{"id":22767,"date":"2025-05-07T17:14:31","date_gmt":"2025-05-08T00:14:31","guid":{"rendered":"https:\/\/techmasterdemexico.com\/?page_id=22767"},"modified":"2025-05-09T15:44:07","modified_gmt":"2025-05-09T22:44:07","slug":"promocion-de-primavera-rugosimetro-portatil-sj-220","status":"publish","type":"page","link":"https:\/\/techmasterdemexico.com\/en\/promociones\/promocion-de-primavera-rugosimetro-portatil-sj-220\/","title":{"rendered":"Promocion de primavera Rugos\u00edmetro Port\u00e1til SJ-220"},"content":{"rendered":"<p>&nbsp;<\/p>\n<div style=\"margin: auto;\">\n<h1 style=\"text-align: center;\"><\/h1>\n<p><img decoding=\"async\" class=\"aligncenter img-fluid\" style=\"margin-bottom: 50px; width: 100%;\" src=\"http:\/\/techmasterdemexico.com\/wp-content\/uploads\/banner-categorias-rugosimetro-portatil-sj-220.png\" \/><\/p>\n<div style=\"width: 100%; margin: auto;\">\n<p class=\"mb-4\" style=\"text-align: center; font-size: 30px;\">Aprovecha la promoci\u00f3n de primavera de Mitutoyo<\/p>\n<h1 style=\"text-align: center;\"><strong><i>Rugos\u00edmetro Port\u00e1til<br \/>SJ-220<\/i><\/strong><\/h1>\n<p>&nbsp;<\/p>\n<div class=\"container\">\n<div class=\"row\">\n<div class=\"col-lg-12 text-center\">\n<h3><i>Operaci\u00f3n intuitiva y comunicaci\u00f3n<br \/>smart en el control de calidad<\/i><\/h3>\n<p style=\"color: #F87601;\"> Presentamos el totalmente nuevo SJ-220<\/p>\n<\/div>\n<div class=\"col-lg-8\">\n<p style=\"text-align: left;\" class=\"mb-0\"><i class=\"fa fa-check\" aria-hidden=\"true\" style=\"color: #F87601;\"><\/i> Transmisi\u00f3n inal\u00e1mbrica de datos de medici\u00f3n a alta velocidad.<\/p>\n<p style=\"text-align: left;\" class=\"mb-0\"><i class=\"fa fa-check\" aria-hidden=\"true\" style=\"color: #F87601;\"><\/i> Funciones de comunicaci\u00f3n significativamente reforzadas.<\/p>\n<p style=\"text-align: left;\" class=\"mb-0\"><i class=\"fa fa-check\" aria-hidden=\"true\" style=\"color: #F87601;\"><\/i> Excelente portabilidad y facilidad de uso.<\/p>\n<p style=\"text-align: left;\" class=\"mb-0\"><i class=\"fa fa-check\" aria-hidden=\"true\" style=\"color: #F87601;\"><\/i> Incorpora una pantalla t\u00e1ctil para operaci\u00f3n intuitiva.<\/p>\n<p style=\"text-align: left;\" class=\"mb-5\"><i class=\"fa fa-check\" aria-hidden=\"true\" style=\"color: #F87601;\"><\/i> Equipado con una bater\u00eda para usar donde no hay corriente.<\/p>\n<\/div>\n<div class=\"col-lg-4\">\n<img decoding=\"async\" class=\"img-fuild mb-4\" src=\"http:\/\/techmasterdemexico.com\/wp-content\/uploads\/SJ-220_circulos.png\">\n<\/div>\n<div class=\"col-lg-12\">\n<img decoding=\"async\" class=\"img-fuild mb-4\" src=\"http:\/\/techmasterdemexico.com\/wp-content\/uploads\/Precios_rugosimetro-portatil-sj-220.png\">\n<\/div>\n<div class=\"col-lg-6\">\n<img decoding=\"async\" class=\"img-fuild mb-4\" src=\"http:\/\/techmasterdemexico.com\/wp-content\/uploads\/aplicacion-2.png\">\n<\/div>\n<div class=\"col-lg-6\">\n<img decoding=\"async\" class=\"img-fuild mb-2\" src=\"http:\/\/techmasterdemexico.com\/wp-content\/uploads\/SJ-220_aplicacion.png\"><\/p>\n<p style=\"color: #F87601;\"><i>Unidad motora est\u00e1ndar<br \/>Longitud de medici\u00f3n 16cm<\/i><\/p>\n<\/div>\n<\/div>\n<div class=\"row\">\n<div class=\"col-lg-12 text-center\">\n<h1 style=\"text-align: center; color: #F87601;\"><strong><i>Rugos\u00edmetro Port\u00e1til<br \/>Surftest SJ-220<\/i><\/strong><\/h1>\n<h3>Medidor de rugosidad superficial compacto<br \/>y de gran versatilidad, que se puede transportar<br \/> a cualquier \u00e1rea de su Smart Factory<\/h3>\n<h2>\u00a1Con\u00e9ctalo a tu dispositivo inteligente!<\/h2>\n<\/div>\n<div class=\"col-lg-4 text-center\">\n<img decoding=\"async\" class=\"img-fuild mb-4\" src=\"http:\/\/techmasterdemexico.com\/wp-content\/uploads\/SJ-220-1.png\">\n<\/div>\n<div class=\"col-lg-8 text-center\">\n<img decoding=\"async\" class=\"img-fuild mb-4\" src=\"http:\/\/techmasterdemexico.com\/wp-content\/uploads\/SJ-220-2.png\">\n<\/div>\n<div class=\"col-lg-12 text-center\">\n<p style=\"color: #F87601;\"><i>Unidad de U-WAVE-TIB<\/i><\/p>\n<p><img decoding=\"async\" class=\"img-fuild mb-4\" src=\"http:\/\/techmasterdemexico.com\/wp-content\/uploads\/SJ-220_Unidad-de-U-WAVE-TIB.png\"><\/p>\n<p style=\"color: #F87601;\"><i>Pantalla m\u00e1s grande y t\u00e1ctil<\/i><\/p>\n<p><img decoding=\"async\" class=\"img-fuild mb-4\" src=\"http:\/\/techmasterdemexico.com\/wp-content\/uploads\/SJ-220_pantalla-mas-grande-y-tactil.png\">\n<\/div>\n<div class=\"col-lg-12 text-center\">\n<p style=\"color: #FFF; witdh: 100%; padding: 5px; border-radius: 20px; background: #F87601;\">Aplicaci\u00f3n<\/p>\n<\/div>\n<div class=\"col-lg-1\">\n<img decoding=\"async\" class=\"img-fuild mb-4\" src=\"http:\/\/techmasterdemexico.com\/wp-content\/uploads\/SJ-220_SJ-App.png\">\n<\/div>\n<div class=\"col-lg-10 offset-lg-1\">\n<h3><i>Aplicaci\u00f3n dedicada para smartphones<br \/>&#8220;SJ-App&#8221;<\/i><\/h3>\n<\/div>\n<div class=\"col-lg-12\">\n<p><i>Android 12 o posterior, compatible con Bluetooth 5.0 (solo Android)<\/i><\/p>\n<\/div>\n<div class=\"col-lg-12 text-center\">\n<p style=\"color: #FFF; witdh: 100%; padding: 5px; border-radius: 20px; background: #F87601;\">Software<\/p>\n<\/div>\n<div class=\"col-lg-1\">\n<img decoding=\"async\" class=\"img-fuild mb-4\" src=\"http:\/\/techmasterdemexico.com\/wp-content\/uploads\/SJ-220_SJ-Software.png\">\n<\/div>\n<div class=\"col-lg-10 offset-lg-1\">\n<h3><i>Software vinculado a PC <br \/>&#8220;SJ-Communication-Tool&#8221;<\/i><\/h3>\n<\/div>\n<div class=\"col-lg-12\">\n<p><i>Windows 10\/11, compatible con Bluetooth 5.0 (solo Windows)<\/i><\/p>\n<\/div>\n<\/div>\n<\/div>\n<\/div>\n<\/div>\n<style>\np{\nfont-size: 19px;\n}\n<\/style>\n","protected":false},"excerpt":{"rendered":"<p>&nbsp; Aprovecha la promoci\u00f3n de primavera de Mitutoyo Rugos\u00edmetro Port\u00e1tilSJ-220 &nbsp; Operaci\u00f3n intuitiva y comunicaci\u00f3nsmart en el control de calidad Presentamos el totalmente nuevo SJ-220 Transmisi\u00f3n inal\u00e1mbrica de datos de medici\u00f3n a alta velocidad. Funciones de comunicaci\u00f3n significativamente reforzadas. Excelente portabilidad y facilidad de uso. Incorpora una pantalla t\u00e1ctil para operaci\u00f3n intuitiva. Equipado con una [&hellip;]<\/p>\n","protected":false},"author":1,"featured_media":0,"parent":7972,"menu_order":0,"comment_status":"closed","ping_status":"closed","template":"template-nosidebar.php","meta":{"_acf_changed":false,"footnotes":""},"class_list":["post-22767","page","type-page","status-publish","hentry"],"acf":[],"yoast_head":"<!-- This site is optimized with the Yoast SEO plugin v27.2 - https:\/\/yoast.com\/product\/yoast-seo-wordpress\/ -->\n<title>Promocion de primavera Rugos\u00edmetro Port\u00e1til SJ-220 - Techmaster de Mexico<\/title>\n<meta name=\"robots\" content=\"index, follow, max-snippet:-1, max-image-preview:large, max-video-preview:-1\" \/>\n<link rel=\"canonical\" href=\"https:\/\/techmasterdemexico.com\/en\/promociones\/promocion-de-primavera-rugosimetro-portatil-sj-220\/\" \/>\n<meta property=\"og:locale\" content=\"en_US\" \/>\n<meta property=\"og:type\" content=\"article\" \/>\n<meta property=\"og:title\" content=\"Promocion de primavera Rugos\u00edmetro Port\u00e1til SJ-220 - Techmaster de Mexico\" \/>\n<meta property=\"og:description\" content=\"&nbsp; Aprovecha la promoci\u00f3n de primavera de Mitutoyo Rugos\u00edmetro Port\u00e1tilSJ-220 &nbsp; Operaci\u00f3n intuitiva y comunicaci\u00f3nsmart en el control de calidad Presentamos el totalmente nuevo SJ-220 Transmisi\u00f3n inal\u00e1mbrica de datos de medici\u00f3n a alta velocidad. Funciones de comunicaci\u00f3n significativamente reforzadas. Excelente portabilidad y facilidad de uso. Incorpora una pantalla t\u00e1ctil para operaci\u00f3n intuitiva. Equipado con una [&hellip;]\" \/>\n<meta property=\"og:url\" content=\"https:\/\/techmasterdemexico.com\/en\/promociones\/promocion-de-primavera-rugosimetro-portatil-sj-220\/\" \/>\n<meta property=\"og:site_name\" content=\"Techmaster de Mexico\" \/>\n<meta property=\"article:modified_time\" content=\"2025-05-09T22:44:07+00:00\" \/>\n<meta property=\"og:image\" content=\"http:\/\/techmasterdemexico.com\/wp-content\/uploads\/banner-categorias-rugosimetro-portatil-sj-220.png\" \/>\n<meta name=\"twitter:card\" content=\"summary_large_image\" \/>\n<meta name=\"twitter:label1\" content=\"Est. reading time\" \/>\n\t<meta name=\"twitter:data1\" content=\"3 minutes\" \/>\n<script type=\"application\/ld+json\" class=\"yoast-schema-graph\">{\"@context\":\"https:\/\/schema.org\",\"@graph\":[{\"@type\":\"WebPage\",\"@id\":\"https:\/\/techmasterdemexico.com\/en\/promociones\/promocion-de-primavera-rugosimetro-portatil-sj-220\/\",\"url\":\"https:\/\/techmasterdemexico.com\/en\/promociones\/promocion-de-primavera-rugosimetro-portatil-sj-220\/\",\"name\":\"Promocion de primavera Rugos\u00edmetro Port\u00e1til SJ-220 - Techmaster de Mexico\",\"isPartOf\":{\"@id\":\"https:\/\/techmasterdemexico.com\/#website\"},\"primaryImageOfPage\":{\"@id\":\"https:\/\/techmasterdemexico.com\/en\/promociones\/promocion-de-primavera-rugosimetro-portatil-sj-220\/#primaryimage\"},\"image\":{\"@id\":\"https:\/\/techmasterdemexico.com\/en\/promociones\/promocion-de-primavera-rugosimetro-portatil-sj-220\/#primaryimage\"},\"thumbnailUrl\":\"http:\/\/techmasterdemexico.com\/wp-content\/uploads\/banner-categorias-rugosimetro-portatil-sj-220.png\",\"datePublished\":\"2025-05-08T00:14:31+00:00\",\"dateModified\":\"2025-05-09T22:44:07+00:00\",\"breadcrumb\":{\"@id\":\"https:\/\/techmasterdemexico.com\/en\/promociones\/promocion-de-primavera-rugosimetro-portatil-sj-220\/#breadcrumb\"},\"inLanguage\":\"en-US\",\"potentialAction\":[{\"@type\":\"ReadAction\",\"target\":[\"https:\/\/techmasterdemexico.com\/en\/promociones\/promocion-de-primavera-rugosimetro-portatil-sj-220\/\"]}]},{\"@type\":\"ImageObject\",\"inLanguage\":\"en-US\",\"@id\":\"https:\/\/techmasterdemexico.com\/en\/promociones\/promocion-de-primavera-rugosimetro-portatil-sj-220\/#primaryimage\",\"url\":\"http:\/\/techmasterdemexico.com\/wp-content\/uploads\/banner-categorias-rugosimetro-portatil-sj-220.png\",\"contentUrl\":\"http:\/\/techmasterdemexico.com\/wp-content\/uploads\/banner-categorias-rugosimetro-portatil-sj-220.png\"},{\"@type\":\"BreadcrumbList\",\"@id\":\"https:\/\/techmasterdemexico.com\/en\/promociones\/promocion-de-primavera-rugosimetro-portatil-sj-220\/#breadcrumb\",\"itemListElement\":[{\"@type\":\"ListItem\",\"position\":1,\"name\":\"Portada\",\"item\":\"https:\/\/techmasterdemexico.com\/\"},{\"@type\":\"ListItem\",\"position\":2,\"name\":\"Promociones\",\"item\":\"https:\/\/techmasterdemexico.com\/promociones\/\"},{\"@type\":\"ListItem\",\"position\":3,\"name\":\"Promocion de primavera Rugos\u00edmetro Port\u00e1til SJ-220\"}]},{\"@type\":\"WebSite\",\"@id\":\"https:\/\/techmasterdemexico.com\/#website\",\"url\":\"https:\/\/techmasterdemexico.com\/\",\"name\":\"Techmaster de Mexico\",\"description\":\"\",\"potentialAction\":[{\"@type\":\"SearchAction\",\"target\":{\"@type\":\"EntryPoint\",\"urlTemplate\":\"https:\/\/techmasterdemexico.com\/?s={search_term_string}\"},\"query-input\":{\"@type\":\"PropertyValueSpecification\",\"valueRequired\":true,\"valueName\":\"search_term_string\"}}],\"inLanguage\":\"en-US\"}]}<\/script>\n<!-- \/ Yoast SEO plugin. -->","yoast_head_json":{"title":"Promocion de primavera Rugos\u00edmetro Port\u00e1til SJ-220 - Techmaster de Mexico","robots":{"index":"index","follow":"follow","max-snippet":"max-snippet:-1","max-image-preview":"max-image-preview:large","max-video-preview":"max-video-preview:-1"},"canonical":"https:\/\/techmasterdemexico.com\/en\/promociones\/promocion-de-primavera-rugosimetro-portatil-sj-220\/","og_locale":"en_US","og_type":"article","og_title":"Promocion de primavera Rugos\u00edmetro Port\u00e1til SJ-220 - Techmaster de Mexico","og_description":"&nbsp; Aprovecha la promoci\u00f3n de primavera de Mitutoyo Rugos\u00edmetro Port\u00e1tilSJ-220 &nbsp; Operaci\u00f3n intuitiva y comunicaci\u00f3nsmart en el control de calidad Presentamos el totalmente nuevo SJ-220 Transmisi\u00f3n inal\u00e1mbrica de datos de medici\u00f3n a alta velocidad. Funciones de comunicaci\u00f3n significativamente reforzadas. Excelente portabilidad y facilidad de uso. Incorpora una pantalla t\u00e1ctil para operaci\u00f3n intuitiva. Equipado con una [&hellip;]","og_url":"https:\/\/techmasterdemexico.com\/en\/promociones\/promocion-de-primavera-rugosimetro-portatil-sj-220\/","og_site_name":"Techmaster de Mexico","article_modified_time":"2025-05-09T22:44:07+00:00","og_image":[{"url":"http:\/\/techmasterdemexico.com\/wp-content\/uploads\/banner-categorias-rugosimetro-portatil-sj-220.png","type":"","width":"","height":""}],"twitter_card":"summary_large_image","twitter_misc":{"Est. reading time":"3 minutes"},"schema":{"@context":"https:\/\/schema.org","@graph":[{"@type":"WebPage","@id":"https:\/\/techmasterdemexico.com\/en\/promociones\/promocion-de-primavera-rugosimetro-portatil-sj-220\/","url":"https:\/\/techmasterdemexico.com\/en\/promociones\/promocion-de-primavera-rugosimetro-portatil-sj-220\/","name":"Promocion de primavera Rugos\u00edmetro Port\u00e1til SJ-220 - Techmaster de Mexico","isPartOf":{"@id":"https:\/\/techmasterdemexico.com\/#website"},"primaryImageOfPage":{"@id":"https:\/\/techmasterdemexico.com\/en\/promociones\/promocion-de-primavera-rugosimetro-portatil-sj-220\/#primaryimage"},"image":{"@id":"https:\/\/techmasterdemexico.com\/en\/promociones\/promocion-de-primavera-rugosimetro-portatil-sj-220\/#primaryimage"},"thumbnailUrl":"http:\/\/techmasterdemexico.com\/wp-content\/uploads\/banner-categorias-rugosimetro-portatil-sj-220.png","datePublished":"2025-05-08T00:14:31+00:00","dateModified":"2025-05-09T22:44:07+00:00","breadcrumb":{"@id":"https:\/\/techmasterdemexico.com\/en\/promociones\/promocion-de-primavera-rugosimetro-portatil-sj-220\/#breadcrumb"},"inLanguage":"en-US","potentialAction":[{"@type":"ReadAction","target":["https:\/\/techmasterdemexico.com\/en\/promociones\/promocion-de-primavera-rugosimetro-portatil-sj-220\/"]}]},{"@type":"ImageObject","inLanguage":"en-US","@id":"https:\/\/techmasterdemexico.com\/en\/promociones\/promocion-de-primavera-rugosimetro-portatil-sj-220\/#primaryimage","url":"http:\/\/techmasterdemexico.com\/wp-content\/uploads\/banner-categorias-rugosimetro-portatil-sj-220.png","contentUrl":"http:\/\/techmasterdemexico.com\/wp-content\/uploads\/banner-categorias-rugosimetro-portatil-sj-220.png"},{"@type":"BreadcrumbList","@id":"https:\/\/techmasterdemexico.com\/en\/promociones\/promocion-de-primavera-rugosimetro-portatil-sj-220\/#breadcrumb","itemListElement":[{"@type":"ListItem","position":1,"name":"Portada","item":"https:\/\/techmasterdemexico.com\/"},{"@type":"ListItem","position":2,"name":"Promociones","item":"https:\/\/techmasterdemexico.com\/promociones\/"},{"@type":"ListItem","position":3,"name":"Promocion de primavera Rugos\u00edmetro Port\u00e1til SJ-220"}]},{"@type":"WebSite","@id":"https:\/\/techmasterdemexico.com\/#website","url":"https:\/\/techmasterdemexico.com\/","name":"Techmaster de Mexico","description":"","potentialAction":[{"@type":"SearchAction","target":{"@type":"EntryPoint","urlTemplate":"https:\/\/techmasterdemexico.com\/?s={search_term_string}"},"query-input":{"@type":"PropertyValueSpecification","valueRequired":true,"valueName":"search_term_string"}}],"inLanguage":"en-US"}]}},"_links":{"self":[{"href":"https:\/\/techmasterdemexico.com\/en\/wp-json\/wp\/v2\/pages\/22767","targetHints":{"allow":["GET"]}}],"collection":[{"href":"https:\/\/techmasterdemexico.com\/en\/wp-json\/wp\/v2\/pages"}],"about":[{"href":"https:\/\/techmasterdemexico.com\/en\/wp-json\/wp\/v2\/types\/page"}],"author":[{"embeddable":true,"href":"https:\/\/techmasterdemexico.com\/en\/wp-json\/wp\/v2\/users\/1"}],"replies":[{"embeddable":true,"href":"https:\/\/techmasterdemexico.com\/en\/wp-json\/wp\/v2\/comments?post=22767"}],"version-history":[{"count":3,"href":"https:\/\/techmasterdemexico.com\/en\/wp-json\/wp\/v2\/pages\/22767\/revisions"}],"predecessor-version":[{"id":22802,"href":"https:\/\/techmasterdemexico.com\/en\/wp-json\/wp\/v2\/pages\/22767\/revisions\/22802"}],"up":[{"embeddable":true,"href":"https:\/\/techmasterdemexico.com\/en\/wp-json\/wp\/v2\/pages\/7972"}],"wp:attachment":[{"href":"https:\/\/techmasterdemexico.com\/en\/wp-json\/wp\/v2\/media?parent=22767"}],"curies":[{"name":"wp","href":"https:\/\/api.w.org\/{rel}","templated":true}]}}