{"id":22759,"date":"2025-05-07T13:47:07","date_gmt":"2025-05-07T20:47:07","guid":{"rendered":"https:\/\/techmasterdemexico.com\/?page_id=22759"},"modified":"2025-05-07T15:44:49","modified_gmt":"2025-05-07T22:44:49","slug":"promocion-de-primavera-micrometros-digimatic-con-salida-de-datos","status":"publish","type":"page","link":"https:\/\/techmasterdemexico.com\/en\/promociones\/promocion-de-primavera-micrometros-digimatic-con-salida-de-datos\/","title":{"rendered":"Promocion de primavera Micr\u00f3metros Digimatic Con salida de datos"},"content":{"rendered":"<p>&nbsp;<\/p>\n<div style=\"margin: auto;\">\n<h1 style=\"text-align: center;\"><\/h1>\n<p><img decoding=\"async\" class=\"aligncenter img-fluid\" style=\"margin-bottom: 50px; width: 100%;\" src=\"http:\/\/techmasterdemexico.com\/wp-content\/uploads\/banner-categorias-micrometros-digimatic-con-salida-de-datos.png\" \/><\/p>\n<div style=\"width: 100%; margin: auto;\">\n<p class=\"mb-4\" style=\"text-align: center; font-size: 30px;\">Aprovecha la promoci\u00f3n de primavera de Mitutoyo<\/p>\n<h1 style=\"text-align: center;\"><strong><i>Micr\u00f3metros Digimatic<br \/>Con salida de datos<\/i><\/strong><\/h1>\n<p>&nbsp;<\/p>\n<div class=\"container\">\n<div class=\"row\">\n<div class=\"col-lg-12 text-center\">\n<h3><i>Instrumentos digitales con transferencia de datos de medici\u00f3n<\/i><\/h3>\n<p style=\"text-align: left;\" class=\"mb-0\"><i class=\"fa fa-check\" aria-hidden=\"true\" style=\"color: #F87601;\"><\/i> La pantalla digital elimina errores de interpretaci\u00f3n y mejora la exactitud de cada medici\u00f3n.<\/p>\n<p style=\"text-align: left;\" class=\"mb-0\"><i class=\"fa fa-check\" aria-hidden=\"true\" style=\"color: #F87601;\"><\/i> Lecturas instant\u00e1neas sin necesidad de convertir escalas, agilizando los procesos de inspeccion.<\/p>\n<p style=\"text-align: left;\" class=\"mb-0\"><i class=\"fa fa-check\" aria-hidden=\"true\" style=\"color: #F87601;\"><\/i> Modelos con salida de datos permiten integraci\u00f3n con software para analisis y trazabilidad.<\/p>\n<p style=\"text-align: left;\" class=\"mb-5\"><i class=\"fa fa-check\" aria-hidden=\"true\" style=\"color: #F87601;\"><\/i> Dise\u00f1ados con materiales resistentes y tecnolog\u00eda avanzada para un rendimiento \u00f3ptimo en el tiempo<\/p>\n<\/div>\n<\/div>\n<div class=\"row\">\n<div class=\"col-lg-12 text-center\">\n<img decoding=\"async\" class=\"img-fuild mb-4\" src=\"http:\/\/techmasterdemexico.com\/wp-content\/uploads\/micrometros-digimatic.png\"><\/p>\n<p class=\"mb-4\" style=\"text-align: left; color: #F87601;\"><i>Micr\u00f3metros Digitales<\/i><\/p>\n<p><img decoding=\"async\" class=\"img-fuild mb-4\" src=\"http:\/\/techmasterdemexico.com\/wp-content\/uploads\/Precios_micrometros-digimatic.png\">\n<\/div>\n<div class=\"col-lg-3\">\n<p class=\"mb-4\" style=\"text-align: left; color: #F87601;\"><i>Accesorios para<br \/>transmisi\u00f3n de datos<\/i><\/p>\n<\/div>\n<div class=\"col-lg-9 text-center\">\n<img decoding=\"async\" class=\"img-fuild mb-4\" src=\"http:\/\/techmasterdemexico.com\/wp-content\/uploads\/accesorios-para-transmison-de-datos.png\">\n<\/div>\n<\/div>\n<\/div>\n<\/div>\n<\/div>\n<style>\np{\nfont-size: 19px;\n}\n<\/style>\n","protected":false},"excerpt":{"rendered":"<p>&nbsp; Aprovecha la promoci\u00f3n de primavera de Mitutoyo Micr\u00f3metros DigimaticCon salida de datos &nbsp; Instrumentos digitales con transferencia de datos de medici\u00f3n La pantalla digital elimina errores de interpretaci\u00f3n y mejora la exactitud de cada medici\u00f3n. Lecturas instant\u00e1neas sin necesidad de convertir escalas, agilizando los procesos de inspeccion. Modelos con salida de datos permiten integraci\u00f3n [&hellip;]<\/p>\n","protected":false},"author":1,"featured_media":0,"parent":7972,"menu_order":0,"comment_status":"closed","ping_status":"closed","template":"template-nosidebar.php","meta":{"_acf_changed":false,"footnotes":""},"class_list":["post-22759","page","type-page","status-publish","hentry"],"acf":[],"yoast_head":"<!-- This site is optimized with the Yoast SEO plugin v27.4 - https:\/\/yoast.com\/product\/yoast-seo-wordpress\/ -->\n<title>Promocion de primavera Micr\u00f3metros Digimatic Con salida de datos - Techmaster de Mexico<\/title>\n<meta name=\"robots\" content=\"index, follow, max-snippet:-1, max-image-preview:large, max-video-preview:-1\" \/>\n<link rel=\"canonical\" href=\"https:\/\/techmasterdemexico.com\/promociones\/promocion-de-primavera-micrometros-digimatic-con-salida-de-datos\/\" \/>\n<meta property=\"og:locale\" content=\"en_US\" \/>\n<meta property=\"og:type\" content=\"article\" \/>\n<meta property=\"og:title\" content=\"Promocion de primavera Micr\u00f3metros Digimatic Con salida de datos - Techmaster de Mexico\" \/>\n<meta property=\"og:description\" content=\"&nbsp; Aprovecha la promoci\u00f3n de primavera de Mitutoyo Micr\u00f3metros DigimaticCon salida de datos &nbsp; Instrumentos digitales con transferencia de datos de medici\u00f3n La pantalla digital elimina errores de interpretaci\u00f3n y mejora la exactitud de cada medici\u00f3n. Lecturas instant\u00e1neas sin necesidad de convertir escalas, agilizando los procesos de inspeccion. Modelos con salida de datos permiten integraci\u00f3n [&hellip;]\" \/>\n<meta property=\"og:url\" content=\"https:\/\/techmasterdemexico.com\/promociones\/promocion-de-primavera-micrometros-digimatic-con-salida-de-datos\/\" \/>\n<meta property=\"og:site_name\" content=\"Techmaster de Mexico\" \/>\n<meta property=\"article:modified_time\" content=\"2025-05-07T22:44:49+00:00\" \/>\n<meta property=\"og:image\" content=\"http:\/\/techmasterdemexico.com\/wp-content\/uploads\/banner-categorias-micrometros-digimatic-con-salida-de-datos.png\" \/>\n<meta name=\"twitter:card\" content=\"summary_large_image\" \/>\n<meta name=\"twitter:label1\" content=\"Est. reading time\" \/>\n\t<meta name=\"twitter:data1\" content=\"2 minutes\" \/>\n<script type=\"application\/ld+json\" class=\"yoast-schema-graph\">{\"@context\":\"https:\\\/\\\/schema.org\",\"@graph\":[{\"@type\":\"WebPage\",\"@id\":\"https:\\\/\\\/techmasterdemexico.com\\\/promociones\\\/promocion-de-primavera-micrometros-digimatic-con-salida-de-datos\\\/\",\"url\":\"https:\\\/\\\/techmasterdemexico.com\\\/promociones\\\/promocion-de-primavera-micrometros-digimatic-con-salida-de-datos\\\/\",\"name\":\"Promocion de primavera Micr\u00f3metros Digimatic Con salida de datos - Techmaster de Mexico\",\"isPartOf\":{\"@id\":\"https:\\\/\\\/techmasterdemexico.com\\\/#website\"},\"primaryImageOfPage\":{\"@id\":\"https:\\\/\\\/techmasterdemexico.com\\\/promociones\\\/promocion-de-primavera-micrometros-digimatic-con-salida-de-datos\\\/#primaryimage\"},\"image\":{\"@id\":\"https:\\\/\\\/techmasterdemexico.com\\\/promociones\\\/promocion-de-primavera-micrometros-digimatic-con-salida-de-datos\\\/#primaryimage\"},\"thumbnailUrl\":\"http:\\\/\\\/techmasterdemexico.com\\\/wp-content\\\/uploads\\\/banner-categorias-micrometros-digimatic-con-salida-de-datos.png\",\"datePublished\":\"2025-05-07T20:47:07+00:00\",\"dateModified\":\"2025-05-07T22:44:49+00:00\",\"breadcrumb\":{\"@id\":\"https:\\\/\\\/techmasterdemexico.com\\\/promociones\\\/promocion-de-primavera-micrometros-digimatic-con-salida-de-datos\\\/#breadcrumb\"},\"inLanguage\":\"en-US\",\"potentialAction\":[{\"@type\":\"ReadAction\",\"target\":[\"https:\\\/\\\/techmasterdemexico.com\\\/promociones\\\/promocion-de-primavera-micrometros-digimatic-con-salida-de-datos\\\/\"]}]},{\"@type\":\"ImageObject\",\"inLanguage\":\"en-US\",\"@id\":\"https:\\\/\\\/techmasterdemexico.com\\\/promociones\\\/promocion-de-primavera-micrometros-digimatic-con-salida-de-datos\\\/#primaryimage\",\"url\":\"http:\\\/\\\/techmasterdemexico.com\\\/wp-content\\\/uploads\\\/banner-categorias-micrometros-digimatic-con-salida-de-datos.png\",\"contentUrl\":\"http:\\\/\\\/techmasterdemexico.com\\\/wp-content\\\/uploads\\\/banner-categorias-micrometros-digimatic-con-salida-de-datos.png\"},{\"@type\":\"BreadcrumbList\",\"@id\":\"https:\\\/\\\/techmasterdemexico.com\\\/promociones\\\/promocion-de-primavera-micrometros-digimatic-con-salida-de-datos\\\/#breadcrumb\",\"itemListElement\":[{\"@type\":\"ListItem\",\"position\":1,\"name\":\"Portada\",\"item\":\"https:\\\/\\\/techmasterdemexico.com\\\/\"},{\"@type\":\"ListItem\",\"position\":2,\"name\":\"Promociones\",\"item\":\"https:\\\/\\\/techmasterdemexico.com\\\/promociones\\\/\"},{\"@type\":\"ListItem\",\"position\":3,\"name\":\"Promocion de primavera Micr\u00f3metros Digimatic Con salida de datos\"}]},{\"@type\":\"WebSite\",\"@id\":\"https:\\\/\\\/techmasterdemexico.com\\\/#website\",\"url\":\"https:\\\/\\\/techmasterdemexico.com\\\/\",\"name\":\"Techmaster de Mexico\",\"description\":\"\",\"potentialAction\":[{\"@type\":\"SearchAction\",\"target\":{\"@type\":\"EntryPoint\",\"urlTemplate\":\"https:\\\/\\\/techmasterdemexico.com\\\/?s={search_term_string}\"},\"query-input\":{\"@type\":\"PropertyValueSpecification\",\"valueRequired\":true,\"valueName\":\"search_term_string\"}}],\"inLanguage\":\"en-US\"}]}<\/script>\n<!-- \/ Yoast SEO plugin. -->","yoast_head_json":{"title":"Promocion de primavera Micr\u00f3metros Digimatic Con salida de datos - Techmaster de Mexico","robots":{"index":"index","follow":"follow","max-snippet":"max-snippet:-1","max-image-preview":"max-image-preview:large","max-video-preview":"max-video-preview:-1"},"canonical":"https:\/\/techmasterdemexico.com\/promociones\/promocion-de-primavera-micrometros-digimatic-con-salida-de-datos\/","og_locale":"en_US","og_type":"article","og_title":"Promocion de primavera Micr\u00f3metros Digimatic Con salida de datos - Techmaster de Mexico","og_description":"&nbsp; Aprovecha la promoci\u00f3n de primavera de Mitutoyo Micr\u00f3metros DigimaticCon salida de datos &nbsp; Instrumentos digitales con transferencia de datos de medici\u00f3n La pantalla digital elimina errores de interpretaci\u00f3n y mejora la exactitud de cada medici\u00f3n. Lecturas instant\u00e1neas sin necesidad de convertir escalas, agilizando los procesos de inspeccion. Modelos con salida de datos permiten integraci\u00f3n [&hellip;]","og_url":"https:\/\/techmasterdemexico.com\/promociones\/promocion-de-primavera-micrometros-digimatic-con-salida-de-datos\/","og_site_name":"Techmaster de Mexico","article_modified_time":"2025-05-07T22:44:49+00:00","og_image":[{"url":"http:\/\/techmasterdemexico.com\/wp-content\/uploads\/banner-categorias-micrometros-digimatic-con-salida-de-datos.png","type":"","width":"","height":""}],"twitter_card":"summary_large_image","twitter_misc":{"Est. reading time":"2 minutes"},"schema":{"@context":"https:\/\/schema.org","@graph":[{"@type":"WebPage","@id":"https:\/\/techmasterdemexico.com\/promociones\/promocion-de-primavera-micrometros-digimatic-con-salida-de-datos\/","url":"https:\/\/techmasterdemexico.com\/promociones\/promocion-de-primavera-micrometros-digimatic-con-salida-de-datos\/","name":"Promocion de primavera Micr\u00f3metros Digimatic Con salida de datos - Techmaster de Mexico","isPartOf":{"@id":"https:\/\/techmasterdemexico.com\/#website"},"primaryImageOfPage":{"@id":"https:\/\/techmasterdemexico.com\/promociones\/promocion-de-primavera-micrometros-digimatic-con-salida-de-datos\/#primaryimage"},"image":{"@id":"https:\/\/techmasterdemexico.com\/promociones\/promocion-de-primavera-micrometros-digimatic-con-salida-de-datos\/#primaryimage"},"thumbnailUrl":"http:\/\/techmasterdemexico.com\/wp-content\/uploads\/banner-categorias-micrometros-digimatic-con-salida-de-datos.png","datePublished":"2025-05-07T20:47:07+00:00","dateModified":"2025-05-07T22:44:49+00:00","breadcrumb":{"@id":"https:\/\/techmasterdemexico.com\/promociones\/promocion-de-primavera-micrometros-digimatic-con-salida-de-datos\/#breadcrumb"},"inLanguage":"en-US","potentialAction":[{"@type":"ReadAction","target":["https:\/\/techmasterdemexico.com\/promociones\/promocion-de-primavera-micrometros-digimatic-con-salida-de-datos\/"]}]},{"@type":"ImageObject","inLanguage":"en-US","@id":"https:\/\/techmasterdemexico.com\/promociones\/promocion-de-primavera-micrometros-digimatic-con-salida-de-datos\/#primaryimage","url":"http:\/\/techmasterdemexico.com\/wp-content\/uploads\/banner-categorias-micrometros-digimatic-con-salida-de-datos.png","contentUrl":"http:\/\/techmasterdemexico.com\/wp-content\/uploads\/banner-categorias-micrometros-digimatic-con-salida-de-datos.png"},{"@type":"BreadcrumbList","@id":"https:\/\/techmasterdemexico.com\/promociones\/promocion-de-primavera-micrometros-digimatic-con-salida-de-datos\/#breadcrumb","itemListElement":[{"@type":"ListItem","position":1,"name":"Portada","item":"https:\/\/techmasterdemexico.com\/"},{"@type":"ListItem","position":2,"name":"Promociones","item":"https:\/\/techmasterdemexico.com\/promociones\/"},{"@type":"ListItem","position":3,"name":"Promocion de primavera Micr\u00f3metros Digimatic Con salida de datos"}]},{"@type":"WebSite","@id":"https:\/\/techmasterdemexico.com\/#website","url":"https:\/\/techmasterdemexico.com\/","name":"Techmaster de Mexico","description":"","potentialAction":[{"@type":"SearchAction","target":{"@type":"EntryPoint","urlTemplate":"https:\/\/techmasterdemexico.com\/?s={search_term_string}"},"query-input":{"@type":"PropertyValueSpecification","valueRequired":true,"valueName":"search_term_string"}}],"inLanguage":"en-US"}]}},"_links":{"self":[{"href":"https:\/\/techmasterdemexico.com\/en\/wp-json\/wp\/v2\/pages\/22759","targetHints":{"allow":["GET"]}}],"collection":[{"href":"https:\/\/techmasterdemexico.com\/en\/wp-json\/wp\/v2\/pages"}],"about":[{"href":"https:\/\/techmasterdemexico.com\/en\/wp-json\/wp\/v2\/types\/page"}],"author":[{"embeddable":true,"href":"https:\/\/techmasterdemexico.com\/en\/wp-json\/wp\/v2\/users\/1"}],"replies":[{"embeddable":true,"href":"https:\/\/techmasterdemexico.com\/en\/wp-json\/wp\/v2\/comments?post=22759"}],"version-history":[{"count":2,"href":"https:\/\/techmasterdemexico.com\/en\/wp-json\/wp\/v2\/pages\/22759\/revisions"}],"predecessor-version":[{"id":22783,"href":"https:\/\/techmasterdemexico.com\/en\/wp-json\/wp\/v2\/pages\/22759\/revisions\/22783"}],"up":[{"embeddable":true,"href":"https:\/\/techmasterdemexico.com\/en\/wp-json\/wp\/v2\/pages\/7972"}],"wp:attachment":[{"href":"https:\/\/techmasterdemexico.com\/en\/wp-json\/wp\/v2\/media?parent=22759"}],"curies":[{"name":"wp","href":"https:\/\/api.w.org\/{rel}","templated":true}]}}