{"id":22754,"date":"2025-05-07T13:07:44","date_gmt":"2025-05-07T20:07:44","guid":{"rendered":"https:\/\/techmasterdemexico.com\/?page_id=22754"},"modified":"2025-05-07T15:46:59","modified_gmt":"2025-05-07T22:46:59","slug":"promocion-de-verano-micrometros-analogos-de-exteriores","status":"publish","type":"page","link":"https:\/\/techmasterdemexico.com\/en\/promociones\/promocion-de-verano-micrometros-analogos-de-exteriores\/","title":{"rendered":"Promocion de verano Micr\u00f3metros an\u00e1logos de exteriores"},"content":{"rendered":"<p>&nbsp;<\/p>\n<div style=\"margin: auto;\">\n<h1 style=\"text-align: center;\"><\/h1>\n<p><img decoding=\"async\" class=\"aligncenter img-fluid\" style=\"margin-bottom: 50px; width: 100%;\" src=\"http:\/\/techmasterdemexico.com\/wp-content\/uploads\/banner-categorias-micrometros-analogos-de-exteriores.png\" \/><\/p>\n<div style=\"width: 100%; margin: auto;\">\n<p class=\"mb-4\" style=\"text-align: center; font-size: 30px;\">Aprovecha la promoci\u00f3n de primavera de Mitutoyo<\/p>\n<h1 style=\"text-align: center;\"><strong><i>Micr\u00f3metros an\u00e1logos de exteriores<\/i><\/strong><\/h1>\n<p>&nbsp;<\/p>\n<div class=\"container\">\n<div class=\"row\">\n<div class=\"col-lg-12 text-center\">\n<h3><i>Est\u00e1ndar de calidad que dio origen de nuestra excelencia en metrolog\u00eda<\/i><\/h3>\n<p style=\"text-align: left;\" class=\"mb-0\"><i class=\"fa fa-check\" aria-hidden=\"true\" style=\"color: #F87601;\"><\/i> Superficie de medici\u00f3n de carburo.<\/p>\n<p style=\"text-align: left;\" class=\"mb-0\"><i class=\"fa fa-check\" aria-hidden=\"true\" style=\"color: #F87601;\"><\/i> Equipado con trinquete para fuerza de medici\u00f3n constante y materiales de alta calidad que aseguran durabilidad.<\/p>\n<p style=\"text-align: left;\" class=\"mb-5\"><i class=\"fa fa-check\" aria-hidden=\"true\" style=\"color: #F87601;\"><\/i> Escala f\u00e1cil de leer para una interpretaci\u00f3n r\u00e1pida y exacta de los resultados.<\/p>\n<p class=\"mb-5\" style=\"color: #F87601;\"><i>\u00a1El origen de la confianza de los instrumentos de medici\u00f3n de la marca Mitutoyo!\u00a0<\/i><\/p>\n<\/div>\n<\/div>\n<div class=\"col-lg-12 text-center\">\n<img decoding=\"async\" class=\"img-fuild mb-4\" src=\"http:\/\/techmasterdemexico.com\/wp-content\/uploads\/Precios_micrometros-analogos-1.png\"><br \/>\n<img decoding=\"async\" class=\"img-fuild mb-4\" src=\"http:\/\/techmasterdemexico.com\/wp-content\/uploads\/Precios_micrometros-analogos-2.png\">\n<\/div>\n<\/div>\n<\/div>\n<\/div>\n<style>\np{\nfont-size: 19px;\n}\n<\/style>\n","protected":false},"excerpt":{"rendered":"<p>&nbsp; Aprovecha la promoci\u00f3n de primavera de Mitutoyo Micr\u00f3metros an\u00e1logos de exteriores &nbsp; Est\u00e1ndar de calidad que dio origen de nuestra excelencia en metrolog\u00eda Superficie de medici\u00f3n de carburo. Equipado con trinquete para fuerza de medici\u00f3n constante y materiales de alta calidad que aseguran durabilidad. Escala f\u00e1cil de leer para una interpretaci\u00f3n r\u00e1pida y exacta [&hellip;]<\/p>\n","protected":false},"author":1,"featured_media":0,"parent":7972,"menu_order":0,"comment_status":"closed","ping_status":"closed","template":"template-nosidebar.php","meta":{"_acf_changed":false,"footnotes":""},"class_list":["post-22754","page","type-page","status-publish","hentry"],"acf":[],"yoast_head":"<!-- This site is optimized with the Yoast SEO plugin v27.4 - https:\/\/yoast.com\/product\/yoast-seo-wordpress\/ -->\n<title>Promocion de verano Micr\u00f3metros an\u00e1logos de exteriores - Techmaster de Mexico<\/title>\n<meta name=\"robots\" content=\"index, follow, max-snippet:-1, max-image-preview:large, max-video-preview:-1\" \/>\n<link rel=\"canonical\" href=\"https:\/\/techmasterdemexico.com\/promociones\/promocion-de-verano-micrometros-analogos-de-exteriores\/\" \/>\n<meta property=\"og:locale\" content=\"en_US\" \/>\n<meta property=\"og:type\" content=\"article\" \/>\n<meta property=\"og:title\" content=\"Promocion de verano Micr\u00f3metros an\u00e1logos de exteriores - Techmaster de Mexico\" \/>\n<meta property=\"og:description\" content=\"&nbsp; Aprovecha la promoci\u00f3n de primavera de Mitutoyo Micr\u00f3metros an\u00e1logos de exteriores &nbsp; Est\u00e1ndar de calidad que dio origen de nuestra excelencia en metrolog\u00eda Superficie de medici\u00f3n de carburo. Equipado con trinquete para fuerza de medici\u00f3n constante y materiales de alta calidad que aseguran durabilidad. Escala f\u00e1cil de leer para una interpretaci\u00f3n r\u00e1pida y exacta [&hellip;]\" \/>\n<meta property=\"og:url\" content=\"https:\/\/techmasterdemexico.com\/promociones\/promocion-de-verano-micrometros-analogos-de-exteriores\/\" \/>\n<meta property=\"og:site_name\" content=\"Techmaster de Mexico\" \/>\n<meta property=\"article:modified_time\" content=\"2025-05-07T22:46:59+00:00\" \/>\n<meta property=\"og:image\" content=\"http:\/\/techmasterdemexico.com\/wp-content\/uploads\/banner-categorias-micrometros-analogos-de-exteriores.png\" \/>\n<meta name=\"twitter:card\" content=\"summary_large_image\" \/>\n<meta name=\"twitter:label1\" content=\"Est. reading time\" \/>\n\t<meta name=\"twitter:data1\" content=\"1 minute\" \/>\n<script type=\"application\/ld+json\" class=\"yoast-schema-graph\">{\"@context\":\"https:\\\/\\\/schema.org\",\"@graph\":[{\"@type\":\"WebPage\",\"@id\":\"https:\\\/\\\/techmasterdemexico.com\\\/promociones\\\/promocion-de-verano-micrometros-analogos-de-exteriores\\\/\",\"url\":\"https:\\\/\\\/techmasterdemexico.com\\\/promociones\\\/promocion-de-verano-micrometros-analogos-de-exteriores\\\/\",\"name\":\"Promocion de verano Micr\u00f3metros an\u00e1logos de exteriores - Techmaster de Mexico\",\"isPartOf\":{\"@id\":\"https:\\\/\\\/techmasterdemexico.com\\\/#website\"},\"primaryImageOfPage\":{\"@id\":\"https:\\\/\\\/techmasterdemexico.com\\\/promociones\\\/promocion-de-verano-micrometros-analogos-de-exteriores\\\/#primaryimage\"},\"image\":{\"@id\":\"https:\\\/\\\/techmasterdemexico.com\\\/promociones\\\/promocion-de-verano-micrometros-analogos-de-exteriores\\\/#primaryimage\"},\"thumbnailUrl\":\"http:\\\/\\\/techmasterdemexico.com\\\/wp-content\\\/uploads\\\/banner-categorias-micrometros-analogos-de-exteriores.png\",\"datePublished\":\"2025-05-07T20:07:44+00:00\",\"dateModified\":\"2025-05-07T22:46:59+00:00\",\"breadcrumb\":{\"@id\":\"https:\\\/\\\/techmasterdemexico.com\\\/promociones\\\/promocion-de-verano-micrometros-analogos-de-exteriores\\\/#breadcrumb\"},\"inLanguage\":\"en-US\",\"potentialAction\":[{\"@type\":\"ReadAction\",\"target\":[\"https:\\\/\\\/techmasterdemexico.com\\\/promociones\\\/promocion-de-verano-micrometros-analogos-de-exteriores\\\/\"]}]},{\"@type\":\"ImageObject\",\"inLanguage\":\"en-US\",\"@id\":\"https:\\\/\\\/techmasterdemexico.com\\\/promociones\\\/promocion-de-verano-micrometros-analogos-de-exteriores\\\/#primaryimage\",\"url\":\"http:\\\/\\\/techmasterdemexico.com\\\/wp-content\\\/uploads\\\/banner-categorias-micrometros-analogos-de-exteriores.png\",\"contentUrl\":\"http:\\\/\\\/techmasterdemexico.com\\\/wp-content\\\/uploads\\\/banner-categorias-micrometros-analogos-de-exteriores.png\"},{\"@type\":\"BreadcrumbList\",\"@id\":\"https:\\\/\\\/techmasterdemexico.com\\\/promociones\\\/promocion-de-verano-micrometros-analogos-de-exteriores\\\/#breadcrumb\",\"itemListElement\":[{\"@type\":\"ListItem\",\"position\":1,\"name\":\"Portada\",\"item\":\"https:\\\/\\\/techmasterdemexico.com\\\/\"},{\"@type\":\"ListItem\",\"position\":2,\"name\":\"Promociones\",\"item\":\"https:\\\/\\\/techmasterdemexico.com\\\/promociones\\\/\"},{\"@type\":\"ListItem\",\"position\":3,\"name\":\"Promocion de verano Micr\u00f3metros an\u00e1logos de exteriores\"}]},{\"@type\":\"WebSite\",\"@id\":\"https:\\\/\\\/techmasterdemexico.com\\\/#website\",\"url\":\"https:\\\/\\\/techmasterdemexico.com\\\/\",\"name\":\"Techmaster de Mexico\",\"description\":\"\",\"potentialAction\":[{\"@type\":\"SearchAction\",\"target\":{\"@type\":\"EntryPoint\",\"urlTemplate\":\"https:\\\/\\\/techmasterdemexico.com\\\/?s={search_term_string}\"},\"query-input\":{\"@type\":\"PropertyValueSpecification\",\"valueRequired\":true,\"valueName\":\"search_term_string\"}}],\"inLanguage\":\"en-US\"}]}<\/script>\n<!-- \/ Yoast SEO plugin. -->","yoast_head_json":{"title":"Promocion de verano Micr\u00f3metros an\u00e1logos de exteriores - Techmaster de Mexico","robots":{"index":"index","follow":"follow","max-snippet":"max-snippet:-1","max-image-preview":"max-image-preview:large","max-video-preview":"max-video-preview:-1"},"canonical":"https:\/\/techmasterdemexico.com\/promociones\/promocion-de-verano-micrometros-analogos-de-exteriores\/","og_locale":"en_US","og_type":"article","og_title":"Promocion de verano Micr\u00f3metros an\u00e1logos de exteriores - Techmaster de Mexico","og_description":"&nbsp; Aprovecha la promoci\u00f3n de primavera de Mitutoyo Micr\u00f3metros an\u00e1logos de exteriores &nbsp; Est\u00e1ndar de calidad que dio origen de nuestra excelencia en metrolog\u00eda Superficie de medici\u00f3n de carburo. Equipado con trinquete para fuerza de medici\u00f3n constante y materiales de alta calidad que aseguran durabilidad. Escala f\u00e1cil de leer para una interpretaci\u00f3n r\u00e1pida y exacta [&hellip;]","og_url":"https:\/\/techmasterdemexico.com\/promociones\/promocion-de-verano-micrometros-analogos-de-exteriores\/","og_site_name":"Techmaster de Mexico","article_modified_time":"2025-05-07T22:46:59+00:00","og_image":[{"url":"http:\/\/techmasterdemexico.com\/wp-content\/uploads\/banner-categorias-micrometros-analogos-de-exteriores.png","type":"","width":"","height":""}],"twitter_card":"summary_large_image","twitter_misc":{"Est. reading time":"1 minute"},"schema":{"@context":"https:\/\/schema.org","@graph":[{"@type":"WebPage","@id":"https:\/\/techmasterdemexico.com\/promociones\/promocion-de-verano-micrometros-analogos-de-exteriores\/","url":"https:\/\/techmasterdemexico.com\/promociones\/promocion-de-verano-micrometros-analogos-de-exteriores\/","name":"Promocion de verano Micr\u00f3metros an\u00e1logos de exteriores - Techmaster de Mexico","isPartOf":{"@id":"https:\/\/techmasterdemexico.com\/#website"},"primaryImageOfPage":{"@id":"https:\/\/techmasterdemexico.com\/promociones\/promocion-de-verano-micrometros-analogos-de-exteriores\/#primaryimage"},"image":{"@id":"https:\/\/techmasterdemexico.com\/promociones\/promocion-de-verano-micrometros-analogos-de-exteriores\/#primaryimage"},"thumbnailUrl":"http:\/\/techmasterdemexico.com\/wp-content\/uploads\/banner-categorias-micrometros-analogos-de-exteriores.png","datePublished":"2025-05-07T20:07:44+00:00","dateModified":"2025-05-07T22:46:59+00:00","breadcrumb":{"@id":"https:\/\/techmasterdemexico.com\/promociones\/promocion-de-verano-micrometros-analogos-de-exteriores\/#breadcrumb"},"inLanguage":"en-US","potentialAction":[{"@type":"ReadAction","target":["https:\/\/techmasterdemexico.com\/promociones\/promocion-de-verano-micrometros-analogos-de-exteriores\/"]}]},{"@type":"ImageObject","inLanguage":"en-US","@id":"https:\/\/techmasterdemexico.com\/promociones\/promocion-de-verano-micrometros-analogos-de-exteriores\/#primaryimage","url":"http:\/\/techmasterdemexico.com\/wp-content\/uploads\/banner-categorias-micrometros-analogos-de-exteriores.png","contentUrl":"http:\/\/techmasterdemexico.com\/wp-content\/uploads\/banner-categorias-micrometros-analogos-de-exteriores.png"},{"@type":"BreadcrumbList","@id":"https:\/\/techmasterdemexico.com\/promociones\/promocion-de-verano-micrometros-analogos-de-exteriores\/#breadcrumb","itemListElement":[{"@type":"ListItem","position":1,"name":"Portada","item":"https:\/\/techmasterdemexico.com\/"},{"@type":"ListItem","position":2,"name":"Promociones","item":"https:\/\/techmasterdemexico.com\/promociones\/"},{"@type":"ListItem","position":3,"name":"Promocion de verano Micr\u00f3metros an\u00e1logos de exteriores"}]},{"@type":"WebSite","@id":"https:\/\/techmasterdemexico.com\/#website","url":"https:\/\/techmasterdemexico.com\/","name":"Techmaster de Mexico","description":"","potentialAction":[{"@type":"SearchAction","target":{"@type":"EntryPoint","urlTemplate":"https:\/\/techmasterdemexico.com\/?s={search_term_string}"},"query-input":{"@type":"PropertyValueSpecification","valueRequired":true,"valueName":"search_term_string"}}],"inLanguage":"en-US"}]}},"_links":{"self":[{"href":"https:\/\/techmasterdemexico.com\/en\/wp-json\/wp\/v2\/pages\/22754","targetHints":{"allow":["GET"]}}],"collection":[{"href":"https:\/\/techmasterdemexico.com\/en\/wp-json\/wp\/v2\/pages"}],"about":[{"href":"https:\/\/techmasterdemexico.com\/en\/wp-json\/wp\/v2\/types\/page"}],"author":[{"embeddable":true,"href":"https:\/\/techmasterdemexico.com\/en\/wp-json\/wp\/v2\/users\/1"}],"replies":[{"embeddable":true,"href":"https:\/\/techmasterdemexico.com\/en\/wp-json\/wp\/v2\/comments?post=22754"}],"version-history":[{"count":1,"href":"https:\/\/techmasterdemexico.com\/en\/wp-json\/wp\/v2\/pages\/22754\/revisions"}],"predecessor-version":[{"id":22758,"href":"https:\/\/techmasterdemexico.com\/en\/wp-json\/wp\/v2\/pages\/22754\/revisions\/22758"}],"up":[{"embeddable":true,"href":"https:\/\/techmasterdemexico.com\/en\/wp-json\/wp\/v2\/pages\/7972"}],"wp:attachment":[{"href":"https:\/\/techmasterdemexico.com\/en\/wp-json\/wp\/v2\/media?parent=22754"}],"curies":[{"name":"wp","href":"https:\/\/api.w.org\/{rel}","templated":true}]}}