{"id":22735,"date":"2025-05-07T11:27:41","date_gmt":"2025-05-07T18:27:41","guid":{"rendered":"https:\/\/techmasterdemexico.com\/?page_id=22735"},"modified":"2025-05-09T15:45:15","modified_gmt":"2025-05-09T22:45:15","slug":"promocion-de-primavera-medidor-de-altura-vernier","status":"publish","type":"page","link":"https:\/\/techmasterdemexico.com\/en\/promociones\/promocion-de-primavera-medidor-de-altura-vernier\/","title":{"rendered":"Promocion de primavera Medidor de altura vernier"},"content":{"rendered":"<p>&nbsp;<\/p>\n<div style=\"margin: auto;\">\n<h1 style=\"text-align: center;\"><\/h1>\n<p><img decoding=\"async\" class=\"aligncenter img-fluid\" style=\"margin-bottom: 50px; width: 100%;\" src=\"http:\/\/techmasterdemexico.com\/wp-content\/uploads\/banner-categorias-medidores-de-altura-vernier.png\" \/><\/p>\n<div style=\"width: 100%; margin: auto;\">\n<p class=\"mb-4\" style=\"text-align: center; font-size: 30px;\">Aprovecha la promoci\u00f3n de primavera de Mitutoyo<\/p>\n<h1 style=\"text-align: center;\"><strong><i>Medidor de altura vernier<\/i><\/strong><\/h1>\n<p>&nbsp;<\/p>\n<div class=\"container\">\n<div class=\"row\">\n<div class=\"col-lg-12 text-center\">\n<h3><i>Exactitud y durabilidad para tus mediciones m\u00e1s exigentes<\/i><\/h3>\n<p style=\"text-align: left;\" class=\"mb-0\"><i class=\"fa fa-check\" aria-hidden=\"true\" style=\"color: #F87601;\"><\/i> Dise\u00f1o ergon\u00f3mico que se adapta c\u00f3modamente a la mano y se desliza suavemente sobre la superficie de referencia.<\/p>\n<p style=\"text-align: left;\" class=\"mb-0\"><i class=\"fa fa-check\" aria-hidden=\"true\" style=\"color: #F87601;\"><\/i> Escala principal con grabados de gran tama\u00f1o para una lectura clara.<\/p>\n<p style=\"text-align: left;\" class=\"mb-0\"><i class=\"fa fa-check\" aria-hidden=\"true\" style=\"color: #F87601;\"><\/i> Perillas de bloqueo y sujetadores de ajuste fino para sujeci\u00f3n firme y segura.<\/p>\n<p class=\"mb-5\" style=\"color: #F87601;\"><i>Exactitud milim\u00e9trica y ajuste fino para posicionamiento<\/i><\/p>\n<\/div>\n<div class=\"col-lg-12 text-center\">\n<img decoding=\"async\" class=\"img-fuild mb-4\" src=\"http:\/\/techmasterdemexico.com\/wp-content\/uploads\/medidores-de-altura-vernier.png\"><br \/>\n<img decoding=\"async\" class=\"img-fuild mb-4\" src=\"http:\/\/techmasterdemexico.com\/wp-content\/uploads\/Precios_medidores-de-altura-vernier.png\"><br \/>\n<img decoding=\"async\" class=\"img-fuild mb-4\" src=\"http:\/\/techmasterdemexico.com\/wp-content\/uploads\/Medidor-de-altura.png\">\n<\/div>\n<\/div>\n<\/div>\n<\/div>\n<style>\np{\nfont-size: 19px;\n}\n<\/style>\n","protected":false},"excerpt":{"rendered":"<p>&nbsp; Aprovecha la promoci\u00f3n de primavera de Mitutoyo Medidor de altura vernier &nbsp; Exactitud y durabilidad para tus mediciones m\u00e1s exigentes Dise\u00f1o ergon\u00f3mico que se adapta c\u00f3modamente a la mano y se desliza suavemente sobre la superficie de referencia. Escala principal con grabados de gran tama\u00f1o para una lectura clara. Perillas de bloqueo y sujetadores [&hellip;]<\/p>\n","protected":false},"author":1,"featured_media":0,"parent":7972,"menu_order":0,"comment_status":"closed","ping_status":"closed","template":"template-nosidebar.php","meta":{"_acf_changed":false,"footnotes":""},"class_list":["post-22735","page","type-page","status-publish","hentry"],"acf":[],"yoast_head":"<!-- This site is optimized with the Yoast SEO plugin v27.3 - https:\/\/yoast.com\/product\/yoast-seo-wordpress\/ -->\n<title>Promocion de primavera Medidor de altura vernier - Techmaster de Mexico<\/title>\n<meta name=\"robots\" content=\"index, follow, max-snippet:-1, max-image-preview:large, max-video-preview:-1\" \/>\n<link rel=\"canonical\" href=\"https:\/\/techmasterdemexico.com\/promociones\/promocion-de-primavera-medidor-de-altura-vernier\/\" \/>\n<meta property=\"og:locale\" content=\"en_US\" \/>\n<meta property=\"og:type\" content=\"article\" \/>\n<meta property=\"og:title\" content=\"Promocion de primavera Medidor de altura vernier - Techmaster de Mexico\" \/>\n<meta property=\"og:description\" content=\"&nbsp; Aprovecha la promoci\u00f3n de primavera de Mitutoyo Medidor de altura vernier &nbsp; Exactitud y durabilidad para tus mediciones m\u00e1s exigentes Dise\u00f1o ergon\u00f3mico que se adapta c\u00f3modamente a la mano y se desliza suavemente sobre la superficie de referencia. Escala principal con grabados de gran tama\u00f1o para una lectura clara. Perillas de bloqueo y sujetadores [&hellip;]\" \/>\n<meta property=\"og:url\" content=\"https:\/\/techmasterdemexico.com\/promociones\/promocion-de-primavera-medidor-de-altura-vernier\/\" \/>\n<meta property=\"og:site_name\" content=\"Techmaster de Mexico\" \/>\n<meta property=\"article:modified_time\" content=\"2025-05-09T22:45:15+00:00\" \/>\n<meta property=\"og:image\" content=\"http:\/\/techmasterdemexico.com\/wp-content\/uploads\/banner-categorias-medidores-de-altura-vernier.png\" \/>\n<meta name=\"twitter:card\" content=\"summary_large_image\" \/>\n<meta name=\"twitter:label1\" content=\"Est. reading time\" \/>\n\t<meta name=\"twitter:data1\" content=\"2 minutes\" \/>\n<script type=\"application\/ld+json\" class=\"yoast-schema-graph\">{\"@context\":\"https:\\\/\\\/schema.org\",\"@graph\":[{\"@type\":\"WebPage\",\"@id\":\"https:\\\/\\\/techmasterdemexico.com\\\/promociones\\\/promocion-de-primavera-medidor-de-altura-vernier\\\/\",\"url\":\"https:\\\/\\\/techmasterdemexico.com\\\/promociones\\\/promocion-de-primavera-medidor-de-altura-vernier\\\/\",\"name\":\"Promocion de primavera Medidor de altura vernier - Techmaster de Mexico\",\"isPartOf\":{\"@id\":\"https:\\\/\\\/techmasterdemexico.com\\\/#website\"},\"primaryImageOfPage\":{\"@id\":\"https:\\\/\\\/techmasterdemexico.com\\\/promociones\\\/promocion-de-primavera-medidor-de-altura-vernier\\\/#primaryimage\"},\"image\":{\"@id\":\"https:\\\/\\\/techmasterdemexico.com\\\/promociones\\\/promocion-de-primavera-medidor-de-altura-vernier\\\/#primaryimage\"},\"thumbnailUrl\":\"http:\\\/\\\/techmasterdemexico.com\\\/wp-content\\\/uploads\\\/banner-categorias-medidores-de-altura-vernier.png\",\"datePublished\":\"2025-05-07T18:27:41+00:00\",\"dateModified\":\"2025-05-09T22:45:15+00:00\",\"breadcrumb\":{\"@id\":\"https:\\\/\\\/techmasterdemexico.com\\\/promociones\\\/promocion-de-primavera-medidor-de-altura-vernier\\\/#breadcrumb\"},\"inLanguage\":\"en-US\",\"potentialAction\":[{\"@type\":\"ReadAction\",\"target\":[\"https:\\\/\\\/techmasterdemexico.com\\\/promociones\\\/promocion-de-primavera-medidor-de-altura-vernier\\\/\"]}]},{\"@type\":\"ImageObject\",\"inLanguage\":\"en-US\",\"@id\":\"https:\\\/\\\/techmasterdemexico.com\\\/promociones\\\/promocion-de-primavera-medidor-de-altura-vernier\\\/#primaryimage\",\"url\":\"http:\\\/\\\/techmasterdemexico.com\\\/wp-content\\\/uploads\\\/banner-categorias-medidores-de-altura-vernier.png\",\"contentUrl\":\"http:\\\/\\\/techmasterdemexico.com\\\/wp-content\\\/uploads\\\/banner-categorias-medidores-de-altura-vernier.png\"},{\"@type\":\"BreadcrumbList\",\"@id\":\"https:\\\/\\\/techmasterdemexico.com\\\/promociones\\\/promocion-de-primavera-medidor-de-altura-vernier\\\/#breadcrumb\",\"itemListElement\":[{\"@type\":\"ListItem\",\"position\":1,\"name\":\"Portada\",\"item\":\"https:\\\/\\\/techmasterdemexico.com\\\/\"},{\"@type\":\"ListItem\",\"position\":2,\"name\":\"Promociones\",\"item\":\"https:\\\/\\\/techmasterdemexico.com\\\/promociones\\\/\"},{\"@type\":\"ListItem\",\"position\":3,\"name\":\"Promocion de primavera Medidor de altura vernier\"}]},{\"@type\":\"WebSite\",\"@id\":\"https:\\\/\\\/techmasterdemexico.com\\\/#website\",\"url\":\"https:\\\/\\\/techmasterdemexico.com\\\/\",\"name\":\"Techmaster de Mexico\",\"description\":\"\",\"potentialAction\":[{\"@type\":\"SearchAction\",\"target\":{\"@type\":\"EntryPoint\",\"urlTemplate\":\"https:\\\/\\\/techmasterdemexico.com\\\/?s={search_term_string}\"},\"query-input\":{\"@type\":\"PropertyValueSpecification\",\"valueRequired\":true,\"valueName\":\"search_term_string\"}}],\"inLanguage\":\"en-US\"}]}<\/script>\n<!-- \/ Yoast SEO plugin. -->","yoast_head_json":{"title":"Promocion de primavera Medidor de altura vernier - Techmaster de Mexico","robots":{"index":"index","follow":"follow","max-snippet":"max-snippet:-1","max-image-preview":"max-image-preview:large","max-video-preview":"max-video-preview:-1"},"canonical":"https:\/\/techmasterdemexico.com\/promociones\/promocion-de-primavera-medidor-de-altura-vernier\/","og_locale":"en_US","og_type":"article","og_title":"Promocion de primavera Medidor de altura vernier - Techmaster de Mexico","og_description":"&nbsp; Aprovecha la promoci\u00f3n de primavera de Mitutoyo Medidor de altura vernier &nbsp; Exactitud y durabilidad para tus mediciones m\u00e1s exigentes Dise\u00f1o ergon\u00f3mico que se adapta c\u00f3modamente a la mano y se desliza suavemente sobre la superficie de referencia. Escala principal con grabados de gran tama\u00f1o para una lectura clara. Perillas de bloqueo y sujetadores [&hellip;]","og_url":"https:\/\/techmasterdemexico.com\/promociones\/promocion-de-primavera-medidor-de-altura-vernier\/","og_site_name":"Techmaster de Mexico","article_modified_time":"2025-05-09T22:45:15+00:00","og_image":[{"url":"http:\/\/techmasterdemexico.com\/wp-content\/uploads\/banner-categorias-medidores-de-altura-vernier.png","type":"","width":"","height":""}],"twitter_card":"summary_large_image","twitter_misc":{"Est. reading time":"2 minutes"},"schema":{"@context":"https:\/\/schema.org","@graph":[{"@type":"WebPage","@id":"https:\/\/techmasterdemexico.com\/promociones\/promocion-de-primavera-medidor-de-altura-vernier\/","url":"https:\/\/techmasterdemexico.com\/promociones\/promocion-de-primavera-medidor-de-altura-vernier\/","name":"Promocion de primavera Medidor de altura vernier - Techmaster de Mexico","isPartOf":{"@id":"https:\/\/techmasterdemexico.com\/#website"},"primaryImageOfPage":{"@id":"https:\/\/techmasterdemexico.com\/promociones\/promocion-de-primavera-medidor-de-altura-vernier\/#primaryimage"},"image":{"@id":"https:\/\/techmasterdemexico.com\/promociones\/promocion-de-primavera-medidor-de-altura-vernier\/#primaryimage"},"thumbnailUrl":"http:\/\/techmasterdemexico.com\/wp-content\/uploads\/banner-categorias-medidores-de-altura-vernier.png","datePublished":"2025-05-07T18:27:41+00:00","dateModified":"2025-05-09T22:45:15+00:00","breadcrumb":{"@id":"https:\/\/techmasterdemexico.com\/promociones\/promocion-de-primavera-medidor-de-altura-vernier\/#breadcrumb"},"inLanguage":"en-US","potentialAction":[{"@type":"ReadAction","target":["https:\/\/techmasterdemexico.com\/promociones\/promocion-de-primavera-medidor-de-altura-vernier\/"]}]},{"@type":"ImageObject","inLanguage":"en-US","@id":"https:\/\/techmasterdemexico.com\/promociones\/promocion-de-primavera-medidor-de-altura-vernier\/#primaryimage","url":"http:\/\/techmasterdemexico.com\/wp-content\/uploads\/banner-categorias-medidores-de-altura-vernier.png","contentUrl":"http:\/\/techmasterdemexico.com\/wp-content\/uploads\/banner-categorias-medidores-de-altura-vernier.png"},{"@type":"BreadcrumbList","@id":"https:\/\/techmasterdemexico.com\/promociones\/promocion-de-primavera-medidor-de-altura-vernier\/#breadcrumb","itemListElement":[{"@type":"ListItem","position":1,"name":"Portada","item":"https:\/\/techmasterdemexico.com\/"},{"@type":"ListItem","position":2,"name":"Promociones","item":"https:\/\/techmasterdemexico.com\/promociones\/"},{"@type":"ListItem","position":3,"name":"Promocion de primavera Medidor de altura vernier"}]},{"@type":"WebSite","@id":"https:\/\/techmasterdemexico.com\/#website","url":"https:\/\/techmasterdemexico.com\/","name":"Techmaster de Mexico","description":"","potentialAction":[{"@type":"SearchAction","target":{"@type":"EntryPoint","urlTemplate":"https:\/\/techmasterdemexico.com\/?s={search_term_string}"},"query-input":{"@type":"PropertyValueSpecification","valueRequired":true,"valueName":"search_term_string"}}],"inLanguage":"en-US"}]}},"_links":{"self":[{"href":"https:\/\/techmasterdemexico.com\/en\/wp-json\/wp\/v2\/pages\/22735","targetHints":{"allow":["GET"]}}],"collection":[{"href":"https:\/\/techmasterdemexico.com\/en\/wp-json\/wp\/v2\/pages"}],"about":[{"href":"https:\/\/techmasterdemexico.com\/en\/wp-json\/wp\/v2\/types\/page"}],"author":[{"embeddable":true,"href":"https:\/\/techmasterdemexico.com\/en\/wp-json\/wp\/v2\/users\/1"}],"replies":[{"embeddable":true,"href":"https:\/\/techmasterdemexico.com\/en\/wp-json\/wp\/v2\/comments?post=22735"}],"version-history":[{"count":2,"href":"https:\/\/techmasterdemexico.com\/en\/wp-json\/wp\/v2\/pages\/22735\/revisions"}],"predecessor-version":[{"id":22803,"href":"https:\/\/techmasterdemexico.com\/en\/wp-json\/wp\/v2\/pages\/22735\/revisions\/22803"}],"up":[{"embeddable":true,"href":"https:\/\/techmasterdemexico.com\/en\/wp-json\/wp\/v2\/pages\/7972"}],"wp:attachment":[{"href":"https:\/\/techmasterdemexico.com\/en\/wp-json\/wp\/v2\/media?parent=22735"}],"curies":[{"name":"wp","href":"https:\/\/api.w.org\/{rel}","templated":true}]}}